

{"id":18669,"date":"2025-12-15T09:13:34","date_gmt":"2025-12-15T09:13:34","guid":{"rendered":"https:\/\/vapemaison.com\/?post_type=product&#038;p=18669"},"modified":"2025-12-20T09:20:25","modified_gmt":"2025-12-20T09:20:25","slug":"40k-puffs-vozol-rave-sabor-fresa-kiwi-led-vape-recargable","status":"publish","type":"product","link":"https:\/\/vapemaison.com\/es\/product\/40k-puffs-vozol-rave-strawberry-kiwi-flavor-led-rechargeable-vape\/","title":{"rendered":"40k Puffs VOZOL RAVE Sabor Fresa Kiwi LED | Vape Recargable"},"content":{"rendered":"<h2 class=\"wp-block-heading\">VOZOL RAVE 40000 Puffs Fresa Kiwi: El d\u00fao dulce y \u00e1cido perfecto<\/h2>\n\n\n\n<p>En <strong>VOZOL RAVE 40000 Puffs Vape Desechable<\/strong> en Fresa Kiwi proporciona un perfil maravillosamente equilibrado, combinando la dulzura familiar de la fresa con el toque picante del kiwi. Este dispositivo de alta gama ofrece un extraordinario <strong>Capacidad para 40000 soplidos<\/strong> y cuenta con el muy visible <strong>Espect\u00e1culo de luces LED de 270<\/strong>. El VOZOL RAVE es lo \u00faltimo <strong>Vape recargable<\/strong> para vapeadores que buscan un sabor afrutado brillante, complejo y fiable con una resistencia inigualable.<\/p>\n\n\n\n<h4 class=\"wp-block-heading\">Fest\u00edn de sabores: Descubra su favorito<\/h4>\n\n\n\n<h2 class=\"wp-block-heading\">Fresa Kiwi: Armon\u00eda dulce y picante<\/h2>\n\n\n\n<p>Fresa Kiwi es una combinaci\u00f3n de sabores muy popular que logra una armon\u00eda perfecta. El <strong>notas brillantes y dulces de fresa<\/strong> encabezan el perfil, al que sigue inmediatamente el <strong>ex\u00f3tico, ligeramente \u00e1cido y jugoso sabor a kiwi<\/strong>. La mezcla es incre\u00edblemente refrescante y proporciona una experiencia frutal en capas que es a la vez sencilla y sofisticada.<\/p>\n\n\n\n<ul class=\"wp-block-list\">\n<li>Hielo Razz Azul<\/li>\n\n\n\n<li>Hielo de ar\u00e1ndanos<\/li>\n\n\n\n<li>Sand\u00eda con ar\u00e1ndanos<\/li>\n\n\n\n<li>Fresa cereza<\/li>\n\n\n\n<li>Menta fresca<\/li>\n\n\n\n<li>Manzana doble<\/li>\n\n\n\n<li>Hielo de uva<\/li>\n\n\n\n<li>Amor 777<\/li>\n\n\n\n<li>Mango Ice<\/li>\n\n\n\n<li>Mango Melocot\u00f3n<\/li>\n\n\n\n<li>Melocot\u00f3n helado<\/li>\n\n\n\n<li>Limonada de frambuesa y melocot\u00f3n<\/li>\n\n\n\n<li>Fresa helada<\/li>\n\n\n\n<li><strong>Fresa Kiwi:<\/strong> Un vibrante maridaje de dulces fresas de jard\u00edn y la c\u00e1scara ligeramente \u00e1cida y refrescante del kiwi.<\/li>\n\n\n\n<li>Fresa Mango<\/li>\n\n\n\n<li>Sand\u00eda con fresa<\/li>\n\n\n\n<li>Sand\u00eda Melocot\u00f3n<\/li>\n\n\n\n<li>Sand\u00eda Chicle<\/li>\n\n\n\n<li>Hielo de sand\u00eda<\/li>\n\n\n\n<li>Sand\u00eda Razz Rancher<\/li>\n<\/ul>\n\n\n\n<h4 class=\"wp-block-heading\">Especificaciones t\u00e9cnicas y dise\u00f1o<\/h4>\n\n\n\n<h2 class=\"wp-block-heading\">VOZOL RAVE 40000 Especificaciones t\u00e9cnicas e innovaci\u00f3n<\/h2>\n\n\n\n<p>El VOZOL RAVE 40000 est\u00e1 fabricado con la tecnolog\u00eda m\u00e1s avanzada para garantizar una experiencia de primera en cada calada.<\/p>\n\n\n\n<ul class=\"wp-block-list\">\n<li><strong>Max Puffs:<\/strong> Aprox. <strong>40000 Puffs<\/strong><\/li>\n\n\n\n<li><strong>Capacidad de e-l\u00edquido:<\/strong> 20 ml<\/li>\n\n\n\n<li><strong>Bater\u00eda:<\/strong> 1000 mAh <strong>Recargable<\/strong><\/li>\n\n\n\n<li><strong>Potencia de nicotina:<\/strong> 5% (50mg\/ml) Nicotina salada<\/li>\n\n\n\n<li><strong>Sistema de bobinas:<\/strong> <strong>Bobina de malla doble<\/strong> con S.i.L.C. Tech<\/li>\n\n\n\n<li><strong>Cargando:<\/strong> Puerto USB tipo C (carga r\u00e1pida)<\/li>\n\n\n\n<li><strong>Reportaje especial:<\/strong> <strong>Pantalla LED con detecci\u00f3n de latido de 270<\/strong><\/li>\n\n\n\n<li><strong>Activaci\u00f3n:<\/strong> Activado por dibujo<\/li>\n<\/ul>\n\n\n\n<p>El sofisticado <strong>Bobina de malla doble<\/strong> est\u00e1 dise\u00f1ado para captar los distintos perfiles de sabor de la fresa y el kiwi, garantizando que el equilibrio entre dulce y \u00e1cido se mantenga impecablemente en todo el producto. <strong>40000 Puffs Vape desechable<\/strong> vida \u00fatil, proporcionando un vapor denso y sabroso.<\/p>\n\n\n\n<h4 class=\"wp-block-heading\">Razones para comprar ahora<\/h4>\n\n\n\n<h2 class=\"wp-block-heading\">Alerta de existencias limitadas: \u00a1Consigue tu VOZOL RAVE de fresa y kiwi!<\/h2>\n\n\n\n<p>El VOZOL RAVE 40000 est\u00e1 dominando el mercado por su innovador <strong>40000 Puffs Vape desechable<\/strong> recuento y rendimiento. La popular mezcla de fresa y kiwi est\u00e1 muy solicitada. <strong>El inventario actual se est\u00e1 moviendo r\u00e1pido, \u00a1consiga el suyo hoy mismo!<\/strong><\/p>\n\n\n\n<p><strong>Act\u00fae r\u00e1pido:<\/strong> Aseg\u00farese ahora su VOZOL RAVE 40000 y disfrute de una experiencia de sabor premium y duradera con un dise\u00f1o \u00fanico y elegante. <strong>No te pierdas este popular vape VOZOL, \u00a1haz tu pedido inmediatamente!<\/strong><\/p>","protected":false},"excerpt":{"rendered":"<p>VOZOL RAVE 40000 Puffs Strawberry Kiwi: The Perfect Sweet &amp; Tart Duo The VOZOL RAVE 40000 Puffs Disposable Vape in Strawberry Kiwi provides a beautifully balanced profile, pairing the familiar sweetness of strawberry with the zesty kick of kiwi. This high-end device offers an extraordinary 40000 puff capacity and features the highly visible 270\u00b0 LED [&hellip;]<\/p>\n","protected":false},"featured_media":19292,"comment_status":"open","ping_status":"closed","template":"","meta":[],"product_brand":[178],"product_cat":[135],"product_tag":[],"class_list":{"0":"post-18669","1":"product","2":"type-product","3":"status-publish","4":"has-post-thumbnail","6":"product_brand-vozol","7":"product_cat-40k-puffs","9":"first","10":"instock","11":"sale","12":"shipping-taxable","13":"purchasable","14":"product-type-variable"},"yoast_head":"<!-- This site is optimized with the Yoast SEO plugin v27.4 - https:\/\/yoast.com\/product\/yoast-seo-wordpress\/ -->\n<title>40000 Puffs Disposable Vape | VOZOL RAVE Strawberry Kiwi Flavor LED | Rechargeable Vape<\/title>\n<meta name=\"description\" content=\"Experience the dynamic duo of Strawberry Kiwi with the VOZOL RAVE 40000. A perfect balance of sweet and tart, delivered over 40000 puffs, featuring a 20ml capacity and the vibrant 270\u00b0 Beat-Sensing LED Light. Get this premium VOZOL vapes device today for a fresh, long-lasting flavor journey!\" \/>\n<meta name=\"robots\" content=\"index, follow, max-snippet:-1, max-image-preview:large, max-video-preview:-1\" \/>\n<link rel=\"canonical\" href=\"https:\/\/vapemaison.com\/es\/producto\/40k-puffs-vozol-rave-sabor-fresa-kiwi-led-vape-recargable\/\" \/>\n<meta property=\"og:locale\" content=\"es_ES\" \/>\n<meta property=\"og:type\" content=\"article\" \/>\n<meta property=\"og:title\" content=\"40000 Puffs Disposable Vape | VOZOL RAVE Strawberry Kiwi Flavor LED | Rechargeable Vape\" \/>\n<meta property=\"og:description\" content=\"Experience the dynamic duo of Strawberry Kiwi with the VOZOL RAVE 40000. A perfect balance of sweet and tart, delivered over 40000 puffs, featuring a 20ml capacity and the vibrant 270\u00b0 Beat-Sensing LED Light. Get this premium VOZOL vapes device today for a fresh, long-lasting flavor journey!\" \/>\n<meta property=\"og:url\" content=\"https:\/\/vapemaison.com\/es\/producto\/40k-puffs-vozol-rave-sabor-fresa-kiwi-led-vape-recargable\/\" \/>\n<meta property=\"og:site_name\" content=\"VapeMaison\" \/>\n<meta property=\"article:modified_time\" content=\"2025-12-20T09:20:25+00:00\" \/>\n<meta property=\"og:image\" content=\"https:\/\/vapemaison.com\/wp-content\/uploads\/2025\/12\/vozol-rave-40000-Grape-Ice-3-768x768-1.webp\" \/>\n\t<meta property=\"og:image:width\" content=\"768\" \/>\n\t<meta property=\"og:image:height\" content=\"768\" \/>\n\t<meta property=\"og:image:type\" content=\"image\/webp\" \/>\n<meta name=\"twitter:card\" content=\"summary_large_image\" \/>\n<meta name=\"twitter:label1\" content=\"Tiempo de lectura\" \/>\n\t<meta name=\"twitter:data1\" content=\"2 minutos\" \/>\n<!-- \/ Yoast SEO plugin. -->","yoast_head_json":{"title":"40000 Puffs Vape Desechable | VOZOL RAVE Sabor Fresa Kiwi LED | Vape Recargable","description":"Experimenta el d\u00fao din\u00e1mico de la fresa y el kiwi con el VOZOL RAVE 40000. Un equilibrio perfecto entre dulce y \u00e1cido, con m\u00e1s de 40000 caladas, 20ml de capacidad y una vibrante luz LED de 270\u00b0. \u00a1Obtenga este dispositivo VOZOL vapes premium hoy para un viaje de sabor fresco y duradero!","robots":{"index":"index","follow":"follow","max-snippet":"max-snippet:-1","max-image-preview":"max-image-preview:large","max-video-preview":"max-video-preview:-1"},"canonical":"https:\/\/vapemaison.com\/es\/producto\/40k-puffs-vozol-rave-sabor-fresa-kiwi-led-vape-recargable\/","og_locale":"es_ES","og_type":"article","og_title":"40000 Puffs Disposable Vape | VOZOL RAVE Strawberry Kiwi Flavor LED | Rechargeable Vape","og_description":"Experience the dynamic duo of Strawberry Kiwi with the VOZOL RAVE 40000. A perfect balance of sweet and tart, delivered over 40000 puffs, featuring a 20ml capacity and the vibrant 270\u00b0 Beat-Sensing LED Light. Get this premium VOZOL vapes device today for a fresh, long-lasting flavor journey!","og_url":"https:\/\/vapemaison.com\/es\/producto\/40k-puffs-vozol-rave-sabor-fresa-kiwi-led-vape-recargable\/","og_site_name":"VapeMaison","article_modified_time":"2025-12-20T09:20:25+00:00","og_image":[{"width":768,"height":768,"url":"https:\/\/vapemaison.com\/wp-content\/uploads\/2025\/12\/vozol-rave-40000-Grape-Ice-3-768x768-1.webp","type":"image\/webp"}],"twitter_card":"summary_large_image","twitter_misc":{"Tiempo de lectura":"2 minutos"},"schema":{"@context":"https:\/\/schema.org","@graph":[{"@type":"WebPage","@id":"https:\/\/vapemaison.com\/product\/40k-puffs-vozol-rave-strawberry-kiwi-flavor-led-rechargeable-vape\/","url":"https:\/\/vapemaison.com\/product\/40k-puffs-vozol-rave-strawberry-kiwi-flavor-led-rechargeable-vape\/","name":"40000 Puffs Vape Desechable | VOZOL RAVE Sabor Fresa Kiwi LED | Vape Recargable","isPartOf":{"@id":"https:\/\/vapemaison.com\/#website"},"primaryImageOfPage":{"@id":"https:\/\/vapemaison.com\/product\/40k-puffs-vozol-rave-strawberry-kiwi-flavor-led-rechargeable-vape\/#primaryimage"},"image":{"@id":"https:\/\/vapemaison.com\/product\/40k-puffs-vozol-rave-strawberry-kiwi-flavor-led-rechargeable-vape\/#primaryimage"},"thumbnailUrl":"https:\/\/vapemaison.com\/wp-content\/uploads\/2025\/12\/vozol-rave-40000-Grape-Ice-3-768x768-1.webp","datePublished":"2025-12-15T09:13:34+00:00","dateModified":"2025-12-20T09:20:25+00:00","description":"Experimenta el d\u00fao din\u00e1mico de la fresa y el kiwi con el VOZOL RAVE 40000. Un equilibrio perfecto entre dulce y \u00e1cido, con m\u00e1s de 40000 caladas, 20ml de capacidad y una vibrante luz LED de 270\u00b0. \u00a1Obtenga este dispositivo VOZOL vapes premium hoy para un viaje de sabor fresco y duradero!","breadcrumb":{"@id":"https:\/\/vapemaison.com\/product\/40k-puffs-vozol-rave-strawberry-kiwi-flavor-led-rechargeable-vape\/#breadcrumb"},"inLanguage":"es","potentialAction":[{"@type":"ReadAction","target":["https:\/\/vapemaison.com\/product\/40k-puffs-vozol-rave-strawberry-kiwi-flavor-led-rechargeable-vape\/"]}]},{"@type":"ImageObject","inLanguage":"es","@id":"https:\/\/vapemaison.com\/product\/40k-puffs-vozol-rave-strawberry-kiwi-flavor-led-rechargeable-vape\/#primaryimage","url":"https:\/\/vapemaison.com\/wp-content\/uploads\/2025\/12\/vozol-rave-40000-Grape-Ice-3-768x768-1.webp","contentUrl":"https:\/\/vapemaison.com\/wp-content\/uploads\/2025\/12\/vozol-rave-40000-Grape-Ice-3-768x768-1.webp","width":768,"height":768,"caption":"Vozol Rave Grape Ice 3 768x768 Disposable Vape Device"},{"@type":"BreadcrumbList","@id":"https:\/\/vapemaison.com\/product\/40k-puffs-vozol-rave-strawberry-kiwi-flavor-led-rechargeable-vape\/#breadcrumb","itemListElement":[{"@type":"ListItem","position":1,"name":"\u9996\u9875","item":"https:\/\/vapemaison.com\/"},{"@type":"ListItem","position":2,"name":"Shop","item":"https:\/\/vapemaison.com\/shop\/"},{"@type":"ListItem","position":3,"name":"Vozol","item":"https:\/\/vapemaison.com\/brand\/vozol\/"},{"@type":"ListItem","position":4,"name":"40k Puffs VOZOL RAVE Strawberry Kiwi Flavor LED | Rechargeable Vape"}]},{"@type":"WebSite","@id":"https:\/\/vapemaison.com\/#website","url":"https:\/\/vapemaison.com\/","name":"VapeMaison","description":"Dispositivos y accesorios premium para vapear","publisher":{"@id":"https:\/\/vapemaison.com\/#organization"},"potentialAction":[{"@type":"SearchAction","target":{"@type":"EntryPoint","urlTemplate":"https:\/\/vapemaison.com\/?s={search_term_string}"},"query-input":{"@type":"PropertyValueSpecification","valueRequired":true,"valueName":"search_term_string"}}],"inLanguage":"es"},{"@type":"Organization","@id":"https:\/\/vapemaison.com\/#organization","name":"VapeMaison","url":"https:\/\/vapemaison.com\/","logo":{"@type":"ImageObject","inLanguage":"es","@id":"https:\/\/vapemaison.com\/#\/schema\/logo\/image\/","url":"https:\/\/vapemaison.com\/wp-content\/uploads\/2026\/01\/cropped-vapemaison-logo-g-2026.webp","contentUrl":"https:\/\/vapemaison.com\/wp-content\/uploads\/2026\/01\/cropped-vapemaison-logo-g-2026.webp","width":350,"height":280,"caption":"VapeMaison"},"image":{"@id":"https:\/\/vapemaison.com\/#\/schema\/logo\/image\/"},"sameAs":["https:\/\/www.youtube.com\/@VapeMaison"]}]}},"tiered_pricing_type":"fixed","tiered_pricing_fixed_rules":{"30":"12.24","50":"11.63","100":"10.86","200":"9.98"},"tiered_pricing_product_settings":{"layout":"default","base_unit_name":{"singular":null,"plural":null},"default_variation":null},"tiered_pricing_minimum_quantity":10,"tiered_pricing_roles_data":[],"tiered_pricing_percentage_rules":[],"tiered_pricing_maximum_quantity":null,"tiered_pricing_quantity_step":"10","_links":{"self":[{"href":"https:\/\/vapemaison.com\/es\/wp-json\/wp\/v2\/product\/18669","targetHints":{"allow":["GET"]}}],"collection":[{"href":"https:\/\/vapemaison.com\/es\/wp-json\/wp\/v2\/product"}],"about":[{"href":"https:\/\/vapemaison.com\/es\/wp-json\/wp\/v2\/types\/product"}],"replies":[{"embeddable":true,"href":"https:\/\/vapemaison.com\/es\/wp-json\/wp\/v2\/comments?post=18669"}],"version-history":[{"count":0,"href":"https:\/\/vapemaison.com\/es\/wp-json\/wp\/v2\/product\/18669\/revisions"}],"wp:featuredmedia":[{"embeddable":true,"href":"https:\/\/vapemaison.com\/es\/wp-json\/wp\/v2\/media\/19292"}],"wp:attachment":[{"href":"https:\/\/vapemaison.com\/es\/wp-json\/wp\/v2\/media?parent=18669"}],"wp:term":[{"taxonomy":"product_brand","embeddable":true,"href":"https:\/\/vapemaison.com\/es\/wp-json\/wp\/v2\/product_brand?post=18669"},{"taxonomy":"product_cat","embeddable":true,"href":"https:\/\/vapemaison.com\/es\/wp-json\/wp\/v2\/product_cat?post=18669"},{"taxonomy":"product_tag","embeddable":true,"href":"https:\/\/vapemaison.com\/es\/wp-json\/wp\/v2\/product_tag?post=18669"}],"curies":[{"name":"wp","href":"https:\/\/api.w.org\/{rel}","templated":true}]}}