

{"id":18784,"date":"2025-12-16T07:02:37","date_gmt":"2025-12-16T07:02:37","guid":{"rendered":"https:\/\/vapemaison.com\/?post_type=product&#038;p=18784"},"modified":"2026-05-14T03:28:26","modified_gmt":"2026-05-14T03:28:26","slug":"humo-funda-iphone-13-pro-max-30000-puffs-vape-desechable","status":"publish","type":"product","link":"https:\/\/vapemaison.com\/es\/product\/humo-case-iphone-13-pro-max-30000-puffs-disposable-vape\/","title":{"rendered":"Humo Funda iPhone 13 Pro Max 30000 Puffs Vape Desechable"},"content":{"rendered":"<p><strong>HumoCase Ecig Funda para iPhone 13 Pro Max<\/strong><\/p>\n\n\n\n<p>El HumoCase combina la protecci\u00f3n del tel\u00e9fono y vaping en un dispositivo innovador, dise\u00f1ado espec\u00edficamente para <strong>iPhone 13 Pro Max<\/strong>usuarios. Funciona como una funda duradera para el tel\u00e9fono mientras alberga un vaporizador recargable, lo que le permite disfrutar de un vaporizado suave en cualquier momento sin necesidad de llevar dispositivos adicionales.<\/p>\n\n\n\n<p>Su dise\u00f1o compacto y ergon\u00f3mico se adapta de forma natural a la vida diaria. Tanto si est\u00e1s en el trabajo, en el gimnasio o saliendo, HumoCase es f\u00e1cil de transportar sin a\u00f1adir volumen. La bobina de malla avanzada incorporada garantiza caladas suaves y consistentes, y la bater\u00eda de larga duraci\u00f3n permite sesiones de vapeo prolongadas.<\/p>\n\n\n\n<p>HumoCase combina practicidad y tecnolog\u00eda, proporcionando <strong>iPhone 13 Pro Max<\/strong> una forma sencilla de proteger su tel\u00e9fono mientras disfrutan de una c\u00f3moda experiencia de vapeo.<\/p>\n\n\n\n<p><strong>Especificaciones<\/strong><\/p>\n\n\n\n<ul class=\"wp-block-list\">\n<li>Conteo de Puff: 30000<\/li>\n\n\n\n<li>Resistencia de la bobina: 1,2\u03a9<\/li>\n\n\n\n<li>Capacidad del E-l\u00edquido: 20ml<\/li>\n\n\n\n<li>Fuerza de la nicotina: 5%<\/li>\n<\/ul>\n\n\n\n<p><strong>Aviso de seguridad<\/strong><br>S\u00f3lo para uso de adultos (21+). Mantener fuera del alcance de los ni\u00f1os y animales dom\u00e9sticos. Contiene nicotina, una sustancia qu\u00edmica adictiva.<\/p>\n\n\n\n<p>Descubra las \u00faltimas innovaciones en vaporizaci\u00f3n port\u00e1til en <a href=\"https:\/\/vapemaison.com\/\">VapeMaison<\/a>, donde la comodidad se une al estilo. Consulte toda nuestra gama de productos en la <a href=\"https:\/\/vapemaison.com\/shop\/\">Tienda<\/a> incluida la popular <strong>Caso Humo<\/strong> por <a href=\"https:\/\/vapemaison.com\/brand\/humocase\/\"><\/a><a href=\"https:\/\/vapemaison.com\/brand\/humocase\/\">Humocase<\/a>, Una combinaci\u00f3n perfecta de dise\u00f1o elegante y experiencia de vapeo suave. Tanto si buscas un compa\u00f1ero inteligente para el d\u00eda a d\u00eda como ideas para regalar, encontrar\u00e1s algo que se adapte a tu estilo de vida.<\/p>","protected":false},"excerpt":{"rendered":"<p data-start=\"132\" data-end=\"389\">Dise\u00f1ado espec\u00edficamente para <strong data-start=\"158\" data-end=\"171\">iPhone 13 Pro Max<\/strong>, <strong data-start=\"173\" data-end=\"185\">HumoCase<\/strong> te permite proteger tu tel\u00e9fono y disfrutar de un vapeo suave en una elegante funda recargable. Sin dispositivos adicionales, sin volumen a\u00f1adido, solo una soluci\u00f3n limpia y c\u00f3moda para el d\u00eda a d\u00eda que se adapta de forma natural a tu rutina.<\/p>\n<p data-start=\"396\" data-end=\"503\">Si valora la comodidad, el dise\u00f1o inteligente y el rendimiento fiable, HumoCase es una elecci\u00f3n f\u00e1cil para el uso diario.<\/p>","protected":false},"featured_media":9320,"comment_status":"open","ping_status":"closed","template":"","meta":[],"product_brand":[163],"product_cat":[134],"product_tag":[],"class_list":{"0":"post-18784","1":"product","2":"type-product","3":"status-publish","4":"has-post-thumbnail","6":"product_brand-humocase","7":"product_cat-30k-puffs","9":"first","10":"instock","11":"sale","12":"shipping-taxable","13":"purchasable","14":"product-type-variable"},"yoast_head":"<!-- This site is optimized with the Yoast SEO plugin v27.4 - https:\/\/yoast.com\/product\/yoast-seo-wordpress\/ -->\n<title>Humocase Blue Razz Ice Vape | Ecig Phone Case 2025<\/title>\n<meta name=\"description\" content=\"Innovative HumoCase phone case doubles as a vape for iPhone 13 series. Enjoy Blue Razz Ice flavor, smooth hits, and long-lasting battery anytime, anywhere.\" \/>\n<meta name=\"robots\" content=\"index, follow, max-snippet:-1, max-image-preview:large, max-video-preview:-1\" \/>\n<link rel=\"canonical\" href=\"https:\/\/vapemaison.com\/es\/producto\/humo-funda-iphone-13-pro-max-30000-puffs-vape-desechable\/\" \/>\n<meta property=\"og:locale\" content=\"es_ES\" \/>\n<meta property=\"og:type\" content=\"article\" \/>\n<meta property=\"og:title\" content=\"Humocase Blue Razz Ice Vape | Ecig Phone Case 2025\" \/>\n<meta property=\"og:description\" content=\"Innovative HumoCase phone case doubles as a vape for iPhone 13 series. Enjoy Blue Razz Ice flavor, smooth hits, and long-lasting battery anytime, anywhere.\" \/>\n<meta property=\"og:url\" content=\"https:\/\/vapemaison.com\/es\/producto\/humo-funda-iphone-13-pro-max-30000-puffs-vape-desechable\/\" \/>\n<meta property=\"og:site_name\" content=\"VapeMaison\" \/>\n<meta property=\"article:modified_time\" content=\"2026-05-14T03:28:26+00:00\" \/>\n<meta property=\"og:image\" content=\"https:\/\/vapemaison.com\/wp-content\/uploads\/2025\/10\/humocase-blue-razz-ice-white-background.webp\" \/>\n\t<meta property=\"og:image:width\" content=\"1800\" \/>\n\t<meta property=\"og:image:height\" content=\"1800\" \/>\n\t<meta property=\"og:image:type\" content=\"image\/webp\" \/>\n<meta name=\"twitter:card\" content=\"summary_large_image\" \/>\n<meta name=\"twitter:label1\" content=\"Tiempo de lectura\" \/>\n\t<meta name=\"twitter:data1\" content=\"2 minutos\" \/>\n<!-- \/ Yoast SEO plugin. -->","yoast_head_json":{"title":"Humocase Azul Razz Ice Vape | Ecig Funda para tel\u00e9fono 2025","description":"La innovadora funda HumoCase se convierte en un vaporizador para el iPhone serie 13. Disfruta del sabor Blue Razz Ice, de suaves caladas y de una bater\u00eda de larga duraci\u00f3n en cualquier momento y lugar.","robots":{"index":"index","follow":"follow","max-snippet":"max-snippet:-1","max-image-preview":"max-image-preview:large","max-video-preview":"max-video-preview:-1"},"canonical":"https:\/\/vapemaison.com\/es\/producto\/humo-funda-iphone-13-pro-max-30000-puffs-vape-desechable\/","og_locale":"es_ES","og_type":"article","og_title":"Humocase Blue Razz Ice Vape | Ecig Phone Case 2025","og_description":"Innovative HumoCase phone case doubles as a vape for iPhone 13 series. Enjoy Blue Razz Ice flavor, smooth hits, and long-lasting battery anytime, anywhere.","og_url":"https:\/\/vapemaison.com\/es\/producto\/humo-funda-iphone-13-pro-max-30000-puffs-vape-desechable\/","og_site_name":"VapeMaison","article_modified_time":"2026-05-14T03:28:26+00:00","og_image":[{"width":1800,"height":1800,"url":"https:\/\/vapemaison.com\/wp-content\/uploads\/2025\/10\/humocase-blue-razz-ice-white-background.webp","type":"image\/webp"}],"twitter_card":"summary_large_image","twitter_misc":{"Tiempo de lectura":"2 minutos"},"schema":{"@context":"https:\/\/schema.org","@graph":[{"@type":"WebPage","@id":"https:\/\/vapemaison.com\/product\/humo-case-iphone-13-pro-max-30000-puffs-disposable-vape\/","url":"https:\/\/vapemaison.com\/product\/humo-case-iphone-13-pro-max-30000-puffs-disposable-vape\/","name":"Humocase Azul Razz Ice Vape | Ecig Funda para tel\u00e9fono 2025","isPartOf":{"@id":"https:\/\/vapemaison.com\/#website"},"primaryImageOfPage":{"@id":"https:\/\/vapemaison.com\/product\/humo-case-iphone-13-pro-max-30000-puffs-disposable-vape\/#primaryimage"},"image":{"@id":"https:\/\/vapemaison.com\/product\/humo-case-iphone-13-pro-max-30000-puffs-disposable-vape\/#primaryimage"},"thumbnailUrl":"https:\/\/vapemaison.com\/wp-content\/uploads\/2025\/10\/humocase-blue-razz-ice-white-background.webp","datePublished":"2025-12-16T07:02:37+00:00","dateModified":"2026-05-14T03:28:26+00:00","description":"La innovadora funda HumoCase se convierte en un vaporizador para el iPhone serie 13. Disfruta del sabor Blue Razz Ice, de suaves caladas y de una bater\u00eda de larga duraci\u00f3n en cualquier momento y lugar.","breadcrumb":{"@id":"https:\/\/vapemaison.com\/product\/humo-case-iphone-13-pro-max-30000-puffs-disposable-vape\/#breadcrumb"},"inLanguage":"es","potentialAction":[{"@type":"ReadAction","target":["https:\/\/vapemaison.com\/product\/humo-case-iphone-13-pro-max-30000-puffs-disposable-vape\/"]}]},{"@type":"ImageObject","inLanguage":"es","@id":"https:\/\/vapemaison.com\/product\/humo-case-iphone-13-pro-max-30000-puffs-disposable-vape\/#primaryimage","url":"https:\/\/vapemaison.com\/wp-content\/uploads\/2025\/10\/humocase-blue-razz-ice-white-background.webp","contentUrl":"https:\/\/vapemaison.com\/wp-content\/uploads\/2025\/10\/humocase-blue-razz-ice-white-background.webp","width":1800,"height":1800,"caption":"Humocase Blue Razz Ice White Background Disposable Vape Device"},{"@type":"BreadcrumbList","@id":"https:\/\/vapemaison.com\/product\/humo-case-iphone-13-pro-max-30000-puffs-disposable-vape\/#breadcrumb","itemListElement":[{"@type":"ListItem","position":1,"name":"\u9996\u9875","item":"https:\/\/vapemaison.com\/"},{"@type":"ListItem","position":2,"name":"Shop","item":"https:\/\/vapemaison.com\/shop\/"},{"@type":"ListItem","position":3,"name":"HumoCase","item":"https:\/\/vapemaison.com\/brand\/humocase\/"},{"@type":"ListItem","position":4,"name":"Humo Case iPhone 13 Pro Max 30000 Puffs Disposable Vape"}]},{"@type":"WebSite","@id":"https:\/\/vapemaison.com\/#website","url":"https:\/\/vapemaison.com\/","name":"VapeMaison","description":"Dispositivos y accesorios premium para vapear","publisher":{"@id":"https:\/\/vapemaison.com\/#organization"},"potentialAction":[{"@type":"SearchAction","target":{"@type":"EntryPoint","urlTemplate":"https:\/\/vapemaison.com\/?s={search_term_string}"},"query-input":{"@type":"PropertyValueSpecification","valueRequired":true,"valueName":"search_term_string"}}],"inLanguage":"es"},{"@type":"Organization","@id":"https:\/\/vapemaison.com\/#organization","name":"VapeMaison","url":"https:\/\/vapemaison.com\/","logo":{"@type":"ImageObject","inLanguage":"es","@id":"https:\/\/vapemaison.com\/#\/schema\/logo\/image\/","url":"https:\/\/vapemaison.com\/wp-content\/uploads\/2026\/01\/cropped-vapemaison-logo-g-2026.webp","contentUrl":"https:\/\/vapemaison.com\/wp-content\/uploads\/2026\/01\/cropped-vapemaison-logo-g-2026.webp","width":350,"height":280,"caption":"VapeMaison"},"image":{"@id":"https:\/\/vapemaison.com\/#\/schema\/logo\/image\/"},"sameAs":["https:\/\/www.youtube.com\/@VapeMaison"]}]}},"tiered_pricing_type":"fixed","tiered_pricing_fixed_rules":{"30":"9.78","50":"8.44","100":"7.86","200":"6.25"},"tiered_pricing_product_settings":{"layout":"default","base_unit_name":{"singular":null,"plural":null},"default_variation":null},"tiered_pricing_minimum_quantity":5,"tiered_pricing_roles_data":[],"tiered_pricing_percentage_rules":[],"tiered_pricing_maximum_quantity":null,"tiered_pricing_quantity_step":"5","_links":{"self":[{"href":"https:\/\/vapemaison.com\/es\/wp-json\/wp\/v2\/product\/18784","targetHints":{"allow":["GET"]}}],"collection":[{"href":"https:\/\/vapemaison.com\/es\/wp-json\/wp\/v2\/product"}],"about":[{"href":"https:\/\/vapemaison.com\/es\/wp-json\/wp\/v2\/types\/product"}],"replies":[{"embeddable":true,"href":"https:\/\/vapemaison.com\/es\/wp-json\/wp\/v2\/comments?post=18784"}],"version-history":[{"count":1,"href":"https:\/\/vapemaison.com\/es\/wp-json\/wp\/v2\/product\/18784\/revisions"}],"predecessor-version":[{"id":27181,"href":"https:\/\/vapemaison.com\/es\/wp-json\/wp\/v2\/product\/18784\/revisions\/27181"}],"wp:featuredmedia":[{"embeddable":true,"href":"https:\/\/vapemaison.com\/es\/wp-json\/wp\/v2\/media\/9320"}],"wp:attachment":[{"href":"https:\/\/vapemaison.com\/es\/wp-json\/wp\/v2\/media?parent=18784"}],"wp:term":[{"taxonomy":"product_brand","embeddable":true,"href":"https:\/\/vapemaison.com\/es\/wp-json\/wp\/v2\/product_brand?post=18784"},{"taxonomy":"product_cat","embeddable":true,"href":"https:\/\/vapemaison.com\/es\/wp-json\/wp\/v2\/product_cat?post=18784"},{"taxonomy":"product_tag","embeddable":true,"href":"https:\/\/vapemaison.com\/es\/wp-json\/wp\/v2\/product_tag?post=18784"}],"curies":[{"name":"wp","href":"https:\/\/api.w.org\/{rel}","templated":true}]}}