

{"id":18980,"date":"2025-12-17T07:00:30","date_gmt":"2025-12-17T07:00:30","guid":{"rendered":"https:\/\/vapemaison.com\/?post_type=product&#038;p=18980"},"modified":"2026-01-09T08:34:11","modified_gmt":"2026-01-09T08:34:11","slug":"bang-leader-stoll-120k-vape-desechable-doble-sabor","status":"publish","type":"product","link":"https:\/\/vapemaison.com\/es\/product\/bang-leader-stoll-120k-disposable-vape-dual-flavor\/","title":{"rendered":"Bang Leader Stoll 120K Vape Desechable - Sabor Dual"},"content":{"rendered":"<p>En <strong>Bang Leader Stoll 120K Vape Desechable<\/strong> est\u00e1 dise\u00f1ado para los usuarios que desean la m\u00e1xima resistencia, un rendimiento fluido y una total libertad de sabor en un solo dispositivo. Con una capacidad ultra alta de <strong>hasta 120.000 caladas<\/strong>, Adem\u00e1s, ofrece satisfacci\u00f3n a largo plazo sin necesidad de sustituciones frecuentes, por lo que es ideal tanto para usuarios diarios como intensivos.<\/p>\n\n\n\n<p>Lo que realmente distingue al Stoll 120K es su <strong>Interruptor magn\u00e9tico de doble sabor<\/strong>. Con un simple deslizamiento, puede cambiar instant\u00e1neamente entre <strong>dos sabores diferentes<\/strong> en un solo dispositivo: sin cambios de c\u00e1psula ni interrupciones. Cada unidad viene equipada con <strong>vainas dobles precargadas<\/strong>, que le proporcionan variedad y control a lo largo del d\u00eda.<\/p>\n\n\n\n<p>Impulsado por un <strong>sistema avanzado de bobina de malla<\/strong>, Cada calada es suave, sabrosa y consistente desde la primera calada hasta la \u00faltima. El <strong>pantalla OLED inteligente<\/strong> mantiene todo claro de un vistazo, mostrando el nivel de la bater\u00eda, el estado del e-l\u00edquido y el canal de sabor activo, para que siempre tengas el control de tu sesi\u00f3n.<\/p>\n\n\n\n<p>Dise\u00f1ado pensando en la durabilidad, el Stoll 120K cuenta con un <strong>estructura antifugas mejorada<\/strong> para minimizar el desorden y los residuos. Su acabado mate ergon\u00f3mico ofrece un agarre c\u00f3modo y una sensaci\u00f3n premium y moderna. Con m\u00faltiples opciones de nicotina y una amplia gama de combinaciones de sabores, ofrece una experiencia de vapeo flexible y satisfactoria para diferentes preferencias.<\/p>\n\n\n\n<p>Tanto para uso personal como para exposici\u00f3n en tiendas, el Bang Leader Stoll 120K combina <strong>gran capacidad, innovaci\u00f3n de doble sabor y facilidad de uso<\/strong> en un potente vaporizador desechable.<\/p>\n\n\n\n<h3 class=\"wp-block-heading\"><strong>Aspectos m\u00e1s destacados<\/strong><\/h3>\n\n\n\n<ul class=\"wp-block-list\">\n<li>Hasta <strong>120.000 caladas<\/strong> para un uso ultralargo<\/li>\n\n\n\n<li><strong>Interruptor deslizante de doble sabor<\/strong> para cambios de sabor instant\u00e1neos<\/li>\n\n\n\n<li>Vapor suave y rico con tecnolog\u00eda avanzada de bobina de malla<\/li>\n\n\n\n<li>Pantalla OLED inteligente para controlar el estado en tiempo real<\/li>\n\n\n\n<li>Dise\u00f1o antifugas con acabado mate ergon\u00f3mico<\/li>\n\n\n\n<li>Disponible en <strong>Concentraciones de nicotina 2%, 3% y 5%<\/strong><\/li>\n\n\n\n<li><strong>12 combinaciones de dos sabores<\/strong> disponible<\/li>\n\n\n\n<li>Embalaje: <strong>10 unidades por caja<\/strong><\/li>\n<\/ul>\n\n\n\n<h3 class=\"wp-block-heading\"><strong>Combinaciones de sabores disponibles<\/strong><\/h3>\n\n\n\n<ul class=\"wp-block-list\">\n<li>Blue Razz &amp; Love 66<\/li>\n\n\n\n<li>Fresa Cereza y Kiwi Fruta de la Pasi\u00f3n Guayaba<\/li>\n\n\n\n<li>Chicle de sand\u00eda y frutas variadas<\/li>\n\n\n\n<li>Fiesta de fresas, pl\u00e1tanos y cerezas<\/li>\n\n\n\n<li>Sand\u00eda helada y melocot\u00f3n con mango<\/li>\n\n\n\n<li>Hielo de ar\u00e1ndanos y lim\u00f3n de frambuesa<\/li>\n\n\n\n<li>Red Energy &amp; Grape Ice<\/li>\n\n\n\n<li>Refresco de fresa, sand\u00eda y naranja<\/li>\n\n\n\n<li>Cola Ice &amp; Cherry Cranberry<\/li>\n\n\n\n<li>Hielo de ar\u00e1ndanos y grosella negra<\/li>\n\n\n\n<li>Mojito de frambuesa Hielo de melocot\u00f3n &amp; Lady Killer<\/li>\n\n\n\n<li>Hielo de sand\u00eda y Mamba de fresa<\/li>\n<\/ul>\n\n\n\n<p>Los fans de los productos Bang suelen explorar toda nuestra gama para encontrar su vaporizador perfecto. Empieza por el <a href=\"https:\/\/vapemaison.com\">p\u00e1gina de inicio<\/a>, Descubra todos los productos de nuestra <a href=\"https:\/\/vapemaison.com\/shop\">tienda<\/a>, o sum\u00e9rgete en el <a href=\"https:\/\/vapemaison.com\/brand\/bang\">Marca Bang<\/a> para ver el programa completo. \u00bfBusca algo diferente? Visite <a href=\"https:\/\/vapemaison.com\/brand\/waspe\">Colecci\u00f3n WASPE<\/a> y <a href=\"https:\/\/vapemaison.com\/product-category\/puffs-count\/\">Categor\u00eda Puffs<\/a> tienen muchas opciones para cada vaper.<\/p>\n\n\n\n<p><\/p>","protected":false},"excerpt":{"rendered":"<p>Cambia entre dos sabores al instante con 120.000 caladas de vapor suave y consistente y una pantalla OLED inteligente para un control total. Hazte con el tuyo hoy mismo y disfruta del vapeador m\u00e1s duradero del mercado con env\u00edo gratuito hasta agotar existencias.<\/p>","protected":false},"featured_media":18987,"comment_status":"open","ping_status":"closed","template":"","meta":[],"product_brand":[57],"product_cat":[153],"product_tag":[],"class_list":{"0":"post-18980","1":"product","2":"type-product","3":"status-publish","4":"has-post-thumbnail","6":"product_brand-bang","7":"product_cat-120k-puffs","9":"first","10":"instock","11":"sale","12":"featured","13":"shipping-taxable","14":"purchasable","15":"product-type-variable"},"yoast_head":"<!-- This site is optimized with the Yoast SEO plugin v27.4 - https:\/\/yoast.com\/product\/yoast-seo-wordpress\/ -->\n<title>Bang Leader Stoll 120K 120000 Puffs Disposable Vap - Vapemaison<\/title>\n<meta name=\"description\" content=\"Experience extreme longevity with the Bang Leader Stoll 120K disposable vape. Dual-flavor slide switch, and up to 120k puffs in one premium device.\" \/>\n<meta name=\"robots\" content=\"index, follow, max-snippet:-1, max-image-preview:large, max-video-preview:-1\" \/>\n<link rel=\"canonical\" href=\"https:\/\/vapemaison.com\/es\/producto\/bang-leader-stoll-120k-vape-desechable-doble-sabor\/\" \/>\n<meta property=\"og:locale\" content=\"es_ES\" \/>\n<meta property=\"og:type\" content=\"article\" \/>\n<meta property=\"og:title\" content=\"Bang Leader Stoll 120K 120000 Puffs Disposable Vap - Vapemaison\" \/>\n<meta property=\"og:description\" content=\"Experience extreme longevity with the Bang Leader Stoll 120K disposable vape. Dual-flavor slide switch, and up to 120k puffs in one premium device.\" \/>\n<meta property=\"og:url\" content=\"https:\/\/vapemaison.com\/es\/producto\/bang-leader-stoll-120k-vape-desechable-doble-sabor\/\" \/>\n<meta property=\"og:site_name\" content=\"VapeMaison\" \/>\n<meta property=\"article:modified_time\" content=\"2026-01-09T08:34:11+00:00\" \/>\n<meta property=\"og:image\" content=\"https:\/\/vapemaison.com\/wp-content\/uploads\/2025\/12\/bang-leader-stoll-120k-120000-puff-raspberry-mojito-peach-ice-lady-killer-654x690.jpg.webp\" \/>\n\t<meta property=\"og:image:width\" content=\"654\" \/>\n\t<meta property=\"og:image:height\" content=\"690\" \/>\n\t<meta property=\"og:image:type\" content=\"image\/webp\" \/>\n<meta name=\"twitter:card\" content=\"summary_large_image\" \/>\n<meta name=\"twitter:label1\" content=\"Tiempo de lectura\" \/>\n\t<meta name=\"twitter:data1\" content=\"2 minutos\" \/>\n<!-- \/ Yoast SEO plugin. -->","yoast_head_json":{"title":"Bang Leader Stoll 120K 120000 Puffs Vap Desechable - Vapemaison","description":"Experimenta una longevidad extrema con el vapeador desechable Bang Leader Stoll 120K. Interruptor deslizante de doble sabor, y hasta 120k caladas en un dispositivo premium.","robots":{"index":"index","follow":"follow","max-snippet":"max-snippet:-1","max-image-preview":"max-image-preview:large","max-video-preview":"max-video-preview:-1"},"canonical":"https:\/\/vapemaison.com\/es\/producto\/bang-leader-stoll-120k-vape-desechable-doble-sabor\/","og_locale":"es_ES","og_type":"article","og_title":"Bang Leader Stoll 120K 120000 Puffs Disposable Vap - Vapemaison","og_description":"Experience extreme longevity with the Bang Leader Stoll 120K disposable vape. Dual-flavor slide switch, and up to 120k puffs in one premium device.","og_url":"https:\/\/vapemaison.com\/es\/producto\/bang-leader-stoll-120k-vape-desechable-doble-sabor\/","og_site_name":"VapeMaison","article_modified_time":"2026-01-09T08:34:11+00:00","og_image":[{"width":654,"height":690,"url":"https:\/\/vapemaison.com\/wp-content\/uploads\/2025\/12\/bang-leader-stoll-120k-120000-puff-raspberry-mojito-peach-ice-lady-killer-654x690.jpg.webp","type":"image\/webp"}],"twitter_card":"summary_large_image","twitter_misc":{"Tiempo de lectura":"2 minutos"},"schema":{"@context":"https:\/\/schema.org","@graph":[{"@type":"WebPage","@id":"https:\/\/vapemaison.com\/product\/bang-leader-stoll-120k-disposable-vape-dual-flavor\/","url":"https:\/\/vapemaison.com\/product\/bang-leader-stoll-120k-disposable-vape-dual-flavor\/","name":"Bang Leader Stoll 120K 120000 Puffs Vap Desechable - Vapemaison","isPartOf":{"@id":"https:\/\/vapemaison.com\/#website"},"primaryImageOfPage":{"@id":"https:\/\/vapemaison.com\/product\/bang-leader-stoll-120k-disposable-vape-dual-flavor\/#primaryimage"},"image":{"@id":"https:\/\/vapemaison.com\/product\/bang-leader-stoll-120k-disposable-vape-dual-flavor\/#primaryimage"},"thumbnailUrl":"https:\/\/vapemaison.com\/wp-content\/uploads\/2025\/12\/bang-leader-stoll-120k-120000-puff-raspberry-mojito-peach-ice-lady-killer-654x690.jpg.webp","datePublished":"2025-12-17T07:00:30+00:00","dateModified":"2026-01-09T08:34:11+00:00","description":"Experimenta una longevidad extrema con el vapeador desechable Bang Leader Stoll 120K. Interruptor deslizante de doble sabor, y hasta 120k caladas en un dispositivo premium.","breadcrumb":{"@id":"https:\/\/vapemaison.com\/product\/bang-leader-stoll-120k-disposable-vape-dual-flavor\/#breadcrumb"},"inLanguage":"es","potentialAction":[{"@type":"ReadAction","target":["https:\/\/vapemaison.com\/product\/bang-leader-stoll-120k-disposable-vape-dual-flavor\/"]}]},{"@type":"ImageObject","inLanguage":"es","@id":"https:\/\/vapemaison.com\/product\/bang-leader-stoll-120k-disposable-vape-dual-flavor\/#primaryimage","url":"https:\/\/vapemaison.com\/wp-content\/uploads\/2025\/12\/bang-leader-stoll-120k-120000-puff-raspberry-mojito-peach-ice-lady-killer-654x690.jpg.webp","contentUrl":"https:\/\/vapemaison.com\/wp-content\/uploads\/2025\/12\/bang-leader-stoll-120k-120000-puff-raspberry-mojito-peach-ice-lady-killer-654x690.jpg.webp","width":654,"height":690,"caption":"bang-leader-stoll-120k-120000-puff-raspberry-mojito-peach-ice-lady-killer-654x690.jpg"},{"@type":"BreadcrumbList","@id":"https:\/\/vapemaison.com\/product\/bang-leader-stoll-120k-disposable-vape-dual-flavor\/#breadcrumb","itemListElement":[{"@type":"ListItem","position":1,"name":"\u9996\u9875","item":"https:\/\/vapemaison.com\/"},{"@type":"ListItem","position":2,"name":"Shop","item":"https:\/\/vapemaison.com\/shop\/"},{"@type":"ListItem","position":3,"name":"Bang","item":"https:\/\/vapemaison.com\/brand\/bang\/"},{"@type":"ListItem","position":4,"name":"Bang Leader Stoll 120K Disposable Vape \u2013 Dual Flavor"}]},{"@type":"WebSite","@id":"https:\/\/vapemaison.com\/#website","url":"https:\/\/vapemaison.com\/","name":"VapeMaison","description":"Dispositivos y accesorios premium para vapear","publisher":{"@id":"https:\/\/vapemaison.com\/#organization"},"potentialAction":[{"@type":"SearchAction","target":{"@type":"EntryPoint","urlTemplate":"https:\/\/vapemaison.com\/?s={search_term_string}"},"query-input":{"@type":"PropertyValueSpecification","valueRequired":true,"valueName":"search_term_string"}}],"inLanguage":"es"},{"@type":"Organization","@id":"https:\/\/vapemaison.com\/#organization","name":"VapeMaison","url":"https:\/\/vapemaison.com\/","logo":{"@type":"ImageObject","inLanguage":"es","@id":"https:\/\/vapemaison.com\/#\/schema\/logo\/image\/","url":"https:\/\/vapemaison.com\/wp-content\/uploads\/2026\/01\/cropped-vapemaison-logo-g-2026.webp","contentUrl":"https:\/\/vapemaison.com\/wp-content\/uploads\/2026\/01\/cropped-vapemaison-logo-g-2026.webp","width":350,"height":280,"caption":"VapeMaison"},"image":{"@id":"https:\/\/vapemaison.com\/#\/schema\/logo\/image\/"},"sameAs":["https:\/\/www.youtube.com\/@VapeMaison"]}]}},"tiered_pricing_type":"fixed","tiered_pricing_fixed_rules":{"30":"9.24","50":"8.98","100":"8.36","200":"7.99"},"tiered_pricing_product_settings":{"layout":"default","base_unit_name":{"singular":null,"plural":null},"default_variation":null},"tiered_pricing_minimum_quantity":10,"tiered_pricing_roles_data":[],"tiered_pricing_percentage_rules":[],"tiered_pricing_maximum_quantity":null,"tiered_pricing_quantity_step":"10","_links":{"self":[{"href":"https:\/\/vapemaison.com\/es\/wp-json\/wp\/v2\/product\/18980","targetHints":{"allow":["GET"]}}],"collection":[{"href":"https:\/\/vapemaison.com\/es\/wp-json\/wp\/v2\/product"}],"about":[{"href":"https:\/\/vapemaison.com\/es\/wp-json\/wp\/v2\/types\/product"}],"replies":[{"embeddable":true,"href":"https:\/\/vapemaison.com\/es\/wp-json\/wp\/v2\/comments?post=18980"}],"version-history":[{"count":0,"href":"https:\/\/vapemaison.com\/es\/wp-json\/wp\/v2\/product\/18980\/revisions"}],"wp:featuredmedia":[{"embeddable":true,"href":"https:\/\/vapemaison.com\/es\/wp-json\/wp\/v2\/media\/18987"}],"wp:attachment":[{"href":"https:\/\/vapemaison.com\/es\/wp-json\/wp\/v2\/media?parent=18980"}],"wp:term":[{"taxonomy":"product_brand","embeddable":true,"href":"https:\/\/vapemaison.com\/es\/wp-json\/wp\/v2\/product_brand?post=18980"},{"taxonomy":"product_cat","embeddable":true,"href":"https:\/\/vapemaison.com\/es\/wp-json\/wp\/v2\/product_cat?post=18980"},{"taxonomy":"product_tag","embeddable":true,"href":"https:\/\/vapemaison.com\/es\/wp-json\/wp\/v2\/product_tag?post=18980"}],"curies":[{"name":"wp","href":"https:\/\/api.w.org\/{rel}","templated":true}]}}