

{"id":20146,"date":"2025-12-22T08:00:11","date_gmt":"2025-12-22T08:00:11","guid":{"rendered":"https:\/\/vapemaison.com\/?post_type=product&#038;p=20146"},"modified":"2026-04-15T10:42:53","modified_gmt":"2026-04-15T10:42:53","slug":"waspe-fihp-40000-puffs-40k-vape-desechable-copia-al-por-mayor","status":"publish","type":"product","link":"https:\/\/vapemaison.com\/es\/product\/waspe-fihp-40000-puffs-40k-disposable-vape-wholesale-copy\/","title":{"rendered":"Waspe FIHP 40000 Puffs 40K Vape desechable al por mayor"},"content":{"rendered":"<h3 class=\"wp-block-heading\"><strong>WASPE FIHP 40000 Puffs Vape Desechable - Doble Sabor, Doble Bobina, Doble Potencia<\/strong><\/h3>\n\n\n\n<p>En <strong><a href=\"https:\/\/vapemaison.com\/brand\/waspe\/\">WASPE<\/a> FIHP 40000 Puffs Vape Desechable<\/strong> redefine la comodidad y el rendimiento.<br>Con <strong>hasta 40.000 caladas<\/strong>, <strong>c\u00e1psulas de doble sabor<\/strong>, y un <strong>Pantalla LED inteligente<\/strong>, Est\u00e1 dise\u00f1ado para los vapeadores que esperan innovaci\u00f3n y fiabilidad en un dispositivo elegante.<\/p>\n\n\n\n<p>Disfrute de <strong>dos sabores en un solo vape<\/strong> - Basta con girar la boquilla para cambiar de una c\u00e1psula a otra al instante. Cada c\u00e1psula proporciona <strong>vapor suave y sabroso<\/strong> accionado por <strong>doble bobina de malla de 0.9\u03a9<\/strong>, El dise\u00f1o de la c\u00e1psula garantiza nubes densas y un sabor uniforme en cada calada.<\/p>\n\n\n\n<p>Repleto de <strong>36 ml de e-l\u00edquido premium<\/strong> y un <strong>Bater\u00eda recargable de 850 mAh<\/strong>, La WASPE FIHP 40000 ofrece sesiones de larga duraci\u00f3n sin interrupciones.<br>Su <strong>Carga r\u00e1pida Tipo-C<\/strong> te mantiene encendido, mientras que el <strong>Pantalla LED<\/strong> muestra los niveles de bater\u00eda y e-l\u00edquido en tiempo real para un control sin esfuerzo.<\/p>\n\n\n\n<p>Disponible en <strong>Concentraciones de nicotina 0%, 2% y 5%<\/strong>, y <strong>16 sabores distintos<\/strong>, Este dispositivo le ofrece total libertad para personalizar su experiencia de vapeo, desde suave y afrutada hasta helada y...<\/p>\n\n\n\n<h2 class=\"wp-block-heading\">VASPE FIHP 40000 40K Vape desechable Quick Details<\/h2>\n\n\n\n<ul class=\"wp-block-list\">\n<li>Vainas duales, sabores duales<\/li>\n\n\n\n<li>Intensidad de la nicotina: 0%\/2%\/5%<\/li>\n\n\n\n<li>Puffs Deliers: 40000 Puffs<\/li>\n\n\n\n<li>Capacidad de E-l\u00edquido: 36 ml<\/li>\n\n\n\n<li>Doble bobina de malla de 0,9 ohmios para unas caladas suaves y sabrosas<\/li>\n\n\n\n<li>Recargable Tipo-C para carga r\u00e1pida<\/li>\n\n\n\n<li>Bater\u00eda recargable de 850 mAh<\/li>\n\n\n\n<li>La pantalla LED inteligente muestra la duraci\u00f3n de la bater\u00eda y los niveles de e-l\u00edquido<\/li>\n\n\n\n<li>16 sabores a elegir<\/li>\n<\/ul>\n\n\n\n<h2 class=\"wp-block-heading\">Sabores disponibles<\/h2>\n\n\n\n<ol class=\"wp-block-list\">\n<li>Hielo de sand\u00eda y lima lim\u00f3n<\/li>\n\n\n\n<li>Hielo de cereza con gas y algod\u00f3n de az\u00facar de ar\u00e1ndanos<\/li>\n\n\n\n<li>Fresa Sand\u00eda y Ar\u00e1ndano Frambuesa<\/li>\n\n\n\n<li>Red Bull Ice &amp; Mango Fresa<\/li>\n\n\n\n<li>Melocot\u00f3n Helado y Pi\u00f1a Mango Melocot\u00f3n<\/li>\n\n\n\n<li>Uva Ice &amp; Fresa Kiwi<\/li>\n\n\n\n<li>Mezcla de bayas y doble manzana helada<\/li>\n\n\n\n<li>Limonada Blue Razz y Chicle de Sand\u00eda<\/li>\n\n\n\n<li>Fresa Frambuesa Cereza y Amor 666<\/li>\n\n\n\n<li>Helado de fresa, pl\u00e1tano y pi\u00f1a y coco<\/li>\n\n\n\n<li>Sand\u00eda, fresa, chicle y frutas variadas<\/li>\n\n\n\n<li>Hielo de cereza y caramelo de fresa y frambuesa<\/li>\n\n\n\n<li>Big Bang de manzana \u00e1cida, frambuesa y fresa<\/li>\n\n\n\n<li>Melocot\u00f3n Baya y Sand\u00eda Mango Melocot\u00f3n<\/li>\n\n\n\n<li>Hielo de ar\u00e1ndano y hielo de drag\u00f3n negro<\/li>\n\n\n\n<li>Fresa, cereza y kiwi, fruta de la pasi\u00f3n<\/li>\n\n\n\n<li>Oso de gominola y Cola de fresa<\/li>\n\n\n\n<li>Banana Pineapple Ice &amp; Red Bull Ice<\/li>\n\n\n\n<li>Red Bull Helado de Fresa y Grosella Negra<\/li>\n\n\n\n<li>Triple helado de mel\u00f3n y sand\u00eda con frambuesa<\/li>\n<\/ol>\n\n\n\n<h2 class=\"wp-block-heading\">Detalles del embalaje<\/h2>\n\n\n\n<ul class=\"wp-block-list\">\n<li>Peso del producto: 120 g\/unidad<\/li>\n\n\n\n<li>Tama\u00f1o del producto: 61*31*115 mm<\/li>\n\n\n\n<li>1PC\/ Caja individual<\/li>\n\n\n\n<li>10PCS\/ Caja expositora<\/li>\n\n\n\n<li>CANT.: 160pcs\/ctn, 10pcs\/caja<\/li>\n\n\n\n<li>G.W.: 20kg<\/li>\n<\/ul>\n\n\n\n<p>Descubra vaping premium en <a href=\"https:\/\/vapemaison.com\/\">VapeMaison<\/a>, su destino de calidad e innovaci\u00f3n. Explore toda nuestra selecci\u00f3n en la <a href=\"https:\/\/vapemaison.com\/shop\/\">Tienda<\/a> o consulte la popular p\u00e1gina <a href=\"https:\/\/vapemaison.com\/brand\/bang\/\">Bang<\/a> y <a href=\"https:\/\/vapemaison.com\/brand\/waspe\/\">WASPE<\/a> que adoran los vapers de todo el mundo. \u00bfBuscas m\u00e1s opciones? Echa un vistazo a todos nuestros <a href=\"https:\/\/vapemaison.com\/product-category\/puffs-count\/\">Puffs<\/a> dispositivos para encontrar el vape perfecto para tu estilo y gusto.<\/p>","protected":false},"excerpt":{"rendered":"<p>El WASPE FIHP 40000 Puffs Vape combina sabores duales, bobinas de malla duales y una pantalla LED inteligente para una experiencia de vapeo de nivel superior.Con 36mL de e-l\u00edquido, bater\u00eda recargable Tipo-C de 850mAh, y hasta 40.000 caladas, ofrece un sabor suave y rico - en cualquier momento y en cualquier lugar.<\/p>","protected":false},"featured_media":8212,"comment_status":"open","ping_status":"closed","template":"","meta":[],"product_brand":[59],"product_cat":[135,142],"product_tag":[],"class_list":{"0":"post-20146","1":"product","2":"type-product","3":"status-publish","4":"has-post-thumbnail","6":"product_brand-waspe","7":"product_cat-40k-puffs","8":"product_cat-eu-stock","10":"first","11":"instock","12":"sale","13":"shipping-taxable","14":"purchasable","15":"product-type-variable"},"yoast_head":"<!-- This site is optimized with the Yoast SEO plugin v27.4 - https:\/\/yoast.com\/product\/yoast-seo-wordpress\/ -->\n<title>WASPE FIHP 40000 Puffs Disposable Vape Dual-Flavor<\/title>\n<meta name=\"description\" content=\"Experience the WASPE FIHP 40000 Puffs Disposable Vape featuring dual flavors, LED display, and Type-C. Enjoy long-lasting performance\" \/>\n<meta name=\"robots\" content=\"index, follow, max-snippet:-1, max-image-preview:large, max-video-preview:-1\" \/>\n<link rel=\"canonical\" href=\"https:\/\/vapemaison.com\/es\/producto\/waspe-fihp-40000-puffs-40k-vape-desechable-copia-al-por-mayor\/\" \/>\n<meta property=\"og:locale\" content=\"es_ES\" \/>\n<meta property=\"og:type\" content=\"article\" \/>\n<meta property=\"og:title\" content=\"WASPE FIHP 40000 Puffs Disposable Vape Dual-Flavor\" \/>\n<meta property=\"og:description\" content=\"Experience the WASPE FIHP 40000 Puffs Disposable Vape featuring dual flavors, LED display, and Type-C. Enjoy long-lasting performance\" \/>\n<meta property=\"og:url\" content=\"https:\/\/vapemaison.com\/es\/producto\/waspe-fihp-40000-puffs-40k-vape-desechable-copia-al-por-mayor\/\" \/>\n<meta property=\"og:site_name\" content=\"VapeMaison\" \/>\n<meta property=\"article:modified_time\" content=\"2026-04-15T10:42:53+00:00\" \/>\n<meta property=\"og:image\" content=\"https:\/\/vapemaison.com\/wp-content\/uploads\/2025\/10\/WASPE-FIHP-40000-Puffs-40K-Disposable-Vape-Wholesale.png\" \/>\n\t<meta property=\"og:image:width\" content=\"1200\" \/>\n\t<meta property=\"og:image:height\" content=\"1200\" \/>\n\t<meta property=\"og:image:type\" content=\"image\/png\" \/>\n<meta name=\"twitter:card\" content=\"summary_large_image\" \/>\n<meta name=\"twitter:label1\" content=\"Tiempo de lectura\" \/>\n\t<meta name=\"twitter:data1\" content=\"2 minutos\" \/>\n<!-- \/ Yoast SEO plugin. -->","yoast_head_json":{"title":"WASPE FIHP 40000 Puffs Vape Desechable Sabor Dual","description":"Experimenta el vapeador desechable WASPE FIHP 40000 Puffs con sabores duales, pantalla LED y Type-C. Disfruta de un rendimiento duradero","robots":{"index":"index","follow":"follow","max-snippet":"max-snippet:-1","max-image-preview":"max-image-preview:large","max-video-preview":"max-video-preview:-1"},"canonical":"https:\/\/vapemaison.com\/es\/producto\/waspe-fihp-40000-puffs-40k-vape-desechable-copia-al-por-mayor\/","og_locale":"es_ES","og_type":"article","og_title":"WASPE FIHP 40000 Puffs Disposable Vape Dual-Flavor","og_description":"Experience the WASPE FIHP 40000 Puffs Disposable Vape featuring dual flavors, LED display, and Type-C. Enjoy long-lasting performance","og_url":"https:\/\/vapemaison.com\/es\/producto\/waspe-fihp-40000-puffs-40k-vape-desechable-copia-al-por-mayor\/","og_site_name":"VapeMaison","article_modified_time":"2026-04-15T10:42:53+00:00","og_image":[{"width":1200,"height":1200,"url":"https:\/\/vapemaison.com\/wp-content\/uploads\/2025\/10\/WASPE-FIHP-40000-Puffs-40K-Disposable-Vape-Wholesale.png","type":"image\/png"}],"twitter_card":"summary_large_image","twitter_misc":{"Tiempo de lectura":"2 minutos"},"schema":{"@context":"https:\/\/schema.org","@graph":[{"@type":"WebPage","@id":"https:\/\/vapemaison.com\/product\/waspe-fihp-40000-puffs-40k-disposable-vape-wholesale-copy\/","url":"https:\/\/vapemaison.com\/product\/waspe-fihp-40000-puffs-40k-disposable-vape-wholesale-copy\/","name":"WASPE FIHP 40000 Puffs Vape Desechable Sabor Dual","isPartOf":{"@id":"https:\/\/vapemaison.com\/#website"},"primaryImageOfPage":{"@id":"https:\/\/vapemaison.com\/product\/waspe-fihp-40000-puffs-40k-disposable-vape-wholesale-copy\/#primaryimage"},"image":{"@id":"https:\/\/vapemaison.com\/product\/waspe-fihp-40000-puffs-40k-disposable-vape-wholesale-copy\/#primaryimage"},"thumbnailUrl":"https:\/\/vapemaison.com\/wp-content\/uploads\/2025\/10\/WASPE-FIHP-40000-Puffs-40K-Disposable-Vape-Wholesale.png","datePublished":"2025-12-22T08:00:11+00:00","dateModified":"2026-04-15T10:42:53+00:00","description":"Experimenta el vapeador desechable WASPE FIHP 40000 Puffs con sabores duales, pantalla LED y Type-C. Disfruta de un rendimiento duradero","breadcrumb":{"@id":"https:\/\/vapemaison.com\/product\/waspe-fihp-40000-puffs-40k-disposable-vape-wholesale-copy\/#breadcrumb"},"inLanguage":"es","potentialAction":[{"@type":"ReadAction","target":["https:\/\/vapemaison.com\/product\/waspe-fihp-40000-puffs-40k-disposable-vape-wholesale-copy\/"]}]},{"@type":"ImageObject","inLanguage":"es","@id":"https:\/\/vapemaison.com\/product\/waspe-fihp-40000-puffs-40k-disposable-vape-wholesale-copy\/#primaryimage","url":"https:\/\/vapemaison.com\/wp-content\/uploads\/2025\/10\/WASPE-FIHP-40000-Puffs-40K-Disposable-Vape-Wholesale.png","contentUrl":"https:\/\/vapemaison.com\/wp-content\/uploads\/2025\/10\/WASPE-FIHP-40000-Puffs-40K-Disposable-Vape-Wholesale.png","width":1200,"height":1200,"caption":"WASPE-FIHP-40000-Puffs-40K-Disposable-Vape-Wholesale"},{"@type":"BreadcrumbList","@id":"https:\/\/vapemaison.com\/product\/waspe-fihp-40000-puffs-40k-disposable-vape-wholesale-copy\/#breadcrumb","itemListElement":[{"@type":"ListItem","position":1,"name":"\u9996\u9875","item":"https:\/\/vapemaison.com\/"},{"@type":"ListItem","position":2,"name":"Shop","item":"https:\/\/vapemaison.com\/shop\/"},{"@type":"ListItem","position":3,"name":"Waspe","item":"https:\/\/vapemaison.com\/brand\/waspe\/"},{"@type":"ListItem","position":4,"name":"Waspe FIHP 40000 Puffs 40K Disposable Vape Wholesale"}]},{"@type":"WebSite","@id":"https:\/\/vapemaison.com\/#website","url":"https:\/\/vapemaison.com\/","name":"VapeMaison","description":"Dispositivos y accesorios premium para vapear","publisher":{"@id":"https:\/\/vapemaison.com\/#organization"},"potentialAction":[{"@type":"SearchAction","target":{"@type":"EntryPoint","urlTemplate":"https:\/\/vapemaison.com\/?s={search_term_string}"},"query-input":{"@type":"PropertyValueSpecification","valueRequired":true,"valueName":"search_term_string"}}],"inLanguage":"es"},{"@type":"Organization","@id":"https:\/\/vapemaison.com\/#organization","name":"VapeMaison","url":"https:\/\/vapemaison.com\/","logo":{"@type":"ImageObject","inLanguage":"es","@id":"https:\/\/vapemaison.com\/#\/schema\/logo\/image\/","url":"https:\/\/vapemaison.com\/wp-content\/uploads\/2026\/01\/cropped-vapemaison-logo-g-2026.webp","contentUrl":"https:\/\/vapemaison.com\/wp-content\/uploads\/2026\/01\/cropped-vapemaison-logo-g-2026.webp","width":350,"height":280,"caption":"VapeMaison"},"image":{"@id":"https:\/\/vapemaison.com\/#\/schema\/logo\/image\/"},"sameAs":["https:\/\/www.youtube.com\/@VapeMaison"]}]}},"tiered_pricing_type":"fixed","tiered_pricing_fixed_rules":{"30":"11.63","50":"10.99","100":"10.69","200":"9.99"},"tiered_pricing_product_settings":{"layout":"default","base_unit_name":{"singular":null,"plural":null},"default_variation":null},"tiered_pricing_minimum_quantity":10,"tiered_pricing_roles_data":[],"tiered_pricing_percentage_rules":[],"tiered_pricing_maximum_quantity":null,"tiered_pricing_quantity_step":"10","_links":{"self":[{"href":"https:\/\/vapemaison.com\/es\/wp-json\/wp\/v2\/product\/20146","targetHints":{"allow":["GET"]}}],"collection":[{"href":"https:\/\/vapemaison.com\/es\/wp-json\/wp\/v2\/product"}],"about":[{"href":"https:\/\/vapemaison.com\/es\/wp-json\/wp\/v2\/types\/product"}],"replies":[{"embeddable":true,"href":"https:\/\/vapemaison.com\/es\/wp-json\/wp\/v2\/comments?post=20146"}],"version-history":[{"count":1,"href":"https:\/\/vapemaison.com\/es\/wp-json\/wp\/v2\/product\/20146\/revisions"}],"predecessor-version":[{"id":27179,"href":"https:\/\/vapemaison.com\/es\/wp-json\/wp\/v2\/product\/20146\/revisions\/27179"}],"wp:featuredmedia":[{"embeddable":true,"href":"https:\/\/vapemaison.com\/es\/wp-json\/wp\/v2\/media\/8212"}],"wp:attachment":[{"href":"https:\/\/vapemaison.com\/es\/wp-json\/wp\/v2\/media?parent=20146"}],"wp:term":[{"taxonomy":"product_brand","embeddable":true,"href":"https:\/\/vapemaison.com\/es\/wp-json\/wp\/v2\/product_brand?post=20146"},{"taxonomy":"product_cat","embeddable":true,"href":"https:\/\/vapemaison.com\/es\/wp-json\/wp\/v2\/product_cat?post=20146"},{"taxonomy":"product_tag","embeddable":true,"href":"https:\/\/vapemaison.com\/es\/wp-json\/wp\/v2\/product_tag?post=20146"}],"curies":[{"name":"wp","href":"https:\/\/api.w.org\/{rel}","templated":true}]}}