

{"id":20204,"date":"2025-12-22T08:00:18","date_gmt":"2025-12-22T08:00:18","guid":{"rendered":"https:\/\/vapemaison.com\/?post_type=product&#038;p=20204"},"modified":"2026-03-23T19:54:01","modified_gmt":"2026-03-23T19:54:01","slug":"waspe-100k-puffs-vape-desechable-bajo-en-nicotina","status":"publish","type":"product","link":"https:\/\/vapemaison.com\/es\/product\/waspe-100k-puffs-disposable-vape-low-nicotine\/","title":{"rendered":"WASPE 100k Puffs Vape Desechable Bajo en Nicotina"},"content":{"rendered":"<p>Experimente cuatro sabores en un potente aparato. El <strong>WASPE 4 en 1 Sabor 100000 Puffs<\/strong> est\u00e1 dise\u00f1ado para los vapeadores que quieren una larga vida \u00fatil, un gran rendimiento y un cambio de sabor instant\u00e1neo. Con hasta <strong>100.000 caladas<\/strong>, a <strong>sistema recargable<\/strong>, y un <strong>selector de cuatro sabores<\/strong>, este dispositivo ofrece la m\u00e1xima comodidad sin necesidad de llevar varios vapes.<\/p>\n\n\n\n<p>Disponible para <strong>pedidos al por mayor y a granel<\/strong> a trav\u00e9s de Gleevape, en la que conf\u00edan minoristas y distribuidores de toda Europa.<\/p>\n\n\n\n<p>El dispositivo cuenta con un <strong>Sistema de cambio de 4 sabores<\/strong>, La m\u00e1quina de caf\u00e9 de alta calidad, le permite alternar entre los cuatro sabores precargados en cualquier momento, sin necesidad de c\u00e1psulas ni recargas. Fabricado para un uso ultralargo, proporciona hasta <strong>100.000 bocanadas<\/strong> con vapor estable desde la primera calada hasta la \u00faltima. Alimentado por un <strong>Bater\u00eda recargable de 650 mAh<\/strong> con carga r\u00e1pida Type-C, garantiza un rendimiento continuo, mientras que el <strong>Bobinas de malla cu\u00e1druple de 1.0\u03a9<\/strong> proporcionan un rico sabor, un suave golpe de garganta y un vapor denso. Con una generosa <strong>56 ml de capacidad total de e-l\u00edquido<\/strong> y m\u00faltiples opciones de nicotina (0%, 2% o 5%), este vapeador satisface tanto las necesidades personales como las del mercado. Con un envase compacto, tambi\u00e9n es ideal para la venta al por mayor, los env\u00edos a granel y los expositores de venta al por menor.<\/p>\n\n\n\n<h3 class=\"wp-block-heading\"><strong>Por qu\u00e9 los minoristas eligen WASPE 4 en 1<\/strong><\/h3>\n\n\n\n<ul class=\"wp-block-list\">\n<li>Mejor valor por dispositivo<\/li>\n\n\n\n<li>Alto \u00edndice de repetici\u00f3n de compra<\/li>\n\n\n\n<li>Cuatro sabores en uno = menor presi\u00f3n SKU<\/li>\n\n\n\n<li>Perfecto para tiendas, quioscos y tiendas de vapeo en l\u00ednea<\/li>\n<\/ul>\n\n\n\n<h3 class=\"wp-block-heading\"><strong>Sets de sabores 4 en 1 WASPE<\/strong><\/h3>\n\n\n\n<p>Elija entre 12 combinaciones de sabores, cada una con cuatro mezclas \u00fanicas:<\/p>\n\n\n\n<ol class=\"wp-block-list\">\n<li>Sand\u00eda Helada \/ Fresa Kiwi \/ Sand\u00eda Frambuesa \/ Lim\u00f3n Lima<\/li>\n\n\n\n<li>Sand\u00eda fresa \/ Mr. Blue \/ Hielo uva \/ Caramelo arco iris<\/li>\n\n\n\n<li>Red Bull Ice \/ Banana Ice \/ Pi\u00f1a Coconut Ice \/ Triple Mango Ice<\/li>\n\n\n\n<li>Fresa Frambuesa Cereza \/ Cereza Loca Ice \/ Cereza Azul Ice \/ Cola Ice<\/li>\n\n\n\n<li>Fresa Pl\u00e1tano \/ Fresa Red Bull \/ Fresa Mango \/ Limonada Rosa<\/li>\n\n\n\n<li>Hielo de Ar\u00e1ndano \/ Caballero Negro \/ Hielo de Fresa \/ Sand\u00eda con Fresa<\/li>\n\n\n\n<li>Cherry Cola Ice \/ Strawberry Cherry Ice \/ Strawberry Cola Ice \/ Strawberry Watermelon Bubblegum<\/li>\n\n\n\n<li>Melocot\u00f3n jugoso helado \/ Fruta tropical \/ Explosi\u00f3n de frutas \/ Melocot\u00f3n y bayas<\/li>\n\n\n\n<li>Uva Ice \/ Fresa Kiwi \/ Fresa Frambuesa Cereza \/ Caballero Negro<\/li>\n\n\n\n<li>Mezcla de frutas del bosque \/ Doble manzana helada \/ Frambuesa con ar\u00e1ndanos \/ Miel con ar\u00e1ndanos<\/li>\n\n\n\n<li>Strawberry Red Bull \/ Strawberry Watermelon Bubblegum \/ Red Bull Ice \/ Cherry Cola Ice<\/li>\n\n\n\n<li>Frambuesa con ar\u00e1ndanos \/ Limonada con ar\u00e1ndanos \/ Mezcla de frutas del bosque \/ Helado de uva y miel<\/li>\n<\/ol>\n\n\n\n<h2 class=\"wp-block-heading\"><strong>Especificaciones<\/strong><\/h2>\n\n\n\n<ul class=\"wp-block-list\">\n<li><strong>Potencia de nicotina:<\/strong> 0% \/ 2% \/ 5%<\/li>\n\n\n\n<li><strong>Bater\u00eda:<\/strong> 650mAh (Recargable)<\/li>\n\n\n\n<li><strong>Bobina:<\/strong> Malla Quad 1.0\u03a9<\/li>\n\n\n\n<li><strong>Puerto de carga:<\/strong> Tipo-C<\/li>\n\n\n\n<li><strong>Volumen del e-l\u00edquido:<\/strong> 56 ml<\/li>\n\n\n\n<li><strong>Tama\u00f1o del dispositivo:<\/strong> 47 \u00d7 47 \u00d7 118 mm<\/li>\n\n\n\n<li><strong>Peso:<\/strong> 142g<\/li>\n\n\n\n<li><strong>Embalaje:<\/strong> 10 dispositivos\/caja; 160 dispositivos\/cart\u00f3n<\/li>\n\n\n\n<li><strong>Peso bruto\/caja:<\/strong> 23 kg<\/li>\n<\/ul>\n\n\n\n<p>Descubra vaping premium en <a href=\"https:\/\/vapemaison.com\/\">VapeMaison<\/a>, su destino de calidad e innovaci\u00f3n. Explore toda nuestra selecci\u00f3n en la <a href=\"https:\/\/vapemaison.com\/shop\/\">Tienda<\/a> o consulte la popular p\u00e1gina <a href=\"https:\/\/vapemaison.com\/brand\/bang\/\">Bang<\/a> y <a href=\"https:\/\/vapemaison.com\/brand\/waspe\/\">WASPE<\/a> que adoran los vapers de todo el mundo. \u00bfBuscas m\u00e1s opciones? Echa un vistazo a todos nuestros <a href=\"https:\/\/vapemaison.com\/product-category\/puffs-count\/\">Puffs<\/a> dispositivos para encontrar el vaporizador perfecto para su estilo y gusto, o consulte sus populares <strong><a href=\"https:\/\/vapemaison.com\/product-category\/hot-series\/\">superventas<\/a><\/strong> colecciones.<\/p>\n\n\n\n<p><\/p>","protected":false},"excerpt":{"rendered":"<p>Experimente la m\u00e1xima comodidad y sabor con el <strong data-start=\"190\" data-end=\"226\">WASPE 4 en 1 Sabor 100000 Puffs<\/strong>. Este potente vapeador desechable te permite cambiar entre cuatro deliciosos sabores en cualquier momento, al tiempo que proporciona hasta 100.000 caladas de vapor suave y consistente. Compacto, recargable y sin complicaciones, est\u00e1 dise\u00f1ado para los vapeadores que valoran la variedad, el rendimiento duradero y el disfrute sin esfuerzo en un solo dispositivo.<\/p>","protected":false},"featured_media":9504,"comment_status":"open","ping_status":"closed","template":"","meta":[],"product_brand":[59],"product_cat":[151,142],"product_tag":[],"class_list":{"0":"post-20204","1":"product","2":"type-product","3":"status-publish","4":"has-post-thumbnail","6":"product_brand-waspe","7":"product_cat-100k-puffs","8":"product_cat-eu-stock","10":"first","11":"instock","12":"sale","13":"shipping-taxable","14":"purchasable","15":"product-type-variable"},"yoast_head":"<!-- This site is optimized with the Yoast SEO plugin v27.4 - https:\/\/yoast.com\/product\/yoast-seo-wordpress\/ -->\n<title>WASPE 100k Puffs Disposable Vape Low Nicotine<\/title>\n<meta name=\"description\" content=\"WASPE 100k Puffs\u00a0is a rechargeable vape featuring four switchable flavors, a 650mAh battery,your trusted European low-nicotine vape supplier.\" \/>\n<meta name=\"robots\" content=\"index, follow, max-snippet:-1, max-image-preview:large, max-video-preview:-1\" \/>\n<link rel=\"canonical\" href=\"https:\/\/vapemaison.com\/es\/producto\/waspe-100k-puffs-vape-desechable-bajo-en-nicotina\/\" \/>\n<meta property=\"og:locale\" content=\"es_ES\" \/>\n<meta property=\"og:type\" content=\"article\" \/>\n<meta property=\"og:title\" content=\"WASPE 100k Puffs Disposable Vape Low Nicotine\" \/>\n<meta property=\"og:description\" content=\"WASPE 100k Puffs\u00a0is a rechargeable vape featuring four switchable flavors, a 650mAh battery,your trusted European low-nicotine vape supplier.\" \/>\n<meta property=\"og:url\" content=\"https:\/\/vapemaison.com\/es\/producto\/waspe-100k-puffs-vape-desechable-bajo-en-nicotina\/\" \/>\n<meta property=\"og:site_name\" content=\"VapeMaison\" \/>\n<meta property=\"article:modified_time\" content=\"2026-03-23T19:54:01+00:00\" \/>\n<meta property=\"og:image\" content=\"https:\/\/vapemaison.com\/wp-content\/uploads\/2025\/10\/waspe-100000-puffs-flavor-picture-5.jpg\" \/>\n\t<meta property=\"og:image:width\" content=\"1500\" \/>\n\t<meta property=\"og:image:height\" content=\"1500\" \/>\n\t<meta property=\"og:image:type\" content=\"image\/jpeg\" \/>\n<meta name=\"twitter:card\" content=\"summary_large_image\" \/>\n<meta name=\"twitter:label1\" content=\"Tiempo de lectura\" \/>\n\t<meta name=\"twitter:data1\" content=\"3 minutos\" \/>\n<!-- \/ Yoast SEO plugin. -->","yoast_head_json":{"title":"WASPE 100k Puffs Vape Desechable Bajo en Nicotina","description":"WASPE 100k Puffs es un vapeador recargable con cuatro sabores intercambiables, una bater\u00eda de 650mAh, su proveedor europeo de confianza de vapeadores bajos en nicotina.","robots":{"index":"index","follow":"follow","max-snippet":"max-snippet:-1","max-image-preview":"max-image-preview:large","max-video-preview":"max-video-preview:-1"},"canonical":"https:\/\/vapemaison.com\/es\/producto\/waspe-100k-puffs-vape-desechable-bajo-en-nicotina\/","og_locale":"es_ES","og_type":"article","og_title":"WASPE 100k Puffs Disposable Vape Low Nicotine","og_description":"WASPE 100k Puffs\u00a0is a rechargeable vape featuring four switchable flavors, a 650mAh battery,your trusted European low-nicotine vape supplier.","og_url":"https:\/\/vapemaison.com\/es\/producto\/waspe-100k-puffs-vape-desechable-bajo-en-nicotina\/","og_site_name":"VapeMaison","article_modified_time":"2026-03-23T19:54:01+00:00","og_image":[{"width":1500,"height":1500,"url":"https:\/\/vapemaison.com\/wp-content\/uploads\/2025\/10\/waspe-100000-puffs-flavor-picture-5.jpg","type":"image\/jpeg"}],"twitter_card":"summary_large_image","twitter_misc":{"Tiempo de lectura":"3 minutos"},"schema":{"@context":"https:\/\/schema.org","@graph":[{"@type":"WebPage","@id":"https:\/\/vapemaison.com\/product\/waspe-100k-puffs-disposable-vape-low-nicotine\/","url":"https:\/\/vapemaison.com\/product\/waspe-100k-puffs-disposable-vape-low-nicotine\/","name":"WASPE 100k Puffs Vape Desechable Bajo en Nicotina","isPartOf":{"@id":"https:\/\/vapemaison.com\/#website"},"primaryImageOfPage":{"@id":"https:\/\/vapemaison.com\/product\/waspe-100k-puffs-disposable-vape-low-nicotine\/#primaryimage"},"image":{"@id":"https:\/\/vapemaison.com\/product\/waspe-100k-puffs-disposable-vape-low-nicotine\/#primaryimage"},"thumbnailUrl":"https:\/\/vapemaison.com\/wp-content\/uploads\/2025\/10\/waspe-100000-puffs-flavor-picture-5.jpg","datePublished":"2025-12-22T08:00:18+00:00","dateModified":"2026-03-23T19:54:01+00:00","description":"WASPE 100k Puffs es un vapeador recargable con cuatro sabores intercambiables, una bater\u00eda de 650mAh, su proveedor europeo de confianza de vapeadores bajos en nicotina.","breadcrumb":{"@id":"https:\/\/vapemaison.com\/product\/waspe-100k-puffs-disposable-vape-low-nicotine\/#breadcrumb"},"inLanguage":"es","potentialAction":[{"@type":"ReadAction","target":["https:\/\/vapemaison.com\/product\/waspe-100k-puffs-disposable-vape-low-nicotine\/"]}]},{"@type":"ImageObject","inLanguage":"es","@id":"https:\/\/vapemaison.com\/product\/waspe-100k-puffs-disposable-vape-low-nicotine\/#primaryimage","url":"https:\/\/vapemaison.com\/wp-content\/uploads\/2025\/10\/waspe-100000-puffs-flavor-picture-5.jpg","contentUrl":"https:\/\/vapemaison.com\/wp-content\/uploads\/2025\/10\/waspe-100000-puffs-flavor-picture-5.jpg","width":1500,"height":1500,"caption":"waspe-100000-puffs-flavor-picture-5"},{"@type":"BreadcrumbList","@id":"https:\/\/vapemaison.com\/product\/waspe-100k-puffs-disposable-vape-low-nicotine\/#breadcrumb","itemListElement":[{"@type":"ListItem","position":1,"name":"\u9996\u9875","item":"https:\/\/vapemaison.com\/"},{"@type":"ListItem","position":2,"name":"Shop","item":"https:\/\/vapemaison.com\/shop\/"},{"@type":"ListItem","position":3,"name":"Waspe","item":"https:\/\/vapemaison.com\/brand\/waspe\/"},{"@type":"ListItem","position":4,"name":"WASPE 100k Puffs Disposable Vape Low Nicotine"}]},{"@type":"WebSite","@id":"https:\/\/vapemaison.com\/#website","url":"https:\/\/vapemaison.com\/","name":"VapeMaison","description":"Dispositivos y accesorios premium para vapear","publisher":{"@id":"https:\/\/vapemaison.com\/#organization"},"potentialAction":[{"@type":"SearchAction","target":{"@type":"EntryPoint","urlTemplate":"https:\/\/vapemaison.com\/?s={search_term_string}"},"query-input":{"@type":"PropertyValueSpecification","valueRequired":true,"valueName":"search_term_string"}}],"inLanguage":"es"},{"@type":"Organization","@id":"https:\/\/vapemaison.com\/#organization","name":"VapeMaison","url":"https:\/\/vapemaison.com\/","logo":{"@type":"ImageObject","inLanguage":"es","@id":"https:\/\/vapemaison.com\/#\/schema\/logo\/image\/","url":"https:\/\/vapemaison.com\/wp-content\/uploads\/2026\/01\/cropped-vapemaison-logo-g-2026.webp","contentUrl":"https:\/\/vapemaison.com\/wp-content\/uploads\/2026\/01\/cropped-vapemaison-logo-g-2026.webp","width":350,"height":280,"caption":"VapeMaison"},"image":{"@id":"https:\/\/vapemaison.com\/#\/schema\/logo\/image\/"},"sameAs":["https:\/\/www.youtube.com\/@VapeMaison"]}]}},"tiered_pricing_type":"fixed","tiered_pricing_fixed_rules":{"30":"11.88","50":"11.42","100":"10.88","200":"9.98"},"tiered_pricing_product_settings":{"layout":"default","base_unit_name":{"singular":null,"plural":null},"default_variation":null},"tiered_pricing_minimum_quantity":10,"tiered_pricing_roles_data":[],"tiered_pricing_percentage_rules":[],"tiered_pricing_maximum_quantity":null,"tiered_pricing_quantity_step":"10","_links":{"self":[{"href":"https:\/\/vapemaison.com\/es\/wp-json\/wp\/v2\/product\/20204","targetHints":{"allow":["GET"]}}],"collection":[{"href":"https:\/\/vapemaison.com\/es\/wp-json\/wp\/v2\/product"}],"about":[{"href":"https:\/\/vapemaison.com\/es\/wp-json\/wp\/v2\/types\/product"}],"replies":[{"embeddable":true,"href":"https:\/\/vapemaison.com\/es\/wp-json\/wp\/v2\/comments?post=20204"}],"version-history":[{"count":0,"href":"https:\/\/vapemaison.com\/es\/wp-json\/wp\/v2\/product\/20204\/revisions"}],"wp:featuredmedia":[{"embeddable":true,"href":"https:\/\/vapemaison.com\/es\/wp-json\/wp\/v2\/media\/9504"}],"wp:attachment":[{"href":"https:\/\/vapemaison.com\/es\/wp-json\/wp\/v2\/media?parent=20204"}],"wp:term":[{"taxonomy":"product_brand","embeddable":true,"href":"https:\/\/vapemaison.com\/es\/wp-json\/wp\/v2\/product_brand?post=20204"},{"taxonomy":"product_cat","embeddable":true,"href":"https:\/\/vapemaison.com\/es\/wp-json\/wp\/v2\/product_cat?post=20204"},{"taxonomy":"product_tag","embeddable":true,"href":"https:\/\/vapemaison.com\/es\/wp-json\/wp\/v2\/product_tag?post=20204"}],"curies":[{"name":"wp","href":"https:\/\/api.w.org\/{rel}","templated":true}]}}