

{"id":21394,"date":"2025-12-24T03:57:01","date_gmt":"2025-12-24T03:57:01","guid":{"rendered":"https:\/\/vapemaison.com\/?post_type=product&#038;p=21394"},"modified":"2025-12-26T01:51:14","modified_gmt":"2025-12-26T01:51:14","slug":"vozol-gear-power-20000-vape-desechable-cool-mint","status":"publish","type":"product","link":"https:\/\/vapemaison.com\/es\/product\/vozol-gear-power-20000-disposable-vape-cool-mint\/","title":{"rendered":"VOZOL Gear Power 20000 Vape desechable | cool-mint"},"content":{"rendered":"<p>El VOZOL Gear Power 20000 Cool Mint desechable proporciona un placer de vapeo duradero con un sabor a menta refrescante. Con hasta 20.000 caladas en modo Eco o 12.000 caladas en modo Power, ofrece un rendimiento constante y suaves caladas.<\/p>\n\n\n\n<p>Cool Mint proporciona una frescura limpia y helada que vigoriza cada calada sin ser abrumadora. El sistema de doble bobina de malla asegura un rico vapor y claridad de sabor, mientras que la pantalla LED realiza un seguimiento de la vida de la bater\u00eda y los niveles de e-l\u00edquido. Tanto si prefieres el modo Eco para un uso prolongado como el modo Power para un vapor m\u00e1s potente, Cool Mint es una elecci\u00f3n refrescante para una experiencia de vapeo fresca y revitalizante.<\/p>\n\n\n\n<h3 class=\"wp-block-heading\">Especificaciones<\/h3>\n\n\n\n<figure class=\"wp-block-table is-style-stripes\"><table class=\"has-fixed-layout\"><thead><tr><th>Art\u00edculo<\/th><th>Detalles<\/th><\/tr><\/thead><tbody><tr><td><strong>Capacidad de la bater\u00eda<\/strong><\/td><td>650 mAh<\/td><\/tr><tr><td><strong>Capacidad de e-l\u00edquido<\/strong><\/td><td>20 ml (precargada)<\/td><\/tr><tr><td><strong>Potencia de nicotina<\/strong><\/td><td>5% (50mg)<\/td><\/tr><tr><td><strong>Recuento de puff<\/strong><\/td><td>Hasta 20.000 (modo Eco) \/ 12.000 (modo Power)<\/td><\/tr><tr><td><strong>Tipo de bobina<\/strong><\/td><td>Sistema de espiral de doble malla (tecnolog\u00eda S.i.L.C.)<\/td><\/tr><tr><td><strong>Cargando<\/strong><\/td><td>No requiere carga (desechable)<\/td><\/tr><tr><td><strong>Modos<\/strong><\/td><td>Modo Eco \/ Modo Power<\/td><\/tr><tr><td><strong>Mostrar<\/strong><\/td><td>Pantalla LED para el estado de la bater\u00eda y el e-l\u00edquido<\/td><\/tr><tr><td><strong>Opciones de sabor<\/strong><\/td><td>20 sabores disponibles<\/td><\/tr><\/tbody><\/table><\/figure>\n\n\n\n<h3 class=\"wp-block-heading\">C\u00f3mo usar el VOZOL Gear Power 20000 Desechable<\/h3>\n\n\n\n<ol class=\"wp-block-list\">\n<li><strong>Activa el dispositivo:<\/strong> Simplemente inhale para activarlo; no necesita botones.<\/li>\n\n\n\n<li><strong>Controla la bater\u00eda y el e-l\u00edquido:<\/strong> Utilice la <strong>Pantalla LED<\/strong> para comprobar la duraci\u00f3n de la bater\u00eda y el estado del e-l\u00edquido.<\/li>\n\n\n\n<li><strong>Cambia de modo:<\/strong> Elija <strong>Modo Eco<\/strong> para un uso m\u00e1s prolongado o <strong>Modo de alimentaci\u00f3n<\/strong> para una mayor producci\u00f3n de vapor.<\/li>\n\n\n\n<li><strong>Disfr\u00fatalo:<\/strong> Saboree hasta <strong>20.000 bocanadas<\/strong> con sabor consistente y golpes suaves en todo momento.<\/li>\n<\/ol>\n\n\n\n<p>Descubra toda la gama de vapes desechables y accesorios de primera calidad explorando nuestro <strong>p\u00e1gina de inicio<\/strong>, donde podr\u00e1 obtener m\u00e1s informaci\u00f3n sobre nuestro compromiso con la calidad, la autenticidad y la satisfacci\u00f3n del cliente. Si est\u00e1 listo para comprar, visite nuestra <strong>P\u00e1gina de la tienda<\/strong> para echar un vistazo a los \u00faltimos dispositivos VOZOL, los sabores m\u00e1s populares y las ofertas exclusivas disponibles para env\u00edos r\u00e1pidos a todo el mundo. Para una visi\u00f3n completa de la marca, incluyendo los modelos m\u00e1s vendidos y las innovaciones de productos, echa un vistazo a la p\u00e1gina dedicada a VOZOL. <strong>P\u00e1gina de la marca VOZOL<\/strong>, donde todas las colecciones actuales de VOZOL est\u00e1n convenientemente organizadas en un solo lugar.<\/p>\n\n\n\n<h3 class=\"wp-block-heading\">Sabores disponibles<\/h3>\n\n\n\n<ul class=\"wp-block-list\">\n<li>Hielo de sand\u00eda<\/li>\n\n\n\n<li>Hielo de uva<\/li>\n\n\n\n<li>Mango Ice<\/li>\n\n\n\n<li>Doble manzana helada<\/li>\n\n\n\n<li>Menta lim\u00f3n<\/li>\n\n\n\n<li>Tabaco<\/li>\n\n\n\n<li>Melocot\u00f3n helado<\/li>\n\n\n\n<li>Sand\u00eda con fresa<\/li>\n\n\n\n<li>Fresa Kiwi<\/li>\n\n\n\n<li>Sand\u00eda con frambuesa<\/li>\n\n\n\n<li>Hielo Razz Azul<\/li>\n\n\n\n<li>Fresa Mango<\/li>\n\n\n\n<li>Lim\u00f3n Lima<\/li>\n\n\n\n<li>Limonada de cereza<\/li>\n\n\n\n<li>Mezcla de bayas<\/li>\n\n\n\n<li>Fruta del drag\u00f3n Pl\u00e1tano Cereza<\/li>\n\n\n\n<li>LavaFire<\/li>\n\n\n\n<li>Tormenta de ar\u00e1ndanos<\/li>\n\n\n\n<li>Mojito azul<\/li>\n\n\n\n<li>Mango Pi\u00f1a Pomelo<\/li>\n<\/ul>\n\n\n\n<p>Descubra toda la gama de vapes desechables y accesorios de primera calidad explorando nuestro <strong><a href=\"https:\/\/vapemaison.com\/\">Inicio <\/a><\/strong>, donde podr\u00e1 obtener m\u00e1s informaci\u00f3n sobre nuestro compromiso con la calidad, la autenticidad y la satisfacci\u00f3n del cliente. Si est\u00e1 listo para comprar, visite nuestra <strong><a href=\"https:\/\/vapemaison.com\/shop\/\">Tienda<\/a><\/strong> para echar un vistazo a los \u00faltimos dispositivos VOZOL, los sabores m\u00e1s populares y las ofertas exclusivas disponibles para env\u00edos r\u00e1pidos a todo el mundo. Para una visi\u00f3n completa de la marca, incluyendo los modelos m\u00e1s vendidos y las innovaciones de productos, echa un vistazo a la p\u00e1gina dedicada a VOZOL. <strong><a href=\"https:\/\/vapemaison.com\/brand\/vozol\/\">VOZOL<\/a><\/strong>, donde todas las colecciones actuales de VOZOL est\u00e1n convenientemente organizadas en un solo lugar.<\/p>","protected":false},"excerpt":{"rendered":"<p>Cool Mint ofrece una experiencia de vapeo refrescante y helada, limpia y vigorizante. Perfecto para los vapeadores que disfrutan de un sabor fresco y fresco durante todo el d\u00eda, se combina perfectamente con el sistema de doble bobina de malla del Gear Power 20000, proporcionando caladas suaves y consistentes tanto en el modo Eco como en el modo Power.<\/p>","protected":false},"featured_media":12763,"comment_status":"open","ping_status":"closed","template":"","meta":[],"product_brand":[178],"product_cat":[133],"product_tag":[],"class_list":{"0":"post-21394","1":"product","2":"type-product","3":"status-publish","4":"has-post-thumbnail","6":"product_brand-vozol","7":"product_cat-20k-puffs","9":"first","10":"instock","11":"sale","12":"shipping-taxable","13":"purchasable","14":"product-type-variable"},"yoast_head":"<!-- This site is optimized with the Yoast SEO plugin v27.4 - https:\/\/yoast.com\/product\/yoast-seo-wordpress\/ -->\n<title>VOZOL Gear Power 20000 Cool Mint Disposable Vape<\/title>\n<meta name=\"description\" content=\"Enjoy the VOZOL Gear Power 20000 Cool Mint disposable vape with crisp, refreshing mint flavor. Up to 20,000 puffs with smooth, consistent hits.\" \/>\n<meta name=\"robots\" content=\"index, follow, max-snippet:-1, max-image-preview:large, max-video-preview:-1\" \/>\n<link rel=\"canonical\" href=\"https:\/\/vapemaison.com\/es\/producto\/vozol-gear-power-20000-vape-desechable-cool-mint\/\" \/>\n<meta property=\"og:locale\" content=\"es_ES\" \/>\n<meta property=\"og:type\" content=\"article\" \/>\n<meta property=\"og:title\" content=\"VOZOL Gear Power 20000 Cool Mint Disposable Vape\" \/>\n<meta property=\"og:description\" content=\"Enjoy the VOZOL Gear Power 20000 Cool Mint disposable vape with crisp, refreshing mint flavor. Up to 20,000 puffs with smooth, consistent hits.\" \/>\n<meta property=\"og:url\" content=\"https:\/\/vapemaison.com\/es\/producto\/vozol-gear-power-20000-vape-desechable-cool-mint\/\" \/>\n<meta property=\"og:site_name\" content=\"VapeMaison\" \/>\n<meta property=\"article:modified_time\" content=\"2025-12-26T01:51:14+00:00\" \/>\n<meta property=\"og:image\" content=\"https:\/\/vapemaison.com\/wp-content\/uploads\/2025\/11\/cool-mint-vozol-gear-power-disposable-20000-puffs.webp\" \/>\n\t<meta property=\"og:image:width\" content=\"910\" \/>\n\t<meta property=\"og:image:height\" content=\"910\" \/>\n\t<meta property=\"og:image:type\" content=\"image\/webp\" \/>\n<meta name=\"twitter:card\" content=\"summary_large_image\" \/>\n<meta name=\"twitter:label1\" content=\"Tiempo de lectura\" \/>\n\t<meta name=\"twitter:data1\" content=\"3 minutos\" \/>\n<!-- \/ Yoast SEO plugin. -->","yoast_head_json":{"title":"VOZOL Gear Power 20000 Cool Mint Vape desechable","description":"Disfruta del vapeador desechable VOZOL Gear Power 20000 Cool Mint con sabor a menta crujiente y refrescante. Hasta 20.000 caladas con golpes suaves y consistentes.","robots":{"index":"index","follow":"follow","max-snippet":"max-snippet:-1","max-image-preview":"max-image-preview:large","max-video-preview":"max-video-preview:-1"},"canonical":"https:\/\/vapemaison.com\/es\/producto\/vozol-gear-power-20000-vape-desechable-cool-mint\/","og_locale":"es_ES","og_type":"article","og_title":"VOZOL Gear Power 20000 Cool Mint Disposable Vape","og_description":"Enjoy the VOZOL Gear Power 20000 Cool Mint disposable vape with crisp, refreshing mint flavor. Up to 20,000 puffs with smooth, consistent hits.","og_url":"https:\/\/vapemaison.com\/es\/producto\/vozol-gear-power-20000-vape-desechable-cool-mint\/","og_site_name":"VapeMaison","article_modified_time":"2025-12-26T01:51:14+00:00","og_image":[{"width":910,"height":910,"url":"https:\/\/vapemaison.com\/wp-content\/uploads\/2025\/11\/cool-mint-vozol-gear-power-disposable-20000-puffs.webp","type":"image\/webp"}],"twitter_card":"summary_large_image","twitter_misc":{"Tiempo de lectura":"3 minutos"},"schema":{"@context":"https:\/\/schema.org","@graph":[{"@type":"WebPage","@id":"https:\/\/vapemaison.com\/product\/vozol-gear-power-20000-disposable-vape-cool-mint\/","url":"https:\/\/vapemaison.com\/product\/vozol-gear-power-20000-disposable-vape-cool-mint\/","name":"VOZOL Gear Power 20000 Cool Mint Vape desechable","isPartOf":{"@id":"https:\/\/vapemaison.com\/#website"},"primaryImageOfPage":{"@id":"https:\/\/vapemaison.com\/product\/vozol-gear-power-20000-disposable-vape-cool-mint\/#primaryimage"},"image":{"@id":"https:\/\/vapemaison.com\/product\/vozol-gear-power-20000-disposable-vape-cool-mint\/#primaryimage"},"thumbnailUrl":"https:\/\/vapemaison.com\/wp-content\/uploads\/2025\/11\/cool-mint-vozol-gear-power-disposable-20000-puffs.webp","datePublished":"2025-12-24T03:57:01+00:00","dateModified":"2025-12-26T01:51:14+00:00","description":"Disfruta del vapeador desechable VOZOL Gear Power 20000 Cool Mint con sabor a menta crujiente y refrescante. Hasta 20.000 caladas con golpes suaves y consistentes.","breadcrumb":{"@id":"https:\/\/vapemaison.com\/product\/vozol-gear-power-20000-disposable-vape-cool-mint\/#breadcrumb"},"inLanguage":"es","potentialAction":[{"@type":"ReadAction","target":["https:\/\/vapemaison.com\/product\/vozol-gear-power-20000-disposable-vape-cool-mint\/"]}]},{"@type":"ImageObject","inLanguage":"es","@id":"https:\/\/vapemaison.com\/product\/vozol-gear-power-20000-disposable-vape-cool-mint\/#primaryimage","url":"https:\/\/vapemaison.com\/wp-content\/uploads\/2025\/11\/cool-mint-vozol-gear-power-disposable-20000-puffs.webp","contentUrl":"https:\/\/vapemaison.com\/wp-content\/uploads\/2025\/11\/cool-mint-vozol-gear-power-disposable-20000-puffs.webp","width":910,"height":910,"caption":"cool-mint-vozol-gear-power-disposable-20000-puffs"},{"@type":"BreadcrumbList","@id":"https:\/\/vapemaison.com\/product\/vozol-gear-power-20000-disposable-vape-cool-mint\/#breadcrumb","itemListElement":[{"@type":"ListItem","position":1,"name":"\u9996\u9875","item":"https:\/\/vapemaison.com\/"},{"@type":"ListItem","position":2,"name":"Shop","item":"https:\/\/vapemaison.com\/shop\/"},{"@type":"ListItem","position":3,"name":"Vozol","item":"https:\/\/vapemaison.com\/brand\/vozol\/"},{"@type":"ListItem","position":4,"name":"VOZOL Gear Power 20000 Disposable Vape | cool-mint"}]},{"@type":"WebSite","@id":"https:\/\/vapemaison.com\/#website","url":"https:\/\/vapemaison.com\/","name":"VapeMaison","description":"Dispositivos y accesorios premium para vapear","publisher":{"@id":"https:\/\/vapemaison.com\/#organization"},"potentialAction":[{"@type":"SearchAction","target":{"@type":"EntryPoint","urlTemplate":"https:\/\/vapemaison.com\/?s={search_term_string}"},"query-input":{"@type":"PropertyValueSpecification","valueRequired":true,"valueName":"search_term_string"}}],"inLanguage":"es"},{"@type":"Organization","@id":"https:\/\/vapemaison.com\/#organization","name":"VapeMaison","url":"https:\/\/vapemaison.com\/","logo":{"@type":"ImageObject","inLanguage":"es","@id":"https:\/\/vapemaison.com\/#\/schema\/logo\/image\/","url":"https:\/\/vapemaison.com\/wp-content\/uploads\/2026\/01\/cropped-vapemaison-logo-g-2026.webp","contentUrl":"https:\/\/vapemaison.com\/wp-content\/uploads\/2026\/01\/cropped-vapemaison-logo-g-2026.webp","width":350,"height":280,"caption":"VapeMaison"},"image":{"@id":"https:\/\/vapemaison.com\/#\/schema\/logo\/image\/"},"sameAs":["https:\/\/www.youtube.com\/@VapeMaison"]}]}},"tiered_pricing_type":"fixed","tiered_pricing_fixed_rules":{"30":"11.24","50":"10.36","100":"9.56","200":"8.47"},"tiered_pricing_product_settings":{"layout":"default","base_unit_name":{"singular":null,"plural":null},"default_variation":null},"tiered_pricing_minimum_quantity":10,"tiered_pricing_roles_data":[],"tiered_pricing_percentage_rules":[],"tiered_pricing_maximum_quantity":null,"tiered_pricing_quantity_step":"10","_links":{"self":[{"href":"https:\/\/vapemaison.com\/es\/wp-json\/wp\/v2\/product\/21394","targetHints":{"allow":["GET"]}}],"collection":[{"href":"https:\/\/vapemaison.com\/es\/wp-json\/wp\/v2\/product"}],"about":[{"href":"https:\/\/vapemaison.com\/es\/wp-json\/wp\/v2\/types\/product"}],"replies":[{"embeddable":true,"href":"https:\/\/vapemaison.com\/es\/wp-json\/wp\/v2\/comments?post=21394"}],"version-history":[{"count":0,"href":"https:\/\/vapemaison.com\/es\/wp-json\/wp\/v2\/product\/21394\/revisions"}],"wp:featuredmedia":[{"embeddable":true,"href":"https:\/\/vapemaison.com\/es\/wp-json\/wp\/v2\/media\/12763"}],"wp:attachment":[{"href":"https:\/\/vapemaison.com\/es\/wp-json\/wp\/v2\/media?parent=21394"}],"wp:term":[{"taxonomy":"product_brand","embeddable":true,"href":"https:\/\/vapemaison.com\/es\/wp-json\/wp\/v2\/product_brand?post=21394"},{"taxonomy":"product_cat","embeddable":true,"href":"https:\/\/vapemaison.com\/es\/wp-json\/wp\/v2\/product_cat?post=21394"},{"taxonomy":"product_tag","embeddable":true,"href":"https:\/\/vapemaison.com\/es\/wp-json\/wp\/v2\/product_tag?post=21394"}],"curies":[{"name":"wp","href":"https:\/\/api.w.org\/{rel}","templated":true}]}}