

{"id":25580,"date":"2026-01-07T10:28:16","date_gmt":"2026-01-07T10:28:16","guid":{"rendered":"https:\/\/vapemaison.com\/?post_type=product&#038;p=25580"},"modified":"2026-01-22T07:48:22","modified_gmt":"2026-01-22T07:48:22","slug":"puff-zooy-flyer-35000-vape-desechable-al-por-mayor","status":"publish","type":"product","link":"https:\/\/vapemaison.com\/es\/product\/puff-zooy-flyer-35000-disposable-vape-wholesale\/","title":{"rendered":"Puff Zooy Flyer 35k Vape desechable al por mayor"},"content":{"rendered":"<p>En <strong>puff zooyFlyer Vape desechable<\/strong> est\u00e1 dise\u00f1ado para usuarios que buscan un rendimiento duradero, una salida estable y un suministro de sabor constante. Con una capacidad de 35.000 caladas y una bater\u00eda recargable de 850 mAh, el dispositivo permite un uso prolongado manteniendo una producci\u00f3n de vapor fiable.<\/p>\n\n\n\n<p>Equipado con <strong>tecnolog\u00eda de bobina de doble malla<\/strong>, El puff zooy Flyer ofrece un calentamiento uniforme y un sabor consistente durante todo el ciclo de vida del dispositivo. El flujo de aire ajustable permite a los usuarios adaptar la resistencia a sus preferencias, mientras que el sistema integrado de interruptor de clic permite elegir entre los modos Normal y Turbo para una salida de potencia controlada.<\/p>\n\n\n\n<p>El dispositivo cuenta con <strong>Carga r\u00e1pida Tipo-C<\/strong> para minimizar el tiempo de inactividad y una l\u00f3gica de funcionamiento sencilla (control de potencia con 5 clics), lo que la hace adecuada tanto para usuarios nuevos como experimentados. Cada unidad se env\u00eda apagada para garantizar un transporte y almacenamiento seguros.<\/p>\n\n\n\n<h2 class=\"wp-block-heading\">Especificaciones t\u00e9cnicas<\/h2>\n\n\n\n<figure class=\"wp-block-table is-style-stripes\"><table class=\"has-fixed-layout\"><thead><tr><th>Especificaci\u00f3n<\/th><th>Detalles<\/th><\/tr><\/thead><tbody><tr><td>Tipo de producto<\/td><td>Dispositivo Vape desechable<\/td><\/tr><tr><td>Potencia de nicotina<\/td><td>0% \/ 2% \/ 5%<\/td><\/tr><tr><td>N\u00famero m\u00e1ximo de caladas<\/td><td>35.000 bocanadas<\/td><\/tr><tr><td>Capacidad de la bater\u00eda<\/td><td>850mAh<\/td><\/tr><tr><td>Sistema de e-l\u00edquido<\/td><td>Precarga<\/td><\/tr><tr><td>Tipo de bobina<\/td><td>Bobina de doble malla<\/td><\/tr><tr><td>Puerto de carga<\/td><td>USB Tipo-C<\/td><\/tr><tr><td>Control del flujo de aire<\/td><td>S\u00ed<\/td><\/tr><\/tbody><\/table><\/figure>\n\n\n\n<h2 class=\"wp-block-heading\">Sabores disponibles<\/h2>\n\n\n\n<ul class=\"wp-block-list\">\n<li>Caramelo de fresa y frambuesa<\/li>\n\n\n\n<li>Helado de melocot\u00f3n de verano<\/li>\n\n\n\n<li>Cola de cereza efervescente<\/li>\n\n\n\n<li>Sand\u00eda con ar\u00e1ndanos<\/li>\n\n\n\n<li>Fresa Kiwi<\/li>\n\n\n\n<li>Hielo de ar\u00e1ndanos<\/li>\n\n\n\n<li>Hielo de sand\u00eda<\/li>\n\n\n\n<li>Sr. Azul<\/li>\n\n\n\n<li>Mango Ice<\/li>\n\n\n\n<li>Red Bull de fresa<\/li>\n<\/ul>\n\n\n\n<p>Si le interesa saber m\u00e1s sobre <strong>puff zooy<\/strong>, consulte nuestro <strong><a href=\"https:\/\/vapemaison.com\/shop\/\">Colecci\u00f3n de vapeadores desechables Zooy<\/a><\/strong> para explorar otros modelos con diferentes cantidades de caladas y sabores. Para opciones similares, el <strong><a href=\"https:\/\/vapemaison.com\/product\/zooy-trlple-70000-70k-puffs\/\">ZOOY SHISHA 25K<\/a><\/strong> y <strong><a href=\"https:\/\/vapemaison.com\/product\/zooy-zero-45k-puff\/\"><strong>ZOOY CERO 45000<\/strong><\/a><\/strong> son alternativas populares con una mayor duraci\u00f3n de la bater\u00eda y diversas opciones de sabores. Tambi\u00e9n puede consultar nuestra <strong><a href=\"https:\/\/vapemaison.com\/\">dispositivos vape desechables<\/a><\/strong> para comparar otras marcas y encontrar la que mejor se adapte a sus necesidades.<\/p>\n\n\n\n<p><\/p>","protected":false},"excerpt":{"rendered":"<p>The puff zooy\u200bFlyer Disposable Vape is designed for users seeking long-lasting performance, stable output, and consistent flavor delivery. With a high-capacity 35,000-puff rating and an 850mAh rechargeable battery, the device supports extended use while maintaining reliable vapor production. Equipped with dual mesh coil technology, the puff zooy\u200b Flyer delivers even heating and consistent flavor throughout [&hellip;]<\/p>\n","protected":false},"featured_media":25616,"comment_status":"open","ping_status":"closed","template":"","meta":[],"product_brand":[170],"product_cat":[16],"product_tag":[],"class_list":{"0":"post-25580","1":"product","2":"type-product","3":"status-publish","4":"has-post-thumbnail","6":"product_brand-zooy","7":"product_cat-uncategorized","9":"first","10":"instock","11":"sale","12":"shipping-taxable","13":"purchasable","14":"product-type-variable"},"yoast_head":"<!-- This site is optimized with the Yoast SEO plugin v27.4 - https:\/\/yoast.com\/product\/yoast-seo-wordpress\/ -->\n<title>Puff zooy\u200b Flyer 35k Disposable Vape | Dual Mesh Coil<\/title>\n<meta name=\"description\" content=\"Discover the puff zooy\u200b Flyer 35k Disposable Vape featuring an 850mAh rechargeable battery,. Available in multiple nicotine strengths and flavors.\" \/>\n<meta name=\"robots\" content=\"index, follow, max-snippet:-1, max-image-preview:large, max-video-preview:-1\" \/>\n<link rel=\"canonical\" href=\"https:\/\/vapemaison.com\/es\/producto\/puff-zooy-flyer-35000-vape-desechable-al-por-mayor\/\" \/>\n<meta property=\"og:locale\" content=\"es_ES\" \/>\n<meta property=\"og:type\" content=\"article\" \/>\n<meta property=\"og:title\" content=\"Puff zooy\u200b Flyer 35k Disposable Vape | Dual Mesh Coil\" \/>\n<meta property=\"og:description\" content=\"Discover the puff zooy\u200b Flyer 35k Disposable Vape featuring an 850mAh rechargeable battery,. Available in multiple nicotine strengths and flavors.\" \/>\n<meta property=\"og:url\" content=\"https:\/\/vapemaison.com\/es\/producto\/puff-zooy-flyer-35000-vape-desechable-al-por-mayor\/\" \/>\n<meta property=\"og:site_name\" content=\"VapeMaison\" \/>\n<meta property=\"article:modified_time\" content=\"2026-01-22T07:48:22+00:00\" \/>\n<meta property=\"og:image\" content=\"https:\/\/vapemaison.com\/wp-content\/uploads\/2026\/01\/Zooy-Flyer-35000-Strawberry-Kiwi.webp\" \/>\n\t<meta property=\"og:image:width\" content=\"800\" \/>\n\t<meta property=\"og:image:height\" content=\"800\" \/>\n\t<meta property=\"og:image:type\" content=\"image\/webp\" \/>\n<meta name=\"twitter:card\" content=\"summary_large_image\" \/>\n<meta name=\"twitter:label1\" content=\"Tiempo de lectura\" \/>\n\t<meta name=\"twitter:data1\" content=\"2 minutos\" \/>\n<!-- \/ Yoast SEO plugin. -->","yoast_head_json":{"title":"Puff zooy Flyer 35k Vape desechable | Dual Mesh Coil","description":"Descubre el puff zooy Flyer 35k Disposable Vape con una bater\u00eda recargable de 850mAh,. Disponible en m\u00faltiples potencias de nicotina y sabores.","robots":{"index":"index","follow":"follow","max-snippet":"max-snippet:-1","max-image-preview":"max-image-preview:large","max-video-preview":"max-video-preview:-1"},"canonical":"https:\/\/vapemaison.com\/es\/producto\/puff-zooy-flyer-35000-vape-desechable-al-por-mayor\/","og_locale":"es_ES","og_type":"article","og_title":"Puff zooy\u200b Flyer 35k Disposable Vape | Dual Mesh Coil","og_description":"Discover the puff zooy\u200b Flyer 35k Disposable Vape featuring an 850mAh rechargeable battery,. Available in multiple nicotine strengths and flavors.","og_url":"https:\/\/vapemaison.com\/es\/producto\/puff-zooy-flyer-35000-vape-desechable-al-por-mayor\/","og_site_name":"VapeMaison","article_modified_time":"2026-01-22T07:48:22+00:00","og_image":[{"width":800,"height":800,"url":"https:\/\/vapemaison.com\/wp-content\/uploads\/2026\/01\/Zooy-Flyer-35000-Strawberry-Kiwi.webp","type":"image\/webp"}],"twitter_card":"summary_large_image","twitter_misc":{"Tiempo de lectura":"2 minutos"},"schema":{"@context":"https:\/\/schema.org","@graph":[{"@type":"WebPage","@id":"https:\/\/vapemaison.com\/product\/puff-zooy-flyer-35000-disposable-vape-wholesale\/","url":"https:\/\/vapemaison.com\/product\/puff-zooy-flyer-35000-disposable-vape-wholesale\/","name":"Puff zooy Flyer 35k Vape desechable | Dual Mesh Coil","isPartOf":{"@id":"https:\/\/vapemaison.com\/#website"},"primaryImageOfPage":{"@id":"https:\/\/vapemaison.com\/product\/puff-zooy-flyer-35000-disposable-vape-wholesale\/#primaryimage"},"image":{"@id":"https:\/\/vapemaison.com\/product\/puff-zooy-flyer-35000-disposable-vape-wholesale\/#primaryimage"},"thumbnailUrl":"https:\/\/vapemaison.com\/wp-content\/uploads\/2026\/01\/Zooy-Flyer-35000-Strawberry-Kiwi.webp","datePublished":"2026-01-07T10:28:16+00:00","dateModified":"2026-01-22T07:48:22+00:00","description":"Descubre el puff zooy Flyer 35k Disposable Vape con una bater\u00eda recargable de 850mAh,. Disponible en m\u00faltiples potencias de nicotina y sabores.","breadcrumb":{"@id":"https:\/\/vapemaison.com\/product\/puff-zooy-flyer-35000-disposable-vape-wholesale\/#breadcrumb"},"inLanguage":"es","potentialAction":[{"@type":"ReadAction","target":["https:\/\/vapemaison.com\/product\/puff-zooy-flyer-35000-disposable-vape-wholesale\/"]}]},{"@type":"ImageObject","inLanguage":"es","@id":"https:\/\/vapemaison.com\/product\/puff-zooy-flyer-35000-disposable-vape-wholesale\/#primaryimage","url":"https:\/\/vapemaison.com\/wp-content\/uploads\/2026\/01\/Zooy-Flyer-35000-Strawberry-Kiwi.webp","contentUrl":"https:\/\/vapemaison.com\/wp-content\/uploads\/2026\/01\/Zooy-Flyer-35000-Strawberry-Kiwi.webp","width":800,"height":800,"caption":"Zooy-Flyer-35000-Strawberry-Kiwi"},{"@type":"BreadcrumbList","@id":"https:\/\/vapemaison.com\/product\/puff-zooy-flyer-35000-disposable-vape-wholesale\/#breadcrumb","itemListElement":[{"@type":"ListItem","position":1,"name":"\u9996\u9875","item":"https:\/\/vapemaison.com\/"},{"@type":"ListItem","position":2,"name":"Shop","item":"https:\/\/vapemaison.com\/shop\/"},{"@type":"ListItem","position":3,"name":"Zooy","item":"https:\/\/vapemaison.com\/brand\/zooy\/"},{"@type":"ListItem","position":4,"name":"Puff Zooy Flyer 35k Disposable Vape Wholesale"}]},{"@type":"WebSite","@id":"https:\/\/vapemaison.com\/#website","url":"https:\/\/vapemaison.com\/","name":"VapeMaison","description":"Dispositivos y accesorios premium para vapear","publisher":{"@id":"https:\/\/vapemaison.com\/#organization"},"potentialAction":[{"@type":"SearchAction","target":{"@type":"EntryPoint","urlTemplate":"https:\/\/vapemaison.com\/?s={search_term_string}"},"query-input":{"@type":"PropertyValueSpecification","valueRequired":true,"valueName":"search_term_string"}}],"inLanguage":"es"},{"@type":"Organization","@id":"https:\/\/vapemaison.com\/#organization","name":"VapeMaison","url":"https:\/\/vapemaison.com\/","logo":{"@type":"ImageObject","inLanguage":"es","@id":"https:\/\/vapemaison.com\/#\/schema\/logo\/image\/","url":"https:\/\/vapemaison.com\/wp-content\/uploads\/2026\/01\/cropped-vapemaison-logo-g-2026.webp","contentUrl":"https:\/\/vapemaison.com\/wp-content\/uploads\/2026\/01\/cropped-vapemaison-logo-g-2026.webp","width":350,"height":280,"caption":"VapeMaison"},"image":{"@id":"https:\/\/vapemaison.com\/#\/schema\/logo\/image\/"},"sameAs":["https:\/\/www.youtube.com\/@VapeMaison"]}]}},"tiered_pricing_type":"fixed","tiered_pricing_fixed_rules":{"30":"11.68","50":"11.11","100":"10.59","200":"9.78"},"tiered_pricing_product_settings":{"layout":"default","base_unit_name":{"singular":null,"plural":null},"default_variation":null},"tiered_pricing_minimum_quantity":10,"tiered_pricing_roles_data":[],"tiered_pricing_percentage_rules":[],"tiered_pricing_maximum_quantity":null,"tiered_pricing_quantity_step":"10","_links":{"self":[{"href":"https:\/\/vapemaison.com\/es\/wp-json\/wp\/v2\/product\/25580","targetHints":{"allow":["GET"]}}],"collection":[{"href":"https:\/\/vapemaison.com\/es\/wp-json\/wp\/v2\/product"}],"about":[{"href":"https:\/\/vapemaison.com\/es\/wp-json\/wp\/v2\/types\/product"}],"replies":[{"embeddable":true,"href":"https:\/\/vapemaison.com\/es\/wp-json\/wp\/v2\/comments?post=25580"}],"version-history":[{"count":5,"href":"https:\/\/vapemaison.com\/es\/wp-json\/wp\/v2\/product\/25580\/revisions"}],"predecessor-version":[{"id":26179,"href":"https:\/\/vapemaison.com\/es\/wp-json\/wp\/v2\/product\/25580\/revisions\/26179"}],"wp:featuredmedia":[{"embeddable":true,"href":"https:\/\/vapemaison.com\/es\/wp-json\/wp\/v2\/media\/25616"}],"wp:attachment":[{"href":"https:\/\/vapemaison.com\/es\/wp-json\/wp\/v2\/media?parent=25580"}],"wp:term":[{"taxonomy":"product_brand","embeddable":true,"href":"https:\/\/vapemaison.com\/es\/wp-json\/wp\/v2\/product_brand?post=25580"},{"taxonomy":"product_cat","embeddable":true,"href":"https:\/\/vapemaison.com\/es\/wp-json\/wp\/v2\/product_cat?post=25580"},{"taxonomy":"product_tag","embeddable":true,"href":"https:\/\/vapemaison.com\/es\/wp-json\/wp\/v2\/product_tag?post=25580"}],"curies":[{"name":"wp","href":"https:\/\/api.w.org\/{rel}","templated":true}]}}