

{"id":25624,"date":"2026-01-08T08:20:18","date_gmt":"2026-01-08T08:20:18","guid":{"rendered":"https:\/\/vapemaison.com\/?post_type=product&#038;p=25624"},"modified":"2026-01-15T02:29:02","modified_gmt":"2026-01-15T02:29:02","slug":"razz-bar-10000-puffs-vape-recargable","status":"publish","type":"product","link":"https:\/\/vapemaison.com\/es\/product\/razz-bar-10000-puffs-rechargeable-vape\/","title":{"rendered":"RAZZ BAR 10000 Puffs Vape Recargable"},"content":{"rendered":"<p>En <strong>RAZZ BAR 10000 Puffs<\/strong> representa un equilibrio perfecto entre tecnolog\u00eda moderna y comodidad cotidiana. <strong>En concreto<\/strong>, Este dispositivo recargable de alta calidad ofrece hasta 10.000 suaves caladas y est\u00e1 disponible en 16 sabores diferentes. <strong>Porque<\/strong> con un dise\u00f1o compacto y un funcionamiento intuitivo, se adapta perfectamente a su estilo de vida, ya est\u00e9 de viaje o descansando en casa. <strong>Adem\u00e1s<\/strong>, la potente bater\u00eda de 650 mAh admite carga r\u00e1pida Type-C para garantizar un rendimiento fiable y un vapor denso sin concesiones.<\/p>\n\n\n\n<p>Combinando la innovadora tecnolog\u00eda Mesh Coil con una estructura port\u00e1til, el RAZZ BAR garantiza un sabor intenso y una producci\u00f3n de vapor uniforme en cada calada. <strong>En consecuencia<\/strong>, Disfrutar\u00e1 de una experiencia de primera calidad que se adapta a sus preferencias personales. <strong>Adem\u00e1s<\/strong>, El generoso dep\u00f3sito de e-l\u00edquido de 20 ml y las opciones flexibles de nicotina (2% o 5%) hacen de este dispositivo una opci\u00f3n sostenible y vers\u00e1til en comparaci\u00f3n con las alternativas desechables tradicionales.<\/p>\n\n\n\n<h3 class=\"wp-block-heading\">Especificaciones t\u00e9cnicas: Precisi\u00f3n y potencia<\/h3>\n\n\n\n<ul class=\"wp-block-list\">\n<li><strong>Potencia de nicotina:<\/strong> Los usuarios pueden elegir entre <strong>Sal de nicotina 2% y 5%<\/strong>. <strong>En consecuencia<\/strong>, Puedes personalizar tu experiencia para un suave golpe de garganta o una sensaci\u00f3n m\u00e1s intensa.<\/li>\n\n\n\n<li><strong>Capacidad de soplado:<\/strong> El dispositivo suministra hasta <strong>10.000 bocanadas<\/strong>. <strong>Por lo tanto<\/strong>, se erige como una de las opciones m\u00e1s duraderas del mercado para usuarios activos.<\/li>\n\n\n\n<li><strong>Bater\u00eda avanzada:<\/strong> Un sistema integrado <strong>Bater\u00eda recargable de 650 mAh<\/strong> apoya sus necesidades diarias. <strong>Mientras tanto<\/strong>, El <strong>Puerto Tipo-C<\/strong> minimiza el tiempo de inactividad gracias a la carga r\u00e1pida.<\/li>\n\n\n\n<li><strong>Innovadora bobina de malla:<\/strong> Esta tecnolog\u00eda calienta el e-l\u00edquido de manera uniforme. <strong>En concreto<\/strong>, produce aromas m\u00e1s intensos y un vapor m\u00e1s homog\u00e9neo que los serpentines tradicionales.+1<\/li>\n\n\n\n<li><strong>Envasado al por mayor:<\/strong> Empaquetamos <strong>200 unidades por caja<\/strong> para garantizar un almacenamiento y una distribuci\u00f3n eficaces a los compradores a granel.<\/li>\n<\/ul>\n\n\n\n<h3 class=\"wp-block-heading\">Una sinfon\u00eda de sabores: 16 opciones premium<\/h3>\n\n\n\n<p>El RAZZ BAR 10000 Puffs ofrece una amplia selecci\u00f3n de sabores para mantener su experiencia vaping emocionante. <strong>Si<\/strong> prefiere notas afrutadas, dulces o heladas, nuestra gama le ofrece la combinaci\u00f3n perfecta:<\/p>\n\n\n\n<ul class=\"wp-block-list\">\n<li><strong>Cl\u00e1sicos de la fruta:<\/strong> Fresa Kiwi, Melocot\u00f3n Mango Pi\u00f1a y Mezcla de Bayas.<\/li>\n\n\n\n<li><strong>Refresco helado:<\/strong> Hielo de sand\u00eda, hielo de melocot\u00f3n y hielo de ar\u00e1ndanos.<\/li>\n\n\n\n<li><strong>Mezclas \u00fanicas:<\/strong> Kiwi Maracuy\u00e1 Guayaba, Mamba y Limonada Blue Razz.<\/li>\n\n\n\n<li><strong>Dulces y refrescos:<\/strong> Osito de goma y Cola Ice.<\/li>\n<\/ul>\n\n\n\n<h3 class=\"wp-block-heading\">\u00bfPor qu\u00e9 elegir RAZZ BAR 10kPuffs?<\/h3>\n\n\n\n<p><strong>En primer lugar<\/strong>, Adem\u00e1s, este dispositivo reduce los residuos medioambientales porque la bater\u00eda recargable dura m\u00e1s que las desechables est\u00e1ndar. <strong>Segundo<\/strong>, El dep\u00f3sito de e-l\u00edquido de gran capacidad le garantiza que rara vez necesitar\u00e1 un recambio. <strong>Por \u00faltimo<\/strong>, Nuestras estrictas normas de calidad garantizan que cada unidad sea segura, higi\u00e9nica y f\u00e1cil de usar. <strong>En consecuencia<\/strong>, con el que recibir\u00e1 un producto de primera calidad que mejorar\u00e1 su experiencia de vapeo y le ofrecer\u00e1 un valor incre\u00edble.<\/p>","protected":false},"excerpt":{"rendered":"<p>El RAZZ BAR 10000 Puffs combina una enorme capacidad de 20 ml con la avanzada tecnolog\u00eda Mesh Coil para una experiencia de sabor superior. Debido a que cuenta con una bater\u00eda recargable de 650mAh y carga r\u00e1pida Type-C, este dispositivo garantiza que nunca tenga que comprometer el rendimiento. En consecuencia, es la soluci\u00f3n duradera ideal para los vapeadores que exigen calidad y comodidad.<\/p>","protected":false},"featured_media":25711,"comment_status":"open","ping_status":"closed","template":"","meta":[],"product_brand":[313],"product_cat":[132],"product_tag":[],"class_list":{"0":"post-25624","1":"product","2":"type-product","3":"status-publish","4":"has-post-thumbnail","6":"product_brand-razz-bar","7":"product_cat-10k-puffs","9":"first","10":"instock","11":"sale","12":"shipping-taxable","13":"purchasable","14":"product-type-variable"},"yoast_head":"<!-- This site is optimized with the Yoast SEO plugin v27.4 - https:\/\/yoast.com\/product\/yoast-seo-wordpress\/ -->\n<title>RAZZ BAR 10000 Puffs | Rechargeable Disposable Vape<\/title>\n<meta name=\"description\" content=\"The RAZZ BAR 10000 Puffs features 16 premium flavors, a rechargeable 650mAh battery. Shop now for the best wholesale prices and fast shipping!\" \/>\n<meta name=\"robots\" content=\"index, follow, max-snippet:-1, max-image-preview:large, max-video-preview:-1\" \/>\n<link rel=\"canonical\" href=\"https:\/\/vapemaison.com\/es\/producto\/razz-bar-10000-puffs-vape-recargable\/\" \/>\n<meta property=\"og:locale\" content=\"es_ES\" \/>\n<meta property=\"og:type\" content=\"article\" \/>\n<meta property=\"og:title\" content=\"RAZZ BAR 10000 Puffs | Rechargeable Disposable Vape\" \/>\n<meta property=\"og:description\" content=\"The RAZZ BAR 10000 Puffs features 16 premium flavors, a rechargeable 650mAh battery. Shop now for the best wholesale prices and fast shipping!\" \/>\n<meta property=\"og:url\" content=\"https:\/\/vapemaison.com\/es\/producto\/razz-bar-10000-puffs-vape-recargable\/\" \/>\n<meta property=\"og:site_name\" content=\"VapeMaison\" \/>\n<meta property=\"article:modified_time\" content=\"2026-01-15T02:29:02+00:00\" \/>\n<meta property=\"og:image\" content=\"https:\/\/vapemaison.com\/wp-content\/uploads\/2026\/01\/razz-bar-10000-puffs-product-display.jpg\" \/>\n\t<meta property=\"og:image:width\" content=\"1800\" \/>\n\t<meta property=\"og:image:height\" content=\"1800\" \/>\n\t<meta property=\"og:image:type\" content=\"image\/jpeg\" \/>\n<meta name=\"twitter:card\" content=\"summary_large_image\" \/>\n<meta name=\"twitter:label1\" content=\"Tiempo de lectura\" \/>\n\t<meta name=\"twitter:data1\" content=\"2 minutos\" \/>\n<!-- \/ Yoast SEO plugin. -->","yoast_head_json":{"title":"RAZZ BAR 10000 Puffs | Vape Desechable Recargable","description":"El RAZZ BAR 10000 Puffs cuenta con 16 sabores de primera calidad, una bater\u00eda recargable de 650mAh. \u00a1Compre ahora para los mejores precios al por mayor y env\u00edo r\u00e1pido!","robots":{"index":"index","follow":"follow","max-snippet":"max-snippet:-1","max-image-preview":"max-image-preview:large","max-video-preview":"max-video-preview:-1"},"canonical":"https:\/\/vapemaison.com\/es\/producto\/razz-bar-10000-puffs-vape-recargable\/","og_locale":"es_ES","og_type":"article","og_title":"RAZZ BAR 10000 Puffs | Rechargeable Disposable Vape","og_description":"The RAZZ BAR 10000 Puffs features 16 premium flavors, a rechargeable 650mAh battery. Shop now for the best wholesale prices and fast shipping!","og_url":"https:\/\/vapemaison.com\/es\/producto\/razz-bar-10000-puffs-vape-recargable\/","og_site_name":"VapeMaison","article_modified_time":"2026-01-15T02:29:02+00:00","og_image":[{"width":1800,"height":1800,"url":"https:\/\/vapemaison.com\/wp-content\/uploads\/2026\/01\/razz-bar-10000-puffs-product-display.jpg","type":"image\/jpeg"}],"twitter_card":"summary_large_image","twitter_misc":{"Tiempo de lectura":"2 minutos"},"schema":{"@context":"https:\/\/schema.org","@graph":[{"@type":"WebPage","@id":"https:\/\/vapemaison.com\/product\/razz-bar-10000-puffs-rechargeable-vape\/","url":"https:\/\/vapemaison.com\/product\/razz-bar-10000-puffs-rechargeable-vape\/","name":"RAZZ BAR 10000 Puffs | Vape Desechable Recargable","isPartOf":{"@id":"https:\/\/vapemaison.com\/#website"},"primaryImageOfPage":{"@id":"https:\/\/vapemaison.com\/product\/razz-bar-10000-puffs-rechargeable-vape\/#primaryimage"},"image":{"@id":"https:\/\/vapemaison.com\/product\/razz-bar-10000-puffs-rechargeable-vape\/#primaryimage"},"thumbnailUrl":"https:\/\/vapemaison.com\/wp-content\/uploads\/2026\/01\/razz-bar-10000-puffs-product-display.jpg","datePublished":"2026-01-08T08:20:18+00:00","dateModified":"2026-01-15T02:29:02+00:00","description":"El RAZZ BAR 10000 Puffs cuenta con 16 sabores de primera calidad, una bater\u00eda recargable de 650mAh. \u00a1Compre ahora para los mejores precios al por mayor y env\u00edo r\u00e1pido!","breadcrumb":{"@id":"https:\/\/vapemaison.com\/product\/razz-bar-10000-puffs-rechargeable-vape\/#breadcrumb"},"inLanguage":"es","potentialAction":[{"@type":"ReadAction","target":["https:\/\/vapemaison.com\/product\/razz-bar-10000-puffs-rechargeable-vape\/"]}]},{"@type":"ImageObject","inLanguage":"es","@id":"https:\/\/vapemaison.com\/product\/razz-bar-10000-puffs-rechargeable-vape\/#primaryimage","url":"https:\/\/vapemaison.com\/wp-content\/uploads\/2026\/01\/razz-bar-10000-puffs-product-display.jpg","contentUrl":"https:\/\/vapemaison.com\/wp-content\/uploads\/2026\/01\/razz-bar-10000-puffs-product-display.jpg","width":1800,"height":1800,"caption":"razz-bar-10000-puffs-product-display"},{"@type":"BreadcrumbList","@id":"https:\/\/vapemaison.com\/product\/razz-bar-10000-puffs-rechargeable-vape\/#breadcrumb","itemListElement":[{"@type":"ListItem","position":1,"name":"\u9996\u9875","item":"https:\/\/vapemaison.com\/"},{"@type":"ListItem","position":2,"name":"Shop","item":"https:\/\/vapemaison.com\/shop\/"},{"@type":"ListItem","position":3,"name":"Razz Bar","item":"https:\/\/vapemaison.com\/brand\/razz-bar\/"},{"@type":"ListItem","position":4,"name":"RAZZ BAR 10000 Puffs Rechargeable Vape"}]},{"@type":"WebSite","@id":"https:\/\/vapemaison.com\/#website","url":"https:\/\/vapemaison.com\/","name":"VapeMaison","description":"Dispositivos y accesorios premium para vapear","publisher":{"@id":"https:\/\/vapemaison.com\/#organization"},"potentialAction":[{"@type":"SearchAction","target":{"@type":"EntryPoint","urlTemplate":"https:\/\/vapemaison.com\/?s={search_term_string}"},"query-input":{"@type":"PropertyValueSpecification","valueRequired":true,"valueName":"search_term_string"}}],"inLanguage":"es"},{"@type":"Organization","@id":"https:\/\/vapemaison.com\/#organization","name":"VapeMaison","url":"https:\/\/vapemaison.com\/","logo":{"@type":"ImageObject","inLanguage":"es","@id":"https:\/\/vapemaison.com\/#\/schema\/logo\/image\/","url":"https:\/\/vapemaison.com\/wp-content\/uploads\/2026\/01\/cropped-vapemaison-logo-g-2026.webp","contentUrl":"https:\/\/vapemaison.com\/wp-content\/uploads\/2026\/01\/cropped-vapemaison-logo-g-2026.webp","width":350,"height":280,"caption":"VapeMaison"},"image":{"@id":"https:\/\/vapemaison.com\/#\/schema\/logo\/image\/"},"sameAs":["https:\/\/www.youtube.com\/@VapeMaison"]}]}},"tiered_pricing_type":"fixed","tiered_pricing_fixed_rules":{"100":"11.72","200":"8.45","500":"7.68"},"tiered_pricing_product_settings":{"layout":"default","base_unit_name":{"singular":null,"plural":null},"default_variation":null},"tiered_pricing_minimum_quantity":50,"tiered_pricing_roles_data":[],"tiered_pricing_percentage_rules":[],"tiered_pricing_maximum_quantity":null,"tiered_pricing_quantity_step":"10","_links":{"self":[{"href":"https:\/\/vapemaison.com\/es\/wp-json\/wp\/v2\/product\/25624","targetHints":{"allow":["GET"]}}],"collection":[{"href":"https:\/\/vapemaison.com\/es\/wp-json\/wp\/v2\/product"}],"about":[{"href":"https:\/\/vapemaison.com\/es\/wp-json\/wp\/v2\/types\/product"}],"replies":[{"embeddable":true,"href":"https:\/\/vapemaison.com\/es\/wp-json\/wp\/v2\/comments?post=25624"}],"version-history":[{"count":2,"href":"https:\/\/vapemaison.com\/es\/wp-json\/wp\/v2\/product\/25624\/revisions"}],"predecessor-version":[{"id":25671,"href":"https:\/\/vapemaison.com\/es\/wp-json\/wp\/v2\/product\/25624\/revisions\/25671"}],"wp:featuredmedia":[{"embeddable":true,"href":"https:\/\/vapemaison.com\/es\/wp-json\/wp\/v2\/media\/25711"}],"wp:attachment":[{"href":"https:\/\/vapemaison.com\/es\/wp-json\/wp\/v2\/media?parent=25624"}],"wp:term":[{"taxonomy":"product_brand","embeddable":true,"href":"https:\/\/vapemaison.com\/es\/wp-json\/wp\/v2\/product_brand?post=25624"},{"taxonomy":"product_cat","embeddable":true,"href":"https:\/\/vapemaison.com\/es\/wp-json\/wp\/v2\/product_cat?post=25624"},{"taxonomy":"product_tag","embeddable":true,"href":"https:\/\/vapemaison.com\/es\/wp-json\/wp\/v2\/product_tag?post=25624"}],"curies":[{"name":"wp","href":"https:\/\/api.w.org\/{rel}","templated":true}]}}