

{"id":25626,"date":"2026-01-08T10:42:46","date_gmt":"2026-01-08T10:42:46","guid":{"rendered":"https:\/\/vapemaison.com\/?post_type=product&#038;p=25626"},"modified":"2026-01-15T02:27:26","modified_gmt":"2026-01-15T02:27:26","slug":"razz-bar-12000-puff-12k-22ml-5-nic-sal","status":"publish","type":"product","link":"https:\/\/vapemaison.com\/es\/product\/razz-bar-12000-puff-12k-22ml-5-nic-salt\/","title":{"rendered":"Razz bar 12000 puff 12K 22mL, 5% Nic Salt"},"content":{"rendered":"<p>En <strong>RAZZ BAR 12000 Puffs<\/strong> representa el pin\u00e1culo de la tecnolog\u00eda moderna de vaping. <strong>En concreto<\/strong>, Este dispositivo insignia ofrece un sabor m\u00e1s genuino y una producci\u00f3n de vapor m\u00e1s fuerte que cualquier modelo anterior. <strong>Porque<\/strong> cuenta con una potente salida de 22W con control integrado de voltaje y flujo de aire, ofrece una experiencia totalmente personalizable. <strong>Adem\u00e1s<\/strong>, La enorme capacidad de 22 ml de e-l\u00edquido y la bater\u00eda recargable de 650 mAh garantizan que su dispositivo cumpla todas las expectativas de robustez y uniformidad.<\/p>\n\n\n\n<p><strong>Adem\u00e1s de<\/strong> su alto rendimiento, la RAZZ BAR 12000 presenta una impresionante carcasa transl\u00facida y un sofisticado dise\u00f1o. Esta est\u00e9tica llamativa establece nuevos est\u00e1ndares en el sector. <strong>En consecuencia<\/strong>, Si quieres mejorar tu experiencia con el cigarrillo electr\u00f3nico, el RAZZ BAR 12000 Puffs es la soluci\u00f3n definitiva.<\/p>\n\n\n\n<h3 class=\"wp-block-heading\">Especificaciones t\u00e9cnicas: Dise\u00f1ado para la potencia<\/h3>\n\n\n\n<ul class=\"wp-block-list\">\n<li><strong>Capacidad de soplado:<\/strong> Suministra hasta <strong>12.000 bocanadas<\/strong>, garantizando el valor a largo plazo para cada usuario.<\/li>\n\n\n\n<li><strong>Capacidad masiva:<\/strong> Cada dispositivo contiene <strong>22 ml de e-l\u00edquido premium<\/strong>. <strong>Por lo tanto<\/strong>, Disfrutar\u00e1 de semanas de uso ininterrumpido.<\/li>\n\n\n\n<li><strong>Potencia variable:<\/strong> En <strong>22 W de potencia<\/strong> combinado con <strong>Control del flujo de aire<\/strong> permite ajustar con precisi\u00f3n la densidad del vapor.<\/li>\n\n\n\n<li><strong>Opciones de nicotina:<\/strong> Disponible en <strong>2% y 5% sal nicotina<\/strong> para adaptarse a las distintas preferencias de los usuarios y a la normativa del mercado.<\/li>\n\n\n\n<li><strong>Caracter\u00edsticas inteligentes:<\/strong> El sistema integrado <strong>Iluminaci\u00f3n RGB<\/strong> a\u00f1ade un toque moderno, mientras que el <strong>Puerto Tipo-C<\/strong> garantiza una carga r\u00e1pida.<\/li>\n\n\n\n<li><strong>Bobina de malla avanzada:<\/strong> Esta tecnolog\u00eda calienta el l\u00edquido de manera uniforme. <strong>En concreto<\/strong>, garantiza un suave golpe de garganta y un sabor aut\u00e9ntico desde la primera calada hasta la \u00faltima.<\/li>\n<\/ul>\n\n\n\n<h3 class=\"wp-block-heading\">Selecci\u00f3n de Sabores Premium: 16 mezclas Elite<\/h3>\n\n\n\n<p>La l\u00ednea RAZZ BAR 12000 ofrece una amplia variedad de sabores. <strong>Si<\/strong> prefiere un refresco helado o una mezcla de dulces, nuestra colecci\u00f3n satisface todos los paladares:<\/p>\n\n\n\n<ul class=\"wp-block-list\">\n<li><strong>Fruta y hielo:<\/strong> Hielo de Melocot\u00f3n, Hielo de Sand\u00eda, Hielo de Mango y Hielo de Ar\u00e1ndanos.<\/li>\n\n\n\n<li><strong>Fusiones ex\u00f3ticas:<\/strong> Kiwi Maracuy\u00e1 Guayaba, Mamba y Ar\u00e1ndano Frambuesa.<\/li>\n\n\n\n<li><strong>Dulces cl\u00e1sicos:<\/strong> Chicle de fresa y sand\u00eda y Chicle de ar\u00e1ndanos.<\/li>\n\n\n\n<li><strong>Bebida inspirada:<\/strong> Red Bull Ice y Blue Razz Lemonade.<\/li>\n<\/ul>\n\n\n\n<h3 class=\"wp-block-heading\">Ventajas para mayoristas y minoristas<\/h3>\n\n\n\n<p><strong>Elegir<\/strong> nuestros productos garantiza una ventaja competitiva en su mercado local. <strong>En consecuencia<\/strong>, Ofrecemos una log\u00edstica optimizada para todos los socios comerciales:<\/p>\n\n\n\n<ul class=\"wp-block-list\">\n<li><strong>Pantalla preparada:<\/strong> Cada caja expositora contiene 10 piezas.<\/li>\n\n\n\n<li><strong>Embalaje a granel:<\/strong> Embalamos 200 unidades por caja para un almacenamiento eficaz.<\/li>\n\n\n\n<li><strong>Seguridad garantizada:<\/strong> Todas las unidades se someten a estrictos controles de calidad para cumplir las normas internacionales. <strong>As\u00ed<\/strong>, puede vender con absoluta confianza.<\/li>\n<\/ul>\n\n\n\n<h3 class=\"wp-block-heading\">Preguntas m\u00e1s frecuentes (FAQ)<\/h3>\n\n\n\n<p><strong>1. \u00bfPuedo ajustar el flujo de aire?<\/strong> S\u00ed, el dispositivo cuenta con un <strong>Control del flujo de aire<\/strong> v\u00e1lvula. <strong>En consecuencia<\/strong>, Puedes alternar entre una calada m\u00e1s estrecha y una experiencia m\u00e1s abierta y llena de nubes.<\/p>\n\n\n\n<p><strong>2. \u00bfCu\u00e1nto duran las 12.000 caladas?<\/strong> Con un uso normal, el dep\u00f3sito de 22 ml dura varias semanas. <strong>Sin embargo<\/strong>, La duraci\u00f3n exacta depende de los ajustes de vataje y flujo de aire que prefieras.<\/p>\n\n\n\n<p><strong>3. \u00bfLa bater\u00eda es recargable?<\/strong> Absolutamente. <strong>Desde<\/strong> incluye una bater\u00eda de 650mAh y un puerto Type-C, podr\u00e1s aprovechar al m\u00e1ximo cada gota de e-l\u00edquido.<\/p>\n\n\n\n<p><\/p>","protected":false},"excerpt":{"rendered":"<p>El RAZZ BAR 12000 Puffs combina una enorme capacidad de 22ml de e-l\u00edquido con una potente salida ajustable de 22W. Debido a que cuenta con control de flujo de aire y una bater\u00eda recargable de tipo C, este dispositivo proporciona una experiencia de vapeo a medida y de larga duraci\u00f3n. Por lo tanto, es la mejor opci\u00f3n para aquellos que buscan un sabor superior y un dise\u00f1o moderno.<\/p>","protected":false},"featured_media":25778,"comment_status":"open","ping_status":"closed","template":"","meta":[],"product_brand":[313],"product_cat":[154],"product_tag":[],"class_list":{"0":"post-25626","1":"product","2":"type-product","3":"status-publish","4":"has-post-thumbnail","6":"product_brand-razz-bar","7":"product_cat-12k-puffs","9":"first","10":"instock","11":"sale","12":"shipping-taxable","13":"purchasable","14":"product-type-variable"},"yoast_head":"<!-- This site is optimized with the Yoast SEO plugin v27.4 - https:\/\/yoast.com\/product\/yoast-seo-wordpress\/ -->\n<title>RAZZ BAR 12000 Puffs Adjustable Airflow Disposable Vape<\/title>\n<meta name=\"description\" content=\"Discover the RAZZ BAR 12000 Puffs. Features 22ml capacity, 22W power control, RGB lights, and Mesh Coil technology. Shop wholesale now for the best prices!\" \/>\n<meta name=\"robots\" content=\"index, follow, max-snippet:-1, max-image-preview:large, max-video-preview:-1\" \/>\n<link rel=\"canonical\" href=\"https:\/\/vapemaison.com\/es\/producto\/razz-bar-12000-puff-12k-22ml-5-nic-sal\/\" \/>\n<meta property=\"og:locale\" content=\"es_ES\" \/>\n<meta property=\"og:type\" content=\"article\" \/>\n<meta property=\"og:title\" content=\"RAZZ BAR 12000 Puffs Adjustable Airflow Disposable Vape\" \/>\n<meta property=\"og:description\" content=\"Discover the RAZZ BAR 12000 Puffs. Features 22ml capacity, 22W power control, RGB lights, and Mesh Coil technology. Shop wholesale now for the best prices!\" \/>\n<meta property=\"og:url\" content=\"https:\/\/vapemaison.com\/es\/producto\/razz-bar-12000-puff-12k-22ml-5-nic-sal\/\" \/>\n<meta property=\"og:site_name\" content=\"VapeMaison\" \/>\n<meta property=\"article:modified_time\" content=\"2026-01-15T02:27:26+00:00\" \/>\n<meta property=\"og:image\" content=\"https:\/\/vapemaison.com\/wp-content\/uploads\/2026\/01\/razz-bar-12000-puffs-vape-product-display.webp\" \/>\n\t<meta property=\"og:image:width\" content=\"640\" \/>\n\t<meta property=\"og:image:height\" content=\"640\" \/>\n\t<meta property=\"og:image:type\" content=\"image\/webp\" \/>\n<meta name=\"twitter:card\" content=\"summary_large_image\" \/>\n<meta name=\"twitter:label1\" content=\"Tiempo de lectura\" \/>\n\t<meta name=\"twitter:data1\" content=\"3 minutos\" \/>\n<!-- \/ Yoast SEO plugin. -->","yoast_head_json":{"title":"RAZZ BAR 12000 Puffs Flujo de Aire Ajustable Vape Desechable","description":"Descubre el RAZZ BAR 12000 Puffs. Cuenta con 22ml de capacidad, control de potencia de 22W, luces RGB y tecnolog\u00eda Mesh Coil. \u00a1Compre al por mayor ahora para obtener los mejores precios!","robots":{"index":"index","follow":"follow","max-snippet":"max-snippet:-1","max-image-preview":"max-image-preview:large","max-video-preview":"max-video-preview:-1"},"canonical":"https:\/\/vapemaison.com\/es\/producto\/razz-bar-12000-puff-12k-22ml-5-nic-sal\/","og_locale":"es_ES","og_type":"article","og_title":"RAZZ BAR 12000 Puffs Adjustable Airflow Disposable Vape","og_description":"Discover the RAZZ BAR 12000 Puffs. Features 22ml capacity, 22W power control, RGB lights, and Mesh Coil technology. Shop wholesale now for the best prices!","og_url":"https:\/\/vapemaison.com\/es\/producto\/razz-bar-12000-puff-12k-22ml-5-nic-sal\/","og_site_name":"VapeMaison","article_modified_time":"2026-01-15T02:27:26+00:00","og_image":[{"width":640,"height":640,"url":"https:\/\/vapemaison.com\/wp-content\/uploads\/2026\/01\/razz-bar-12000-puffs-vape-product-display.webp","type":"image\/webp"}],"twitter_card":"summary_large_image","twitter_misc":{"Tiempo de lectura":"3 minutos"},"schema":{"@context":"https:\/\/schema.org","@graph":[{"@type":"WebPage","@id":"https:\/\/vapemaison.com\/product\/razz-bar-12000-puff-12k-22ml-5-nic-salt\/","url":"https:\/\/vapemaison.com\/product\/razz-bar-12000-puff-12k-22ml-5-nic-salt\/","name":"RAZZ BAR 12000 Puffs Flujo de Aire Ajustable Vape Desechable","isPartOf":{"@id":"https:\/\/vapemaison.com\/#website"},"primaryImageOfPage":{"@id":"https:\/\/vapemaison.com\/product\/razz-bar-12000-puff-12k-22ml-5-nic-salt\/#primaryimage"},"image":{"@id":"https:\/\/vapemaison.com\/product\/razz-bar-12000-puff-12k-22ml-5-nic-salt\/#primaryimage"},"thumbnailUrl":"https:\/\/vapemaison.com\/wp-content\/uploads\/2026\/01\/razz-bar-12000-puffs-vape-product-display.webp","datePublished":"2026-01-08T10:42:46+00:00","dateModified":"2026-01-15T02:27:26+00:00","description":"Descubre el RAZZ BAR 12000 Puffs. Cuenta con 22ml de capacidad, control de potencia de 22W, luces RGB y tecnolog\u00eda Mesh Coil. \u00a1Compre al por mayor ahora para obtener los mejores precios!","breadcrumb":{"@id":"https:\/\/vapemaison.com\/product\/razz-bar-12000-puff-12k-22ml-5-nic-salt\/#breadcrumb"},"inLanguage":"es","potentialAction":[{"@type":"ReadAction","target":["https:\/\/vapemaison.com\/product\/razz-bar-12000-puff-12k-22ml-5-nic-salt\/"]}]},{"@type":"ImageObject","inLanguage":"es","@id":"https:\/\/vapemaison.com\/product\/razz-bar-12000-puff-12k-22ml-5-nic-salt\/#primaryimage","url":"https:\/\/vapemaison.com\/wp-content\/uploads\/2026\/01\/razz-bar-12000-puffs-vape-product-display.webp","contentUrl":"https:\/\/vapemaison.com\/wp-content\/uploads\/2026\/01\/razz-bar-12000-puffs-vape-product-display.webp","width":640,"height":640,"caption":"razz-bar-12000-puffs-vape-product-display"},{"@type":"BreadcrumbList","@id":"https:\/\/vapemaison.com\/product\/razz-bar-12000-puff-12k-22ml-5-nic-salt\/#breadcrumb","itemListElement":[{"@type":"ListItem","position":1,"name":"\u9996\u9875","item":"https:\/\/vapemaison.com\/"},{"@type":"ListItem","position":2,"name":"Shop","item":"https:\/\/vapemaison.com\/shop\/"},{"@type":"ListItem","position":3,"name":"Razz Bar","item":"https:\/\/vapemaison.com\/brand\/razz-bar\/"},{"@type":"ListItem","position":4,"name":"Razz bar 12000 puff 12K 22mL, 5% Nic Salt"}]},{"@type":"WebSite","@id":"https:\/\/vapemaison.com\/#website","url":"https:\/\/vapemaison.com\/","name":"VapeMaison","description":"Dispositivos y accesorios premium para vapear","publisher":{"@id":"https:\/\/vapemaison.com\/#organization"},"potentialAction":[{"@type":"SearchAction","target":{"@type":"EntryPoint","urlTemplate":"https:\/\/vapemaison.com\/?s={search_term_string}"},"query-input":{"@type":"PropertyValueSpecification","valueRequired":true,"valueName":"search_term_string"}}],"inLanguage":"es"},{"@type":"Organization","@id":"https:\/\/vapemaison.com\/#organization","name":"VapeMaison","url":"https:\/\/vapemaison.com\/","logo":{"@type":"ImageObject","inLanguage":"es","@id":"https:\/\/vapemaison.com\/#\/schema\/logo\/image\/","url":"https:\/\/vapemaison.com\/wp-content\/uploads\/2026\/01\/cropped-vapemaison-logo-g-2026.webp","contentUrl":"https:\/\/vapemaison.com\/wp-content\/uploads\/2026\/01\/cropped-vapemaison-logo-g-2026.webp","width":350,"height":280,"caption":"VapeMaison"},"image":{"@id":"https:\/\/vapemaison.com\/#\/schema\/logo\/image\/"},"sameAs":["https:\/\/www.youtube.com\/@VapeMaison"]}]}},"tiered_pricing_type":"fixed","tiered_pricing_fixed_rules":{"100":"11.13","200":"10.24","500":"9.45"},"tiered_pricing_product_settings":{"layout":"default","base_unit_name":{"singular":null,"plural":null},"default_variation":null},"tiered_pricing_minimum_quantity":50,"tiered_pricing_roles_data":[],"tiered_pricing_percentage_rules":[],"tiered_pricing_maximum_quantity":null,"tiered_pricing_quantity_step":"10","_links":{"self":[{"href":"https:\/\/vapemaison.com\/es\/wp-json\/wp\/v2\/product\/25626","targetHints":{"allow":["GET"]}}],"collection":[{"href":"https:\/\/vapemaison.com\/es\/wp-json\/wp\/v2\/product"}],"about":[{"href":"https:\/\/vapemaison.com\/es\/wp-json\/wp\/v2\/types\/product"}],"replies":[{"embeddable":true,"href":"https:\/\/vapemaison.com\/es\/wp-json\/wp\/v2\/comments?post=25626"}],"version-history":[{"count":2,"href":"https:\/\/vapemaison.com\/es\/wp-json\/wp\/v2\/product\/25626\/revisions"}],"predecessor-version":[{"id":25821,"href":"https:\/\/vapemaison.com\/es\/wp-json\/wp\/v2\/product\/25626\/revisions\/25821"}],"wp:featuredmedia":[{"embeddable":true,"href":"https:\/\/vapemaison.com\/es\/wp-json\/wp\/v2\/media\/25778"}],"wp:attachment":[{"href":"https:\/\/vapemaison.com\/es\/wp-json\/wp\/v2\/media?parent=25626"}],"wp:term":[{"taxonomy":"product_brand","embeddable":true,"href":"https:\/\/vapemaison.com\/es\/wp-json\/wp\/v2\/product_brand?post=25626"},{"taxonomy":"product_cat","embeddable":true,"href":"https:\/\/vapemaison.com\/es\/wp-json\/wp\/v2\/product_cat?post=25626"},{"taxonomy":"product_tag","embeddable":true,"href":"https:\/\/vapemaison.com\/es\/wp-json\/wp\/v2\/product_tag?post=25626"}],"curies":[{"name":"wp","href":"https:\/\/api.w.org\/{rel}","templated":true}]}}