

{"id":25629,"date":"2026-01-08T09:57:26","date_gmt":"2026-01-08T09:57:26","guid":{"rendered":"https:\/\/vapemaison.com\/?post_type=product&#038;p=25629"},"modified":"2026-01-15T02:27:37","modified_gmt":"2026-01-15T02:27:37","slug":"razz-bar-40000-puffs-dual-flavor-vaping","status":"publish","type":"product","link":"https:\/\/vapemaison.com\/es\/product\/razz-bar-40000-puffs-dual-flavor-vaping\/","title":{"rendered":"RAZZ BAR 40000 Puffs: Vaping de doble sabor"},"content":{"rendered":"<p>En <strong>RAZZ BAR 40000 Puffs<\/strong> se erige como un aut\u00e9ntico tit\u00e1n en el mercado de los cigarrillos electr\u00f3nicos desechables. <strong>En concreto<\/strong>, Adem\u00e1s, ofrece una potencia sin precedentes de 40.000 caladas y cuenta con un innovador sistema de doble dep\u00f3sito para una experiencia personalizable.<sup><\/sup> <strong>Porque<\/strong> hemos dise\u00f1ado este dispositivo para que dure lo m\u00e1ximo posible, es el compa\u00f1ero perfecto para su vida diaria. <strong>Adem\u00e1s<\/strong>, El dise\u00f1o de alta capacidad garantiza que disfrutar\u00e1 de un vapor de primera calidad sin necesidad de sustituirlo constantemente.<sup><\/sup>+1<\/p>\n\n\n\n<p>Este dispositivo fusiona a la perfecci\u00f3n la est\u00e9tica con la funcionalidad de gama alta. <strong>Por ejemplo<\/strong>, integrado <strong>Pantalla LED<\/strong> proporciona actualizaciones en tiempo real de los niveles de bater\u00eda y e-l\u00edquido.<sup><\/sup> <strong>Mientras tanto<\/strong>, La avanzada tecnolog\u00eda Mesh Coil proporciona un sabor intenso y constante en cada calada. <strong>En consecuencia<\/strong>, El RAZZ BAR 40000 se ha convertido en la mejor elecci\u00f3n para los vapeadores que priorizan la variedad, el rendimiento y la facilidad de uso.<\/p>\n\n\n\n<h3 class=\"wp-block-heading\">Especificaciones t\u00e9cnicas: Excelencia en cada calada<\/h3>\n\n\n\n<ul class=\"wp-block-list\">\n<li><strong>Gran capacidad de soplado:<\/strong> El RAZZ BAR ofrece hasta <strong>40.000 bocanadas<\/strong>. <strong>En consecuencia<\/strong>, Este dispositivo puede durar semanas o incluso meses, dependiendo de tus h\u00e1bitos de uso personales.<\/li>\n\n\n\n<li><strong>Innovaci\u00f3n de doble sabor:<\/strong> Cada dispositivo contiene un <strong>sistema de doble dep\u00f3sito<\/strong>. <strong>Por lo tanto<\/strong>, Puede cambiar entre dos sabores distintos simplemente girando la boquilla.<\/li>\n\n\n\n<li><strong>Supervisi\u00f3n inteligente:<\/strong> El sistema <strong>Pantalla LED<\/strong> controla la duraci\u00f3n de la bater\u00eda y los niveles de l\u00edquido. <strong>En consecuencia<\/strong>, As\u00ed podr\u00e1 planificar su d\u00eda sin preocuparse por una p\u00e9rdida inesperada de energ\u00eda.<\/li>\n\n\n\n<li><strong>Flexibilidad de la nicotina:<\/strong> Ofrecemos <strong>2% y 5% sal nicotina<\/strong> opciones. <strong>En concreto<\/strong>, La nicotina salada garantiza un suave golpe de garganta y una absorci\u00f3n m\u00e1s r\u00e1pida para una experiencia satisfactoria.+1<\/li>\n\n\n\n<li><strong>Alimentaci\u00f3n y carga:<\/strong> En <strong>Bater\u00eda recargable de 650 mAh<\/strong> utiliza <strong>Carga r\u00e1pida Tipo-C<\/strong>. <strong>As\u00ed<\/strong>, minimiza el tiempo de inactividad y mantiene un h\u00e1bito de vapeo m\u00e1s sostenible.<\/li>\n\n\n\n<li><strong>Eficiencia mayorista:<\/strong> Empaquetamos <strong>200 unidades por caja<\/strong> para agilizar la log\u00edstica de minoristas y mayoristas.<\/li>\n<\/ul>\n\n\n\n<h3 class=\"wp-block-heading\">Combinaciones de dos sabores: Doble placer<\/h3>\n\n\n\n<p>El RAZZ BAR 40000 ofrece 10 combinaciones \u00fanicas de \u201cDoble Aroma\u201d. <strong>Si<\/strong> Si le apetece un dulce afrutado o un refresco helado, estos maridajes har\u00e1n que su experiencia sea emocionante:<\/p>\n\n\n\n<ul class=\"wp-block-list\">\n<li><strong>Lima lim\u00f3n \/ Hielo exuberante<\/strong><\/li>\n\n\n\n<li><strong>Fresa helada \/ Mezcla de bayas<\/strong><\/li>\n\n\n\n<li><strong>Blue Razz Ice \/ Chicle de fresa y sand\u00eda<\/strong><\/li>\n\n\n\n<li><strong>Fresa Pl\u00e1tano \/ Red Bull Ice<\/strong><\/li>\n\n\n\n<li><strong>Hielo de ar\u00e1ndanos \/ Love 66<\/strong><\/li>\n\n\n\n<li><strong>Hielo de Sand\u00eda \/ Hielo de Coca-Cola<\/strong><\/li>\n\n\n\n<li><strong>Fresa Sand\u00eda \/ Uva Ice<\/strong><\/li>\n<\/ul>\n\n\n\n<h3 class=\"wp-block-heading\">Preguntas frecuentes sobre Razz Bar 40000 Puffs<\/h3>\n\n\n\n<p><strong>1. \u00bfC\u00f3mo cambio entre los dos sabores?<\/strong> <strong>Simplemente<\/strong> gire la boquilla para cambiar entre los dos dep\u00f3sitos internos. <strong>En consecuencia<\/strong>, As\u00ed, podr\u00e1s disfrutar de dos sabores diferentes sin necesidad de llevar varios dispositivos.<\/p>\n\n\n\n<p><strong>2. \u00bfCu\u00e1l es la precisi\u00f3n de la pantalla LED?<\/strong> La pantalla controla los niveles de bater\u00eda y e-l\u00edquido en tiempo real.<sup><\/sup> <strong>Por lo tanto<\/strong>, Siempre sabr\u00e1s exactamente cu\u00e1ndo es el momento de cargar o sustituir tu dispositivo.<\/p>\n\n\n\n<p><strong>3. \u00bfEst\u00e1 garantizado el recuento de 40.000 caladas?<\/strong> El dispositivo proporciona hasta 40.000 caladas con un uso est\u00e1ndar.<sup><\/sup> <strong>Sin embargo<\/strong>, El n\u00famero de caladas individuales puede variar en funci\u00f3n de la duraci\u00f3n y la intensidad de las caladas.<\/p>\n\n\n\n<p><strong>4. \u00bfPor qu\u00e9 es importante la tecnolog\u00eda Mesh Coil?<\/strong> La bobina de malla aumenta la superficie de calentamiento.<sup><\/sup> <strong>En consecuencia<\/strong>, Produce un sabor mucho m\u00e1s intenso y un vapor m\u00e1s suave que las bobinas de alambre tradicionales.<\/p>","protected":false},"excerpt":{"rendered":"<p>La RAZZ BAR 40000 Puffs redefine la resistencia con su enorme capacidad y su exclusivo interruptor de doble sabor. Gracias a su pantalla de control LED y a la carga r\u00e1pida Type-C, este dispositivo ofrece la experiencia m\u00e1s c\u00f3moda y transparente del mercado. En consecuencia, proporciona un valor inmejorable tanto para los minoristas como para los vapers de alta intensidad.<\/p>","protected":false},"featured_media":25751,"comment_status":"open","ping_status":"closed","template":"","meta":[],"product_brand":[313],"product_cat":[135],"product_tag":[],"class_list":{"0":"post-25629","1":"product","2":"type-product","3":"status-publish","4":"has-post-thumbnail","6":"product_brand-razz-bar","7":"product_cat-40k-puffs","9":"first","10":"instock","11":"sale","12":"shipping-taxable","13":"purchasable","14":"product-type-variable"},"yoast_head":"<!-- This site is optimized with the Yoast SEO plugin v27.4 - https:\/\/yoast.com\/product\/yoast-seo-wordpress\/ -->\n<title>RAZZ BAR 40000 Puffs | Dual-Flavor Smart Disposable Vape<\/title>\n<meta name=\"description\" content=\"Experience 40k puffs with the RAZZ BAR Dual-Tank Vape. Featuring an LED display, and 10 double-flavor blends. Shop wholesale with fast EU shipping!\" \/>\n<meta name=\"robots\" content=\"index, follow, max-snippet:-1, max-image-preview:large, max-video-preview:-1\" \/>\n<link rel=\"canonical\" href=\"https:\/\/vapemaison.com\/es\/producto\/razz-bar-40000-puffs-dual-flavor-vaping\/\" \/>\n<meta property=\"og:locale\" content=\"es_ES\" \/>\n<meta property=\"og:type\" content=\"article\" \/>\n<meta property=\"og:title\" content=\"RAZZ BAR 40000 Puffs | Dual-Flavor Smart Disposable Vape\" \/>\n<meta property=\"og:description\" content=\"Experience 40k puffs with the RAZZ BAR Dual-Tank Vape. Featuring an LED display, and 10 double-flavor blends. Shop wholesale with fast EU shipping!\" \/>\n<meta property=\"og:url\" content=\"https:\/\/vapemaison.com\/es\/producto\/razz-bar-40000-puffs-dual-flavor-vaping\/\" \/>\n<meta property=\"og:site_name\" content=\"VapeMaison\" \/>\n<meta property=\"article:modified_time\" content=\"2026-01-15T02:27:37+00:00\" \/>\n<meta property=\"og:image\" content=\"https:\/\/vapemaison.com\/wp-content\/uploads\/2026\/01\/razz-bar-40000-puffs-vape-product-display-3.jpg\" \/>\n\t<meta property=\"og:image:width\" content=\"800\" \/>\n\t<meta property=\"og:image:height\" content=\"800\" \/>\n\t<meta property=\"og:image:type\" content=\"image\/jpeg\" \/>\n<meta name=\"twitter:card\" content=\"summary_large_image\" \/>\n<meta name=\"twitter:label1\" content=\"Tiempo de lectura\" \/>\n\t<meta name=\"twitter:data1\" content=\"3 minutos\" \/>\n<!-- \/ Yoast SEO plugin. -->","yoast_head_json":{"title":"RAZZ BAR 40000 Puffs | Dual-Flavor Smart Disposable Vape","description":"Experimenta 40k caladas con el RAZZ BAR Dual-Tank Vape. Con una pantalla LED, y 10 mezclas de doble sabor. \u00a1Compre al por mayor con env\u00edo r\u00e1pido a la UE!","robots":{"index":"index","follow":"follow","max-snippet":"max-snippet:-1","max-image-preview":"max-image-preview:large","max-video-preview":"max-video-preview:-1"},"canonical":"https:\/\/vapemaison.com\/es\/producto\/razz-bar-40000-puffs-dual-flavor-vaping\/","og_locale":"es_ES","og_type":"article","og_title":"RAZZ BAR 40000 Puffs | Dual-Flavor Smart Disposable Vape","og_description":"Experience 40k puffs with the RAZZ BAR Dual-Tank Vape. Featuring an LED display, and 10 double-flavor blends. Shop wholesale with fast EU shipping!","og_url":"https:\/\/vapemaison.com\/es\/producto\/razz-bar-40000-puffs-dual-flavor-vaping\/","og_site_name":"VapeMaison","article_modified_time":"2026-01-15T02:27:37+00:00","og_image":[{"width":800,"height":800,"url":"https:\/\/vapemaison.com\/wp-content\/uploads\/2026\/01\/razz-bar-40000-puffs-vape-product-display-3.jpg","type":"image\/jpeg"}],"twitter_card":"summary_large_image","twitter_misc":{"Tiempo de lectura":"3 minutos"},"schema":{"@context":"https:\/\/schema.org","@graph":[{"@type":"WebPage","@id":"https:\/\/vapemaison.com\/product\/razz-bar-40000-puffs-dual-flavor-vaping\/","url":"https:\/\/vapemaison.com\/product\/razz-bar-40000-puffs-dual-flavor-vaping\/","name":"RAZZ BAR 40000 Puffs | Dual-Flavor Smart Disposable Vape","isPartOf":{"@id":"https:\/\/vapemaison.com\/#website"},"primaryImageOfPage":{"@id":"https:\/\/vapemaison.com\/product\/razz-bar-40000-puffs-dual-flavor-vaping\/#primaryimage"},"image":{"@id":"https:\/\/vapemaison.com\/product\/razz-bar-40000-puffs-dual-flavor-vaping\/#primaryimage"},"thumbnailUrl":"https:\/\/vapemaison.com\/wp-content\/uploads\/2026\/01\/razz-bar-40000-puffs-vape-product-display-3.jpg","datePublished":"2026-01-08T09:57:26+00:00","dateModified":"2026-01-15T02:27:37+00:00","description":"Experimenta 40k caladas con el RAZZ BAR Dual-Tank Vape. Con una pantalla LED, y 10 mezclas de doble sabor. \u00a1Compre al por mayor con env\u00edo r\u00e1pido a la UE!","breadcrumb":{"@id":"https:\/\/vapemaison.com\/product\/razz-bar-40000-puffs-dual-flavor-vaping\/#breadcrumb"},"inLanguage":"es","potentialAction":[{"@type":"ReadAction","target":["https:\/\/vapemaison.com\/product\/razz-bar-40000-puffs-dual-flavor-vaping\/"]}]},{"@type":"ImageObject","inLanguage":"es","@id":"https:\/\/vapemaison.com\/product\/razz-bar-40000-puffs-dual-flavor-vaping\/#primaryimage","url":"https:\/\/vapemaison.com\/wp-content\/uploads\/2026\/01\/razz-bar-40000-puffs-vape-product-display-3.jpg","contentUrl":"https:\/\/vapemaison.com\/wp-content\/uploads\/2026\/01\/razz-bar-40000-puffs-vape-product-display-3.jpg","width":800,"height":800,"caption":"razz-bar-40000-puffs-vape-product-display-3"},{"@type":"BreadcrumbList","@id":"https:\/\/vapemaison.com\/product\/razz-bar-40000-puffs-dual-flavor-vaping\/#breadcrumb","itemListElement":[{"@type":"ListItem","position":1,"name":"\u9996\u9875","item":"https:\/\/vapemaison.com\/"},{"@type":"ListItem","position":2,"name":"Shop","item":"https:\/\/vapemaison.com\/shop\/"},{"@type":"ListItem","position":3,"name":"Razz Bar","item":"https:\/\/vapemaison.com\/brand\/razz-bar\/"},{"@type":"ListItem","position":4,"name":"RAZZ BAR 40000 Puffs: Dual-Flavor Vaping"}]},{"@type":"WebSite","@id":"https:\/\/vapemaison.com\/#website","url":"https:\/\/vapemaison.com\/","name":"VapeMaison","description":"Dispositivos y accesorios premium para vapear","publisher":{"@id":"https:\/\/vapemaison.com\/#organization"},"potentialAction":[{"@type":"SearchAction","target":{"@type":"EntryPoint","urlTemplate":"https:\/\/vapemaison.com\/?s={search_term_string}"},"query-input":{"@type":"PropertyValueSpecification","valueRequired":true,"valueName":"search_term_string"}}],"inLanguage":"es"},{"@type":"Organization","@id":"https:\/\/vapemaison.com\/#organization","name":"VapeMaison","url":"https:\/\/vapemaison.com\/","logo":{"@type":"ImageObject","inLanguage":"es","@id":"https:\/\/vapemaison.com\/#\/schema\/logo\/image\/","url":"https:\/\/vapemaison.com\/wp-content\/uploads\/2026\/01\/cropped-vapemaison-logo-g-2026.webp","contentUrl":"https:\/\/vapemaison.com\/wp-content\/uploads\/2026\/01\/cropped-vapemaison-logo-g-2026.webp","width":350,"height":280,"caption":"VapeMaison"},"image":{"@id":"https:\/\/vapemaison.com\/#\/schema\/logo\/image\/"},"sameAs":["https:\/\/www.youtube.com\/@VapeMaison"]}]}},"tiered_pricing_type":"fixed","tiered_pricing_fixed_rules":{"100":"9.56","200":"8.78","500":"7.99"},"tiered_pricing_product_settings":{"layout":"default","base_unit_name":{"singular":null,"plural":null},"default_variation":null},"tiered_pricing_minimum_quantity":50,"tiered_pricing_roles_data":[],"tiered_pricing_percentage_rules":[],"tiered_pricing_maximum_quantity":null,"tiered_pricing_quantity_step":"10","_links":{"self":[{"href":"https:\/\/vapemaison.com\/es\/wp-json\/wp\/v2\/product\/25629","targetHints":{"allow":["GET"]}}],"collection":[{"href":"https:\/\/vapemaison.com\/es\/wp-json\/wp\/v2\/product"}],"about":[{"href":"https:\/\/vapemaison.com\/es\/wp-json\/wp\/v2\/types\/product"}],"replies":[{"embeddable":true,"href":"https:\/\/vapemaison.com\/es\/wp-json\/wp\/v2\/comments?post=25629"}],"version-history":[{"count":4,"href":"https:\/\/vapemaison.com\/es\/wp-json\/wp\/v2\/product\/25629\/revisions"}],"predecessor-version":[{"id":25777,"href":"https:\/\/vapemaison.com\/es\/wp-json\/wp\/v2\/product\/25629\/revisions\/25777"}],"wp:featuredmedia":[{"embeddable":true,"href":"https:\/\/vapemaison.com\/es\/wp-json\/wp\/v2\/media\/25751"}],"wp:attachment":[{"href":"https:\/\/vapemaison.com\/es\/wp-json\/wp\/v2\/media?parent=25629"}],"wp:term":[{"taxonomy":"product_brand","embeddable":true,"href":"https:\/\/vapemaison.com\/es\/wp-json\/wp\/v2\/product_brand?post=25629"},{"taxonomy":"product_cat","embeddable":true,"href":"https:\/\/vapemaison.com\/es\/wp-json\/wp\/v2\/product_cat?post=25629"},{"taxonomy":"product_tag","embeddable":true,"href":"https:\/\/vapemaison.com\/es\/wp-json\/wp\/v2\/product_tag?post=25629"}],"curies":[{"name":"wp","href":"https:\/\/api.w.org\/{rel}","templated":true}]}}