

{"id":25911,"date":"2026-01-12T11:04:05","date_gmt":"2026-01-12T11:04:05","guid":{"rendered":"https:\/\/vapemaison.com\/?post_type=product&#038;p=25911"},"modified":"2026-04-15T10:43:54","modified_gmt":"2026-04-15T10:43:54","slug":"fihp-multi-120k-puffs-6-en-1-sabores-recargable-led-vape-desechable","status":"publish","type":"product","link":"https:\/\/vapemaison.com\/es\/product\/fihp-multi-120k-puffs-6-in-1-flavors-rechargeable-led-disposable-vape\/","title":{"rendered":"FIHP MULTI 120K Puffs 6 en 1 Sabores LED Recargable Vape Desechable"},"content":{"rendered":"<p>En <strong>FIHP MULTI 120K<\/strong> est\u00e1 dise\u00f1ado para los vapeadores que desean un rendimiento duradero, sabores vers\u00e1tiles y funciones avanzadas en un \u00fanico y elegante dispositivo. Con hasta <strong><a href=\"https:\/\/vapemaison.com\/product-category\/puffs-count\/12k-puffs\/\" type=\"link\" id=\"https:\/\/vapemaison.com\/product-category\/puffs-count\/12k-puffs\/\">120.000 bocanadas<\/a><\/strong>, Ofrece una experiencia de vapeo ultralarga sin necesidad de reemplazos frecuentes. El <strong>Pantalla LED<\/strong> muestra claramente la duraci\u00f3n de la bater\u00eda y el estado de uso, garantizando que cada calada sea suave y satisfactoria.<\/p>\n\n\n\n<p>Cambia sin problemas entre <strong>6 sabores ajustables<\/strong> para adaptarse a su estado de \u00e1nimo en cualquier momento. En <strong>bobina de doble malla<\/strong> mejora la consistencia del sabor y la densidad del vapor, proporcionando caladas ricas, puras y duraderas en cada calada.<\/p>\n\n\n\n<p>Impulsado por un <strong>Bater\u00eda recargable de 650 mAh<\/strong> con <strong>Carga r\u00e1pida Tipo-C<\/strong> y una generosa <strong>Capacidad de 64 ml de e-l\u00edquido<\/strong>, El FIHP MULTI mantiene el sabor durante m\u00e1s tiempo. Envasado <strong>10 unidades por caja<\/strong>, Es perfecto para uso personal o al por mayor. Combinando rendimiento, tecnolog\u00eda y estilo, este vape establece un nuevo est\u00e1ndar para los dispositivos recargables desechables.<\/p>\n\n\n\n<h2 class=\"wp-block-heading\"><strong>Especificaciones del producto<\/strong><\/h2>\n\n\n\n<ul class=\"wp-block-list\">\n<li><strong>Puffs:<\/strong> Hasta 120.000<\/li>\n\n\n\n<li><strong>Potencia de nicotina:<\/strong> 2% \/ 5%<\/li>\n\n\n\n<li><strong>Capacidad de e-l\u00edquido:<\/strong> 64 ml<\/li>\n\n\n\n<li><strong>Sabores:<\/strong> 6 Ajustable<\/li>\n\n\n\n<li><strong>Tipo de bobina:<\/strong> Bobina de malla doble<\/li>\n\n\n\n<li><strong>Bater\u00eda:<\/strong> 650mAh Recargable<\/li>\n\n\n\n<li><strong>Pantalla:<\/strong> LED<\/li>\n\n\n\n<li><strong>Cargando:<\/strong> Carga r\u00e1pida Tipo-C<\/li>\n\n\n\n<li><strong>Embalaje:<\/strong> 10 unidades\/caja<\/li>\n<\/ul>\n\n\n\n<h2 class=\"wp-block-heading\"><strong>Combinaciones de sabores<\/strong><\/h2>\n\n\n\n<ul class=\"wp-block-list\">\n<li>Sand\u00eda con fresa, sand\u00eda helada, Red Bull, kiwi con fresa, ar\u00e1ndanos helados, lima lim\u00f3n<\/li>\n\n\n\n<li>Melocot\u00f3n Lim\u00f3n, Fresa Pl\u00e1tano, Manzana Doble, Sand\u00eda Frambuesa, Mango Pi\u00f1a Agria, Frutas Tropicales<\/li>\n\n\n\n<li>Coca de Fresa y Vainilla, Pi\u00f1a y Coco, Blue Razz, Mezcla de Bayas, Mango y Melocot\u00f3n, Ar\u00e1ndanos y Frambuesa<\/li>\n\n\n\n<li>Oso de gominola, melocot\u00f3n, mel\u00f3n triple, uva, drag\u00f3n negro y cereza.<\/li>\n\n\n\n<li>Hielo de Melocot\u00f3n, Caramelo Arco Iris, Hielo de Cereza Cola, Love 666, Hielo de Mango, Algod\u00f3n de Ar\u00e1ndano<\/li>\n\n\n\n<li>Lim\u00f3n sand\u00eda, Aloe lichi helado, Lim\u00f3n rosa, Glaciar helado, Menta aguja de pino, Grosella negra helada<\/li>\n<\/ul>\n\n\n\n<p><\/p>","protected":false},"excerpt":{"rendered":"<p data-start=\"613\" data-end=\"994\">Experimenta la <strong data-start=\"628\" data-end=\"647\">FIHP MULTI 120K<\/strong>, Un vaporizador desechable recargable dise\u00f1ado para un disfrute duradero. Cambia entre <strong data-start=\"732\" data-end=\"745\">6 sabores<\/strong>, realiza un seguimiento de la bater\u00eda y el uso con el <strong data-start=\"780\" data-end=\"795\">Pantalla LED<\/strong>, y disfruta de un vapor rico y consistente gracias al <strong data-start=\"844\" data-end=\"862\">bobina de doble malla<\/strong>. Con <strong data-start=\"869\" data-end=\"886\">E-l\u00edquido de 64 ml<\/strong> y <strong data-start=\"891\" data-end=\"915\">Carga r\u00e1pida Tipo-C<\/strong>, Este vaporizador ofrece comodidad, rendimiento y estilo en un dispositivo elegante.<\/p>","protected":false},"featured_media":25912,"comment_status":"open","ping_status":"closed","template":"","meta":[],"product_brand":[59],"product_cat":[153],"product_tag":[],"class_list":{"0":"post-25911","1":"product","2":"type-product","3":"status-publish","4":"has-post-thumbnail","6":"product_brand-waspe","7":"product_cat-120k-puffs","9":"first","10":"instock","11":"sale","12":"shipping-taxable","13":"purchasable","14":"product-type-variable"},"yoast_head":"<!-- This site is optimized with the Yoast SEO plugin v27.4 - https:\/\/yoast.com\/product\/yoast-seo-wordpress\/ -->\n<title>FIHP MULTI 120K Puffs Rechargeable Disposable Vape<\/title>\n<meta name=\"description\" content=\"Discover the FIHP MULTI 120K disposable vape with up to 120,000 puffs, 6 adjustable flavors, LED display, dual mesh coil, and 650mAh rechargeable battery.\" \/>\n<meta name=\"robots\" content=\"index, follow, max-snippet:-1, max-image-preview:large, max-video-preview:-1\" \/>\n<link rel=\"canonical\" href=\"https:\/\/vapemaison.com\/es\/producto\/fihp-multi-120k-puffs-6-en-1-sabores-recargable-led-vape-desechable\/\" \/>\n<meta property=\"og:locale\" content=\"es_ES\" \/>\n<meta property=\"og:type\" content=\"article\" \/>\n<meta property=\"og:title\" content=\"FIHP MULTI 120K Puffs Rechargeable Disposable Vape\" \/>\n<meta property=\"og:description\" content=\"Discover the FIHP MULTI 120K disposable vape with up to 120,000 puffs, 6 adjustable flavors, LED display, dual mesh coil, and 650mAh rechargeable battery.\" \/>\n<meta property=\"og:url\" content=\"https:\/\/vapemaison.com\/es\/producto\/fihp-multi-120k-puffs-6-en-1-sabores-recargable-led-vape-desechable\/\" \/>\n<meta property=\"og:site_name\" content=\"VapeMaison\" \/>\n<meta property=\"article:modified_time\" content=\"2026-04-15T10:43:54+00:00\" \/>\n<meta property=\"og:image\" content=\"https:\/\/vapemaison.com\/wp-content\/uploads\/2026\/01\/features.jpg.webp\" \/>\n\t<meta property=\"og:image:width\" content=\"800\" \/>\n\t<meta property=\"og:image:height\" content=\"800\" \/>\n\t<meta property=\"og:image:type\" content=\"image\/webp\" \/>\n<meta name=\"twitter:card\" content=\"summary_large_image\" \/>\n<meta name=\"twitter:label1\" content=\"Tiempo de lectura\" \/>\n\t<meta name=\"twitter:data1\" content=\"2 minutos\" \/>\n<!-- \/ Yoast SEO plugin. -->","yoast_head_json":{"title":"FIHP MULTI 120K Puffs Recargable Vape Desechable","description":"Descubre el vapeador desechable FIHP MULTI 120K con hasta 120.000 caladas, 6 sabores ajustables, pantalla LED, doble bobina de malla y bater\u00eda recargable de 650mAh.","robots":{"index":"index","follow":"follow","max-snippet":"max-snippet:-1","max-image-preview":"max-image-preview:large","max-video-preview":"max-video-preview:-1"},"canonical":"https:\/\/vapemaison.com\/es\/producto\/fihp-multi-120k-puffs-6-en-1-sabores-recargable-led-vape-desechable\/","og_locale":"es_ES","og_type":"article","og_title":"FIHP MULTI 120K Puffs Rechargeable Disposable Vape","og_description":"Discover the FIHP MULTI 120K disposable vape with up to 120,000 puffs, 6 adjustable flavors, LED display, dual mesh coil, and 650mAh rechargeable battery.","og_url":"https:\/\/vapemaison.com\/es\/producto\/fihp-multi-120k-puffs-6-en-1-sabores-recargable-led-vape-desechable\/","og_site_name":"VapeMaison","article_modified_time":"2026-04-15T10:43:54+00:00","og_image":[{"width":800,"height":800,"url":"https:\/\/vapemaison.com\/wp-content\/uploads\/2026\/01\/features.jpg.webp","type":"image\/webp"}],"twitter_card":"summary_large_image","twitter_misc":{"Tiempo de lectura":"2 minutos"},"schema":{"@context":"https:\/\/schema.org","@graph":[{"@type":"WebPage","@id":"https:\/\/vapemaison.com\/product\/fihp-multi-120k-puffs-6-in-1-flavors-rechargeable-led-disposable-vape\/","url":"https:\/\/vapemaison.com\/product\/fihp-multi-120k-puffs-6-in-1-flavors-rechargeable-led-disposable-vape\/","name":"FIHP MULTI 120K Puffs Recargable Vape Desechable","isPartOf":{"@id":"https:\/\/vapemaison.com\/#website"},"primaryImageOfPage":{"@id":"https:\/\/vapemaison.com\/product\/fihp-multi-120k-puffs-6-in-1-flavors-rechargeable-led-disposable-vape\/#primaryimage"},"image":{"@id":"https:\/\/vapemaison.com\/product\/fihp-multi-120k-puffs-6-in-1-flavors-rechargeable-led-disposable-vape\/#primaryimage"},"thumbnailUrl":"https:\/\/vapemaison.com\/wp-content\/uploads\/2026\/01\/features.jpg.webp","datePublished":"2026-01-12T11:04:05+00:00","dateModified":"2026-04-15T10:43:54+00:00","description":"Descubre el vapeador desechable FIHP MULTI 120K con hasta 120.000 caladas, 6 sabores ajustables, pantalla LED, doble bobina de malla y bater\u00eda recargable de 650mAh.","breadcrumb":{"@id":"https:\/\/vapemaison.com\/product\/fihp-multi-120k-puffs-6-in-1-flavors-rechargeable-led-disposable-vape\/#breadcrumb"},"inLanguage":"es","potentialAction":[{"@type":"ReadAction","target":["https:\/\/vapemaison.com\/product\/fihp-multi-120k-puffs-6-in-1-flavors-rechargeable-led-disposable-vape\/"]}]},{"@type":"ImageObject","inLanguage":"es","@id":"https:\/\/vapemaison.com\/product\/fihp-multi-120k-puffs-6-in-1-flavors-rechargeable-led-disposable-vape\/#primaryimage","url":"https:\/\/vapemaison.com\/wp-content\/uploads\/2026\/01\/features.jpg.webp","contentUrl":"https:\/\/vapemaison.com\/wp-content\/uploads\/2026\/01\/features.jpg.webp","width":800,"height":800,"caption":"Features.jpg Disposable Vape Device"},{"@type":"BreadcrumbList","@id":"https:\/\/vapemaison.com\/product\/fihp-multi-120k-puffs-6-in-1-flavors-rechargeable-led-disposable-vape\/#breadcrumb","itemListElement":[{"@type":"ListItem","position":1,"name":"\u9996\u9875","item":"https:\/\/vapemaison.com\/"},{"@type":"ListItem","position":2,"name":"Shop","item":"https:\/\/vapemaison.com\/shop\/"},{"@type":"ListItem","position":3,"name":"Waspe","item":"https:\/\/vapemaison.com\/brand\/waspe\/"},{"@type":"ListItem","position":4,"name":"FIHP MULTI 120K Puffs 6-in-1 Flavors Rechargeable LED Disposable Vape"}]},{"@type":"WebSite","@id":"https:\/\/vapemaison.com\/#website","url":"https:\/\/vapemaison.com\/","name":"VapeMaison","description":"Dispositivos y accesorios premium para vapear","publisher":{"@id":"https:\/\/vapemaison.com\/#organization"},"potentialAction":[{"@type":"SearchAction","target":{"@type":"EntryPoint","urlTemplate":"https:\/\/vapemaison.com\/?s={search_term_string}"},"query-input":{"@type":"PropertyValueSpecification","valueRequired":true,"valueName":"search_term_string"}}],"inLanguage":"es"},{"@type":"Organization","@id":"https:\/\/vapemaison.com\/#organization","name":"VapeMaison","url":"https:\/\/vapemaison.com\/","logo":{"@type":"ImageObject","inLanguage":"es","@id":"https:\/\/vapemaison.com\/#\/schema\/logo\/image\/","url":"https:\/\/vapemaison.com\/wp-content\/uploads\/2026\/01\/cropped-vapemaison-logo-g-2026.webp","contentUrl":"https:\/\/vapemaison.com\/wp-content\/uploads\/2026\/01\/cropped-vapemaison-logo-g-2026.webp","width":350,"height":280,"caption":"VapeMaison"},"image":{"@id":"https:\/\/vapemaison.com\/#\/schema\/logo\/image\/"},"sameAs":["https:\/\/www.youtube.com\/@VapeMaison"]}]}},"tiered_pricing_type":"fixed","tiered_pricing_fixed_rules":{"30":"10.56","50":"9.99","100":"9.12","200":"8.37"},"tiered_pricing_product_settings":{"layout":"default","base_unit_name":{"singular":null,"plural":null},"default_variation":null},"tiered_pricing_minimum_quantity":10,"tiered_pricing_roles_data":[],"tiered_pricing_percentage_rules":[],"tiered_pricing_maximum_quantity":null,"tiered_pricing_quantity_step":"10","_links":{"self":[{"href":"https:\/\/vapemaison.com\/es\/wp-json\/wp\/v2\/product\/25911","targetHints":{"allow":["GET"]}}],"collection":[{"href":"https:\/\/vapemaison.com\/es\/wp-json\/wp\/v2\/product"}],"about":[{"href":"https:\/\/vapemaison.com\/es\/wp-json\/wp\/v2\/types\/product"}],"replies":[{"embeddable":true,"href":"https:\/\/vapemaison.com\/es\/wp-json\/wp\/v2\/comments?post=25911"}],"version-history":[{"count":3,"href":"https:\/\/vapemaison.com\/es\/wp-json\/wp\/v2\/product\/25911\/revisions"}],"predecessor-version":[{"id":29460,"href":"https:\/\/vapemaison.com\/es\/wp-json\/wp\/v2\/product\/25911\/revisions\/29460"}],"wp:featuredmedia":[{"embeddable":true,"href":"https:\/\/vapemaison.com\/es\/wp-json\/wp\/v2\/media\/25912"}],"wp:attachment":[{"href":"https:\/\/vapemaison.com\/es\/wp-json\/wp\/v2\/media?parent=25911"}],"wp:term":[{"taxonomy":"product_brand","embeddable":true,"href":"https:\/\/vapemaison.com\/es\/wp-json\/wp\/v2\/product_brand?post=25911"},{"taxonomy":"product_cat","embeddable":true,"href":"https:\/\/vapemaison.com\/es\/wp-json\/wp\/v2\/product_cat?post=25911"},{"taxonomy":"product_tag","embeddable":true,"href":"https:\/\/vapemaison.com\/es\/wp-json\/wp\/v2\/product_tag?post=25911"}],"curies":[{"name":"wp","href":"https:\/\/api.w.org\/{rel}","templated":true}]}}