

{"id":26314,"date":"2026-01-26T08:14:17","date_gmt":"2026-01-26T08:14:17","guid":{"rendered":"https:\/\/vapemaison.com\/?post_type=product&#038;p=26314"},"modified":"2026-04-11T06:41:29","modified_gmt":"2026-04-11T06:41:29","slug":"airmez-fox-6-en-1-140k","status":"publish","type":"product","link":"https:\/\/vapemaison.com\/es\/product\/airmez-fox-6-in-1-140k\/","title":{"rendered":"Airmez FOX 6 EN 1 140K\u00a0"},"content":{"rendered":"<p>En <strong>Airmez FOX 6 EN 1<\/strong> est\u00e1 dise\u00f1ado para usuarios que desean variedad, consistencia y rendimiento duradero en un \u00fanico dispositivo desechable. Con un <strong>Sistema de sabor 6 en 1<\/strong>, Con un e-liquid de alta capacidad y una bobina de malla fiable, proporciona un vapor suave y un sabor intenso desde la primera calada hasta la \u00faltima.<\/p>\n\n\n\n<p>Con un dise\u00f1o moderno, bater\u00eda recargable Type-C y combinaciones de sabores cuidadosamente seleccionadas, la FOX 6 IN 1 es ideal tanto para la exposici\u00f3n minorista como para la distribuci\u00f3n mayorista.<\/p>\n\n\n\n<h2 class=\"wp-block-heading\">Caracter\u00edsticas principales<\/h2>\n\n\n\n<figure class=\"wp-block-table is-style-stripes\"><table class=\"has-cyan-bluish-gray-background-color has-background has-fixed-layout\"><thead><tr><th>Caracter\u00edstica<\/th><th>Descripci\u00f3n<\/th><\/tr><\/thead><tbody><tr><td>Sistema de sabor 6 en 1<\/td><td>Un dispositivo ofrece seis experiencias de sabor diferentes para una mayor variedad y un disfrute m\u00e1s prolongado<\/td><\/tr><tr><td>15ml \u00d7 3 Capacidad de E-L\u00edquido<\/td><td>La gran capacidad total garantiza un uso prolongado con menos sustituciones<\/td><\/tr><tr><td>Bobina de malla avanzada<\/td><td>Proporciona un calentamiento uniforme, una mayor claridad del sabor y una producci\u00f3n de vapor m\u00e1s suave<\/td><\/tr><tr><td>Bater\u00eda recargable de 650 mAh<\/td><td>Salida de energ\u00eda estable con c\u00f3moda carga Type-C<\/td><\/tr><tr><td>Dise\u00f1o compacto y f\u00e1cil de usar<\/td><td>No necesita botones ni configuraci\u00f3n: basta con inhalar para activarlo<\/td><\/tr><\/tbody><\/table><\/figure>\n\n\n\n<h2 class=\"wp-block-heading\">Especificaciones t\u00e9cnicas<\/h2>\n\n\n\n<figure class=\"wp-block-table is-style-stripes\"><table class=\"has-cyan-bluish-gray-background-color has-background has-fixed-layout\"><thead><tr><th>Especificaci\u00f3n<\/th><th>Detalles<\/th><\/tr><\/thead><tbody><tr><td>Nombre del producto<\/td><td>Airmez FOX 6 EN 1<\/td><\/tr><tr><td>Capacidad de e-l\u00edquido<\/td><td>15 ml \u00d7 3<\/td><\/tr><tr><td>Tipo de bobina<\/td><td>Bobina de malla<\/td><\/tr><tr><td>Capacidad de la bater\u00eda<\/td><td>650 mAh<\/td><\/tr><tr><td>Puerto de carga<\/td><td>Tipo-C<\/td><\/tr><tr><td>Operaci\u00f3n<\/td><td>Activado por dibujo<\/td><\/tr><tr><td>Sistema de sabor<\/td><td>6 en 1<\/td><\/tr><tr><td>Tipo de dispositivo<\/td><td>Recargable Desechable<\/td><\/tr><\/tbody><\/table><\/figure>\n\n\n\n<h3 class=\"wp-block-heading\">Opciones de sabor<\/h3>\n\n\n\n<p>Cada versi\u00f3n incluye <strong>6 sabores cuidadosamente combinados<\/strong> para adaptarse a las distintas preferencias:<\/p>\n\n\n\n<ol class=\"wp-block-list\">\n<li><strong>LOVE 66 \/ Berry Lemonade \/ Fizzy Cherry<\/strong><\/li>\n\n\n\n<li><strong>Mezcla de bayas \/ Limonada Blue Razz \/ Bayas de cereza<\/strong><\/li>\n\n\n\n<li><strong>Dragonfruit Ice \/ Fruity Fusion \/ Sand\u00eda Frambuesa<\/strong><\/li>\n\n\n\n<li><strong>Cereza \/ Cola Ice \/ Mango Ice<\/strong><\/li>\n\n\n\n<li><strong>Melocot\u00f3n Ice \/ Mango Ice \/ Dr Blue<\/strong><\/li>\n\n\n\n<li><strong>Fresa Pl\u00e1tano \/ Vimto \/ Ar\u00e1ndano Cereza Ar\u00e1ndano rojo<\/strong><\/li>\n\n\n\n<li><strong>Fresa Helada \/ Limonada Rosa \/ Bingo Crush<\/strong><\/li>\n\n\n\n<li><strong>LOVE 66 \/ Fresa Kiwi \/ Melocot\u00f3n Mango<\/strong><\/li>\n\n\n\n<li><strong>Sand\u00eda fresa \/ Triple mel\u00f3n \/ Blue Razz Ice<\/strong><\/li>\n\n\n\n<li><strong>Sand\u00eda helada \/ Bingo Crush \/ Mezcla de bayas<\/strong><\/li>\n<\/ol>\n\n\n\n<h3 class=\"wp-block-heading\">Detalles del embalaje<\/h3>\n\n\n\n<ul class=\"wp-block-list\">\n<li><strong>10 unidades por caja expositora<\/strong><\/li>\n\n\n\n<li><strong>100 unidades por caja<\/strong><\/li>\n\n\n\n<li>Dise\u00f1ado para facilitar la presentaci\u00f3n en los estantes y la eficacia del env\u00edo a granel<\/li>\n<\/ul>\n\n\n\n<h3 class=\"wp-block-heading\">\u00bfPor qu\u00e9 elegir Airmez FOX 6 en 1?<\/h3>\n\n\n\n<ul class=\"wp-block-list\">\n<li>M\u00faltiples sabores en un dispositivo aumentan la retenci\u00f3n de usuarios<\/li>\n\n\n\n<li>La tecnolog\u00eda de bobina de malla garantiza un sabor uniforme<\/li>\n\n\n\n<li>La gran capacidad de e-l\u00edquido reduce la frecuencia de sustituci\u00f3n<\/li>\n\n\n\n<li>Ideal para tiendas minoristas, distribuidores y mayoristas<\/li>\n<\/ul>\n\n\n\n<p>Si est\u00e1 explorando m\u00e1s opciones m\u00e1s all\u00e1 del <strong>AiRMEZ 140K<\/strong>, Hay mucho m\u00e1s por descubrir. Puede consultar nuestra <strong><a href=\"https:\/\/vapemaison.com\/shop\/\" type=\"link\" id=\"https:\/\/vapemaison.com\/shop\/\">Comprar colecci\u00f3n<\/a><\/strong> para encontrar una amplia gama de vaporizadores desechables de alto rendimiento con diferentes cantidades de caladas, caracter\u00edsticas y perfiles de sabor que se adaptan a tus preferencias.<\/p>\n\n\n\n<p>Si te gusta el dise\u00f1o y la innovaci\u00f3n de este dispositivo, tambi\u00e9n te recomendamos que eches un vistazo a m\u00e1s productos de la marca <strong><a href=\"https:\/\/vapemaison.com\/brand\/airmez\/\" type=\"link\" id=\"https:\/\/vapemaison.com\/brand\/airmez\/\">L\u00ednea Airmez<\/a><\/strong>, donde encontrar\u00e1 modelos igualmente avanzados con caracter\u00edsticas \u00fanicas y una calidad de fabricaci\u00f3n de primera.<\/p>\n\n\n\n<p>Para los interesados espec\u00edficamente en dispositivos de larga duraci\u00f3n, no se pierda nuestra selecci\u00f3n de <strong><a href=\"https:\/\/vapemaison.com\/product-category\/puffs-count\/140k-puffs\/\" type=\"link\" id=\"https:\/\/vapemaison.com\/product-category\/puffs-count\/140k-puffs\/\">140K Puffs<\/a><\/strong> vaporizadores desechables. Estas opciones ofrecen un uso prolongado, un rico suministro de sabor y un valor excelente para los usuarios que desean menos reemplazos sin comprometer el rendimiento.<\/p>\n\n\n\n<p>Explore m\u00e1s y encuentre el vape perfecto que se adapte a su estilo y necesidades.<\/p>","protected":false},"excerpt":{"rendered":"<p>The Airmez FOX 6 IN 1 is designed for users who want variety, consistency, and long-lasting performance in a single disposable device. Featuring a 6-in-1 flavor system, high-capacity e-liquid, and a reliable mesh coil, it delivers smooth vapor and rich flavor from the first puff to the last. With a modern design, Type-C rechargeable battery, [&hellip;]<\/p>\n","protected":false},"featured_media":26323,"comment_status":"open","ping_status":"closed","template":"","meta":[],"product_brand":[314],"product_cat":[16],"product_tag":[],"class_list":{"0":"post-26314","1":"product","2":"type-product","3":"status-publish","4":"has-post-thumbnail","6":"product_brand-airmez","7":"product_cat-uncategorized","9":"first","10":"instock","11":"sale","12":"shipping-taxable","13":"purchasable","14":"product-type-variable"},"yoast_head":"<!-- This site is optimized with the Yoast SEO plugin v27.4 - https:\/\/yoast.com\/product\/yoast-seo-wordpress\/ -->\n<title>Airmez FOX 6 IN 1 Disposable Vape | 6-Flavor System<\/title>\n<meta name=\"description\" content=\"Discover Airmez FOX 6 IN 1 disposable vape featuring a 6-in-1 flavor system, 15ml\u00d73 e-liquid capacity, mesh coil. Ideal for retail and wholesale.\" \/>\n<meta name=\"robots\" content=\"index, follow, max-snippet:-1, max-image-preview:large, max-video-preview:-1\" \/>\n<link rel=\"canonical\" href=\"https:\/\/vapemaison.com\/es\/producto\/airmez-fox-6-en-1-140k\/\" \/>\n<meta property=\"og:locale\" content=\"es_ES\" \/>\n<meta property=\"og:type\" content=\"article\" \/>\n<meta property=\"og:title\" content=\"Airmez FOX 6 IN 1 Disposable Vape | 6-Flavor System\" \/>\n<meta property=\"og:description\" content=\"Discover Airmez FOX 6 IN 1 disposable vape featuring a 6-in-1 flavor system, 15ml\u00d73 e-liquid capacity, mesh coil. Ideal for retail and wholesale.\" \/>\n<meta property=\"og:url\" content=\"https:\/\/vapemaison.com\/es\/producto\/airmez-fox-6-en-1-140k\/\" \/>\n<meta property=\"og:site_name\" content=\"VapeMaison\" \/>\n<meta property=\"article:modified_time\" content=\"2026-04-11T06:41:29+00:00\" \/>\n<meta property=\"og:image\" content=\"https:\/\/vapemaison.com\/wp-content\/uploads\/2026\/01\/airmez-fox-6-in-1-140000-puff-flavor-8.webp\" \/>\n\t<meta property=\"og:image:width\" content=\"2327\" \/>\n\t<meta property=\"og:image:height\" content=\"2327\" \/>\n\t<meta property=\"og:image:type\" content=\"image\/webp\" \/>\n<meta name=\"twitter:card\" content=\"summary_large_image\" \/>\n<meta name=\"twitter:label1\" content=\"Tiempo de lectura\" \/>\n\t<meta name=\"twitter:data1\" content=\"3 minutos\" \/>\n<!-- \/ Yoast SEO plugin. -->","yoast_head_json":{"title":"Airmez FOX 6 en 1 Sistema desechable de 6 sabores","description":"Descubra el vapeador desechable Airmez FOX 6 en 1 con un sistema de sabor 6 en 1, capacidad de e-l\u00edquido de 15ml\u00d73, bobina de malla. Ideal para la venta al por menor y al por mayor.","robots":{"index":"index","follow":"follow","max-snippet":"max-snippet:-1","max-image-preview":"max-image-preview:large","max-video-preview":"max-video-preview:-1"},"canonical":"https:\/\/vapemaison.com\/es\/producto\/airmez-fox-6-en-1-140k\/","og_locale":"es_ES","og_type":"article","og_title":"Airmez FOX 6 IN 1 Disposable Vape | 6-Flavor System","og_description":"Discover Airmez FOX 6 IN 1 disposable vape featuring a 6-in-1 flavor system, 15ml\u00d73 e-liquid capacity, mesh coil. Ideal for retail and wholesale.","og_url":"https:\/\/vapemaison.com\/es\/producto\/airmez-fox-6-en-1-140k\/","og_site_name":"VapeMaison","article_modified_time":"2026-04-11T06:41:29+00:00","og_image":[{"width":2327,"height":2327,"url":"https:\/\/vapemaison.com\/wp-content\/uploads\/2026\/01\/airmez-fox-6-in-1-140000-puff-flavor-8.webp","type":"image\/webp"}],"twitter_card":"summary_large_image","twitter_misc":{"Tiempo de lectura":"3 minutos"},"schema":{"@context":"https:\/\/schema.org","@graph":[{"@type":"WebPage","@id":"https:\/\/vapemaison.com\/product\/airmez-fox-6-in-1-140k\/","url":"https:\/\/vapemaison.com\/product\/airmez-fox-6-in-1-140k\/","name":"Airmez FOX 6 en 1 Sistema desechable de 6 sabores","isPartOf":{"@id":"https:\/\/vapemaison.com\/#website"},"primaryImageOfPage":{"@id":"https:\/\/vapemaison.com\/product\/airmez-fox-6-in-1-140k\/#primaryimage"},"image":{"@id":"https:\/\/vapemaison.com\/product\/airmez-fox-6-in-1-140k\/#primaryimage"},"thumbnailUrl":"https:\/\/vapemaison.com\/wp-content\/uploads\/2026\/01\/airmez-fox-6-in-1-140000-puff-flavor-8.webp","datePublished":"2026-01-26T08:14:17+00:00","dateModified":"2026-04-11T06:41:29+00:00","description":"Descubra el vapeador desechable Airmez FOX 6 en 1 con un sistema de sabor 6 en 1, capacidad de e-l\u00edquido de 15ml\u00d73, bobina de malla. Ideal para la venta al por menor y al por mayor.","breadcrumb":{"@id":"https:\/\/vapemaison.com\/product\/airmez-fox-6-in-1-140k\/#breadcrumb"},"inLanguage":"es","potentialAction":[{"@type":"ReadAction","target":["https:\/\/vapemaison.com\/product\/airmez-fox-6-in-1-140k\/"]}]},{"@type":"ImageObject","inLanguage":"es","@id":"https:\/\/vapemaison.com\/product\/airmez-fox-6-in-1-140k\/#primaryimage","url":"https:\/\/vapemaison.com\/wp-content\/uploads\/2026\/01\/airmez-fox-6-in-1-140000-puff-flavor-8.webp","contentUrl":"https:\/\/vapemaison.com\/wp-content\/uploads\/2026\/01\/airmez-fox-6-in-1-140000-puff-flavor-8.webp","width":2327,"height":2327,"caption":"Airmez Fox 6 In 1 Puff Flavor Disposable Vape Device view"},{"@type":"BreadcrumbList","@id":"https:\/\/vapemaison.com\/product\/airmez-fox-6-in-1-140k\/#breadcrumb","itemListElement":[{"@type":"ListItem","position":1,"name":"\u9996\u9875","item":"https:\/\/vapemaison.com\/"},{"@type":"ListItem","position":2,"name":"Shop","item":"https:\/\/vapemaison.com\/shop\/"},{"@type":"ListItem","position":3,"name":"Airmez","item":"https:\/\/vapemaison.com\/brand\/airmez\/"},{"@type":"ListItem","position":4,"name":"Airmez FOX 6 IN 1 140K\u00a0"}]},{"@type":"WebSite","@id":"https:\/\/vapemaison.com\/#website","url":"https:\/\/vapemaison.com\/","name":"VapeMaison","description":"Dispositivos y accesorios premium para vapear","publisher":{"@id":"https:\/\/vapemaison.com\/#organization"},"potentialAction":[{"@type":"SearchAction","target":{"@type":"EntryPoint","urlTemplate":"https:\/\/vapemaison.com\/?s={search_term_string}"},"query-input":{"@type":"PropertyValueSpecification","valueRequired":true,"valueName":"search_term_string"}}],"inLanguage":"es"},{"@type":"Organization","@id":"https:\/\/vapemaison.com\/#organization","name":"VapeMaison","url":"https:\/\/vapemaison.com\/","logo":{"@type":"ImageObject","inLanguage":"es","@id":"https:\/\/vapemaison.com\/#\/schema\/logo\/image\/","url":"https:\/\/vapemaison.com\/wp-content\/uploads\/2026\/01\/cropped-vapemaison-logo-g-2026.webp","contentUrl":"https:\/\/vapemaison.com\/wp-content\/uploads\/2026\/01\/cropped-vapemaison-logo-g-2026.webp","width":350,"height":280,"caption":"VapeMaison"},"image":{"@id":"https:\/\/vapemaison.com\/#\/schema\/logo\/image\/"},"sameAs":["https:\/\/www.youtube.com\/@VapeMaison"]}]}},"tiered_pricing_type":"fixed","tiered_pricing_fixed_rules":{"30":"12.24","50":"11.99","100":"11.38","200":"10.99"},"tiered_pricing_product_settings":{"layout":"default","base_unit_name":{"singular":null,"plural":null},"default_variation":null},"tiered_pricing_minimum_quantity":10,"tiered_pricing_roles_data":[],"tiered_pricing_percentage_rules":[],"tiered_pricing_maximum_quantity":null,"tiered_pricing_quantity_step":"10","_links":{"self":[{"href":"https:\/\/vapemaison.com\/es\/wp-json\/wp\/v2\/product\/26314","targetHints":{"allow":["GET"]}}],"collection":[{"href":"https:\/\/vapemaison.com\/es\/wp-json\/wp\/v2\/product"}],"about":[{"href":"https:\/\/vapemaison.com\/es\/wp-json\/wp\/v2\/types\/product"}],"replies":[{"embeddable":true,"href":"https:\/\/vapemaison.com\/es\/wp-json\/wp\/v2\/comments?post=26314"}],"version-history":[{"count":3,"href":"https:\/\/vapemaison.com\/es\/wp-json\/wp\/v2\/product\/26314\/revisions"}],"predecessor-version":[{"id":29284,"href":"https:\/\/vapemaison.com\/es\/wp-json\/wp\/v2\/product\/26314\/revisions\/29284"}],"wp:featuredmedia":[{"embeddable":true,"href":"https:\/\/vapemaison.com\/es\/wp-json\/wp\/v2\/media\/26323"}],"wp:attachment":[{"href":"https:\/\/vapemaison.com\/es\/wp-json\/wp\/v2\/media?parent=26314"}],"wp:term":[{"taxonomy":"product_brand","embeddable":true,"href":"https:\/\/vapemaison.com\/es\/wp-json\/wp\/v2\/product_brand?post=26314"},{"taxonomy":"product_cat","embeddable":true,"href":"https:\/\/vapemaison.com\/es\/wp-json\/wp\/v2\/product_cat?post=26314"},{"taxonomy":"product_tag","embeddable":true,"href":"https:\/\/vapemaison.com\/es\/wp-json\/wp\/v2\/product_tag?post=26314"}],"curies":[{"name":"wp","href":"https:\/\/api.w.org\/{rel}","templated":true}]}}