

{"id":26368,"date":"2026-01-26T08:48:03","date_gmt":"2026-01-26T08:48:03","guid":{"rendered":"https:\/\/vapemaison.com\/?post_type=product&#038;p=26368"},"modified":"2026-04-11T06:34:02","modified_gmt":"2026-04-11T06:34:02","slug":"airmez-matrix-30k-vape-desechable","status":"publish","type":"product","link":"https:\/\/vapemaison.com\/es\/product\/airmez-matrix-30k-disposable-vape\/","title":{"rendered":"Vapeador desechable Airmez Matrix 30K"},"content":{"rendered":"<p>En <strong>Airmez Matrix 30K<\/strong> eleva el vapeo desechable con una mezcla perfecta de tecnolog\u00eda inteligente, rendimiento de alta capacidad y dise\u00f1o moderno. Con un <strong>Pantalla grande de 2,1 pulgadas<\/strong>, <strong>panel t\u00e1ctil sensible<\/strong>, y <strong>sistema de flujo de aire ajustable<\/strong>, El sistema de vaporizaci\u00f3n de la cafetera es totalmente personalizable e interactivo.<\/p>\n\n\n\n<p>Impulsado por un <strong>22 ml de e-l\u00edquido precargado<\/strong>, <strong>bobina de doble malla<\/strong>, y un <strong>Bater\u00eda recargable de 800 mAh<\/strong>, Este dispositivo est\u00e1 dise\u00f1ado para usuarios que buscan rendimiento y estilo en un solo desechable de alta calidad.<\/p>\n\n\n\n<h2 class=\"wp-block-heading\">Caracter\u00edsticas principales<\/h2>\n\n\n\n<figure class=\"wp-block-table is-style-regular has-x-small-font-size\" style=\"line-height:1\"><table class=\"has-background has-fixed-layout\" style=\"background:linear-gradient(135deg,rgb(197,213,224) 0%,rgb(155,81,224) 100%)\"><thead><tr><th>Caracter\u00edstica<\/th><th>Descripci\u00f3n<\/th><\/tr><\/thead><tbody><tr><td>Hasta 30.000 bocanadas<\/td><td>Dise\u00f1ado para un uso prolongado con una gesti\u00f3n eficiente del e-l\u00edquido y la energ\u00eda<\/td><\/tr><tr><td>Pantalla grande de 2,1 pulgadas<\/td><td>Proporciona monitorizaci\u00f3n de la bater\u00eda y el e-l\u00edquido en tiempo real con una interfaz visual de primera calidad.<\/td><\/tr><tr><td>Almohadilla t\u00e1ctil sensible<\/td><td>Permite una interacci\u00f3n fluida e intuitiva para una experiencia de usuario moderna.<\/td><\/tr><tr><td>Bobina de malla doble (1,2\u03a9)<\/td><td>Garantiza un calentamiento m\u00e1s r\u00e1pido, capas de sabor m\u00e1s ricas y una salida de vapor uniforme<\/td><\/tr><tr><td>Flujo de aire ajustable<\/td><td>Permite a los usuarios personalizar la resistencia de tiro para una experiencia de vapeo personalizada.<\/td><\/tr><tr><td>E-l\u00edquido precargado de 22 ml<\/td><td>Su gran capacidad reduce la necesidad de sustituciones frecuentes<\/td><\/tr><tr><td>Bater\u00eda recargable de 800 mAh (Tipo-C)<\/td><td>Suministra energ\u00eda fiable con una c\u00f3moda carga r\u00e1pida<\/td><\/tr><tr><td>Juego Lucky Room<\/td><td>Funci\u00f3n interactiva incorporada que aumenta el compromiso y la singularidad del producto<\/td><\/tr><\/tbody><\/table><\/figure>\n\n\n\n<h2 class=\"wp-block-heading\">Sabores disponibles<\/h2>\n\n\n\n<ul class=\"wp-block-list\">\n<li>Hielo de sand\u00eda<\/li>\n\n\n\n<li>Ar\u00e1ndanos sobre hielo<\/li>\n\n\n\n<li style=\"border-top-left-radius:0px;border-top-right-radius:0px;border-bottom-left-radius:0px;border-bottom-right-radius:0px\">Ar\u00e1ndano Frambuesa<\/li>\n\n\n\n<li>Fresa helada<\/li>\n\n\n\n<li>Hielo de uva<\/li>\n\n\n\n<li>Mezcla de bayas<\/li>\n\n\n\n<li>Fruta del drag\u00f3n<\/li>\n\n\n\n<li>Fresa Kiwi<\/li>\n\n\n\n<li>Kiwi Fruta de la pasi\u00f3n Guayaba<\/li>\n\n\n\n<li>Frambuesa agria azul<\/li>\n\n\n\n<li>Cereza Cola<\/li>\n\n\n\n<li>Lim\u00f3n y lima<\/li>\n<\/ul>\n\n\n\n<h2 class=\"wp-block-heading\">Informaci\u00f3n sobre envases<\/h2>\n\n\n\n<ul class=\"wp-block-list\">\n<li><strong>5 unidades \/ caja expositora<\/strong><\/li>\n\n\n\n<li><strong>200 unidades \/ caja<\/strong><\/li>\n\n\n\n<li>Ideal para estantes de tiendas y distribuci\u00f3n al por mayor<\/li>\n<\/ul>\n\n\n\n<h2 class=\"wp-block-heading\">\u00bfPor qu\u00e9 elegir Airmez Matrix 30K?<\/h2>\n\n\n\n<p>\u2714 Pantalla t\u00e1ctil inteligente + funciones interactivas<br>\u2714 Rendimiento duradero con un gran n\u00famero de caladas<br>\u2714 Sabor consistente de la bobina de malla dual<br>Flujo de aire ajustable para un vapeo personalizado<br>\u2714 Dise\u00f1o premium para la diferenciaci\u00f3n minorista<\/p>\n\n\n\n<h2 class=\"wp-block-heading\">M\u00e1s opciones<\/h2>\n\n\n\n<p>\u00bfBusca m\u00e1s opciones adem\u00e1s del Airmez Matrix 30K? Puede explorar nuestra colecci\u00f3n completa en la <a href=\"https:\/\/vapemaison.com\/shop\/\" type=\"link\" id=\"https:\/\/vapemaison.com\/shop\/\"><strong>Tienda<\/strong><\/a> para descubrir una amplia gama de vaporizadores desechables con diferentes caracter\u00edsticas, dise\u00f1os y capacidades de calada.<\/p>\n\n\n\n<p>Si est\u00e1 interesado en dispositivos innovadores similares, consulte m\u00e1s productos de la marca <strong><a href=\"https:\/\/vapemaison.com\/brand\/airmez\/\" type=\"link\" id=\"https:\/\/vapemaison.com\/brand\/airmez\/\">Serie Airmez<\/a><\/strong>, donde la tecnolog\u00eda avanzada y el dise\u00f1o moderno se dan la mano.<\/p>\n\n\n\n<p>Para los usuarios que prefieren un rendimiento duradero, tambi\u00e9n ofrecemos una variedad de <strong><a href=\"https:\/\/vapemaison.com\/product-category\/puffs-count\/30k-puffs\/\" type=\"link\" id=\"https:\/\/vapemaison.com\/product-category\/puffs-count\/30k-puffs\/\">30K bocanadas<\/a> vapes desechables<\/strong>, que le ofrece m\u00e1s opciones con un uso prolongado y una excelente relaci\u00f3n calidad-precio.<\/p>\n\n\n\n<p>Navegue m\u00e1s y encuentre el dispositivo perfecto que se adapte a sus necesidades.<\/p>","protected":false},"excerpt":{"rendered":"<p>The Airmez Matrix 30K elevates disposable vaping with a perfect blend of smart technology, high-capacity performance, and modern design. Featuring a 2.1-inch large screen, responsive touch pad, and adjustable airflow system, it delivers a fully customizable and interactive vaping experience. Powered by a 22ml pre-filled e-liquid, dual mesh coil, and an 800mAh rechargeable battery, this [&hellip;]<\/p>\n","protected":false},"featured_media":26373,"comment_status":"open","ping_status":"closed","template":"","meta":[],"product_brand":[314],"product_cat":[134],"product_tag":[],"class_list":{"0":"post-26368","1":"product","2":"type-product","3":"status-publish","4":"has-post-thumbnail","6":"product_brand-airmez","7":"product_cat-30k-puffs","9":"first","10":"instock","11":"sale","12":"shipping-taxable","13":"purchasable","14":"product-type-variable"},"yoast_head":"<!-- This site is optimized with the Yoast SEO plugin v27.4 - https:\/\/yoast.com\/product\/yoast-seo-wordpress\/ -->\n<title>Airmez Matrix 30K Disposable Vape | 22ml, 5% Nicotine<\/title>\n<meta name=\"description\" content=\"Airmez Matrix 30K disposable vape features 22ml e-liquid, 5% nicotine, dual mesh coil, adjustable airflow, 2.1-inch big screen, touch pad.\" \/>\n<meta name=\"robots\" content=\"index, follow, max-snippet:-1, max-image-preview:large, max-video-preview:-1\" \/>\n<link rel=\"canonical\" href=\"https:\/\/vapemaison.com\/es\/producto\/airmez-matrix-30k-vape-desechable\/\" \/>\n<meta property=\"og:locale\" content=\"es_ES\" \/>\n<meta property=\"og:type\" content=\"article\" \/>\n<meta property=\"og:title\" content=\"Airmez Matrix 30K Disposable Vape | 22ml, 5% Nicotine\" \/>\n<meta property=\"og:description\" content=\"Airmez Matrix 30K disposable vape features 22ml e-liquid, 5% nicotine, dual mesh coil, adjustable airflow, 2.1-inch big screen, touch pad.\" \/>\n<meta property=\"og:url\" content=\"https:\/\/vapemaison.com\/es\/producto\/airmez-matrix-30k-vape-desechable\/\" \/>\n<meta property=\"og:site_name\" content=\"VapeMaison\" \/>\n<meta property=\"article:modified_time\" content=\"2026-04-11T06:34:02+00:00\" \/>\n<meta property=\"og:image\" content=\"https:\/\/vapemaison.com\/wp-content\/uploads\/2026\/01\/Airmez-Matrix-Pro-30000-Puffs-8.webp\" \/>\n\t<meta property=\"og:image:width\" content=\"800\" \/>\n\t<meta property=\"og:image:height\" content=\"800\" \/>\n\t<meta property=\"og:image:type\" content=\"image\/webp\" \/>\n<meta name=\"twitter:card\" content=\"summary_large_image\" \/>\n<meta name=\"twitter:label1\" content=\"Tiempo de lectura\" \/>\n\t<meta name=\"twitter:data1\" content=\"2 minutos\" \/>\n<!-- \/ Yoast SEO plugin. -->","yoast_head_json":{"title":"Airmez Matrix 30K Vape Desechable | 22ml, 5% Nicotina","description":"El vapeador desechable Airmez Matrix 30K tiene 22ml de e-l\u00edquido, 5% de nicotina, doble bobina de malla, flujo de aire ajustable, pantalla grande de 2,1 pulgadas, panel t\u00e1ctil.","robots":{"index":"index","follow":"follow","max-snippet":"max-snippet:-1","max-image-preview":"max-image-preview:large","max-video-preview":"max-video-preview:-1"},"canonical":"https:\/\/vapemaison.com\/es\/producto\/airmez-matrix-30k-vape-desechable\/","og_locale":"es_ES","og_type":"article","og_title":"Airmez Matrix 30K Disposable Vape | 22ml, 5% Nicotine","og_description":"Airmez Matrix 30K disposable vape features 22ml e-liquid, 5% nicotine, dual mesh coil, adjustable airflow, 2.1-inch big screen, touch pad.","og_url":"https:\/\/vapemaison.com\/es\/producto\/airmez-matrix-30k-vape-desechable\/","og_site_name":"VapeMaison","article_modified_time":"2026-04-11T06:34:02+00:00","og_image":[{"width":800,"height":800,"url":"https:\/\/vapemaison.com\/wp-content\/uploads\/2026\/01\/Airmez-Matrix-Pro-30000-Puffs-8.webp","type":"image\/webp"}],"twitter_card":"summary_large_image","twitter_misc":{"Tiempo de lectura":"2 minutos"},"schema":{"@context":"https:\/\/schema.org","@graph":[{"@type":"WebPage","@id":"https:\/\/vapemaison.com\/product\/airmez-matrix-30k-disposable-vape\/","url":"https:\/\/vapemaison.com\/product\/airmez-matrix-30k-disposable-vape\/","name":"Airmez Matrix 30K Vape Desechable | 22ml, 5% Nicotina","isPartOf":{"@id":"https:\/\/vapemaison.com\/#website"},"primaryImageOfPage":{"@id":"https:\/\/vapemaison.com\/product\/airmez-matrix-30k-disposable-vape\/#primaryimage"},"image":{"@id":"https:\/\/vapemaison.com\/product\/airmez-matrix-30k-disposable-vape\/#primaryimage"},"thumbnailUrl":"https:\/\/vapemaison.com\/wp-content\/uploads\/2026\/01\/Airmez-Matrix-Pro-30000-Puffs-8.webp","datePublished":"2026-01-26T08:48:03+00:00","dateModified":"2026-04-11T06:34:02+00:00","description":"El vapeador desechable Airmez Matrix 30K tiene 22ml de e-l\u00edquido, 5% de nicotina, doble bobina de malla, flujo de aire ajustable, pantalla grande de 2,1 pulgadas, panel t\u00e1ctil.","breadcrumb":{"@id":"https:\/\/vapemaison.com\/product\/airmez-matrix-30k-disposable-vape\/#breadcrumb"},"inLanguage":"es","potentialAction":[{"@type":"ReadAction","target":["https:\/\/vapemaison.com\/product\/airmez-matrix-30k-disposable-vape\/"]}]},{"@type":"ImageObject","inLanguage":"es","@id":"https:\/\/vapemaison.com\/product\/airmez-matrix-30k-disposable-vape\/#primaryimage","url":"https:\/\/vapemaison.com\/wp-content\/uploads\/2026\/01\/Airmez-Matrix-Pro-30000-Puffs-8.webp","contentUrl":"https:\/\/vapemaison.com\/wp-content\/uploads\/2026\/01\/Airmez-Matrix-Pro-30000-Puffs-8.webp","width":800,"height":800,"caption":"Airmez Matrix Pro Puffs Disposable Vape Device detail"},{"@type":"BreadcrumbList","@id":"https:\/\/vapemaison.com\/product\/airmez-matrix-30k-disposable-vape\/#breadcrumb","itemListElement":[{"@type":"ListItem","position":1,"name":"\u9996\u9875","item":"https:\/\/vapemaison.com\/"},{"@type":"ListItem","position":2,"name":"Shop","item":"https:\/\/vapemaison.com\/shop\/"},{"@type":"ListItem","position":3,"name":"Airmez","item":"https:\/\/vapemaison.com\/brand\/airmez\/"},{"@type":"ListItem","position":4,"name":"Airmez Matrix 30K Disposable Vape"}]},{"@type":"WebSite","@id":"https:\/\/vapemaison.com\/#website","url":"https:\/\/vapemaison.com\/","name":"VapeMaison","description":"Dispositivos y accesorios premium para vapear","publisher":{"@id":"https:\/\/vapemaison.com\/#organization"},"potentialAction":[{"@type":"SearchAction","target":{"@type":"EntryPoint","urlTemplate":"https:\/\/vapemaison.com\/?s={search_term_string}"},"query-input":{"@type":"PropertyValueSpecification","valueRequired":true,"valueName":"search_term_string"}}],"inLanguage":"es"},{"@type":"Organization","@id":"https:\/\/vapemaison.com\/#organization","name":"VapeMaison","url":"https:\/\/vapemaison.com\/","logo":{"@type":"ImageObject","inLanguage":"es","@id":"https:\/\/vapemaison.com\/#\/schema\/logo\/image\/","url":"https:\/\/vapemaison.com\/wp-content\/uploads\/2026\/01\/cropped-vapemaison-logo-g-2026.webp","contentUrl":"https:\/\/vapemaison.com\/wp-content\/uploads\/2026\/01\/cropped-vapemaison-logo-g-2026.webp","width":350,"height":280,"caption":"VapeMaison"},"image":{"@id":"https:\/\/vapemaison.com\/#\/schema\/logo\/image\/"},"sameAs":["https:\/\/www.youtube.com\/@VapeMaison"]}]}},"tiered_pricing_type":"fixed","tiered_pricing_fixed_rules":{"30":"12.76","50":"12.24","100":"11.88","200":"11.46"},"tiered_pricing_product_settings":{"layout":"default","base_unit_name":{"singular":null,"plural":null},"default_variation":null},"tiered_pricing_minimum_quantity":10,"tiered_pricing_roles_data":[],"tiered_pricing_percentage_rules":[],"tiered_pricing_maximum_quantity":null,"tiered_pricing_quantity_step":"10","_links":{"self":[{"href":"https:\/\/vapemaison.com\/es\/wp-json\/wp\/v2\/product\/26368","targetHints":{"allow":["GET"]}}],"collection":[{"href":"https:\/\/vapemaison.com\/es\/wp-json\/wp\/v2\/product"}],"about":[{"href":"https:\/\/vapemaison.com\/es\/wp-json\/wp\/v2\/types\/product"}],"replies":[{"embeddable":true,"href":"https:\/\/vapemaison.com\/es\/wp-json\/wp\/v2\/comments?post=26368"}],"version-history":[{"count":4,"href":"https:\/\/vapemaison.com\/es\/wp-json\/wp\/v2\/product\/26368\/revisions"}],"predecessor-version":[{"id":29277,"href":"https:\/\/vapemaison.com\/es\/wp-json\/wp\/v2\/product\/26368\/revisions\/29277"}],"wp:featuredmedia":[{"embeddable":true,"href":"https:\/\/vapemaison.com\/es\/wp-json\/wp\/v2\/media\/26373"}],"wp:attachment":[{"href":"https:\/\/vapemaison.com\/es\/wp-json\/wp\/v2\/media?parent=26368"}],"wp:term":[{"taxonomy":"product_brand","embeddable":true,"href":"https:\/\/vapemaison.com\/es\/wp-json\/wp\/v2\/product_brand?post=26368"},{"taxonomy":"product_cat","embeddable":true,"href":"https:\/\/vapemaison.com\/es\/wp-json\/wp\/v2\/product_cat?post=26368"},{"taxonomy":"product_tag","embeddable":true,"href":"https:\/\/vapemaison.com\/es\/wp-json\/wp\/v2\/product_tag?post=26368"}],"curies":[{"name":"wp","href":"https:\/\/api.w.org\/{rel}","templated":true}]}}