

{"id":26402,"date":"2026-01-28T03:39:58","date_gmt":"2026-01-28T03:39:58","guid":{"rendered":"https:\/\/vapemaison.com\/?post_type=product&#038;p=26402"},"modified":"2026-05-05T03:13:02","modified_gmt":"2026-05-05T03:13:02","slug":"azul-vape-24k-puff-2-low-nicotine-bulk-buy-vapes-pen-recargable-desechable-al-por-mayor","status":"publish","type":"product","link":"https:\/\/vapemaison.com\/es\/product\/azul-vape-24k-puff-2-low-nicotine-bulk-buy-rechargeable-disposable-vapes-pen-wholesale\/","title":{"rendered":"Azul vape 24K Puff 2% Low Nicotine Compra a Granel Vapes Pen Recargable Desechable al por mayor"},"content":{"rendered":"<p>Descubre el siguiente nivel de rendimiento con el <strong>Azul Vape 24K Desechable<\/strong>, Dise\u00f1ado para vapers que quieren <strong>uso duradero, potente suministro de sabor y hardware fiable<\/strong> en un solo dispositivo. Con <strong>hasta 24.000 bocanadas<\/strong>, a <strong>sistema de bobina de malla<\/strong>, y <strong>Bater\u00eda recargable de tipo C<\/strong>,humo azul 24K est\u00e1 construido para una satisfacci\u00f3n prolongada sin sacrificar la consistencia.<\/p>\n\n\n\n<p>Tanto si eres un usuario habitual como alguien que prefiere un dispositivo de alta capacidad que dure, humo azul ofrece durabilidad, intensidad de sabor y un suave disfrute de la nicotina en cada calada.<\/p>\n\n\n\n<h3 class=\"wp-block-heading\"><strong>\u00bfPor qu\u00e9 elegir Azul Vape 24K desechable?<\/strong><\/h3>\n\n\n\n<h4 class=\"wp-block-heading\"><strong>Gran capacidad de soplado<\/strong><\/h4>\n\n\n\n<p>En <strong>humo azul 24K<\/strong> ofrece <strong>hasta <a href=\"https:\/\/vapemaison.com\/product-category\/puffs-count\/24k-puffs\/\" type=\"link\" id=\"https:\/\/vapemaison.com\/product-category\/puffs-count\/24k-puffs\/\">24k puffs<\/a><\/strong>, lo que lo sit\u00faa entre los vaporizadores desechables de mayor capacidad del mercado. Menos recambios, ciclos de uso m\u00e1s largos y mayor comodidad para usuarios intensivos o frecuentes.<\/p>\n\n\n\n<h4 class=\"wp-block-heading\"><strong>Tecnolog\u00eda avanzada de bobina de malla<\/strong><\/h4>\n\n\n\n<p>Equipado con <strong>malla calefactora<\/strong>,humo azul asegura:<\/p>\n\n\n\n<ul class=\"wp-block-list\">\n<li>Vaporizaci\u00f3n uniforme del e-l\u00edquido<\/li>\n\n\n\n<li>Mayor claridad del sabor<\/li>\n\n\n\n<li>Producci\u00f3n de vapor suave y uniforme<br>Las bobinas tradicionales pueden producir un calentamiento desigual - <strong>Estructura de malla de Azul Vape<\/strong> mantiene un rendimiento estable desde la primera calada hasta la \u00faltima.<\/li>\n<\/ul>\n\n\n\n<h4 class=\"wp-block-heading\"><strong>Bater\u00eda recargable de larga duraci\u00f3n<\/strong><\/h4>\n\n\n\n<p>El sistema <strong>Bater\u00eda de 600 mAh<\/strong> soporta la gran capacidad de e-l\u00edquido del dispositivo. El <strong>Puerto de carga Tipo-C<\/strong> permite una recarga r\u00e1pida y c\u00f3moda, reduciendo el tiempo de inactividad y manteniendo el dispositivo a punto.<\/p>\n\n\n\n<h4 class=\"wp-block-heading\"><strong>Smooth 2% Potencia de nicotina<\/strong><\/h4>\n\n\n\n<p>Formulado con <strong>2% nicotina<\/strong>, El humo azul proporciona un golpe de garganta equilibrado y una satisfacci\u00f3n constante mientras mantiene una experiencia de inhalaci\u00f3n suave.<\/p>\n\n\n\n<h2 class=\"wp-block-heading\"><strong>Caracter\u00edsticas principales<\/strong><\/h2>\n\n\n\n<figure class=\"wp-block-table is-style-stripes\"><table class=\"has-fixed-layout\"><thead><tr><th>Caracter\u00edstica<\/th><th>Especificaci\u00f3n<\/th><\/tr><\/thead><tbody><tr><td>Recuento de puff<\/td><td>Hasta <strong>24.000 Puffs<\/strong><\/td><\/tr><tr><td>Tipo de bobina<\/td><td><strong>Sistema de bobina de malla<\/strong><\/td><\/tr><tr><td>Bater\u00eda<\/td><td><strong>600mAh Recargable<\/strong><\/td><\/tr><tr><td>Puerto de carga<\/td><td><strong>USB Tipo-C<\/strong><\/td><\/tr><tr><td>Potencia de nicotina<\/td><td><strong>2%<\/strong><\/td><\/tr><tr><td>Tipo de dispositivo<\/td><td>Desechable (no rellenable)<\/td><\/tr><\/tbody><\/table><\/figure>\n\n\n\n<h2 class=\"wp-block-heading\"><strong>Sabores Azul Vape disponibles<\/strong><\/h2>\n\n\n\n<p>Melocot\u00f3n helado<br>Hielo de ar\u00e1ndanos<br>Hielo de uva<br>Fruta del drag\u00f3n mora<br>Mel\u00f3n helado<br>Fresa Sand\u00eda Uva<br>Lim\u00f3n Lima<br>Hielo de sand\u00eda<br>Fresa Ar\u00e1ndano Cereza<br>Hielo Razz Azul<br>Fruta de la pasi\u00f3n Kiwi Guayaba<\/p>\n\n\n\n<p>Cada sabor se elabora para mantener la intensidad durante toda la vida \u00fatil del dispositivo gracias al <strong>Sistema de bobina de malla Azul Vape<\/strong>.<\/p>\n\n\n\n<h2 class=\"wp-block-heading\"><strong>Azul Vape 24K Preguntas frecuentes<\/strong><\/h2>\n\n\n\n<p><strong>1. \u00bfCu\u00e1nto dura Azul Vape 24K?<\/strong><br>El dispositivo puede suministrar hasta <strong>24.000 bocanadas<\/strong>. La duraci\u00f3n real depende de la frecuencia de uso individual y de la duraci\u00f3n de la calada.<\/p>\n\n\n\n<p><strong>2. \u00bfTiempo de carga?<\/strong><br>La bater\u00eda de 600 mAh suele requerir <strong>35-45 minutos<\/strong> para una carga completa a trav\u00e9s de Type-C.<\/p>\n\n\n\n<p><strong>3. \u00bfC\u00f3mo s\u00e9 cu\u00e1ndo ha terminado el aparato?<\/strong><br>El desvanecimiento del sabor, la reducci\u00f3n de la salida de vapor o la ausencia de producci\u00f3n de vapor indican que el e-l\u00edquido est\u00e1 agotado.<\/p>\n\n\n\n<p><strong>4. \u00bfSe puede rellenar Azul Vape?<\/strong><br>No. <strong>Azul Vape 24K<\/strong> es un dispositivo desechable sellado y no est\u00e1 dise\u00f1ado para ser rellenado.<\/p>\n\n\n\n<p><strong>5. \u00bfAdecuado para principiantes?<\/strong><br>S\u00ed. El sistema activado por sorteo no requiere botones ni ajustes.<\/p>\n\n\n\n<p><strong>6. Informaci\u00f3n de env\u00edo<\/strong><br>Los pedidos se env\u00edan en un plazo de 24 horas tras la confirmaci\u00f3n del pago.<\/p>\n\n\n\n<ul class=\"wp-block-list\">\n<li><strong>Alemania:<\/strong> 3-5 d\u00edas laborables<\/li>\n\n\n\n<li><strong>Europa:<\/strong> 5-7 d\u00edas laborables<\/li>\n\n\n\n<li><strong>Fuera de Europa:<\/strong> Env\u00edo desde China, aprox. 10-15 d\u00edas laborables<\/li>\n<\/ul>\n\n\n\n<p>El plazo de entrega puede variar debido a las aduanas o a la log\u00edstica local.<\/p>\n\n\n\n<h3 class=\"wp-block-heading\"><strong>Explora m\u00e1s dispositivos Azul Vape<\/strong><\/h3>\n\n\n\n<p>Consulte nuestra colecci\u00f3n completa de <strong><a href=\"https:\/\/vapemaison.com\/brand\/humo-azul\/\" type=\"link\" id=\"https:\/\/vapemaison.com\/brand\/humo-azul\/\">Azul Vape<\/a><\/strong> y otros dispositivos desechables de gran capacidad para encontrar la combinaci\u00f3n perfecta de sabor y rendimiento seg\u00fan sus preferencias.<\/p>\n\n\n\n<p><\/p>","protected":false},"excerpt":{"rendered":"<p>Experimenta el poder de <strong data-start=\"317\" data-end=\"345\">Azul Vape 24K Desechable<\/strong> con hasta 24.000 caladas, avanzada tecnolog\u00eda de bobina de malla, bater\u00eda recargable de 600mAh y suave nicotina 2%. Rendimiento duradero, rico sabor y carga r\u00e1pida Type-C en un dispositivo de gran capacidad.<\/p>","protected":false},"featured_media":26405,"comment_status":"open","ping_status":"closed","template":"","meta":[],"product_brand":[166],"product_cat":[292],"product_tag":[],"class_list":{"0":"post-26402","1":"product","2":"type-product","3":"status-publish","4":"has-post-thumbnail","6":"product_brand-humo-azul","7":"product_cat-24k-puffs","9":"first","10":"instock","11":"sale","12":"shipping-taxable","13":"purchasable","14":"product-type-variable"},"yoast_head":"<!-- This site is optimized with the Yoast SEO plugin v27.4 - https:\/\/yoast.com\/product\/yoast-seo-wordpress\/ -->\n<title>Azul Vape 24K Disposable \u2013 24000 Puffs Rechargeable Vape<\/title>\n<meta name=\"description\" content=\"Azul Vape 24K Disposable \u2013 up to 24,000 puffs, mesh coil, 600mAh battery, Type-C charging, smooth 2% nicotine for long-lasting vaping.\" \/>\n<meta name=\"robots\" content=\"index, follow, max-snippet:-1, max-image-preview:large, max-video-preview:-1\" \/>\n<link rel=\"canonical\" href=\"https:\/\/vapemaison.com\/es\/producto\/azul-vape-24k-puff-2-low-nicotine-bulk-buy-vapes-pen-recargable-desechable-al-por-mayor\/\" \/>\n<meta property=\"og:locale\" content=\"es_ES\" \/>\n<meta property=\"og:type\" content=\"article\" \/>\n<meta property=\"og:title\" content=\"Azul Vape 24K Disposable \u2013 24000 Puffs Rechargeable Vape\" \/>\n<meta property=\"og:description\" content=\"Azul Vape 24K Disposable \u2013 up to 24,000 puffs, mesh coil, 600mAh battery, Type-C charging, smooth 2% nicotine for long-lasting vaping.\" \/>\n<meta property=\"og:url\" content=\"https:\/\/vapemaison.com\/es\/producto\/azul-vape-24k-puff-2-low-nicotine-bulk-buy-vapes-pen-recargable-desechable-al-por-mayor\/\" \/>\n<meta property=\"og:site_name\" content=\"VapeMaison\" \/>\n<meta property=\"article:modified_time\" content=\"2026-05-05T03:13:02+00:00\" \/>\n<meta property=\"og:image\" content=\"https:\/\/vapemaison.com\/wp-content\/uploads\/2026\/01\/azul-vape-24000-puffs-vape.webp\" \/>\n\t<meta property=\"og:image:width\" content=\"1444\" \/>\n\t<meta property=\"og:image:height\" content=\"1366\" \/>\n\t<meta property=\"og:image:type\" content=\"image\/webp\" \/>\n<meta name=\"twitter:card\" content=\"summary_large_image\" \/>\n<meta name=\"twitter:label1\" content=\"Tiempo de lectura\" \/>\n\t<meta name=\"twitter:data1\" content=\"3 minutos\" \/>\n<!-- \/ Yoast SEO plugin. -->","yoast_head_json":{"title":"Azul Vape 24K Desechable - 24000 Puffs Vape Recargable","description":"Azul Vape 24K Desechable - hasta 24.000 caladas, bobina de malla, bater\u00eda de 600mAh, carga Tipo-C, suave nicotina 2% para un vapeo de larga duraci\u00f3n.","robots":{"index":"index","follow":"follow","max-snippet":"max-snippet:-1","max-image-preview":"max-image-preview:large","max-video-preview":"max-video-preview:-1"},"canonical":"https:\/\/vapemaison.com\/es\/producto\/azul-vape-24k-puff-2-low-nicotine-bulk-buy-vapes-pen-recargable-desechable-al-por-mayor\/","og_locale":"es_ES","og_type":"article","og_title":"Azul Vape 24K Disposable \u2013 24000 Puffs Rechargeable Vape","og_description":"Azul Vape 24K Disposable \u2013 up to 24,000 puffs, mesh coil, 600mAh battery, Type-C charging, smooth 2% nicotine for long-lasting vaping.","og_url":"https:\/\/vapemaison.com\/es\/producto\/azul-vape-24k-puff-2-low-nicotine-bulk-buy-vapes-pen-recargable-desechable-al-por-mayor\/","og_site_name":"VapeMaison","article_modified_time":"2026-05-05T03:13:02+00:00","og_image":[{"width":1444,"height":1366,"url":"https:\/\/vapemaison.com\/wp-content\/uploads\/2026\/01\/azul-vape-24000-puffs-vape.webp","type":"image\/webp"}],"twitter_card":"summary_large_image","twitter_misc":{"Tiempo de lectura":"3 minutos"},"schema":{"@context":"https:\/\/schema.org","@graph":[{"@type":"WebPage","@id":"https:\/\/vapemaison.com\/product\/azul-vape-24k-puff-2-low-nicotine-bulk-buy-rechargeable-disposable-vapes-pen-wholesale\/","url":"https:\/\/vapemaison.com\/product\/azul-vape-24k-puff-2-low-nicotine-bulk-buy-rechargeable-disposable-vapes-pen-wholesale\/","name":"Azul Vape 24K Desechable - 24000 Puffs Vape Recargable","isPartOf":{"@id":"https:\/\/vapemaison.com\/#website"},"primaryImageOfPage":{"@id":"https:\/\/vapemaison.com\/product\/azul-vape-24k-puff-2-low-nicotine-bulk-buy-rechargeable-disposable-vapes-pen-wholesale\/#primaryimage"},"image":{"@id":"https:\/\/vapemaison.com\/product\/azul-vape-24k-puff-2-low-nicotine-bulk-buy-rechargeable-disposable-vapes-pen-wholesale\/#primaryimage"},"thumbnailUrl":"https:\/\/vapemaison.com\/wp-content\/uploads\/2026\/01\/azul-vape-24000-puffs-vape.webp","datePublished":"2026-01-28T03:39:58+00:00","dateModified":"2026-05-05T03:13:02+00:00","description":"Azul Vape 24K Desechable - hasta 24.000 caladas, bobina de malla, bater\u00eda de 600mAh, carga Tipo-C, suave nicotina 2% para un vapeo de larga duraci\u00f3n.","breadcrumb":{"@id":"https:\/\/vapemaison.com\/product\/azul-vape-24k-puff-2-low-nicotine-bulk-buy-rechargeable-disposable-vapes-pen-wholesale\/#breadcrumb"},"inLanguage":"es","potentialAction":[{"@type":"ReadAction","target":["https:\/\/vapemaison.com\/product\/azul-vape-24k-puff-2-low-nicotine-bulk-buy-rechargeable-disposable-vapes-pen-wholesale\/"]}]},{"@type":"ImageObject","inLanguage":"es","@id":"https:\/\/vapemaison.com\/product\/azul-vape-24k-puff-2-low-nicotine-bulk-buy-rechargeable-disposable-vapes-pen-wholesale\/#primaryimage","url":"https:\/\/vapemaison.com\/wp-content\/uploads\/2026\/01\/azul-vape-24000-puffs-vape.webp","contentUrl":"https:\/\/vapemaison.com\/wp-content\/uploads\/2026\/01\/azul-vape-24000-puffs-vape.webp","width":1444,"height":1366,"caption":"Azul Vape Puffs"},{"@type":"BreadcrumbList","@id":"https:\/\/vapemaison.com\/product\/azul-vape-24k-puff-2-low-nicotine-bulk-buy-rechargeable-disposable-vapes-pen-wholesale\/#breadcrumb","itemListElement":[{"@type":"ListItem","position":1,"name":"\u9996\u9875","item":"https:\/\/vapemaison.com\/"},{"@type":"ListItem","position":2,"name":"Shop","item":"https:\/\/vapemaison.com\/shop\/"},{"@type":"ListItem","position":3,"name":"Humo Azul","item":"https:\/\/vapemaison.com\/brand\/humo-azul\/"},{"@type":"ListItem","position":4,"name":"Azul vape 24K Puff 2% Low Nicotine Bulk Buy Rechargeable Disposable Vapes Pen Wholesale"}]},{"@type":"WebSite","@id":"https:\/\/vapemaison.com\/#website","url":"https:\/\/vapemaison.com\/","name":"VapeMaison","description":"Dispositivos y accesorios premium para vapear","publisher":{"@id":"https:\/\/vapemaison.com\/#organization"},"potentialAction":[{"@type":"SearchAction","target":{"@type":"EntryPoint","urlTemplate":"https:\/\/vapemaison.com\/?s={search_term_string}"},"query-input":{"@type":"PropertyValueSpecification","valueRequired":true,"valueName":"search_term_string"}}],"inLanguage":"es"},{"@type":"Organization","@id":"https:\/\/vapemaison.com\/#organization","name":"VapeMaison","url":"https:\/\/vapemaison.com\/","logo":{"@type":"ImageObject","inLanguage":"es","@id":"https:\/\/vapemaison.com\/#\/schema\/logo\/image\/","url":"https:\/\/vapemaison.com\/wp-content\/uploads\/2026\/01\/cropped-vapemaison-logo-g-2026.webp","contentUrl":"https:\/\/vapemaison.com\/wp-content\/uploads\/2026\/01\/cropped-vapemaison-logo-g-2026.webp","width":350,"height":280,"caption":"VapeMaison"},"image":{"@id":"https:\/\/vapemaison.com\/#\/schema\/logo\/image\/"},"sameAs":["https:\/\/www.youtube.com\/@VapeMaison"]}]}},"tiered_pricing_type":"fixed","tiered_pricing_fixed_rules":{"30":"8.48","50":"7.99","100":"7.34","200":"6.78"},"tiered_pricing_product_settings":{"layout":"default","base_unit_name":{"singular":null,"plural":null},"default_variation":null},"tiered_pricing_minimum_quantity":10,"tiered_pricing_roles_data":[],"tiered_pricing_percentage_rules":[],"tiered_pricing_maximum_quantity":null,"tiered_pricing_quantity_step":"10","_links":{"self":[{"href":"https:\/\/vapemaison.com\/es\/wp-json\/wp\/v2\/product\/26402","targetHints":{"allow":["GET"]}}],"collection":[{"href":"https:\/\/vapemaison.com\/es\/wp-json\/wp\/v2\/product"}],"about":[{"href":"https:\/\/vapemaison.com\/es\/wp-json\/wp\/v2\/types\/product"}],"replies":[{"embeddable":true,"href":"https:\/\/vapemaison.com\/es\/wp-json\/wp\/v2\/comments?post=26402"}],"version-history":[{"count":6,"href":"https:\/\/vapemaison.com\/es\/wp-json\/wp\/v2\/product\/26402\/revisions"}],"predecessor-version":[{"id":29403,"href":"https:\/\/vapemaison.com\/es\/wp-json\/wp\/v2\/product\/26402\/revisions\/29403"}],"wp:featuredmedia":[{"embeddable":true,"href":"https:\/\/vapemaison.com\/es\/wp-json\/wp\/v2\/media\/26405"}],"wp:attachment":[{"href":"https:\/\/vapemaison.com\/es\/wp-json\/wp\/v2\/media?parent=26402"}],"wp:term":[{"taxonomy":"product_brand","embeddable":true,"href":"https:\/\/vapemaison.com\/es\/wp-json\/wp\/v2\/product_brand?post=26402"},{"taxonomy":"product_cat","embeddable":true,"href":"https:\/\/vapemaison.com\/es\/wp-json\/wp\/v2\/product_cat?post=26402"},{"taxonomy":"product_tag","embeddable":true,"href":"https:\/\/vapemaison.com\/es\/wp-json\/wp\/v2\/product_tag?post=26402"}],"curies":[{"name":"wp","href":"https:\/\/api.w.org\/{rel}","templated":true}]}}