

{"id":26956,"date":"2026-02-04T06:50:51","date_gmt":"2026-02-04T06:50:51","guid":{"rendered":"https:\/\/vapemaison.com\/?post_type=product&#038;p=26956"},"modified":"2026-02-04T06:51:11","modified_gmt":"2026-02-04T06:51:11","slug":"randm-tornado-7000-puffs-vape-puff-desechable-7k","status":"publish","type":"product","link":"https:\/\/vapemaison.com\/es\/product\/randm-tornado-7000-puffs-disposable-vape-puff-7k\/","title":{"rendered":"RandM Tornado 7000 Puffs Vape Desechable | Puff 7k"},"content":{"rendered":"<p>En <strong>RandM Tornado 7000 7k<\/strong> es un vapeador desechable innovador dise\u00f1ado para vapeadores que exigen calidad y comodidad. Combina funciones potentes con facilidad de uso, garantizando una experiencia satisfactoria con cada calada.<\/p>\n\n\n\n<p><strong>Flujo de aire ajustable<\/strong> permite a los usuarios controlar la densidad del vapor y la intensidad del sabor, lo que le permite personalizar su experiencia de vapeo a la perfecci\u00f3n.<\/p>\n\n\n\n<p><strong>Dise\u00f1o recargable<\/strong> lo diferencia de los t\u00edpicos desechables. El puerto de carga Type-C de la parte inferior garantiza que puedas aprovechar hasta la \u00faltima gota de e-l\u00edquido, prolongando el uso del dispositivo.<\/p>\n\n\n\n<p><strong>Gran capacidad de e-l\u00edquido<\/strong>: Con 14 ml de e-jugo, el dispositivo soporta largas sesiones de vapeo y ofrece opciones de sal de nicotina 2% y 5% para adaptarse a diferentes preferencias.<\/p>\n\n\n\n<p>Adem\u00e1s, la RandM Tornado 7000 7k ofrece <strong>56 sabores<\/strong>, desde menta fresca y mezclas afrutadas hasta postres y bebidas, ofreciendo a los usuarios una amplia variedad de experiencias gustativas.<\/p>\n\n\n\n<h3 class=\"wp-block-heading\">Especificaciones del producto<\/h3>\n\n\n\n<figure class=\"wp-block-table is-style-stripes\"><table class=\"has-fixed-layout\"><thead><tr><th>Especificaci\u00f3n<\/th><th>Detalles<\/th><\/tr><\/thead><tbody><tr><td>Sal de nicotina<\/td><td>2% \/ 5%<\/td><\/tr><tr><td>Capacidad de e-l\u00edquido<\/td><td>14 ml<\/td><\/tr><tr><td>Inhalaciones por dispositivo<\/td><td>Aprox. 7000<\/td><\/tr><tr><td>Control del flujo de aire<\/td><td>Ajustable para un vapor y sabor personalizados<\/td><\/tr><tr><td>Puerto de carga<\/td><td>Tipo-C<\/td><\/tr><tr><td>Bater\u00eda<\/td><td>Bater\u00eda recargable de 850 mAh integrada<\/td><\/tr><tr><td>Recargable<\/td><td>S\u00ed<\/td><\/tr><tr><td>Sabores disponibles<\/td><td>56<\/td><\/tr><tr><td>Embalaje<\/td><td>10 unidades \/ caja expositora<\/td><\/tr><\/tbody><\/table><\/figure>\n\n\n\n<h3 class=\"wp-block-heading\">Sabores disponibles<\/h3>\n\n\n\n<ol class=\"wp-block-list\">\n<li>Menta fresca<\/li>\n\n\n\n<li>Hielo exuberante<\/li>\n\n\n\n<li>Mandarina Helada<\/li>\n\n\n\n<li>Donut de fresa<\/li>\n\n\n\n<li>Osito de goma<\/li>\n\n\n\n<li>Ar\u00e1ndanos sobre hielo<\/li>\n\n\n\n<li>Mango sobre hielo<\/li>\n\n\n\n<li>Melocot\u00f3n helado<\/li>\n\n\n\n<li>Hielo de pl\u00e1tano<\/li>\n\n\n\n<li>Hielo de uva<\/li>\n\n\n\n<li>Limonada rosa<\/li>\n\n\n\n<li>Ron Pi\u00f1a Colada<\/li>\n\n\n\n<li>Mezcla de bayas<\/li>\n\n\n\n<li>Batido de pl\u00e1tano<\/li>\n\n\n\n<li>Sand\u00eda con fresa<\/li>\n\n\n\n<li>Manzana roja Lim\u00f3n<\/li>\n\n\n\n<li>Pi\u00f1a helada<\/li>\n\n\n\n<li>Algod\u00f3n de az\u00facar<\/li>\n\n\n\n<li>Fresa Pl\u00e1tano<\/li>\n\n\n\n<li>Fresa helada<\/li>\n\n\n\n<li>Hielo rojo energ\u00e9tico<\/li>\n\n\n\n<li>Limonada Blue Razz<\/li>\n\n\n\n<li>Hielo de manzana roja<\/li>\n\n\n\n<li>Limonada de bayas<\/li>\n\n\n\n<li>Chicle de ar\u00e1ndanos<\/li>\n\n\n\n<li>Bluesour Frambuesa<\/li>\n\n\n\n<li>Sr. Azul<\/li>\n\n\n\n<li>Manzana Melocot\u00f3n Pera<\/li>\n\n\n\n<li>Ar\u00e1ndano Granada<\/li>\n\n\n\n<li>Vimto<\/li>\n\n\n\n<li>Kiwi Fruta de la pasi\u00f3n Guayaba<\/li>\n\n\n\n<li>Cola<\/li>\n\n\n\n<li>Manzana \u00e1cida<\/li>\n\n\n\n<li>Grosella negra mentolada<\/li>\n\n\n\n<li>Sangre de tigre<\/li>\n\n\n\n<li>Caramelo de melocot\u00f3n y ar\u00e1ndanos<\/li>\n\n\n\n<li>Melocot\u00f3n Mango<\/li>\n\n\n\n<li>Red Bull de fresa<\/li>\n\n\n\n<li>Grosella negra helada<\/li>\n\n\n\n<li>Limonada de fresa y sand\u00eda<\/li>\n\n\n\n<li>Cereza<\/li>\n\n\n\n<li>Azul Razz Cereza<\/li>\n\n\n\n<li>Bolos<\/li>\n\n\n\n<li>Ar\u00e1ndano Frambuesa<\/li>\n\n\n\n<li>Fresa Uva<\/li>\n\n\n\n<li>Ar\u00e1ndano Cereza Ar\u00e1ndano<\/li>\n\n\n\n<li>Explosi\u00f3n de manzana y bayas<\/li>\n\n\n\n<li>Cereza Cola<\/li>\n\n\n\n<li>Lim\u00f3n y lima<\/li>\n\n\n\n<li>R\u00e1faga rosa<\/li>\n\n\n\n<li>Nevera Pacific<\/li>\n\n\n\n<li>Helados<\/li>\n\n\n\n<li>Bingo Crush<\/li>\n\n\n\n<li>Vimto Crush<\/li>\n\n\n\n<li>Tabaco<\/li>\n<\/ol>","protected":false},"excerpt":{"rendered":"<p>The RandM Tornado 7000 7k is an innovative disposable vape designed for vapers who demand quality and convenience. It combines powerful features with ease of use, ensuring a satisfying experience with every puff. Adjustable airflow allows users to control vapor density and flavor intensity, letting you customize your vaping experience to perfection. Rechargeable design sets [&hellip;]<\/p>\n","protected":false},"featured_media":26967,"comment_status":"open","ping_status":"closed","template":"","meta":[],"product_brand":[],"product_cat":[16],"product_tag":[],"class_list":{"0":"post-26956","1":"product","2":"type-product","3":"status-publish","4":"has-post-thumbnail","6":"product_cat-uncategorized","8":"first","9":"instock","10":"sale","11":"shipping-taxable","12":"purchasable","13":"product-type-variable"},"yoast_head":"<!-- This site is optimized with the Yoast SEO plugin v27.4 - https:\/\/yoast.com\/product\/yoast-seo-wordpress\/ -->\n<title>RandM Tornado 7000 7k Disposable Vape \u2013 7000 Puffs, 56 Flavor<\/title>\n<meta name=\"description\" content=\"Experience the RandM Tornado disposable vape with 7000 puffs, Choose from 56 flavors and 2% or 5% nicotine salt for a fully customizable vaping experience.\" \/>\n<meta name=\"robots\" content=\"index, follow, max-snippet:-1, max-image-preview:large, max-video-preview:-1\" \/>\n<link rel=\"canonical\" href=\"https:\/\/vapemaison.com\/es\/producto\/randm-tornado-7000-puffs-vape-puff-desechable-7k\/\" \/>\n<meta property=\"og:locale\" content=\"es_ES\" \/>\n<meta property=\"og:type\" content=\"article\" \/>\n<meta property=\"og:title\" content=\"RandM Tornado 7000 7k Disposable Vape \u2013 7000 Puffs, 56 Flavor\" \/>\n<meta property=\"og:description\" content=\"Experience the RandM Tornado disposable vape with 7000 puffs, Choose from 56 flavors and 2% or 5% nicotine salt for a fully customizable vaping experience.\" \/>\n<meta property=\"og:url\" content=\"https:\/\/vapemaison.com\/es\/producto\/randm-tornado-7000-puffs-vape-puff-desechable-7k\/\" \/>\n<meta property=\"og:site_name\" content=\"VapeMaison\" \/>\n<meta property=\"article:modified_time\" content=\"2026-02-04T06:51:11+00:00\" \/>\n<meta property=\"og:image\" content=\"https:\/\/vapemaison.com\/wp-content\/uploads\/2026\/02\/vapemaison-RandM-tornado-7000-puffs-00011.webp\" \/>\n\t<meta property=\"og:image:width\" content=\"1000\" \/>\n\t<meta property=\"og:image:height\" content=\"1000\" \/>\n\t<meta property=\"og:image:type\" content=\"image\/webp\" \/>\n<meta name=\"twitter:card\" content=\"summary_large_image\" \/>\n<meta name=\"twitter:label1\" content=\"Tiempo de lectura\" \/>\n\t<meta name=\"twitter:data1\" content=\"2 minutos\" \/>\n<!-- \/ Yoast SEO plugin. -->","yoast_head_json":{"title":"RandM Tornado 7000 7k Vape Desechable - 7000 Puffs, 56 Sabores","description":"Experimenta el vapeador desechable RandM Tornado con 7000 caladas, elige entre 56 sabores y sal de nicotina 2% o 5% para una experiencia de vapeo totalmente personalizable.","robots":{"index":"index","follow":"follow","max-snippet":"max-snippet:-1","max-image-preview":"max-image-preview:large","max-video-preview":"max-video-preview:-1"},"canonical":"https:\/\/vapemaison.com\/es\/producto\/randm-tornado-7000-puffs-vape-puff-desechable-7k\/","og_locale":"es_ES","og_type":"article","og_title":"RandM Tornado 7000 7k Disposable Vape \u2013 7000 Puffs, 56 Flavor","og_description":"Experience the RandM Tornado disposable vape with 7000 puffs, Choose from 56 flavors and 2% or 5% nicotine salt for a fully customizable vaping experience.","og_url":"https:\/\/vapemaison.com\/es\/producto\/randm-tornado-7000-puffs-vape-puff-desechable-7k\/","og_site_name":"VapeMaison","article_modified_time":"2026-02-04T06:51:11+00:00","og_image":[{"width":1000,"height":1000,"url":"https:\/\/vapemaison.com\/wp-content\/uploads\/2026\/02\/vapemaison-RandM-tornado-7000-puffs-00011.webp","type":"image\/webp"}],"twitter_card":"summary_large_image","twitter_misc":{"Tiempo de lectura":"2 minutos"},"schema":{"@context":"https:\/\/schema.org","@graph":[{"@type":"WebPage","@id":"https:\/\/vapemaison.com\/product\/randm-tornado-7000-puffs-disposable-vape-puff-7k\/","url":"https:\/\/vapemaison.com\/product\/randm-tornado-7000-puffs-disposable-vape-puff-7k\/","name":"RandM Tornado 7000 7k Vape Desechable - 7000 Puffs, 56 Sabores","isPartOf":{"@id":"https:\/\/vapemaison.com\/#website"},"primaryImageOfPage":{"@id":"https:\/\/vapemaison.com\/product\/randm-tornado-7000-puffs-disposable-vape-puff-7k\/#primaryimage"},"image":{"@id":"https:\/\/vapemaison.com\/product\/randm-tornado-7000-puffs-disposable-vape-puff-7k\/#primaryimage"},"thumbnailUrl":"https:\/\/vapemaison.com\/wp-content\/uploads\/2026\/02\/vapemaison-RandM-tornado-7000-puffs-00011.webp","datePublished":"2026-02-04T06:50:51+00:00","dateModified":"2026-02-04T06:51:11+00:00","description":"Experimenta el vapeador desechable RandM Tornado con 7000 caladas, elige entre 56 sabores y sal de nicotina 2% o 5% para una experiencia de vapeo totalmente personalizable.","breadcrumb":{"@id":"https:\/\/vapemaison.com\/product\/randm-tornado-7000-puffs-disposable-vape-puff-7k\/#breadcrumb"},"inLanguage":"es","potentialAction":[{"@type":"ReadAction","target":["https:\/\/vapemaison.com\/product\/randm-tornado-7000-puffs-disposable-vape-puff-7k\/"]}]},{"@type":"ImageObject","inLanguage":"es","@id":"https:\/\/vapemaison.com\/product\/randm-tornado-7000-puffs-disposable-vape-puff-7k\/#primaryimage","url":"https:\/\/vapemaison.com\/wp-content\/uploads\/2026\/02\/vapemaison-RandM-tornado-7000-puffs-00011.webp","contentUrl":"https:\/\/vapemaison.com\/wp-content\/uploads\/2026\/02\/vapemaison-RandM-tornado-7000-puffs-00011.webp","width":1000,"height":1000,"caption":"vapemaison-RandM-tornado-7000-puffs-00011"},{"@type":"BreadcrumbList","@id":"https:\/\/vapemaison.com\/product\/randm-tornado-7000-puffs-disposable-vape-puff-7k\/#breadcrumb","itemListElement":[{"@type":"ListItem","position":1,"name":"\u9996\u9875","item":"https:\/\/vapemaison.com\/"},{"@type":"ListItem","position":2,"name":"Shop","item":"https:\/\/vapemaison.com\/shop\/"},{"@type":"ListItem","position":3,"name":"RandM Tornado 7000 Puffs Disposable Vape | Puff 7k"}]},{"@type":"WebSite","@id":"https:\/\/vapemaison.com\/#website","url":"https:\/\/vapemaison.com\/","name":"VapeMaison","description":"Dispositivos y accesorios premium para vapear","publisher":{"@id":"https:\/\/vapemaison.com\/#organization"},"potentialAction":[{"@type":"SearchAction","target":{"@type":"EntryPoint","urlTemplate":"https:\/\/vapemaison.com\/?s={search_term_string}"},"query-input":{"@type":"PropertyValueSpecification","valueRequired":true,"valueName":"search_term_string"}}],"inLanguage":"es"},{"@type":"Organization","@id":"https:\/\/vapemaison.com\/#organization","name":"VapeMaison","url":"https:\/\/vapemaison.com\/","logo":{"@type":"ImageObject","inLanguage":"es","@id":"https:\/\/vapemaison.com\/#\/schema\/logo\/image\/","url":"https:\/\/vapemaison.com\/wp-content\/uploads\/2026\/01\/cropped-vapemaison-logo-g-2026.webp","contentUrl":"https:\/\/vapemaison.com\/wp-content\/uploads\/2026\/01\/cropped-vapemaison-logo-g-2026.webp","width":350,"height":280,"caption":"VapeMaison"},"image":{"@id":"https:\/\/vapemaison.com\/#\/schema\/logo\/image\/"},"sameAs":["https:\/\/www.youtube.com\/@VapeMaison"]}]}},"tiered_pricing_type":"fixed","tiered_pricing_fixed_rules":{"30":"9.98","50":"9.12","100":"8.36","200":"7.99"},"tiered_pricing_product_settings":{"layout":"default","base_unit_name":{"singular":null,"plural":null},"default_variation":null},"tiered_pricing_minimum_quantity":10,"tiered_pricing_roles_data":[],"tiered_pricing_percentage_rules":[],"tiered_pricing_maximum_quantity":null,"tiered_pricing_quantity_step":"10","_links":{"self":[{"href":"https:\/\/vapemaison.com\/es\/wp-json\/wp\/v2\/product\/26956","targetHints":{"allow":["GET"]}}],"collection":[{"href":"https:\/\/vapemaison.com\/es\/wp-json\/wp\/v2\/product"}],"about":[{"href":"https:\/\/vapemaison.com\/es\/wp-json\/wp\/v2\/types\/product"}],"replies":[{"embeddable":true,"href":"https:\/\/vapemaison.com\/es\/wp-json\/wp\/v2\/comments?post=26956"}],"version-history":[{"count":1,"href":"https:\/\/vapemaison.com\/es\/wp-json\/wp\/v2\/product\/26956\/revisions"}],"predecessor-version":[{"id":26971,"href":"https:\/\/vapemaison.com\/es\/wp-json\/wp\/v2\/product\/26956\/revisions\/26971"}],"wp:featuredmedia":[{"embeddable":true,"href":"https:\/\/vapemaison.com\/es\/wp-json\/wp\/v2\/media\/26967"}],"wp:attachment":[{"href":"https:\/\/vapemaison.com\/es\/wp-json\/wp\/v2\/media?parent=26956"}],"wp:term":[{"taxonomy":"product_brand","embeddable":true,"href":"https:\/\/vapemaison.com\/es\/wp-json\/wp\/v2\/product_brand?post=26956"},{"taxonomy":"product_cat","embeddable":true,"href":"https:\/\/vapemaison.com\/es\/wp-json\/wp\/v2\/product_cat?post=26956"},{"taxonomy":"product_tag","embeddable":true,"href":"https:\/\/vapemaison.com\/es\/wp-json\/wp\/v2\/product_tag?post=26956"}],"curies":[{"name":"wp","href":"https:\/\/api.w.org\/{rel}","templated":true}]}}