

{"id":26976,"date":"2026-02-04T10:10:02","date_gmt":"2026-02-04T10:10:02","guid":{"rendered":"https:\/\/vapemaison.com\/?post_type=product&#038;p=26976"},"modified":"2026-02-05T08:40:46","modified_gmt":"2026-02-05T08:40:46","slug":"jnr-falcon-bar-48000-vape-desechable","status":"publish","type":"product","link":"https:\/\/vapemaison.com\/es\/product\/jnr-falcon-bar-48000-disposable-vape\/","title":{"rendered":"JNR Falcon Bar 48000 Vape Desechable"},"content":{"rendered":"<p>En <strong>JNR Falcon 48000<\/strong> es un desechable recargable de alta capacidad dise\u00f1ado para vapers que quieren <strong>larga vida \u00fatil, sabor estable y rendimiento ajustable<\/strong> en un solo dispositivo. Fabricado con la avanzada tecnolog\u00eda de doble malla de JNR y un dise\u00f1o ultratransparente, ofrece una salida de vapor constante desde la primera calada hasta la \u00faltima.<\/p>\n\n\n\n<p>Con un <strong>45 ml de capacidad de e-l\u00edquido<\/strong>, <strong>Bater\u00eda recargable de 1000 mAh<\/strong>, y <strong>flujo de aire ajustable<\/strong>, Este dispositivo va mucho m\u00e1s all\u00e1 de los desechables est\u00e1ndar. La carcasa transparente le permite controlar f\u00e1cilmente los niveles de l\u00edquido, mientras que el sistema de activaci\u00f3n por aspiraci\u00f3n permite un funcionamiento sin esfuerzo: sin botones, sin ajustes, simplemente inhale.<\/p>\n\n\n\n<p>Tanto si prefieres las caladas estrechas MTL como las nubes aireadas DTL, el Falcon 48K se adapta a tu estilo manteniendo una rica claridad de sabor y una suave satisfacci\u00f3n en la garganta.<\/p>\n\n\n\n<h3 class=\"wp-block-heading\"><strong>Aspectos m\u00e1s destacados<\/strong><\/h3>\n\n\n\n<ul class=\"wp-block-list\">\n<li>Hasta <strong>48.000 bocanadas<\/strong><\/li>\n\n\n\n<li><strong>45 ml<\/strong> gran capacidad de e-l\u00edquido<\/li>\n\n\n\n<li><strong>Bobinas de doble malla<\/strong> para una mayor consistencia del sabor<\/li>\n\n\n\n<li><strong>Flujo de aire ajustable<\/strong> (MTL \u2194 DTL)<\/li>\n\n\n\n<li><strong>Bater\u00eda recargable de 1000 mAh<\/strong><\/li>\n\n\n\n<li><strong>Carga r\u00e1pida Tipo-C<\/strong><\/li>\n\n\n\n<li><strong>Dise\u00f1o de dep\u00f3sito ultratransparente<\/strong><\/li>\n\n\n\n<li>Funcionamiento activado por sorteo<\/li>\n\n\n\n<li>Suministro suave de nicotina (2%)<\/li>\n<\/ul>\n\n\n\n<h2 class=\"wp-block-heading\"><strong>Especificaciones<\/strong><\/h2>\n\n\n\n<figure class=\"wp-block-table is-style-stripes\"><table class=\"has-fixed-layout\"><thead><tr><th>Caracter\u00edstica<\/th><th>Detalles<\/th><\/tr><\/thead><tbody><tr><td>Recuento de puff<\/td><td>Hasta 48.000 caladas<\/td><\/tr><tr><td>Capacidad de e-l\u00edquido<\/td><td>45 ml<\/td><\/tr><tr><td>Bater\u00eda<\/td><td>1000 mAh Recargable<\/td><\/tr><tr><td>Puerto de carga<\/td><td>USB Tipo-C<\/td><\/tr><tr><td>Tipo de bobina<\/td><td>Bobinas de doble malla<\/td><\/tr><tr><td>Flujo de aire<\/td><td>Ajustable<\/td><\/tr><tr><td>Activaci\u00f3n<\/td><td>Activado por dibujo<\/td><\/tr><tr><td>Dise\u00f1o<\/td><td>Carcasa ultratransparente<\/td><\/tr><tr><td>Potencia de nicotina<\/td><td>2% (20mg\/ml)<\/td><\/tr><\/tbody><\/table><\/figure>\n\n\n\n<hr class=\"wp-block-separator has-alpha-channel-opacity\"\/>\n\n\n\n<h2 class=\"wp-block-heading\"><strong>PREGUNTAS FRECUENTES<\/strong><\/h2>\n\n\n\n<h3 class=\"wp-block-heading\"><strong>1. \u00bfCu\u00e1nto dura el JNR Falcon 48000?<\/strong><\/h3>\n\n\n\n<p>Dependiendo de los h\u00e1bitos de uso, puede durar desde varias semanas hasta m\u00e1s de un mes. La gran capacidad de e-l\u00edquido y la bater\u00eda recargable garantizan un rendimiento prolongado en comparaci\u00f3n con los desechables est\u00e1ndar.<\/p>\n\n\n\n<h3 class=\"wp-block-heading\"><strong>2. \u00bfPuedo recargar el aparato?<\/strong><\/h3>\n\n\n\n<p>S\u00ed. Cuenta con un <strong>Bater\u00eda recargable de 1000 mAh<\/strong> con carga Tipo-C. Esto le permite utilizar todo el e-l\u00edquido sin desperdiciar capacidad.<\/p>\n\n\n\n<h3 class=\"wp-block-heading\"><strong>3. \u00bfQu\u00e9 hace la tecnolog\u00eda de doble bobina de malla?<\/strong><\/h3>\n\n\n\n<p>Las bobinas de doble malla calientan de forma m\u00e1s uniforme que las bobinas tradicionales, produciendo <strong>sabor m\u00e1s intenso, vapor m\u00e1s suave y salida uniforme<\/strong> durante toda la vida \u00fatil del aparato.<\/p>\n\n\n\n<h3 class=\"wp-block-heading\"><strong>4. \u00bfEs adecuado para principiantes?<\/strong><\/h3>\n\n\n\n<p>S\u00ed. <strong>Activado por sorteo<\/strong>, No requiere ajustes y es muy f\u00e1cil de usar. Basta con inhalar para activarlo.<\/p>\n\n\n\n<h3 class=\"wp-block-heading\"><strong>5. \u00bfPuedo ajustar el estilo de dibujo?<\/strong><\/h3>\n\n\n\n<p>S\u00ed. El deslizador de flujo de aire ajustable le permite cambiar entre un <strong>Tirada apretada similar a la de un cigarrillo (MTL)<\/strong> y un <strong>sorteo m\u00e1s flojo centrado en la nube (DTL).<\/strong><\/p>\n\n\n\n<h3 class=\"wp-block-heading\"><strong>6. \u00bfC\u00f3mo s\u00e9 cu\u00e1ndo debo cargarlo?<\/strong><\/h3>\n\n\n\n<p>La luz indicadora parpadear\u00e1 cuando la bater\u00eda est\u00e9 baja, y la producci\u00f3n de vapor puede disminuir. Solo tienes que recargarla a trav\u00e9s del puerto Type-C.<\/p>","protected":false},"excerpt":{"rendered":"<p>The JNR Falcon 48000 is a high-capacity rechargeable disposable designed for vapers who want long lifespan, stable flavour, and adjustable performance in one device. Built with JNR\u2019s advanced dual-mesh technology and ultra-transparent design, it delivers consistent vapour output from the first puff to the last. With a 45ml e-liquid capacity, 1000mAh rechargeable battery, and adjustable [&hellip;]<\/p>\n","protected":false},"featured_media":26986,"comment_status":"open","ping_status":"closed","template":"","meta":[],"product_brand":[],"product_cat":[16],"product_tag":[],"class_list":{"0":"post-26976","1":"product","2":"type-product","3":"status-publish","4":"has-post-thumbnail","6":"product_cat-uncategorized","8":"first","9":"instock","10":"sale","11":"featured","12":"shipping-taxable","13":"purchasable","14":"product-type-variable"},"yoast_head":"<!-- This site is optimized with the Yoast SEO plugin v27.4 - https:\/\/yoast.com\/product\/yoast-seo-wordpress\/ -->\n<title>JNR Falcon 48000 Disposable Vape<\/title>\n<meta name=\"description\" content=\"Discover JNR Falcon 48000 with 45ml e-liquid, dual mesh coils, adjustable airflow, and a rechargeable 1000mAh battery for long-lasting smooth flavour.\" \/>\n<meta name=\"robots\" content=\"index, follow, max-snippet:-1, max-image-preview:large, max-video-preview:-1\" \/>\n<link rel=\"canonical\" href=\"https:\/\/vapemaison.com\/es\/producto\/jnr-falcon-bar-48000-vape-desechable\/\" \/>\n<meta property=\"og:locale\" content=\"es_ES\" \/>\n<meta property=\"og:type\" content=\"article\" \/>\n<meta property=\"og:title\" content=\"JNR Falcon 48000 Disposable Vape\" \/>\n<meta property=\"og:description\" content=\"Discover JNR Falcon 48000 with 45ml e-liquid, dual mesh coils, adjustable airflow, and a rechargeable 1000mAh battery for long-lasting smooth flavour.\" \/>\n<meta property=\"og:url\" content=\"https:\/\/vapemaison.com\/es\/producto\/jnr-falcon-bar-48000-vape-desechable\/\" \/>\n<meta property=\"og:site_name\" content=\"VapeMaison\" \/>\n<meta property=\"article:modified_time\" content=\"2026-02-05T08:40:46+00:00\" \/>\n<meta property=\"og:image\" content=\"https:\/\/vapemaison.com\/wp-content\/uploads\/2026\/02\/jnr-falcon-bar-48000-puffs-dispasable-vape-flavor-strawberry-watermelon-ice.webp\" \/>\n\t<meta property=\"og:image:width\" content=\"1600\" \/>\n\t<meta property=\"og:image:height\" content=\"1600\" \/>\n\t<meta property=\"og:image:type\" content=\"image\/webp\" \/>\n<meta name=\"twitter:card\" content=\"summary_large_image\" \/>\n<meta name=\"twitter:label1\" content=\"Tiempo de lectura\" \/>\n\t<meta name=\"twitter:data1\" content=\"2 minutos\" \/>\n<!-- \/ Yoast SEO plugin. -->","yoast_head_json":{"title":"JNR Falcon 48000 Vape desechable","description":"Descubre el JNR Falcon 48000 con 45ml de e-liquid, doble bobina de malla, flujo de aire ajustable y una bater\u00eda recargable de 1000mAh para un sabor suave y duradero.","robots":{"index":"index","follow":"follow","max-snippet":"max-snippet:-1","max-image-preview":"max-image-preview:large","max-video-preview":"max-video-preview:-1"},"canonical":"https:\/\/vapemaison.com\/es\/producto\/jnr-falcon-bar-48000-vape-desechable\/","og_locale":"es_ES","og_type":"article","og_title":"JNR Falcon 48000 Disposable Vape","og_description":"Discover JNR Falcon 48000 with 45ml e-liquid, dual mesh coils, adjustable airflow, and a rechargeable 1000mAh battery for long-lasting smooth flavour.","og_url":"https:\/\/vapemaison.com\/es\/producto\/jnr-falcon-bar-48000-vape-desechable\/","og_site_name":"VapeMaison","article_modified_time":"2026-02-05T08:40:46+00:00","og_image":[{"width":1600,"height":1600,"url":"https:\/\/vapemaison.com\/wp-content\/uploads\/2026\/02\/jnr-falcon-bar-48000-puffs-dispasable-vape-flavor-strawberry-watermelon-ice.webp","type":"image\/webp"}],"twitter_card":"summary_large_image","twitter_misc":{"Tiempo de lectura":"2 minutos"},"schema":{"@context":"https:\/\/schema.org","@graph":[{"@type":"WebPage","@id":"https:\/\/vapemaison.com\/product\/jnr-falcon-bar-48000-disposable-vape\/","url":"https:\/\/vapemaison.com\/product\/jnr-falcon-bar-48000-disposable-vape\/","name":"JNR Falcon 48000 Vape desechable","isPartOf":{"@id":"https:\/\/vapemaison.com\/#website"},"primaryImageOfPage":{"@id":"https:\/\/vapemaison.com\/product\/jnr-falcon-bar-48000-disposable-vape\/#primaryimage"},"image":{"@id":"https:\/\/vapemaison.com\/product\/jnr-falcon-bar-48000-disposable-vape\/#primaryimage"},"thumbnailUrl":"https:\/\/vapemaison.com\/wp-content\/uploads\/2026\/02\/jnr-falcon-bar-48000-puffs-dispasable-vape-flavor-strawberry-watermelon-ice.webp","datePublished":"2026-02-04T10:10:02+00:00","dateModified":"2026-02-05T08:40:46+00:00","description":"Descubre el JNR Falcon 48000 con 45ml de e-liquid, doble bobina de malla, flujo de aire ajustable y una bater\u00eda recargable de 1000mAh para un sabor suave y duradero.","breadcrumb":{"@id":"https:\/\/vapemaison.com\/product\/jnr-falcon-bar-48000-disposable-vape\/#breadcrumb"},"inLanguage":"es","potentialAction":[{"@type":"ReadAction","target":["https:\/\/vapemaison.com\/product\/jnr-falcon-bar-48000-disposable-vape\/"]}]},{"@type":"ImageObject","inLanguage":"es","@id":"https:\/\/vapemaison.com\/product\/jnr-falcon-bar-48000-disposable-vape\/#primaryimage","url":"https:\/\/vapemaison.com\/wp-content\/uploads\/2026\/02\/jnr-falcon-bar-48000-puffs-dispasable-vape-flavor-strawberry-watermelon-ice.webp","contentUrl":"https:\/\/vapemaison.com\/wp-content\/uploads\/2026\/02\/jnr-falcon-bar-48000-puffs-dispasable-vape-flavor-strawberry-watermelon-ice.webp","width":1600,"height":1600,"caption":"jnr-falcon-bar-48000-puffs-dispasable-vape-flavor-strawberry-watermelon-ice"},{"@type":"BreadcrumbList","@id":"https:\/\/vapemaison.com\/product\/jnr-falcon-bar-48000-disposable-vape\/#breadcrumb","itemListElement":[{"@type":"ListItem","position":1,"name":"\u9996\u9875","item":"https:\/\/vapemaison.com\/"},{"@type":"ListItem","position":2,"name":"Shop","item":"https:\/\/vapemaison.com\/shop\/"},{"@type":"ListItem","position":3,"name":"JNR Falcon Bar 48000 Disposable Vape"}]},{"@type":"WebSite","@id":"https:\/\/vapemaison.com\/#website","url":"https:\/\/vapemaison.com\/","name":"VapeMaison","description":"Dispositivos y accesorios premium para vapear","publisher":{"@id":"https:\/\/vapemaison.com\/#organization"},"potentialAction":[{"@type":"SearchAction","target":{"@type":"EntryPoint","urlTemplate":"https:\/\/vapemaison.com\/?s={search_term_string}"},"query-input":{"@type":"PropertyValueSpecification","valueRequired":true,"valueName":"search_term_string"}}],"inLanguage":"es"},{"@type":"Organization","@id":"https:\/\/vapemaison.com\/#organization","name":"VapeMaison","url":"https:\/\/vapemaison.com\/","logo":{"@type":"ImageObject","inLanguage":"es","@id":"https:\/\/vapemaison.com\/#\/schema\/logo\/image\/","url":"https:\/\/vapemaison.com\/wp-content\/uploads\/2026\/01\/cropped-vapemaison-logo-g-2026.webp","contentUrl":"https:\/\/vapemaison.com\/wp-content\/uploads\/2026\/01\/cropped-vapemaison-logo-g-2026.webp","width":350,"height":280,"caption":"VapeMaison"},"image":{"@id":"https:\/\/vapemaison.com\/#\/schema\/logo\/image\/"},"sameAs":["https:\/\/www.youtube.com\/@VapeMaison"]}]}},"tiered_pricing_type":"fixed","tiered_pricing_fixed_rules":{"30":"16.42","50":"15.36","100":"14.21","200":"12.42"},"tiered_pricing_product_settings":{"layout":"default","base_unit_name":{"singular":null,"plural":null},"default_variation":null},"tiered_pricing_minimum_quantity":10,"tiered_pricing_roles_data":[],"tiered_pricing_percentage_rules":[],"tiered_pricing_maximum_quantity":null,"tiered_pricing_quantity_step":"10","_links":{"self":[{"href":"https:\/\/vapemaison.com\/es\/wp-json\/wp\/v2\/product\/26976","targetHints":{"allow":["GET"]}}],"collection":[{"href":"https:\/\/vapemaison.com\/es\/wp-json\/wp\/v2\/product"}],"about":[{"href":"https:\/\/vapemaison.com\/es\/wp-json\/wp\/v2\/types\/product"}],"replies":[{"embeddable":true,"href":"https:\/\/vapemaison.com\/es\/wp-json\/wp\/v2\/comments?post=26976"}],"version-history":[{"count":1,"href":"https:\/\/vapemaison.com\/es\/wp-json\/wp\/v2\/product\/26976\/revisions"}],"predecessor-version":[{"id":26989,"href":"https:\/\/vapemaison.com\/es\/wp-json\/wp\/v2\/product\/26976\/revisions\/26989"}],"wp:featuredmedia":[{"embeddable":true,"href":"https:\/\/vapemaison.com\/es\/wp-json\/wp\/v2\/media\/26986"}],"wp:attachment":[{"href":"https:\/\/vapemaison.com\/es\/wp-json\/wp\/v2\/media?parent=26976"}],"wp:term":[{"taxonomy":"product_brand","embeddable":true,"href":"https:\/\/vapemaison.com\/es\/wp-json\/wp\/v2\/product_brand?post=26976"},{"taxonomy":"product_cat","embeddable":true,"href":"https:\/\/vapemaison.com\/es\/wp-json\/wp\/v2\/product_cat?post=26976"},{"taxonomy":"product_tag","embeddable":true,"href":"https:\/\/vapemaison.com\/es\/wp-json\/wp\/v2\/product_tag?post=26976"}],"curies":[{"name":"wp","href":"https:\/\/api.w.org\/{rel}","templated":true}]}}