

{"id":27267,"date":"2026-02-24T09:51:03","date_gmt":"2026-02-24T09:51:03","guid":{"rendered":"https:\/\/vapemaison.com\/?post_type=product&#038;p=27267"},"modified":"2026-02-24T09:55:09","modified_gmt":"2026-02-24T09:55:09","slug":"bang-king-200k-200000-caladas-8-en-1-sabor-vape-desechable","status":"publish","type":"product","link":"https:\/\/vapemaison.com\/es\/product\/bang-king-200k-200000-puffs-8-in-1-flavor-disposable-vape\/","title":{"rendered":"Bang King 200k 200000 Puffs 8 en 1 Sabor Vape Desechable"},"content":{"rendered":"<figure class=\"wp-block-image size-large has-custom-border is-style-rounded\"><a href=\"https:\/\/vapemaison.com\/wp-content\/uploads\/2026\/02\/bang-king-200000-puffs-vape-8-in-1-flavors-adjustables-display-2-scaled.webp\"><img fetchpriority=\"high\" decoding=\"async\" width=\"1024\" height=\"576\" src=\"https:\/\/vapemaison.com\/wp-content\/uploads\/2026\/02\/bang-king-200000-puffs-vape-8-in-1-flavors-adjustables-display-2-1024x576.webp\" alt=\"bang-king-200000-puffs-vape-8-in-1-flavors-adjustables-display-2\" class=\"wp-image-27281\" style=\"border-top-left-radius:30px;border-top-right-radius:30px;border-bottom-left-radius:30px;border-bottom-right-radius:30px\" srcset=\"https:\/\/vapemaison.com\/wp-content\/uploads\/2026\/02\/bang-king-200000-puffs-vape-8-in-1-flavors-adjustables-display-2-1024x576.webp 1024w, https:\/\/vapemaison.com\/wp-content\/uploads\/2026\/02\/bang-king-200000-puffs-vape-8-in-1-flavors-adjustables-display-2-300x169.webp 300w, https:\/\/vapemaison.com\/wp-content\/uploads\/2026\/02\/bang-king-200000-puffs-vape-8-in-1-flavors-adjustables-display-2-768x432.webp 768w, https:\/\/vapemaison.com\/wp-content\/uploads\/2026\/02\/bang-king-200000-puffs-vape-8-in-1-flavors-adjustables-display-2-1536x864.webp 1536w, https:\/\/vapemaison.com\/wp-content\/uploads\/2026\/02\/bang-king-200000-puffs-vape-8-in-1-flavors-adjustables-display-2-2048x1152.webp 2048w, https:\/\/vapemaison.com\/wp-content\/uploads\/2026\/02\/bang-king-200000-puffs-vape-8-in-1-flavors-adjustables-display-2-18x10.webp 18w, https:\/\/vapemaison.com\/wp-content\/uploads\/2026\/02\/bang-king-200000-puffs-vape-8-in-1-flavors-adjustables-display-2-990x557.webp 990w, https:\/\/vapemaison.com\/wp-content\/uploads\/2026\/02\/bang-king-200000-puffs-vape-8-in-1-flavors-adjustables-display-2-441x248.webp 441w, https:\/\/vapemaison.com\/wp-content\/uploads\/2026\/02\/bang-king-200000-puffs-vape-8-in-1-flavors-adjustables-display-2-800x450.webp 800w, https:\/\/vapemaison.com\/wp-content\/uploads\/2026\/02\/bang-king-200000-puffs-vape-8-in-1-flavors-adjustables-display-2-150x84.webp 150w\" sizes=\"(max-width: 1024px) 100vw, 1024px\" \/><\/a><\/figure>\n\n\n\n<p>En <strong>Bang King 200000<\/strong> es un vapeador desechable recargable de ultra alta capacidad dise\u00f1ado para usuarios que exigen la m\u00e1xima longevidad, funcionalidad avanzada y diversidad de sabores. Con <strong>hasta 200.000 caladas<\/strong>, este dispositivo reduce significativamente la frecuencia de sustituci\u00f3n, por lo que es ideal para usos prolongados y escenarios de alto consumo.<\/p>\n\n\n\n<p>Una innovaci\u00f3n clave es la <strong>Sistema de sabor ajustable 8 en 1<\/strong>, El selector de sabor permite a los usuarios cambiar entre varias opciones de sabor en un solo dispositivo. Basta con girar el selector para cambiar de sabor al instante, proporcionando variedad sin necesidad de llevar varios dispositivos.<\/p>\n\n\n\n<p>El sistema integrado <strong>tecnolog\u00eda de bobina de doble malla<\/strong> garantiza un calentamiento eficiente y un rendimiento estable, proporcionando un vapor suave y un sabor constante durante todo el ciclo de vida del dispositivo.<\/p>\n\n\n\n<p>Para un mayor control, la Bang King 200K cuenta con un <strong>Pantalla LED inteligente<\/strong> que muestra el estado de la bater\u00eda y la informaci\u00f3n de uso en tiempo real. El sitio <strong>Bater\u00eda recargable de tipo C<\/strong> admite la carga r\u00e1pida, lo que minimiza el tiempo de inactividad y garantiza un rendimiento fiable para un uso prolongado.<\/p>\n\n\n\n<p>Dise\u00f1ada tanto para uso personal como para canales de distribuci\u00f3n, la Bang King 200000 combina una capacidad extrema, flexibilidad multi-sabor y un avanzado control por parte del usuario en un solo dispositivo.<\/p>\n\n\n\n<h2 class=\"wp-block-heading\">Especificaciones<\/h2>\n\n\n\n<figure class=\"wp-block-table is-style-stripes\"><table class=\"has-fixed-layout\"><thead><tr><th>Par\u00e1metro<\/th><th>Detalles<\/th><\/tr><\/thead><tbody><tr><td>Capacidad de soplado<\/td><td>Hasta 200.000 caladas<\/td><\/tr><tr><td>Sistema de sabor<\/td><td>Selecci\u00f3n de sabor ajustable 8 en 1<\/td><\/tr><tr><td>Tipo de bobina<\/td><td>Bobina de malla doble<\/td><\/tr><tr><td>Bater\u00eda<\/td><td>Bater\u00eda recargable<\/td><\/tr><tr><td>Cargando<\/td><td>Carga r\u00e1pida Tipo-C<\/td><\/tr><tr><td>Mostrar<\/td><td>Pantalla LED inteligente (bater\u00eda e informaci\u00f3n de uso)<\/td><\/tr><tr><td>Dise\u00f1o<\/td><td>Estructura de rotaci\u00f3n multi-sabor<\/td><\/tr><tr><td>Utilizaci\u00f3n<\/td><td>Adecuado para uso personal y distribuci\u00f3n al por mayor<\/td><\/tr><\/tbody><\/table><\/figure>\n\n\n\n<figure class=\"wp-block-image aligncenter size-large has-custom-border is-style-rounded\"><a href=\"https:\/\/vapemaison.com\/wp-content\/uploads\/2026\/02\/bang-king-200000-puffs-vape-8-in-1-flavors-adjustables-list-scaled.webp\"><img decoding=\"async\" width=\"638\" height=\"1024\" src=\"https:\/\/vapemaison.com\/wp-content\/uploads\/2026\/02\/bang-king-200000-puffs-vape-8-in-1-flavors-adjustables-list-638x1024.webp\" alt=\"bang-king-200000-puffs-vape-8-in-1-flavors-adjustables-list\" class=\"wp-image-27282\" style=\"border-top-left-radius:30px;border-top-right-radius:30px;border-bottom-left-radius:30px;border-bottom-right-radius:30px\" srcset=\"https:\/\/vapemaison.com\/wp-content\/uploads\/2026\/02\/bang-king-200000-puffs-vape-8-in-1-flavors-adjustables-list-638x1024.webp 638w, https:\/\/vapemaison.com\/wp-content\/uploads\/2026\/02\/bang-king-200000-puffs-vape-8-in-1-flavors-adjustables-list-187x300.webp 187w, https:\/\/vapemaison.com\/wp-content\/uploads\/2026\/02\/bang-king-200000-puffs-vape-8-in-1-flavors-adjustables-list-768x1233.webp 768w, https:\/\/vapemaison.com\/wp-content\/uploads\/2026\/02\/bang-king-200000-puffs-vape-8-in-1-flavors-adjustables-list-957x1536.webp 957w, https:\/\/vapemaison.com\/wp-content\/uploads\/2026\/02\/bang-king-200000-puffs-vape-8-in-1-flavors-adjustables-list-1276x2048.webp 1276w, https:\/\/vapemaison.com\/wp-content\/uploads\/2026\/02\/bang-king-200000-puffs-vape-8-in-1-flavors-adjustables-list-7x12.webp 7w, https:\/\/vapemaison.com\/wp-content\/uploads\/2026\/02\/bang-king-200000-puffs-vape-8-in-1-flavors-adjustables-list-990x1589.webp 990w, https:\/\/vapemaison.com\/wp-content\/uploads\/2026\/02\/bang-king-200000-puffs-vape-8-in-1-flavors-adjustables-list-441x708.webp 441w, https:\/\/vapemaison.com\/wp-content\/uploads\/2026\/02\/bang-king-200000-puffs-vape-8-in-1-flavors-adjustables-list-800x1284.webp 800w, https:\/\/vapemaison.com\/wp-content\/uploads\/2026\/02\/bang-king-200000-puffs-vape-8-in-1-flavors-adjustables-list-150x241.webp 150w, https:\/\/vapemaison.com\/wp-content\/uploads\/2026\/02\/bang-king-200000-puffs-vape-8-in-1-flavors-adjustables-list-scaled.webp 1595w\" sizes=\"(max-width: 638px) 100vw, 638px\" \/><\/a><\/figure>\n\n\n\n<h2 class=\"wp-block-heading\">Sistema de sabor 8 en 1<\/h2>\n\n\n\n<p>El dispositivo integra ocho c\u00e1maras de sabor independientes. Los usuarios pueden cambiar de sabor al instante girando el selector, lo que reduce la fatiga de sabor y mejora la usabilidad a largo plazo.<\/p>\n\n\n\n<p>Los perfiles de sabor t\u00edpicos incluyen una mezcla de:<\/p>\n\n\n\n<ul class=\"wp-block-list\">\n<li>1.Blue Razz Ice &amp; Peach Ice &amp; Grape Ice &amp; Mango Ice<\/li>\n\n\n\n<li>2.Doble Manzana &amp; Mango Melocot\u00f3n &amp; Fresa Sand\u00eda &amp; Fresa Vainilla Coca-Cola<\/li>\n\n\n\n<li>3.Hielo de sand\u00eda y lim\u00f3n 8.Hielo de menta y fresa y cereza Blue Razz<\/li>\n\n\n\n<li>4.Sand\u00eda Chicle y Ar\u00e1ndanos Frambuesas y Frambuesa Sand\u00eda y Sand\u00eda Ar\u00e1ndanos<\/li>\n\n\n\n<li>5.Melocot\u00f3n Mango Sand\u00eda &amp; Red Bull &amp; Fresa Red Bull &amp; Fresa Kiwi<\/li>\n\n\n\n<li>6.Black Dragon Ice &amp; Love 66&amp; Mr Blue&amp; Strawberry Lemonade<\/li>\n\n\n\n<li>7.Triple Berry &amp; Tropicalfruit &amp; Strawberry Banana &amp;Pink Lemonade<\/li>\n\n\n\n<li>8.Cool Mint&amp; Peach Berr &amp; Blue Cherry Lemon &amp; Kiwi Watermelon Ice<\/li>\n\n\n\n<li>9.Fresa Mango &amp; Fresa Helado &amp; Pl\u00e1tano Helado &amp; Fresa Lichi<\/li>\n\n\n\n<li>10.Kiwi Maracuy\u00e1 Guayaba &amp; Osito de goma &amp;Caramelo arco iris &amp; Algod\u00f3n de az\u00facar<\/li>\n\n\n\n<li>11.Triple Mel\u00f3n &amp; Ar\u00e1ndano Helado &amp; Cereza Bomba &amp; Pi\u00f1a Coco<\/li>\n\n\n\n<li>12.Fizzy Lemon &amp; Lime &amp; Apple Mojt &amp; Pineapple Ice &amp; Colaice<\/li>\n<\/ul>","protected":false},"excerpt":{"rendered":"<p>Hasta 200.000 caladas con un innovador sistema de sabor ajustable 8 en 1.<br data-start=\"2574\" data-end=\"2577\" \/>La bobina de malla doble y la pantalla LED inteligente garantizan un rendimiento estable y un control total.<\/p>","protected":false},"featured_media":27268,"comment_status":"open","ping_status":"closed","template":"","meta":[],"product_brand":[57],"product_cat":[16],"product_tag":[],"class_list":{"0":"post-27267","1":"product","2":"type-product","3":"status-publish","4":"has-post-thumbnail","6":"product_brand-bang","7":"product_cat-uncategorized","9":"first","10":"instock","11":"sale","12":"shipping-taxable","13":"purchasable","14":"product-type-variable"},"yoast_head":"<!-- This site is optimized with the Yoast SEO plugin v27.4 - https:\/\/yoast.com\/product\/yoast-seo-wordpress\/ -->\n<title>Bang King 200000 Puffs Disposable Vape | 8-in-1 Flavors<\/title>\n<meta name=\"description\" content=\"Buy Bang King 200000 disposable vape with up to 200K puffs, 8-in-1 adjustable flavors, dual mesh coil, smart LED display, and Type-C charging.\" \/>\n<meta name=\"robots\" content=\"index, follow, max-snippet:-1, max-image-preview:large, max-video-preview:-1\" \/>\n<link rel=\"canonical\" href=\"https:\/\/vapemaison.com\/es\/producto\/bang-king-200k-200000-caladas-8-en-1-sabor-vape-desechable\/\" \/>\n<meta property=\"og:locale\" content=\"es_ES\" \/>\n<meta property=\"og:type\" content=\"article\" \/>\n<meta property=\"og:title\" content=\"Bang King 200000 Puffs Disposable Vape | 8-in-1 Flavors\" \/>\n<meta property=\"og:description\" content=\"Buy Bang King 200000 disposable vape with up to 200K puffs, 8-in-1 adjustable flavors, dual mesh coil, smart LED display, and Type-C charging.\" \/>\n<meta property=\"og:url\" content=\"https:\/\/vapemaison.com\/es\/producto\/bang-king-200k-200000-caladas-8-en-1-sabor-vape-desechable\/\" \/>\n<meta property=\"og:site_name\" content=\"VapeMaison\" \/>\n<meta property=\"article:modified_time\" content=\"2026-02-24T09:55:09+00:00\" \/>\n<meta property=\"og:image\" content=\"https:\/\/vapemaison.com\/wp-content\/uploads\/2026\/02\/bang-king-200000-puffs-vape-8-in-1-flavors-adjustables-1-scaled.webp\" \/>\n\t<meta property=\"og:image:width\" content=\"2560\" \/>\n\t<meta property=\"og:image:height\" content=\"2560\" \/>\n\t<meta property=\"og:image:type\" content=\"image\/webp\" \/>\n<meta name=\"twitter:card\" content=\"summary_large_image\" \/>\n<meta name=\"twitter:label1\" content=\"Tiempo de lectura\" \/>\n\t<meta name=\"twitter:data1\" content=\"3 minutos\" \/>\n<!-- \/ Yoast SEO plugin. -->","yoast_head_json":{"title":"Bang King 200000 Puffs Vape Desechable | 8 en 1 Sabores","description":"Comprar Bang King 200000 vapeador desechable con hasta 200K caladas, 8 en 1 sabores ajustables, bobina de malla dual, pantalla LED inteligente y carga Type-C.","robots":{"index":"index","follow":"follow","max-snippet":"max-snippet:-1","max-image-preview":"max-image-preview:large","max-video-preview":"max-video-preview:-1"},"canonical":"https:\/\/vapemaison.com\/es\/producto\/bang-king-200k-200000-caladas-8-en-1-sabor-vape-desechable\/","og_locale":"es_ES","og_type":"article","og_title":"Bang King 200000 Puffs Disposable Vape | 8-in-1 Flavors","og_description":"Buy Bang King 200000 disposable vape with up to 200K puffs, 8-in-1 adjustable flavors, dual mesh coil, smart LED display, and Type-C charging.","og_url":"https:\/\/vapemaison.com\/es\/producto\/bang-king-200k-200000-caladas-8-en-1-sabor-vape-desechable\/","og_site_name":"VapeMaison","article_modified_time":"2026-02-24T09:55:09+00:00","og_image":[{"width":2560,"height":2560,"url":"https:\/\/vapemaison.com\/wp-content\/uploads\/2026\/02\/bang-king-200000-puffs-vape-8-in-1-flavors-adjustables-1-scaled.webp","type":"image\/webp"}],"twitter_card":"summary_large_image","twitter_misc":{"Tiempo de lectura":"3 minutos"},"schema":{"@context":"https:\/\/schema.org","@graph":[{"@type":"WebPage","@id":"https:\/\/vapemaison.com\/product\/bang-king-200k-200000-puffs-8-in-1-flavor-disposable-vape\/","url":"https:\/\/vapemaison.com\/product\/bang-king-200k-200000-puffs-8-in-1-flavor-disposable-vape\/","name":"Bang King 200000 Puffs Vape Desechable | 8 en 1 Sabores","isPartOf":{"@id":"https:\/\/vapemaison.com\/#website"},"primaryImageOfPage":{"@id":"https:\/\/vapemaison.com\/product\/bang-king-200k-200000-puffs-8-in-1-flavor-disposable-vape\/#primaryimage"},"image":{"@id":"https:\/\/vapemaison.com\/product\/bang-king-200k-200000-puffs-8-in-1-flavor-disposable-vape\/#primaryimage"},"thumbnailUrl":"https:\/\/vapemaison.com\/wp-content\/uploads\/2026\/02\/bang-king-200000-puffs-vape-8-in-1-flavors-adjustables-1-scaled.webp","datePublished":"2026-02-24T09:51:03+00:00","dateModified":"2026-02-24T09:55:09+00:00","description":"Comprar Bang King 200000 vapeador desechable con hasta 200K caladas, 8 en 1 sabores ajustables, bobina de malla dual, pantalla LED inteligente y carga Type-C.","breadcrumb":{"@id":"https:\/\/vapemaison.com\/product\/bang-king-200k-200000-puffs-8-in-1-flavor-disposable-vape\/#breadcrumb"},"inLanguage":"es","potentialAction":[{"@type":"ReadAction","target":["https:\/\/vapemaison.com\/product\/bang-king-200k-200000-puffs-8-in-1-flavor-disposable-vape\/"]}]},{"@type":"ImageObject","inLanguage":"es","@id":"https:\/\/vapemaison.com\/product\/bang-king-200k-200000-puffs-8-in-1-flavor-disposable-vape\/#primaryimage","url":"https:\/\/vapemaison.com\/wp-content\/uploads\/2026\/02\/bang-king-200000-puffs-vape-8-in-1-flavors-adjustables-1-scaled.webp","contentUrl":"https:\/\/vapemaison.com\/wp-content\/uploads\/2026\/02\/bang-king-200000-puffs-vape-8-in-1-flavors-adjustables-1-scaled.webp","width":2560,"height":2560,"caption":"bang-king-200000-puffs-vape-8-in-1-flavors-adjustables-1"},{"@type":"BreadcrumbList","@id":"https:\/\/vapemaison.com\/product\/bang-king-200k-200000-puffs-8-in-1-flavor-disposable-vape\/#breadcrumb","itemListElement":[{"@type":"ListItem","position":1,"name":"\u9996\u9875","item":"https:\/\/vapemaison.com\/"},{"@type":"ListItem","position":2,"name":"Shop","item":"https:\/\/vapemaison.com\/shop\/"},{"@type":"ListItem","position":3,"name":"Bang","item":"https:\/\/vapemaison.com\/brand\/bang\/"},{"@type":"ListItem","position":4,"name":"Bang King 200k 200000 Puffs 8 in 1 Flavor Disposable Vape"}]},{"@type":"WebSite","@id":"https:\/\/vapemaison.com\/#website","url":"https:\/\/vapemaison.com\/","name":"VapeMaison","description":"Dispositivos y accesorios premium para vapear","publisher":{"@id":"https:\/\/vapemaison.com\/#organization"},"potentialAction":[{"@type":"SearchAction","target":{"@type":"EntryPoint","urlTemplate":"https:\/\/vapemaison.com\/?s={search_term_string}"},"query-input":{"@type":"PropertyValueSpecification","valueRequired":true,"valueName":"search_term_string"}}],"inLanguage":"es"},{"@type":"Organization","@id":"https:\/\/vapemaison.com\/#organization","name":"VapeMaison","url":"https:\/\/vapemaison.com\/","logo":{"@type":"ImageObject","inLanguage":"es","@id":"https:\/\/vapemaison.com\/#\/schema\/logo\/image\/","url":"https:\/\/vapemaison.com\/wp-content\/uploads\/2026\/01\/cropped-vapemaison-logo-g-2026.webp","contentUrl":"https:\/\/vapemaison.com\/wp-content\/uploads\/2026\/01\/cropped-vapemaison-logo-g-2026.webp","width":350,"height":280,"caption":"VapeMaison"},"image":{"@id":"https:\/\/vapemaison.com\/#\/schema\/logo\/image\/"},"sameAs":["https:\/\/www.youtube.com\/@VapeMaison"]}]}},"tiered_pricing_type":"fixed","tiered_pricing_fixed_rules":{"30":"11.78","50":"11.36","100":"10.99","200":"9.99"},"tiered_pricing_product_settings":{"layout":"default","base_unit_name":{"singular":null,"plural":null},"default_variation":null},"tiered_pricing_minimum_quantity":10,"tiered_pricing_roles_data":[],"tiered_pricing_percentage_rules":[],"tiered_pricing_maximum_quantity":null,"tiered_pricing_quantity_step":"10","_links":{"self":[{"href":"https:\/\/vapemaison.com\/es\/wp-json\/wp\/v2\/product\/27267","targetHints":{"allow":["GET"]}}],"collection":[{"href":"https:\/\/vapemaison.com\/es\/wp-json\/wp\/v2\/product"}],"about":[{"href":"https:\/\/vapemaison.com\/es\/wp-json\/wp\/v2\/types\/product"}],"replies":[{"embeddable":true,"href":"https:\/\/vapemaison.com\/es\/wp-json\/wp\/v2\/comments?post=27267"}],"version-history":[{"count":5,"href":"https:\/\/vapemaison.com\/es\/wp-json\/wp\/v2\/product\/27267\/revisions"}],"predecessor-version":[{"id":27336,"href":"https:\/\/vapemaison.com\/es\/wp-json\/wp\/v2\/product\/27267\/revisions\/27336"}],"wp:featuredmedia":[{"embeddable":true,"href":"https:\/\/vapemaison.com\/es\/wp-json\/wp\/v2\/media\/27268"}],"wp:attachment":[{"href":"https:\/\/vapemaison.com\/es\/wp-json\/wp\/v2\/media?parent=27267"}],"wp:term":[{"taxonomy":"product_brand","embeddable":true,"href":"https:\/\/vapemaison.com\/es\/wp-json\/wp\/v2\/product_brand?post=27267"},{"taxonomy":"product_cat","embeddable":true,"href":"https:\/\/vapemaison.com\/es\/wp-json\/wp\/v2\/product_cat?post=27267"},{"taxonomy":"product_tag","embeddable":true,"href":"https:\/\/vapemaison.com\/es\/wp-json\/wp\/v2\/product_tag?post=27267"}],"curies":[{"name":"wp","href":"https:\/\/api.w.org\/{rel}","templated":true}]}}