

{"id":27399,"date":"2026-02-26T08:47:12","date_gmt":"2026-02-26T08:47:12","guid":{"rendered":"https:\/\/vapemaison.com\/?post_type=product&#038;p=27399"},"modified":"2026-03-12T02:18:46","modified_gmt":"2026-03-12T02:18:46","slug":"waspe-crystal-8in1-180k-vape-desechable","status":"publish","type":"product","link":"https:\/\/vapemaison.com\/es\/product\/waspe-crystal-8in1-180k-disposable-vape\/","title":{"rendered":"Waspe Crystal 8en1 180K Vape Desechable"},"content":{"rendered":"<p>Experimente una longevidad y un rendimiento excepcionales con el <strong>Waspe Crystal 8 en 1 180K Puffs Vape Desechable<\/strong>, dise\u00f1ada para usuarios que exigen la m\u00e1xima capacidad, un sabor uniforme y fiabilidad a largo plazo.<\/p>\n\n\n\n<p>Con una incre\u00edble <strong><strong>180K Puffs<\/strong><\/strong> y un enorme <strong>68 ml de capacidad de e-l\u00edquido<\/strong>, Este dispositivo est\u00e1 dise\u00f1ado para un uso prolongado sin sustituciones frecuentes. Las caracter\u00edsticas avanzadas del sistema <strong>cuatro bobinas de malla de 1.0\u03a9<\/strong>, El flujo de aire es suave, el vapor denso y el sabor intenso desde la primera calada hasta la \u00faltima.<\/p>\n\n\n\n<p>Dise\u00f1ado para mayor comodidad, el Waspe Crystal incluye un <strong>Bater\u00eda recargable de 650 mAh<\/strong> con rapidez <strong>Carga Tipo-C<\/strong>, que garantiza un rendimiento ininterrumpido. El sistema <strong>Pantalla LED<\/strong> le permite controlar f\u00e1cilmente el nivel de la bater\u00eda y el estado del e-l\u00edquido. A pesar de su potente capacidad interna, el dispositivo mantiene una <strong>dise\u00f1o compacto y port\u00e1til<\/strong>, lo que la hace ideal para llevarla a diario.<\/p>\n\n\n\n<h2 class=\"wp-block-heading\">Especificaciones del producto<\/h2>\n\n\n\n<figure class=\"wp-block-table\"><table class=\"has-fixed-layout\"><thead><tr><th>Par\u00e1metro<\/th><th>Detalles<\/th><\/tr><\/thead><tbody><tr><td>Capacidad de soplado<\/td><td><strong>180K Puffs<\/strong><\/td><\/tr><tr><td>Capacidad de e-l\u00edquido<\/td><td>68 ml<\/td><\/tr><tr><td>Potencia de nicotina<\/td><td>0% \/ 2% \/ 5%<\/td><\/tr><tr><td>Tipo de bobina<\/td><td>Bobina de malla de 1,0\u03a9 \u00d7 4<\/td><\/tr><tr><td>Bater\u00eda<\/td><td>650mAh Recargable<\/td><\/tr><tr><td>Puerto de carga<\/td><td>Tipo-C<\/td><\/tr><tr><td>Mostrar<\/td><td>Pantalla LED (Indicador de bater\u00eda y e-l\u00edquido)<\/td><\/tr><tr><td>Peso del producto<\/td><td>150g<\/td><\/tr><tr><td>Tama\u00f1o del dispositivo<\/td><td>53 \u00d7 46 \u00d7 138 mm<\/td><\/tr><\/tbody><\/table><\/figure>\n\n\n\n<h2 class=\"wp-block-heading\">Sabores disponibles<\/h2>\n\n\n\n<p>Hielo de sand\u00eda, lima lim\u00f3n, mango \u00e1cido y mel\u00f3n kiwi<br>Blueberry Ice, Cherry Cola, Fresa Vainilla, Lim\u00f3n Cereza<br>Red Bull Ice, Strawberry Ice, Sour Fcuking Fab, Cola Ice<br>Uva Ice, Fresa Kiwi, Sand\u00eda Ice, Blue Rancher<br>Mel\u00f3n Maracuy\u00e1, Mango Agrio Pi\u00f1a, Pl\u00e1tano Caramelo Toffee, Fresa Baya<br>Fresa Sand\u00eda, Menta Fresca, Blue Razz Ice, Grosella Negra Ice<br>Blackberry Ice, Doble Manzana, Black Dragon Ice, Fresa Kiwi<br>Strawberry Red Bull, Cherry Cola, Cherry Lemon, Tropical Fruit<br>Mezcla de bayas, lima lim\u00f3n, frambuesa ar\u00e1ndano, manzana verde<br>Fresa Frambuesa Cereza, Fresa Sand\u00eda, Kiwi Sand\u00eda, Lim\u00f3n Lima<br>Fresa Pl\u00e1tano, Mango Melocot\u00f3n, Triple Bayas, Fresa Pi\u00f1a<br>Limonada Blue Razz, Lim\u00f3n Cereza, Hielo Ar\u00e1ndano, Melocot\u00f3n Sand\u00eda<\/p>","protected":false},"excerpt":{"rendered":"<p>Gran capacidad con hasta 180.000 caladas para un uso prolongado.<br data-start=\"2290\" data-end=\"2293\" \/>Dise\u00f1o recargable con pantalla LED para vapear c\u00f3modamente todos los d\u00edas.<\/p>","protected":false},"featured_media":27404,"comment_status":"open","ping_status":"closed","template":"","meta":[],"product_brand":[59],"product_cat":[16],"product_tag":[],"class_list":{"0":"post-27399","1":"product","2":"type-product","3":"status-publish","4":"has-post-thumbnail","6":"product_brand-waspe","7":"product_cat-uncategorized","9":"first","10":"instock","11":"sale","12":"shipping-taxable","13":"purchasable","14":"product-type-variable"},"yoast_head":"<!-- This site is optimized with the Yoast SEO plugin v27.4 - https:\/\/yoast.com\/product\/yoast-seo-wordpress\/ -->\n<title>Waspe Crystal 8in1 180K Disposable Vape \u2013 180k Puffs<\/title>\n<meta name=\"description\" content=\"Shop Waspe Crystal 8in1 180K Disposable Vape with up to 180,000 puffs, 68ml e-liquid, 650mAh rechargeable battery, and LED display.\" \/>\n<meta name=\"robots\" content=\"index, follow, max-snippet:-1, max-image-preview:large, max-video-preview:-1\" \/>\n<link rel=\"canonical\" href=\"https:\/\/vapemaison.com\/es\/producto\/waspe-crystal-8in1-180k-vape-desechable\/\" \/>\n<meta property=\"og:locale\" content=\"es_ES\" \/>\n<meta property=\"og:type\" content=\"article\" \/>\n<meta property=\"og:title\" content=\"Waspe Crystal 8in1 180K Disposable Vape \u2013 180k Puffs\" \/>\n<meta property=\"og:description\" content=\"Shop Waspe Crystal 8in1 180K Disposable Vape with up to 180,000 puffs, 68ml e-liquid, 650mAh rechargeable battery, and LED display.\" \/>\n<meta property=\"og:url\" content=\"https:\/\/vapemaison.com\/es\/producto\/waspe-crystal-8in1-180k-vape-desechable\/\" \/>\n<meta property=\"og:site_name\" content=\"VapeMaison\" \/>\n<meta property=\"article:modified_time\" content=\"2026-03-12T02:18:46+00:00\" \/>\n<meta property=\"og:image\" content=\"https:\/\/vapemaison.com\/wp-content\/uploads\/2026\/02\/waspe-crystal-8in1-180k-puffs-disposable-vape-6.webp\" \/>\n\t<meta property=\"og:image:width\" content=\"800\" \/>\n\t<meta property=\"og:image:height\" content=\"800\" \/>\n\t<meta property=\"og:image:type\" content=\"image\/webp\" \/>\n<meta name=\"twitter:card\" content=\"summary_large_image\" \/>\n<meta name=\"twitter:label1\" content=\"Tiempo de lectura\" \/>\n\t<meta name=\"twitter:data1\" content=\"2 minutos\" \/>\n<!-- \/ Yoast SEO plugin. -->","yoast_head_json":{"title":"Waspe Crystal 8en1 180K Vape Desechable - 180k Puffs","description":"Tienda Waspe Crystal 8en1 180K Vape desechable con hasta 180.000 caladas, 68ml de e-l\u00edquido, bater\u00eda recargable de 650mAh y pantalla LED.","robots":{"index":"index","follow":"follow","max-snippet":"max-snippet:-1","max-image-preview":"max-image-preview:large","max-video-preview":"max-video-preview:-1"},"canonical":"https:\/\/vapemaison.com\/es\/producto\/waspe-crystal-8in1-180k-vape-desechable\/","og_locale":"es_ES","og_type":"article","og_title":"Waspe Crystal 8in1 180K Disposable Vape \u2013 180k Puffs","og_description":"Shop Waspe Crystal 8in1 180K Disposable Vape with up to 180,000 puffs, 68ml e-liquid, 650mAh rechargeable battery, and LED display.","og_url":"https:\/\/vapemaison.com\/es\/producto\/waspe-crystal-8in1-180k-vape-desechable\/","og_site_name":"VapeMaison","article_modified_time":"2026-03-12T02:18:46+00:00","og_image":[{"width":800,"height":800,"url":"https:\/\/vapemaison.com\/wp-content\/uploads\/2026\/02\/waspe-crystal-8in1-180k-puffs-disposable-vape-6.webp","type":"image\/webp"}],"twitter_card":"summary_large_image","twitter_misc":{"Tiempo de lectura":"2 minutos"},"schema":{"@context":"https:\/\/schema.org","@graph":[{"@type":"WebPage","@id":"https:\/\/vapemaison.com\/product\/waspe-crystal-8in1-180k-disposable-vape\/","url":"https:\/\/vapemaison.com\/product\/waspe-crystal-8in1-180k-disposable-vape\/","name":"Waspe Crystal 8en1 180K Vape Desechable - 180k Puffs","isPartOf":{"@id":"https:\/\/vapemaison.com\/#website"},"primaryImageOfPage":{"@id":"https:\/\/vapemaison.com\/product\/waspe-crystal-8in1-180k-disposable-vape\/#primaryimage"},"image":{"@id":"https:\/\/vapemaison.com\/product\/waspe-crystal-8in1-180k-disposable-vape\/#primaryimage"},"thumbnailUrl":"https:\/\/vapemaison.com\/wp-content\/uploads\/2026\/02\/waspe-crystal-8in1-180k-puffs-disposable-vape-6.webp","datePublished":"2026-02-26T08:47:12+00:00","dateModified":"2026-03-12T02:18:46+00:00","description":"Tienda Waspe Crystal 8en1 180K Vape desechable con hasta 180.000 caladas, 68ml de e-l\u00edquido, bater\u00eda recargable de 650mAh y pantalla LED.","breadcrumb":{"@id":"https:\/\/vapemaison.com\/product\/waspe-crystal-8in1-180k-disposable-vape\/#breadcrumb"},"inLanguage":"es","potentialAction":[{"@type":"ReadAction","target":["https:\/\/vapemaison.com\/product\/waspe-crystal-8in1-180k-disposable-vape\/"]}]},{"@type":"ImageObject","inLanguage":"es","@id":"https:\/\/vapemaison.com\/product\/waspe-crystal-8in1-180k-disposable-vape\/#primaryimage","url":"https:\/\/vapemaison.com\/wp-content\/uploads\/2026\/02\/waspe-crystal-8in1-180k-puffs-disposable-vape-6.webp","contentUrl":"https:\/\/vapemaison.com\/wp-content\/uploads\/2026\/02\/waspe-crystal-8in1-180k-puffs-disposable-vape-6.webp","width":800,"height":800,"caption":"waspe-crystal-8in1-180k-puffs-disposable-vape-6"},{"@type":"BreadcrumbList","@id":"https:\/\/vapemaison.com\/product\/waspe-crystal-8in1-180k-disposable-vape\/#breadcrumb","itemListElement":[{"@type":"ListItem","position":1,"name":"\u9996\u9875","item":"https:\/\/vapemaison.com\/"},{"@type":"ListItem","position":2,"name":"Shop","item":"https:\/\/vapemaison.com\/shop\/"},{"@type":"ListItem","position":3,"name":"Waspe","item":"https:\/\/vapemaison.com\/brand\/waspe\/"},{"@type":"ListItem","position":4,"name":"Waspe Crystal 8in1 180K Disposable Vape"}]},{"@type":"WebSite","@id":"https:\/\/vapemaison.com\/#website","url":"https:\/\/vapemaison.com\/","name":"VapeMaison","description":"Dispositivos y accesorios premium para vapear","publisher":{"@id":"https:\/\/vapemaison.com\/#organization"},"potentialAction":[{"@type":"SearchAction","target":{"@type":"EntryPoint","urlTemplate":"https:\/\/vapemaison.com\/?s={search_term_string}"},"query-input":{"@type":"PropertyValueSpecification","valueRequired":true,"valueName":"search_term_string"}}],"inLanguage":"es"},{"@type":"Organization","@id":"https:\/\/vapemaison.com\/#organization","name":"VapeMaison","url":"https:\/\/vapemaison.com\/","logo":{"@type":"ImageObject","inLanguage":"es","@id":"https:\/\/vapemaison.com\/#\/schema\/logo\/image\/","url":"https:\/\/vapemaison.com\/wp-content\/uploads\/2026\/01\/cropped-vapemaison-logo-g-2026.webp","contentUrl":"https:\/\/vapemaison.com\/wp-content\/uploads\/2026\/01\/cropped-vapemaison-logo-g-2026.webp","width":350,"height":280,"caption":"VapeMaison"},"image":{"@id":"https:\/\/vapemaison.com\/#\/schema\/logo\/image\/"},"sameAs":["https:\/\/www.youtube.com\/@VapeMaison"]}]}},"tiered_pricing_type":"fixed","tiered_pricing_fixed_rules":{"30":"10.99","50":"9.78","100":"8.99","200":"8.36"},"tiered_pricing_product_settings":{"layout":"default","base_unit_name":{"singular":null,"plural":null},"default_variation":null},"tiered_pricing_minimum_quantity":10,"tiered_pricing_roles_data":[],"tiered_pricing_percentage_rules":[],"tiered_pricing_maximum_quantity":null,"tiered_pricing_quantity_step":"10","_links":{"self":[{"href":"https:\/\/vapemaison.com\/es\/wp-json\/wp\/v2\/product\/27399","targetHints":{"allow":["GET"]}}],"collection":[{"href":"https:\/\/vapemaison.com\/es\/wp-json\/wp\/v2\/product"}],"about":[{"href":"https:\/\/vapemaison.com\/es\/wp-json\/wp\/v2\/types\/product"}],"replies":[{"embeddable":true,"href":"https:\/\/vapemaison.com\/es\/wp-json\/wp\/v2\/comments?post=27399"}],"version-history":[{"count":5,"href":"https:\/\/vapemaison.com\/es\/wp-json\/wp\/v2\/product\/27399\/revisions"}],"predecessor-version":[{"id":27866,"href":"https:\/\/vapemaison.com\/es\/wp-json\/wp\/v2\/product\/27399\/revisions\/27866"}],"wp:featuredmedia":[{"embeddable":true,"href":"https:\/\/vapemaison.com\/es\/wp-json\/wp\/v2\/media\/27404"}],"wp:attachment":[{"href":"https:\/\/vapemaison.com\/es\/wp-json\/wp\/v2\/media?parent=27399"}],"wp:term":[{"taxonomy":"product_brand","embeddable":true,"href":"https:\/\/vapemaison.com\/es\/wp-json\/wp\/v2\/product_brand?post=27399"},{"taxonomy":"product_cat","embeddable":true,"href":"https:\/\/vapemaison.com\/es\/wp-json\/wp\/v2\/product_cat?post=27399"},{"taxonomy":"product_tag","embeddable":true,"href":"https:\/\/vapemaison.com\/es\/wp-json\/wp\/v2\/product_tag?post=27399"}],"curies":[{"name":"wp","href":"https:\/\/api.w.org\/{rel}","templated":true}]}}