

{"id":27451,"date":"2026-02-26T09:56:19","date_gmt":"2026-02-26T09:56:19","guid":{"rendered":"https:\/\/vapemaison.com\/?post_type=product&#038;p=27451"},"modified":"2026-04-11T06:06:04","modified_gmt":"2026-04-11T06:06:04","slug":"airmez-xbeats-pro-50000-smart-vape-con-auriculares-bluetooth","status":"publish","type":"product","link":"https:\/\/vapemaison.com\/es\/product\/airmez-xbeats-pro-50000-smart-vape-with-bluetooth-earbuds\/","title":{"rendered":"Airmez Xbeats Pro 50000 Smart Vape con auriculares Bluetooth"},"content":{"rendered":"<p>Disfrute de una experiencia de vapeo completamente nueva con el <strong>Vapeador desechable Airmez Xbeats Pro 50000<\/strong>, el primer dispositivo innovador del mundo que combina vapeo de alta capacidad con auriculares TWS Bluetooth integrados.<\/p>\n\n\n\n<p>Dise\u00f1ado tanto para el entretenimiento como para el rendimiento, este dispositivo inteligente ofrece hasta <strong>50.000 caladas<\/strong> con <strong>Auriculares inal\u00e1mbricos de alta fidelidad con Bluetooth 5.0<\/strong>. La potente bater\u00eda interna recargable admite tanto la carga por vaporizaci\u00f3n como por auriculares, lo que le permite disfrutar de un vapor intenso y de su m\u00fasica favorita en cualquier momento y lugar.<\/p>\n\n\n\n<p>Equipado con <strong>Tecnolog\u00eda de bobina de malla doble Gen 2<\/strong>, El Airmez Xbeats Pro asegura un flujo de aire suave, un sabor mejorado y una producci\u00f3n de vapor consistente. Un pr\u00e1ctico <strong>pantalla digital lateral<\/strong> muestra los niveles de bater\u00eda y e-l\u00edquido en tiempo real, mientras que el <strong>sistema activado por sorteo<\/strong> proporciona un funcionamiento sencillo y sin botones.<\/p>\n\n\n\n<p>Este dispositivo todo en uno es perfecto para los usuarios que buscan un rendimiento duradero, una funcionalidad moderna y una experiencia de vapeo \u00fanica.<\/p>\n\n\n\n<h2 class=\"wp-block-heading\">Especificaciones del producto<\/h2>\n\n\n\n<figure class=\"wp-block-table is-style-stripes\"><table class=\"has-fixed-layout\"><thead><tr><th>Par\u00e1metro<\/th><th>Detalles<\/th><\/tr><\/thead><tbody><tr><td>Capacidad de soplado<\/td><td>Hasta 50.000 caladas<\/td><\/tr><tr><td>Potencia de nicotina<\/td><td>5% (50mg)<\/td><\/tr><tr><td>Tipo de bobina<\/td><td>Bobina Gen 2 Dual Mesh<\/td><\/tr><tr><td>Bater\u00eda<\/td><td>Recargable (admite carga de auriculares)<\/td><\/tr><tr><td>Puerto de carga<\/td><td>USB Tipo-C<\/td><\/tr><tr><td>Auriculares<\/td><td>Auriculares TWS Hi-Fi integrados<\/td><\/tr><tr><td>Versi\u00f3n Bluetooth<\/td><td>Bluetooth 5.0<\/td><\/tr><tr><td>Mostrar<\/td><td>Pantalla digital lateral (bater\u00eda y e-l\u00edquido)<\/td><\/tr><tr><td>Activaci\u00f3n<\/td><td>Activado por dibujo<\/td><\/tr><tr><td>Estilo de vapeo<\/td><td>MTL (boca a pulm\u00f3n)<\/td><\/tr><\/tbody><\/table><\/figure>\n\n\n\n<h2 class=\"wp-block-heading\">Sabores disponibles<\/h2>\n\n\n\n<p>Sand\u00eda con ar\u00e1ndanos<br>Melocot\u00f3n jugoso<br>Hielo de uva<br>Fresa B-pop<br>Sour Fucking Fab<br>Hielo Razz Azul<br>Menta helada<br>Crema rosa Spirit<\/p>\n\n\n\n<p>Si est\u00e1 explorando m\u00e1s opciones m\u00e1s all\u00e1 del <strong><strong>Airmez Xbeats Pro 50000<\/strong><\/strong>, Hay mucho m\u00e1s por descubrir. Puede consultar nuestra <strong><a href=\"https:\/\/vapemaison.com\/shop\/\" type=\"link\" id=\"https:\/\/vapemaison.com\/shop\/\">Comprar colecci\u00f3n<\/a><\/strong> para encontrar una amplia gama de vaporizadores desechables de alto rendimiento con diferentes cantidades de caladas, caracter\u00edsticas y perfiles de sabor que se adaptan a tus preferencias.<\/p>\n\n\n\n<p>Si te gusta el dise\u00f1o y la innovaci\u00f3n de este dispositivo, tambi\u00e9n te recomendamos que eches un vistazo a m\u00e1s productos de la marca <strong><a href=\"https:\/\/vapemaison.com\/brand\/airmez\/\" type=\"link\" id=\"https:\/\/vapemaison.com\/brand\/airmez\/\">L\u00ednea Airmez<\/a><\/strong>, donde encontrar\u00e1 modelos igualmente avanzados con caracter\u00edsticas \u00fanicas y una calidad de fabricaci\u00f3n de primera.<\/p>\n\n\n\n<p>Para los interesados espec\u00edficamente en dispositivos de larga duraci\u00f3n, no se pierda nuestra selecci\u00f3n de <strong><a href=\"https:\/\/vapemaison.com\/product-category\/puffs-count\/50k-puffs\/\" type=\"link\" id=\"https:\/\/vapemaison.com\/product-category\/puffs-count\/50k-puffs\/\">50K bocanadas<\/a><\/strong> vaporizadores desechables. Estas opciones ofrecen un uso prolongado, un rico suministro de sabor y un valor excelente para los usuarios que desean menos reemplazos sin comprometer el rendimiento.<\/p>\n\n\n\n<p>Explore m\u00e1s y encuentre el vape perfecto que se adapte a su estilo y necesidades.<\/p>\n\n\n\n<p><\/p>","protected":false},"excerpt":{"rendered":"<p data-start=\"1799\" data-end=\"1972\">Innovador dise\u00f1o 2 en 1 con auriculares Bluetooth integrados y hasta 50.000 inhalaciones.<br data-start=\"1879\" data-end=\"1882\" \/>Vapeador inteligente recargable con pantalla digital para un rendimiento y comodidad duraderos.<\/p>","protected":false},"featured_media":27459,"comment_status":"open","ping_status":"closed","template":"","meta":[],"product_brand":[314],"product_cat":[136],"product_tag":[],"class_list":{"0":"post-27451","1":"product","2":"type-product","3":"status-publish","4":"has-post-thumbnail","6":"product_brand-airmez","7":"product_cat-50k-puffs","9":"first","10":"instock","11":"sale","12":"shipping-taxable","13":"purchasable","14":"product-type-variable"},"yoast_head":"<!-- This site is optimized with the Yoast SEO plugin v27.4 - https:\/\/yoast.com\/product\/yoast-seo-wordpress\/ -->\n<title>Airmez Xbeats Pro 50000 Smart Vape with Bluetooth Earbuds<\/title>\n<meta name=\"description\" content=\"Discover Airmez Xbeats Pro 50000 disposable vape with built-in Bluetooth 5.0 TWS earbuds, up to 50,000 puffs, dual mesh coils, rechargeable battery.\" \/>\n<meta name=\"robots\" content=\"index, follow, max-snippet:-1, max-image-preview:large, max-video-preview:-1\" \/>\n<link rel=\"canonical\" href=\"https:\/\/vapemaison.com\/es\/producto\/airmez-xbeats-pro-50000-smart-vape-con-auriculares-bluetooth\/\" \/>\n<meta property=\"og:locale\" content=\"es_ES\" \/>\n<meta property=\"og:type\" content=\"article\" \/>\n<meta property=\"og:title\" content=\"Airmez Xbeats Pro 50000 Smart Vape with Bluetooth Earbuds\" \/>\n<meta property=\"og:description\" content=\"Discover Airmez Xbeats Pro 50000 disposable vape with built-in Bluetooth 5.0 TWS earbuds, up to 50,000 puffs, dual mesh coils, rechargeable battery.\" \/>\n<meta property=\"og:url\" content=\"https:\/\/vapemaison.com\/es\/producto\/airmez-xbeats-pro-50000-smart-vape-con-auriculares-bluetooth\/\" \/>\n<meta property=\"og:site_name\" content=\"VapeMaison\" \/>\n<meta property=\"article:modified_time\" content=\"2026-04-11T06:06:04+00:00\" \/>\n<meta property=\"og:image\" content=\"https:\/\/vapemaison.com\/wp-content\/uploads\/2026\/02\/airmez-xbeats-pro-50000-puffs-x-beats-disposable-vape-strawberry-b-pop.webp\" \/>\n\t<meta property=\"og:image:width\" content=\"1280\" \/>\n\t<meta property=\"og:image:height\" content=\"1280\" \/>\n\t<meta property=\"og:image:type\" content=\"image\/webp\" \/>\n<meta name=\"twitter:card\" content=\"summary_large_image\" \/>\n<meta name=\"twitter:label1\" content=\"Tiempo de lectura\" \/>\n\t<meta name=\"twitter:data1\" content=\"2 minutos\" \/>\n<!-- \/ Yoast SEO plugin. -->","yoast_head_json":{"title":"Airmez Xbeats Pro 50000 Smart Vape con auriculares Bluetooth","description":"Descubra el vaporizador desechable Airmez Xbeats Pro 50000 con auriculares Bluetooth 5.0 TWS integrados, hasta 50.000 caladas, doble bobina de malla y bater\u00eda recargable.","robots":{"index":"index","follow":"follow","max-snippet":"max-snippet:-1","max-image-preview":"max-image-preview:large","max-video-preview":"max-video-preview:-1"},"canonical":"https:\/\/vapemaison.com\/es\/producto\/airmez-xbeats-pro-50000-smart-vape-con-auriculares-bluetooth\/","og_locale":"es_ES","og_type":"article","og_title":"Airmez Xbeats Pro 50000 Smart Vape with Bluetooth Earbuds","og_description":"Discover Airmez Xbeats Pro 50000 disposable vape with built-in Bluetooth 5.0 TWS earbuds, up to 50,000 puffs, dual mesh coils, rechargeable battery.","og_url":"https:\/\/vapemaison.com\/es\/producto\/airmez-xbeats-pro-50000-smart-vape-con-auriculares-bluetooth\/","og_site_name":"VapeMaison","article_modified_time":"2026-04-11T06:06:04+00:00","og_image":[{"width":1280,"height":1280,"url":"https:\/\/vapemaison.com\/wp-content\/uploads\/2026\/02\/airmez-xbeats-pro-50000-puffs-x-beats-disposable-vape-strawberry-b-pop.webp","type":"image\/webp"}],"twitter_card":"summary_large_image","twitter_misc":{"Tiempo de lectura":"2 minutos"},"schema":{"@context":"https:\/\/schema.org","@graph":[{"@type":"WebPage","@id":"https:\/\/vapemaison.com\/product\/airmez-xbeats-pro-50000-smart-vape-with-bluetooth-earbuds\/","url":"https:\/\/vapemaison.com\/product\/airmez-xbeats-pro-50000-smart-vape-with-bluetooth-earbuds\/","name":"Airmez Xbeats Pro 50000 Smart Vape con auriculares Bluetooth","isPartOf":{"@id":"https:\/\/vapemaison.com\/#website"},"primaryImageOfPage":{"@id":"https:\/\/vapemaison.com\/product\/airmez-xbeats-pro-50000-smart-vape-with-bluetooth-earbuds\/#primaryimage"},"image":{"@id":"https:\/\/vapemaison.com\/product\/airmez-xbeats-pro-50000-smart-vape-with-bluetooth-earbuds\/#primaryimage"},"thumbnailUrl":"https:\/\/vapemaison.com\/wp-content\/uploads\/2026\/02\/airmez-xbeats-pro-50000-puffs-x-beats-disposable-vape-strawberry-b-pop.webp","datePublished":"2026-02-26T09:56:19+00:00","dateModified":"2026-04-11T06:06:04+00:00","description":"Descubra el vaporizador desechable Airmez Xbeats Pro 50000 con auriculares Bluetooth 5.0 TWS integrados, hasta 50.000 caladas, doble bobina de malla y bater\u00eda recargable.","breadcrumb":{"@id":"https:\/\/vapemaison.com\/product\/airmez-xbeats-pro-50000-smart-vape-with-bluetooth-earbuds\/#breadcrumb"},"inLanguage":"es","potentialAction":[{"@type":"ReadAction","target":["https:\/\/vapemaison.com\/product\/airmez-xbeats-pro-50000-smart-vape-with-bluetooth-earbuds\/"]}]},{"@type":"ImageObject","inLanguage":"es","@id":"https:\/\/vapemaison.com\/product\/airmez-xbeats-pro-50000-smart-vape-with-bluetooth-earbuds\/#primaryimage","url":"https:\/\/vapemaison.com\/wp-content\/uploads\/2026\/02\/airmez-xbeats-pro-50000-puffs-x-beats-disposable-vape-strawberry-b-pop.webp","contentUrl":"https:\/\/vapemaison.com\/wp-content\/uploads\/2026\/02\/airmez-xbeats-pro-50000-puffs-x-beats-disposable-vape-strawberry-b-pop.webp","width":1280,"height":1280,"caption":"airmez-xbeats-pro-50000-puffs-x-beats-disposable-vape-strawberry-b-pop"},{"@type":"BreadcrumbList","@id":"https:\/\/vapemaison.com\/product\/airmez-xbeats-pro-50000-smart-vape-with-bluetooth-earbuds\/#breadcrumb","itemListElement":[{"@type":"ListItem","position":1,"name":"\u9996\u9875","item":"https:\/\/vapemaison.com\/"},{"@type":"ListItem","position":2,"name":"Shop","item":"https:\/\/vapemaison.com\/shop\/"},{"@type":"ListItem","position":3,"name":"Airmez","item":"https:\/\/vapemaison.com\/brand\/airmez\/"},{"@type":"ListItem","position":4,"name":"Airmez Xbeats Pro 50000 Smart Vape with Bluetooth Earbuds"}]},{"@type":"WebSite","@id":"https:\/\/vapemaison.com\/#website","url":"https:\/\/vapemaison.com\/","name":"VapeMaison","description":"Dispositivos y accesorios premium para vapear","publisher":{"@id":"https:\/\/vapemaison.com\/#organization"},"potentialAction":[{"@type":"SearchAction","target":{"@type":"EntryPoint","urlTemplate":"https:\/\/vapemaison.com\/?s={search_term_string}"},"query-input":{"@type":"PropertyValueSpecification","valueRequired":true,"valueName":"search_term_string"}}],"inLanguage":"es"},{"@type":"Organization","@id":"https:\/\/vapemaison.com\/#organization","name":"VapeMaison","url":"https:\/\/vapemaison.com\/","logo":{"@type":"ImageObject","inLanguage":"es","@id":"https:\/\/vapemaison.com\/#\/schema\/logo\/image\/","url":"https:\/\/vapemaison.com\/wp-content\/uploads\/2026\/01\/cropped-vapemaison-logo-g-2026.webp","contentUrl":"https:\/\/vapemaison.com\/wp-content\/uploads\/2026\/01\/cropped-vapemaison-logo-g-2026.webp","width":350,"height":280,"caption":"VapeMaison"},"image":{"@id":"https:\/\/vapemaison.com\/#\/schema\/logo\/image\/"},"sameAs":["https:\/\/www.youtube.com\/@VapeMaison"]}]}},"tiered_pricing_type":"fixed","tiered_pricing_fixed_rules":{"30":"12.34","50":"11.23","100":"10.56","200":"9.99"},"tiered_pricing_product_settings":{"layout":"default","base_unit_name":{"singular":null,"plural":null},"default_variation":null},"tiered_pricing_minimum_quantity":10,"tiered_pricing_roles_data":[],"tiered_pricing_percentage_rules":[],"tiered_pricing_maximum_quantity":null,"tiered_pricing_quantity_step":"10","_links":{"self":[{"href":"https:\/\/vapemaison.com\/es\/wp-json\/wp\/v2\/product\/27451","targetHints":{"allow":["GET"]}}],"collection":[{"href":"https:\/\/vapemaison.com\/es\/wp-json\/wp\/v2\/product"}],"about":[{"href":"https:\/\/vapemaison.com\/es\/wp-json\/wp\/v2\/types\/product"}],"replies":[{"embeddable":true,"href":"https:\/\/vapemaison.com\/es\/wp-json\/wp\/v2\/comments?post=27451"}],"version-history":[{"count":3,"href":"https:\/\/vapemaison.com\/es\/wp-json\/wp\/v2\/product\/27451\/revisions"}],"predecessor-version":[{"id":29272,"href":"https:\/\/vapemaison.com\/es\/wp-json\/wp\/v2\/product\/27451\/revisions\/29272"}],"wp:featuredmedia":[{"embeddable":true,"href":"https:\/\/vapemaison.com\/es\/wp-json\/wp\/v2\/media\/27459"}],"wp:attachment":[{"href":"https:\/\/vapemaison.com\/es\/wp-json\/wp\/v2\/media?parent=27451"}],"wp:term":[{"taxonomy":"product_brand","embeddable":true,"href":"https:\/\/vapemaison.com\/es\/wp-json\/wp\/v2\/product_brand?post=27451"},{"taxonomy":"product_cat","embeddable":true,"href":"https:\/\/vapemaison.com\/es\/wp-json\/wp\/v2\/product_cat?post=27451"},{"taxonomy":"product_tag","embeddable":true,"href":"https:\/\/vapemaison.com\/es\/wp-json\/wp\/v2\/product_tag?post=27451"}],"curies":[{"name":"wp","href":"https:\/\/api.w.org\/{rel}","templated":true}]}}