

{"id":28250,"date":"2026-03-24T06:01:05","date_gmt":"2026-03-24T06:01:05","guid":{"rendered":"https:\/\/vapemaison.com\/?post_type=product&#038;p=28250"},"modified":"2026-04-11T05:57:07","modified_gmt":"2026-04-11T05:57:07","slug":"airmez-matrix-25k-vape-desechable-pantalla-tactil-25000-caladas-smart-vape","status":"publish","type":"product","link":"https:\/\/vapemaison.com\/es\/product\/airmez-matrix-25k-disposable-vape-touch-screen-25000-puffs-smart-vape\/","title":{"rendered":"AiRMEZ Matrix 25K Vape Desechable Pantalla T\u00e1ctil 25000 Puffs Vape Inteligente"},"content":{"rendered":"<p><strong>Matriz AiRMEZ 25K<\/strong> El Vape Desechable redefine la experiencia de vapear con su innovadora pantalla t\u00e1ctil LED de 2,1 pulgadas, que aporta interactividad inteligente a un dispositivo desechable. Controla f\u00e1cilmente la duraci\u00f3n de la bater\u00eda y los niveles de e-l\u00edquido de un vistazo, o t\u00f3mate un descanso y disfruta del juego Lucky Room integrado para mayor entretenimiento. Alimentado por una bater\u00eda recargable de 850mAh, proporciona hasta 25.000 caladas para un rendimiento duradero sin reemplazos frecuentes. Con flujo de aire y potencia de salida ajustables, puedes adaptar cada calada a tus preferencias, mientras que la avanzada bobina de doble malla garantiza un sabor rico y constante y un vapor suave en cada calada.<\/p>\n\n\n\n<h3 class=\"wp-block-heading\"><strong>Especificaciones del producto<\/strong><\/h3>\n\n\n\n<figure class=\"wp-block-table\"><table class=\"has-fixed-layout\"><thead><tr><th>Especificaci\u00f3n<\/th><th>Detalles<\/th><\/tr><\/thead><tbody><tr><td>Recuento de puff<\/td><td>Modo normal: Hasta 25.000 caladas<\/td><\/tr><tr><td>Estilo de vapeo<\/td><td>MTL (boca a pulm\u00f3n)<\/td><\/tr><tr><td>Bater\u00eda<\/td><td>Recargable 850mAh<\/td><\/tr><tr><td>Capacidad de e-l\u00edquido<\/td><td>20 ml precargado<\/td><\/tr><tr><td>Potencia de nicotina<\/td><td>5% (50mg)<\/td><\/tr><tr><td>Pantalla<\/td><td>Pantalla t\u00e1ctil LED de 2,1 pulgadas<\/td><\/tr><tr><td>Bobina<\/td><td>Bobina de malla doble<\/td><\/tr><tr><td>Cargando<\/td><td>USB Tipo-C<\/td><\/tr><tr><td>Activaci\u00f3n<\/td><td>Activado por dibujo<\/td><\/tr><\/tbody><\/table><\/figure>\n\n\n\n<h3 class=\"wp-block-heading\">Sabores disponibles<\/h3>\n\n\n\n<ul class=\"wp-block-list\">\n<li>Fantas\u00eda de pl\u00e1tano y bayas<\/li>\n\n\n\n<li>Brisa fr\u00eda azul<\/li>\n\n\n\n<li>Volc\u00e1n de cerezas<\/li>\n\n\n\n<li>Ralladura de lim\u00f3n y cereza<\/li>\n\n\n\n<li>Postre Bloom Delight<\/li>\n\n\n\n<li>Limonada de fruta del drag\u00f3n<\/li>\n\n\n\n<li>Cereza de medianoche<\/li>\n\n\n\n<li>Uva congelada Glaciar<\/li>\n\n\n\n<li>Deriva de fresa congelada<\/li>\n\n\n\n<li>Bizcocho triple de bayas<\/li>\n\n\n\n<li>Fusi\u00f3n del Drag\u00f3n M\u00edstico<\/li>\n\n\n\n<li>Sand\u00eda Berry Wave<\/li>\n<\/ul>\n\n\n\n<h3 class=\"wp-block-heading\">\u00bfPor qu\u00e9 elegir AiRMEZ Matrix 25K?<\/h3>\n\n\n\n<p>\u2714 El primer vape desechable con pantalla t\u00e1ctil de la historia<br>\u2714 Cantidad masiva de caladas con bater\u00eda recargable<br>\u2714 Funci\u00f3n de juego interactivo<br>Experiencia de vapeo totalmente personalizable<br>\u2714 Sabor premium con bobina de doble malla<\/p>\n\n\n\n<p>Si est\u00e1 explorando m\u00e1s opciones m\u00e1s all\u00e1 del <strong>Matriz AiRMEZ 25K<\/strong>, Hay mucho m\u00e1s por descubrir. Puede consultar nuestra <strong><a href=\"https:\/\/vapemaison.com\/shop\/\" type=\"link\" id=\"https:\/\/vapemaison.com\/shop\/\">Comprar colecci\u00f3n<\/a><\/strong> para encontrar una amplia gama de vaporizadores desechables de alto rendimiento con diferentes cantidades de caladas, caracter\u00edsticas y perfiles de sabor que se adaptan a tus preferencias.<\/p>\n\n\n\n<p>Si te gusta el dise\u00f1o y la innovaci\u00f3n de este dispositivo, tambi\u00e9n te recomendamos que eches un vistazo a m\u00e1s productos de la marca <strong><a href=\"https:\/\/vapemaison.com\/brand\/airmez\/\" type=\"link\" id=\"https:\/\/vapemaison.com\/brand\/airmez\/\">L\u00ednea Airmez<\/a><\/strong>, donde encontrar\u00e1 modelos igualmente avanzados con caracter\u00edsticas \u00fanicas y una calidad de fabricaci\u00f3n de primera.<\/p>\n\n\n\n<p>Para los interesados espec\u00edficamente en dispositivos de larga duraci\u00f3n, no se pierda nuestra selecci\u00f3n de <strong><a href=\"https:\/\/vapemaison.com\/product-category\/puffs-count\/25k-puffs\/\" type=\"link\" id=\"https:\/\/vapemaison.com\/product-category\/puffs-count\/25k-puffs\/\">25K bocanadas<\/a><\/strong> vaporizadores desechables. Estas opciones ofrecen un uso prolongado, un rico suministro de sabor y un valor excelente para los usuarios que desean menos reemplazos sin comprometer el rendimiento.<\/p>\n\n\n\n<p>Explore m\u00e1s y encuentre el vape perfecto que se adapte a su estilo y necesidades.<\/p>\n\n\n\n<p><\/p>","protected":false},"excerpt":{"rendered":"<p>AiRMEZ Matrix 25K - El primer vapeador inteligente con pantalla t\u00e1ctil Pantalla t\u00e1ctil LED de 2,1\u201d - 25.000 caladas - Potencia y flujo de aire ajustables M\u00e1s que un vapeador - es una experiencia interactiva.<\/p>","protected":false},"featured_media":28316,"comment_status":"open","ping_status":"closed","template":"","meta":[],"product_brand":[314],"product_cat":[144],"product_tag":[],"class_list":{"0":"post-28250","1":"product","2":"type-product","3":"status-publish","4":"has-post-thumbnail","6":"product_brand-airmez","7":"product_cat-25k-puffs","9":"first","10":"instock","11":"sale","12":"shipping-taxable","13":"purchasable","14":"product-type-variable"},"yoast_head":"<!-- This site is optimized with the Yoast SEO plugin v27.4 - https:\/\/yoast.com\/product\/yoast-seo-wordpress\/ -->\n<title>AiRMEZ Matrix 25K Disposable Vape | 2.1&quot; Touch Screen Vape<\/title>\n<meta name=\"description\" content=\"Experience the AiRMEZ Matrix 25K disposable vape with a 2.1-inch touch screen, adjustable airflow, and up to 25k puffs. Smart vaping with dual mesh coil.\" \/>\n<meta name=\"robots\" content=\"index, follow, max-snippet:-1, max-image-preview:large, max-video-preview:-1\" \/>\n<link rel=\"canonical\" href=\"https:\/\/vapemaison.com\/es\/producto\/airmez-matrix-25k-vape-desechable-pantalla-tactil-25000-caladas-smart-vape\/\" \/>\n<meta property=\"og:locale\" content=\"es_ES\" \/>\n<meta property=\"og:type\" content=\"article\" \/>\n<meta property=\"og:title\" content=\"AiRMEZ Matrix 25K Disposable Vape | 2.1&quot; Touch Screen Vape\" \/>\n<meta property=\"og:description\" content=\"Experience the AiRMEZ Matrix 25K disposable vape with a 2.1-inch touch screen, adjustable airflow, and up to 25k puffs. Smart vaping with dual mesh coil.\" \/>\n<meta property=\"og:url\" content=\"https:\/\/vapemaison.com\/es\/producto\/airmez-matrix-25k-vape-desechable-pantalla-tactil-25000-caladas-smart-vape\/\" \/>\n<meta property=\"og:site_name\" content=\"VapeMaison\" \/>\n<meta property=\"article:modified_time\" content=\"2026-04-11T05:57:07+00:00\" \/>\n<meta property=\"og:image\" content=\"https:\/\/vapemaison.com\/wp-content\/uploads\/2026\/03\/airmez-tornado-25000-puffs-vape-flavor-sour-apple.webp\" \/>\n\t<meta property=\"og:image:width\" content=\"1080\" \/>\n\t<meta property=\"og:image:height\" content=\"1080\" \/>\n\t<meta property=\"og:image:type\" content=\"image\/webp\" \/>\n<meta name=\"twitter:card\" content=\"summary_large_image\" \/>\n<meta name=\"twitter:label1\" content=\"Tiempo de lectura\" \/>\n\t<meta name=\"twitter:data1\" content=\"2 minutos\" \/>\n<!-- \/ Yoast SEO plugin. -->","yoast_head_json":{"title":"AiRMEZ Matrix 25K Vape desechable | Vape con pantalla t\u00e1ctil de 2.1","description":"Experimenta el vapeador desechable AiRMEZ Matrix 25K con pantalla t\u00e1ctil de 2,1 pulgadas, flujo de aire ajustable y hasta 25k caladas. Vapeo inteligente con doble bobina de malla.","robots":{"index":"index","follow":"follow","max-snippet":"max-snippet:-1","max-image-preview":"max-image-preview:large","max-video-preview":"max-video-preview:-1"},"canonical":"https:\/\/vapemaison.com\/es\/producto\/airmez-matrix-25k-vape-desechable-pantalla-tactil-25000-caladas-smart-vape\/","og_locale":"es_ES","og_type":"article","og_title":"AiRMEZ Matrix 25K Disposable Vape | 2.1\" Touch Screen Vape","og_description":"Experience the AiRMEZ Matrix 25K disposable vape with a 2.1-inch touch screen, adjustable airflow, and up to 25k puffs. Smart vaping with dual mesh coil.","og_url":"https:\/\/vapemaison.com\/es\/producto\/airmez-matrix-25k-vape-desechable-pantalla-tactil-25000-caladas-smart-vape\/","og_site_name":"VapeMaison","article_modified_time":"2026-04-11T05:57:07+00:00","og_image":[{"width":1080,"height":1080,"url":"https:\/\/vapemaison.com\/wp-content\/uploads\/2026\/03\/airmez-tornado-25000-puffs-vape-flavor-sour-apple.webp","type":"image\/webp"}],"twitter_card":"summary_large_image","twitter_misc":{"Tiempo de lectura":"2 minutos"},"schema":{"@context":"https:\/\/schema.org","@graph":[{"@type":"WebPage","@id":"https:\/\/vapemaison.com\/product\/airmez-matrix-25k-disposable-vape-touch-screen-25000-puffs-smart-vape\/","url":"https:\/\/vapemaison.com\/product\/airmez-matrix-25k-disposable-vape-touch-screen-25000-puffs-smart-vape\/","name":"AiRMEZ Matrix 25K Vape desechable | Vape con pantalla t\u00e1ctil de 2.1","isPartOf":{"@id":"https:\/\/vapemaison.com\/#website"},"primaryImageOfPage":{"@id":"https:\/\/vapemaison.com\/product\/airmez-matrix-25k-disposable-vape-touch-screen-25000-puffs-smart-vape\/#primaryimage"},"image":{"@id":"https:\/\/vapemaison.com\/product\/airmez-matrix-25k-disposable-vape-touch-screen-25000-puffs-smart-vape\/#primaryimage"},"thumbnailUrl":"https:\/\/vapemaison.com\/wp-content\/uploads\/2026\/03\/airmez-tornado-25000-puffs-vape-flavor-sour-apple.webp","datePublished":"2026-03-24T06:01:05+00:00","dateModified":"2026-04-11T05:57:07+00:00","description":"Experimenta el vapeador desechable AiRMEZ Matrix 25K con pantalla t\u00e1ctil de 2,1 pulgadas, flujo de aire ajustable y hasta 25k caladas. Vapeo inteligente con doble bobina de malla.","breadcrumb":{"@id":"https:\/\/vapemaison.com\/product\/airmez-matrix-25k-disposable-vape-touch-screen-25000-puffs-smart-vape\/#breadcrumb"},"inLanguage":"es","potentialAction":[{"@type":"ReadAction","target":["https:\/\/vapemaison.com\/product\/airmez-matrix-25k-disposable-vape-touch-screen-25000-puffs-smart-vape\/"]}]},{"@type":"ImageObject","inLanguage":"es","@id":"https:\/\/vapemaison.com\/product\/airmez-matrix-25k-disposable-vape-touch-screen-25000-puffs-smart-vape\/#primaryimage","url":"https:\/\/vapemaison.com\/wp-content\/uploads\/2026\/03\/airmez-tornado-25000-puffs-vape-flavor-sour-apple.webp","contentUrl":"https:\/\/vapemaison.com\/wp-content\/uploads\/2026\/03\/airmez-tornado-25000-puffs-vape-flavor-sour-apple.webp","width":1080,"height":1080,"caption":"Airmez Tornado Puffs Vape Flavor Sour Apple"},{"@type":"BreadcrumbList","@id":"https:\/\/vapemaison.com\/product\/airmez-matrix-25k-disposable-vape-touch-screen-25000-puffs-smart-vape\/#breadcrumb","itemListElement":[{"@type":"ListItem","position":1,"name":"\u9996\u9875","item":"https:\/\/vapemaison.com\/"},{"@type":"ListItem","position":2,"name":"Shop","item":"https:\/\/vapemaison.com\/shop\/"},{"@type":"ListItem","position":3,"name":"Airmez","item":"https:\/\/vapemaison.com\/brand\/airmez\/"},{"@type":"ListItem","position":4,"name":"AiRMEZ Matrix 25K Disposable Vape Touch Screen 25000 Puffs Smart Vape"}]},{"@type":"WebSite","@id":"https:\/\/vapemaison.com\/#website","url":"https:\/\/vapemaison.com\/","name":"VapeMaison","description":"Dispositivos y accesorios premium para vapear","publisher":{"@id":"https:\/\/vapemaison.com\/#organization"},"potentialAction":[{"@type":"SearchAction","target":{"@type":"EntryPoint","urlTemplate":"https:\/\/vapemaison.com\/?s={search_term_string}"},"query-input":{"@type":"PropertyValueSpecification","valueRequired":true,"valueName":"search_term_string"}}],"inLanguage":"es"},{"@type":"Organization","@id":"https:\/\/vapemaison.com\/#organization","name":"VapeMaison","url":"https:\/\/vapemaison.com\/","logo":{"@type":"ImageObject","inLanguage":"es","@id":"https:\/\/vapemaison.com\/#\/schema\/logo\/image\/","url":"https:\/\/vapemaison.com\/wp-content\/uploads\/2026\/01\/cropped-vapemaison-logo-g-2026.webp","contentUrl":"https:\/\/vapemaison.com\/wp-content\/uploads\/2026\/01\/cropped-vapemaison-logo-g-2026.webp","width":350,"height":280,"caption":"VapeMaison"},"image":{"@id":"https:\/\/vapemaison.com\/#\/schema\/logo\/image\/"},"sameAs":["https:\/\/www.youtube.com\/@VapeMaison"]}]}},"tiered_pricing_type":"fixed","tiered_pricing_fixed_rules":{"30":"11.68","50":"11.12","100":"10.56","200":"9.99"},"tiered_pricing_product_settings":{"layout":"default","base_unit_name":{"singular":null,"plural":null},"default_variation":null},"tiered_pricing_minimum_quantity":10,"tiered_pricing_roles_data":[],"tiered_pricing_percentage_rules":[],"tiered_pricing_maximum_quantity":null,"tiered_pricing_quantity_step":"10","_links":{"self":[{"href":"https:\/\/vapemaison.com\/es\/wp-json\/wp\/v2\/product\/28250","targetHints":{"allow":["GET"]}}],"collection":[{"href":"https:\/\/vapemaison.com\/es\/wp-json\/wp\/v2\/product"}],"about":[{"href":"https:\/\/vapemaison.com\/es\/wp-json\/wp\/v2\/types\/product"}],"replies":[{"embeddable":true,"href":"https:\/\/vapemaison.com\/es\/wp-json\/wp\/v2\/comments?post=28250"}],"version-history":[{"count":7,"href":"https:\/\/vapemaison.com\/es\/wp-json\/wp\/v2\/product\/28250\/revisions"}],"predecessor-version":[{"id":29269,"href":"https:\/\/vapemaison.com\/es\/wp-json\/wp\/v2\/product\/28250\/revisions\/29269"}],"wp:featuredmedia":[{"embeddable":true,"href":"https:\/\/vapemaison.com\/es\/wp-json\/wp\/v2\/media\/28316"}],"wp:attachment":[{"href":"https:\/\/vapemaison.com\/es\/wp-json\/wp\/v2\/media?parent=28250"}],"wp:term":[{"taxonomy":"product_brand","embeddable":true,"href":"https:\/\/vapemaison.com\/es\/wp-json\/wp\/v2\/product_brand?post=28250"},{"taxonomy":"product_cat","embeddable":true,"href":"https:\/\/vapemaison.com\/es\/wp-json\/wp\/v2\/product_cat?post=28250"},{"taxonomy":"product_tag","embeddable":true,"href":"https:\/\/vapemaison.com\/es\/wp-json\/wp\/v2\/product_tag?post=28250"}],"curies":[{"name":"wp","href":"https:\/\/api.w.org\/{rel}","templated":true}]}}