

{"id":28251,"date":"2026-03-23T07:42:42","date_gmt":"2026-03-23T07:42:42","guid":{"rendered":"https:\/\/vapemaison.com\/?post_type=product&#038;p=28251"},"modified":"2026-04-11T06:06:08","modified_gmt":"2026-04-11T06:06:08","slug":"airmez-xbeats-40k-vape-desechable-con-auriculares-tws","status":"publish","type":"product","link":"https:\/\/vapemaison.com\/es\/product\/airmez-xbeats-40k-disposable-vape-with-tws-earbuds\/","title":{"rendered":"AiRMEZ Xbeats 40K Vape desechable con auriculares TWS"},"content":{"rendered":"<p>El AiRMEZ Xbeats Vape 40K no es s\u00f3lo un vaporizador desechable, est\u00e1 dise\u00f1ado para usuarios que quieren m\u00e1s de un solo dispositivo. Combinando un vape de gran capacidad con <strong>Auriculares Bluetooth TWS integrados<\/strong>, El sistema de auriculares de alta calidad te permite alternar entre vapear y escuchar sin necesidad de llevar equipo adicional.<\/p>\n\n\n\n<p>Tanto si est\u00e1s de viaje como si quieres llevar menos cosas en el bolsillo, este dise\u00f1o todo en uno te ofrece sencillez y funcionalidad.<\/p>\n\n\n\n<h3 class=\"wp-block-heading\">Vape y audio en un solo dispositivo<\/h3>\n\n\n\n<p>Lo que distingue a los Xbeats es que incorporan <strong>Auriculares TWS Bluetooth 5.0<\/strong>, integrado a la perfecci\u00f3n en el dispositivo. Puedes escuchar m\u00fasica, atender llamadas o mantenerte conectado mientras usas el vapeador, sin necesidad de una funda o un cargador aparte.<\/p>\n\n\n\n<p>Es un montaje pr\u00e1ctico para:<\/p>\n\n\n\n<ul class=\"wp-block-list\">\n<li>desplazamientos<\/li>\n\n\n\n<li>viaje<\/li>\n\n\n\n<li>transporte diario<\/li>\n<\/ul>\n\n\n\n<h3 class=\"wp-block-heading\">Rendimiento y sabor constantes<\/h3>\n\n\n\n<p>El dispositivo utiliza <strong>Gen 2 bobinas de doble malla<\/strong>, que ayudan a mantener un calentamiento uniforme y una salida de vapor estable. En comparaci\u00f3n con las bobinas est\u00e1ndar, esta configuraci\u00f3n proporciona:<\/p>\n\n\n\n<ul class=\"wp-block-list\">\n<li>sorteos m\u00e1s suaves<\/li>\n\n\n\n<li>un suministro de sabor m\u00e1s claro<\/li>\n\n\n\n<li>un rendimiento m\u00e1s constante a lo largo del tiempo<\/li>\n<\/ul>\n\n\n\n<p>Con un <strong>20 ml de capacidad de e-l\u00edquido precargado<\/strong> y hasta <strong>40.000 bocanadas<\/strong>, est\u00e1 dise\u00f1ado para un uso prolongado sin necesidad de sustituirlo con frecuencia.<\/p>\n\n\n\n<h3 class=\"wp-block-heading\">F\u00e1cil supervisi\u00f3n y carga<\/h3>\n\n\n\n<p>A <strong>pantalla digital lateral<\/strong> muestra tanto el nivel de bater\u00eda como el estado del e-l\u00edquido, para que siempre sepas cu\u00e1ndo recargar o sustituir el dispositivo.<\/p>\n\n\n\n<p>La bater\u00eda integrada admite <strong>Carga USB Tipo-C<\/strong>, para una conexi\u00f3n r\u00e1pida y c\u00f3moda con cables est\u00e1ndar.<\/p>\n\n\n\n<h3 class=\"wp-block-heading\">Funcionamiento sencillo y f\u00e1cil<\/h3>\n\n\n\n<p>El Xbeats se maneja de forma sencilla con <strong>disparo por extracci\u00f3n<\/strong>, Esto significa que no hay botones ni ajustes que manejar. S\u00f3lo tiene que inhalar para usar.<\/p>\n\n\n\n<h3 class=\"wp-block-heading\">Especificaciones<\/h3>\n\n\n\n<figure class=\"wp-block-table\"><table class=\"has-fixed-layout\"><thead><tr><th>Par\u00e1metro<\/th><th>Detalles<\/th><\/tr><\/thead><tbody><tr><td>Modelo<\/td><td>Xbeats 40K Desechable<\/td><\/tr><tr><td>Recuento de puff<\/td><td>Hasta 40.000 bocanadas<\/td><\/tr><tr><td>Capacidad de e-l\u00edquido<\/td><td>20 ml (precargado)<\/td><\/tr><tr><td>Potencia de nicotina<\/td><td>5%<\/td><\/tr><tr><td>Tipo de bobina<\/td><td>Gen 2 Dual Mesh<\/td><\/tr><tr><td>Auriculares<\/td><td>TWS integrado (Bluetooth 5.0)<\/td><\/tr><tr><td>Mostrar<\/td><td>Pantalla digital lateral (bater\u00eda \/ e-l\u00edquido)<\/td><\/tr><tr><td>Cargando<\/td><td>USB Tipo-C<\/td><\/tr><tr><td>Activaci\u00f3n<\/td><td>Activado por dibujo<\/td><\/tr><\/tbody><\/table><\/figure>\n\n\n\n<h3 class=\"wp-block-heading\">Sabor y nicotina<\/h3>\n\n\n\n<p>1.Fresa Sand\u00eda Uva (5% Nicotina)<br>2.Summer Dream (5% Nicotina)<br>3.Kiwi Uva Frambuesa (5% Nicotina)<br>4.Fizzy Cherry Cola (5% Nicotina)<br>5.Mr Azul (5% Nicotina)<br>6.Fresa Kiwi (5% Nicotina)<br>7.Blueberry Banana (5% Nicotina)<br>8.Doble Manzana (5% Nicotina)<br>9.Blueberry Ice (5% Nicotina)<br>10.Sand\u00eda helada (5% Nicotina)<br>11.Tropical Punch (5% Nicotina)<br>12.Melocot\u00f3n jugoso (5% Nicotina)<br>13.Cola Menta (5% Nicotina)<br>14.Pi\u00f1a Ice (5% Nicotina)<br>15.Mango Ice(5% Nicotina)<br>1.Blue Razz Ice (2% Nicotina)<br>2.Miami Menta (2% Nicotina)<br>3.Sand\u00eda Ice (2% Nicotina)<br>4.Atl Menta (2% Nicotina)<br>6.Sour Apple Ice (2% Nicotina)<br>7.Banana Taffy Freeze (2% Nicotina)<br>8.Blackberry B-Pop (2% Nicotina)<br>9.Ice Pop (2% Nicotina)<br>10.Blue Rancher (2% Nicotina)<br>11.Frambuesa Melocot\u00f3n Lima(2% Nicotina)<br>12.Mango agrio Pi\u00f1a (2% Nicotina)<br>13.Cool Menta (2% Nicotina)<br>14.Sour Fcuking Fab (2% Nicotina)<br>15.Cabezas de lim\u00f3n(2% Nicotina)<\/p>\n\n\n\n<p>Si est\u00e1 explorando m\u00e1s opciones m\u00e1s all\u00e1 del <strong>AiRMEZ Xbeats 40K<\/strong>, Hay mucho m\u00e1s por descubrir. Puede consultar nuestra <strong><a href=\"https:\/\/vapemaison.com\/shop\/\" type=\"link\" id=\"https:\/\/vapemaison.com\/shop\/\">Comprar colecci\u00f3n<\/a><\/strong> para encontrar una amplia gama de vaporizadores desechables de alto rendimiento con diferentes cantidades de caladas, caracter\u00edsticas y perfiles de sabor que se adaptan a tus preferencias.<\/p>\n\n\n\n<p>Si te gusta el dise\u00f1o y la innovaci\u00f3n de este dispositivo, tambi\u00e9n te recomendamos que eches un vistazo a m\u00e1s productos de la marca <strong><a href=\"https:\/\/vapemaison.com\/brand\/airmez\/\" type=\"link\" id=\"https:\/\/vapemaison.com\/brand\/airmez\/\">L\u00ednea Airmez<\/a><\/strong>, donde encontrar\u00e1 modelos igualmente avanzados con caracter\u00edsticas \u00fanicas y una calidad de fabricaci\u00f3n de primera.<\/p>\n\n\n\n<p>Para los interesados espec\u00edficamente en dispositivos de larga duraci\u00f3n, no se pierda nuestra selecci\u00f3n de <strong><a href=\"https:\/\/vapemaison.com\/product-category\/puffs-count\/40k-puffs\/\" type=\"link\" id=\"https:\/\/vapemaison.com\/product-category\/puffs-count\/40k-puffs\/\">40K bocanadas<\/a><\/strong> vaporizadores desechables. Estas opciones ofrecen un uso prolongado, un rico suministro de sabor y un valor excelente para los usuarios que desean menos reemplazos sin comprometer el rendimiento.<\/p>\n\n\n\n<p>Explore m\u00e1s y encuentre el vape perfecto que se adapte a su estilo y necesidades.<\/p>\n\n\n\n<p><\/p>","protected":false},"excerpt":{"rendered":"<p>The AiRMEZ Xbeats Vape 40K is not just a disposable vape\u2014it\u2019s built for users who want more from a single device. By combining a high-capacity vape with integrated TWS Bluetooth earbuds, it lets you switch between vaping and listening without carrying extra gear. Whether you&#8217;re on the move or just want fewer things in your [&hellip;]<\/p>\n","protected":false},"featured_media":28256,"comment_status":"open","ping_status":"closed","template":"","meta":[],"product_brand":[314],"product_cat":[135],"product_tag":[],"class_list":{"0":"post-28251","1":"product","2":"type-product","3":"status-publish","4":"has-post-thumbnail","6":"product_brand-airmez","7":"product_cat-40k-puffs","9":"first","10":"instock","11":"sale","12":"shipping-taxable","13":"purchasable","14":"product-type-variable"},"yoast_head":"<!-- This site is optimized with the Yoast SEO plugin v27.4 - https:\/\/yoast.com\/product\/yoast-seo-wordpress\/ -->\n<title>AiRMEZ Xbeats 40K Vape with TWS Earbuds | 40000 Puffs<\/title>\n<meta name=\"description\" content=\"AiRMEZ Xbeats 40K disposable vape with built-in TWS earbuds, 40000 puffs, dual mesh coil and digital display. Vape and listen in one device.\" \/>\n<meta name=\"robots\" content=\"index, follow, max-snippet:-1, max-image-preview:large, max-video-preview:-1\" \/>\n<link rel=\"canonical\" href=\"https:\/\/vapemaison.com\/es\/producto\/airmez-xbeats-40k-vape-desechable-con-auriculares-tws\/\" \/>\n<meta property=\"og:locale\" content=\"es_ES\" \/>\n<meta property=\"og:type\" content=\"article\" \/>\n<meta property=\"og:title\" content=\"AiRMEZ Xbeats 40K Vape with TWS Earbuds | 40000 Puffs\" \/>\n<meta property=\"og:description\" content=\"AiRMEZ Xbeats 40K disposable vape with built-in TWS earbuds, 40000 puffs, dual mesh coil and digital display. Vape and listen in one device.\" \/>\n<meta property=\"og:url\" content=\"https:\/\/vapemaison.com\/es\/producto\/airmez-xbeats-40k-vape-desechable-con-auriculares-tws\/\" \/>\n<meta property=\"og:site_name\" content=\"VapeMaison\" \/>\n<meta property=\"article:modified_time\" content=\"2026-04-11T06:06:08+00:00\" \/>\n<meta property=\"og:image\" content=\"https:\/\/vapemaison.com\/wp-content\/uploads\/2026\/03\/vapemaison-airmez-xbeats-40000-puffs-vape-flavor-atl-mint-airmez-xbeats.webp\" \/>\n\t<meta property=\"og:image:width\" content=\"800\" \/>\n\t<meta property=\"og:image:height\" content=\"800\" \/>\n\t<meta property=\"og:image:type\" content=\"image\/webp\" \/>\n<meta name=\"twitter:card\" content=\"summary_large_image\" \/>\n<meta name=\"twitter:label1\" content=\"Tiempo de lectura\" \/>\n\t<meta name=\"twitter:data1\" content=\"3 minutos\" \/>\n<!-- \/ Yoast SEO plugin. -->","yoast_head_json":{"title":"AiRMEZ Xbeats 40K Vape con auriculares TWS | 40000 Puffs","description":"Vapeador desechable AiRMEZ Xbeats 40K con auriculares TWS incorporados, 40000 caladas, doble bobina de malla y pantalla digital. Vapea y escucha en un solo dispositivo.","robots":{"index":"index","follow":"follow","max-snippet":"max-snippet:-1","max-image-preview":"max-image-preview:large","max-video-preview":"max-video-preview:-1"},"canonical":"https:\/\/vapemaison.com\/es\/producto\/airmez-xbeats-40k-vape-desechable-con-auriculares-tws\/","og_locale":"es_ES","og_type":"article","og_title":"AiRMEZ Xbeats 40K Vape with TWS Earbuds | 40000 Puffs","og_description":"AiRMEZ Xbeats 40K disposable vape with built-in TWS earbuds, 40000 puffs, dual mesh coil and digital display. Vape and listen in one device.","og_url":"https:\/\/vapemaison.com\/es\/producto\/airmez-xbeats-40k-vape-desechable-con-auriculares-tws\/","og_site_name":"VapeMaison","article_modified_time":"2026-04-11T06:06:08+00:00","og_image":[{"width":800,"height":800,"url":"https:\/\/vapemaison.com\/wp-content\/uploads\/2026\/03\/vapemaison-airmez-xbeats-40000-puffs-vape-flavor-atl-mint-airmez-xbeats.webp","type":"image\/webp"}],"twitter_card":"summary_large_image","twitter_misc":{"Tiempo de lectura":"3 minutos"},"schema":{"@context":"https:\/\/schema.org","@graph":[{"@type":"WebPage","@id":"https:\/\/vapemaison.com\/product\/airmez-xbeats-40k-disposable-vape-with-tws-earbuds\/","url":"https:\/\/vapemaison.com\/product\/airmez-xbeats-40k-disposable-vape-with-tws-earbuds\/","name":"AiRMEZ Xbeats 40K Vape con auriculares TWS | 40000 Puffs","isPartOf":{"@id":"https:\/\/vapemaison.com\/#website"},"primaryImageOfPage":{"@id":"https:\/\/vapemaison.com\/product\/airmez-xbeats-40k-disposable-vape-with-tws-earbuds\/#primaryimage"},"image":{"@id":"https:\/\/vapemaison.com\/product\/airmez-xbeats-40k-disposable-vape-with-tws-earbuds\/#primaryimage"},"thumbnailUrl":"https:\/\/vapemaison.com\/wp-content\/uploads\/2026\/03\/vapemaison-airmez-xbeats-40000-puffs-vape-flavor-atl-mint-airmez-xbeats.webp","datePublished":"2026-03-23T07:42:42+00:00","dateModified":"2026-04-11T06:06:08+00:00","description":"Vapeador desechable AiRMEZ Xbeats 40K con auriculares TWS incorporados, 40000 caladas, doble bobina de malla y pantalla digital. Vapea y escucha en un solo dispositivo.","breadcrumb":{"@id":"https:\/\/vapemaison.com\/product\/airmez-xbeats-40k-disposable-vape-with-tws-earbuds\/#breadcrumb"},"inLanguage":"es","potentialAction":[{"@type":"ReadAction","target":["https:\/\/vapemaison.com\/product\/airmez-xbeats-40k-disposable-vape-with-tws-earbuds\/"]}]},{"@type":"ImageObject","inLanguage":"es","@id":"https:\/\/vapemaison.com\/product\/airmez-xbeats-40k-disposable-vape-with-tws-earbuds\/#primaryimage","url":"https:\/\/vapemaison.com\/wp-content\/uploads\/2026\/03\/vapemaison-airmez-xbeats-40000-puffs-vape-flavor-atl-mint-airmez-xbeats.webp","contentUrl":"https:\/\/vapemaison.com\/wp-content\/uploads\/2026\/03\/vapemaison-airmez-xbeats-40000-puffs-vape-flavor-atl-mint-airmez-xbeats.webp","width":800,"height":800,"caption":"Vapemaison Airmez Xbeats Puffs Vape Flavor Atl Mint"},{"@type":"BreadcrumbList","@id":"https:\/\/vapemaison.com\/product\/airmez-xbeats-40k-disposable-vape-with-tws-earbuds\/#breadcrumb","itemListElement":[{"@type":"ListItem","position":1,"name":"\u9996\u9875","item":"https:\/\/vapemaison.com\/"},{"@type":"ListItem","position":2,"name":"Shop","item":"https:\/\/vapemaison.com\/shop\/"},{"@type":"ListItem","position":3,"name":"Airmez","item":"https:\/\/vapemaison.com\/brand\/airmez\/"},{"@type":"ListItem","position":4,"name":"AiRMEZ Xbeats 40K Disposable Vape with TWS Earbuds"}]},{"@type":"WebSite","@id":"https:\/\/vapemaison.com\/#website","url":"https:\/\/vapemaison.com\/","name":"VapeMaison","description":"Dispositivos y accesorios premium para vapear","publisher":{"@id":"https:\/\/vapemaison.com\/#organization"},"potentialAction":[{"@type":"SearchAction","target":{"@type":"EntryPoint","urlTemplate":"https:\/\/vapemaison.com\/?s={search_term_string}"},"query-input":{"@type":"PropertyValueSpecification","valueRequired":true,"valueName":"search_term_string"}}],"inLanguage":"es"},{"@type":"Organization","@id":"https:\/\/vapemaison.com\/#organization","name":"VapeMaison","url":"https:\/\/vapemaison.com\/","logo":{"@type":"ImageObject","inLanguage":"es","@id":"https:\/\/vapemaison.com\/#\/schema\/logo\/image\/","url":"https:\/\/vapemaison.com\/wp-content\/uploads\/2026\/01\/cropped-vapemaison-logo-g-2026.webp","contentUrl":"https:\/\/vapemaison.com\/wp-content\/uploads\/2026\/01\/cropped-vapemaison-logo-g-2026.webp","width":350,"height":280,"caption":"VapeMaison"},"image":{"@id":"https:\/\/vapemaison.com\/#\/schema\/logo\/image\/"},"sameAs":["https:\/\/www.youtube.com\/@VapeMaison"]}]}},"tiered_pricing_type":"fixed","tiered_pricing_fixed_rules":{"30":"10.99","50":"10.45","100":"9.99","200":"9.56"},"tiered_pricing_product_settings":{"layout":"default","base_unit_name":{"singular":null,"plural":null},"default_variation":null},"tiered_pricing_minimum_quantity":10,"tiered_pricing_roles_data":[],"tiered_pricing_percentage_rules":[],"tiered_pricing_maximum_quantity":null,"tiered_pricing_quantity_step":"10","_links":{"self":[{"href":"https:\/\/vapemaison.com\/es\/wp-json\/wp\/v2\/product\/28251","targetHints":{"allow":["GET"]}}],"collection":[{"href":"https:\/\/vapemaison.com\/es\/wp-json\/wp\/v2\/product"}],"about":[{"href":"https:\/\/vapemaison.com\/es\/wp-json\/wp\/v2\/types\/product"}],"replies":[{"embeddable":true,"href":"https:\/\/vapemaison.com\/es\/wp-json\/wp\/v2\/comments?post=28251"}],"version-history":[{"count":4,"href":"https:\/\/vapemaison.com\/es\/wp-json\/wp\/v2\/product\/28251\/revisions"}],"predecessor-version":[{"id":29273,"href":"https:\/\/vapemaison.com\/es\/wp-json\/wp\/v2\/product\/28251\/revisions\/29273"}],"wp:featuredmedia":[{"embeddable":true,"href":"https:\/\/vapemaison.com\/es\/wp-json\/wp\/v2\/media\/28256"}],"wp:attachment":[{"href":"https:\/\/vapemaison.com\/es\/wp-json\/wp\/v2\/media?parent=28251"}],"wp:term":[{"taxonomy":"product_brand","embeddable":true,"href":"https:\/\/vapemaison.com\/es\/wp-json\/wp\/v2\/product_brand?post=28251"},{"taxonomy":"product_cat","embeddable":true,"href":"https:\/\/vapemaison.com\/es\/wp-json\/wp\/v2\/product_cat?post=28251"},{"taxonomy":"product_tag","embeddable":true,"href":"https:\/\/vapemaison.com\/es\/wp-json\/wp\/v2\/product_tag?post=28251"}],"curies":[{"name":"wp","href":"https:\/\/api.w.org\/{rel}","templated":true}]}}