

{"id":28674,"date":"2026-04-01T09:43:35","date_gmt":"2026-04-01T09:43:35","guid":{"rendered":"https:\/\/vapemaison.com\/?post_type=product&#038;p=28674"},"modified":"2026-04-03T08:48:08","modified_gmt":"2026-04-03T08:48:08","slug":"stagbar-nexus-60000-60k-puffs-recargable-vape-desechable","status":"publish","type":"product","link":"https:\/\/vapemaison.com\/es\/product\/stagbar-nexus-60000-60k-puffs-rechargeable-disposable-vape\/","title":{"rendered":"Vapeador Desechable Recargable Stagbar Nexus 60000 60K Puffs"},"content":{"rendered":"<p>En <strong><a href=\"https:\/\/vapemaison.com\/brand\/stag-bar\/\" type=\"link\" id=\"https:\/\/vapemaison.com\/brand\/stag-bar\/\">Stagbar<\/a> Nexus 60000 (<a href=\"https:\/\/vapemaison.com\/product-category\/puffs-count\/60k-puffs\/\" type=\"link\" id=\"https:\/\/vapemaison.com\/product-category\/puffs-count\/60k-puffs\/\">60K Puffs<\/a>)<\/strong> est\u00e1 dise\u00f1ado para usuarios que dan prioridad a la capacidad, la coherencia y el control de dispositivos. Con hasta <strong>60.000 caladas<\/strong> y un <strong>Capacidad de 50 ml de e-l\u00edquido<\/strong>, reduce la frecuencia de sustituci\u00f3n manteniendo un rendimiento estable para el uso diario.<\/p>\n\n\n\n<p>Impulsado por un <strong>Bater\u00eda recargable de 850 mAh<\/strong> con <strong>Carga Tipo-C<\/strong>, El dispositivo garantiza un funcionamiento fiable y una recarga c\u00f3moda. El sistema <strong>Pantalla LED<\/strong> proporciona visibilidad en tiempo real del estado de la bater\u00eda, mejorando la usabilidad.<\/p>\n\n\n\n<h3 class=\"wp-block-heading\">Rendimiento y control del flujo de aire<\/h3>\n\n\n\n<p>En <strong>Bobinas de malla de 0,9\u03a9<\/strong> y un <strong>sistema de flujo de aire ajustable<\/strong>, el Nexus 60000 cumple:<\/p>\n\n\n\n<ul class=\"wp-block-list\">\n<li>Salida de vapor suave y equilibrada<\/li>\n\n\n\n<li>Calentamiento r\u00e1pido y uniforme<\/li>\n\n\n\n<li>Sabor constante durante todo el uso<\/li>\n<\/ul>\n\n\n\n<p>El control del flujo de aire permite a los usuarios personalizar su calada, desde una inhalaci\u00f3n m\u00e1s cerrada a un flujo de aire m\u00e1s abierto, adapt\u00e1ndose a las diferentes preferencias de vapeo.<\/p>\n\n\n\n<h3 class=\"wp-block-heading\">Especificaciones<\/h3>\n\n\n\n<figure class=\"wp-block-table\"><table class=\"has-fixed-layout\"><thead><tr><th>Especificaci\u00f3n<\/th><th>Detalles<\/th><\/tr><\/thead><tbody><tr><td>Recuento de puff<\/td><td>Hasta 60.000 caladas<\/td><\/tr><tr><td>Potencia de nicotina<\/td><td>2% \/ 5%<\/td><\/tr><tr><td>Capacidad de e-l\u00edquido<\/td><td>50 ml<\/td><\/tr><tr><td>Tipo de bobina<\/td><td>Bobina de malla de 0,9\u03a9<\/td><\/tr><tr><td>Bater\u00eda<\/td><td>Recargable 850mAh<\/td><\/tr><tr><td>Mostrar<\/td><td>Pantalla LED<\/td><\/tr><tr><td>Flujo de aire<\/td><td>Ajustable<\/td><\/tr><tr><td>Puerto de carga<\/td><td>Tipo-C<\/td><\/tr><tr><td>Opciones de sabor<\/td><td>10 sabores<\/td><\/tr><tr><td>Embalaje<\/td><td>10 unidades \/ caja<\/td><\/tr><tr><td>Tama\u00f1o de la caja<\/td><td>40 \u00d7 32 \u00d7 40 cm<\/td><\/tr><\/tbody><\/table><\/figure>\n\n\n\n<h3 class=\"wp-block-heading\">Sabores disponibles<\/h3>\n\n\n\n<ul class=\"wp-block-list\">\n<li>Hielo de sand\u00eda<\/li>\n\n\n\n<li>Hielo de ar\u00e1ndano y frambuesa<\/li>\n\n\n\n<li>Mezcla de bayas<\/li>\n\n\n\n<li>Fresa Uva<\/li>\n\n\n\n<li>Fresa Kiwi<\/li>\n\n\n\n<li>Amor 66<\/li>\n\n\n\n<li>Sand\u00eda con frambuesa<\/li>\n\n\n\n<li>Lim\u00f3n Lima<\/li>\n\n\n\n<li>Melocot\u00f3n Mango<\/li>\n\n\n\n<li>Red Bull<\/li>\n<\/ul>\n\n\n\n<p>Cada sabor se desarrolla para proporcionar una combinaci\u00f3n equilibrada de <strong>intensidad frutal, dulzor y efecto refrescante<\/strong>, Tambi\u00e9n puede visitar la p\u00e1gina\u00a0<strong><a href=\"https:\/\/vapemaison.com\/shop\/\">tienda<\/a><\/strong>\u00a0para ver m\u00e1s productos.<\/p>\n\n\n\n<h3 class=\"wp-block-heading\">\u00bfPor qu\u00e9 elegir Stagbar Nexus 60000?<\/h3>\n\n\n\n<ul class=\"wp-block-list\">\n<li><strong>Dise\u00f1o de alta capacidad<\/strong> - 50 ml de e-l\u00edquido para un uso prolongado<\/li>\n\n\n\n<li><strong>Producci\u00f3n de sabor refinado<\/strong> - La bobina de malla de 0,9\u03a9 mejora la consistencia<\/li>\n\n\n\n<li><strong>Experiencia personalizable<\/strong> - Flujo de aire ajustable para diferentes estilos de calada<\/li>\n\n\n\n<li><strong>Sistema recargable<\/strong> - Reduce los residuos y mejora la usabilidad<\/li>\n\n\n\n<li><strong>Venta al por menor y al por mayor<\/strong> - Embalaje est\u00e1ndar de 10 unidades por caja<\/li>\n<\/ul>\n\n\n\n<p><\/p>","protected":false},"excerpt":{"rendered":"<p>Vapeador desechable de 60k caladas con 50mL de e-l\u00edquido, bobina de malla de 0,9\u03a9, flujo de aire ajustable y bater\u00eda recargable para un rendimiento diario constante.<\/p>","protected":false},"featured_media":28678,"comment_status":"open","ping_status":"closed","template":"","meta":[],"product_brand":[320],"product_cat":[137],"product_tag":[],"class_list":{"0":"post-28674","1":"product","2":"type-product","3":"status-publish","4":"has-post-thumbnail","6":"product_brand-stag-bar","7":"product_cat-60k-puffs","9":"first","10":"instock","11":"sale","12":"shipping-taxable","13":"purchasable","14":"product-type-variable"},"yoast_head":"<!-- This site is optimized with the Yoast SEO plugin v27.4 - https:\/\/yoast.com\/product\/yoast-seo-wordpress\/ -->\n<title>Stagbar Nexus 60000 Disposable Vape \u2013 60K Puffs<\/title>\n<meta name=\"description\" content=\"Shop Stagbar Nexus 60000 disposable vape with up to 60,000 puffs, 50mL e-liquid, 0.9\u03a9 mesh coil, adjustable airflow, and rechargeable battery.\" \/>\n<meta name=\"robots\" content=\"index, follow, max-snippet:-1, max-image-preview:large, max-video-preview:-1\" \/>\n<link rel=\"canonical\" href=\"https:\/\/vapemaison.com\/es\/producto\/stagbar-nexus-60000-60k-puffs-recargable-vape-desechable\/\" \/>\n<meta property=\"og:locale\" content=\"es_ES\" \/>\n<meta property=\"og:type\" content=\"article\" \/>\n<meta property=\"og:title\" content=\"Stagbar Nexus 60000 Disposable Vape \u2013 60K Puffs\" \/>\n<meta property=\"og:description\" content=\"Shop Stagbar Nexus 60000 disposable vape with up to 60,000 puffs, 50mL e-liquid, 0.9\u03a9 mesh coil, adjustable airflow, and rechargeable battery.\" \/>\n<meta property=\"og:url\" content=\"https:\/\/vapemaison.com\/es\/producto\/stagbar-nexus-60000-60k-puffs-recargable-vape-desechable\/\" \/>\n<meta property=\"og:site_name\" content=\"VapeMaison\" \/>\n<meta property=\"article:modified_time\" content=\"2026-04-03T08:48:08+00:00\" \/>\n<meta property=\"og:image\" content=\"https:\/\/vapemaison.com\/wp-content\/uploads\/2026\/04\/vapemaison-stagbar-nexus-60000-60k-puffs-main-image.webp\" \/>\n\t<meta property=\"og:image:width\" content=\"2000\" \/>\n\t<meta property=\"og:image:height\" content=\"2000\" \/>\n\t<meta property=\"og:image:type\" content=\"image\/webp\" \/>\n<meta name=\"twitter:card\" content=\"summary_large_image\" \/>\n<meta name=\"twitter:label1\" content=\"Tiempo de lectura\" \/>\n\t<meta name=\"twitter:data1\" content=\"2 minutos\" \/>\n<!-- \/ Yoast SEO plugin. -->","yoast_head_json":{"title":"Stagbar Nexus 60000 Vape Desechable - 60K Puffs","description":"Compra el vapeador desechable Stagbar Nexus 60000 con hasta 60.000 caladas, 50mL de e-l\u00edquido, bobina de malla de 0,9\u03a9, flujo de aire ajustable y bater\u00eda recargable.","robots":{"index":"index","follow":"follow","max-snippet":"max-snippet:-1","max-image-preview":"max-image-preview:large","max-video-preview":"max-video-preview:-1"},"canonical":"https:\/\/vapemaison.com\/es\/producto\/stagbar-nexus-60000-60k-puffs-recargable-vape-desechable\/","og_locale":"es_ES","og_type":"article","og_title":"Stagbar Nexus 60000 Disposable Vape \u2013 60K Puffs","og_description":"Shop Stagbar Nexus 60000 disposable vape with up to 60,000 puffs, 50mL e-liquid, 0.9\u03a9 mesh coil, adjustable airflow, and rechargeable battery.","og_url":"https:\/\/vapemaison.com\/es\/producto\/stagbar-nexus-60000-60k-puffs-recargable-vape-desechable\/","og_site_name":"VapeMaison","article_modified_time":"2026-04-03T08:48:08+00:00","og_image":[{"width":2000,"height":2000,"url":"https:\/\/vapemaison.com\/wp-content\/uploads\/2026\/04\/vapemaison-stagbar-nexus-60000-60k-puffs-main-image.webp","type":"image\/webp"}],"twitter_card":"summary_large_image","twitter_misc":{"Tiempo de lectura":"2 minutos"},"schema":{"@context":"https:\/\/schema.org","@graph":[{"@type":"WebPage","@id":"https:\/\/vapemaison.com\/product\/stagbar-nexus-60000-60k-puffs-rechargeable-disposable-vape\/","url":"https:\/\/vapemaison.com\/product\/stagbar-nexus-60000-60k-puffs-rechargeable-disposable-vape\/","name":"Stagbar Nexus 60000 Vape Desechable - 60K Puffs","isPartOf":{"@id":"https:\/\/vapemaison.com\/#website"},"primaryImageOfPage":{"@id":"https:\/\/vapemaison.com\/product\/stagbar-nexus-60000-60k-puffs-rechargeable-disposable-vape\/#primaryimage"},"image":{"@id":"https:\/\/vapemaison.com\/product\/stagbar-nexus-60000-60k-puffs-rechargeable-disposable-vape\/#primaryimage"},"thumbnailUrl":"https:\/\/vapemaison.com\/wp-content\/uploads\/2026\/04\/vapemaison-stagbar-nexus-60000-60k-puffs-main-image.webp","datePublished":"2026-04-01T09:43:35+00:00","dateModified":"2026-04-03T08:48:08+00:00","description":"Compra el vapeador desechable Stagbar Nexus 60000 con hasta 60.000 caladas, 50mL de e-l\u00edquido, bobina de malla de 0,9\u03a9, flujo de aire ajustable y bater\u00eda recargable.","breadcrumb":{"@id":"https:\/\/vapemaison.com\/product\/stagbar-nexus-60000-60k-puffs-rechargeable-disposable-vape\/#breadcrumb"},"inLanguage":"es","potentialAction":[{"@type":"ReadAction","target":["https:\/\/vapemaison.com\/product\/stagbar-nexus-60000-60k-puffs-rechargeable-disposable-vape\/"]}]},{"@type":"ImageObject","inLanguage":"es","@id":"https:\/\/vapemaison.com\/product\/stagbar-nexus-60000-60k-puffs-rechargeable-disposable-vape\/#primaryimage","url":"https:\/\/vapemaison.com\/wp-content\/uploads\/2026\/04\/vapemaison-stagbar-nexus-60000-60k-puffs-main-image.webp","contentUrl":"https:\/\/vapemaison.com\/wp-content\/uploads\/2026\/04\/vapemaison-stagbar-nexus-60000-60k-puffs-main-image.webp","width":2000,"height":2000,"caption":"Vapemaison Stagbar Nexus 60k Puffs Main Image"},{"@type":"BreadcrumbList","@id":"https:\/\/vapemaison.com\/product\/stagbar-nexus-60000-60k-puffs-rechargeable-disposable-vape\/#breadcrumb","itemListElement":[{"@type":"ListItem","position":1,"name":"\u9996\u9875","item":"https:\/\/vapemaison.com\/"},{"@type":"ListItem","position":2,"name":"Shop","item":"https:\/\/vapemaison.com\/shop\/"},{"@type":"ListItem","position":3,"name":"Stag Bar","item":"https:\/\/vapemaison.com\/brand\/stag-bar\/"},{"@type":"ListItem","position":4,"name":"Stagbar Nexus 60000 60K Puffs Rechargeable Disposable Vape"}]},{"@type":"WebSite","@id":"https:\/\/vapemaison.com\/#website","url":"https:\/\/vapemaison.com\/","name":"VapeMaison","description":"Dispositivos y accesorios premium para vapear","publisher":{"@id":"https:\/\/vapemaison.com\/#organization"},"potentialAction":[{"@type":"SearchAction","target":{"@type":"EntryPoint","urlTemplate":"https:\/\/vapemaison.com\/?s={search_term_string}"},"query-input":{"@type":"PropertyValueSpecification","valueRequired":true,"valueName":"search_term_string"}}],"inLanguage":"es"},{"@type":"Organization","@id":"https:\/\/vapemaison.com\/#organization","name":"VapeMaison","url":"https:\/\/vapemaison.com\/","logo":{"@type":"ImageObject","inLanguage":"es","@id":"https:\/\/vapemaison.com\/#\/schema\/logo\/image\/","url":"https:\/\/vapemaison.com\/wp-content\/uploads\/2026\/01\/cropped-vapemaison-logo-g-2026.webp","contentUrl":"https:\/\/vapemaison.com\/wp-content\/uploads\/2026\/01\/cropped-vapemaison-logo-g-2026.webp","width":350,"height":280,"caption":"VapeMaison"},"image":{"@id":"https:\/\/vapemaison.com\/#\/schema\/logo\/image\/"},"sameAs":["https:\/\/www.youtube.com\/@VapeMaison"]}]}},"tiered_pricing_type":"fixed","tiered_pricing_fixed_rules":{"30":"11.78","50":"10.99","100":"10.69","200":"10.12"},"tiered_pricing_product_settings":{"layout":"default","base_unit_name":{"singular":null,"plural":null},"default_variation":null},"tiered_pricing_minimum_quantity":10,"tiered_pricing_roles_data":[],"tiered_pricing_percentage_rules":[],"tiered_pricing_maximum_quantity":null,"tiered_pricing_quantity_step":"10","_links":{"self":[{"href":"https:\/\/vapemaison.com\/es\/wp-json\/wp\/v2\/product\/28674","targetHints":{"allow":["GET"]}}],"collection":[{"href":"https:\/\/vapemaison.com\/es\/wp-json\/wp\/v2\/product"}],"about":[{"href":"https:\/\/vapemaison.com\/es\/wp-json\/wp\/v2\/types\/product"}],"replies":[{"embeddable":true,"href":"https:\/\/vapemaison.com\/es\/wp-json\/wp\/v2\/comments?post=28674"}],"version-history":[{"count":4,"href":"https:\/\/vapemaison.com\/es\/wp-json\/wp\/v2\/product\/28674\/revisions"}],"predecessor-version":[{"id":28904,"href":"https:\/\/vapemaison.com\/es\/wp-json\/wp\/v2\/product\/28674\/revisions\/28904"}],"wp:featuredmedia":[{"embeddable":true,"href":"https:\/\/vapemaison.com\/es\/wp-json\/wp\/v2\/media\/28678"}],"wp:attachment":[{"href":"https:\/\/vapemaison.com\/es\/wp-json\/wp\/v2\/media?parent=28674"}],"wp:term":[{"taxonomy":"product_brand","embeddable":true,"href":"https:\/\/vapemaison.com\/es\/wp-json\/wp\/v2\/product_brand?post=28674"},{"taxonomy":"product_cat","embeddable":true,"href":"https:\/\/vapemaison.com\/es\/wp-json\/wp\/v2\/product_cat?post=28674"},{"taxonomy":"product_tag","embeddable":true,"href":"https:\/\/vapemaison.com\/es\/wp-json\/wp\/v2\/product_tag?post=28674"}],"curies":[{"name":"wp","href":"https:\/\/api.w.org\/{rel}","templated":true}]}}