{"id":28944,"date":"2026-04-07T08:18:46","date_gmt":"2026-04-07T08:18:46","guid":{"rendered":"https:\/\/vapemaison.com\/?post_type=product&#038;p=28944"},"modified":"2026-04-07T08:18:52","modified_gmt":"2026-04-07T08:18:52","slug":"bang-de-300k-puffs5-en-1-vape-desechable","status":"publish","type":"product","link":"https:\/\/vapemaison.com\/es\/product\/bang-de-300k-puffs5-in-1-disposable-vape\/","title":{"rendered":"Bang DE 300k puffs5-en-1 Vape desechable"},"content":{"rendered":"<p>Diga adi\u00f3s a los recambios y al cambio de dispositivo, y entre en un nuevo nivel de comodidad de vapeo con el <strong>Bang DE 300K Vape desechable 5 en 1<\/strong>. Fabricado para ofrecer rendimiento y versatilidad, este dispositivo de gran capacidad proporciona una incre\u00edble <strong>hasta 300.000 caladas<\/strong>, lo que la convierte en una de las desechables m\u00e1s duraderas del mercado.<\/p>\n\n\n\n<p>Lo que realmente lo distingue es el <strong>innovador sistema de sabor 5 en 1<\/strong>, le permite cambiar entre varios sabores en un solo dispositivo, sin necesidad de llevar varios vaporizadores. Tanto si prefieres perfiles afrutados, helados o dulces, este dispositivo se adapta a tus gustos al instante.<\/p>\n\n\n\n<p>Impulsado por un <strong>Bater\u00eda recargable de 650 mAh<\/strong> con <strong>Carga r\u00e1pida Tipo-C<\/strong>, y equipado con un <strong>Pantalla LED inteligente<\/strong> para controlar los niveles de bater\u00eda, garantiza una experiencia suave e ininterrumpida de principio a fin. Con m\u00faltiples opciones de potencia de nicotina que van desde <strong>0% a 5%<\/strong>, La calidad de los vaporizadores es excelente, tanto para los usuarios ocasionales como para los m\u00e1s exigentes.<\/p>\n\n\n\n<p>Perfecta tanto para uso personal como para la distribuci\u00f3n al por mayor, se trata de una aut\u00e9ntica soluci\u00f3n de vapeo todo en uno.<\/p>\n\n\n\n<h2 class=\"wp-block-heading\">Especificaciones<\/h2>\n\n\n\n<figure class=\"wp-block-table\"><table class=\"has-fixed-layout\"><thead><tr><th>Especificaci\u00f3n<\/th><th>Detalles<\/th><\/tr><\/thead><tbody><tr><td>Recuento de puff<\/td><td>Hasta 300.000 caladas<\/td><\/tr><tr><td>L\u00edquido electr\u00f3nico<\/td><td>Rellenado<\/td><\/tr><tr><td>Potencia de nicotina<\/td><td>0% \/ 2% \/ 3% \/ 5%<\/td><\/tr><tr><td>Capacidad de la bater\u00eda<\/td><td>650 mAh<\/td><\/tr><tr><td>Puerto de carga<\/td><td>Tipo-C<\/td><\/tr><tr><td>Sistema de sabor<\/td><td>Multisabor 5 en 1<\/td><\/tr><tr><td>Mostrar<\/td><td>Pantalla LED inteligente<\/td><\/tr><tr><td>Tipo de dispositivo<\/td><td>Desechable (recargable)<\/td><\/tr><\/tbody><\/table><\/figure>\n\n\n\n<h2 class=\"wp-block-heading\">Caracter\u00edsticas principales<\/h2>\n\n\n\n<p><strong>Capacidad de soplado ultra alta<\/strong> - Hasta 300.000 bocanadas para un uso prolongado<\/p>\n\n\n\n<p><strong>Cambio de sabor 5 en 1<\/strong> - M\u00faltiples sabores en un solo dispositivo<\/p>\n\n\n\n<p><strong>Bater\u00eda recargable<\/strong> - 650 mAh con carga r\u00e1pida Type-C<\/p>\n\n\n\n<p><strong>Pantalla LED inteligente<\/strong> - Controla f\u00e1cilmente el nivel de bater\u00eda<\/p>\n\n\n\n<p><strong>M\u00faltiples opciones de nicotina<\/strong> - 0% a 5% para diferentes preferencias<\/p>\n\n\n\n<p><strong>Venta al por menor y al por mayor<\/strong> - Producto de gran demanda y margen<\/p>\n\n\n\n<h2 class=\"wp-block-heading\">Opciones de sabor<\/h2>\n\n\n\n<p>Cada aparato ofrece una combinaci\u00f3n \u00fanica de sabores:<\/p>\n\n\n\n<ol class=\"wp-block-list\">\n<li>Sand\u00eda helada &amp; Mezcla de bayas &amp; Manzana Pera &amp; Ar\u00e1ndano Menta &amp; Summer Time &amp; Melocot\u00f3n<\/li>\n\n\n\n<li>Bebida energ\u00e9tica &amp; Hielo de melocot\u00f3n &amp; Hielo de mango &amp; Bayas de Goji &amp; Grosella negra &amp; Mamba<\/li>\n\n\n\n<li>Cherry Cola &amp; Blueberry Raspberry &amp; Black Dragon Ice &amp; Rainbow Candy &amp; Fuji Ice &amp; Watermelon Sour Peach<\/li>\n\n\n\n<li>Red Bull y fresa Kiwi y fresa Pl\u00e1tano y lichi Hielo y sand\u00eda Baya y fruta de la pasi\u00f3n Mango<\/li>\n\n\n\n<li>Red Bull Cola Ice &amp; Fresa Frambuesa Cereza &amp; Mora Fruta del Drag\u00f3n &amp; Lim\u00f3n Lima &amp; Frambuesa Pompa &amp; Sand\u00eda Kiwi<\/li>\n\n\n\n<li>Fresa Pl\u00e1tano &amp; Manzana Doble &amp; Frambuesa Sand\u00eda &amp; Mango Agrio Pi\u00f1a &amp; Fruta Tropical &amp; Melocot\u00f3n Lim\u00f3n<\/li>\n\n\n\n<li>Pi\u00f1a Coco &amp; Blue Razz &amp; Mixed Berries &amp; Mango Melocot\u00f3n &amp; Frambuesa Ar\u00e1ndano &amp; Fresa Vainilla Cola<\/li>\n\n\n\n<li>Peach Berry &amp; Triple Melon &amp; Grape Ice &amp; Black Dragon Ice &amp; Fizzy Cherry Ice &amp; Gummy Bear<\/li>\n\n\n\n<li>Rainbow Candy &amp; Cherry Cola Ice &amp; Love 666 &amp; Mango Ice &amp; Blueberry Cotton Candy &amp; Peach Ice<\/li>\n\n\n\n<li>Hielo de aloe lichi &amp; lim\u00f3n rosa &amp; hielo glaciar &amp; menta con agujas de pino &amp; hielo de grosella negra &amp; lim\u00f3n sand\u00eda<\/li>\n<\/ol>","protected":false},"excerpt":{"rendered":"<p>Say goodbye to refills and device switching, and step into a new level of vaping convenience with the Bang DE 300K 5-in-1 Disposable Vape. Built for performance and versatility, this high-capacity device delivers an incredible up to 300k puffs, making it one of the longest-lasting disposables on the market. What truly sets it apart is [&hellip;]<\/p>\n","protected":false},"featured_media":28953,"comment_status":"open","ping_status":"closed","template":"","meta":{"googlesitekit_rrm_CAow8MHCDA:productID":""},"product_brand":[57],"product_cat":[311,294],"product_tag":[],"class_list":{"0":"post-28944","1":"product","2":"type-product","3":"status-publish","4":"has-post-thumbnail","6":"product_brand-bang","7":"product_cat-300k-puffs","8":"product_cat-no-nicotine-vape","10":"first","11":"instock","12":"sale","13":"shipping-taxable","14":"purchasable","15":"product-type-variable"},"yoast_head":"<!-- This site is optimized with the Yoast SEO plugin v27.3 - https:\/\/yoast.com\/product\/yoast-seo-wordpress\/ -->\n<title>Bang DE 300K Puffs | 300k Vape with Multi-Flavors<\/title>\n<meta name=\"description\" content=\"Experience the Bang DE 300K 5-in-1 disposable vape with up to 300k puffs, rechargeable 650mAh battery, Type-C charging, and multiple flavor options.\" \/>\n<meta name=\"robots\" content=\"index, follow, max-snippet:-1, max-image-preview:large, max-video-preview:-1\" \/>\n<link rel=\"canonical\" href=\"https:\/\/vapemaison.com\/es\/producto\/bang-de-300k-puffs5-en-1-vape-desechable\/\" \/>\n<meta property=\"og:locale\" content=\"es_ES\" \/>\n<meta property=\"og:type\" content=\"article\" \/>\n<meta property=\"og:title\" content=\"Bang DE 300K Puffs | 300k Vape with Multi-Flavors\" \/>\n<meta property=\"og:description\" content=\"Experience the Bang DE 300K 5-in-1 disposable vape with up to 300k puffs, rechargeable 650mAh battery, Type-C charging, and multiple flavor options.\" \/>\n<meta property=\"og:url\" content=\"https:\/\/vapemaison.com\/es\/producto\/bang-de-300k-puffs5-en-1-vape-desechable\/\" \/>\n<meta property=\"og:site_name\" content=\"VapeMaison\" \/>\n<meta property=\"article:modified_time\" content=\"2026-04-07T08:18:52+00:00\" \/>\n<meta property=\"og:image\" content=\"https:\/\/vapemaison.com\/wp-content\/uploads\/2026\/04\/bangde-300000-puffs-vape-5in1-flavor-blue-ranch-peach-mango-watermelon-cherry-cola-grape-blackberry-ice-mango-peach-appicot.webp\" \/>\n\t<meta property=\"og:image:width\" content=\"1000\" \/>\n\t<meta property=\"og:image:height\" content=\"1000\" \/>\n\t<meta property=\"og:image:type\" content=\"image\/webp\" \/>\n<meta name=\"twitter:card\" content=\"summary_large_image\" \/>\n<meta name=\"twitter:label1\" content=\"Tiempo de lectura\" \/>\n\t<meta name=\"twitter:data1\" content=\"2 minutos\" \/>\n<!-- \/ Yoast SEO plugin. -->","yoast_head_json":{"title":"Bang DE 300K Puffs | 300k Vape con Multisabores","description":"Experimenta el vapeador desechable Bang DE 300K 5 en 1 con hasta 300k caladas, bater\u00eda recargable de 650mAh, carga Type-C y m\u00faltiples opciones de sabor.","robots":{"index":"index","follow":"follow","max-snippet":"max-snippet:-1","max-image-preview":"max-image-preview:large","max-video-preview":"max-video-preview:-1"},"canonical":"https:\/\/vapemaison.com\/es\/producto\/bang-de-300k-puffs5-en-1-vape-desechable\/","og_locale":"es_ES","og_type":"article","og_title":"Bang DE 300K Puffs | 300k Vape with Multi-Flavors","og_description":"Experience the Bang DE 300K 5-in-1 disposable vape with up to 300k puffs, rechargeable 650mAh battery, Type-C charging, and multiple flavor options.","og_url":"https:\/\/vapemaison.com\/es\/producto\/bang-de-300k-puffs5-en-1-vape-desechable\/","og_site_name":"VapeMaison","article_modified_time":"2026-04-07T08:18:52+00:00","og_image":[{"width":1000,"height":1000,"url":"https:\/\/vapemaison.com\/wp-content\/uploads\/2026\/04\/bangde-300000-puffs-vape-5in1-flavor-blue-ranch-peach-mango-watermelon-cherry-cola-grape-blackberry-ice-mango-peach-appicot.webp","type":"image\/webp"}],"twitter_card":"summary_large_image","twitter_misc":{"Tiempo de lectura":"2 minutos"},"schema":{"@context":"https:\/\/schema.org","@graph":[{"@type":"WebPage","@id":"https:\/\/vapemaison.com\/product\/bang-de-300k-puffs5-in-1-disposable-vape\/","url":"https:\/\/vapemaison.com\/product\/bang-de-300k-puffs5-in-1-disposable-vape\/","name":"Bang DE 300K Puffs | 300k Vape con Multisabores","isPartOf":{"@id":"https:\/\/vapemaison.com\/#website"},"primaryImageOfPage":{"@id":"https:\/\/vapemaison.com\/product\/bang-de-300k-puffs5-in-1-disposable-vape\/#primaryimage"},"image":{"@id":"https:\/\/vapemaison.com\/product\/bang-de-300k-puffs5-in-1-disposable-vape\/#primaryimage"},"thumbnailUrl":"https:\/\/vapemaison.com\/wp-content\/uploads\/2026\/04\/bangde-300000-puffs-vape-5in1-flavor-blue-ranch-peach-mango-watermelon-cherry-cola-grape-blackberry-ice-mango-peach-appicot.webp","datePublished":"2026-04-07T08:18:46+00:00","dateModified":"2026-04-07T08:18:52+00:00","description":"Experimenta el vapeador desechable Bang DE 300K 5 en 1 con hasta 300k caladas, bater\u00eda recargable de 650mAh, carga Type-C y m\u00faltiples opciones de sabor.","breadcrumb":{"@id":"https:\/\/vapemaison.com\/product\/bang-de-300k-puffs5-in-1-disposable-vape\/#breadcrumb"},"inLanguage":"es","potentialAction":[{"@type":"ReadAction","target":["https:\/\/vapemaison.com\/product\/bang-de-300k-puffs5-in-1-disposable-vape\/"]}]},{"@type":"ImageObject","inLanguage":"es","@id":"https:\/\/vapemaison.com\/product\/bang-de-300k-puffs5-in-1-disposable-vape\/#primaryimage","url":"https:\/\/vapemaison.com\/wp-content\/uploads\/2026\/04\/bangde-300000-puffs-vape-5in1-flavor-blue-ranch-peach-mango-watermelon-cherry-cola-grape-blackberry-ice-mango-peach-appicot.webp","contentUrl":"https:\/\/vapemaison.com\/wp-content\/uploads\/2026\/04\/bangde-300000-puffs-vape-5in1-flavor-blue-ranch-peach-mango-watermelon-cherry-cola-grape-blackberry-ice-mango-peach-appicot.webp","width":1000,"height":1000,"caption":"bangde-300000-puffs-vape-5in1-flavor-blue-ranch-peach-mango-watermelon-cherry-cola-grape-blackberry-ice-mango-peach-appicot"},{"@type":"BreadcrumbList","@id":"https:\/\/vapemaison.com\/product\/bang-de-300k-puffs5-in-1-disposable-vape\/#breadcrumb","itemListElement":[{"@type":"ListItem","position":1,"name":"\u9996\u9875","item":"https:\/\/vapemaison.com\/"},{"@type":"ListItem","position":2,"name":"Shop","item":"https:\/\/vapemaison.com\/shop\/"},{"@type":"ListItem","position":3,"name":"Bang","item":"https:\/\/vapemaison.com\/brand\/bang\/"},{"@type":"ListItem","position":4,"name":"Bang DE 300k puffs5-in-1 Disposable Vape"}]},{"@type":"WebSite","@id":"https:\/\/vapemaison.com\/#website","url":"https:\/\/vapemaison.com\/","name":"VapeMaison","description":"Dispositivos y accesorios premium para vapear","publisher":{"@id":"https:\/\/vapemaison.com\/#organization"},"potentialAction":[{"@type":"SearchAction","target":{"@type":"EntryPoint","urlTemplate":"https:\/\/vapemaison.com\/?s={search_term_string}"},"query-input":{"@type":"PropertyValueSpecification","valueRequired":true,"valueName":"search_term_string"}}],"inLanguage":"es"},{"@type":"Organization","@id":"https:\/\/vapemaison.com\/#organization","name":"VapeMaison","url":"https:\/\/vapemaison.com\/","logo":{"@type":"ImageObject","inLanguage":"es","@id":"https:\/\/vapemaison.com\/#\/schema\/logo\/image\/","url":"https:\/\/vapemaison.com\/wp-content\/uploads\/2026\/01\/cropped-vapemaison-logo-g-2026.webp","contentUrl":"https:\/\/vapemaison.com\/wp-content\/uploads\/2026\/01\/cropped-vapemaison-logo-g-2026.webp","width":350,"height":280,"caption":"VapeMaison"},"image":{"@id":"https:\/\/vapemaison.com\/#\/schema\/logo\/image\/"},"sameAs":["https:\/\/www.youtube.com\/@VapeMaison"]}]}},"tiered_pricing_type":"fixed","tiered_pricing_fixed_rules":{"30":"12.12","50":"11.56","100":"10.99","200":"10.34"},"tiered_pricing_product_settings":{"layout":"default","base_unit_name":{"singular":null,"plural":null},"default_variation":null},"tiered_pricing_minimum_quantity":10,"tiered_pricing_roles_data":[],"tiered_pricing_percentage_rules":[],"tiered_pricing_maximum_quantity":null,"tiered_pricing_quantity_step":"10","_links":{"self":[{"href":"https:\/\/vapemaison.com\/es\/wp-json\/wp\/v2\/product\/28944","targetHints":{"allow":["GET"]}}],"collection":[{"href":"https:\/\/vapemaison.com\/es\/wp-json\/wp\/v2\/product"}],"about":[{"href":"https:\/\/vapemaison.com\/es\/wp-json\/wp\/v2\/types\/product"}],"replies":[{"embeddable":true,"href":"https:\/\/vapemaison.com\/es\/wp-json\/wp\/v2\/comments?post=28944"}],"version-history":[{"count":1,"href":"https:\/\/vapemaison.com\/es\/wp-json\/wp\/v2\/product\/28944\/revisions"}],"predecessor-version":[{"id":28956,"href":"https:\/\/vapemaison.com\/es\/wp-json\/wp\/v2\/product\/28944\/revisions\/28956"}],"wp:featuredmedia":[{"embeddable":true,"href":"https:\/\/vapemaison.com\/es\/wp-json\/wp\/v2\/media\/28953"}],"wp:attachment":[{"href":"https:\/\/vapemaison.com\/es\/wp-json\/wp\/v2\/media?parent=28944"}],"wp:term":[{"taxonomy":"product_brand","embeddable":true,"href":"https:\/\/vapemaison.com\/es\/wp-json\/wp\/v2\/product_brand?post=28944"},{"taxonomy":"product_cat","embeddable":true,"href":"https:\/\/vapemaison.com\/es\/wp-json\/wp\/v2\/product_cat?post=28944"},{"taxonomy":"product_tag","embeddable":true,"href":"https:\/\/vapemaison.com\/es\/wp-json\/wp\/v2\/product_tag?post=28944"}],"curies":[{"name":"wp","href":"https:\/\/api.w.org\/{rel}","templated":true}]}}