

{"id":29047,"date":"2026-04-07T09:58:49","date_gmt":"2026-04-07T09:58:49","guid":{"rendered":"https:\/\/vapemaison.com\/?post_type=product&#038;p=29047"},"modified":"2026-04-08T03:21:28","modified_gmt":"2026-04-08T03:21:28","slug":"waspe-bar-60k-vape-60k-puffs-36ml-vape-recargable-con-pantalla-led","status":"publish","type":"product","link":"https:\/\/vapemaison.com\/es\/product\/waspe-bar-60k-vape-60k-puffs-36ml-rechargeable-vape-with-led-display\/","title":{"rendered":"Waspe Bar 60K Vape | 60k Puffs 36ml Vape recargable con pantalla LED"},"content":{"rendered":"<figure class=\"wp-block-image size-large has-custom-border wp-duotone-unset-1\"><a href=\"https:\/\/vapemaison.com\/wp-content\/uploads\/2026\/04\/waspe-bar-60000-puffs-new-vape-banner-scaled.webp\"><img fetchpriority=\"high\" decoding=\"async\" width=\"1024\" height=\"576\" src=\"https:\/\/vapemaison.com\/wp-content\/uploads\/2026\/04\/waspe-bar-60000-puffs-new-vape-banner-1024x576.webp\" alt=\"waspe-bar-60000-puffs-new-vape-banner\" class=\"wp-image-29048\" style=\"border-top-left-radius:10px;border-top-right-radius:10px;border-bottom-left-radius:10px;border-bottom-right-radius:10px\" srcset=\"https:\/\/vapemaison.com\/wp-content\/uploads\/2026\/04\/waspe-bar-60000-puffs-new-vape-banner-1024x576.webp 1024w, https:\/\/vapemaison.com\/wp-content\/uploads\/2026\/04\/waspe-bar-60000-puffs-new-vape-banner-300x169.webp 300w, https:\/\/vapemaison.com\/wp-content\/uploads\/2026\/04\/waspe-bar-60000-puffs-new-vape-banner-768x432.webp 768w, https:\/\/vapemaison.com\/wp-content\/uploads\/2026\/04\/waspe-bar-60000-puffs-new-vape-banner-1536x864.webp 1536w, https:\/\/vapemaison.com\/wp-content\/uploads\/2026\/04\/waspe-bar-60000-puffs-new-vape-banner-2048x1152.webp 2048w, https:\/\/vapemaison.com\/wp-content\/uploads\/2026\/04\/waspe-bar-60000-puffs-new-vape-banner-18x10.webp 18w, https:\/\/vapemaison.com\/wp-content\/uploads\/2026\/04\/waspe-bar-60000-puffs-new-vape-banner-990x557.webp 990w, https:\/\/vapemaison.com\/wp-content\/uploads\/2026\/04\/waspe-bar-60000-puffs-new-vape-banner-441x248.webp 441w, https:\/\/vapemaison.com\/wp-content\/uploads\/2026\/04\/waspe-bar-60000-puffs-new-vape-banner-800x450.webp 800w, https:\/\/vapemaison.com\/wp-content\/uploads\/2026\/04\/waspe-bar-60000-puffs-new-vape-banner-150x84.webp 150w\" sizes=\"(max-width: 1024px) 100vw, 1024px\" \/><\/a><\/figure>\n\n\n\n<p>En <strong>Waspe Bar 60K Vape Desechable<\/strong> est\u00e1 dise\u00f1ada para usuarios que exigen tanto longevidad como rendimiento constante. Ofrece hasta <strong>60.000 caladas<\/strong> y con un gran <strong>Capacidad de 36 ml de e-l\u00edquido precargado<\/strong>, Este dispositivo est\u00e1 dise\u00f1ado para proporcionar una experiencia de vapeo prolongada e ininterrumpida.<\/p>\n\n\n\n<p>Dise\u00f1ado pensando en la versatilidad, ofrece m\u00faltiples <strong>opciones de potencia de nicotina (0%, 2% y 5%)<\/strong>, por lo que es adecuado para una amplia gama de usuarios, desde los vapeadores ocasionales hasta los que buscan un golpe m\u00e1s fuerte. El sistema integrado <strong>Bater\u00eda recargable de 650 mAh<\/strong> combinado con un <strong>Puerto de carga Tipo-C<\/strong> garantiza una potencia de salida estable y una recarga r\u00e1pida y c\u00f3moda.<\/p>\n\n\n\n<p>Una caracter\u00edstica destacada es el <strong>Pantalla LED inteligente<\/strong>, que permite a los usuarios supervisar f\u00e1cilmente el estado de la bater\u00eda y mantener un control total sobre su dispositivo. Junto con una variada selecci\u00f3n de <strong>sabores inspirados en frutas, hielo y bebidas<\/strong>, La Waspe Bar 60K ofrece un sabor suave y uniforme en cada calada.<\/p>\n\n\n\n<p>Dise\u00f1ado para <strong>atractivo minorista y eficiencia mayorista<\/strong>, cada sabor viene en una <strong>Caja expositora de 10 piezas<\/strong>, por lo que es una excelente opci\u00f3n para distribuidores y tiendas de vapeo.<\/p>\n\n\n\n<h2 class=\"wp-block-heading\">Caracter\u00edsticas principales<\/h2>\n\n\n\n<ul class=\"wp-block-list\">\n<li><strong>Hasta 60.000 bocanadas<\/strong> - Rendimiento duradero<\/li>\n\n\n\n<li><strong>36ml E-l\u00edquido precargado<\/strong> - Uso prolongado sin recargas<\/li>\n\n\n\n<li><strong>Bater\u00eda recargable de 650 mAh<\/strong> - Energ\u00eda estable y fiable<\/li>\n\n\n\n<li><strong>Carga Tipo-C<\/strong> - Recarga r\u00e1pida y c\u00f3moda<\/li>\n\n\n\n<li><strong>Pantalla LED inteligente<\/strong> - F\u00e1cil control de la bater\u00eda<\/li>\n\n\n\n<li><strong>M\u00faltiples opciones de nicotina<\/strong> - 0%, 2%, 5%<\/li>\n\n\n\n<li><strong>Envases listos para la venta<\/strong> - 10 unidades por caja expositora de sabores<\/li>\n<\/ul>\n\n\n\n<h2 class=\"wp-block-heading\">Especificaciones<\/h2>\n\n\n\n<figure class=\"wp-block-table\"><table class=\"has-fixed-layout\"><thead><tr><th>Especificaci\u00f3n<\/th><th>Detalles<\/th><\/tr><\/thead><tbody><tr><td>Recuento de puff<\/td><td>Hasta 60.000 bocanadas<\/td><\/tr><tr><td>Capacidad de e-l\u00edquido<\/td><td>36 ml<\/td><\/tr><tr><td>Potencia de nicotina<\/td><td>0% \/ 2% \/ 5%<\/td><\/tr><tr><td>Capacidad de la bater\u00eda<\/td><td>650 mAh<\/td><\/tr><tr><td>Puerto de carga<\/td><td>Tipo-C<\/td><\/tr><tr><td>Mostrar<\/td><td>Pantalla LED inteligente<\/td><\/tr><tr><td>Tipo de dispositivo<\/td><td>Desechable (recargable)<\/td><\/tr><tr><td>Embalaje<\/td><td>10 unidades \/ caja expositora de sabores<\/td><\/tr><\/tbody><\/table><\/figure>\n\n\n\n<h2 class=\"wp-block-heading\">Sabor<\/h2>\n\n\n\n<div class=\"wp-block-buttons is-layout-flex wp-block-buttons-is-layout-flex\">\n<div class=\"wp-block-button\"><a class=\"wp-block-button__link wp-element-button\">1.Hielo de sand\u00eda<\/a><\/div>\n\n\n\n<div class=\"wp-block-button\"><a class=\"wp-block-button__link wp-element-button\">2.Hielo de ar\u00e1ndano<\/a><\/div>\n\n\n\n<div class=\"wp-block-button\"><a class=\"wp-block-button__link wp-element-button\">3.Hielo de uva<\/a><\/div>\n\n\n\n<div class=\"wp-block-button\"><a class=\"wp-block-button__link wp-element-button\">4.Lim\u00f3n Lima<\/a><\/div>\n\n\n\n<div class=\"wp-block-button\"><a class=\"wp-block-button__link wp-element-button\">5.Fresa Pl\u00e1tano<\/a><\/div>\n\n\n\n<div class=\"wp-block-button\"><a class=\"wp-block-button__link wp-element-button\">6.Mezcla de bayas<\/a><\/div>\n\n\n\n<div class=\"wp-block-button\"><a class=\"wp-block-button__link wp-element-button\">7.Red Bull Ice<\/a><\/div>\n\n\n\n<div class=\"wp-block-button\"><a class=\"wp-block-button__link wp-element-button\">8.Sand\u00eda con fresa<\/a><\/div>\n\n\n\n<div class=\"wp-block-button\"><a class=\"wp-block-button__link wp-element-button\">9.Ar\u00e1ndano Frambuesa Cereza<\/a><\/div>\n\n\n\n<div class=\"wp-block-button\"><a class=\"wp-block-button__link wp-element-button\">10.Kiwi fresa<\/a><\/div>\n\n\n\n<div class=\"wp-block-button\"><a class=\"wp-block-button__link wp-element-button\">11.Melocot\u00f3n Mango Pi\u00f1a<\/a><\/div>\n\n\n\n<div class=\"wp-block-button\"><a class=\"wp-block-button__link wp-element-button\">12.Sand\u00eda Kiwi<\/a><\/div>\n\n\n\n<div class=\"wp-block-button\"><a class=\"wp-block-button__link wp-element-button\">13.Zarzamora Grosella negra<\/a><\/div>\n\n\n\n<div class=\"wp-block-button\"><a class=\"wp-block-button__link wp-element-button\">14.Fresa Black Dragon Ice<\/a><\/div>\n\n\n\n<div class=\"wp-block-button\"><a class=\"wp-block-button__link wp-element-button\">15.Cola de cereza azul<\/a><\/div>\n\n\n\n<div class=\"wp-block-button\"><a class=\"wp-block-button__link wp-element-button\">16.Kiwi Mel\u00f3n Helado<\/a><\/div>\n<\/div>\n\n\n\n<figure class=\"wp-block-image size-large\"><a href=\"https:\/\/vapemaison.com\/wp-content\/uploads\/2026\/04\/waspe-bar-60000-puffs-new-vape-flavor-list-scaled.webp\"><img decoding=\"async\" width=\"876\" height=\"1024\" src=\"https:\/\/vapemaison.com\/wp-content\/uploads\/2026\/04\/waspe-bar-60000-puffs-new-vape-flavor-list-876x1024.webp\" alt=\"waspe-bar-60000-puffs-nueva-lista-de-sabores-de-vape\" class=\"wp-image-29057\" srcset=\"https:\/\/vapemaison.com\/wp-content\/uploads\/2026\/04\/waspe-bar-60000-puffs-new-vape-flavor-list-876x1024.webp 876w, https:\/\/vapemaison.com\/wp-content\/uploads\/2026\/04\/waspe-bar-60000-puffs-new-vape-flavor-list-257x300.webp 257w, https:\/\/vapemaison.com\/wp-content\/uploads\/2026\/04\/waspe-bar-60000-puffs-new-vape-flavor-list-768x898.webp 768w, https:\/\/vapemaison.com\/wp-content\/uploads\/2026\/04\/waspe-bar-60000-puffs-new-vape-flavor-list-1314x1536.webp 1314w, https:\/\/vapemaison.com\/wp-content\/uploads\/2026\/04\/waspe-bar-60000-puffs-new-vape-flavor-list-1752x2048.webp 1752w, https:\/\/vapemaison.com\/wp-content\/uploads\/2026\/04\/waspe-bar-60000-puffs-new-vape-flavor-list-10x12.webp 10w, https:\/\/vapemaison.com\/wp-content\/uploads\/2026\/04\/waspe-bar-60000-puffs-new-vape-flavor-list-990x1157.webp 990w, https:\/\/vapemaison.com\/wp-content\/uploads\/2026\/04\/waspe-bar-60000-puffs-new-vape-flavor-list-441x515.webp 441w, https:\/\/vapemaison.com\/wp-content\/uploads\/2026\/04\/waspe-bar-60000-puffs-new-vape-flavor-list-800x935.webp 800w, https:\/\/vapemaison.com\/wp-content\/uploads\/2026\/04\/waspe-bar-60000-puffs-new-vape-flavor-list-150x175.webp 150w\" sizes=\"(max-width: 876px) 100vw, 876px\" \/><\/a><\/figure>","protected":false},"excerpt":{"rendered":"<p>The Waspe Bar 60K Disposable Vape is engineered for users who demand both longevity and consistent performance. Delivering up to 60,000 puffs and featuring a large 36ml pre-filled e-liquid capacity, this device is built to provide an extended and uninterrupted vaping experience. Designed with versatility in mind, it offers multiple nicotine strength options (0%, 2%, [&hellip;]<\/p>\n","protected":false},"featured_media":29053,"comment_status":"open","ping_status":"closed","template":"","meta":[],"product_brand":[59],"product_cat":[137],"product_tag":[],"class_list":{"0":"post-29047","1":"product","2":"type-product","3":"status-publish","4":"has-post-thumbnail","6":"product_brand-waspe","7":"product_cat-60k-puffs","9":"first","10":"instock","11":"sale","12":"shipping-taxable","13":"purchasable","14":"product-type-variable"},"yoast_head":"<!-- This site is optimized with the Yoast SEO plugin v27.4 - https:\/\/yoast.com\/product\/yoast-seo-wordpress\/ -->\n<title>Waspe Bar 60K Vape | 60k Puffs with LED Display<\/title>\n<meta name=\"description\" content=\"Buy Waspe Bar 60K disposable vape with up to 60k puffs, 36ml e-liquid, rechargeable 650mAh battery, and smart LED display.\" \/>\n<meta name=\"robots\" content=\"index, follow, max-snippet:-1, max-image-preview:large, max-video-preview:-1\" \/>\n<link rel=\"canonical\" href=\"https:\/\/vapemaison.com\/es\/producto\/waspe-bar-60k-vape-60k-puffs-36ml-vape-recargable-con-pantalla-led\/\" \/>\n<meta property=\"og:locale\" content=\"es_ES\" \/>\n<meta property=\"og:type\" content=\"article\" \/>\n<meta property=\"og:title\" content=\"Waspe Bar 60K Vape | 60k Puffs with LED Display\" \/>\n<meta property=\"og:description\" content=\"Buy Waspe Bar 60K disposable vape with up to 60k puffs, 36ml e-liquid, rechargeable 650mAh battery, and smart LED display.\" \/>\n<meta property=\"og:url\" content=\"https:\/\/vapemaison.com\/es\/producto\/waspe-bar-60k-vape-60k-puffs-36ml-vape-recargable-con-pantalla-led\/\" \/>\n<meta property=\"og:site_name\" content=\"VapeMaison\" \/>\n<meta property=\"article:modified_time\" content=\"2026-04-08T03:21:28+00:00\" \/>\n<meta property=\"og:image\" content=\"https:\/\/vapemaison.com\/wp-content\/uploads\/2026\/04\/waspe-bar-60000-puffs-new-vape-flavor-grape-ice.webp\" \/>\n\t<meta property=\"og:image:width\" content=\"1200\" \/>\n\t<meta property=\"og:image:height\" content=\"1200\" \/>\n\t<meta property=\"og:image:type\" content=\"image\/webp\" \/>\n<meta name=\"twitter:card\" content=\"summary_large_image\" \/>\n<meta name=\"twitter:label1\" content=\"Tiempo de lectura\" \/>\n\t<meta name=\"twitter:data1\" content=\"2 minutos\" \/>\n<!-- \/ Yoast SEO plugin. -->","yoast_head_json":{"title":"Waspe Bar 60K Vape | 60k Puffs con Pantalla LED","description":"Compra el vapeador desechable Waspe Bar 60K con hasta 60k caladas, 36ml de e-l\u00edquido, bater\u00eda recargable de 650mAh y pantalla LED inteligente.","robots":{"index":"index","follow":"follow","max-snippet":"max-snippet:-1","max-image-preview":"max-image-preview:large","max-video-preview":"max-video-preview:-1"},"canonical":"https:\/\/vapemaison.com\/es\/producto\/waspe-bar-60k-vape-60k-puffs-36ml-vape-recargable-con-pantalla-led\/","og_locale":"es_ES","og_type":"article","og_title":"Waspe Bar 60K Vape | 60k Puffs with LED Display","og_description":"Buy Waspe Bar 60K disposable vape with up to 60k puffs, 36ml e-liquid, rechargeable 650mAh battery, and smart LED display.","og_url":"https:\/\/vapemaison.com\/es\/producto\/waspe-bar-60k-vape-60k-puffs-36ml-vape-recargable-con-pantalla-led\/","og_site_name":"VapeMaison","article_modified_time":"2026-04-08T03:21:28+00:00","og_image":[{"width":1200,"height":1200,"url":"https:\/\/vapemaison.com\/wp-content\/uploads\/2026\/04\/waspe-bar-60000-puffs-new-vape-flavor-grape-ice.webp","type":"image\/webp"}],"twitter_card":"summary_large_image","twitter_misc":{"Tiempo de lectura":"2 minutos"},"schema":{"@context":"https:\/\/schema.org","@graph":[{"@type":"WebPage","@id":"https:\/\/vapemaison.com\/product\/waspe-bar-60k-vape-60k-puffs-36ml-rechargeable-vape-with-led-display\/","url":"https:\/\/vapemaison.com\/product\/waspe-bar-60k-vape-60k-puffs-36ml-rechargeable-vape-with-led-display\/","name":"Waspe Bar 60K Vape | 60k Puffs con Pantalla LED","isPartOf":{"@id":"https:\/\/vapemaison.com\/#website"},"primaryImageOfPage":{"@id":"https:\/\/vapemaison.com\/product\/waspe-bar-60k-vape-60k-puffs-36ml-rechargeable-vape-with-led-display\/#primaryimage"},"image":{"@id":"https:\/\/vapemaison.com\/product\/waspe-bar-60k-vape-60k-puffs-36ml-rechargeable-vape-with-led-display\/#primaryimage"},"thumbnailUrl":"https:\/\/vapemaison.com\/wp-content\/uploads\/2026\/04\/waspe-bar-60000-puffs-new-vape-flavor-grape-ice.webp","datePublished":"2026-04-07T09:58:49+00:00","dateModified":"2026-04-08T03:21:28+00:00","description":"Compra el vapeador desechable Waspe Bar 60K con hasta 60k caladas, 36ml de e-l\u00edquido, bater\u00eda recargable de 650mAh y pantalla LED inteligente.","breadcrumb":{"@id":"https:\/\/vapemaison.com\/product\/waspe-bar-60k-vape-60k-puffs-36ml-rechargeable-vape-with-led-display\/#breadcrumb"},"inLanguage":"es","potentialAction":[{"@type":"ReadAction","target":["https:\/\/vapemaison.com\/product\/waspe-bar-60k-vape-60k-puffs-36ml-rechargeable-vape-with-led-display\/"]}]},{"@type":"ImageObject","inLanguage":"es","@id":"https:\/\/vapemaison.com\/product\/waspe-bar-60k-vape-60k-puffs-36ml-rechargeable-vape-with-led-display\/#primaryimage","url":"https:\/\/vapemaison.com\/wp-content\/uploads\/2026\/04\/waspe-bar-60000-puffs-new-vape-flavor-grape-ice.webp","contentUrl":"https:\/\/vapemaison.com\/wp-content\/uploads\/2026\/04\/waspe-bar-60000-puffs-new-vape-flavor-grape-ice.webp","width":1200,"height":1200,"caption":"waspe-bar-60000-puffs-new-vape-flavor-grape-ice"},{"@type":"BreadcrumbList","@id":"https:\/\/vapemaison.com\/product\/waspe-bar-60k-vape-60k-puffs-36ml-rechargeable-vape-with-led-display\/#breadcrumb","itemListElement":[{"@type":"ListItem","position":1,"name":"\u9996\u9875","item":"https:\/\/vapemaison.com\/"},{"@type":"ListItem","position":2,"name":"Shop","item":"https:\/\/vapemaison.com\/shop\/"},{"@type":"ListItem","position":3,"name":"Waspe","item":"https:\/\/vapemaison.com\/brand\/waspe\/"},{"@type":"ListItem","position":4,"name":"Waspe Bar 60K Vape | 60k Puffs 36ml Rechargeable Vape with LED Display"}]},{"@type":"WebSite","@id":"https:\/\/vapemaison.com\/#website","url":"https:\/\/vapemaison.com\/","name":"VapeMaison","description":"Dispositivos y accesorios premium para vapear","publisher":{"@id":"https:\/\/vapemaison.com\/#organization"},"potentialAction":[{"@type":"SearchAction","target":{"@type":"EntryPoint","urlTemplate":"https:\/\/vapemaison.com\/?s={search_term_string}"},"query-input":{"@type":"PropertyValueSpecification","valueRequired":true,"valueName":"search_term_string"}}],"inLanguage":"es"},{"@type":"Organization","@id":"https:\/\/vapemaison.com\/#organization","name":"VapeMaison","url":"https:\/\/vapemaison.com\/","logo":{"@type":"ImageObject","inLanguage":"es","@id":"https:\/\/vapemaison.com\/#\/schema\/logo\/image\/","url":"https:\/\/vapemaison.com\/wp-content\/uploads\/2026\/01\/cropped-vapemaison-logo-g-2026.webp","contentUrl":"https:\/\/vapemaison.com\/wp-content\/uploads\/2026\/01\/cropped-vapemaison-logo-g-2026.webp","width":350,"height":280,"caption":"VapeMaison"},"image":{"@id":"https:\/\/vapemaison.com\/#\/schema\/logo\/image\/"},"sameAs":["https:\/\/www.youtube.com\/@VapeMaison"]}]}},"tiered_pricing_type":"fixed","tiered_pricing_fixed_rules":{"100":"8.34","200":"7.99"},"tiered_pricing_product_settings":{"layout":"default","base_unit_name":{"singular":null,"plural":null},"default_variation":null},"tiered_pricing_minimum_quantity":50,"tiered_pricing_roles_data":[],"tiered_pricing_percentage_rules":[],"tiered_pricing_maximum_quantity":null,"tiered_pricing_quantity_step":null,"_links":{"self":[{"href":"https:\/\/vapemaison.com\/es\/wp-json\/wp\/v2\/product\/29047","targetHints":{"allow":["GET"]}}],"collection":[{"href":"https:\/\/vapemaison.com\/es\/wp-json\/wp\/v2\/product"}],"about":[{"href":"https:\/\/vapemaison.com\/es\/wp-json\/wp\/v2\/types\/product"}],"replies":[{"embeddable":true,"href":"https:\/\/vapemaison.com\/es\/wp-json\/wp\/v2\/comments?post=29047"}],"version-history":[{"count":1,"href":"https:\/\/vapemaison.com\/es\/wp-json\/wp\/v2\/product\/29047\/revisions"}],"predecessor-version":[{"id":29114,"href":"https:\/\/vapemaison.com\/es\/wp-json\/wp\/v2\/product\/29047\/revisions\/29114"}],"wp:featuredmedia":[{"embeddable":true,"href":"https:\/\/vapemaison.com\/es\/wp-json\/wp\/v2\/media\/29053"}],"wp:attachment":[{"href":"https:\/\/vapemaison.com\/es\/wp-json\/wp\/v2\/media?parent=29047"}],"wp:term":[{"taxonomy":"product_brand","embeddable":true,"href":"https:\/\/vapemaison.com\/es\/wp-json\/wp\/v2\/product_brand?post=29047"},{"taxonomy":"product_cat","embeddable":true,"href":"https:\/\/vapemaison.com\/es\/wp-json\/wp\/v2\/product_cat?post=29047"},{"taxonomy":"product_tag","embeddable":true,"href":"https:\/\/vapemaison.com\/es\/wp-json\/wp\/v2\/product_tag?post=29047"}],"curies":[{"name":"wp","href":"https:\/\/api.w.org\/{rel}","templated":true}]}}