{"id":29184,"date":"2026-04-10T08:33:34","date_gmt":"2026-04-10T08:33:34","guid":{"rendered":"https:\/\/vapemaison.com\/?post_type=product&#038;p=29184"},"modified":"2026-04-11T09:09:03","modified_gmt":"2026-04-11T09:09:03","slug":"al-fakher-nic-salt-e-liquid-10ml-20mg-2-sabores-multiples-disponibles","status":"publish","type":"product","link":"https:\/\/vapemaison.com\/es\/product\/al-fakher-nic-salt-e-liquid-10ml-20mg-2-multiple-flavours-available\/","title":{"rendered":"Al Fakher Nic Salt E-Liquid 10ml 20mg (2%) - M\u00faltiples sabores disponibles"},"content":{"rendered":"<p>Experimente la gama premium de <strong><strong>L\u00edquido Al Fakher<\/strong> E-l\u00edquidos Nic Salt<\/strong>. Estos jugos para vapear se elaboran para una satisfacci\u00f3n suave. Adem\u00e1s, ofrecen un sabor rico y aut\u00e9ntico en cada calada.<\/p>\n\n\n\n<p>Esta colecci\u00f3n incluye muchos perfiles de sabor diferentes. Por ejemplo, puede disfrutar de <strong>menta refrescante, frutas heladas y mezcla dulce<\/strong>s. Por lo tanto, siempre hay un sabor que se ajusta a sus preferencias.<\/p>\n\n\n\n<p>Cada <strong>e-l\u00edquido<\/strong> utiliza una proporci\u00f3n equilibrada de 50VG\/50PG. Como resultado, se obtiene un sabor fuerte y un vapor suave. Adem\u00e1s, la f\u00f3rmula garantiza un rendimiento constante.<\/p>\n\n\n\n<p>En <strong>la concentraci\u00f3n de nicotina es de 20 mg (2%)<\/strong> sal de nicotina. Debido a esto, la absorci\u00f3n de nicotina es r\u00e1pida y satisfactoria. Adem\u00e1s, es adecuado para sistemas pod y dispositivos MTL.<\/p>\n\n\n\n<p>Tanto si prefiere los perfiles afrutados, helados o cl\u00e1sicos, esta gama ofrece variedad. As\u00ed, podr\u00e1 cambiar f\u00e1cilmente de sabor en cualquier momento.<\/p>\n\n\n\n<h3 class=\"wp-block-heading\">Caracter\u00edsticas principales<\/h3>\n\n\n\n<ul class=\"wp-block-list\">\n<li>Amplia gama de sabores populares<\/li>\n\n\n\n<li>Frasco de 10 ml<\/li>\n\n\n\n<li>Sal de nicotina de 20 mg (2%)<\/li>\n\n\n\n<li>Suministro de nicotina suave y r\u00e1pido<\/li>\n\n\n\n<li>Relaci\u00f3n 50VG\/50PG para un rendimiento equilibrado<\/li>\n\n\n\n<li>Dise\u00f1ado para sistemas de c\u00e1psulas y dispositivos MTL<\/li>\n\n\n\n<li>Aut\u00e9nticos sabores inspirados en la shisha Al Fakher<\/li>\n<\/ul>\n\n\n\n<h3 class=\"wp-block-heading\">Sabores disponibles<\/h3>\n\n\n\n<p>Esta colecci\u00f3n incluye una variada selecci\u00f3n de sabores, como:<\/p>\n\n\n\n<p class=\"has-pale-pink-color has-text-color has-link-color wp-elements-8a05a1628708385c7669c7d98216b092\"><strong>Afrutado y dulce:<br>CHICLE DE MENTA, BERRY ICE, BLACKCURRANT ICE, BLUE RAZZ LEMONADE, BLUEBERRY GUM, CHERRY FIESTA, STRAWBERRY PUNCH, MIXED BERRY, BERRY BLUE<\/strong><\/p>\n\n\n\n<p class=\"has-vivid-green-cyan-color has-text-color has-link-color wp-elements-253015ea3756f77bdf6c12a41af5d5f4\"><strong>Fresco y mentolado:<br>MENTA UVA, MENTA LIM\u00d3N, MENTA GROSELLA NEGRA, MENTA NARANJA, MENTA VERDE, MENTOL<\/strong><\/p>\n\n\n\n<p class=\"has-vivid-cyan-blue-color has-text-color has-link-color wp-elements-bebf0fafe554d32a22f7a47e8f071895\"><strong>Icy &amp; Cooling:<br>HIELO EXUBERANTE, HIELO DE MELOCOT\u00d3N, HIELO DE PI\u00d1A, HIELO DE CEREZA<\/strong><\/p>\n\n\n\n<p class=\"has-luminous-vivid-orange-color has-text-color has-link-color wp-elements-e5f777c7e4d8d63384bb659078b67d0c\"><strong>Ex\u00f3ticos y mezclas:<br>AMOR M\u00c1GICO, SUE\u00d1O ESPACIAL, HUBBA, DOS MANZANAS, MANGO FRESCO, MANGO PI\u00d1A, SAND\u00cdA LIMA, SAND\u00cdA PI\u00d1A, AR\u00c1NDANO FRAMBUESA, AR\u00c1NDANO FRAMBUESA \u00c1CIDA, LIMA LIM\u00d3N, CEREZA EFERVESCENTE<\/strong><\/p>\n\n\n\n<h3 class=\"wp-block-heading\">Acerca de Al Fakher Nic Salt E-Liquids<\/h3>\n\n\n\n<p>Los E-l\u00edquidos Al Fakher Nic Salt est\u00e1n inspirados en la herencia de la shisha de la marca, de renombre mundial, trayendo ricos perfiles de sabor de Oriente Medio al vapeo moderno. Conocido por su profundidad, suavidad y consistencia, estos jugos de vape se hacen a mano para los usuarios que valoran tanto la calidad del sabor y el rendimiento.<\/p>\n\n\n\n<p>Perfecto para el vapeo diario, <strong><strong>L\u00edquido Al Fakher<\/strong><\/strong> Las sales nic proporcionan una experiencia fiable y agradable con cada uso.<\/p>\n\n\n\n<p>Si busca una alternativa m\u00e1s c\u00f3moda, nuestra tienda tambi\u00e9n ofrece una amplia selecci\u00f3n de <strong><a href=\"https:\/\/vapemaison.com\/shop\/\" type=\"link\" id=\"https:\/\/vapemaison.com\/shop\/\">vapes desechables<\/a><\/strong>. Estos dispositivos vienen precargados y listos para usar, sin necesidad de recarga ni mantenimiento, perfectos para los usuarios que prefieren una experiencia de vapeo sin complicaciones.<\/p>\n\n\n\n<p>Si le gusta la calidad del sabor de esta gama, tambi\u00e9n puede explorar m\u00e1s productos de la <strong><a href=\"https:\/\/vapemaison.com\/brand\/al-fakher\/\" type=\"link\" id=\"https:\/\/vapemaison.com\/brand\/al-fakher\/\">Al Fakher<\/a><\/strong> incluyendo opciones desechables que ofrecen el mismo sabor intenso inspirado en la shisha en un formato m\u00e1s c\u00f3modo.<\/p>\n\n\n\n<p>Para aquellos que desean un rendimiento m\u00e1s duradero, tambi\u00e9n ofrecemos una variedad de vaporizadores desechables con un gran n\u00famero de caladas, que le ofrecen m\u00e1s opciones con un uso prolongado y un suministro de sabor constante.<\/p>\n\n\n\n<p>Navegue m\u00e1s y encuentre el estilo de vapeo que se adapte a sus necesidades.<\/p>","protected":false},"excerpt":{"rendered":"<p>Experience the premium range of Al Fakher Liquid Nic Salt E-Liquids. These vape juices are crafted for smooth satisfaction. In addition, they deliver rich and authentic flavor in every puff. This collection includes many different flavor profiles. For example, you can enjoy refreshing mint, icy fruits, and sweet blends. Therefore, there is always a flavor [&hellip;]<\/p>\n","protected":false},"featured_media":29220,"comment_status":"open","ping_status":"closed","template":"","meta":{"googlesitekit_rrm_CAow8MHCDA:productID":""},"product_brand":[179],"product_cat":[324],"product_tag":[],"class_list":{"0":"post-29184","1":"product","2":"type-product","3":"status-publish","4":"has-post-thumbnail","6":"product_brand-al-fakher","7":"product_cat-vape-liquid","9":"first","10":"instock","11":"shipping-taxable","12":"purchasable","13":"product-type-variable","14":"has-default-attributes"},"yoast_head":"<!-- This site is optimized with the Yoast SEO plugin v27.3 - https:\/\/yoast.com\/product\/yoast-seo-wordpress\/ -->\n<title>Al Fakher Nic Salt E-Liquid 10ml 20mg (2%) | Vape Juice Flavours<\/title>\n<meta name=\"description\" content=\"Shop Al Fakher Nic Salt E-Liquid 10ml 20mg (2%). Enjoy smooth vape juice with a wide range of flavours including mint, fruit, and icy blends.\" \/>\n<meta name=\"robots\" content=\"index, follow, max-snippet:-1, max-image-preview:large, max-video-preview:-1\" \/>\n<link rel=\"canonical\" href=\"https:\/\/vapemaison.com\/es\/producto\/al-fakher-nic-salt-e-liquid-10ml-20mg-2-sabores-multiples-disponibles\/\" \/>\n<meta property=\"og:locale\" content=\"es_ES\" \/>\n<meta property=\"og:type\" content=\"article\" \/>\n<meta property=\"og:title\" content=\"Al Fakher Nic Salt E-Liquid 10ml 20mg (2%) | Vape Juice Flavours\" \/>\n<meta property=\"og:description\" content=\"Shop Al Fakher Nic Salt E-Liquid 10ml 20mg (2%). Enjoy smooth vape juice with a wide range of flavours including mint, fruit, and icy blends.\" \/>\n<meta property=\"og:url\" content=\"https:\/\/vapemaison.com\/es\/producto\/al-fakher-nic-salt-e-liquid-10ml-20mg-2-sabores-multiples-disponibles\/\" \/>\n<meta property=\"og:site_name\" content=\"VapeMaison\" \/>\n<meta property=\"article:modified_time\" content=\"2026-04-11T09:09:03+00:00\" \/>\n<meta property=\"og:image\" content=\"https:\/\/vapemaison.com\/wp-content\/uploads\/2026\/04\/vapemaison-al-fakher-peach-ice-10ml-nic-salt-e-liquid.webp\" \/>\n\t<meta property=\"og:image:width\" content=\"900\" \/>\n\t<meta property=\"og:image:height\" content=\"900\" \/>\n\t<meta property=\"og:image:type\" content=\"image\/webp\" \/>\n<meta name=\"twitter:card\" content=\"summary_large_image\" \/>\n<meta name=\"twitter:label1\" content=\"Tiempo de lectura\" \/>\n\t<meta name=\"twitter:data1\" content=\"3 minutos\" \/>\n<!-- \/ Yoast SEO plugin. -->","yoast_head_json":{"title":"Al Fakher Nic Salt E-L\u00edquido 10ml 20mg (2%) | Vape Juice Flavours","description":"Tienda Al Fakher Nic Salt E-L\u00edquido 10ml 20mg (2%). Disfrute de un suave jugo de vape con una amplia gama de sabores incluyendo menta, frutas y mezclas heladas.","robots":{"index":"index","follow":"follow","max-snippet":"max-snippet:-1","max-image-preview":"max-image-preview:large","max-video-preview":"max-video-preview:-1"},"canonical":"https:\/\/vapemaison.com\/es\/producto\/al-fakher-nic-salt-e-liquid-10ml-20mg-2-sabores-multiples-disponibles\/","og_locale":"es_ES","og_type":"article","og_title":"Al Fakher Nic Salt E-Liquid 10ml 20mg (2%) | Vape Juice Flavours","og_description":"Shop Al Fakher Nic Salt E-Liquid 10ml 20mg (2%). Enjoy smooth vape juice with a wide range of flavours including mint, fruit, and icy blends.","og_url":"https:\/\/vapemaison.com\/es\/producto\/al-fakher-nic-salt-e-liquid-10ml-20mg-2-sabores-multiples-disponibles\/","og_site_name":"VapeMaison","article_modified_time":"2026-04-11T09:09:03+00:00","og_image":[{"width":900,"height":900,"url":"https:\/\/vapemaison.com\/wp-content\/uploads\/2026\/04\/vapemaison-al-fakher-peach-ice-10ml-nic-salt-e-liquid.webp","type":"image\/webp"}],"twitter_card":"summary_large_image","twitter_misc":{"Tiempo de lectura":"3 minutos"},"schema":{"@context":"https:\/\/schema.org","@graph":[{"@type":"WebPage","@id":"https:\/\/vapemaison.com\/product\/al-fakher-nic-salt-e-liquid-10ml-20mg-2-multiple-flavours-available\/","url":"https:\/\/vapemaison.com\/product\/al-fakher-nic-salt-e-liquid-10ml-20mg-2-multiple-flavours-available\/","name":"Al Fakher Nic Salt E-L\u00edquido 10ml 20mg (2%) | Vape Juice Flavours","isPartOf":{"@id":"https:\/\/vapemaison.com\/#website"},"primaryImageOfPage":{"@id":"https:\/\/vapemaison.com\/product\/al-fakher-nic-salt-e-liquid-10ml-20mg-2-multiple-flavours-available\/#primaryimage"},"image":{"@id":"https:\/\/vapemaison.com\/product\/al-fakher-nic-salt-e-liquid-10ml-20mg-2-multiple-flavours-available\/#primaryimage"},"thumbnailUrl":"https:\/\/vapemaison.com\/wp-content\/uploads\/2026\/04\/vapemaison-al-fakher-peach-ice-10ml-nic-salt-e-liquid.webp","datePublished":"2026-04-10T08:33:34+00:00","dateModified":"2026-04-11T09:09:03+00:00","description":"Tienda Al Fakher Nic Salt E-L\u00edquido 10ml 20mg (2%). Disfrute de un suave jugo de vape con una amplia gama de sabores incluyendo menta, frutas y mezclas heladas.","breadcrumb":{"@id":"https:\/\/vapemaison.com\/product\/al-fakher-nic-salt-e-liquid-10ml-20mg-2-multiple-flavours-available\/#breadcrumb"},"inLanguage":"es","potentialAction":[{"@type":"ReadAction","target":["https:\/\/vapemaison.com\/product\/al-fakher-nic-salt-e-liquid-10ml-20mg-2-multiple-flavours-available\/"]}]},{"@type":"ImageObject","inLanguage":"es","@id":"https:\/\/vapemaison.com\/product\/al-fakher-nic-salt-e-liquid-10ml-20mg-2-multiple-flavours-available\/#primaryimage","url":"https:\/\/vapemaison.com\/wp-content\/uploads\/2026\/04\/vapemaison-al-fakher-peach-ice-10ml-nic-salt-e-liquid.webp","contentUrl":"https:\/\/vapemaison.com\/wp-content\/uploads\/2026\/04\/vapemaison-al-fakher-peach-ice-10ml-nic-salt-e-liquid.webp","width":900,"height":900,"caption":"vapemaison-al-fakher-peach-ice-10ml-nic-salt-e-liquid"},{"@type":"BreadcrumbList","@id":"https:\/\/vapemaison.com\/product\/al-fakher-nic-salt-e-liquid-10ml-20mg-2-multiple-flavours-available\/#breadcrumb","itemListElement":[{"@type":"ListItem","position":1,"name":"\u9996\u9875","item":"https:\/\/vapemaison.com\/"},{"@type":"ListItem","position":2,"name":"Shop","item":"https:\/\/vapemaison.com\/shop\/"},{"@type":"ListItem","position":3,"name":"Al Fakher","item":"https:\/\/vapemaison.com\/brand\/al-fakher\/"},{"@type":"ListItem","position":4,"name":"Al Fakher Nic Salt E-Liquid 10ml 20mg (2%) \u2013 Multiple Flavours Available"}]},{"@type":"WebSite","@id":"https:\/\/vapemaison.com\/#website","url":"https:\/\/vapemaison.com\/","name":"VapeMaison","description":"Dispositivos y accesorios premium para vapear","publisher":{"@id":"https:\/\/vapemaison.com\/#organization"},"potentialAction":[{"@type":"SearchAction","target":{"@type":"EntryPoint","urlTemplate":"https:\/\/vapemaison.com\/?s={search_term_string}"},"query-input":{"@type":"PropertyValueSpecification","valueRequired":true,"valueName":"search_term_string"}}],"inLanguage":"es"},{"@type":"Organization","@id":"https:\/\/vapemaison.com\/#organization","name":"VapeMaison","url":"https:\/\/vapemaison.com\/","logo":{"@type":"ImageObject","inLanguage":"es","@id":"https:\/\/vapemaison.com\/#\/schema\/logo\/image\/","url":"https:\/\/vapemaison.com\/wp-content\/uploads\/2026\/01\/cropped-vapemaison-logo-g-2026.webp","contentUrl":"https:\/\/vapemaison.com\/wp-content\/uploads\/2026\/01\/cropped-vapemaison-logo-g-2026.webp","width":350,"height":280,"caption":"VapeMaison"},"image":{"@id":"https:\/\/vapemaison.com\/#\/schema\/logo\/image\/"},"sameAs":["https:\/\/www.youtube.com\/@VapeMaison"]}]}},"tiered_pricing_type":"fixed","tiered_pricing_fixed_rules":{"30":"1.99","100":"1.79"},"tiered_pricing_product_settings":{"layout":"default","base_unit_name":{"singular":null,"plural":null},"default_variation":null},"tiered_pricing_minimum_quantity":10,"tiered_pricing_roles_data":[],"tiered_pricing_percentage_rules":[],"tiered_pricing_maximum_quantity":null,"tiered_pricing_quantity_step":"10","_links":{"self":[{"href":"https:\/\/vapemaison.com\/es\/wp-json\/wp\/v2\/product\/29184","targetHints":{"allow":["GET"]}}],"collection":[{"href":"https:\/\/vapemaison.com\/es\/wp-json\/wp\/v2\/product"}],"about":[{"href":"https:\/\/vapemaison.com\/es\/wp-json\/wp\/v2\/types\/product"}],"replies":[{"embeddable":true,"href":"https:\/\/vapemaison.com\/es\/wp-json\/wp\/v2\/comments?post=29184"}],"version-history":[{"count":2,"href":"https:\/\/vapemaison.com\/es\/wp-json\/wp\/v2\/product\/29184\/revisions"}],"predecessor-version":[{"id":29288,"href":"https:\/\/vapemaison.com\/es\/wp-json\/wp\/v2\/product\/29184\/revisions\/29288"}],"wp:featuredmedia":[{"embeddable":true,"href":"https:\/\/vapemaison.com\/es\/wp-json\/wp\/v2\/media\/29220"}],"wp:attachment":[{"href":"https:\/\/vapemaison.com\/es\/wp-json\/wp\/v2\/media?parent=29184"}],"wp:term":[{"taxonomy":"product_brand","embeddable":true,"href":"https:\/\/vapemaison.com\/es\/wp-json\/wp\/v2\/product_brand?post=29184"},{"taxonomy":"product_cat","embeddable":true,"href":"https:\/\/vapemaison.com\/es\/wp-json\/wp\/v2\/product_cat?post=29184"},{"taxonomy":"product_tag","embeddable":true,"href":"https:\/\/vapemaison.com\/es\/wp-json\/wp\/v2\/product_tag?post=29184"}],"curies":[{"name":"wp","href":"https:\/\/api.w.org\/{rel}","templated":true}]}}