

{"id":7290,"date":"2025-10-16T06:44:01","date_gmt":"2025-10-16T06:44:01","guid":{"rendered":"https:\/\/vapemaison.com\/?post_type=product&#038;p=7290"},"modified":"2026-02-10T09:22:08","modified_gmt":"2026-02-10T09:22:08","slug":"bang-king-30000-puffs-vape-desechable","status":"publish","type":"product","link":"https:\/\/vapemaison.com\/es\/product\/bang-king-30000-puffs-disposable-vape\/","title":{"rendered":"Bang King 30k Puffs Vape Desechable"},"content":{"rendered":"<p>Maximice el valor de su vapeo con el <strong>Bang King 30.000<\/strong>, Un dispositivo potente dise\u00f1ado para aquellos que dan prioridad a la resistencia y la variedad. Hemos dise\u00f1ado este modelo con dos dep\u00f3sitos y una pantalla LED de alta tecnolog\u00eda, para que siempre tengas el control de tu experiencia. Adem\u00e1s, su enorme cantidad de caladas le permite disfrutar de semanas de uso sin la molestia de tener que sustituirlo a menudo.<\/p>\n\n\n\n<h3 class=\"wp-block-heading\">Por qu\u00e9 destaca el Bang King 30K<\/h3>\n\n\n\n<p>El Bang King 30.000 ofrece un vapor consistente y sabroso dentro de un chasis elegante y port\u00e1til. <strong>Adem\u00e1s<\/strong>, Adem\u00e1s, el interruptor de doble sabor integrado le permite alternar entre dos sabores distintos al instante. Por lo tanto, se obtiene la variedad de dos dispositivos en un cuerpo compacto. Adem\u00e1s, la clara pantalla LCD controla la duraci\u00f3n de la bater\u00eda y el n\u00famero de caladas en tiempo real, eliminando cualquier conjetura.<\/p>\n\n\n\n<h3 class=\"wp-block-heading\">Especificaciones b\u00e1sicas<\/h3>\n\n\n\n<figure class=\"wp-block-table is-style-stripes\"><table class=\"has-fixed-layout\"><thead><tr><td><strong>Caracter\u00edstica<\/strong><\/td><td><strong>Detalles t\u00e9cnicos<\/strong><\/td><\/tr><\/thead><tbody><tr><td><strong>N\u00famero m\u00e1ximo de caladas<\/strong><\/td><td>Hasta 30.000 bocanadas<\/td><\/tr><tr><td><strong>Capacidad de e-l\u00edquido<\/strong><\/td><td>36 ml (sistema de doble dep\u00f3sito)<\/td><\/tr><tr><td><strong>Tipo de bater\u00eda<\/strong><\/td><td>550 mAh (recargable)<\/td><\/tr><tr><td><strong>Puerto de carga<\/strong><\/td><td>Carga r\u00e1pida Tipo-C<\/td><\/tr><tr><td><strong>Elemento calefactor<\/strong><\/td><td>Bobina de malla 1.0\u03a9 (Vapor mejorado)<\/td><\/tr><tr><td><strong>Interfaz de usuario<\/strong><\/td><td>Pantalla LCD (bater\u00eda y Puff Tracker)<\/td><\/tr><tr><td><strong>Sistema de sabor<\/strong><\/td><td>Mecanismo interruptor de doble sabor<\/td><\/tr><tr><td><strong>Opciones de nicotina<\/strong><\/td><td>0% \/ 2% \/ 3% \/ 5%<\/td><\/tr><\/tbody><\/table><\/figure>\n\n\n\n<h3 class=\"wp-block-heading\">Principales ventajas para usuarios y minoristas<\/h3>\n\n\n\n<ul class=\"wp-block-list\">\n<li><strong>Longevidad inigualable:<\/strong> Debido a que este dispositivo ofrece 30k caladas, sirve como una soluci\u00f3n muy rentable para vapers pesados.<\/li>\n\n\n\n<li><strong>Carga r\u00e1pida:<\/strong> El puerto Type-C garantiza un tiempo de inactividad m\u00ednimo. Por tanto, tu dispositivo estar\u00e1 listo siempre que lo necesites.<\/li>\n\n\n\n<li><strong>Listo para la venta al por mayor:<\/strong> Dado que combina un dise\u00f1o moderno con una gran capacidad, este modelo ofrece un rendimiento excepcional en las estanter\u00edas de los comercios.<\/li>\n\n\n\n<li><strong>Calidad constante:<\/strong> Nuestra bobina de malla 1.0\u03a9 mantiene una temperatura de vapor estable. Como resultado, cada calada sabe tan fresca como la primera.<\/li>\n<\/ul>\n\n\n\n<h3 class=\"wp-block-heading\">Men\u00fa Premium de dos sabores<\/h3>\n\n\n\n<p>Cada dispositivo cuenta con un d\u00fao de sabores expertamente emparejados. Solo tienes que cambiar para adaptarlo a tu estado de \u00e1nimo:<\/p>\n\n\n\n<ol start=\"1\" class=\"wp-block-list\">\n<li><strong>Hielo de ar\u00e1ndanos<\/strong> &amp; <strong>Hielo del Drag\u00f3n Negro<\/strong><\/li>\n\n\n\n<li><strong>Hielo de ar\u00e1ndanos<\/strong> &amp; <strong>Fresa Pl\u00e1tano<\/strong><\/li>\n\n\n\n<li><strong>Ar\u00e1ndano Frambuesa<\/strong> &amp; <strong>Frutas variadas<\/strong><\/li>\n\n\n\n<li><strong>Ar\u00e1ndano Frambuesa<\/strong> &amp; <strong>Melocot\u00f3n Mango Sand\u00eda<\/strong><\/li>\n\n\n\n<li><strong>Red Bull<\/strong> &amp; <strong>Sand\u00eda con ar\u00e1ndanos<\/strong><\/li>\n\n\n\n<li><strong>Red Bull<\/strong> &amp; <strong>Caramelos burbuja de sand\u00eda<\/strong><\/li>\n\n\n\n<li><strong>Sand\u00eda con fresa<\/strong> &amp; <strong>Hielo de uva<\/strong><\/li>\n\n\n\n<li><strong>Fresa Kiwi<\/strong> &amp; <strong>Melocot\u00f3n helado<\/strong><\/li>\n\n\n\n<li><strong>Fresa Kiwi<\/strong> &amp; <strong>Manzana \u00e1cida Frambuesa<\/strong><\/li>\n\n\n\n<li><strong>Sand\u00eda con fresa<\/strong> &amp; <strong>Kiwi Fruta de la pasi\u00f3n Guayaba<\/strong><\/li>\n\n\n\n<li><strong>Hielo de sand\u00eda<\/strong> &amp; <strong>Menta con ar\u00e1ndanos<\/strong><\/li>\n\n\n\n<li><strong>Hielo de sand\u00eda<\/strong> &amp; <strong>Fresa Mango<\/strong><\/li>\n<\/ol>\n\n\n\n<h3 class=\"wp-block-heading\">Haga su pedido ahora y ahorre al por mayor<\/h3>\n\n\n\n<p><strong>En conclusi\u00f3n<\/strong>, Bang King 30.000 ofrece el equilibrio perfecto entre comodidad y variedad. <strong>Adem\u00e1s<\/strong>, Ofrecemos precios al por mayor competitivos para pedidos al por mayor para ayudarle a maximizar sus m\u00e1rgenes. <strong>En su lugar<\/strong> de conformarse con los desechables b\u00e1sicos, actual\u00edcese hoy mismo al rey de doble sabor.<\/p>\n\n\n\n<p>Si desea explorar m\u00e1s dispositivos de la misma marca, puede ver nuestra completa\u00a0<strong><a href=\"https:\/\/vapemaison.com\/\">Colecci\u00f3n Bang Vape desechable<\/a><\/strong>\u00a0para comparar diferentes modelos y cantidades de caladas. Para los usuarios que buscan un mayor rendimiento de vaporizaci\u00f3n, este dispositivo tambi\u00e9n forma parte de nuestra gama de productos.\u00a0<strong><a href=\"https:\/\/vapemaison.com\/product-category\/puffs-count\/30k-puffs\/\">Vapeador desechable de 30.000 caladas<\/a><\/strong>\u00a0con un uso duradero y dise\u00f1os de gran capacidad. Si est\u00e1 comparando opciones similares de gran capacidad, la\u00a0<strong><a href=\"https:\/\/vapemaison.com\/product\/bang-leader-stoll-300k-puffs-disposable-vape\/\">Bang 300k Puffs Vape Desechable<\/a><\/strong>\u00a0y el\u00a0<strong><a href=\"https:\/\/vapemaison.com\/product\/solaris-champagne-30k-puffs-rechargeable-disposable-vape\/\">Solaris Champ\u00e1n 30K<\/a><\/strong>\u00a0son alternativas populares con capacidad y rendimiento comparables.<\/p>\n\n\n\n<h2 class=\"wp-block-heading\">PREGUNTAS FRECUENTES<\/h2>\n\n\n\n<h3 class=\"wp-block-heading\"><strong>\u00bfCu\u00e1ntas caladas ofrece realmente la Bang King 30.000?<\/strong> <\/h3>\n\n\n\n<p>Este dispositivo proporciona hasta <strong>30.000 bocanadas<\/strong> utilizando su enorme sistema de doble tanque de 36mL. Adem\u00e1s, la bobina de malla de 1.0\u03a9 garantiza que cada calada siga siendo eficiente y sabrosa. En consecuencia, obtendr\u00e1 m\u00e1s valor y un uso m\u00e1s prolongado en comparaci\u00f3n con los desechables est\u00e1ndar.<\/p>\n\n\n\n<h3 class=\"wp-block-heading\"><strong>\u00bfC\u00f3mo cambio entre los dos sabores?<\/strong> <\/h3>\n\n\n\n<p> Hemos dise\u00f1ado la Bang King 30k con un sencillo <strong>mecanismo de conmutaci\u00f3n manual<\/strong>. Puede alternar f\u00e1cilmente entre los dos tanques precargados para cambiar su perfil de sabor al instante. Adem\u00e1s, esta caracter\u00edstica le permite disfrutar de la variedad sin llevar varios dispositivos.<\/p>\n\n\n\n<h3 class=\"wp-block-heading\"><strong>\u00bfCu\u00e1nto tarda en cargarse la bater\u00eda?<\/strong> <\/h3>\n\n\n\n<p> La bater\u00eda de 550 mAh admite <strong>Carga r\u00e1pida Tipo-C<\/strong>, lo que reduce significativamente los tiempos de espera. Normalmente, puede alcanzar una carga completa en unos 30-45 minutos. Por lo tanto, pasar\u00e1s menos tiempo en el punto de venta y m\u00e1s disfrutando de tu vapeo.<\/p>\n\n\n\n<h3 class=\"wp-block-heading\"><strong>\u00bfPuedo controlar mis niveles de e-l\u00edquido y bater\u00eda?<\/strong> <\/h3>\n\n\n\n<p>S\u00ed, el sistema integrado <strong>Pantalla LCD<\/strong> muestra en tiempo real el estado de la bater\u00eda y el n\u00famero de caladas. Por lo tanto, siempre sabr\u00e1s exactamente cu\u00e1ndo recargar, lo que elimina la frustraci\u00f3n de una bater\u00eda muerta repentina.<\/p>\n\n\n\n<h3 class=\"wp-block-heading\"><strong>\u00bfEste aparato es adecuado para pedidos al por mayor o a granel?<\/strong> <\/h3>\n\n\n\n<p> Absolutamente. Ofrecemos <strong>precios al por mayor<\/strong> para el Bang King 30k porque es un modelo de alto rendimiento para las estanter\u00edas de los minoristas. Adem\u00e1s, ofrecemos todas las concentraciones de nicotina (de 0% a 5%) para satisfacer las demandas espec\u00edficas de su mercado.<\/p>\n\n\n\n<p><\/p>","protected":false},"excerpt":{"rendered":"<p>El vaporizador desechable Bang King 30000 Puffs combina potencia, sabor y estilo. Con 36 ml de e-l\u00edquido, bater\u00eda recargable de tipo C y pantalla LCD, ofrece un vapor suave y diversi\u00f3n de doble sabor. Elija entre varios niveles de nicotina y disfrute de hasta 30.000 caladas.<\/p>","protected":false},"featured_media":9493,"comment_status":"open","ping_status":"closed","template":"","meta":[],"product_brand":[57],"product_cat":[134,142],"product_tag":[],"class_list":{"0":"post-7290","1":"product","2":"type-product","3":"status-publish","4":"has-post-thumbnail","6":"product_brand-bang","7":"product_cat-30k-puffs","8":"product_cat-eu-stock","10":"first","11":"instock","12":"shipping-taxable","13":"purchasable","14":"product-type-variable"},"yoast_head":"<!-- This site is optimized with the Yoast SEO plugin v27.4 - https:\/\/yoast.com\/product\/yoast-seo-wordpress\/ -->\n<title>Bang King 30k Puffs Disposable Vape Dual Flavor<\/title>\n<meta name=\"description\" content=\"Bang King 30000 Puffs Disposable Vape with dual flavor switching, 36ml e-liquid, and 550mAh rechargeable battery. Featuring an LED scree.\" \/>\n<meta name=\"robots\" content=\"index, follow, max-snippet:-1, max-image-preview:large, max-video-preview:-1\" \/>\n<link rel=\"canonical\" href=\"https:\/\/vapemaison.com\/es\/producto\/bang-king-30000-puffs-vape-desechable\/\" \/>\n<meta property=\"og:locale\" content=\"es_ES\" \/>\n<meta property=\"og:type\" content=\"article\" \/>\n<meta property=\"og:title\" content=\"Bang King 30k Puffs Disposable Vape Dual Flavor\" \/>\n<meta property=\"og:description\" content=\"Bang King 30000 Puffs Disposable Vape with dual flavor switching, 36ml e-liquid, and 550mAh rechargeable battery. Featuring an LED scree.\" \/>\n<meta property=\"og:url\" content=\"https:\/\/vapemaison.com\/es\/producto\/bang-king-30000-puffs-vape-desechable\/\" \/>\n<meta property=\"og:site_name\" content=\"VapeMaison\" \/>\n<meta property=\"article:modified_time\" content=\"2026-02-10T09:22:08+00:00\" \/>\n<meta property=\"og:image\" content=\"https:\/\/vapemaison.com\/wp-content\/uploads\/2025\/10\/bang-king-30000-puffs-disposable-vape-main-picture-e1763519670569.png\" \/>\n\t<meta property=\"og:image:width\" content=\"500\" \/>\n\t<meta property=\"og:image:height\" content=\"500\" \/>\n\t<meta property=\"og:image:type\" content=\"image\/png\" \/>\n<meta name=\"twitter:card\" content=\"summary_large_image\" \/>\n<meta name=\"twitter:label1\" content=\"Tiempo de lectura\" \/>\n\t<meta name=\"twitter:data1\" content=\"4 minutos\" \/>\n<!-- \/ Yoast SEO plugin. -->","yoast_head_json":{"title":"Bang King 30k Puffs Vape Desechable Doble Sabor","description":"Bang King 30000 Puffs Vapeador desechable con doble cambio de sabor, 36ml de e-l\u00edquido, y bater\u00eda recargable de 550mAh. Con una pantalla LED.","robots":{"index":"index","follow":"follow","max-snippet":"max-snippet:-1","max-image-preview":"max-image-preview:large","max-video-preview":"max-video-preview:-1"},"canonical":"https:\/\/vapemaison.com\/es\/producto\/bang-king-30000-puffs-vape-desechable\/","og_locale":"es_ES","og_type":"article","og_title":"Bang King 30k Puffs Disposable Vape Dual Flavor","og_description":"Bang King 30000 Puffs Disposable Vape with dual flavor switching, 36ml e-liquid, and 550mAh rechargeable battery. Featuring an LED scree.","og_url":"https:\/\/vapemaison.com\/es\/producto\/bang-king-30000-puffs-vape-desechable\/","og_site_name":"VapeMaison","article_modified_time":"2026-02-10T09:22:08+00:00","og_image":[{"width":500,"height":500,"url":"https:\/\/vapemaison.com\/wp-content\/uploads\/2025\/10\/bang-king-30000-puffs-disposable-vape-main-picture-e1763519670569.png","type":"image\/png"}],"twitter_card":"summary_large_image","twitter_misc":{"Tiempo de lectura":"4 minutos"},"schema":{"@context":"https:\/\/schema.org","@graph":[{"@type":"WebPage","@id":"https:\/\/vapemaison.com\/product\/bang-king-30000-puffs-disposable-vape\/","url":"https:\/\/vapemaison.com\/product\/bang-king-30000-puffs-disposable-vape\/","name":"Bang King 30k Puffs Vape Desechable Doble Sabor","isPartOf":{"@id":"https:\/\/vapemaison.com\/#website"},"primaryImageOfPage":{"@id":"https:\/\/vapemaison.com\/product\/bang-king-30000-puffs-disposable-vape\/#primaryimage"},"image":{"@id":"https:\/\/vapemaison.com\/product\/bang-king-30000-puffs-disposable-vape\/#primaryimage"},"thumbnailUrl":"https:\/\/vapemaison.com\/wp-content\/uploads\/2025\/10\/bang-king-30000-puffs-disposable-vape-main-picture-e1763519670569.png","datePublished":"2025-10-16T06:44:01+00:00","dateModified":"2026-02-10T09:22:08+00:00","description":"Bang King 30000 Puffs Vapeador desechable con doble cambio de sabor, 36ml de e-l\u00edquido, y bater\u00eda recargable de 550mAh. Con una pantalla LED.","breadcrumb":{"@id":"https:\/\/vapemaison.com\/product\/bang-king-30000-puffs-disposable-vape\/#breadcrumb"},"inLanguage":"es","potentialAction":[{"@type":"ReadAction","target":["https:\/\/vapemaison.com\/product\/bang-king-30000-puffs-disposable-vape\/"]}]},{"@type":"ImageObject","inLanguage":"es","@id":"https:\/\/vapemaison.com\/product\/bang-king-30000-puffs-disposable-vape\/#primaryimage","url":"https:\/\/vapemaison.com\/wp-content\/uploads\/2025\/10\/bang-king-30000-puffs-disposable-vape-main-picture-e1763519670569.png","contentUrl":"https:\/\/vapemaison.com\/wp-content\/uploads\/2025\/10\/bang-king-30000-puffs-disposable-vape-main-picture-e1763519670569.png","width":500,"height":500,"caption":"Bang King Puffs Disposable Vape Main Picture E"},{"@type":"BreadcrumbList","@id":"https:\/\/vapemaison.com\/product\/bang-king-30000-puffs-disposable-vape\/#breadcrumb","itemListElement":[{"@type":"ListItem","position":1,"name":"\u9996\u9875","item":"https:\/\/vapemaison.com\/"},{"@type":"ListItem","position":2,"name":"Shop","item":"https:\/\/vapemaison.com\/shop\/"},{"@type":"ListItem","position":3,"name":"Bang","item":"https:\/\/vapemaison.com\/brand\/bang\/"},{"@type":"ListItem","position":4,"name":"Bang King 30k Puffs Disposable Vape"}]},{"@type":"WebSite","@id":"https:\/\/vapemaison.com\/#website","url":"https:\/\/vapemaison.com\/","name":"VapeMaison","description":"Dispositivos y accesorios premium para vapear","publisher":{"@id":"https:\/\/vapemaison.com\/#organization"},"potentialAction":[{"@type":"SearchAction","target":{"@type":"EntryPoint","urlTemplate":"https:\/\/vapemaison.com\/?s={search_term_string}"},"query-input":{"@type":"PropertyValueSpecification","valueRequired":true,"valueName":"search_term_string"}}],"inLanguage":"es"},{"@type":"Organization","@id":"https:\/\/vapemaison.com\/#organization","name":"VapeMaison","url":"https:\/\/vapemaison.com\/","logo":{"@type":"ImageObject","inLanguage":"es","@id":"https:\/\/vapemaison.com\/#\/schema\/logo\/image\/","url":"https:\/\/vapemaison.com\/wp-content\/uploads\/2026\/01\/cropped-vapemaison-logo-g-2026.webp","contentUrl":"https:\/\/vapemaison.com\/wp-content\/uploads\/2026\/01\/cropped-vapemaison-logo-g-2026.webp","width":350,"height":280,"caption":"VapeMaison"},"image":{"@id":"https:\/\/vapemaison.com\/#\/schema\/logo\/image\/"},"sameAs":["https:\/\/www.youtube.com\/@VapeMaison"]}]}},"tiered_pricing_type":"fixed","tiered_pricing_fixed_rules":{"30":"11.98","50":"10.98","100":"9.65","200":"8.32"},"tiered_pricing_product_settings":{"layout":"default","base_unit_name":{"singular":null,"plural":null},"default_variation":null},"tiered_pricing_minimum_quantity":10,"tiered_pricing_roles_data":[],"tiered_pricing_percentage_rules":[],"tiered_pricing_maximum_quantity":null,"tiered_pricing_quantity_step":"10","_links":{"self":[{"href":"https:\/\/vapemaison.com\/es\/wp-json\/wp\/v2\/product\/7290","targetHints":{"allow":["GET"]}}],"collection":[{"href":"https:\/\/vapemaison.com\/es\/wp-json\/wp\/v2\/product"}],"about":[{"href":"https:\/\/vapemaison.com\/es\/wp-json\/wp\/v2\/types\/product"}],"replies":[{"embeddable":true,"href":"https:\/\/vapemaison.com\/es\/wp-json\/wp\/v2\/comments?post=7290"}],"version-history":[{"count":2,"href":"https:\/\/vapemaison.com\/es\/wp-json\/wp\/v2\/product\/7290\/revisions"}],"predecessor-version":[{"id":26142,"href":"https:\/\/vapemaison.com\/es\/wp-json\/wp\/v2\/product\/7290\/revisions\/26142"}],"wp:featuredmedia":[{"embeddable":true,"href":"https:\/\/vapemaison.com\/es\/wp-json\/wp\/v2\/media\/9493"}],"wp:attachment":[{"href":"https:\/\/vapemaison.com\/es\/wp-json\/wp\/v2\/media?parent=7290"}],"wp:term":[{"taxonomy":"product_brand","embeddable":true,"href":"https:\/\/vapemaison.com\/es\/wp-json\/wp\/v2\/product_brand?post=7290"},{"taxonomy":"product_cat","embeddable":true,"href":"https:\/\/vapemaison.com\/es\/wp-json\/wp\/v2\/product_cat?post=7290"},{"taxonomy":"product_tag","embeddable":true,"href":"https:\/\/vapemaison.com\/es\/wp-json\/wp\/v2\/product_tag?post=7290"}],"curies":[{"name":"wp","href":"https:\/\/api.w.org\/{rel}","templated":true}]}}