

{"id":7296,"date":"2025-10-16T06:47:28","date_gmt":"2025-10-16T06:47:28","guid":{"rendered":"https:\/\/vapemaison.com\/?post_type=product&#038;p=7296"},"modified":"2026-05-15T06:18:39","modified_gmt":"2026-05-15T06:18:39","slug":"waspe-aiviou-60000-puffs-3en1-vape-desechable","status":"publish","type":"product","link":"https:\/\/vapemaison.com\/es\/product\/waspe-aiviou-60000-puffs-3in1-disposable-vape\/","title":{"rendered":"WASPE 60k Puffs | Pantalla LED Vape Recargable"},"content":{"rendered":"<h3 class=\"wp-block-heading\"><strong>WASPE AIVIOU 60k Puffs Vape Desechable | 3 Sabores en Uno<\/strong><\/h3>\n\n\n\n<p>En <strong>WASPE<\/strong> AIVIOU 60000 Puffs aporta la m\u00e1xima comodidad al vapeo.<br>Cada dispositivo contiene tres deliciosos sabores, una capacidad masiva de 54 ml de e-l\u00edquido, y una pantalla LED que muestra los niveles de bater\u00eda y l\u00edquido.Con una bater\u00eda recargable Tipo-C y un sistema de triple bobina de malla, disfrutar\u00e1s de un vapor suave, un rico sabor y una satisfacci\u00f3n duradera.<\/p>\n\n\n\n<h3 class=\"wp-block-heading\"><strong>Caracter\u00edsticas principales<\/strong><\/h3>\n\n\n\n<ul class=\"wp-block-list\">\n<li><strong>Hasta 60.000 caladas:<\/strong> Larga vida \u00fatil para usuarios intensivos.<\/li>\n\n\n\n<li><strong>3 Sabores en 1 Dispositivo:<\/strong> Cambie f\u00e1cilmente de sabor para disfrutar de una nueva experiencia.<\/li>\n\n\n\n<li><strong>Pantalla LED:<\/strong> Controla los niveles de bater\u00eda y e-l\u00edquido en tiempo real.<\/li>\n\n\n\n<li><strong>Bater\u00eda recargable:<\/strong> La carga r\u00e1pida Type-C garantiza un uso continuo.<\/li>\n\n\n\n<li><strong>Bobinas de malla triple:<\/strong> Proporciona un vapor denso y un sabor intenso.<\/li>\n\n\n\n<li><strong>Compacto y ligero:<\/strong> (47 mm \u00d7 47 mm \u00d7 116 mm) para facilitar su manejo.<\/li>\n\n\n\n<li><strong>Opciones de nicotina:<\/strong> 0%, 2% o 5%.<\/li>\n<\/ul>\n\n\n\n<h3 class=\"wp-block-heading\"><strong>Combinaciones de sabores disponibles<\/strong><\/h3>\n\n\n\n<ol class=\"wp-block-list\">\n<li>Sand\u00eda Helada - Fresa Kiwi - Lim\u00f3n Lima<\/li>\n\n\n\n<li>Fresa Sand\u00eda - Fresa Frambuesa Caramelo - Uva Hielo<\/li>\n\n\n\n<li>Hielo de ar\u00e1ndano - Hielo de drag\u00f3n negro - Hielo de cereza efervescente<\/li>\n\n\n\n<li>Fresa Frambuesa Cereza - Love 666 - Cherry Candy Ice<\/li>\n\n\n\n<li>Melocot\u00f3n Helado - Pi\u00f1a Mango Melocot\u00f3n - Ar\u00e1ndano Lim\u00f3n<\/li>\n\n\n\n<li>Red Bull Ice - Fresa Mango - Fresa Sand\u00eda Chicle<\/li>\n\n\n\n<li>Mezcla de bayas - Gominolas - Mezcla de frutas<\/li>\n\n\n\n<li>Triple Mel\u00f3n Helado - Caramelo Arco Iris - Caramelo Ar\u00e1ndano<\/li>\n\n\n\n<li>Uva Ice - Fresa Candy - Fresa Frambuesa Cereza<\/li>\n\n\n\n<li>Fresa Pl\u00e1tano - Pi\u00f1a Coco Hielo - Mango Hielo<\/li>\n\n\n\n<li>Cola Ice Cereza - Cola Fresa - Cola Ice<\/li>\n\n\n\n<li>Frambuesa con ar\u00e1ndanos - Algod\u00f3n de az\u00facar con ar\u00e1ndanos - Doble manzana helada<\/li>\n<\/ol>\n\n\n\n<p>Descubra vaping premium en <a href=\"https:\/\/vapemaison.com\/\">VapeMaison<\/a>, su destino de calidad e innovaci\u00f3n. Explore toda nuestra selecci\u00f3n en la <a href=\"https:\/\/vapemaison.com\/shop\/\">Tienda<\/a> o consulte la popular p\u00e1gina <a href=\"https:\/\/vapemaison.com\/brand\/bang\/\">Bang<\/a> y <a href=\"https:\/\/vapemaison.com\/brand\/waspe\/\">WASPE<\/a> que adoran los vapers de todo el mundo. \u00bfBuscas m\u00e1s opciones? Echa un vistazo a todos nuestros <a href=\"https:\/\/vapemaison.com\/product-category\/puffs-count\/\">Puffs<\/a> dispositivos para encontrar el vape perfecto para tu estilo y gusto.<\/p>","protected":false},"excerpt":{"rendered":"<p>Disfrute de una vaporizaci\u00f3n de larga duraci\u00f3n con el <strong data-start=\"1068\" data-end=\"1112\">WASPE AIVIOU 60000 Puffs Vape Desechable<\/strong>. Dise\u00f1ado para mayoristas europeos y amantes del vapeo, este dispositivo 3 en 1 combina comodidad, variedad y rendimiento. Disfruta de hasta 60.000 caladas con una pantalla LED, 54 ml de e-l\u00edquido y una bater\u00eda recargable Type-C.<\/p>","protected":false},"featured_media":7985,"comment_status":"open","ping_status":"closed","template":"","meta":[],"product_brand":[59],"product_cat":[137],"product_tag":[],"class_list":{"0":"post-7296","1":"product","2":"type-product","3":"status-publish","4":"has-post-thumbnail","6":"product_brand-waspe","7":"product_cat-60k-puffs","9":"first","10":"instock","11":"sale","12":"featured","13":"shipping-taxable","14":"purchasable","15":"product-type-variable"},"yoast_head":"<!-- This site is optimized with the Yoast SEO plugin v27.4 - https:\/\/yoast.com\/product\/yoast-seo-wordpress\/ -->\n<title>WASPE AIVIOU 60k Puffs | 3 in 1 Flavors Disposable Vape<\/title>\n<meta name=\"description\" content=\"Discover the WASPE AIVIOU 60k Puffs Disposable Vape.featuring 3 flavors in one device. Perfect for wholesalers and vape retailers across Europe.\" \/>\n<meta name=\"robots\" content=\"index, follow, max-snippet:-1, max-image-preview:large, max-video-preview:-1\" \/>\n<link rel=\"canonical\" href=\"https:\/\/vapemaison.com\/es\/producto\/waspe-aiviou-60000-puffs-3en1-vape-desechable\/\" \/>\n<meta property=\"og:locale\" content=\"es_ES\" \/>\n<meta property=\"og:type\" content=\"article\" \/>\n<meta property=\"og:title\" content=\"WASPE AIVIOU 60k Puffs | 3 in 1 Flavors Disposable Vape\" \/>\n<meta property=\"og:description\" content=\"Discover the WASPE AIVIOU 60k Puffs Disposable Vape.featuring 3 flavors in one device. Perfect for wholesalers and vape retailers across Europe.\" \/>\n<meta property=\"og:url\" content=\"https:\/\/vapemaison.com\/es\/producto\/waspe-aiviou-60000-puffs-3en1-vape-desechable\/\" \/>\n<meta property=\"og:site_name\" content=\"VapeMaison\" \/>\n<meta property=\"article:modified_time\" content=\"2026-05-15T06:18:39+00:00\" \/>\n<meta property=\"og:image\" content=\"https:\/\/vapemaison.com\/wp-content\/uploads\/2025\/10\/waspe-3in1-60k-0.jpg\" \/>\n\t<meta property=\"og:image:width\" content=\"1200\" \/>\n\t<meta property=\"og:image:height\" content=\"1200\" \/>\n\t<meta property=\"og:image:type\" content=\"image\/jpeg\" \/>\n<meta name=\"twitter:card\" content=\"summary_large_image\" \/>\n<meta name=\"twitter:label1\" content=\"Tiempo de lectura\" \/>\n\t<meta name=\"twitter:data1\" content=\"2 minutos\" \/>\n<!-- \/ Yoast SEO plugin. -->","yoast_head_json":{"title":"WASPE AIVIOU 60k Puffs | 3 en 1 Sabores Vape Desechable","description":"Descubra el Vapeador Desechable WASPE AIVIOU 60k Puffs.con 3 sabores en un solo dispositivo. Perfecto para mayoristas y minoristas de vapeo de toda Europa.","robots":{"index":"index","follow":"follow","max-snippet":"max-snippet:-1","max-image-preview":"max-image-preview:large","max-video-preview":"max-video-preview:-1"},"canonical":"https:\/\/vapemaison.com\/es\/producto\/waspe-aiviou-60000-puffs-3en1-vape-desechable\/","og_locale":"es_ES","og_type":"article","og_title":"WASPE AIVIOU 60k Puffs | 3 in 1 Flavors Disposable Vape","og_description":"Discover the WASPE AIVIOU 60k Puffs Disposable Vape.featuring 3 flavors in one device. Perfect for wholesalers and vape retailers across Europe.","og_url":"https:\/\/vapemaison.com\/es\/producto\/waspe-aiviou-60000-puffs-3en1-vape-desechable\/","og_site_name":"VapeMaison","article_modified_time":"2026-05-15T06:18:39+00:00","og_image":[{"width":1200,"height":1200,"url":"https:\/\/vapemaison.com\/wp-content\/uploads\/2025\/10\/waspe-3in1-60k-0.jpg","type":"image\/jpeg"}],"twitter_card":"summary_large_image","twitter_misc":{"Tiempo de lectura":"2 minutos"},"schema":{"@context":"https:\/\/schema.org","@graph":[{"@type":"WebPage","@id":"https:\/\/vapemaison.com\/product\/waspe-aiviou-60000-puffs-3in1-disposable-vape\/","url":"https:\/\/vapemaison.com\/product\/waspe-aiviou-60000-puffs-3in1-disposable-vape\/","name":"WASPE AIVIOU 60k Puffs | 3 en 1 Sabores Vape Desechable","isPartOf":{"@id":"https:\/\/vapemaison.com\/#website"},"primaryImageOfPage":{"@id":"https:\/\/vapemaison.com\/product\/waspe-aiviou-60000-puffs-3in1-disposable-vape\/#primaryimage"},"image":{"@id":"https:\/\/vapemaison.com\/product\/waspe-aiviou-60000-puffs-3in1-disposable-vape\/#primaryimage"},"thumbnailUrl":"https:\/\/vapemaison.com\/wp-content\/uploads\/2025\/10\/waspe-3in1-60k-0.jpg","datePublished":"2025-10-16T06:47:28+00:00","dateModified":"2026-05-15T06:18:39+00:00","description":"Descubra el Vapeador Desechable WASPE AIVIOU 60k Puffs.con 3 sabores en un solo dispositivo. Perfecto para mayoristas y minoristas de vapeo de toda Europa.","breadcrumb":{"@id":"https:\/\/vapemaison.com\/product\/waspe-aiviou-60000-puffs-3in1-disposable-vape\/#breadcrumb"},"inLanguage":"es","potentialAction":[{"@type":"ReadAction","target":["https:\/\/vapemaison.com\/product\/waspe-aiviou-60000-puffs-3in1-disposable-vape\/"]}]},{"@type":"ImageObject","inLanguage":"es","@id":"https:\/\/vapemaison.com\/product\/waspe-aiviou-60000-puffs-3in1-disposable-vape\/#primaryimage","url":"https:\/\/vapemaison.com\/wp-content\/uploads\/2025\/10\/waspe-3in1-60k-0.jpg","contentUrl":"https:\/\/vapemaison.com\/wp-content\/uploads\/2025\/10\/waspe-3in1-60k-0.jpg","width":1200,"height":1200,"caption":"Waspe 3in1 60k Disposable Vape Device detail"},{"@type":"BreadcrumbList","@id":"https:\/\/vapemaison.com\/product\/waspe-aiviou-60000-puffs-3in1-disposable-vape\/#breadcrumb","itemListElement":[{"@type":"ListItem","position":1,"name":"\u9996\u9875","item":"https:\/\/vapemaison.com\/"},{"@type":"ListItem","position":2,"name":"Shop","item":"https:\/\/vapemaison.com\/shop\/"},{"@type":"ListItem","position":3,"name":"Waspe","item":"https:\/\/vapemaison.com\/brand\/waspe\/"},{"@type":"ListItem","position":4,"name":"WASPE 60k Puffs | Rechargeable Vape LED Screen"}]},{"@type":"WebSite","@id":"https:\/\/vapemaison.com\/#website","url":"https:\/\/vapemaison.com\/","name":"VapeMaison","description":"Dispositivos y accesorios premium para vapear","publisher":{"@id":"https:\/\/vapemaison.com\/#organization"},"potentialAction":[{"@type":"SearchAction","target":{"@type":"EntryPoint","urlTemplate":"https:\/\/vapemaison.com\/?s={search_term_string}"},"query-input":{"@type":"PropertyValueSpecification","valueRequired":true,"valueName":"search_term_string"}}],"inLanguage":"es"},{"@type":"Organization","@id":"https:\/\/vapemaison.com\/#organization","name":"VapeMaison","url":"https:\/\/vapemaison.com\/","logo":{"@type":"ImageObject","inLanguage":"es","@id":"https:\/\/vapemaison.com\/#\/schema\/logo\/image\/","url":"https:\/\/vapemaison.com\/wp-content\/uploads\/2026\/01\/cropped-vapemaison-logo-g-2026.webp","contentUrl":"https:\/\/vapemaison.com\/wp-content\/uploads\/2026\/01\/cropped-vapemaison-logo-g-2026.webp","width":350,"height":280,"caption":"VapeMaison"},"image":{"@id":"https:\/\/vapemaison.com\/#\/schema\/logo\/image\/"},"sameAs":["https:\/\/www.youtube.com\/@VapeMaison"]}]}},"tiered_pricing_type":"fixed","tiered_pricing_fixed_rules":{"30":"11.99","50":"10.99","100":"9.98","200":"8.88"},"tiered_pricing_product_settings":{"layout":"default","base_unit_name":{"singular":null,"plural":null},"default_variation":null},"tiered_pricing_minimum_quantity":10,"tiered_pricing_roles_data":[],"tiered_pricing_percentage_rules":[],"tiered_pricing_maximum_quantity":null,"tiered_pricing_quantity_step":"10","_links":{"self":[{"href":"https:\/\/vapemaison.com\/es\/wp-json\/wp\/v2\/product\/7296","targetHints":{"allow":["GET"]}}],"collection":[{"href":"https:\/\/vapemaison.com\/es\/wp-json\/wp\/v2\/product"}],"about":[{"href":"https:\/\/vapemaison.com\/es\/wp-json\/wp\/v2\/types\/product"}],"replies":[{"embeddable":true,"href":"https:\/\/vapemaison.com\/es\/wp-json\/wp\/v2\/comments?post=7296"}],"version-history":[{"count":0,"href":"https:\/\/vapemaison.com\/es\/wp-json\/wp\/v2\/product\/7296\/revisions"}],"wp:featuredmedia":[{"embeddable":true,"href":"https:\/\/vapemaison.com\/es\/wp-json\/wp\/v2\/media\/7985"}],"wp:attachment":[{"href":"https:\/\/vapemaison.com\/es\/wp-json\/wp\/v2\/media?parent=7296"}],"wp:term":[{"taxonomy":"product_brand","embeddable":true,"href":"https:\/\/vapemaison.com\/es\/wp-json\/wp\/v2\/product_brand?post=7296"},{"taxonomy":"product_cat","embeddable":true,"href":"https:\/\/vapemaison.com\/es\/wp-json\/wp\/v2\/product_cat?post=7296"},{"taxonomy":"product_tag","embeddable":true,"href":"https:\/\/vapemaison.com\/es\/wp-json\/wp\/v2\/product_tag?post=7296"}],"curies":[{"name":"wp","href":"https:\/\/api.w.org\/{rel}","templated":true}]}}