

{"id":8066,"date":"2025-10-22T07:07:43","date_gmt":"2025-10-22T07:07:43","guid":{"rendered":"https:\/\/vapemaison.com\/?post_type=product&#038;p=8066"},"modified":"2026-05-13T05:49:54","modified_gmt":"2026-05-13T05:49:54","slug":"bang-king-50000-puffs-vape-desechable","status":"publish","type":"product","link":"https:\/\/vapemaison.com\/es\/product\/bang-king-50000-puffs-disposable-vape\/","title":{"rendered":"Bang King 50000 Puffs Vape Desechable"},"content":{"rendered":"<h2 class=\"wp-block-heading\"><strong>Bang King 50000 Vape desechable - 50.000 caladas, doble sabor, recargable tipo C<\/strong><\/h2>\n\n\n\n<p>El Bang King 50000 ofrece una resistencia excepcional con hasta 50.000 caladas, alimentado por una bater\u00eda recargable de 850mAh y 50mL de e-l\u00edquido premium. Dise\u00f1ado para los usuarios que valoran el sabor fuerte, larga vida \u00fatil y comodidad, este desechable de doble sabor ofrece una experiencia de vapeo suave y consistente de principio a fin.<br>Disponible en 0%, 2%, 3% y 5% de nicotina, satisface tanto a los usuarios sin nicotina como a los que buscan un golpe fuerte.<\/p>\n\n\n\n<h3 class=\"wp-block-heading\"><strong>Caracter\u00edsticas principales<\/strong><\/h3>\n\n\n\n<ul class=\"wp-block-list\">\n<li><strong>50.000 Puff Capacidad<\/strong><\/li>\n\n\n\n<li><strong>Capacidad de 50mL de E-l\u00edquido<\/strong><\/li>\n\n\n\n<li><strong>Niveles de nicotina ajustables (0%-5%)<\/strong><\/li>\n\n\n\n<li><strong>Bater\u00eda recargable de 850 mAh<\/strong><\/li>\n\n\n\n<li><strong>Compacto y port\u00e1til<\/strong><\/li>\n<\/ul>\n\n\n\n<h3 class=\"wp-block-heading\"><strong>Opciones de doble sabor disponibles<\/strong><\/h3>\n\n\n\n<p>Hielo de sand\u00eda \/ Menta con ar\u00e1ndanos<br>Sand\u00eda \/ Ar\u00e1ndano Cereza<br>Blueberry Ice \/ Melocot\u00f3n Mango Sand\u00eda<br>Hielo de ar\u00e1ndano \/ Hielo de melocot\u00f3n<br>Ar\u00e1ndano Frambuesa \/ Mezcla de bayas<br>Ar\u00e1ndano Frambuesa \/ Uva Ice<br>Red Bull \/ Fresa Pl\u00e1tano<br>Red Bull \/ Sand\u00eda con ar\u00e1ndanos<br>Chicle de fresa, mango y sand\u00eda<br>Fresa Mango \/ Fresa Kiwi<br>Sand\u00eda con fresa \/ Black Dragon Ice<br>Fresa Sand\u00eda \/ Kiwi Maracuy\u00e1 Guayaba<\/p>\n\n\n\n<h3 class=\"wp-block-heading\"><strong>Especificaciones<\/strong><\/h3>\n\n\n\n<ul class=\"wp-block-list\">\n<li><strong>Marca:<\/strong> Bang King<\/li>\n\n\n\n<li><strong>Modelo:<\/strong> 50000 Puffs Sabor Dual Desechables<\/li>\n\n\n\n<li><strong>Bater\u00eda:<\/strong> 850mAh (Recargable)<\/li>\n\n\n\n<li><strong>E-l\u00edquido:<\/strong> 50 ml<\/li>\n\n\n\n<li><strong>Nicotina:<\/strong> 0%, 2%, 3%, 5%<\/li>\n\n\n\n<li><strong>Cargando:<\/strong> Tipo-C<\/li>\n\n\n\n<li><strong>Activaci\u00f3n:<\/strong> Activado por dibujo<\/li>\n<\/ul>\n\n\n\n<p>\u00bfSigue explorando sus opciones? Puede descubrir m\u00e1s en nuestro <strong><a href=\"https:\/\/vapemaison.com\/brand\/fumot\/\">Colecci\u00f3n Fumot Vape<\/a><\/strong>, o navegar por otros <strong><a href=\"https:\/\/vapemaison.com\/product-category\/puffs-count\/50k-puffs\/\">dispositivos vape puff 50k<\/a><\/strong> y <strong><a href=\"https:\/\/vapemaison.com\/product-category\/puffs-count\/300k-puffs\/\">desechables recargables high puff<\/a><\/strong> dise\u00f1ado para un rendimiento duradero. Si te interesan los perfiles dulces como este, echa un vistazo a nuestros vapeadores con sabor a caramelo y a los sabores inspirados en bebidas para experiencias de sabor atrevidas similares. Tambi\u00e9n tenemos los mejores dispositivos de <strong><a href=\"https:\/\/vapemaison.com\/brand\/elfbar\/\">Bar Elfo<\/a><\/strong>, <strong><a href=\"https:\/\/vapemaison.com\/brand\/humo-azul\/\">Humo Azul<\/a><\/strong>, y <strong><a href=\"https:\/\/vapemaison.com\/brand\/airmez\/\">Airmez<\/a><\/strong>, El sistema de flujo de aire, con m\u00e1s niveles de dulzor y densidad de vapor para elegir, le permite encontrar la configuraci\u00f3n que mejor se adapte a sus preferencias de vapeo durante todo el d\u00eda.<\/p>\n\n\n\n<h3 class=\"wp-block-heading\"><strong>Aviso de seguridad<\/strong><\/h3>\n\n\n\n<p>Para adultos mayores de 21 a\u00f1os. Mantener alejado de ni\u00f1os y animales dom\u00e9sticos. Contiene nicotina (excepto 0%), que es una sustancia qu\u00edmica adictiva.<\/p>\n\n\n\n<p><\/p>","protected":false},"excerpt":{"rendered":"<p>El Vapeador Desechable Bang King 50000 Puffs es un dispositivo de vapeo premium dise\u00f1ado para un rendimiento duradero. Con una bater\u00eda de 850mAh, 50mL de capacidad de e-l\u00edquido, y opciones de nicotina que van desde 0% a 5%, este vape ofrece hasta 50.000 caladas de vapor suave y sabroso. Perfecto para los vapeadores que valoran la comodidad y la calidad.<\/p>","protected":false},"featured_media":8111,"comment_status":"open","ping_status":"closed","template":"","meta":[],"product_brand":[57],"product_cat":[136,142],"product_tag":[145],"class_list":{"0":"post-8066","1":"product","2":"type-product","3":"status-publish","4":"has-post-thumbnail","6":"product_brand-bang","7":"product_cat-50k-puffs","8":"product_cat-eu-stock","9":"product_tag-disposable-vape","11":"first","12":"instock","13":"sale","14":"shipping-taxable","15":"purchasable","16":"product-type-variable"},"yoast_head":"<!-- This site is optimized with the Yoast SEO plugin v27.4 - https:\/\/yoast.com\/product\/yoast-seo-wordpress\/ -->\n<title>Bang King 50000 Puffs Disposable Vape Long-Lasting Vape<\/title>\n<meta name=\"description\" content=\"Discover the Bang King 50000 Puffs Disposable Vape featuring 50mL e-liquid, and up to 50,000 puffs. Choose your nicotine level and enjoy vaping anywhere.\" \/>\n<meta name=\"robots\" content=\"index, follow, max-snippet:-1, max-image-preview:large, max-video-preview:-1\" \/>\n<link rel=\"canonical\" href=\"https:\/\/vapemaison.com\/es\/producto\/bang-king-50000-puffs-vape-desechable\/\" \/>\n<meta property=\"og:locale\" content=\"es_ES\" \/>\n<meta property=\"og:type\" content=\"article\" \/>\n<meta property=\"og:title\" content=\"Bang King 50000 Puffs Disposable Vape Long-Lasting Vape\" \/>\n<meta property=\"og:description\" content=\"Discover the Bang King 50000 Puffs Disposable Vape featuring 50mL e-liquid, and up to 50,000 puffs. Choose your nicotine level and enjoy vaping anywhere.\" \/>\n<meta property=\"og:url\" content=\"https:\/\/vapemaison.com\/es\/producto\/bang-king-50000-puffs-vape-desechable\/\" \/>\n<meta property=\"og:site_name\" content=\"VapeMaison\" \/>\n<meta property=\"article:modified_time\" content=\"2026-05-13T05:49:54+00:00\" \/>\n<meta property=\"og:image\" content=\"https:\/\/vapemaison.com\/wp-content\/uploads\/2025\/10\/bang-king-50000-50k-puffs-main-image.jpg.webp\" \/>\n\t<meta property=\"og:image:width\" content=\"1000\" \/>\n\t<meta property=\"og:image:height\" content=\"1000\" \/>\n\t<meta property=\"og:image:type\" content=\"image\/webp\" \/>\n<meta name=\"twitter:card\" content=\"summary_large_image\" \/>\n<meta name=\"twitter:label1\" content=\"Tiempo de lectura\" \/>\n\t<meta name=\"twitter:data1\" content=\"2 minutos\" \/>\n<!-- \/ Yoast SEO plugin. -->","yoast_head_json":{"title":"Bang King 50000 Puffs Vape Desechable Vape de Larga Duraci\u00f3n","description":"Descubra el Vapeador Desechable Bang King 50000 Puffs con 50mL de e-l\u00edquido, y hasta 50.000 puffs. Elija su nivel de nicotina y disfrute del vapeo en cualquier lugar.","robots":{"index":"index","follow":"follow","max-snippet":"max-snippet:-1","max-image-preview":"max-image-preview:large","max-video-preview":"max-video-preview:-1"},"canonical":"https:\/\/vapemaison.com\/es\/producto\/bang-king-50000-puffs-vape-desechable\/","og_locale":"es_ES","og_type":"article","og_title":"Bang King 50000 Puffs Disposable Vape Long-Lasting Vape","og_description":"Discover the Bang King 50000 Puffs Disposable Vape featuring 50mL e-liquid, and up to 50,000 puffs. Choose your nicotine level and enjoy vaping anywhere.","og_url":"https:\/\/vapemaison.com\/es\/producto\/bang-king-50000-puffs-vape-desechable\/","og_site_name":"VapeMaison","article_modified_time":"2026-05-13T05:49:54+00:00","og_image":[{"width":1000,"height":1000,"url":"https:\/\/vapemaison.com\/wp-content\/uploads\/2025\/10\/bang-king-50000-50k-puffs-main-image.jpg.webp","type":"image\/webp"}],"twitter_card":"summary_large_image","twitter_misc":{"Tiempo de lectura":"2 minutos"},"schema":{"@context":"https:\/\/schema.org","@graph":[{"@type":"WebPage","@id":"https:\/\/vapemaison.com\/product\/bang-king-50000-puffs-disposable-vape\/","url":"https:\/\/vapemaison.com\/product\/bang-king-50000-puffs-disposable-vape\/","name":"Bang King 50000 Puffs Vape Desechable Vape de Larga Duraci\u00f3n","isPartOf":{"@id":"https:\/\/vapemaison.com\/#website"},"primaryImageOfPage":{"@id":"https:\/\/vapemaison.com\/product\/bang-king-50000-puffs-disposable-vape\/#primaryimage"},"image":{"@id":"https:\/\/vapemaison.com\/product\/bang-king-50000-puffs-disposable-vape\/#primaryimage"},"thumbnailUrl":"https:\/\/vapemaison.com\/wp-content\/uploads\/2025\/10\/bang-king-50000-50k-puffs-main-image.jpg.webp","datePublished":"2025-10-22T07:07:43+00:00","dateModified":"2026-05-13T05:49:54+00:00","description":"Descubra el Vapeador Desechable Bang King 50000 Puffs con 50mL de e-l\u00edquido, y hasta 50.000 puffs. Elija su nivel de nicotina y disfrute del vapeo en cualquier lugar.","breadcrumb":{"@id":"https:\/\/vapemaison.com\/product\/bang-king-50000-puffs-disposable-vape\/#breadcrumb"},"inLanguage":"es","potentialAction":[{"@type":"ReadAction","target":["https:\/\/vapemaison.com\/product\/bang-king-50000-puffs-disposable-vape\/"]}]},{"@type":"ImageObject","inLanguage":"es","@id":"https:\/\/vapemaison.com\/product\/bang-king-50000-puffs-disposable-vape\/#primaryimage","url":"https:\/\/vapemaison.com\/wp-content\/uploads\/2025\/10\/bang-king-50000-50k-puffs-main-image.jpg.webp","contentUrl":"https:\/\/vapemaison.com\/wp-content\/uploads\/2025\/10\/bang-king-50000-50k-puffs-main-image.jpg.webp","width":1000,"height":1000,"caption":"Bang King 50000 Puffs disposable vape, main product image"},{"@type":"BreadcrumbList","@id":"https:\/\/vapemaison.com\/product\/bang-king-50000-puffs-disposable-vape\/#breadcrumb","itemListElement":[{"@type":"ListItem","position":1,"name":"\u9996\u9875","item":"https:\/\/vapemaison.com\/"},{"@type":"ListItem","position":2,"name":"Shop","item":"https:\/\/vapemaison.com\/shop\/"},{"@type":"ListItem","position":3,"name":"Bang","item":"https:\/\/vapemaison.com\/brand\/bang\/"},{"@type":"ListItem","position":4,"name":"Bang King 50000 Puffs Disposable Vape"}]},{"@type":"WebSite","@id":"https:\/\/vapemaison.com\/#website","url":"https:\/\/vapemaison.com\/","name":"VapeMaison","description":"Dispositivos y accesorios premium para vapear","publisher":{"@id":"https:\/\/vapemaison.com\/#organization"},"potentialAction":[{"@type":"SearchAction","target":{"@type":"EntryPoint","urlTemplate":"https:\/\/vapemaison.com\/?s={search_term_string}"},"query-input":{"@type":"PropertyValueSpecification","valueRequired":true,"valueName":"search_term_string"}}],"inLanguage":"es"},{"@type":"Organization","@id":"https:\/\/vapemaison.com\/#organization","name":"VapeMaison","url":"https:\/\/vapemaison.com\/","logo":{"@type":"ImageObject","inLanguage":"es","@id":"https:\/\/vapemaison.com\/#\/schema\/logo\/image\/","url":"https:\/\/vapemaison.com\/wp-content\/uploads\/2026\/01\/cropped-vapemaison-logo-g-2026.webp","contentUrl":"https:\/\/vapemaison.com\/wp-content\/uploads\/2026\/01\/cropped-vapemaison-logo-g-2026.webp","width":350,"height":280,"caption":"VapeMaison"},"image":{"@id":"https:\/\/vapemaison.com\/#\/schema\/logo\/image\/"},"sameAs":["https:\/\/www.youtube.com\/@VapeMaison"]}]}},"tiered_pricing_type":"fixed","tiered_pricing_fixed_rules":{"30":"10.38","50":"9.99","100":"9.59","200":"9.19"},"tiered_pricing_product_settings":{"layout":"default","base_unit_name":{"singular":null,"plural":null},"default_variation":null},"tiered_pricing_minimum_quantity":10,"tiered_pricing_roles_data":[],"tiered_pricing_percentage_rules":[],"tiered_pricing_maximum_quantity":null,"tiered_pricing_quantity_step":"10","_links":{"self":[{"href":"https:\/\/vapemaison.com\/es\/wp-json\/wp\/v2\/product\/8066","targetHints":{"allow":["GET"]}}],"collection":[{"href":"https:\/\/vapemaison.com\/es\/wp-json\/wp\/v2\/product"}],"about":[{"href":"https:\/\/vapemaison.com\/es\/wp-json\/wp\/v2\/types\/product"}],"replies":[{"embeddable":true,"href":"https:\/\/vapemaison.com\/es\/wp-json\/wp\/v2\/comments?post=8066"}],"version-history":[{"count":1,"href":"https:\/\/vapemaison.com\/es\/wp-json\/wp\/v2\/product\/8066\/revisions"}],"predecessor-version":[{"id":26478,"href":"https:\/\/vapemaison.com\/es\/wp-json\/wp\/v2\/product\/8066\/revisions\/26478"}],"wp:featuredmedia":[{"embeddable":true,"href":"https:\/\/vapemaison.com\/es\/wp-json\/wp\/v2\/media\/8111"}],"wp:attachment":[{"href":"https:\/\/vapemaison.com\/es\/wp-json\/wp\/v2\/media?parent=8066"}],"wp:term":[{"taxonomy":"product_brand","embeddable":true,"href":"https:\/\/vapemaison.com\/es\/wp-json\/wp\/v2\/product_brand?post=8066"},{"taxonomy":"product_cat","embeddable":true,"href":"https:\/\/vapemaison.com\/es\/wp-json\/wp\/v2\/product_cat?post=8066"},{"taxonomy":"product_tag","embeddable":true,"href":"https:\/\/vapemaison.com\/es\/wp-json\/wp\/v2\/product_tag?post=8066"}],"curies":[{"name":"wp","href":"https:\/\/api.w.org\/{rel}","templated":true}]}}