

{"id":8068,"date":"2025-10-22T07:08:18","date_gmt":"2025-10-22T07:08:18","guid":{"rendered":"https:\/\/vapemaison.com\/?post_type=product&#038;p=8068"},"modified":"2026-05-13T11:13:37","modified_gmt":"2026-05-13T11:13:37","slug":"dispositivo-desechable-bang-leader-45000-puffs","status":"publish","type":"product","link":"https:\/\/vapemaison.com\/es\/product\/bang-leader-45000-puffs-disposable-device\/","title":{"rendered":"Bang Leader 45000 Puffs Dispositivo Desechable de Doble C\u00e1mara - Recargable Tipo-C"},"content":{"rendered":"<h3 class=\"wp-block-heading\"><strong>Longevidad extrema: hasta 45.000 caladas<\/strong><\/h3>\n\n\n\n<p>En <strong>Bang Leader 45000 Puffs Dispositivo desechable<\/strong> est\u00e1 dise\u00f1ada para ofrecer rendimiento, potencia y resistencia. Dise\u00f1ada para usuarios que exigen una satisfacci\u00f3n duradera, ofrece hasta <strong>45.000 bocanadas<\/strong> de vapor consistente y rico.<\/p>\n\n\n\n<p>Impulsado por un <strong>Bater\u00eda recargable de 650 mAh<\/strong> con <strong>Carga r\u00e1pida Tipo-C<\/strong>, ...te mantiene en marcha durante d\u00edas sin interrupci\u00f3n. El <strong>Dos c\u00e1psulas de e-l\u00edquido de 30ML<\/strong> garantizan un uso prolongado y un cambio sin esfuerzo entre sabores, ofreciendo variedad y comodidad.<\/p>\n\n\n\n<p>Con un <strong>Bobina de malla de 1,0\u03a9<\/strong>, Cada calada proporciona un vapor denso y una calada suave. Elija entre <strong>Concentraciones de nicotina 0%, 2%, 3% o 5%<\/strong>, y explorar <strong>12 deliciosas opciones de sabores<\/strong> - desde mezclas afrutadas hasta sensaciones heladas. En <strong>Bang Leader 45000<\/strong> combina capacidad masiva, sabor personalizable y dise\u00f1o de vanguardia en un dispositivo elegante y port\u00e1til.<\/p>\n\n\n\n<h3 class=\"wp-block-heading\"><strong>Caracter\u00edsticas principales:<\/strong><\/h3>\n\n\n\n<ul class=\"wp-block-list\">\n<li>Hasta\u00a0<strong>45000 bocanadas<\/strong>\u00a0por dispositivo<\/li>\n\n\n\n<li><strong>30ml+30ml e-juice precargado<\/strong><\/li>\n\n\n\n<li><strong>Bater\u00eda recargable de 650 mAh<\/strong><\/li>\n\n\n\n<li><strong>Carga r\u00e1pida Tipo-C<\/strong><\/li>\n\n\n\n<li><strong>Bobina de malla de 1,0\u03a9<\/strong>&nbsp;para un vapor suave<\/li>\n\n\n\n<li><strong>Potencia de nicotina<\/strong>: 0%, 2%, 3%, 5%<\/li>\n\n\n\n<li><strong>12 opciones de sabores<\/strong>&nbsp;para disfrutar<\/li>\n<\/ul>\n\n\n\n<h3 class=\"wp-block-heading\"><strong>Sabores\uff1a<\/strong><\/h3>\n\n\n\n<div class=\"wp-block-group has-global-padding is-layout-constrained wp-block-group-is-layout-constrained\">\n<div class=\"wp-block-group has-global-padding is-layout-constrained wp-block-group-is-layout-constrained\">\n<ul class=\"wp-block-list\">\n<li>Hielo de Sand\u00eda y Fresa y Mango<\/li>\n\n\n\n<li>Fresa Y Sand\u00eda Y Kiwi Fruta De La Pasi\u00f3n Guayaba<\/li>\n\n\n\n<li>Hielo de fresa, sand\u00eda y uva<\/li>\n\n\n\n<li>Ar\u00e1ndano Frambuesa y Melocot\u00f3n Mango Sand\u00eda<\/li>\n\n\n\n<li>Sand\u00eda con ar\u00e1ndanos y mango con fresas<\/li>\n\n\n\n<li>Hielo de ar\u00e1ndano y hielo de drag\u00f3n negro<\/li>\n\n\n\n<li>Hielo de ar\u00e1ndano y fresa y pl\u00e1tano<\/li>\n\n\n\n<li>Red Bull y sand\u00eda con ar\u00e1ndanos<\/li>\n\n\n\n<li>Red Bull y caramelos de burbujas de sand\u00eda<\/li>\n\n\n\n<li>Helado de fresa, kiwi y melocot\u00f3n<\/li>\n\n\n\n<li>Cola Ice &amp; Cherry Cranberry<\/li>\n\n\n\n<li>Pi\u00f1a helada y mango triple<\/li>\n\n\n\n<li>Helado de fresa y lim\u00f3n rosa<\/li>\n\n\n\n<li>Helado de Cherry Cola y Sand\u00eda Bubblegum<\/li>\n\n\n\n<li>Hielo de cereza y fresa Hielo de cereza y ar\u00e1ndanos<\/li>\n\n\n\n<li>Lim\u00f3n y lima &amp; Blue Razzle<\/li>\n\n\n\n<li>Mojito de frambuesa Hielo de melocot\u00f3n y pera manzana<\/li>\n\n\n\n<li>Hielo de lichi y mermelada de mel\u00f3n<\/li>\n<\/ul>\n<\/div>\n\n\n\n<p>M\u00e1s informaci\u00f3n <a href=\"https:\/\/vapemaison.com\/brand\/bang\/\">Bang<\/a> !<\/p>\n<\/div>","protected":false},"excerpt":{"rendered":"<p>El Bang Leader 45000 Puffs Dispositivo desechable se construye para el rendimiento, potencia y resistencia. Dise\u00f1ado para usuarios que exigen una satisfacci\u00f3n duradera, ofrece hasta 45.000 caladas de vapor consistente y rico.<\/p>","protected":false},"featured_media":8119,"comment_status":"open","ping_status":"closed","template":"","meta":[],"product_brand":[57],"product_cat":[156,142],"product_tag":[],"class_list":{"0":"post-8068","1":"product","2":"type-product","3":"status-publish","4":"has-post-thumbnail","6":"product_brand-bang","7":"product_cat-45k-puffs","8":"product_cat-eu-stock","10":"first","11":"instock","12":"sale","13":"shipping-taxable","14":"purchasable","15":"product-type-variable"},"yoast_head":"<!-- This site is optimized with the Yoast SEO plugin v27.4 - https:\/\/yoast.com\/product\/yoast-seo-wordpress\/ -->\n<title>Bang Leader 45000 Puffs Disposable Device Dual E-liquid Pods<\/title>\n<meta name=\"description\" content=\"Explore the Bang Leader 45000 Puffs Disposable Device. Enjoy 12 unique flavors, and multiple nicotine options for a smooth and lasting experience.\" \/>\n<meta name=\"robots\" content=\"index, follow, max-snippet:-1, max-image-preview:large, max-video-preview:-1\" \/>\n<link rel=\"canonical\" href=\"https:\/\/vapemaison.com\/es\/producto\/dispositivo-desechable-bang-leader-45000-puffs\/\" \/>\n<meta property=\"og:locale\" content=\"es_ES\" \/>\n<meta property=\"og:type\" content=\"article\" \/>\n<meta property=\"og:title\" content=\"Bang Leader 45000 Puffs Disposable Device Dual E-liquid Pods\" \/>\n<meta property=\"og:description\" content=\"Explore the Bang Leader 45000 Puffs Disposable Device. Enjoy 12 unique flavors, and multiple nicotine options for a smooth and lasting experience.\" \/>\n<meta property=\"og:url\" content=\"https:\/\/vapemaison.com\/es\/producto\/dispositivo-desechable-bang-leader-45000-puffs\/\" \/>\n<meta property=\"og:site_name\" content=\"VapeMaison\" \/>\n<meta property=\"article:modified_time\" content=\"2026-05-13T11:13:37+00:00\" \/>\n<meta property=\"og:image\" content=\"https:\/\/vapemaison.com\/wp-content\/uploads\/2025\/10\/vape-bang-leader-45000-45k-puffs-pineapple-ice-triple-mango.jpg\" \/>\n\t<meta property=\"og:image:width\" content=\"800\" \/>\n\t<meta property=\"og:image:height\" content=\"800\" \/>\n\t<meta property=\"og:image:type\" content=\"image\/jpeg\" \/>\n<meta name=\"twitter:card\" content=\"summary_large_image\" \/>\n<meta name=\"twitter:label1\" content=\"Tiempo de lectura\" \/>\n\t<meta name=\"twitter:data1\" content=\"2 minutos\" \/>\n<!-- \/ Yoast SEO plugin. -->","yoast_head_json":{"title":"Bang Leader 45000 Puffs Dispositivo Desechable Dual E-liquid Pods","description":"Explora el Dispositivo Desechable Bang Leader 45000 Puffs. Disfruta de 12 sabores \u00fanicos, y m\u00faltiples opciones de nicotina para una experiencia suave y duradera.","robots":{"index":"index","follow":"follow","max-snippet":"max-snippet:-1","max-image-preview":"max-image-preview:large","max-video-preview":"max-video-preview:-1"},"canonical":"https:\/\/vapemaison.com\/es\/producto\/dispositivo-desechable-bang-leader-45000-puffs\/","og_locale":"es_ES","og_type":"article","og_title":"Bang Leader 45000 Puffs Disposable Device Dual E-liquid Pods","og_description":"Explore the Bang Leader 45000 Puffs Disposable Device. Enjoy 12 unique flavors, and multiple nicotine options for a smooth and lasting experience.","og_url":"https:\/\/vapemaison.com\/es\/producto\/dispositivo-desechable-bang-leader-45000-puffs\/","og_site_name":"VapeMaison","article_modified_time":"2026-05-13T11:13:37+00:00","og_image":[{"width":800,"height":800,"url":"https:\/\/vapemaison.com\/wp-content\/uploads\/2025\/10\/vape-bang-leader-45000-45k-puffs-pineapple-ice-triple-mango.jpg","type":"image\/jpeg"}],"twitter_card":"summary_large_image","twitter_misc":{"Tiempo de lectura":"2 minutos"},"schema":{"@context":"https:\/\/schema.org","@graph":[{"@type":"WebPage","@id":"https:\/\/vapemaison.com\/product\/bang-leader-45000-puffs-disposable-device\/","url":"https:\/\/vapemaison.com\/product\/bang-leader-45000-puffs-disposable-device\/","name":"Bang Leader 45000 Puffs Dispositivo Desechable Dual E-liquid Pods","isPartOf":{"@id":"https:\/\/vapemaison.com\/#website"},"primaryImageOfPage":{"@id":"https:\/\/vapemaison.com\/product\/bang-leader-45000-puffs-disposable-device\/#primaryimage"},"image":{"@id":"https:\/\/vapemaison.com\/product\/bang-leader-45000-puffs-disposable-device\/#primaryimage"},"thumbnailUrl":"https:\/\/vapemaison.com\/wp-content\/uploads\/2025\/10\/vape-bang-leader-45000-45k-puffs-pineapple-ice-triple-mango.jpg","datePublished":"2025-10-22T07:08:18+00:00","dateModified":"2026-05-13T11:13:37+00:00","description":"Explora el Dispositivo Desechable Bang Leader 45000 Puffs. Disfruta de 12 sabores \u00fanicos, y m\u00faltiples opciones de nicotina para una experiencia suave y duradera.","breadcrumb":{"@id":"https:\/\/vapemaison.com\/product\/bang-leader-45000-puffs-disposable-device\/#breadcrumb"},"inLanguage":"es","potentialAction":[{"@type":"ReadAction","target":["https:\/\/vapemaison.com\/product\/bang-leader-45000-puffs-disposable-device\/"]}]},{"@type":"ImageObject","inLanguage":"es","@id":"https:\/\/vapemaison.com\/product\/bang-leader-45000-puffs-disposable-device\/#primaryimage","url":"https:\/\/vapemaison.com\/wp-content\/uploads\/2025\/10\/vape-bang-leader-45000-45k-puffs-pineapple-ice-triple-mango.jpg","contentUrl":"https:\/\/vapemaison.com\/wp-content\/uploads\/2025\/10\/vape-bang-leader-45000-45k-puffs-pineapple-ice-triple-mango.jpg","width":800,"height":800,"caption":"Vape Bang Leader 45k Puffs Pineapple Ice Triple Mango"},{"@type":"BreadcrumbList","@id":"https:\/\/vapemaison.com\/product\/bang-leader-45000-puffs-disposable-device\/#breadcrumb","itemListElement":[{"@type":"ListItem","position":1,"name":"\u9996\u9875","item":"https:\/\/vapemaison.com\/"},{"@type":"ListItem","position":2,"name":"Shop","item":"https:\/\/vapemaison.com\/shop\/"},{"@type":"ListItem","position":3,"name":"Bang","item":"https:\/\/vapemaison.com\/brand\/bang\/"},{"@type":"ListItem","position":4,"name":"Bang Leader 45000 Puffs Dual-Chamber Disposable Device \u2013 Type-C Rechargeable"}]},{"@type":"WebSite","@id":"https:\/\/vapemaison.com\/#website","url":"https:\/\/vapemaison.com\/","name":"VapeMaison","description":"Dispositivos y accesorios premium para vapear","publisher":{"@id":"https:\/\/vapemaison.com\/#organization"},"potentialAction":[{"@type":"SearchAction","target":{"@type":"EntryPoint","urlTemplate":"https:\/\/vapemaison.com\/?s={search_term_string}"},"query-input":{"@type":"PropertyValueSpecification","valueRequired":true,"valueName":"search_term_string"}}],"inLanguage":"es"},{"@type":"Organization","@id":"https:\/\/vapemaison.com\/#organization","name":"VapeMaison","url":"https:\/\/vapemaison.com\/","logo":{"@type":"ImageObject","inLanguage":"es","@id":"https:\/\/vapemaison.com\/#\/schema\/logo\/image\/","url":"https:\/\/vapemaison.com\/wp-content\/uploads\/2026\/01\/cropped-vapemaison-logo-g-2026.webp","contentUrl":"https:\/\/vapemaison.com\/wp-content\/uploads\/2026\/01\/cropped-vapemaison-logo-g-2026.webp","width":350,"height":280,"caption":"VapeMaison"},"image":{"@id":"https:\/\/vapemaison.com\/#\/schema\/logo\/image\/"},"sameAs":["https:\/\/www.youtube.com\/@VapeMaison"]}]}},"tiered_pricing_type":"fixed","tiered_pricing_fixed_rules":{"30":"8.68","50":"8.21","100":"7.99","200":"7.68"},"tiered_pricing_product_settings":{"layout":"default","base_unit_name":{"singular":null,"plural":null},"default_variation":null},"tiered_pricing_minimum_quantity":10,"tiered_pricing_roles_data":[],"tiered_pricing_percentage_rules":[],"tiered_pricing_maximum_quantity":null,"tiered_pricing_quantity_step":"10","_links":{"self":[{"href":"https:\/\/vapemaison.com\/es\/wp-json\/wp\/v2\/product\/8068","targetHints":{"allow":["GET"]}}],"collection":[{"href":"https:\/\/vapemaison.com\/es\/wp-json\/wp\/v2\/product"}],"about":[{"href":"https:\/\/vapemaison.com\/es\/wp-json\/wp\/v2\/types\/product"}],"replies":[{"embeddable":true,"href":"https:\/\/vapemaison.com\/es\/wp-json\/wp\/v2\/comments?post=8068"}],"version-history":[{"count":0,"href":"https:\/\/vapemaison.com\/es\/wp-json\/wp\/v2\/product\/8068\/revisions"}],"wp:featuredmedia":[{"embeddable":true,"href":"https:\/\/vapemaison.com\/es\/wp-json\/wp\/v2\/media\/8119"}],"wp:attachment":[{"href":"https:\/\/vapemaison.com\/es\/wp-json\/wp\/v2\/media?parent=8068"}],"wp:term":[{"taxonomy":"product_brand","embeddable":true,"href":"https:\/\/vapemaison.com\/es\/wp-json\/wp\/v2\/product_brand?post=8068"},{"taxonomy":"product_cat","embeddable":true,"href":"https:\/\/vapemaison.com\/es\/wp-json\/wp\/v2\/product_cat?post=8068"},{"taxonomy":"product_tag","embeddable":true,"href":"https:\/\/vapemaison.com\/es\/wp-json\/wp\/v2\/product_tag?post=8068"}],"curies":[{"name":"wp","href":"https:\/\/api.w.org\/{rel}","templated":true}]}}