

{"id":8070,"date":"2025-10-22T07:08:47","date_gmt":"2025-10-22T07:08:47","guid":{"rendered":"https:\/\/vapemaison.com\/?post_type=product&#038;p=8070"},"modified":"2026-01-31T10:04:28","modified_gmt":"2026-01-31T10:04:28","slug":"bang-lider-50000","status":"publish","type":"product","link":"https:\/\/vapemaison.com\/es\/product\/bang-leader-50000\/","title":{"rendered":"Bang Leader 50000 Puffs Vape | 50k Puffs"},"content":{"rendered":"<p>En <strong>L\u00edder Bang 50.000<\/strong> representa el pin\u00e1culo de la tecnolog\u00eda de vapeo desechable. Hemos dise\u00f1ado este dispositivo espec\u00edficamente para los usuarios que exigen el m\u00e1ximo rendimiento y una gran capacidad de e-l\u00edquido. <strong>Adem\u00e1s<\/strong>, Al integrar un revolucionario sistema de doble c\u00e1psula, hemos redefinido los est\u00e1ndares de longevidad y comodidad en la industria del vapeo.<\/p>\n\n\n\n<h2 class=\"wp-block-heading\">Por qu\u00e9 el Bang Leader 50.000 domina el mercado<\/h2>\n\n\n\n<h3 class=\"wp-block-heading\">1. Dep\u00f3sito doble masivo<\/h3>\n\n\n\n<p>Este dispositivo cuenta con dos vainas independientes de 20mL, proporcionando un <strong>40 ml de e-l\u00edquido de primera calidad<\/strong>. <strong>En consecuencia<\/strong>, con la que disfrutar\u00e1 del doble de capacidad que con las desechables est\u00e1ndar de alto flujo. <strong>Adem\u00e1s<\/strong>, Este dise\u00f1o garantiza que el sabor se mantenga fresco desde la primera calada hasta la 50.000.<\/p>\n\n\n\n<h3 class=\"wp-block-heading\">2. Gesti\u00f3n de energ\u00eda de alta precisi\u00f3n<\/h3>\n\n\n\n<p>Hemos equipado al Bang Leader con un <strong>Bater\u00eda recargable de 650 mAh<\/strong>. <strong>Adem\u00e1s<\/strong>, El puerto de carga r\u00e1pida Type-C te permite pasar m\u00e1s tiempo vapeando y menos esperando. Este sistema de gesti\u00f3n activa de la energ\u00eda proporciona un voltaje constante, que mantiene la densidad del vapor independientemente del nivel de la bater\u00eda.<\/p>\n\n\n\n<h3 class=\"wp-block-heading\">3. Flexibilidad de nicotina a medida<\/h3>\n\n\n\n<p>Tanto si desea reducir su consumo como si le apetece un golpe fuerte, le ofrecemos cuatro potencias de nicotina precisas (0%, 2%, 3%, 5%). <strong>En consecuencia<\/strong>, Cada vapeador puede encontrar su equilibrio perfecto sin comprometer el golpe de garganta o la producci\u00f3n de nubes.<\/p>\n\n\n\n<h2 class=\"wp-block-heading\">Especificaciones t\u00e9cnicas<\/h2>\n\n\n\n<figure class=\"wp-block-table is-style-stripes\"><table class=\"has-fixed-layout\"><thead><tr><td><strong>Caracter\u00edstica<\/strong><\/td><td><strong>Especificaci\u00f3n detallada<\/strong><\/td><\/tr><\/thead><tbody><tr><td><strong>Puffs m\u00e1ximos<\/strong><\/td><td>50.000 Puffs (Alta Resistencia)<\/td><\/tr><tr><td><strong>Capacidad de e-l\u00edquido<\/strong><\/td><td>40mL Total (Dual 20mL + 20mL Pods)<\/td><\/tr><tr><td><strong>Tipo de bater\u00eda<\/strong><\/td><td>650mAh Recargable de Cobalto<\/td><\/tr><tr><td><strong>Puerto de carga<\/strong><\/td><td>Carga r\u00e1pida Tipo-C<\/td><\/tr><tr><td><strong>Niveles de nicotina<\/strong><\/td><td>0%, 2%, 3%, 5% (Ajustable)<\/td><\/tr><tr><td><strong>Factor de dise\u00f1o<\/strong><\/td><td>Chasis compacto y de bolsillo<\/td><\/tr><tr><td><strong>Operaci\u00f3n<\/strong><\/td><td>Desenfundado (sin bot\u00f3n)<\/td><\/tr><\/tbody><\/table><\/figure>\n\n\n\n<h2 class=\"wp-block-heading\">Combinaciones de sabores premium<\/h2>\n\n\n\n<p>El Bang Leader ofrece un sofisticado men\u00fa de 12 perfiles de sabor maridados por expertos. <strong>En su lugar<\/strong> en lugar de conformarse con sabores b\u00e1sicos, experimente nuestras mezclas multicapa de frutas y mentol:<\/p>\n\n\n\n<ol start=\"1\" class=\"wp-block-list\">\n<li>Fresa Frambuesa Cereza Hielo y Cereza<\/li>\n\n\n\n<li>Sand\u00eda Fresa y Sand\u00eda Redbull<\/li>\n\n\n\n<li>Uva negra y uva verde<\/li>\n\n\n\n<li>Manzana Pera y Kiwi Maracuy\u00e1 Guayaba<\/li>\n\n\n\n<li>Limonada de pi\u00f1a \u00e1cida y lima lim\u00f3n<\/li>\n\n\n\n<li>Hielo de pl\u00e1tano y mango<\/li>\n\n\n\n<li>Frambuesa agria y ar\u00e1ndano<\/li>\n\n\n\n<li>Cola de cereza y limonada rosa<\/li>\n\n\n\n<li>Limonada de ar\u00e1ndanos y frambuesa &amp; Helado de fresa y frambuesa y cereza<\/li>\n\n\n\n<li>Fresa Kiwi y Fresa Helado<\/li>\n\n\n\n<li>Hielo de pi\u00f1a y maracuy\u00e1<\/li>\n\n\n\n<li>Mojito de frambuesa y lima con frambuesa y cereza<\/li>\n<\/ol>\n\n\n\n<h2 class=\"wp-block-heading\">La mejor opci\u00f3n para mayoristas y minoristas<\/h2>\n\n\n\n<p><strong>En conclusi\u00f3n<\/strong>, La Bang Leader 50.000 dura m\u00e1s que casi todos sus competidores. <strong>Adem\u00e1s<\/strong>, Nuestra fabricaci\u00f3n de primera calidad garantiza una experiencia a prueba de fugas y una calidad de vapor constante. <strong>Por lo tanto<\/strong>, Al elegir este modelo, proporcionar\u00e1 a sus clientes la soluci\u00f3n m\u00e1s fiable y rentable para vapear a largo plazo.<\/p>\n\n\n\n<p>Si desea explorar m\u00e1s dispositivos de la misma marca, puede ver nuestra completa\u00a0<strong><a href=\"https:\/\/vapemaison.com\/\">Colecci\u00f3n Bang Vape desechable<\/a><\/strong>\u00a0para comparar diferentes modelos y cantidades de caladas. Para los usuarios que buscan un mayor rendimiento de vaporizaci\u00f3n, este dispositivo tambi\u00e9n forma parte de nuestra gama de productos.\u00a0<strong><a href=\"https:\/\/vapemaison.com\/product-category\/puffs-count\/40k-puffs\/\">60K caladas vape desechable<\/a><\/strong>\u00a0con un uso duradero y dise\u00f1os de gran capacidad. Si est\u00e1 comparando opciones similares de gran capacidad, la\u00a0<strong><a href=\"https:\/\/vapemaison.com\/product\/bang-leader-stoll-300k-puffs-disposable-vape\/\">Bang 300k Puffs Vape Desechable<\/a><\/strong>\u00a0y el <strong><a href=\"https:\/\/vapemaison.com\/product-category\/puffs-count\/50k-puffs\/\">puff 50k<\/a><\/strong> son alternativas populares con capacidad y rendimiento comparables.<\/p>\n\n\n\n<h2 class=\"wp-block-heading\">PREGUNTAS FRECUENTES<\/h2>\n\n\n\n<h3 class=\"wp-block-heading\"><strong>\u00bfC\u00f3mo mejoran mi experiencia de vapeo las c\u00e1psulas dobles de 20 ml?<\/strong> <\/h3>\n\n\n\n<p> Hemos dise\u00f1ado el sistema de doble c\u00e1psula para alojar un total de 40 ml de e-l\u00edquido, lo que duplica la vida \u00fatil de su dispositivo. <strong>Adem\u00e1s<\/strong>, Esta separaci\u00f3n mantiene el e-l\u00edquido fresco en cada dep\u00f3sito. <strong>En consecuencia<\/strong>, Disfrutar\u00e1 de un sabor n\u00edtido y uniforme desde la primera calada hasta las 50.000.<\/p>\n\n\n\n<h3 class=\"wp-block-heading\"><strong>\u00bfC\u00f3mo sabr\u00e9 cu\u00e1ndo hay que recargar la bater\u00eda?<\/strong> <\/h3>\n\n\n\n<p>El Bang Leader incorpora un sistema inteligente de indicadores que controla sus niveles de potencia. <strong>Adem\u00e1s<\/strong>, el dispositivo mantiene una salida constante incluso cuando la duraci\u00f3n de la bater\u00eda disminuye. <strong>Por lo tanto<\/strong>, cuando notes un ligero cambio en la producci\u00f3n de vapor, solo tienes que conectar el cable Type-C para restablecer toda la potencia r\u00e1pidamente.<\/p>\n\n\n\n<h3 class=\"wp-block-heading\"><strong>\u00bfEs la Bang Leader 50.000 lo suficientemente port\u00e1til para viajar?<\/strong><\/h3>\n\n\n\n<p>Absolutamente. A pesar de su enorme capacidad, hemos utilizado un dise\u00f1o interno compacto para mantener el chasis elegante y de bolsillo. <strong>Adem\u00e1s<\/strong>, El dise\u00f1o de la c\u00e1psula a prueba de fugas evita cualquier derrame en su bolso o bolsillo. <strong>En consecuencia<\/strong>, es el compa\u00f1ero perfecto para viajes de larga distancia y desplazamientos diarios.<\/p>\n\n\n\n<h3 class=\"wp-block-heading\"><strong>\u00bfCon qu\u00e9 rapidez procesan y env\u00edan los pedidos al por mayor?<\/strong> <\/h3>\n\n\n\n<p>Damos prioridad a la eficacia tramitando la mayor\u00eda de los pedidos en un plazo de 24 a 48 horas. <strong>Una vez<\/strong> el env\u00edo sale de nuestro almac\u00e9n, le proporcionamos un n\u00famero de seguimiento en tiempo real. <strong>En consecuencia<\/strong>, puede supervisar el progreso de su inventario en cada paso del camino hasta que llegue a su puerta.<\/p>\n\n\n\n<h3 class=\"wp-block-heading\"><strong>\u00bfCu\u00e1les son los plazos de entrega y m\u00e9todos de env\u00edo habituales?<\/strong><\/h3>\n\n\n\n<p>Colaboramos con las principales empresas de mensajer\u00eda internacional para garantizar una entrega r\u00e1pida y segura. <strong>En general<\/strong>, El transporte a\u00e9reo tarda entre 7 y 12 d\u00edas laborables dependiendo de su ubicaci\u00f3n. <strong>Adem\u00e1s<\/strong>, Por supuesto, este producto se encuentra en un almac\u00e9n de Alemania. Si est\u00e1 en stock, la entrega dentro de Alemania puede completarse en 3-5 d\u00edas.<\/p>","protected":false},"excerpt":{"rendered":"<p data-start=\"136\" data-end=\"516\">El Bang Leader 50000 Puffs Disposable Vape es un cambio de juego en el mundo de vaping desechable.Featuring vainas duales (20mL + 20mL), una bater\u00eda recargable de 650mAh, y las opciones de nicotina de 0% a 5%, este dispositivo ofrece hasta 50.000 caladas de vapor suave y sabroso.Perfect para vapers que exigen un rendimiento de larga duraci\u00f3n, comodidad y versatilidad.<\/p>","protected":false},"featured_media":8487,"comment_status":"open","ping_status":"closed","template":"","meta":[],"product_brand":[57],"product_cat":[136,142],"product_tag":[],"class_list":{"0":"post-8070","1":"product","2":"type-product","3":"status-publish","4":"has-post-thumbnail","6":"product_brand-bang","7":"product_cat-50k-puffs","8":"product_cat-eu-stock","10":"first","11":"instock","12":"sale","13":"shipping-taxable","14":"purchasable","15":"product-type-variable"},"yoast_head":"<!-- This site is optimized with the Yoast SEO plugin v27.4 - https:\/\/yoast.com\/product\/yoast-seo-wordpress\/ -->\n<title>Bang Leader 50000 Puffs Dual-Pod Disposable Device<\/title>\n<meta name=\"description\" content=\"Experience the Bang Leader 50000 puffs dual-pod disposable device with 40mL capacity, powerful 650mAh battery, and adjustable nicotine levels.\" \/>\n<meta name=\"robots\" content=\"index, follow, max-snippet:-1, max-image-preview:large, max-video-preview:-1\" \/>\n<link rel=\"canonical\" href=\"https:\/\/vapemaison.com\/es\/producto\/bang-lider-50000\/\" \/>\n<meta property=\"og:locale\" content=\"es_ES\" \/>\n<meta property=\"og:type\" content=\"article\" \/>\n<meta property=\"og:title\" content=\"Bang Leader 50000 Puffs Dual-Pod Disposable Device\" \/>\n<meta property=\"og:description\" content=\"Experience the Bang Leader 50000 puffs dual-pod disposable device with 40mL capacity, powerful 650mAh battery, and adjustable nicotine levels.\" \/>\n<meta property=\"og:url\" content=\"https:\/\/vapemaison.com\/es\/producto\/bang-lider-50000\/\" \/>\n<meta property=\"og:site_name\" content=\"VapeMaison\" \/>\n<meta property=\"article:modified_time\" content=\"2026-01-31T10:04:28+00:00\" \/>\n<meta property=\"og:image\" content=\"https:\/\/vapemaison.com\/wp-content\/uploads\/2025\/10\/bang-leader-50000-puffs-banana-ice-mango-flavor-picture.jpg\" \/>\n\t<meta property=\"og:image:width\" content=\"800\" \/>\n\t<meta property=\"og:image:height\" content=\"800\" \/>\n\t<meta property=\"og:image:type\" content=\"image\/jpeg\" \/>\n<meta name=\"twitter:card\" content=\"summary_large_image\" \/>\n<meta name=\"twitter:label1\" content=\"Tiempo de lectura\" \/>\n\t<meta name=\"twitter:data1\" content=\"4 minutos\" \/>\n<!-- \/ Yoast SEO plugin. -->","yoast_head_json":{"title":"Dispositivo desechable Bang Leader 50000 Puffs Dual-Pod","description":"Experimenta el dispositivo desechable Bang Leader 50000 puffs dual-pod con capacidad de 40mL, potente bater\u00eda de 650mAh y niveles de nicotina ajustables.","robots":{"index":"index","follow":"follow","max-snippet":"max-snippet:-1","max-image-preview":"max-image-preview:large","max-video-preview":"max-video-preview:-1"},"canonical":"https:\/\/vapemaison.com\/es\/producto\/bang-lider-50000\/","og_locale":"es_ES","og_type":"article","og_title":"Bang Leader 50000 Puffs Dual-Pod Disposable Device","og_description":"Experience the Bang Leader 50000 puffs dual-pod disposable device with 40mL capacity, powerful 650mAh battery, and adjustable nicotine levels.","og_url":"https:\/\/vapemaison.com\/es\/producto\/bang-lider-50000\/","og_site_name":"VapeMaison","article_modified_time":"2026-01-31T10:04:28+00:00","og_image":[{"width":800,"height":800,"url":"https:\/\/vapemaison.com\/wp-content\/uploads\/2025\/10\/bang-leader-50000-puffs-banana-ice-mango-flavor-picture.jpg","type":"image\/jpeg"}],"twitter_card":"summary_large_image","twitter_misc":{"Tiempo de lectura":"4 minutos"},"schema":{"@context":"https:\/\/schema.org","@graph":[{"@type":"WebPage","@id":"https:\/\/vapemaison.com\/product\/bang-leader-50000\/","url":"https:\/\/vapemaison.com\/product\/bang-leader-50000\/","name":"Dispositivo desechable Bang Leader 50000 Puffs Dual-Pod","isPartOf":{"@id":"https:\/\/vapemaison.com\/#website"},"primaryImageOfPage":{"@id":"https:\/\/vapemaison.com\/product\/bang-leader-50000\/#primaryimage"},"image":{"@id":"https:\/\/vapemaison.com\/product\/bang-leader-50000\/#primaryimage"},"thumbnailUrl":"https:\/\/vapemaison.com\/wp-content\/uploads\/2025\/10\/bang-leader-50000-puffs-banana-ice-mango-flavor-picture.jpg","datePublished":"2025-10-22T07:08:47+00:00","dateModified":"2026-01-31T10:04:28+00:00","description":"Experimenta el dispositivo desechable Bang Leader 50000 puffs dual-pod con capacidad de 40mL, potente bater\u00eda de 650mAh y niveles de nicotina ajustables.","breadcrumb":{"@id":"https:\/\/vapemaison.com\/product\/bang-leader-50000\/#breadcrumb"},"inLanguage":"es","potentialAction":[{"@type":"ReadAction","target":["https:\/\/vapemaison.com\/product\/bang-leader-50000\/"]}]},{"@type":"ImageObject","inLanguage":"es","@id":"https:\/\/vapemaison.com\/product\/bang-leader-50000\/#primaryimage","url":"https:\/\/vapemaison.com\/wp-content\/uploads\/2025\/10\/bang-leader-50000-puffs-banana-ice-mango-flavor-picture.jpg","contentUrl":"https:\/\/vapemaison.com\/wp-content\/uploads\/2025\/10\/bang-leader-50000-puffs-banana-ice-mango-flavor-picture.jpg","width":800,"height":800,"caption":"Bang Leader Puffs Banana Ice Mango Flavor Picture Disposable Vape Device"},{"@type":"BreadcrumbList","@id":"https:\/\/vapemaison.com\/product\/bang-leader-50000\/#breadcrumb","itemListElement":[{"@type":"ListItem","position":1,"name":"\u9996\u9875","item":"https:\/\/vapemaison.com\/"},{"@type":"ListItem","position":2,"name":"Shop","item":"https:\/\/vapemaison.com\/shop\/"},{"@type":"ListItem","position":3,"name":"Bang","item":"https:\/\/vapemaison.com\/brand\/bang\/"},{"@type":"ListItem","position":4,"name":"Bang Leader 50000 Puffs Vape | 50k Puffs"}]},{"@type":"WebSite","@id":"https:\/\/vapemaison.com\/#website","url":"https:\/\/vapemaison.com\/","name":"VapeMaison","description":"Dispositivos y accesorios premium para vapear","publisher":{"@id":"https:\/\/vapemaison.com\/#organization"},"potentialAction":[{"@type":"SearchAction","target":{"@type":"EntryPoint","urlTemplate":"https:\/\/vapemaison.com\/?s={search_term_string}"},"query-input":{"@type":"PropertyValueSpecification","valueRequired":true,"valueName":"search_term_string"}}],"inLanguage":"es"},{"@type":"Organization","@id":"https:\/\/vapemaison.com\/#organization","name":"VapeMaison","url":"https:\/\/vapemaison.com\/","logo":{"@type":"ImageObject","inLanguage":"es","@id":"https:\/\/vapemaison.com\/#\/schema\/logo\/image\/","url":"https:\/\/vapemaison.com\/wp-content\/uploads\/2026\/01\/cropped-vapemaison-logo-g-2026.webp","contentUrl":"https:\/\/vapemaison.com\/wp-content\/uploads\/2026\/01\/cropped-vapemaison-logo-g-2026.webp","width":350,"height":280,"caption":"VapeMaison"},"image":{"@id":"https:\/\/vapemaison.com\/#\/schema\/logo\/image\/"},"sameAs":["https:\/\/www.youtube.com\/@VapeMaison"]}]}},"tiered_pricing_type":"fixed","tiered_pricing_fixed_rules":{"30":"9.69","50":"9.24","100":"8.99","200":"8.59"},"tiered_pricing_product_settings":{"layout":"default","base_unit_name":{"singular":null,"plural":null},"default_variation":null},"tiered_pricing_minimum_quantity":10,"tiered_pricing_roles_data":[],"tiered_pricing_percentage_rules":[],"tiered_pricing_maximum_quantity":null,"tiered_pricing_quantity_step":"10","_links":{"self":[{"href":"https:\/\/vapemaison.com\/es\/wp-json\/wp\/v2\/product\/8070","targetHints":{"allow":["GET"]}}],"collection":[{"href":"https:\/\/vapemaison.com\/es\/wp-json\/wp\/v2\/product"}],"about":[{"href":"https:\/\/vapemaison.com\/es\/wp-json\/wp\/v2\/types\/product"}],"replies":[{"embeddable":true,"href":"https:\/\/vapemaison.com\/es\/wp-json\/wp\/v2\/comments?post=8070"}],"version-history":[{"count":4,"href":"https:\/\/vapemaison.com\/es\/wp-json\/wp\/v2\/product\/8070\/revisions"}],"predecessor-version":[{"id":26507,"href":"https:\/\/vapemaison.com\/es\/wp-json\/wp\/v2\/product\/8070\/revisions\/26507"}],"wp:featuredmedia":[{"embeddable":true,"href":"https:\/\/vapemaison.com\/es\/wp-json\/wp\/v2\/media\/8487"}],"wp:attachment":[{"href":"https:\/\/vapemaison.com\/es\/wp-json\/wp\/v2\/media?parent=8070"}],"wp:term":[{"taxonomy":"product_brand","embeddable":true,"href":"https:\/\/vapemaison.com\/es\/wp-json\/wp\/v2\/product_brand?post=8070"},{"taxonomy":"product_cat","embeddable":true,"href":"https:\/\/vapemaison.com\/es\/wp-json\/wp\/v2\/product_cat?post=8070"},{"taxonomy":"product_tag","embeddable":true,"href":"https:\/\/vapemaison.com\/es\/wp-json\/wp\/v2\/product_tag?post=8070"}],"curies":[{"name":"wp","href":"https:\/\/api.w.org\/{rel}","templated":true}]}}