

{"id":8133,"date":"2025-10-22T10:12:47","date_gmt":"2025-10-22T10:12:47","guid":{"rendered":"https:\/\/vapemaison.com\/?post_type=product&#038;p=8133"},"modified":"2026-05-01T09:16:42","modified_gmt":"2026-05-01T09:16:42","slug":"bang-blaze-40000-puffs-vape-recarga-32-combos-de-sabores","status":"publish","type":"product","link":"https:\/\/vapemaison.com\/es\/product\/bang-blaze-40000-puffs-vape-recharge-32-flavor-combos\/","title":{"rendered":"Bang Blaze 40000 40K Puffs Vape"},"content":{"rendered":"<p>Bang Blaze 40000 <a href=\"https:\/\/vapemaison.com\/product-category\/puffs-count\/40k-puffs\/\">40K Puffs<\/a> Vape desechable est\u00e1 dise\u00f1ado para un mayor rendimiento y flexibilidad de sabor, ofreciendo hasta 40K Puffs en un dispositivo compacto y recargable. Con un sistema de doble sabor y 40 ml de e-l\u00edquido precargado, los usuarios pueden cambiar entre dos sabores o combinarlos para una experiencia mezclada.<\/p>\n\n\n\n<p>Equipado con una bobina de malla doble de 0,6 \u03a9, garantiza un vapor suave y consistente y un suministro de sabor mejorado. La bater\u00eda recargable de 650 mAh con carga Type-C proporciona energ\u00eda fiable para un uso duradero, mientras que las m\u00faltiples opciones de nicotina permiten una experiencia de vapeo personalizada.<\/p>\n\n\n\n<p>\u00bfBusca m\u00e1s opciones de BANG? Explore nuestra <strong><a href=\"https:\/\/vapemaison.com\/brand\/bang\/\">Colecci\u00f3n Bang Vape<\/a><\/strong> para descubrir una amplia gama de sabores, n\u00famero de caladas y los \u00faltimos modelos disponibles.<\/p>\n\n\n\n<h2 class=\"wp-block-heading\"><strong>Especificaciones<\/strong><\/h2>\n\n\n\n<figure class=\"wp-block-table\"><table class=\"has-fixed-layout\"><thead><tr><th>Especificaci\u00f3n<\/th><th>Detalles<\/th><\/tr><\/thead><tbody><tr><td>Recuento de puff<\/td><td>Hasta 40.000 caladas<\/td><\/tr><tr><td>Capacidad de e-l\u00edquido<\/td><td>Precarga de 40 ml<\/td><\/tr><tr><td>Sistema de sabor<\/td><td>Doble sabor (mezclable)<\/td><\/tr><tr><td>Bater\u00eda<\/td><td>650mAh Recargable<\/td><\/tr><tr><td>Bobina<\/td><td>Bobina de malla doble (0,6\u03a9)<\/td><\/tr><tr><td>Cargando<\/td><td>USB Tipo-C<\/td><\/tr><tr><td>Potencia de nicotina<\/td><td>0%, 2%, 3%, 5%<\/td><\/tr><tr><td>Operaci\u00f3n<\/td><td>Activado por dibujo<\/td><\/tr><\/tbody><\/table><\/figure>\n\n\n\n<h3 class=\"wp-block-heading\">Combinaciones de dos sabores disponibles (32 opciones):<\/h3>\n\n\n\n<ol class=\"wp-block-list\">\n<li>Sand\u00eda \/ Sand\u00eda fresa<\/li>\n\n\n\n<li>Hielo de ar\u00e1ndano \/ Frambuesa de ar\u00e1ndano<\/li>\n\n\n\n<li>Mango Ice \/ Mango Fresa<\/li>\n\n\n\n<li>Sand\u00eda \/ Watermelon Bubblegum<\/li>\n\n\n\n<li>Pi\u00f1a Helada \/ Pi\u00f1a Coco<\/li>\n\n\n\n<li>Fruta mezclada \/ Triple baya<\/li>\n\n\n\n<li>Melocot\u00f3n Helado \/ Mango Melocot\u00f3n<\/li>\n\n\n\n<li>Cereza \/ Cherry Coke<\/li>\n\n\n\n<li>Uva \/ Ar\u00e1ndano Uva<\/li>\n\n\n\n<li>Menta \/ Menta ar\u00e1ndano<\/li>\n\n\n\n<li>Black Dragon Ice \/ Red Bull<\/li>\n\n\n\n<li>Fresa Helada \/ Fresa Kiwi<\/li>\n\n\n\n<li>Frutas tropicales \/ Sand\u00eda triple<\/li>\n\n\n\n<li>Mango agrio Pi\u00f1a \/ Lim\u00f3n Lima<\/li>\n\n\n\n<li>Summer Time \/ Hielo de manzana<\/li>\n\n\n\n<li>Caramelos arco iris \/ Congelaci\u00f3n \u00e1rtica<\/li>\n\n\n\n<li>Sand\u00eda con frambuesa \/ Jieshuang<\/li>\n\n\n\n<li>Romance de lim\u00f3n \/ Cereza de California<\/li>\n\n\n\n<li>Gominolas Mango Melocot\u00f3n Albaricoque \/ Blanco<\/li>\n\n\n\n<li>Mary's Dream \/ Aloe Mango Mel\u00f3n Helado<\/li>\n\n\n\n<li>Kiwi Maracuy\u00e1 Guayaba \/ Ar\u00e1ndano Cereza<\/li>\n\n\n\n<li>Pi\u00f1a Mango \/ Pi\u00f1a Coco Ice<\/li>\n\n\n\n<li>Frambuesa Sand\u00eda \/ Aloe Vera Uva<\/li>\n\n\n\n<li>Lichi Helado \/ Lichi Fresa<\/li>\n\n\n\n<li>Sexo en la playa \/ Sand\u00eda con frambuesa<\/li>\n\n\n\n<li>Osito de goma \/ Purpurina negra frambuesa<\/li>\n\n\n\n<li>Bayas Fr\u00edas \/ Sand\u00eda Melocot\u00f3n \u00c1cido<\/li>\n\n\n\n<li>Fresa Pl\u00e1tano \/ Fruta de la pasi\u00f3n Kiwi<\/li>\n\n\n\n<li>Acai Storm Ice \/ Love 66<\/li>\n\n\n\n<li>Limonada rosa \/ Ar\u00e1ndano Cereza Lim\u00f3n<\/li>\n\n\n\n<li>Helado de Fresa \/ Fresa Vainilla<\/li>\n\n\n\n<li>Ar\u00e1ndano Ar\u00e1ndano Cereza \/ Sand\u00eda Cereza<\/li>\n<\/ol>\n\n\n\n<p><\/p>","protected":false},"excerpt":{"rendered":"<p>Experimenta la resistencia y el sabor del siguiente nivel con el Bang Blaze 40000 Puffs Vape. Con un sistema de doble sabor de 40ML, te permite disfrutar de dos sabores separados o mezclarlos para obtener una tercera mezcla \u00fanica.  Disponible en 0%, 2%, 3% y 5% de nicotina, es la elecci\u00f3n perfecta para los usuarios que valoran tanto el rendimiento como la variedad.<\/p>","protected":false},"featured_media":8156,"comment_status":"open","ping_status":"closed","template":"","meta":[],"product_brand":[57],"product_cat":[135,142],"product_tag":[],"class_list":{"0":"post-8133","1":"product","2":"type-product","3":"status-publish","4":"has-post-thumbnail","6":"product_brand-bang","7":"product_cat-40k-puffs","8":"product_cat-eu-stock","10":"first","11":"instock","12":"sale","13":"shipping-taxable","14":"purchasable","15":"product-type-variable"},"yoast_head":"<!-- This site is optimized with the Yoast SEO plugin v27.4 - https:\/\/yoast.com\/product\/yoast-seo-wordpress\/ -->\n<title>Bang Blaze 40000 40K Puffs Disposable Vape<\/title>\n<meta name=\"description\" content=\"Experience the Bang Blaze 40000 40K Puffs Vape with 40ML dual-flavor e-liquid. Enjoy up to 40K Puffs with triple taste options .\" \/>\n<meta name=\"robots\" content=\"index, follow, max-snippet:-1, max-image-preview:large, max-video-preview:-1\" \/>\n<link rel=\"canonical\" href=\"https:\/\/vapemaison.com\/es\/producto\/bang-blaze-40000-puffs-vape-recarga-32-combos-de-sabores\/\" \/>\n<meta property=\"og:locale\" content=\"es_ES\" \/>\n<meta property=\"og:type\" content=\"article\" \/>\n<meta property=\"og:title\" content=\"Bang Blaze 40000 40K Puffs Disposable Vape\" \/>\n<meta property=\"og:description\" content=\"Experience the Bang Blaze 40000 40K Puffs Vape with 40ML dual-flavor e-liquid. Enjoy up to 40K Puffs with triple taste options .\" \/>\n<meta property=\"og:url\" content=\"https:\/\/vapemaison.com\/es\/producto\/bang-blaze-40000-puffs-vape-recarga-32-combos-de-sabores\/\" \/>\n<meta property=\"og:site_name\" content=\"VapeMaison\" \/>\n<meta property=\"article:modified_time\" content=\"2026-05-01T09:16:42+00:00\" \/>\n<meta property=\"og:image\" content=\"https:\/\/vapemaison.com\/wp-content\/uploads\/2025\/10\/bang-blaze-40000-puffs-vape-flavor-12.jpg\" \/>\n\t<meta property=\"og:image:width\" content=\"800\" \/>\n\t<meta property=\"og:image:height\" content=\"800\" \/>\n\t<meta property=\"og:image:type\" content=\"image\/jpeg\" \/>\n<meta name=\"twitter:card\" content=\"summary_large_image\" \/>\n<meta name=\"twitter:label1\" content=\"Tiempo de lectura\" \/>\n\t<meta name=\"twitter:data1\" content=\"2 minutos\" \/>\n<!-- \/ Yoast SEO plugin. -->","yoast_head_json":{"title":"Bang Blaze 40000 40K Puffs Vape Desechable","description":"Experimenta el Bang Blaze 40000 40K Puffs Vape con 40ML e-l\u00edquido de doble sabor. Disfrute de hasta 40K Puffs con opciones de triple sabor .","robots":{"index":"index","follow":"follow","max-snippet":"max-snippet:-1","max-image-preview":"max-image-preview:large","max-video-preview":"max-video-preview:-1"},"canonical":"https:\/\/vapemaison.com\/es\/producto\/bang-blaze-40000-puffs-vape-recarga-32-combos-de-sabores\/","og_locale":"es_ES","og_type":"article","og_title":"Bang Blaze 40000 40K Puffs Disposable Vape","og_description":"Experience the Bang Blaze 40000 40K Puffs Vape with 40ML dual-flavor e-liquid. Enjoy up to 40K Puffs with triple taste options .","og_url":"https:\/\/vapemaison.com\/es\/producto\/bang-blaze-40000-puffs-vape-recarga-32-combos-de-sabores\/","og_site_name":"VapeMaison","article_modified_time":"2026-05-01T09:16:42+00:00","og_image":[{"width":800,"height":800,"url":"https:\/\/vapemaison.com\/wp-content\/uploads\/2025\/10\/bang-blaze-40000-puffs-vape-flavor-12.jpg","type":"image\/jpeg"}],"twitter_card":"summary_large_image","twitter_misc":{"Tiempo de lectura":"2 minutos"},"schema":{"@context":"https:\/\/schema.org","@graph":[{"@type":"WebPage","@id":"https:\/\/vapemaison.com\/product\/bang-blaze-40000-puffs-vape-recharge-32-flavor-combos\/","url":"https:\/\/vapemaison.com\/product\/bang-blaze-40000-puffs-vape-recharge-32-flavor-combos\/","name":"Bang Blaze 40000 40K Puffs Vape Desechable","isPartOf":{"@id":"https:\/\/vapemaison.com\/#website"},"primaryImageOfPage":{"@id":"https:\/\/vapemaison.com\/product\/bang-blaze-40000-puffs-vape-recharge-32-flavor-combos\/#primaryimage"},"image":{"@id":"https:\/\/vapemaison.com\/product\/bang-blaze-40000-puffs-vape-recharge-32-flavor-combos\/#primaryimage"},"thumbnailUrl":"https:\/\/vapemaison.com\/wp-content\/uploads\/2025\/10\/bang-blaze-40000-puffs-vape-flavor-12.jpg","datePublished":"2025-10-22T10:12:47+00:00","dateModified":"2026-05-01T09:16:42+00:00","description":"Experimenta el Bang Blaze 40000 40K Puffs Vape con 40ML e-l\u00edquido de doble sabor. Disfrute de hasta 40K Puffs con opciones de triple sabor .","breadcrumb":{"@id":"https:\/\/vapemaison.com\/product\/bang-blaze-40000-puffs-vape-recharge-32-flavor-combos\/#breadcrumb"},"inLanguage":"es","potentialAction":[{"@type":"ReadAction","target":["https:\/\/vapemaison.com\/product\/bang-blaze-40000-puffs-vape-recharge-32-flavor-combos\/"]}]},{"@type":"ImageObject","inLanguage":"es","@id":"https:\/\/vapemaison.com\/product\/bang-blaze-40000-puffs-vape-recharge-32-flavor-combos\/#primaryimage","url":"https:\/\/vapemaison.com\/wp-content\/uploads\/2025\/10\/bang-blaze-40000-puffs-vape-flavor-12.jpg","contentUrl":"https:\/\/vapemaison.com\/wp-content\/uploads\/2025\/10\/bang-blaze-40000-puffs-vape-flavor-12.jpg","width":800,"height":800,"caption":"Bang Blaze Puffs Vape Flavor"},{"@type":"BreadcrumbList","@id":"https:\/\/vapemaison.com\/product\/bang-blaze-40000-puffs-vape-recharge-32-flavor-combos\/#breadcrumb","itemListElement":[{"@type":"ListItem","position":1,"name":"\u9996\u9875","item":"https:\/\/vapemaison.com\/"},{"@type":"ListItem","position":2,"name":"Shop","item":"https:\/\/vapemaison.com\/shop\/"},{"@type":"ListItem","position":3,"name":"Bang","item":"https:\/\/vapemaison.com\/brand\/bang\/"},{"@type":"ListItem","position":4,"name":"Bang Blaze 40000 40K Puffs Vape"}]},{"@type":"WebSite","@id":"https:\/\/vapemaison.com\/#website","url":"https:\/\/vapemaison.com\/","name":"VapeMaison","description":"Dispositivos y accesorios premium para vapear","publisher":{"@id":"https:\/\/vapemaison.com\/#organization"},"potentialAction":[{"@type":"SearchAction","target":{"@type":"EntryPoint","urlTemplate":"https:\/\/vapemaison.com\/?s={search_term_string}"},"query-input":{"@type":"PropertyValueSpecification","valueRequired":true,"valueName":"search_term_string"}}],"inLanguage":"es"},{"@type":"Organization","@id":"https:\/\/vapemaison.com\/#organization","name":"VapeMaison","url":"https:\/\/vapemaison.com\/","logo":{"@type":"ImageObject","inLanguage":"es","@id":"https:\/\/vapemaison.com\/#\/schema\/logo\/image\/","url":"https:\/\/vapemaison.com\/wp-content\/uploads\/2026\/01\/cropped-vapemaison-logo-g-2026.webp","contentUrl":"https:\/\/vapemaison.com\/wp-content\/uploads\/2026\/01\/cropped-vapemaison-logo-g-2026.webp","width":350,"height":280,"caption":"VapeMaison"},"image":{"@id":"https:\/\/vapemaison.com\/#\/schema\/logo\/image\/"},"sameAs":["https:\/\/www.youtube.com\/@VapeMaison"]}]}},"tiered_pricing_type":"fixed","tiered_pricing_fixed_rules":{"30":"8.98","50":"8.58","100":"8.10","200":"7.69"},"tiered_pricing_product_settings":{"layout":"default","base_unit_name":{"singular":null,"plural":null},"default_variation":null},"tiered_pricing_minimum_quantity":10,"tiered_pricing_roles_data":[],"tiered_pricing_percentage_rules":[],"tiered_pricing_maximum_quantity":null,"tiered_pricing_quantity_step":"10","_links":{"self":[{"href":"https:\/\/vapemaison.com\/es\/wp-json\/wp\/v2\/product\/8133","targetHints":{"allow":["GET"]}}],"collection":[{"href":"https:\/\/vapemaison.com\/es\/wp-json\/wp\/v2\/product"}],"about":[{"href":"https:\/\/vapemaison.com\/es\/wp-json\/wp\/v2\/types\/product"}],"replies":[{"embeddable":true,"href":"https:\/\/vapemaison.com\/es\/wp-json\/wp\/v2\/comments?post=8133"}],"version-history":[{"count":2,"href":"https:\/\/vapemaison.com\/es\/wp-json\/wp\/v2\/product\/8133\/revisions"}],"predecessor-version":[{"id":28427,"href":"https:\/\/vapemaison.com\/es\/wp-json\/wp\/v2\/product\/8133\/revisions\/28427"}],"wp:featuredmedia":[{"embeddable":true,"href":"https:\/\/vapemaison.com\/es\/wp-json\/wp\/v2\/media\/8156"}],"wp:attachment":[{"href":"https:\/\/vapemaison.com\/es\/wp-json\/wp\/v2\/media?parent=8133"}],"wp:term":[{"taxonomy":"product_brand","embeddable":true,"href":"https:\/\/vapemaison.com\/es\/wp-json\/wp\/v2\/product_brand?post=8133"},{"taxonomy":"product_cat","embeddable":true,"href":"https:\/\/vapemaison.com\/es\/wp-json\/wp\/v2\/product_cat?post=8133"},{"taxonomy":"product_tag","embeddable":true,"href":"https:\/\/vapemaison.com\/es\/wp-json\/wp\/v2\/product_tag?post=8133"}],"curies":[{"name":"wp","href":"https:\/\/api.w.org\/{rel}","templated":true}]}}