

{"id":8253,"date":"2025-10-23T05:30:13","date_gmt":"2025-10-23T05:30:13","guid":{"rendered":"https:\/\/vapemaison.com\/?post_type=product&#038;p=8253"},"modified":"2026-04-14T10:58:49","modified_gmt":"2026-04-14T10:58:49","slug":"bang-25000-caladas-vape-desechable","status":"publish","type":"product","link":"https:\/\/vapemaison.com\/es\/product\/bang-25000-puffs-disposable-vape\/","title":{"rendered":"Bang 25000 25k Puffs Vape desechable"},"content":{"rendered":"<p>Bang 25k Puffs Vape desechable est\u00e1 dise\u00f1ado para ofrecer un equilibrio de rendimiento de larga duraci\u00f3n, sabor consistente, y un funcionamiento f\u00e1cil de usar. Con hasta 25.000 caladas y una capacidad de 30 ml de e-l\u00edquido precargado, proporciona un uso prolongado en comparaci\u00f3n con los dispositivos desechables est\u00e1ndar.<\/p>\n\n\n\n<p>Alimentado por una bater\u00eda recargable de 650mAh, el dispositivo garantiza una salida estable durante todo su ciclo de vida. El sistema de flujo de aire ajustable permite a los usuarios ajustar con precisi\u00f3n la densidad del vapor y la resistencia a la extracci\u00f3n, mientras que la bobina de malla de 1,0 \u03a9 mejora la consistencia del sabor y la producci\u00f3n de vapor suave. Las m\u00faltiples opciones de potencia de nicotina disponibles ofrecen flexibilidad para diferentes preferencias.<\/p>\n\n\n\n<p>\u00bfBusca m\u00e1s opciones de BANG? Explore nuestra <strong><a href=\"https:\/\/vapemaison.com\/brand\/bang\/\">Colecci\u00f3n Bang Vape<\/a><\/strong> para descubrir una amplia gama de sabores, n\u00famero de caladas y los \u00faltimos modelos disponibles.\u00bfNo est\u00e1 seguro de cu\u00e1l elegir? Lea nuestra <strong><a href=\"https:\/\/vapemaison.com\/2026-no-nicotine-vape-guide-why-zero-nic-is-the-future-of-vaping\/\">gu\u00eda para elegir el vaporizador desechable adecuado<\/a><\/strong> para encontrar la opci\u00f3n que mejor se adapte a sus necesidades. <strong><a href=\"https:\/\/vapemaison.com\/product-category\/hot-series\/\">vapes desechables m\u00e1s vendidos<\/a><\/strong> para ver lo que otros clientes est\u00e1n comprando ahora mismo.<\/p>\n\n\n\n<p><\/p>\n\n\n\n<h2 class=\"wp-block-heading\"><strong>Especificaciones<\/strong><\/h2>\n\n\n\n<figure class=\"wp-block-table\"><table class=\"has-fixed-layout\"><thead><tr><th>Especificaci\u00f3n<\/th><th>Detalles<\/th><\/tr><\/thead><tbody><tr><td>Recuento de puff<\/td><td>Hasta 25 000 bocanadas<\/td><\/tr><tr><td>Capacidad de e-l\u00edquido<\/td><td>30 ml precargado<\/td><\/tr><tr><td>Bater\u00eda<\/td><td>650mAh Recargable<\/td><\/tr><tr><td>Bobina<\/td><td>Bobina de malla (1,0\u03a9)<\/td><\/tr><tr><td>Flujo de aire<\/td><td>Ajustable<\/td><\/tr><tr><td>Cargando<\/td><td>USB Tipo-C<\/td><\/tr><tr><td>Potencia de nicotina<\/td><td>0%, 2%, 3%, 5%<\/td><\/tr><tr><td>Operaci\u00f3n<\/td><td>Activado por dibujo<\/td><\/tr><\/tbody><\/table><\/figure>\n\n\n\n<h2 class=\"wp-block-heading\"><strong>Sabores disponibles<\/strong><\/h2>\n\n\n\n<ul class=\"wp-block-list\">\n<li>Hielo de ar\u00e1ndanos<\/li>\n\n\n\n<li>Fresa Kiwi<\/li>\n\n\n\n<li>Sand\u00eda con fresa<\/li>\n\n\n\n<li>Frutas variadas<\/li>\n\n\n\n<li>Menta con ar\u00e1ndanos<\/li>\n\n\n\n<li>Sangre de tigre<\/li>\n\n\n\n<li>Mango Melocot\u00f3n<\/li>\n\n\n\n<li>Hielo de uva<\/li>\n\n\n\n<li>Ar\u00e1ndano Frambuesa<\/li>\n\n\n\n<li>Hielo de sand\u00eda<\/li>\n\n\n\n<li>Chicle de sand\u00eda<\/li>\n\n\n\n<li>Fresa helada<\/li>\n<\/ul>\n\n\n\n<h2 class=\"wp-block-heading\"><strong>Por qu\u00e9 elegir Bang 25k Puffs<\/strong><\/h2>\n\n\n\n<p>Bang 25000 est\u00e1 dise\u00f1ado para usuarios que requieren un uso prolongado sin sacrificar el control o la calidad del sabor. Su gran capacidad de e-l\u00edquido y el alto n\u00famero de caladas reducen la necesidad de reemplazos frecuentes, mientras que el sistema de flujo de aire ajustable permite una experiencia de vapeo m\u00e1s personalizada.<\/p>\n\n\n\n<p>La tecnolog\u00eda de bobina de malla garantiza un calentamiento uniforme y un suministro de vapor suave, manteniendo la estabilidad del sabor durante todo el ciclo de uso. Combinado con una bater\u00eda recargable y m\u00faltiples opciones de nicotina, ofrece una soluci\u00f3n pr\u00e1ctica y flexible para el vapeo diario.<\/p>\n\n\n\n<p><\/p>","protected":false},"excerpt":{"rendered":"<p>Presentamos el Bang 25000 Puffs Disposable Vape, un dispositivo de alta capacidad que ofrece la impresionante cifra de 25.000 caladas para una comodidad sin igual. Este vape desechable est\u00e1 precargado con 30 ml de e-l\u00edquido y ofrece opciones de potencia de nicotina de 0%, 2%, 3%, y 5%, atendiendo a una gama de preferencias de los usuarios.\u00a0<\/p>","protected":false},"featured_media":8261,"comment_status":"open","ping_status":"closed","template":"","meta":[],"product_brand":[57],"product_cat":[144,142],"product_tag":[],"class_list":{"0":"post-8253","1":"product","2":"type-product","3":"status-publish","4":"has-post-thumbnail","6":"product_brand-bang","7":"product_cat-25k-puffs","8":"product_cat-eu-stock","10":"first","11":"instock","12":"sale","13":"shipping-taxable","14":"purchasable","15":"product-type-variable"},"yoast_head":"<!-- This site is optimized with the Yoast SEO plugin v27.4 - https:\/\/yoast.com\/product\/yoast-seo-wordpress\/ -->\n<title>Bang 25000 25k Puffs Disposable Vape - VapeMaison<\/title>\n<meta name=\"description\" content=\"Discover the Bang 25000 25k Puffs Disposable Vape with 30ml e-liquid, adjustable airflow, and 1.0\u03a9 mesh coil for rich, smooth flavor.\" \/>\n<meta name=\"robots\" content=\"index, follow, max-snippet:-1, max-image-preview:large, max-video-preview:-1\" \/>\n<link rel=\"canonical\" href=\"https:\/\/vapemaison.com\/es\/producto\/bang-25000-caladas-vape-desechable\/\" \/>\n<meta property=\"og:locale\" content=\"es_ES\" \/>\n<meta property=\"og:type\" content=\"article\" \/>\n<meta property=\"og:title\" content=\"Bang 25000 25k Puffs Disposable Vape - VapeMaison\" \/>\n<meta property=\"og:description\" content=\"Discover the Bang 25000 25k Puffs Disposable Vape with 30ml e-liquid, adjustable airflow, and 1.0\u03a9 mesh coil for rich, smooth flavor.\" \/>\n<meta property=\"og:url\" content=\"https:\/\/vapemaison.com\/es\/producto\/bang-25000-caladas-vape-desechable\/\" \/>\n<meta property=\"og:site_name\" content=\"VapeMaison\" \/>\n<meta property=\"article:modified_time\" content=\"2026-04-14T10:58:49+00:00\" \/>\n<meta property=\"og:image\" content=\"https:\/\/vapemaison.com\/wp-content\/uploads\/2025\/10\/bang-25000-puffs-strawberry-ice-flavor.webp\" \/>\n\t<meta property=\"og:image:width\" content=\"1000\" \/>\n\t<meta property=\"og:image:height\" content=\"1000\" \/>\n\t<meta property=\"og:image:type\" content=\"image\/webp\" \/>\n<meta name=\"twitter:card\" content=\"summary_large_image\" \/>\n<meta name=\"twitter:label1\" content=\"Tiempo de lectura\" \/>\n\t<meta name=\"twitter:data1\" content=\"2 minutos\" \/>\n<!-- \/ Yoast SEO plugin. -->","yoast_head_json":{"title":"Bang 25000 25k Puffs Vape Desechable - VapeMaison","description":"Descubre el Vapeador Desechable Bang 25000 25k Puffs con 30ml de e-l\u00edquido, flujo de aire ajustable y bobina de malla de 1.0\u03a9 para un sabor rico y suave.","robots":{"index":"index","follow":"follow","max-snippet":"max-snippet:-1","max-image-preview":"max-image-preview:large","max-video-preview":"max-video-preview:-1"},"canonical":"https:\/\/vapemaison.com\/es\/producto\/bang-25000-caladas-vape-desechable\/","og_locale":"es_ES","og_type":"article","og_title":"Bang 25000 25k Puffs Disposable Vape - VapeMaison","og_description":"Discover the Bang 25000 25k Puffs Disposable Vape with 30ml e-liquid, adjustable airflow, and 1.0\u03a9 mesh coil for rich, smooth flavor.","og_url":"https:\/\/vapemaison.com\/es\/producto\/bang-25000-caladas-vape-desechable\/","og_site_name":"VapeMaison","article_modified_time":"2026-04-14T10:58:49+00:00","og_image":[{"width":1000,"height":1000,"url":"https:\/\/vapemaison.com\/wp-content\/uploads\/2025\/10\/bang-25000-puffs-strawberry-ice-flavor.webp","type":"image\/webp"}],"twitter_card":"summary_large_image","twitter_misc":{"Tiempo de lectura":"2 minutos"},"schema":{"@context":"https:\/\/schema.org","@graph":[{"@type":"WebPage","@id":"https:\/\/vapemaison.com\/product\/bang-25000-puffs-disposable-vape\/","url":"https:\/\/vapemaison.com\/product\/bang-25000-puffs-disposable-vape\/","name":"Bang 25000 25k Puffs Vape Desechable - VapeMaison","isPartOf":{"@id":"https:\/\/vapemaison.com\/#website"},"primaryImageOfPage":{"@id":"https:\/\/vapemaison.com\/product\/bang-25000-puffs-disposable-vape\/#primaryimage"},"image":{"@id":"https:\/\/vapemaison.com\/product\/bang-25000-puffs-disposable-vape\/#primaryimage"},"thumbnailUrl":"https:\/\/vapemaison.com\/wp-content\/uploads\/2025\/10\/bang-25000-puffs-strawberry-ice-flavor.webp","datePublished":"2025-10-23T05:30:13+00:00","dateModified":"2026-04-14T10:58:49+00:00","description":"Descubre el Vapeador Desechable Bang 25000 25k Puffs con 30ml de e-l\u00edquido, flujo de aire ajustable y bobina de malla de 1.0\u03a9 para un sabor rico y suave.","breadcrumb":{"@id":"https:\/\/vapemaison.com\/product\/bang-25000-puffs-disposable-vape\/#breadcrumb"},"inLanguage":"es","potentialAction":[{"@type":"ReadAction","target":["https:\/\/vapemaison.com\/product\/bang-25000-puffs-disposable-vape\/"]}]},{"@type":"ImageObject","inLanguage":"es","@id":"https:\/\/vapemaison.com\/product\/bang-25000-puffs-disposable-vape\/#primaryimage","url":"https:\/\/vapemaison.com\/wp-content\/uploads\/2025\/10\/bang-25000-puffs-strawberry-ice-flavor.webp","contentUrl":"https:\/\/vapemaison.com\/wp-content\/uploads\/2025\/10\/bang-25000-puffs-strawberry-ice-flavor.webp","width":1000,"height":1000,"caption":"Bang Puffs Strawberry Ice Flavor Disposable Vape Device"},{"@type":"BreadcrumbList","@id":"https:\/\/vapemaison.com\/product\/bang-25000-puffs-disposable-vape\/#breadcrumb","itemListElement":[{"@type":"ListItem","position":1,"name":"\u9996\u9875","item":"https:\/\/vapemaison.com\/"},{"@type":"ListItem","position":2,"name":"Shop","item":"https:\/\/vapemaison.com\/shop\/"},{"@type":"ListItem","position":3,"name":"Bang","item":"https:\/\/vapemaison.com\/brand\/bang\/"},{"@type":"ListItem","position":4,"name":"Bang 25000 25k Puffs Disposable Vape"}]},{"@type":"WebSite","@id":"https:\/\/vapemaison.com\/#website","url":"https:\/\/vapemaison.com\/","name":"VapeMaison","description":"Dispositivos y accesorios premium para vapear","publisher":{"@id":"https:\/\/vapemaison.com\/#organization"},"potentialAction":[{"@type":"SearchAction","target":{"@type":"EntryPoint","urlTemplate":"https:\/\/vapemaison.com\/?s={search_term_string}"},"query-input":{"@type":"PropertyValueSpecification","valueRequired":true,"valueName":"search_term_string"}}],"inLanguage":"es"},{"@type":"Organization","@id":"https:\/\/vapemaison.com\/#organization","name":"VapeMaison","url":"https:\/\/vapemaison.com\/","logo":{"@type":"ImageObject","inLanguage":"es","@id":"https:\/\/vapemaison.com\/#\/schema\/logo\/image\/","url":"https:\/\/vapemaison.com\/wp-content\/uploads\/2026\/01\/cropped-vapemaison-logo-g-2026.webp","contentUrl":"https:\/\/vapemaison.com\/wp-content\/uploads\/2026\/01\/cropped-vapemaison-logo-g-2026.webp","width":350,"height":280,"caption":"VapeMaison"},"image":{"@id":"https:\/\/vapemaison.com\/#\/schema\/logo\/image\/"},"sameAs":["https:\/\/www.youtube.com\/@VapeMaison"]}]}},"tiered_pricing_type":"fixed","tiered_pricing_fixed_rules":{"30":"10.99","50":"10.29","100":"9.56","200":"8.42"},"tiered_pricing_product_settings":{"layout":"default","base_unit_name":{"singular":null,"plural":null},"default_variation":null},"tiered_pricing_minimum_quantity":10,"tiered_pricing_roles_data":[],"tiered_pricing_percentage_rules":[],"tiered_pricing_maximum_quantity":null,"tiered_pricing_quantity_step":"10","_links":{"self":[{"href":"https:\/\/vapemaison.com\/es\/wp-json\/wp\/v2\/product\/8253","targetHints":{"allow":["GET"]}}],"collection":[{"href":"https:\/\/vapemaison.com\/es\/wp-json\/wp\/v2\/product"}],"about":[{"href":"https:\/\/vapemaison.com\/es\/wp-json\/wp\/v2\/types\/product"}],"replies":[{"embeddable":true,"href":"https:\/\/vapemaison.com\/es\/wp-json\/wp\/v2\/comments?post=8253"}],"version-history":[{"count":2,"href":"https:\/\/vapemaison.com\/es\/wp-json\/wp\/v2\/product\/8253\/revisions"}],"predecessor-version":[{"id":28430,"href":"https:\/\/vapemaison.com\/es\/wp-json\/wp\/v2\/product\/8253\/revisions\/28430"}],"wp:featuredmedia":[{"embeddable":true,"href":"https:\/\/vapemaison.com\/es\/wp-json\/wp\/v2\/media\/8261"}],"wp:attachment":[{"href":"https:\/\/vapemaison.com\/es\/wp-json\/wp\/v2\/media?parent=8253"}],"wp:term":[{"taxonomy":"product_brand","embeddable":true,"href":"https:\/\/vapemaison.com\/es\/wp-json\/wp\/v2\/product_brand?post=8253"},{"taxonomy":"product_cat","embeddable":true,"href":"https:\/\/vapemaison.com\/es\/wp-json\/wp\/v2\/product_cat?post=8253"},{"taxonomy":"product_tag","embeddable":true,"href":"https:\/\/vapemaison.com\/es\/wp-json\/wp\/v2\/product_tag?post=8253"}],"curies":[{"name":"wp","href":"https:\/\/api.w.org\/{rel}","templated":true}]}}