

{"id":8801,"date":"2025-10-24T10:32:47","date_gmt":"2025-10-24T10:32:47","guid":{"rendered":"https:\/\/vapemaison.com\/?post_type=product&#038;p=8801"},"modified":"2026-03-25T08:13:54","modified_gmt":"2026-03-25T08:13:54","slug":"bang-12000-bocanadas-vape-desechable","status":"publish","type":"product","link":"https:\/\/vapemaison.com\/es\/product\/bang-12000-puffs-disposable-vape\/","title":{"rendered":"Bang Puff 12k Vape desechable"},"content":{"rendered":"<p>Experimente un rendimiento de nivel superior con el vapeador Puff 12k, dise\u00f1ado tanto para los amantes del sabor como para los grandes consumidores. Equipado con una potente bater\u00eda de 650mAh y una gran capacidad de e-l\u00edquido de 20ML, garantiza un uso duradero sin necesidad de recargas frecuentes.<\/p>\n\n\n\n<p>El avanzado <strong>Tecnolog\u00eda Mesh Coil combinada con una mech coil de 1.0\u03a9<\/strong> proporciona un vapor m\u00e1s suave y mejora significativamente la pureza del sabor. Cada calada es rica, consistente y satisfactoria.<\/p>\n\n\n\n<p>La recarga se realiza sin esfuerzo gracias al <strong>Puerto Tipo-C con entrada de 5 V\/1 A<\/strong>, que le permite volver a vapear r\u00e1pidamente. El built-in <strong>Efecto de luz LED<\/strong> a\u00f1ade un toque moderno y elegante que hace que cada sesi\u00f3n sea m\u00e1s agradable.<\/p>\n\n\n\n<p>Tanto si prefieres opciones sin nicotina como una satisfacci\u00f3n m\u00e1s fuerte, este dispositivo ofrece <strong>Niveles de nicotina en sal 0%, 2%, 3% y 5%<\/strong> seg\u00fan sus preferencias personales.<\/p>\n\n\n\n<p>\u00bfBusca m\u00e1s opciones? Puede explorar nuestra <strong><a href=\"https:\/\/vapemaison.com\/brand\/bang\/\">Colecci\u00f3n BANG vape<\/a><\/strong> para descubrir m\u00e1s sabores y modelos. Si quieres comparar con otros dispositivos, echa un vistazo a nuestro <strong>categor\u00eda vape desechable<\/strong> para los productos m\u00e1s vendidos. \u00bfNo sabe cu\u00e1l elegir? Lea nuestra <strong>gu\u00eda para elegir el vaporizador desechable adecuado<\/strong>. Tambi\u00e9n puede consultar nuestra <strong>vapes desechables m\u00e1s vendidos<\/strong> para ver lo que les gusta a otros clientes.<\/p>\n\n\n\n<figure class=\"wp-block-table\"><table class=\"has-fixed-layout\"><thead><tr><th>Especificaci\u00f3n<\/th><th>Detalles<\/th><\/tr><\/thead><tbody><tr><td>Capacidad de e-l\u00edquido<\/td><td>20ML<\/td><\/tr><tr><td>Bater\u00eda<\/td><td>650 mAh<\/td><\/tr><tr><td>Puerto de carga<\/td><td>Tipo-C<\/td><\/tr><tr><td>Entrada<\/td><td>5V \/ 1A<\/td><\/tr><tr><td>Tipo de bobina<\/td><td>Bobina de malla<\/td><\/tr><tr><td>Resistencia<\/td><td>Bobina Mech 1.0\u03a9<\/td><\/tr><tr><td>Potencia de nicotina<\/td><td>0% \/ 2% \/ 3% \/ 5%<\/td><\/tr><tr><td>Material<\/td><td>PC<\/td><\/tr><tr><td>Luz LED<\/td><td>S\u00ed<\/td><\/tr><tr><td>Embalaje<\/td><td>10 unidades \/ caja<\/td><\/tr><tr><td>Garant\u00eda<\/td><td>1 a\u00f1o<\/td><\/tr><tr><td>MFD<\/td><td>Ver embalaje<\/td><\/tr><\/tbody><\/table><\/figure>\n\n\n\n<h2 class=\"wp-block-heading\">Lista de sabores<\/h2>\n\n\n\n<p>Fresa Pl\u00e1tano<br>Kiwi Fruta de la pasi\u00f3n Guayaba<br>Fresa Kiwi<br>Hielo Razz Azul<br>Manzana \u00e1cida Frambuesa<br>Sand\u00eda Chicle<br>Sand\u00eda con fresa<br>Zumo de fresa<br>Hielo del Drag\u00f3n Negro<br>Hielo de sand\u00eda<br>Hielo de ar\u00e1ndanos<br>Melocot\u00f3n Mango Sand\u00eda<br>Hielo de uva<br>Frutas variadas<br>Lichi de fresa<br>Hielo de menta<br>Sand\u00eda con frambuesa<br>Fresa helada<br>Melocot\u00f3n helado<br>Fresa Mango<\/p>","protected":false},"excerpt":{"rendered":"<p>Experience next-level performance with Puff 12k vape, designed for both flavor lovers and heavy users. Equipped with a powerful 650mAh battery and a large 20ML e-liquid capacity, it ensures long-lasting use without frequent recharging. The advanced Mesh Coil technology combined with a 1.0\u03a9 mech coil delivers smoother vapor and significantly enhances flavor purity. Every puff [&hellip;]<\/p>\n","protected":false},"featured_media":8814,"comment_status":"open","ping_status":"closed","template":"","meta":[],"product_brand":[57],"product_cat":[154],"product_tag":[],"class_list":{"0":"post-8801","1":"product","2":"type-product","3":"status-publish","4":"has-post-thumbnail","6":"product_brand-bang","7":"product_cat-12k-puffs","9":"first","10":"instock","11":"sale","12":"shipping-taxable","13":"purchasable","14":"product-type-variable"},"yoast_head":"<!-- This site is optimized with the Yoast SEO plugin v27.4 - https:\/\/yoast.com\/product\/yoast-seo-wordpress\/ -->\n<title>Bang Puff 12k Disposable Vape - 20ML E-Liquid, Fast Charging<\/title>\n<meta name=\"description\" content=\"Experience the Bang Puff 12k Disposable Vape. Enjoy quick recharging with TYPE-C fast charging and vibrant LED effects. Available your preferences.\" \/>\n<meta name=\"robots\" content=\"index, follow, max-snippet:-1, max-image-preview:large, max-video-preview:-1\" \/>\n<link rel=\"canonical\" href=\"https:\/\/vapemaison.com\/es\/producto\/bang-12000-bocanadas-vape-desechable\/\" \/>\n<meta property=\"og:locale\" content=\"es_ES\" \/>\n<meta property=\"og:type\" content=\"article\" \/>\n<meta property=\"og:title\" content=\"Bang Puff 12k Disposable Vape - 20ML E-Liquid, Fast Charging\" \/>\n<meta property=\"og:description\" content=\"Experience the Bang Puff 12k Disposable Vape. Enjoy quick recharging with TYPE-C fast charging and vibrant LED effects. Available your preferences.\" \/>\n<meta property=\"og:url\" content=\"https:\/\/vapemaison.com\/es\/producto\/bang-12000-bocanadas-vape-desechable\/\" \/>\n<meta property=\"og:site_name\" content=\"VapeMaison\" \/>\n<meta property=\"article:modified_time\" content=\"2026-03-25T08:13:54+00:00\" \/>\n<meta property=\"og:image\" content=\"https:\/\/vapemaison.com\/wp-content\/uploads\/2025\/10\/Bang_12k-1-scaled-1.jpg\" \/>\n\t<meta property=\"og:image:width\" content=\"2045\" \/>\n\t<meta property=\"og:image:height\" content=\"2560\" \/>\n\t<meta property=\"og:image:type\" content=\"image\/jpeg\" \/>\n<meta name=\"twitter:card\" content=\"summary_large_image\" \/>\n<meta name=\"twitter:label1\" content=\"Tiempo de lectura\" \/>\n\t<meta name=\"twitter:data1\" content=\"2 minutos\" \/>\n<!-- \/ Yoast SEO plugin. -->","yoast_head_json":{"title":"Bang Puff 12k Vape Desechable - 20ML E-Liquid, Carga R\u00e1pida","description":"Experimenta el Vapeador Desechable Bang Puff 12k. Disfruta de una recarga r\u00e1pida con carga r\u00e1pida TYPE-C y vibrantes efectos LED. Disponibles tus preferencias.","robots":{"index":"index","follow":"follow","max-snippet":"max-snippet:-1","max-image-preview":"max-image-preview:large","max-video-preview":"max-video-preview:-1"},"canonical":"https:\/\/vapemaison.com\/es\/producto\/bang-12000-bocanadas-vape-desechable\/","og_locale":"es_ES","og_type":"article","og_title":"Bang Puff 12k Disposable Vape - 20ML E-Liquid, Fast Charging","og_description":"Experience the Bang Puff 12k Disposable Vape. Enjoy quick recharging with TYPE-C fast charging and vibrant LED effects. Available your preferences.","og_url":"https:\/\/vapemaison.com\/es\/producto\/bang-12000-bocanadas-vape-desechable\/","og_site_name":"VapeMaison","article_modified_time":"2026-03-25T08:13:54+00:00","og_image":[{"width":2045,"height":2560,"url":"https:\/\/vapemaison.com\/wp-content\/uploads\/2025\/10\/Bang_12k-1-scaled-1.jpg","type":"image\/jpeg"}],"twitter_card":"summary_large_image","twitter_misc":{"Tiempo de lectura":"2 minutos"},"schema":{"@context":"https:\/\/schema.org","@graph":[{"@type":"WebPage","@id":"https:\/\/vapemaison.com\/product\/bang-12000-puffs-disposable-vape\/","url":"https:\/\/vapemaison.com\/product\/bang-12000-puffs-disposable-vape\/","name":"Bang Puff 12k Vape Desechable - 20ML E-Liquid, Carga R\u00e1pida","isPartOf":{"@id":"https:\/\/vapemaison.com\/#website"},"primaryImageOfPage":{"@id":"https:\/\/vapemaison.com\/product\/bang-12000-puffs-disposable-vape\/#primaryimage"},"image":{"@id":"https:\/\/vapemaison.com\/product\/bang-12000-puffs-disposable-vape\/#primaryimage"},"thumbnailUrl":"https:\/\/vapemaison.com\/wp-content\/uploads\/2025\/10\/Bang_12k-1-scaled-1.jpg","datePublished":"2025-10-24T10:32:47+00:00","dateModified":"2026-03-25T08:13:54+00:00","description":"Experimenta el Vapeador Desechable Bang Puff 12k. Disfruta de una recarga r\u00e1pida con carga r\u00e1pida TYPE-C y vibrantes efectos LED. Disponibles tus preferencias.","breadcrumb":{"@id":"https:\/\/vapemaison.com\/product\/bang-12000-puffs-disposable-vape\/#breadcrumb"},"inLanguage":"es","potentialAction":[{"@type":"ReadAction","target":["https:\/\/vapemaison.com\/product\/bang-12000-puffs-disposable-vape\/"]}]},{"@type":"ImageObject","inLanguage":"es","@id":"https:\/\/vapemaison.com\/product\/bang-12000-puffs-disposable-vape\/#primaryimage","url":"https:\/\/vapemaison.com\/wp-content\/uploads\/2025\/10\/Bang_12k-1-scaled-1.jpg","contentUrl":"https:\/\/vapemaison.com\/wp-content\/uploads\/2025\/10\/Bang_12k-1-scaled-1.jpg","width":2045,"height":2560,"caption":"Bang 12k 1 Scaled Disposable Vape Device"},{"@type":"BreadcrumbList","@id":"https:\/\/vapemaison.com\/product\/bang-12000-puffs-disposable-vape\/#breadcrumb","itemListElement":[{"@type":"ListItem","position":1,"name":"\u9996\u9875","item":"https:\/\/vapemaison.com\/"},{"@type":"ListItem","position":2,"name":"Shop","item":"https:\/\/vapemaison.com\/shop\/"},{"@type":"ListItem","position":3,"name":"Bang","item":"https:\/\/vapemaison.com\/brand\/bang\/"},{"@type":"ListItem","position":4,"name":"Bang Puff 12k Disposable Vape"}]},{"@type":"WebSite","@id":"https:\/\/vapemaison.com\/#website","url":"https:\/\/vapemaison.com\/","name":"VapeMaison","description":"Dispositivos y accesorios premium para vapear","publisher":{"@id":"https:\/\/vapemaison.com\/#organization"},"potentialAction":[{"@type":"SearchAction","target":{"@type":"EntryPoint","urlTemplate":"https:\/\/vapemaison.com\/?s={search_term_string}"},"query-input":{"@type":"PropertyValueSpecification","valueRequired":true,"valueName":"search_term_string"}}],"inLanguage":"es"},{"@type":"Organization","@id":"https:\/\/vapemaison.com\/#organization","name":"VapeMaison","url":"https:\/\/vapemaison.com\/","logo":{"@type":"ImageObject","inLanguage":"es","@id":"https:\/\/vapemaison.com\/#\/schema\/logo\/image\/","url":"https:\/\/vapemaison.com\/wp-content\/uploads\/2026\/01\/cropped-vapemaison-logo-g-2026.webp","contentUrl":"https:\/\/vapemaison.com\/wp-content\/uploads\/2026\/01\/cropped-vapemaison-logo-g-2026.webp","width":350,"height":280,"caption":"VapeMaison"},"image":{"@id":"https:\/\/vapemaison.com\/#\/schema\/logo\/image\/"},"sameAs":["https:\/\/www.youtube.com\/@VapeMaison"]}]}},"tiered_pricing_type":"fixed","tiered_pricing_fixed_rules":{"30":"11.99","50":"10.68","100":"9.42","200":"8.56"},"tiered_pricing_product_settings":{"layout":"default","base_unit_name":{"singular":null,"plural":null},"default_variation":null},"tiered_pricing_minimum_quantity":10,"tiered_pricing_roles_data":[],"tiered_pricing_percentage_rules":[],"tiered_pricing_maximum_quantity":null,"tiered_pricing_quantity_step":"10","_links":{"self":[{"href":"https:\/\/vapemaison.com\/es\/wp-json\/wp\/v2\/product\/8801","targetHints":{"allow":["GET"]}}],"collection":[{"href":"https:\/\/vapemaison.com\/es\/wp-json\/wp\/v2\/product"}],"about":[{"href":"https:\/\/vapemaison.com\/es\/wp-json\/wp\/v2\/types\/product"}],"replies":[{"embeddable":true,"href":"https:\/\/vapemaison.com\/es\/wp-json\/wp\/v2\/comments?post=8801"}],"version-history":[{"count":2,"href":"https:\/\/vapemaison.com\/es\/wp-json\/wp\/v2\/product\/8801\/revisions"}],"predecessor-version":[{"id":28449,"href":"https:\/\/vapemaison.com\/es\/wp-json\/wp\/v2\/product\/8801\/revisions\/28449"}],"wp:featuredmedia":[{"embeddable":true,"href":"https:\/\/vapemaison.com\/es\/wp-json\/wp\/v2\/media\/8814"}],"wp:attachment":[{"href":"https:\/\/vapemaison.com\/es\/wp-json\/wp\/v2\/media?parent=8801"}],"wp:term":[{"taxonomy":"product_brand","embeddable":true,"href":"https:\/\/vapemaison.com\/es\/wp-json\/wp\/v2\/product_brand?post=8801"},{"taxonomy":"product_cat","embeddable":true,"href":"https:\/\/vapemaison.com\/es\/wp-json\/wp\/v2\/product_cat?post=8801"},{"taxonomy":"product_tag","embeddable":true,"href":"https:\/\/vapemaison.com\/es\/wp-json\/wp\/v2\/product_tag?post=8801"}],"curies":[{"name":"wp","href":"https:\/\/api.w.org\/{rel}","templated":true}]}}