

{"id":8984,"date":"2025-10-25T07:07:17","date_gmt":"2025-10-25T07:07:17","guid":{"rendered":"https:\/\/vapemaison.com\/?post_type=product&#038;p=8984"},"modified":"2026-05-16T09:26:14","modified_gmt":"2026-05-16T09:26:14","slug":"hume-azul-24000-puffs-vape-desechable","status":"publish","type":"product","link":"https:\/\/vapemaison.com\/es\/product\/hume-azul-24000-puffs-disposable-vape\/","title":{"rendered":"Azul Puff 24k Vape Desechable - Bobina de malla Premium, Bater\u00eda 600mAh, Nicotina 2%"},"content":{"rendered":"<p>Descubra la experiencia de vapeo definitiva con el <strong>Azul Puff 24k Vape Desechable<\/strong>, dise\u00f1ado para quienes buscan un alto rendimiento y un sabor excepcional. Con hasta <strong>24.000 bocanadas<\/strong> por dispositivo, promete una satisfacci\u00f3n duradera. Con un <strong>bobina de malla<\/strong>, a <strong>Bater\u00eda de 600 mAh<\/strong>, y un <strong>Puerto de carga Tipo-C<\/strong>, este dispositivo est\u00e1 construido para una experiencia suave y consistente. Disfrute de una variedad de deliciosos sabores con <strong>Contenido de nicotina 2%<\/strong>, perfecto para todos los gustos.<\/p>\n\n\n\n<figure class=\"wp-block-embed is-type-video is-provider-youtube wp-block-embed-youtube wp-embed-aspect-9-16 wp-has-aspect-ratio\"><div class=\"wp-block-embed__wrapper\">\n<div class=\"video-container\"><iframe title=\"Humo Azul 24000 Puffs Vape - Unboxing &amp; Modo de empleo | Sabor Sand\u00eda Helada\" width=\"563\" height=\"1000\" src=\"https:\/\/www.youtube.com\/embed\/U0POWHMEwbU?feature=oembed\" frameborder=\"0\" allow=\"accelerometer; autoplay; clipboard-write; encrypted-media; gyroscope; picture-in-picture; web-share\" referrerpolicy=\"strict-origin-when-cross-origin\" allowfullscreen><\/iframe><\/div>\n<\/div><\/figure>\n\n\n\n<h3 class=\"wp-block-heading\"><strong>Por qu\u00e9 elegir <strong>Azul Puff 24k Vape Desechable<\/strong>?<\/strong><\/h3>\n\n\n\n<p><strong>Capacidad de soplado inigualable<\/strong><br>Con hasta <strong>24000 bocanadas<\/strong>, El <strong>Humo Azul<\/strong> destaca como uno de los vaporizadores desechables m\u00e1s duraderos del mercado actual. Diga adi\u00f3s a las sustituciones constantes y hola a semanas de disfrute continuo. Es perfecto para los vapeadores que exigen durabilidad sin comprometer el rendimiento.<\/p>\n\n\n\n<p><strong>Tecnolog\u00eda avanzada de bobina de malla<\/strong><br>Nuestra <strong>Bobina de malla<\/strong> garant\u00edas tecnol\u00f3gicas <strong>sabor m\u00e1s rico y suave<\/strong> con cada inhalaci\u00f3n. A diferencia de las bobinas tradicionales, las bobinas de malla calientan el e-l\u00edquido de manera uniforme, creando un vapor m\u00e1s satisfactorio y sabroso. Espere un sabor consistente que no se desvanece, perfecto para cada sesi\u00f3n.<\/p>\n\n\n\n<p><strong>Potencia duradera<\/strong><br>Impulsado por un <strong>Bater\u00eda recargable de 600 mAh<\/strong>, El <strong><strong>Humo Azul 24000 Puffs Vape Desechable<\/strong><\/strong> est\u00e1 dise\u00f1ado para un uso prolongado. C\u00e1rgalo a trav\u00e9s del pr\u00e1ctico <strong>Puerto Tipo-C<\/strong>, y volver\u00e1s a vapear en un santiam\u00e9n con un tiempo de inactividad m\u00ednimo.<\/p>\n\n\n\n<p><strong>Suave satisfacci\u00f3n nicot\u00ednica<\/strong><br>Con <strong>2% nicotina<\/strong>, Cada calada proporciona el equilibrio ideal entre un golpe satisfactorio y una experiencia de vapeo suave. Tanto si quieres alejarte de los cigarrillos tradicionales como si simplemente quieres disfrutar de una alternativa m\u00e1s limpia, este vaporizador siempre cumple.<\/p>\n\n\n\n<p><strong>Caracter\u00edsticas principales<\/strong>:<\/p>\n\n\n\n<ul class=\"wp-block-list\">\n<li><strong>24.000 Puffs<\/strong>: M\u00e1xima capacidad de calada para una experiencia de vapeo prolongada.<\/li>\n\n\n\n<li><strong>Tecnolog\u00eda de bobina de malla<\/strong>: Ofrece un sabor rico y pleno en cada inhalaci\u00f3n.<\/li>\n\n\n\n<li><strong>Bater\u00eda de 600 mAh<\/strong>: Potencia duradera y eficiente, que garantiza un disfrute ininterrumpido.<\/li>\n\n\n\n<li><strong>Carga Tipo-C<\/strong>: Carga r\u00e1pida y sencilla para la m\u00e1xima comodidad.<\/li>\n\n\n\n<li><strong>2% Contenido de nicotina<\/strong>: Un golpe de nicotina suave y satisfactorio.<\/li>\n<\/ul>\n\n\n\n<p><strong>Sabores disponibles<\/strong>:<\/p>\n\n\n\n<ul class=\"wp-block-list\">\n<li><strong>Melocot\u00f3n helado<\/strong><\/li>\n\n\n\n<li><strong>Hielo de ar\u00e1ndanos<\/strong><\/li>\n\n\n\n<li><strong>Hielo de uva<\/strong><\/li>\n\n\n\n<li><strong>Fruta del drag\u00f3n mora<\/strong><\/li>\n\n\n\n<li><strong>Mel\u00f3n helado<\/strong><\/li>\n\n\n\n<li><strong>Fresa Sand\u00eda Uva<\/strong><\/li>\n\n\n\n<li><strong>Lim\u00f3n Lima<\/strong><\/li>\n\n\n\n<li><strong>Hielo de sand\u00eda<\/strong><\/li>\n\n\n\n<li><strong>Fresa Ar\u00e1ndano Cereza<\/strong><\/li>\n\n\n\n<li><strong>Hielo Razz Azul<\/strong><\/li>\n\n\n\n<li><strong>Fruta de la pasi\u00f3n Kiwi Guayaba<\/strong><\/li>\n<\/ul>\n\n\n\n<p><strong>Opciones de envasado<\/strong>:<\/p>\n\n\n\n<ul class=\"wp-block-list\">\n<li><strong>Paquete peque\u00f1o<\/strong>: 1 unidad por paquete (Tama\u00f1o: 42,5<em>42.5<\/em>137 mm)<\/li>\n\n\n\n<li><strong>Paquete mediano<\/strong>: 10 unidades por paquete (Tama\u00f1o: 218<em>89<\/em>140 mm)<\/li>\n\n\n\n<li><strong>Caja Master<\/strong>: 200 piezas por paquete (Tama\u00f1o: 474x305x518mm, Peso: 20kg)<\/li>\n<\/ul>\n\n\n\n<h4 class=\"wp-block-heading\">Para saber m\u00e1s sobre los productos de la marca, <a href=\"https:\/\/vapemaison.com\/shop\/\">pulse aqu\u00ed<\/a> Explore el mundo del vapeo de alta calidad en <a href=\"https:\/\/vapemaison.com\/\">VapeMaison<\/a>, donde la innovaci\u00f3n se une al estilo. Consulte nuestra colecci\u00f3n completa en <a href=\"https:\/\/vapemaison.com\/shop\/\">Tienda<\/a> o descubra la popular <a href=\"https:\/\/vapemaison.com\/brand\/humo-azul\/\">Colecci\u00f3n Humo Vape Brand<\/a> y <a href=\"https:\/\/vapemaison.com\/brand\/bang\/\">Bang<\/a> que adoran los vapers de todo el mundo. \u00bfBuscas m\u00e1s opciones? Echa un vistazo a todos nuestros <a href=\"https:\/\/vapemaison.com\/product-category\/puffs-count\/\">Puffs<\/a> dispositivos y encuentre el que mejor se adapte a sus gustos y estilo de vida.<\/h4>\n\n\n\n<h2 class=\"wp-block-heading has-text-align-center\">Faqs<\/h2>\n\n\n\n<h3 class=\"wp-block-heading\">1<strong>. \u00bfCu\u00e1nto dura el Humo Azul 24k?<\/strong><\/h3>\n\n\n\n<p>El Humo Azul 24000 est\u00e1 dise\u00f1ado para ofrecer <strong>hasta 24k puffs<\/strong>, aunque la duraci\u00f3n real var\u00eda en funci\u00f3n de los h\u00e1bitos de vapeo personales. Su gran capacidad lo convierte en una gran opci\u00f3n para los usuarios que buscan un dispositivo que pueda acompa\u00f1arles durante un periodo prolongado.<\/p>\n\n\n\n<h3 class=\"wp-block-heading\"><strong>2. \u00bfCu\u00e1nto tarda en cargarse el Humo Azul?<\/strong><\/h3>\n\n\n\n<p>Este dispositivo incluye un <strong>Bater\u00eda recargable de 600 mAh<\/strong>, que generalmente necesita <strong>35-45 minutos<\/strong> para alcanzar una carga completa a trav\u00e9s de Type-C. La funci\u00f3n de carga r\u00e1pida minimiza el tiempo de espera, para que puedas volver a vapear r\u00e1pidamente.<\/p>\n\n\n\n<h3 class=\"wp-block-heading\"><strong>3. \u00bfC\u00f3mo puedo saber si el Azul Puff 24k est\u00e1 acabado?<\/strong><\/h3>\n\n\n\n<p>Te dar\u00e1s cuenta de que es cerca del final cuando <strong>el sabor se vuelve tenue<\/strong>, La producci\u00f3n de vapor disminuye, o el dispositivo deja de producir vapor por completo. Algunos usuarios tambi\u00e9n observan que el dispositivo se siente m\u00e1s ligero una vez que se ha consumido todo el e-l\u00edquido.<\/p>\n\n\n\n<h3 class=\"wp-block-heading\"><strong>4. \u00bfPuedo rellenar el Humo Azul 24000?<\/strong><\/h3>\n\n\n\n<p>No. El Humo Azul 24000 es un <strong>dispositivo desechable de un solo uso<\/strong>, lo que significa que no puede rellenarse. Una vez agotado el e-l\u00edquido incorporado, simplemente deseche la unidad y cambie a una nueva.<\/p>\n\n\n\n<h3 class=\"wp-block-heading\"><strong>5. \u00bfEste aparato es apto para principiantes?<\/strong><\/h3>\n\n\n\n<p>S\u00ed. Su <strong>dise\u00f1o sencillo, para inhalar y activar<\/strong> lo hace especialmente adecuado para nuevos vapeadores. Sin botones ni ajustes que manejar, los principiantes pueden disfrutar de una experiencia suave y consistente desde el primer momento.<\/p>\n\n\n\n<h3 class=\"wp-block-heading\">6.\u00bfCu\u00e1nto tarda el env\u00edo?<\/h3>\n\n\n\n<p>Los pedidos se tramitan en <strong>24 horas<\/strong> tras la confirmaci\u00f3n del pago.<br>En <strong>Humo Azul<\/strong> producto se encuentra actualmente en existencias en nuestro <strong>Almac\u00e9n de Alemania<\/strong>.<\/p>\n\n\n\n<ul class=\"wp-block-list\">\n<li><strong>Alemania:<\/strong> 3-5 d\u00edas laborables<\/li>\n\n\n\n<li><strong>Otros pa\u00edses europeos:<\/strong> 5-7 d\u00edas laborables<\/li>\n\n\n\n<li><strong>Fuera de Europa:<\/strong> Env\u00edo desde China, aproximadamente 10-15 d\u00edas laborables<\/li>\n<\/ul>\n\n\n\n<p>Los plazos de entrega reales pueden variar seg\u00fan el destino y las costumbres locales. Si necesita informaci\u00f3n m\u00e1s precisa, p\u00f3ngase en contacto con nuestro servicio de atenci\u00f3n al cliente antes de realizar el pedido.<\/p>","protected":false},"excerpt":{"rendered":"<p data-start=\"155\" data-end=\"418\">En <strong data-start=\"159\" data-end=\"200\">Humo Azul 24000 Puffs Vape Desechable<\/strong> est\u00e1 hecho para los vapeadores que quieren un uso prolongado sin sacrificar el sabor o la consistencia. F\u00e1cil de usar, c\u00f3modo de llevar, y disponible en una amplia gama de sabores populares, es una opci\u00f3n fiable todos los d\u00edas para aquellos que valoran el rendimiento de larga duraci\u00f3n y un vapor limpio y equilibrado.<\/p>","protected":false},"featured_media":8985,"comment_status":"open","ping_status":"closed","template":"","meta":[],"product_brand":[166],"product_cat":[292],"product_tag":[],"class_list":{"0":"post-8984","1":"product","2":"type-product","3":"status-publish","4":"has-post-thumbnail","6":"product_brand-humo-azul","7":"product_cat-24k-puffs","9":"first","10":"instock","11":"sale","12":"shipping-taxable","13":"purchasable","14":"product-type-variable"},"yoast_head":"<!-- This site is optimized with the Yoast SEO plugin v27.4 - https:\/\/yoast.com\/product\/yoast-seo-wordpress\/ -->\n<title>Azul Puff 24k Disposable Vape - Mesh Coil, 10+ Flavors<\/title>\n<meta name=\"description\" content=\"Shop the Azul Puff 24k Disposable Vape for a premium vaping experience. Enjoy up to 24,000 puffs with mesh coil technology.\" \/>\n<meta name=\"robots\" content=\"index, follow, max-snippet:-1, max-image-preview:large, max-video-preview:-1\" \/>\n<link rel=\"canonical\" href=\"https:\/\/vapemaison.com\/es\/producto\/hume-azul-24000-puffs-vape-desechable\/\" \/>\n<meta property=\"og:locale\" content=\"es_ES\" \/>\n<meta property=\"og:type\" content=\"article\" \/>\n<meta property=\"og:title\" content=\"Azul Puff 24k Disposable Vape - Mesh Coil, 10+ Flavors\" \/>\n<meta property=\"og:description\" content=\"Shop the Azul Puff 24k Disposable Vape for a premium vaping experience. Enjoy up to 24,000 puffs with mesh coil technology.\" \/>\n<meta property=\"og:url\" content=\"https:\/\/vapemaison.com\/es\/producto\/hume-azul-24000-puffs-vape-desechable\/\" \/>\n<meta property=\"og:site_name\" content=\"VapeMaison\" \/>\n<meta property=\"article:modified_time\" content=\"2026-05-16T09:26:14+00:00\" \/>\n<meta property=\"og:image\" content=\"https:\/\/vapemaison.com\/wp-content\/uploads\/2025\/10\/humo-azul-24000-puffs-flavor-blackberry-dragonfruit-picture-scaled.png\" \/>\n\t<meta property=\"og:image:width\" content=\"2560\" \/>\n\t<meta property=\"og:image:height\" content=\"2560\" \/>\n\t<meta property=\"og:image:type\" content=\"image\/png\" \/>\n<meta name=\"twitter:card\" content=\"summary_large_image\" \/>\n<meta name=\"twitter:label1\" content=\"Tiempo de lectura\" \/>\n\t<meta name=\"twitter:data1\" content=\"4 minutos\" \/>\n<!-- \/ Yoast SEO plugin. -->","yoast_head_json":{"title":"Azul Puff 24k Vape Desechable - Bobina de Malla, 10+ Sabores","description":"Compra el Vapeador Desechable Azul Puff 24k para una experiencia de vapeo premium. Disfruta de hasta 24.000 caladas con la tecnolog\u00eda de bobina de malla.","robots":{"index":"index","follow":"follow","max-snippet":"max-snippet:-1","max-image-preview":"max-image-preview:large","max-video-preview":"max-video-preview:-1"},"canonical":"https:\/\/vapemaison.com\/es\/producto\/hume-azul-24000-puffs-vape-desechable\/","og_locale":"es_ES","og_type":"article","og_title":"Azul Puff 24k Disposable Vape - Mesh Coil, 10+ Flavors","og_description":"Shop the Azul Puff 24k Disposable Vape for a premium vaping experience. Enjoy up to 24,000 puffs with mesh coil technology.","og_url":"https:\/\/vapemaison.com\/es\/producto\/hume-azul-24000-puffs-vape-desechable\/","og_site_name":"VapeMaison","article_modified_time":"2026-05-16T09:26:14+00:00","og_image":[{"width":2560,"height":2560,"url":"https:\/\/vapemaison.com\/wp-content\/uploads\/2025\/10\/humo-azul-24000-puffs-flavor-blackberry-dragonfruit-picture-scaled.png","type":"image\/png"}],"twitter_card":"summary_large_image","twitter_misc":{"Tiempo de lectura":"4 minutos"},"schema":{"@context":"https:\/\/schema.org","@graph":[{"@type":"WebPage","@id":"https:\/\/vapemaison.com\/product\/hume-azul-24000-puffs-disposable-vape\/","url":"https:\/\/vapemaison.com\/product\/hume-azul-24000-puffs-disposable-vape\/","name":"Azul Puff 24k Vape Desechable - Bobina de Malla, 10+ Sabores","isPartOf":{"@id":"https:\/\/vapemaison.com\/#website"},"primaryImageOfPage":{"@id":"https:\/\/vapemaison.com\/product\/hume-azul-24000-puffs-disposable-vape\/#primaryimage"},"image":{"@id":"https:\/\/vapemaison.com\/product\/hume-azul-24000-puffs-disposable-vape\/#primaryimage"},"thumbnailUrl":"https:\/\/vapemaison.com\/wp-content\/uploads\/2025\/10\/humo-azul-24000-puffs-flavor-blackberry-dragonfruit-picture-scaled.png","datePublished":"2025-10-25T07:07:17+00:00","dateModified":"2026-05-16T09:26:14+00:00","description":"Compra el Vapeador Desechable Azul Puff 24k para una experiencia de vapeo premium. Disfruta de hasta 24.000 caladas con la tecnolog\u00eda de bobina de malla.","breadcrumb":{"@id":"https:\/\/vapemaison.com\/product\/hume-azul-24000-puffs-disposable-vape\/#breadcrumb"},"inLanguage":"es","potentialAction":[{"@type":"ReadAction","target":["https:\/\/vapemaison.com\/product\/hume-azul-24000-puffs-disposable-vape\/"]}]},{"@type":"ImageObject","inLanguage":"es","@id":"https:\/\/vapemaison.com\/product\/hume-azul-24000-puffs-disposable-vape\/#primaryimage","url":"https:\/\/vapemaison.com\/wp-content\/uploads\/2025\/10\/humo-azul-24000-puffs-flavor-blackberry-dragonfruit-picture-scaled.png","contentUrl":"https:\/\/vapemaison.com\/wp-content\/uploads\/2025\/10\/humo-azul-24000-puffs-flavor-blackberry-dragonfruit-picture-scaled.png","width":2560,"height":2560,"caption":"Humo Azul Puffs Flavor Blackberry Dragonfruit Picture Scaled Disposable Vape Device"},{"@type":"BreadcrumbList","@id":"https:\/\/vapemaison.com\/product\/hume-azul-24000-puffs-disposable-vape\/#breadcrumb","itemListElement":[{"@type":"ListItem","position":1,"name":"\u9996\u9875","item":"https:\/\/vapemaison.com\/"},{"@type":"ListItem","position":2,"name":"Shop","item":"https:\/\/vapemaison.com\/shop\/"},{"@type":"ListItem","position":3,"name":"Humo Azul","item":"https:\/\/vapemaison.com\/brand\/humo-azul\/"},{"@type":"ListItem","position":4,"name":"Azul Puff 24k Disposable Vape \u2013 Premium Mesh Coil, 600mAh Battery, 2% Nicotine"}]},{"@type":"WebSite","@id":"https:\/\/vapemaison.com\/#website","url":"https:\/\/vapemaison.com\/","name":"VapeMaison","description":"Dispositivos y accesorios premium para vapear","publisher":{"@id":"https:\/\/vapemaison.com\/#organization"},"potentialAction":[{"@type":"SearchAction","target":{"@type":"EntryPoint","urlTemplate":"https:\/\/vapemaison.com\/?s={search_term_string}"},"query-input":{"@type":"PropertyValueSpecification","valueRequired":true,"valueName":"search_term_string"}}],"inLanguage":"es"},{"@type":"Organization","@id":"https:\/\/vapemaison.com\/#organization","name":"VapeMaison","url":"https:\/\/vapemaison.com\/","logo":{"@type":"ImageObject","inLanguage":"es","@id":"https:\/\/vapemaison.com\/#\/schema\/logo\/image\/","url":"https:\/\/vapemaison.com\/wp-content\/uploads\/2026\/01\/cropped-vapemaison-logo-g-2026.webp","contentUrl":"https:\/\/vapemaison.com\/wp-content\/uploads\/2026\/01\/cropped-vapemaison-logo-g-2026.webp","width":350,"height":280,"caption":"VapeMaison"},"image":{"@id":"https:\/\/vapemaison.com\/#\/schema\/logo\/image\/"},"sameAs":["https:\/\/www.youtube.com\/@VapeMaison"]}]}},"tiered_pricing_type":"fixed","tiered_pricing_fixed_rules":{"30":"8.48","50":"7.99","100":"7.34","200":"6.78"},"tiered_pricing_product_settings":{"layout":"default","base_unit_name":{"singular":null,"plural":null},"default_variation":null},"tiered_pricing_minimum_quantity":10,"tiered_pricing_roles_data":[],"tiered_pricing_percentage_rules":[],"tiered_pricing_maximum_quantity":null,"tiered_pricing_quantity_step":"10","_links":{"self":[{"href":"https:\/\/vapemaison.com\/es\/wp-json\/wp\/v2\/product\/8984","targetHints":{"allow":["GET"]}}],"collection":[{"href":"https:\/\/vapemaison.com\/es\/wp-json\/wp\/v2\/product"}],"about":[{"href":"https:\/\/vapemaison.com\/es\/wp-json\/wp\/v2\/types\/product"}],"replies":[{"embeddable":true,"href":"https:\/\/vapemaison.com\/es\/wp-json\/wp\/v2\/comments?post=8984"}],"version-history":[{"count":4,"href":"https:\/\/vapemaison.com\/es\/wp-json\/wp\/v2\/product\/8984\/revisions"}],"predecessor-version":[{"id":26155,"href":"https:\/\/vapemaison.com\/es\/wp-json\/wp\/v2\/product\/8984\/revisions\/26155"}],"wp:featuredmedia":[{"embeddable":true,"href":"https:\/\/vapemaison.com\/es\/wp-json\/wp\/v2\/media\/8985"}],"wp:attachment":[{"href":"https:\/\/vapemaison.com\/es\/wp-json\/wp\/v2\/media?parent=8984"}],"wp:term":[{"taxonomy":"product_brand","embeddable":true,"href":"https:\/\/vapemaison.com\/es\/wp-json\/wp\/v2\/product_brand?post=8984"},{"taxonomy":"product_cat","embeddable":true,"href":"https:\/\/vapemaison.com\/es\/wp-json\/wp\/v2\/product_cat?post=8984"},{"taxonomy":"product_tag","embeddable":true,"href":"https:\/\/vapemaison.com\/es\/wp-json\/wp\/v2\/product_tag?post=8984"}],"curies":[{"name":"wp","href":"https:\/\/api.w.org\/{rel}","templated":true}]}}