

{"id":9143,"date":"2025-10-25T09:22:15","date_gmt":"2025-10-25T09:22:15","guid":{"rendered":"https:\/\/vapemaison.com\/?post_type=product&#038;p=9143"},"modified":"2026-04-23T07:29:56","modified_gmt":"2026-04-23T07:29:56","slug":"bang-king-15000-bocanadas-vape-desechable","status":"publish","type":"product","link":"https:\/\/vapemaison.com\/es\/product\/bang-king-15000-puffs-disposable-vape\/","title":{"rendered":"BangKing 15000 Puffs Vape Desechable Recargable"},"content":{"rendered":"<h3 class=\"wp-block-heading\"><strong>Vapeador desechable BangKing 15000 Puffs - Lo \u00faltimo en satisfacci\u00f3n al vapear<\/strong><\/h3>\n\n\n\n<p>En <strong>BangKing 15000 Puffs Vape Desechable<\/strong> redefine la experiencia del vapeo desechable con su excepcional rendimiento, capacidad de larga duraci\u00f3n y satisfacci\u00f3n superior del cliente. Dise\u00f1ado para satisfacer las necesidades de los vapeadores ocasionales y experimentados, este dispositivo combina comodidad, sabor y un alto nivel de durabilidad, por lo que es una opci\u00f3n destacada en el mercado.<\/p>\n\n\n\n<p>Con una impresionante <strong><a href=\"https:\/\/vapemaison.com\/product-category\/puffs-count\/15k-puffs\/\" type=\"link\" id=\"https:\/\/vapemaison.com\/product-category\/puffs-count\/15k-puffs\/\">15k bocanadas<\/a> por dispositivo<\/strong>, Bang King ofrece una de las experiencias de vapeo m\u00e1s duraderas del mercado. Esta longevidad est\u00e1 respaldada por un <strong>Bater\u00eda recargable de 650 mAh<\/strong>, que garantiza un suministro de energ\u00eda fiable y constante durante toda su vida \u00fatil. Adem\u00e1s, el <strong>Capacidad de 25 ml de e-juice precargado<\/strong> reduce significativamente la necesidad de recargas frecuentes, lo que permite a los usuarios disfrutar de su vape sin un mantenimiento constante.<\/p>\n\n\n\n<p>El Bang King tambi\u00e9n cuenta con un <strong>sistema de flujo de aire ajustable<\/strong>, El dise\u00f1o de la c\u00e1psula permite a los usuarios ajustar con precisi\u00f3n la calada y personalizar la experiencia de vapeo seg\u00fan sus preferencias. Disponible en <strong>Concentraciones de nicotina 0%, 2%, 3% y 5%<\/strong>, Adem\u00e1s, se adapta a una amplia gama de usuarios, desde los que buscan una experiencia suave y sin nicotina hasta los que prefieren un golpe m\u00e1s fuerte.<\/p>\n\n\n\n<p>Tanto si eres un vapeador diario como alguien que disfruta de una opci\u00f3n m\u00e1s duradera, el <strong>Bang King 15000 Puffs Vape Desechable<\/strong> ofrece el equilibrio perfecto entre comodidad, calidad y rendimiento, por lo que es la elecci\u00f3n ideal para aquellos que valoran tanto la calidad como la longevidad de sus dispositivos de vapeo.<\/p>\n\n\n\n<p><strong>Pulse aqu\u00ed para ver m\u00e1s <a href=\"https:\/\/vapemaison.com\/brand\/bang\/\">productos de Bang<\/a>, as\u00ed como <a href=\"https:\/\/vapemaison.com\/shop\/\" type=\"link\" id=\"https:\/\/vapemaison.com\/shop\/\">todos los productos<\/a>.<\/strong><\/p>\n\n\n\n<h4 class=\"wp-block-heading\"><strong>Lista de sabores <\/strong><\/h4>\n\n\n\n<p>En <strong>Bang King 15000 Puffs<\/strong> ofrece una gama de deliciosos sabores que har\u00e1n las delicias de su paladar. Tanto si prefiere sabores afrutados, mentolados o inspirados en postres, encontrar\u00e1 la combinaci\u00f3n perfecta. Estos son algunos de los mejores sabores entre los que elegir:<\/p>\n\n\n\n<ol class=\"wp-block-list\">\n<li><strong>Sand\u00eda con fresa<\/strong><\/li>\n\n\n\n<li><strong>Hielo triple de bayas<\/strong><\/li>\n\n\n\n<li><strong>Hielo exuberante<\/strong><\/li>\n\n\n\n<li><strong>Melocot\u00f3n helado<\/strong><\/li>\n\n\n\n<li><strong>Fresa Kiwi<\/strong><\/li>\n\n\n\n<li><strong>Hielo Razz Azul<\/strong><\/li>\n\n\n\n<li><strong>Aloe Uva<\/strong><\/li>\n\n\n\n<li><strong>Melocot\u00f3n Mango<\/strong><\/li>\n\n\n\n<li><strong>Manzana doble<\/strong><\/li>\n\n\n\n<li><strong>Frutas tropicales<\/strong><\/li>\n\n\n\n<li><strong>Fresa Pl\u00e1tano<\/strong><\/li>\n\n\n\n<li><strong>Kiwi Fruta de la pasi\u00f3n Guayaba<\/strong><\/li>\n\n\n\n<li><strong>Razberry de manzana \u00e1cida<\/strong><\/li>\n\n\n\n<li><strong>Sand\u00eda Chicle<\/strong><\/li>\n\n\n\n<li><strong>Yogur de fresa<\/strong><\/li>\n\n\n\n<li><strong>Hielo del Drag\u00f3n Negro<\/strong><\/li>\n\n\n\n<li><strong>Limonada rosa<\/strong><\/li>\n\n\n\n<li><strong>Cereza Pop<\/strong><\/li>\n\n\n\n<li><strong>Menta fresca<\/strong><\/li>\n\n\n\n<li><strong>Algod\u00f3n de az\u00facar<\/strong><\/li>\n<\/ol>\n\n\n\n<h4 class=\"wp-block-heading\"><strong>\u00bfPor qu\u00e9 elegir Bang King 15000 Puffs?<\/strong><\/h4>\n\n\n\n<p><strong>Disfrute durante mucho tiempo<\/strong>: Con su <strong>Capacidad para 15.000 bocanadas<\/strong>, El <strong>Bang King<\/strong> ofrece una experiencia de vapeo prolongada, perfecta para usuarios intensivos que no desean la molestia de tener que sustituirlos con frecuencia.<\/p>\n\n\n\n<p><strong>Opciones de nicotina vers\u00e1tiles<\/strong>: Tanto si eres principiante como si llevas mucho tiempo vapeando, el <strong>Bang King<\/strong> le ofrece la flexibilidad de ajustar el nivel de nicotina a sus preferencias.<\/p>\n\n\n\n<p><strong>Port\u00e1til y elegante<\/strong>: La <strong>Bang King<\/strong> cuenta con un dise\u00f1o elegante y port\u00e1til que cabe c\u00f3modamente en la mano. Con colores vibrantes y llamativos y opciones de sabores premium, este dispositivo destaca tanto en dise\u00f1o como en rendimiento.<\/p>\n\n\n\n<p><strong>Valor excepcional<\/strong>: Ofreciendo hasta <strong>15.000 bocanadas<\/strong> y un <strong>Capacidad de 25 ml de e-jugo<\/strong>, El <strong>Bang King<\/strong> est\u00e1 dise\u00f1ado para durar m\u00e1s que otros vaporizadores desechables, ofreciendo un valor excepcional sin comprometer la calidad.<\/p>\n\n\n\n<h4 class=\"wp-block-heading\"><strong>Mejore su experiencia de vapeo hoy mismo<\/strong><\/h4>\n\n\n\n<p>Tanto si busca un dispositivo para el d\u00eda a d\u00eda como algo para llevar de viaje, el <strong>Bang King 15000 Puffs<\/strong> vape desechable proporciona el <strong>combinaci\u00f3n perfecta<\/strong> de comodidad, rendimiento y sabor. Recargable, duradero y con una amplia lista de sabores, est\u00e1 dise\u00f1ado para los vapeadores que exigen lo mejor.<\/p>\n\n\n\n<p>Entra en un nuevo nivel de satisfacci\u00f3n con el <strong>Bang King 15000 Puffs Vape Desechable<\/strong>.<\/p>","protected":false},"excerpt":{"rendered":"<p><strong data-start=\"0\" data-end=\"41\" data-is-only-node=\"\">Bang King 15000 Puffs Vape Desechable<\/strong> ofrece hasta 15.000 caladas de sabor rico y satisfactorio con una bater\u00eda recargable de 650mAh y 25ML de e-zumo precargado. Disfruta de un flujo de aire ajustable, vapor suave y m\u00faltiples opciones de nicotina (0%-5%) - dise\u00f1ado para un rendimiento duradero y pura comodidad.<\/p>","protected":false},"featured_media":9156,"comment_status":"open","ping_status":"closed","template":"","meta":[],"product_brand":[57],"product_cat":[167],"product_tag":[],"class_list":{"0":"post-9143","1":"product","2":"type-product","3":"status-publish","4":"has-post-thumbnail","6":"product_brand-bang","7":"product_cat-15k-puffs","9":"first","10":"instock","11":"sale","12":"shipping-taxable","13":"purchasable","14":"product-type-variable"},"yoast_head":"<!-- This site is optimized with the Yoast SEO plugin v27.4 - https:\/\/yoast.com\/product\/yoast-seo-wordpress\/ -->\n<title>BangKing 15000 Puffs Disposable Vape \u2013 Rechargeable<\/title>\n<meta name=\"description\" content=\"Enjoy BangKing 15000 puffs with the Bang King Disposable Vape. Rechargeable, and multiple nicotine levels for a customizable experience.\" \/>\n<meta name=\"robots\" content=\"index, follow, max-snippet:-1, max-image-preview:large, max-video-preview:-1\" \/>\n<link rel=\"canonical\" href=\"https:\/\/vapemaison.com\/es\/producto\/bang-king-15000-bocanadas-vape-desechable\/\" \/>\n<meta property=\"og:locale\" content=\"es_ES\" \/>\n<meta property=\"og:type\" content=\"article\" \/>\n<meta property=\"og:title\" content=\"BangKing 15000 Puffs Disposable Vape \u2013 Rechargeable\" \/>\n<meta property=\"og:description\" content=\"Enjoy BangKing 15000 puffs with the Bang King Disposable Vape. Rechargeable, and multiple nicotine levels for a customizable experience.\" \/>\n<meta property=\"og:url\" content=\"https:\/\/vapemaison.com\/es\/producto\/bang-king-15000-bocanadas-vape-desechable\/\" \/>\n<meta property=\"og:site_name\" content=\"VapeMaison\" \/>\n<meta property=\"article:modified_time\" content=\"2026-04-23T07:29:56+00:00\" \/>\n<meta property=\"og:image\" content=\"https:\/\/vapemaison.com\/wp-content\/uploads\/2025\/10\/Bang-King-15000-Puffs-Crystal-Vapes-Main-Picture.webp\" \/>\n\t<meta property=\"og:image:width\" content=\"638\" \/>\n\t<meta property=\"og:image:height\" content=\"637\" \/>\n\t<meta property=\"og:image:type\" content=\"image\/webp\" \/>\n<meta name=\"twitter:card\" content=\"summary_large_image\" \/>\n<meta name=\"twitter:label1\" content=\"Tiempo de lectura\" \/>\n\t<meta name=\"twitter:data1\" content=\"3 minutos\" \/>\n<!-- \/ Yoast SEO plugin. -->","yoast_head_json":{"title":"BangKing 15000 Puffs Vape Desechable - Recargable","description":"Disfruta de 15000 caladas BangKing con el Vapeador Desechable Bang King. Recargable, y m\u00faltiples niveles de nicotina para una experiencia personalizable.","robots":{"index":"index","follow":"follow","max-snippet":"max-snippet:-1","max-image-preview":"max-image-preview:large","max-video-preview":"max-video-preview:-1"},"canonical":"https:\/\/vapemaison.com\/es\/producto\/bang-king-15000-bocanadas-vape-desechable\/","og_locale":"es_ES","og_type":"article","og_title":"BangKing 15000 Puffs Disposable Vape \u2013 Rechargeable","og_description":"Enjoy BangKing 15000 puffs with the Bang King Disposable Vape. Rechargeable, and multiple nicotine levels for a customizable experience.","og_url":"https:\/\/vapemaison.com\/es\/producto\/bang-king-15000-bocanadas-vape-desechable\/","og_site_name":"VapeMaison","article_modified_time":"2026-04-23T07:29:56+00:00","og_image":[{"width":638,"height":637,"url":"https:\/\/vapemaison.com\/wp-content\/uploads\/2025\/10\/Bang-King-15000-Puffs-Crystal-Vapes-Main-Picture.webp","type":"image\/webp"}],"twitter_card":"summary_large_image","twitter_misc":{"Tiempo de lectura":"3 minutos"},"schema":{"@context":"https:\/\/schema.org","@graph":[{"@type":"WebPage","@id":"https:\/\/vapemaison.com\/product\/bang-king-15000-puffs-disposable-vape\/","url":"https:\/\/vapemaison.com\/product\/bang-king-15000-puffs-disposable-vape\/","name":"BangKing 15000 Puffs Vape Desechable - Recargable","isPartOf":{"@id":"https:\/\/vapemaison.com\/#website"},"primaryImageOfPage":{"@id":"https:\/\/vapemaison.com\/product\/bang-king-15000-puffs-disposable-vape\/#primaryimage"},"image":{"@id":"https:\/\/vapemaison.com\/product\/bang-king-15000-puffs-disposable-vape\/#primaryimage"},"thumbnailUrl":"https:\/\/vapemaison.com\/wp-content\/uploads\/2025\/10\/Bang-King-15000-Puffs-Crystal-Vapes-Main-Picture.webp","datePublished":"2025-10-25T09:22:15+00:00","dateModified":"2026-04-23T07:29:56+00:00","description":"Disfruta de 15000 caladas BangKing con el Vapeador Desechable Bang King. Recargable, y m\u00faltiples niveles de nicotina para una experiencia personalizable.","breadcrumb":{"@id":"https:\/\/vapemaison.com\/product\/bang-king-15000-puffs-disposable-vape\/#breadcrumb"},"inLanguage":"es","potentialAction":[{"@type":"ReadAction","target":["https:\/\/vapemaison.com\/product\/bang-king-15000-puffs-disposable-vape\/"]}]},{"@type":"ImageObject","inLanguage":"es","@id":"https:\/\/vapemaison.com\/product\/bang-king-15000-puffs-disposable-vape\/#primaryimage","url":"https:\/\/vapemaison.com\/wp-content\/uploads\/2025\/10\/Bang-King-15000-Puffs-Crystal-Vapes-Main-Picture.webp","contentUrl":"https:\/\/vapemaison.com\/wp-content\/uploads\/2025\/10\/Bang-King-15000-Puffs-Crystal-Vapes-Main-Picture.webp","width":638,"height":637,"caption":"Bang King Puffs Crystal Vapes Main Picture"},{"@type":"BreadcrumbList","@id":"https:\/\/vapemaison.com\/product\/bang-king-15000-puffs-disposable-vape\/#breadcrumb","itemListElement":[{"@type":"ListItem","position":1,"name":"\u9996\u9875","item":"https:\/\/vapemaison.com\/"},{"@type":"ListItem","position":2,"name":"Shop","item":"https:\/\/vapemaison.com\/shop\/"},{"@type":"ListItem","position":3,"name":"Bang","item":"https:\/\/vapemaison.com\/brand\/bang\/"},{"@type":"ListItem","position":4,"name":"BangKing 15000 Puffs Rechargeable Disposable Vape"}]},{"@type":"WebSite","@id":"https:\/\/vapemaison.com\/#website","url":"https:\/\/vapemaison.com\/","name":"VapeMaison","description":"Dispositivos y accesorios premium para vapear","publisher":{"@id":"https:\/\/vapemaison.com\/#organization"},"potentialAction":[{"@type":"SearchAction","target":{"@type":"EntryPoint","urlTemplate":"https:\/\/vapemaison.com\/?s={search_term_string}"},"query-input":{"@type":"PropertyValueSpecification","valueRequired":true,"valueName":"search_term_string"}}],"inLanguage":"es"},{"@type":"Organization","@id":"https:\/\/vapemaison.com\/#organization","name":"VapeMaison","url":"https:\/\/vapemaison.com\/","logo":{"@type":"ImageObject","inLanguage":"es","@id":"https:\/\/vapemaison.com\/#\/schema\/logo\/image\/","url":"https:\/\/vapemaison.com\/wp-content\/uploads\/2026\/01\/cropped-vapemaison-logo-g-2026.webp","contentUrl":"https:\/\/vapemaison.com\/wp-content\/uploads\/2026\/01\/cropped-vapemaison-logo-g-2026.webp","width":350,"height":280,"caption":"VapeMaison"},"image":{"@id":"https:\/\/vapemaison.com\/#\/schema\/logo\/image\/"},"sameAs":["https:\/\/www.youtube.com\/@VapeMaison"]}]}},"tiered_pricing_type":"fixed","tiered_pricing_fixed_rules":{"30":"8.19","50":"7.88","100":"7.51","200":"7.21"},"tiered_pricing_product_settings":{"layout":"default","base_unit_name":{"singular":null,"plural":null},"default_variation":null},"tiered_pricing_minimum_quantity":10,"tiered_pricing_roles_data":[],"tiered_pricing_percentage_rules":[],"tiered_pricing_maximum_quantity":null,"tiered_pricing_quantity_step":"10","_links":{"self":[{"href":"https:\/\/vapemaison.com\/es\/wp-json\/wp\/v2\/product\/9143","targetHints":{"allow":["GET"]}}],"collection":[{"href":"https:\/\/vapemaison.com\/es\/wp-json\/wp\/v2\/product"}],"about":[{"href":"https:\/\/vapemaison.com\/es\/wp-json\/wp\/v2\/types\/product"}],"replies":[{"embeddable":true,"href":"https:\/\/vapemaison.com\/es\/wp-json\/wp\/v2\/comments?post=9143"}],"version-history":[{"count":2,"href":"https:\/\/vapemaison.com\/es\/wp-json\/wp\/v2\/product\/9143\/revisions"}],"predecessor-version":[{"id":29529,"href":"https:\/\/vapemaison.com\/es\/wp-json\/wp\/v2\/product\/9143\/revisions\/29529"}],"wp:featuredmedia":[{"embeddable":true,"href":"https:\/\/vapemaison.com\/es\/wp-json\/wp\/v2\/media\/9156"}],"wp:attachment":[{"href":"https:\/\/vapemaison.com\/es\/wp-json\/wp\/v2\/media?parent=9143"}],"wp:term":[{"taxonomy":"product_brand","embeddable":true,"href":"https:\/\/vapemaison.com\/es\/wp-json\/wp\/v2\/product_brand?post=9143"},{"taxonomy":"product_cat","embeddable":true,"href":"https:\/\/vapemaison.com\/es\/wp-json\/wp\/v2\/product_cat?post=9143"},{"taxonomy":"product_tag","embeddable":true,"href":"https:\/\/vapemaison.com\/es\/wp-json\/wp\/v2\/product_tag?post=9143"}],"curies":[{"name":"wp","href":"https:\/\/api.w.org\/{rel}","templated":true}]}}