

{"id":9590,"date":"2025-11-04T02:28:48","date_gmt":"2025-11-04T02:28:48","guid":{"rendered":"https:\/\/vapemaison.com\/?post_type=product&#038;p=9590"},"modified":"2026-03-26T05:40:59","modified_gmt":"2026-03-26T05:40:59","slug":"bang-leader-110000-puffs-6-en-1-vpae-desechable","status":"publish","type":"product","link":"https:\/\/vapemaison.com\/es\/product\/bang-leader-110000-puffs-6-in-1-disposable-vpae\/","title":{"rendered":"Bang Leader 110000 Puffs 6-en-1 Vape Desechable | Pantalla LED, Triple Mesh Coil, Recargable"},"content":{"rendered":"<p>En <strong><a href=\"https:\/\/vapemaison.com\/brand\/bang\/\">Bang L\u00edder<\/a> 110K Puffs Vape Desechable<\/strong> redefine los l\u00edmites del vapeo desechable. Dise\u00f1ado para vapeadores que exigen <strong>m\u00e1ximo control del sabor, vapor masivo y resistencia excepcional<\/strong>, ofrece una asombrosa <strong>110.000 caladas<\/strong> - estableciendo un nuevo est\u00e1ndar de rendimiento y longevidad.<\/p>\n\n\n\n<p>En <strong>tres dep\u00f3sitos independientes<\/strong>, <strong>seis modos de sabor<\/strong>, y un <strong>sistema de bobina de triple malla<\/strong>, Este dispositivo le permite disfrutar de sabores puros de forma individual o mezclarlos de forma creativa para obtener combinaciones \u00fanicas. Tanto si prefieres perfiles afrutados, helados o inspirados en postres, el Bang Leader 110K te ofrece... <strong>flexibilidad y satisfacci\u00f3n inigualables<\/strong>.<\/p>\n\n\n\n<h3 class=\"wp-block-heading\"><strong>Caracter\u00edsticas principales<\/strong><\/h3>\n\n\n\n<p><strong>110.000 puffs masivos<\/strong> - Dise\u00f1ado para disfrutar a largo plazo con un rendimiento constante.<\/p>\n\n\n\n<p><strong>Sistema de triple dep\u00f3sito (3x)<\/strong> - Independientes y conmutables para un sabor fresco e impoluto.<\/p>\n\n\n\n<p><strong>Seis modos de sabor<\/strong> - A, B, C, A+B, A+C, B+C - opciones de sabor \u00fanico o mixto.<\/p>\n\n\n\n<p><strong>Bobina de malla triple<\/strong> - Tecnolog\u00eda de calentamiento avanzada para un vapor m\u00e1s rico y un sabor m\u00e1s profundo.<\/p>\n\n\n\n<p><strong>Potencias de nicotina:<\/strong> 0%, 2%, 3%, 5% - personalizable seg\u00fan sus preferencias.<\/p>\n\n\n\n<p><strong>Bater\u00eda recargable de 850 mAh<\/strong> - Potencia de larga duraci\u00f3n para sesiones de vapeo prolongadas.<\/p>\n\n\n\n<p><strong>Carga r\u00e1pida Tipo-C<\/strong> - Recarga r\u00e1pida y eficaz para mayor comodidad sobre la marcha.<\/p>\n\n\n\n<p><strong>Pantalla LED inteligente<\/strong> - Muestra la duraci\u00f3n de la bater\u00eda, el n\u00famero de caladas y el modo de sabor en tiempo real.<\/p>\n\n\n\n<p><strong>Embalaje:<\/strong> 10 unidades por paquete: perfecto para la venta al por menor y al por mayor.<\/p>\n\n\n\n<h3 class=\"wp-block-heading\"><strong>Experiencia de sabor<\/strong><\/h3>\n\n\n\n<p>Disfrute de <strong>10 exclusivos sets de sabores 3 en 1<\/strong> dise\u00f1ados para todos los gustos. Cada aparato incluye <strong>tres tanques de e-l\u00edquido<\/strong> y admite seis modos de mezcla, ofreci\u00e9ndole infinitas combinaciones de sabor suave, atrevido y refrescante.<\/p>\n\n\n\n<p><strong>Sets de sabores disponibles:<\/strong><\/p>\n\n\n\n<ol class=\"wp-block-list\">\n<li>Sand\u00eda Helada \/ Fresa Mamba \/ Fresa Sand\u00eda<\/li>\n\n\n\n<li>Fuji Ice \/ Manzana Uva \/ Cereza Granada<\/li>\n\n\n\n<li>Blueberry Ice \/ Frambuesa Lim\u00f3n \/ Sand\u00eda Chicle<\/li>\n\n\n\n<li>Ar\u00e1ndanos Frambuesas \/ Agrios Pi\u00f1as Naranjas \/ Frambuesas Sand\u00eda<\/li>\n\n\n\n<li>Uva Helada \/ Mango Melocot\u00f3n \/ Sand\u00eda Ar\u00e1ndanos<\/li>\n\n\n\n<li>Fresa Helada \/ Melocot\u00f3n Lim\u00f3n \/ Kiwi Fruta de la Pasi\u00f3n Guayaba<\/li>\n\n\n\n<li>Pi\u00f1a Coco \/ Ar\u00e1ndanos Red Bull \/ Sand\u00eda Ice<\/li>\n\n\n\n<li>Fresa Kiwi \/ Ar\u00e1ndano Coco \/ Frutas del Bosque<\/li>\n\n\n\n<li>Romance Lim\u00f3n \/ Frambuesa Ar\u00e1ndano \/ Melocot\u00f3n Mentolado<\/li>\n\n\n\n<li>Melocot\u00f3n Helado \/ Grosella Negra Pi\u00f1a Helada \/ Manzana Verde Kiwi<\/li>\n<\/ol>\n\n\n\n<p>Tanto si desea un <strong>ponche afrutado cl\u00e1sico<\/strong> o un <strong>ex\u00f3tico toque tropical<\/strong>, Bang Leader 110K le permite <strong>cambia de sabor al instante<\/strong> o m\u00e9zclalos para vivir una nueva experiencia con cada calada.<\/p>\n\n\n\n<h3 class=\"wp-block-heading\"><strong>Especificaciones t\u00e9cnicas<\/strong><\/h3>\n\n\n\n<figure class=\"wp-block-table\"><table class=\"has-fixed-layout\"><thead><tr><th>Especificaci\u00f3n<\/th><th>Detalles<\/th><\/tr><\/thead><tbody><tr><td>Recuento de puff<\/td><td>Hasta 110.000 bocanadas<\/td><\/tr><tr><td>Bater\u00eda<\/td><td>Recargable 850mAh<\/td><\/tr><tr><td>Puerto de carga<\/td><td>Carga r\u00e1pida Tipo-C<\/td><\/tr><tr><td>Tipo de bobina<\/td><td>Bobina de malla triple<\/td><\/tr><tr><td>Dep\u00f3sitos de aceite<\/td><td>3 tanques independientes<\/td><\/tr><tr><td>Modos de sabor<\/td><td>6 (A, B, C, A+B, A+C, B+C)<\/td><\/tr><tr><td>Potencias de la nicotina<\/td><td>0%, 2%, 3%, 5%<\/td><\/tr><tr><td>Mostrar<\/td><td>LED inteligente (bater\u00eda, Puff, modo)<\/td><\/tr><tr><td>Embalaje<\/td><td>10 unidades \/ paquete<\/td><\/tr><\/tbody><\/table><\/figure>\n\n\n\n<h3 class=\"wp-block-heading\"><strong>\u00bfPor qu\u00e9 elegir Bang Leader 110K?<\/strong><\/h3>\n\n\n\n<p><strong>Longevidad inigualable<\/strong> - Hasta 110.000 caladas para disfrutar sin parar.<br><strong>Libertad de sabores<\/strong> - Mezcle o cambie de sabor en cualquier momento.<br><strong>Elegante y con estilo<\/strong> - Dise\u00f1o elegante con pantalla LED.<br><strong>Potencia en la que puede confiar<\/strong> - Bater\u00eda de 850 mAh de carga r\u00e1pida.<br><strong>Perfecto para minoristas<\/strong> - Embalaje llamativo y gran potencial de reventa.<\/p>","protected":false},"excerpt":{"rendered":"<p>El Vapeador Desechable Bang Leader 110000 Puffs no es s\u00f3lo otro desechable - es una revoluci\u00f3n en la innovaci\u00f3n del vapeo. Combinando potencia, variedad y precisi\u00f3n, est\u00e1 hecho para los vapeadores que se niegan a hacer concesiones. Elige tu sabor, mezcla tu modo, y experimenta la verdadera libertad de vapear con el Bang Leader 110K.<\/p>","protected":false},"featured_media":9597,"comment_status":"open","ping_status":"closed","template":"","meta":[],"product_brand":[57],"product_cat":[152,142],"product_tag":[],"class_list":{"0":"post-9590","1":"product","2":"type-product","3":"status-publish","4":"has-post-thumbnail","6":"product_brand-bang","7":"product_cat-110k-puffs","8":"product_cat-eu-stock","10":"first","11":"instock","12":"sale","13":"featured","14":"shipping-taxable","15":"purchasable","16":"product-type-variable"},"yoast_head":"<!-- This site is optimized with the Yoast SEO plugin v27.4 - https:\/\/yoast.com\/product\/yoast-seo-wordpress\/ -->\n<title>Bang Leader 110K Puffs 6 in1 Disposable Vape LED Display<\/title>\n<meta name=\"description\" content=\"LED Display Bang Leader 110k Puffs Disposable Vape with 6-in-1 flavor modes. Rechargeable battery and Type-C fast charging.\" \/>\n<meta name=\"robots\" content=\"index, follow, max-snippet:-1, max-image-preview:large, max-video-preview:-1\" \/>\n<link rel=\"canonical\" href=\"https:\/\/vapemaison.com\/es\/producto\/bang-leader-110000-puffs-6-en-1-vpae-desechable\/\" \/>\n<meta property=\"og:locale\" content=\"es_ES\" \/>\n<meta property=\"og:type\" content=\"article\" \/>\n<meta property=\"og:title\" content=\"Bang Leader 110K Puffs 6 in1 Disposable Vape LED Display\" \/>\n<meta property=\"og:description\" content=\"LED Display Bang Leader 110k Puffs Disposable Vape with 6-in-1 flavor modes. Rechargeable battery and Type-C fast charging.\" \/>\n<meta property=\"og:url\" content=\"https:\/\/vapemaison.com\/es\/producto\/bang-leader-110000-puffs-6-en-1-vpae-desechable\/\" \/>\n<meta property=\"og:site_name\" content=\"VapeMaison\" \/>\n<meta property=\"article:modified_time\" content=\"2026-03-26T05:40:59+00:00\" \/>\n<meta property=\"og:image\" content=\"https:\/\/vapemaison.com\/wp-content\/uploads\/2025\/11\/bang-leader-110000-puffs-6-in-1-flavor-ola-tank-3-picure.jpg\" \/>\n\t<meta property=\"og:image:width\" content=\"600\" \/>\n\t<meta property=\"og:image:height\" content=\"600\" \/>\n\t<meta property=\"og:image:type\" content=\"image\/jpeg\" \/>\n<meta name=\"twitter:card\" content=\"summary_large_image\" \/>\n<meta name=\"twitter:label1\" content=\"Tiempo de lectura\" \/>\n\t<meta name=\"twitter:data1\" content=\"3 minutos\" \/>\n<!-- \/ Yoast SEO plugin. -->","yoast_head_json":{"title":"Bang Leader 110K Puffs 6 en 1 Vape Desechable Pantalla LED","description":"Pantalla LED Bang Leader 110k Puffs Vape desechable con 6 modos de sabor en 1. Bater\u00eda recargable y carga r\u00e1pida Type-C.","robots":{"index":"index","follow":"follow","max-snippet":"max-snippet:-1","max-image-preview":"max-image-preview:large","max-video-preview":"max-video-preview:-1"},"canonical":"https:\/\/vapemaison.com\/es\/producto\/bang-leader-110000-puffs-6-en-1-vpae-desechable\/","og_locale":"es_ES","og_type":"article","og_title":"Bang Leader 110K Puffs 6 in1 Disposable Vape LED Display","og_description":"LED Display Bang Leader 110k Puffs Disposable Vape with 6-in-1 flavor modes. Rechargeable battery and Type-C fast charging.","og_url":"https:\/\/vapemaison.com\/es\/producto\/bang-leader-110000-puffs-6-en-1-vpae-desechable\/","og_site_name":"VapeMaison","article_modified_time":"2026-03-26T05:40:59+00:00","og_image":[{"width":600,"height":600,"url":"https:\/\/vapemaison.com\/wp-content\/uploads\/2025\/11\/bang-leader-110000-puffs-6-in-1-flavor-ola-tank-3-picure.jpg","type":"image\/jpeg"}],"twitter_card":"summary_large_image","twitter_misc":{"Tiempo de lectura":"3 minutos"},"schema":{"@context":"https:\/\/schema.org","@graph":[{"@type":"WebPage","@id":"https:\/\/vapemaison.com\/product\/bang-leader-110000-puffs-6-in-1-disposable-vpae\/","url":"https:\/\/vapemaison.com\/product\/bang-leader-110000-puffs-6-in-1-disposable-vpae\/","name":"Bang Leader 110K Puffs 6 en 1 Vape Desechable Pantalla LED","isPartOf":{"@id":"https:\/\/vapemaison.com\/#website"},"primaryImageOfPage":{"@id":"https:\/\/vapemaison.com\/product\/bang-leader-110000-puffs-6-in-1-disposable-vpae\/#primaryimage"},"image":{"@id":"https:\/\/vapemaison.com\/product\/bang-leader-110000-puffs-6-in-1-disposable-vpae\/#primaryimage"},"thumbnailUrl":"https:\/\/vapemaison.com\/wp-content\/uploads\/2025\/11\/bang-leader-110000-puffs-6-in-1-flavor-ola-tank-3-picure.jpg","datePublished":"2025-11-04T02:28:48+00:00","dateModified":"2026-03-26T05:40:59+00:00","description":"Pantalla LED Bang Leader 110k Puffs Vape desechable con 6 modos de sabor en 1. Bater\u00eda recargable y carga r\u00e1pida Type-C.","breadcrumb":{"@id":"https:\/\/vapemaison.com\/product\/bang-leader-110000-puffs-6-in-1-disposable-vpae\/#breadcrumb"},"inLanguage":"es","potentialAction":[{"@type":"ReadAction","target":["https:\/\/vapemaison.com\/product\/bang-leader-110000-puffs-6-in-1-disposable-vpae\/"]}]},{"@type":"ImageObject","inLanguage":"es","@id":"https:\/\/vapemaison.com\/product\/bang-leader-110000-puffs-6-in-1-disposable-vpae\/#primaryimage","url":"https:\/\/vapemaison.com\/wp-content\/uploads\/2025\/11\/bang-leader-110000-puffs-6-in-1-flavor-ola-tank-3-picure.jpg","contentUrl":"https:\/\/vapemaison.com\/wp-content\/uploads\/2025\/11\/bang-leader-110000-puffs-6-in-1-flavor-ola-tank-3-picure.jpg","width":600,"height":600,"caption":"Bang Leader Puffs 6 In 1 Flavor Ola Tank 3 Picure Disposable Vape Device"},{"@type":"BreadcrumbList","@id":"https:\/\/vapemaison.com\/product\/bang-leader-110000-puffs-6-in-1-disposable-vpae\/#breadcrumb","itemListElement":[{"@type":"ListItem","position":1,"name":"\u9996\u9875","item":"https:\/\/vapemaison.com\/"},{"@type":"ListItem","position":2,"name":"Shop","item":"https:\/\/vapemaison.com\/shop\/"},{"@type":"ListItem","position":3,"name":"Bang","item":"https:\/\/vapemaison.com\/brand\/bang\/"},{"@type":"ListItem","position":4,"name":"Bang Leader 110000 Puffs 6-in-1 Disposable Vape | LED Display, Triple Mesh Coil, Rechargeable"}]},{"@type":"WebSite","@id":"https:\/\/vapemaison.com\/#website","url":"https:\/\/vapemaison.com\/","name":"VapeMaison","description":"Dispositivos y accesorios premium para vapear","publisher":{"@id":"https:\/\/vapemaison.com\/#organization"},"potentialAction":[{"@type":"SearchAction","target":{"@type":"EntryPoint","urlTemplate":"https:\/\/vapemaison.com\/?s={search_term_string}"},"query-input":{"@type":"PropertyValueSpecification","valueRequired":true,"valueName":"search_term_string"}}],"inLanguage":"es"},{"@type":"Organization","@id":"https:\/\/vapemaison.com\/#organization","name":"VapeMaison","url":"https:\/\/vapemaison.com\/","logo":{"@type":"ImageObject","inLanguage":"es","@id":"https:\/\/vapemaison.com\/#\/schema\/logo\/image\/","url":"https:\/\/vapemaison.com\/wp-content\/uploads\/2026\/01\/cropped-vapemaison-logo-g-2026.webp","contentUrl":"https:\/\/vapemaison.com\/wp-content\/uploads\/2026\/01\/cropped-vapemaison-logo-g-2026.webp","width":350,"height":280,"caption":"VapeMaison"},"image":{"@id":"https:\/\/vapemaison.com\/#\/schema\/logo\/image\/"},"sameAs":["https:\/\/www.youtube.com\/@VapeMaison"]}]}},"tiered_pricing_type":"fixed","tiered_pricing_fixed_rules":{"30":"10.35","50":"9.99","100":"9.36","200":"8.88"},"tiered_pricing_product_settings":{"layout":"default","base_unit_name":{"singular":null,"plural":null},"default_variation":null},"tiered_pricing_minimum_quantity":10,"tiered_pricing_roles_data":[],"tiered_pricing_percentage_rules":[],"tiered_pricing_maximum_quantity":null,"tiered_pricing_quantity_step":"10","_links":{"self":[{"href":"https:\/\/vapemaison.com\/es\/wp-json\/wp\/v2\/product\/9590","targetHints":{"allow":["GET"]}}],"collection":[{"href":"https:\/\/vapemaison.com\/es\/wp-json\/wp\/v2\/product"}],"about":[{"href":"https:\/\/vapemaison.com\/es\/wp-json\/wp\/v2\/types\/product"}],"replies":[{"embeddable":true,"href":"https:\/\/vapemaison.com\/es\/wp-json\/wp\/v2\/comments?post=9590"}],"version-history":[{"count":1,"href":"https:\/\/vapemaison.com\/es\/wp-json\/wp\/v2\/product\/9590\/revisions"}],"predecessor-version":[{"id":26114,"href":"https:\/\/vapemaison.com\/es\/wp-json\/wp\/v2\/product\/9590\/revisions\/26114"}],"wp:featuredmedia":[{"embeddable":true,"href":"https:\/\/vapemaison.com\/es\/wp-json\/wp\/v2\/media\/9597"}],"wp:attachment":[{"href":"https:\/\/vapemaison.com\/es\/wp-json\/wp\/v2\/media?parent=9590"}],"wp:term":[{"taxonomy":"product_brand","embeddable":true,"href":"https:\/\/vapemaison.com\/es\/wp-json\/wp\/v2\/product_brand?post=9590"},{"taxonomy":"product_cat","embeddable":true,"href":"https:\/\/vapemaison.com\/es\/wp-json\/wp\/v2\/product_cat?post=9590"},{"taxonomy":"product_tag","embeddable":true,"href":"https:\/\/vapemaison.com\/es\/wp-json\/wp\/v2\/product_tag?post=9590"}],"curies":[{"name":"wp","href":"https:\/\/api.w.org\/{rel}","templated":true}]}}