

{"id":9812,"date":"2025-11-04T09:14:21","date_gmt":"2025-11-04T09:14:21","guid":{"rendered":"https:\/\/vapemaison.com\/?post_type=product&#038;p=9812"},"modified":"2026-02-27T09:44:40","modified_gmt":"2026-02-27T09:44:40","slug":"12k-tornado-blueberry-bubblegum-vape","status":"publish","type":"product","link":"https:\/\/vapemaison.com\/es\/product\/12k-tornado-blueberry-bubblegum-vape\/","title":{"rendered":"12k Tornado Blueberry Bubblegum - Fumot Vape 12000 Puffs"},"content":{"rendered":"<p>En&nbsp;<strong>Tornado 12k<\/strong>&nbsp;es uno de los cigarrillos electr\u00f3nicos desechables m\u00e1s populares del mercado, y con el sabor&nbsp;<strong>Chicle de ar\u00e1ndanos<\/strong>&nbsp;combina jugosos ar\u00e1ndanos con el nost\u00e1lgico sabor del chicle para crear una experiencia de sabor \u00fanica. Descubra aqu\u00ed por qu\u00e9 esta variante es perfecta para los amantes de los sabores dulces y afrutados y c\u00f3mo la&nbsp;<strong>Tornado 12k<\/strong>&nbsp;convence por su tecnolog\u00eda, rendimiento y flexibilidad.<\/p>\n\n\n\n<h3 class=\"wp-block-heading\"><strong>\u00bfPor qu\u00e9 elegir el Tornado 12k Blueberry Bubblegum?<\/strong><\/h3>\n\n\n\n<p><strong>Chicle de ar\u00e1ndanos<\/strong>&nbsp;impresiona por su armoniosa mezcla de ar\u00e1ndanos maduros y dulce sabor a chicle, un sabor que recuerda a los recuerdos de la infancia. Ideal para los amantes de las composiciones afrutadas y dulces. Con&nbsp;<strong>12.000 trenes<\/strong>,&nbsp;<strong>20 ml de capacidad<\/strong>&nbsp;y la opci\u00f3n de&nbsp;<strong>0% Nicotina<\/strong>&nbsp;este e-cigarrillo puede utilizarse de forma flexible, ya sea como alternativa sin nicotina o con potencias de nicotina de hasta 5% .<\/p>\n\n\n\n<h3 class=\"wp-block-heading\"><strong>Datos t\u00e9cnicos del Tornado 12k<\/strong><\/h3>\n\n\n\n<figure class=\"wp-block-table\"><table class=\"has-fixed-layout\"><thead><tr><th><strong>Caracter\u00edstica<\/strong><\/th><th><strong>Valor<\/strong><\/th><\/tr><\/thead><tbody><tr><td>Potencia de nicotina<\/td><td>0%, 2%, 3%, 5%<\/td><\/tr><tr><td>Trenes<\/td><td>12.000<\/td><\/tr><tr><td>Capacidad de l\u00edquido<\/td><td>20 ml<\/td><\/tr><tr><td>Sabor<\/td><td>Chicle de ar\u00e1ndanos<\/td><\/tr><tr><td>Bater\u00eda<\/td><td>550 mAh (recargable)<\/td><\/tr><tr><td>Tecnolog\u00eda de bobinas<\/td><td>Bobina de malla 0,8\u03a9<\/td><\/tr><tr><td>Tama\u00f1o de la caja<\/td><td>69,1\u00d732\u00d723,8 cm (18 kg)<\/td><\/tr><tr><td>Precio por unidad<\/td><td><strong>11,98\u20ac<\/strong><\/td><\/tr><\/tbody><\/table><\/figure>\n\n\n\n<h3 class=\"wp-block-heading\"><strong>Prueba del chicle de ar\u00e1ndano: la fruta dulce se une a la tecnolog\u00eda<\/strong><\/h3>\n\n\n\n<p>En&nbsp;<strong>Tornado 12k<\/strong>&nbsp;con Blueberry Bubblegum es convincente:<\/p>\n\n\n\n<p><strong>Aut\u00e9nticas notas de ar\u00e1ndano y chicle<\/strong>Sin edulcorantes artificiales: el sabor combina aromas naturales de fruta con una dulce nota de chicle 69.<\/p>\n\n\n\n<p><strong>Desarrollo uniforme del vapor<\/strong>Gracias&nbsp;<strong>Bobina de malla de 0,8\u03a9<\/strong>&nbsp;los sabores se desarrollan de forma constante, sin postcombusti\u00f3n ni p\u00e9rdida de sabor 7.<\/p>\n\n\n\n<p><strong>Longevidad<\/strong>En&nbsp;<strong>Bater\u00eda recargable<\/strong>&nbsp;dura hasta la \u00faltima cantidad de l\u00edquido - ideal para&nbsp;<strong>12.000 trenes<\/strong>&nbsp;sin compromiso 17.<\/p>\n\n\n\n<p>En el marco de la&nbsp;<strong>Tornado 12k<\/strong>-El dispositivo tambi\u00e9n cuenta con un&nbsp;<strong>pantalla digital LED<\/strong>que muestra la bater\u00eda y el nivel de l\u00edquido en tiempo real, una funci\u00f3n especialmente popular entre los usuarios expertos en tecnolog\u00eda 7.<\/p>\n\n\n\n<h3 class=\"wp-block-heading\"><strong>Por qu\u00e9 el Tornado 12k es la mejor opci\u00f3n<\/strong><\/h3>\n\n\n\n<p><strong>M\u00e1s de 20 sabores<\/strong>: Descubra otros aspectos destacados como&nbsp;<strong>Melocot\u00f3n helado<\/strong>&nbsp;o&nbsp;<strong>Fresa Kiwi<\/strong>&nbsp;en el&nbsp;<strong><a href=\"https:\/\/vapemaison.com\/product-category\/hot-series\/randm-tornado-9000\/\" target=\"_blank\" rel=\"noreferrer noopener\">RandM Tornado serie 12000<\/a><\/strong>.<\/p>\n\n\n\n<p><strong>Seguridad y calidad<\/strong>Los materiales con certificaci\u00f3n CE y la estricta protecci\u00f3n contra el sobrecalentamiento garantizan un uso seguro .<\/p>\n\n\n\n<p><strong>Sensibilizaci\u00f3n medioambiental<\/strong>: La bater\u00eda recargable reduce los residuos electr\u00f3nicos en comparaci\u00f3n con los modelos desechables .<\/p>\n\n\n\n<p><strong>Accesorios compatibles<\/strong>: Complemente su configuraci\u00f3n con piezas del&nbsp;<strong><a href=\"https:\/\/vapemaison.com\/product-category\/hot-series\/randm-tornado-9000\/\" target=\"_blank\" rel=\"noreferrer noopener\">Colecci\u00f3n RandM Tornado<\/a><\/strong>.<\/p>\n\n\n\n<h3 class=\"wp-block-heading\"><strong>Preguntas frecuentes sobre el Tornado 12k<\/strong><\/h3>\n\n\n\n<p><strong>1. \u00bfes demasiado dulce el sabor a chicle?<\/strong><br>No, la acidez del ar\u00e1ndano equilibra el dulzor y garantiza un buen equilibrio.<br><strong>2. \u00bfcu\u00e1nto dura la bater\u00eda con el uso diario?<\/strong><br>En&nbsp;<strong>Bater\u00eda de 550 mAh<\/strong>&nbsp;dura aproximadamente 1-2 d\u00edas - ideal para viajar.<br><strong>3. \u00bfqu\u00e9 distingue al Tornado 12k de otros modelos?<\/strong><br>Ofrece m\u00e1s variedad de sabores, una pantalla digital y una tecnolog\u00eda de bobina de malla precisa.<\/p>","protected":false},"excerpt":{"rendered":"<p class=\"ds-markdown-paragraph\"><strong>Tornado 12k<\/strong> Blueberry Bubblegum: Armon\u00eda tropical de melocot\u00f3n y mango para 12.000 caladas<\/p>\n<p class=\"ds-markdown-paragraph\">El RandM Tornado 12000 establece con el sabor Blueberry Bubblegum Nuevos est\u00e1ndares para experiencias tropicales de e-cigarrillos<\/p>","protected":false},"featured_media":9813,"comment_status":"open","ping_status":"closed","template":"","meta":[],"product_brand":[58],"product_cat":[154,174,294],"product_tag":[],"class_list":{"0":"post-9812","1":"product","2":"type-product","3":"status-publish","4":"has-post-thumbnail","6":"product_brand-fumot","7":"product_cat-12k-puffs","8":"product_cat-fumot-12k","9":"product_cat-no-nicotine-vape","11":"first","12":"instock","13":"sale","14":"shipping-taxable","15":"purchasable","16":"product-type-variable"},"yoast_head":"<!-- This site is optimized with the Yoast SEO plugin v27.4 - https:\/\/yoast.com\/product\/yoast-seo-wordpress\/ -->\n<title>12K Tornado Blueberry Bubblegum | Fumot Vape 12000 Puffs<\/title>\n<meta name=\"description\" content=\"Enjoy the 12K Tornado Blueberry Bubblegum Fumot Vape 12000 puffs of sweet blueberry and refreshing bubblegum flavor. Long-lasting and smooth.\" \/>\n<meta name=\"robots\" content=\"index, follow, max-snippet:-1, max-image-preview:large, max-video-preview:-1\" \/>\n<link rel=\"canonical\" href=\"https:\/\/vapemaison.com\/es\/producto\/12k-tornado-blueberry-bubblegum-vape\/\" \/>\n<meta property=\"og:locale\" content=\"es_ES\" \/>\n<meta property=\"og:type\" content=\"article\" \/>\n<meta property=\"og:title\" content=\"12K Tornado Blueberry Bubblegum | Fumot Vape 12000 Puffs\" \/>\n<meta property=\"og:description\" content=\"Enjoy the 12K Tornado Blueberry Bubblegum Fumot Vape 12000 puffs of sweet blueberry and refreshing bubblegum flavor. Long-lasting and smooth.\" \/>\n<meta property=\"og:url\" content=\"https:\/\/vapemaison.com\/es\/producto\/12k-tornado-blueberry-bubblegum-vape\/\" \/>\n<meta property=\"og:site_name\" content=\"VapeMaison\" \/>\n<meta property=\"article:modified_time\" content=\"2026-02-27T09:44:40+00:00\" \/>\n<meta property=\"og:image\" content=\"https:\/\/vapemaison.com\/wp-content\/uploads\/2025\/11\/12k-Tornado-Blueberry-Bubblegum.webp\" \/>\n\t<meta property=\"og:image:width\" content=\"1125\" \/>\n\t<meta property=\"og:image:height\" content=\"1125\" \/>\n\t<meta property=\"og:image:type\" content=\"image\/webp\" \/>\n<meta name=\"twitter:card\" content=\"summary_large_image\" \/>\n<meta name=\"twitter:label1\" content=\"Tiempo de lectura\" \/>\n\t<meta name=\"twitter:data1\" content=\"2 minutos\" \/>\n<!-- \/ Yoast SEO plugin. -->","yoast_head_json":{"title":"12K Tornado Blueberry Bubblegum | Fumot Vape 12000 Puffs","description":"Disfruta del 12K Tornado Blueberry Bubblegum Fumot Vape 12000 caladas de dulce ar\u00e1ndano y refrescante sabor a chicle. Duradero y suave.","robots":{"index":"index","follow":"follow","max-snippet":"max-snippet:-1","max-image-preview":"max-image-preview:large","max-video-preview":"max-video-preview:-1"},"canonical":"https:\/\/vapemaison.com\/es\/producto\/12k-tornado-blueberry-bubblegum-vape\/","og_locale":"es_ES","og_type":"article","og_title":"12K Tornado Blueberry Bubblegum | Fumot Vape 12000 Puffs","og_description":"Enjoy the 12K Tornado Blueberry Bubblegum Fumot Vape 12000 puffs of sweet blueberry and refreshing bubblegum flavor. Long-lasting and smooth.","og_url":"https:\/\/vapemaison.com\/es\/producto\/12k-tornado-blueberry-bubblegum-vape\/","og_site_name":"VapeMaison","article_modified_time":"2026-02-27T09:44:40+00:00","og_image":[{"width":1125,"height":1125,"url":"https:\/\/vapemaison.com\/wp-content\/uploads\/2025\/11\/12k-Tornado-Blueberry-Bubblegum.webp","type":"image\/webp"}],"twitter_card":"summary_large_image","twitter_misc":{"Tiempo de lectura":"2 minutos"},"schema":{"@context":"https:\/\/schema.org","@graph":[{"@type":"WebPage","@id":"https:\/\/vapemaison.com\/product\/12k-tornado-blueberry-bubblegum-vape\/","url":"https:\/\/vapemaison.com\/product\/12k-tornado-blueberry-bubblegum-vape\/","name":"12K Tornado Blueberry Bubblegum | Fumot Vape 12000 Puffs","isPartOf":{"@id":"https:\/\/vapemaison.com\/#website"},"primaryImageOfPage":{"@id":"https:\/\/vapemaison.com\/product\/12k-tornado-blueberry-bubblegum-vape\/#primaryimage"},"image":{"@id":"https:\/\/vapemaison.com\/product\/12k-tornado-blueberry-bubblegum-vape\/#primaryimage"},"thumbnailUrl":"https:\/\/vapemaison.com\/wp-content\/uploads\/2025\/11\/12k-Tornado-Blueberry-Bubblegum.webp","datePublished":"2025-11-04T09:14:21+00:00","dateModified":"2026-02-27T09:44:40+00:00","description":"Disfruta del 12K Tornado Blueberry Bubblegum Fumot Vape 12000 caladas de dulce ar\u00e1ndano y refrescante sabor a chicle. Duradero y suave.","breadcrumb":{"@id":"https:\/\/vapemaison.com\/product\/12k-tornado-blueberry-bubblegum-vape\/#breadcrumb"},"inLanguage":"es","potentialAction":[{"@type":"ReadAction","target":["https:\/\/vapemaison.com\/product\/12k-tornado-blueberry-bubblegum-vape\/"]}]},{"@type":"ImageObject","inLanguage":"es","@id":"https:\/\/vapemaison.com\/product\/12k-tornado-blueberry-bubblegum-vape\/#primaryimage","url":"https:\/\/vapemaison.com\/wp-content\/uploads\/2025\/11\/12k-Tornado-Blueberry-Bubblegum.webp","contentUrl":"https:\/\/vapemaison.com\/wp-content\/uploads\/2025\/11\/12k-Tornado-Blueberry-Bubblegum.webp","width":1125,"height":1125,"caption":"12k Tornado Blueberry Bubblegum Disposable Vape Device"},{"@type":"BreadcrumbList","@id":"https:\/\/vapemaison.com\/product\/12k-tornado-blueberry-bubblegum-vape\/#breadcrumb","itemListElement":[{"@type":"ListItem","position":1,"name":"\u9996\u9875","item":"https:\/\/vapemaison.com\/"},{"@type":"ListItem","position":2,"name":"Shop","item":"https:\/\/vapemaison.com\/shop\/"},{"@type":"ListItem","position":3,"name":"Fumot","item":"https:\/\/vapemaison.com\/brand\/fumot\/"},{"@type":"ListItem","position":4,"name":"12k Tornado Blueberry Bubblegum &#8211; Fumot Vape 12000 Puffs"}]},{"@type":"WebSite","@id":"https:\/\/vapemaison.com\/#website","url":"https:\/\/vapemaison.com\/","name":"VapeMaison","description":"Dispositivos y accesorios premium para vapear","publisher":{"@id":"https:\/\/vapemaison.com\/#organization"},"potentialAction":[{"@type":"SearchAction","target":{"@type":"EntryPoint","urlTemplate":"https:\/\/vapemaison.com\/?s={search_term_string}"},"query-input":{"@type":"PropertyValueSpecification","valueRequired":true,"valueName":"search_term_string"}}],"inLanguage":"es"},{"@type":"Organization","@id":"https:\/\/vapemaison.com\/#organization","name":"VapeMaison","url":"https:\/\/vapemaison.com\/","logo":{"@type":"ImageObject","inLanguage":"es","@id":"https:\/\/vapemaison.com\/#\/schema\/logo\/image\/","url":"https:\/\/vapemaison.com\/wp-content\/uploads\/2026\/01\/cropped-vapemaison-logo-g-2026.webp","contentUrl":"https:\/\/vapemaison.com\/wp-content\/uploads\/2026\/01\/cropped-vapemaison-logo-g-2026.webp","width":350,"height":280,"caption":"VapeMaison"},"image":{"@id":"https:\/\/vapemaison.com\/#\/schema\/logo\/image\/"},"sameAs":["https:\/\/www.youtube.com\/@VapeMaison"]}]}},"tiered_pricing_type":"fixed","tiered_pricing_fixed_rules":{"30":"12.56","50":"10.78","100":"8.55","200":"7.98"},"tiered_pricing_product_settings":{"layout":"default","base_unit_name":{"singular":null,"plural":null},"default_variation":null},"tiered_pricing_minimum_quantity":10,"tiered_pricing_roles_data":[],"tiered_pricing_percentage_rules":[],"tiered_pricing_maximum_quantity":null,"tiered_pricing_quantity_step":"10","_links":{"self":[{"href":"https:\/\/vapemaison.com\/es\/wp-json\/wp\/v2\/product\/9812","targetHints":{"allow":["GET"]}}],"collection":[{"href":"https:\/\/vapemaison.com\/es\/wp-json\/wp\/v2\/product"}],"about":[{"href":"https:\/\/vapemaison.com\/es\/wp-json\/wp\/v2\/types\/product"}],"replies":[{"embeddable":true,"href":"https:\/\/vapemaison.com\/es\/wp-json\/wp\/v2\/comments?post=9812"}],"version-history":[{"count":1,"href":"https:\/\/vapemaison.com\/es\/wp-json\/wp\/v2\/product\/9812\/revisions"}],"predecessor-version":[{"id":26648,"href":"https:\/\/vapemaison.com\/es\/wp-json\/wp\/v2\/product\/9812\/revisions\/26648"}],"wp:featuredmedia":[{"embeddable":true,"href":"https:\/\/vapemaison.com\/es\/wp-json\/wp\/v2\/media\/9813"}],"wp:attachment":[{"href":"https:\/\/vapemaison.com\/es\/wp-json\/wp\/v2\/media?parent=9812"}],"wp:term":[{"taxonomy":"product_brand","embeddable":true,"href":"https:\/\/vapemaison.com\/es\/wp-json\/wp\/v2\/product_brand?post=9812"},{"taxonomy":"product_cat","embeddable":true,"href":"https:\/\/vapemaison.com\/es\/wp-json\/wp\/v2\/product_cat?post=9812"},{"taxonomy":"product_tag","embeddable":true,"href":"https:\/\/vapemaison.com\/es\/wp-json\/wp\/v2\/product_tag?post=9812"}],"curies":[{"name":"wp","href":"https:\/\/api.w.org\/{rel}","templated":true}]}}