

{"id":3,"date":"2025-10-13T08:13:32","date_gmt":"2025-10-13T08:13:32","guid":{"rendered":"https:\/\/vapemaison.com\/?page_id=3"},"modified":"2026-01-19T05:58:38","modified_gmt":"2026-01-19T05:58:38","slug":"politique-de-confidentialite","status":"publish","type":"page","link":"https:\/\/vapemaison.com\/fr\/privacy-policy\/","title":{"rendered":"Politique de confidentialit\u00e9"},"content":{"rendered":"<div data-elementor-type=\"wp-page\" data-elementor-id=\"3\" class=\"elementor elementor-3\">\n\t\t\t\t<div class=\"elementor-element elementor-element-65908c49 e-flex e-con-boxed e-con e-parent\" data-id=\"65908c49\" data-element_type=\"container\" data-e-type=\"container\">\n\t\t\t\t\t<div class=\"e-con-inner\">\n\t\t\t\t<div class=\"elementor-element elementor-element-2055602b elementor-widget elementor-widget-text-editor\" data-id=\"2055602b\" data-element_type=\"widget\" data-e-type=\"widget\" data-widget_type=\"text-editor.default\">\n\t\t\t\t\t\t\t\t\t<p data-start=\"316\" data-end=\"358\"><strong data-start=\"316\" data-end=\"358\">Derni\u00e8re mise \u00e0 jour : 2026-01-19<\/strong><\/p><p data-start=\"360\" data-end=\"704\">VapeMaison (ci-apr\u00e8s \u201c nous \u201d, \u201c notre \u201d ou \u201c VapeMaison \u201d) s'engage \u00e0 prot\u00e9ger vos informations personnelles et \u00e0 respecter votre vie priv\u00e9e. La pr\u00e9sente politique de confidentialit\u00e9 (la \u201cpolitique\u201d) explique comment nous recueillons, utilisons, stockons et prot\u00e9geons vos informations personnelles lorsque vous acc\u00e9dez \u00e0 notre site web ou que vous l'utilisez. <strong data-start=\"644\" data-end=\"666\"><a class=\"decorated-link\" href=\"http:\/\/www.vapemaison.com\" target=\"_new\" rel=\"noopener\" data-start=\"646\" data-end=\"664\">www.vapemaison.com<\/a><\/strong> (le \u201csite web\u201d) et les services connexes.<\/p><p data-start=\"706\" data-end=\"850\">Cette politique s'applique \u00e0 toutes les informations personnelles collect\u00e9es par le biais du site web, des communications avec nous et des transactions effectu\u00e9es sur VapeMaison.<\/p><h2 data-start=\"857\" data-end=\"885\">1. Les informations que nous collectons<\/h2><p data-start=\"887\" data-end=\"963\">Nous pouvons collecter et traiter les cat\u00e9gories suivantes d'informations personnelles :<\/p><h3 data-start=\"965\" data-end=\"1005\">1.1 Informations personnelles que vous fournissez<\/h3><ul data-start=\"1006\" data-end=\"1115\"><li data-start=\"1006\" data-end=\"1014\"><p data-start=\"1008\" data-end=\"1014\">Nom<\/p><\/li><li data-start=\"1015\" data-end=\"1032\"><p data-start=\"1017\" data-end=\"1032\">Adresse \u00e9lectronique<\/p><\/li><li data-start=\"1033\" data-end=\"1049\"><p data-start=\"1035\" data-end=\"1049\">Num\u00e9ro de t\u00e9l\u00e9phone<\/p><\/li><li data-start=\"1050\" data-end=\"1082\"><p data-start=\"1052\" data-end=\"1082\">Adresse de facturation et de livraison<\/p><\/li><li data-start=\"1083\" data-end=\"1115\"><p data-start=\"1085\" data-end=\"1115\">D\u00e9tails de l'enregistrement du compte<\/p><\/li><\/ul><h3 data-start=\"1117\" data-end=\"1158\">1.2 Informations sur les commandes et les transactions<\/h3><ul data-start=\"1159\" data-end=\"1287\"><li data-start=\"1159\" data-end=\"1181\"><p data-start=\"1161\" data-end=\"1181\">Produits achet\u00e9s<\/p><\/li><li data-start=\"1182\" data-end=\"1199\"><p data-start=\"1184\" data-end=\"1199\">Historique des commandes<\/p><\/li><li data-start=\"1200\" data-end=\"1241\"><p data-start=\"1202\" data-end=\"1241\">D\u00e9tails de l'exp\u00e9dition et adresse de livraison<\/p><\/li><li data-start=\"1242\" data-end=\"1287\"><p data-start=\"1244\" data-end=\"1287\">Statut du paiement et r\u00e9f\u00e9rences de la transaction<\/p><\/li><\/ul><blockquote data-start=\"1289\" data-end=\"1451\"><p data-start=\"1291\" data-end=\"1451\"><strong data-start=\"1291\" data-end=\"1305\">Important :<\/strong> Nous le faisons <strong data-start=\"1312\" data-end=\"1319\">pas<\/strong> ne stocke pas les num\u00e9ros complets des cartes de paiement ou les informations sensibles relatives aux paiements. Les paiements sont trait\u00e9s en toute s\u00e9curit\u00e9 par des prestataires de services de paiement tiers.<\/p><\/blockquote><h3 data-start=\"1453\" data-end=\"1501\">1.3 Authentification et informations techniques<\/h3><ul data-start=\"1502\" data-end=\"1598\"><li data-start=\"1502\" data-end=\"1516\"><p data-start=\"1504\" data-end=\"1516\">Adresse IP<\/p><\/li><li data-start=\"1517\" data-end=\"1558\"><p data-start=\"1519\" data-end=\"1558\">Identifiants de connexion au compte (crypt\u00e9s)<\/p><\/li><li data-start=\"1559\" data-end=\"1598\"><p data-start=\"1561\" data-end=\"1598\">Type d'appareil et informations sur le navigateur<\/p><\/li><\/ul><h3 data-start=\"1600\" data-end=\"1643\">1.4 Informations collect\u00e9es automatiquement<\/h3><ul data-start=\"1644\" data-end=\"1761\"><li data-start=\"1644\" data-end=\"1683\"><p data-start=\"1646\" data-end=\"1683\">Pages visit\u00e9es et comportement de navigation<\/p><\/li><li data-start=\"1684\" data-end=\"1719\"><p data-start=\"1686\" data-end=\"1719\">Temps d'acc\u00e8s et URL de r\u00e9f\u00e9rence<\/p><\/li><li data-start=\"1720\" data-end=\"1761\"><p data-start=\"1722\" data-end=\"1761\">Syst\u00e8me d'exploitation et langue du navigateur<\/p><\/li><\/ul><h2 data-start=\"1768\" data-end=\"1800\">2. Comment nous collectons les informations<\/h2><p data-start=\"1802\" data-end=\"1864\">Nous recueillons des informations personnelles par le biais des m\u00e9thodes suivantes :<\/p><ul data-start=\"1866\" data-end=\"2267\"><li data-start=\"1866\" data-end=\"2010\"><p data-start=\"1868\" data-end=\"2010\"><strong data-start=\"1868\" data-end=\"1892\">Interactions directes :<\/strong> Lorsque vous cr\u00e9ez un compte, passez une commande, contactez le service client\u00e8le, vous abonnez \u00e0 des communications ou remplissez des formulaires.<\/p><\/li><li data-start=\"2011\" data-end=\"2132\"><p data-start=\"2013\" data-end=\"2132\"><strong data-start=\"2013\" data-end=\"2040\">Technologies automatis\u00e9es :<\/strong> Par le biais de cookies, de journaux de serveur, de pixels et de technologies similaires lorsque vous naviguez sur le site web.<\/p><\/li><li data-start=\"2133\" data-end=\"2267\"><p data-start=\"2135\" data-end=\"2267\"><strong data-start=\"2135\" data-end=\"2153\">Tiers :<\/strong> Des processeurs de paiement, des partenaires logistiques ou des plateformes de m\u00e9dias sociaux lorsque vous interagissez avec notre contenu ou nos publicit\u00e9s.<\/p><\/li><\/ul><h2 data-start=\"2274\" data-end=\"2307\">3. Comment nous utilisons vos informations<\/h2><p data-start=\"2309\" data-end=\"2386\">Nous utilisons vos informations personnelles \u00e0 des fins commerciales l\u00e9gitimes, notamment :<\/p><ul data-start=\"2388\" data-end=\"2853\"><li data-start=\"2388\" data-end=\"2489\"><p data-start=\"2390\" data-end=\"2489\">le traitement et l'ex\u00e9cution de vos commandes (y compris l'examen des adresses d'exp\u00e9dition et des d\u00e9tails de la livraison)<\/p><\/li><li data-start=\"2490\" data-end=\"2546\"><p data-start=\"2492\" data-end=\"2546\">Assurer le service \u00e0 la client\u00e8le et r\u00e9pondre aux demandes de renseignements<\/p><\/li><li data-start=\"2547\" data-end=\"2589\"><p data-start=\"2549\" data-end=\"2589\">Gestion des comptes et v\u00e9rification de l'identit\u00e9<\/p><\/li><li data-start=\"2590\" data-end=\"2661\"><p data-start=\"2592\" data-end=\"2661\">Am\u00e9liorer les performances du site web, l'exp\u00e9rience des utilisateurs et l'offre de produits<\/p><\/li><li data-start=\"2662\" data-end=\"2758\"><p data-start=\"2664\" data-end=\"2758\">Envoi de notifications, de mises \u00e0 jour et de communications promotionnelles li\u00e9es aux commandes (lorsque cela est autoris\u00e9)<\/p><\/li><li data-start=\"2759\" data-end=\"2803\"><p data-start=\"2761\" data-end=\"2803\">D\u00e9tection de fraudes, d'abus ou de probl\u00e8mes de s\u00e9curit\u00e9<\/p><\/li><li data-start=\"2804\" data-end=\"2853\"><p data-start=\"2806\" data-end=\"2853\">Respecter les obligations l\u00e9gales et r\u00e9glementaires<\/p><\/li><\/ul><h2 data-start=\"2860\" data-end=\"2899\">4. Cookies et technologies de suivi<\/h2><p data-start=\"2901\" data-end=\"3016\">Nous utilisons des cookies et des technologies similaires pour am\u00e9liorer votre exp\u00e9rience de navigation et comprendre comment notre site Web est utilis\u00e9.<\/p><h3 data-start=\"3018\" data-end=\"3049\">4.1 Types de cookies que nous utilisons<\/h3><ul data-start=\"3050\" data-end=\"3436\"><li data-start=\"3050\" data-end=\"3151\"><p data-start=\"3052\" data-end=\"3151\"><strong data-start=\"3052\" data-end=\"3074\">Cookies essentiels :<\/strong> N\u00e9cessaire pour les fonctionnalit\u00e9s essentielles du site Web, telles que la connexion au compte et le paiement.<\/p><\/li><li data-start=\"3152\" data-end=\"3259\"><p data-start=\"3154\" data-end=\"3259\"><strong data-start=\"3154\" data-end=\"3190\">Cookies de performance et d'analyse :<\/strong> Nous aider \u00e0 comprendre les sch\u00e9mas de trafic et \u00e0 am\u00e9liorer les performances du site Web.<\/p><\/li><li data-start=\"3260\" data-end=\"3334\"><p data-start=\"3262\" data-end=\"3334\"><strong data-start=\"3262\" data-end=\"3285\">Cookies fonctionnels :<\/strong> M\u00e9moriser les pr\u00e9f\u00e9rences telles que la langue ou la r\u00e9gion.<\/p><\/li><li data-start=\"3335\" data-end=\"3436\"><p data-start=\"3337\" data-end=\"3436\"><strong data-start=\"3337\" data-end=\"3359\">Cookies de marketing :<\/strong> Utilis\u00e9 pour afficher des publicit\u00e9s pertinentes et mesurer l'efficacit\u00e9 du marketing.<\/p><\/li><\/ul><h3 data-start=\"3438\" data-end=\"3462\">4.2 Gestion des cookies<\/h3><p data-start=\"3463\" data-end=\"3615\">Vous pouvez g\u00e9rer ou d\u00e9sactiver les cookies par le biais des param\u00e8tres de votre navigateur. Veuillez noter que la d\u00e9sactivation de certains cookies peut affecter la fonctionnalit\u00e9 du site web.<\/p><h2 data-start=\"3622\" data-end=\"3665\">5. Divulgation et partage d'informations<\/h2><p data-start=\"3667\" data-end=\"3774\">Nous le faisons <strong data-start=\"3673\" data-end=\"3680\">pas<\/strong> vendre vos informations personnelles. Nous ne pouvons partager des informations que dans les circonstances suivantes :<\/p><ul data-start=\"3776\" data-end=\"4223\"><li data-start=\"3776\" data-end=\"3945\"><p data-start=\"3778\" data-end=\"3945\"><strong data-start=\"3778\" data-end=\"3800\">Fournisseurs de services :<\/strong> Les soci\u00e9t\u00e9s de traitement des paiements, les soci\u00e9t\u00e9s d'exp\u00e9dition, les fournisseurs de services informatiques, les plateformes de courrier \u00e9lectronique et les services d'analyse, uniquement dans le but de fournir des services en notre nom.<\/p><\/li><li data-start=\"3946\" data-end=\"4056\"><p data-start=\"3948\" data-end=\"4056\"><strong data-start=\"3948\" data-end=\"3971\">Exigences l\u00e9gales :<\/strong> lorsque cela est n\u00e9cessaire pour se conformer aux lois, aux r\u00e8glements, aux proc\u00e9dures l\u00e9gales ou aux demandes l\u00e9gitimes.<\/p><\/li><li data-start=\"4057\" data-end=\"4223\"><p data-start=\"4059\" data-end=\"4223\"><strong data-start=\"4059\" data-end=\"4085\">Transactions commerciales :<\/strong> En cas de fusion, d'acquisition, de restructuration ou de vente d'actifs, les informations personnelles peuvent \u00eatre transf\u00e9r\u00e9es dans le cadre de l'activit\u00e9.<\/p><\/li><\/ul><p data-start=\"4225\" data-end=\"4346\">Tous les tiers sont tenus de traiter vos informations conform\u00e9ment aux obligations applicables en mati\u00e8re de protection de la vie priv\u00e9e et de s\u00e9curit\u00e9.<\/p><h2 data-start=\"4353\" data-end=\"4372\">6. S\u00e9curit\u00e9 des donn\u00e9es<\/h2><p data-start=\"4374\" data-end=\"4547\">Nous mettons en \u0153uvre des mesures techniques et organisationnelles commercialement raisonnables pour prot\u00e9ger vos informations personnelles, y compris le cryptage, les contr\u00f4les d'acc\u00e8s et les serveurs s\u00e9curis\u00e9s.<\/p><p data-start=\"4549\" data-end=\"4716\">Cependant, aucune m\u00e9thode de transmission ou de stockage des donn\u00e9es n'est 100% s\u00fbre. Bien que nous nous efforcions de prot\u00e9ger vos donn\u00e9es, vous reconnaissez que vous fournissez des informations \u00e0 vos propres risques.<\/p><h2 data-start=\"4723\" data-end=\"4778\">7. Utilisation des num\u00e9ros de t\u00e9l\u00e9phone et des communications marketing<\/h2><p data-start=\"4780\" data-end=\"4929\">Si vous acceptez de recevoir des communications de VapeMaison, nous pouvons vous envoyer des messages transactionnels, promotionnels ou marketing par e-mail ou par SMS.<\/p><p data-start=\"4931\" data-end=\"5051\">Vous pouvez vous d\u00e9sinscrire \u00e0 tout moment en suivant les instructions de d\u00e9sinscription incluses dans le message ou en nous contactant directement.<\/p><h2 data-start=\"5058\" data-end=\"5078\">8. Conservation des donn\u00e9es<\/h2><p data-start=\"5080\" data-end=\"5144\">Nous ne conservons les informations personnelles que le temps n\u00e9cessaire pour :<\/p><ul data-start=\"5146\" data-end=\"5278\"><li data-start=\"5146\" data-end=\"5185\"><p data-start=\"5148\" data-end=\"5185\">Ex\u00e9cuter des commandes et fournir des services<\/p><\/li><li data-start=\"5186\" data-end=\"5234\"><p data-start=\"5188\" data-end=\"5234\">R\u00e9pondre aux exigences l\u00e9gales, fiscales et comptables<\/p><\/li><li data-start=\"5235\" data-end=\"5278\"><p data-start=\"5237\" data-end=\"5278\">R\u00e9soudre les litiges et faire respecter les accords<\/p><\/li><\/ul><p data-start=\"5280\" data-end=\"5371\">Lorsque les informations personnelles ne sont plus n\u00e9cessaires, elles sont supprim\u00e9es en toute s\u00e9curit\u00e9 ou rendues anonymes.<\/p><h2 data-start=\"5378\" data-end=\"5403\">9. Vos droits en mati\u00e8re de protection de la vie priv\u00e9e<\/h2><p data-start=\"5405\" data-end=\"5463\">En fonction de votre juridiction, vous pouvez avoir le droit de.. :<\/p><ul data-start=\"5465\" data-end=\"5797\"><li data-start=\"5465\" data-end=\"5501\"><p data-start=\"5467\" data-end=\"5501\">Acc\u00e9der \u00e0 vos informations personnelles<\/p><\/li><li data-start=\"5502\" data-end=\"5557\"><p data-start=\"5504\" data-end=\"5557\">Demander la correction de donn\u00e9es inexactes ou incompl\u00e8tes<\/p><\/li><li data-start=\"5558\" data-end=\"5638\"><p data-start=\"5560\" data-end=\"5638\">Demander la suppression de vos informations personnelles (sous r\u00e9serve des limitations l\u00e9gales)<\/p><\/li><li data-start=\"5639\" data-end=\"5694\"><p data-start=\"5641\" data-end=\"5694\">S'opposer \u00e0 certaines activit\u00e9s de traitement ou les restreindre<\/p><\/li><li data-start=\"5695\" data-end=\"5744\"><p data-start=\"5697\" data-end=\"5744\">Retirer son consentement pour les communications marketing<\/p><\/li><li data-start=\"5745\" data-end=\"5797\"><p data-start=\"5747\" data-end=\"5797\">Demander une copie de vos donn\u00e9es dans un format portable<\/p><\/li><\/ul><p data-start=\"5799\" data-end=\"5866\">Pour exercer vos droits, veuillez nous contacter en utilisant les coordonn\u00e9es ci-dessous.<\/p><h2 data-start=\"5873\" data-end=\"5898\">10. Vie priv\u00e9e des enfants<\/h2><p data-start=\"5900\" data-end=\"6098\">Notre site web et nos services ne sont pas destin\u00e9s aux personnes de moins de 16 ans. Nous ne recueillons pas sciemment d'informations personnelles aupr\u00e8s d'enfants. Si de telles donn\u00e9es sont identifi\u00e9es, nous les supprimerons rapidement.<\/p><h2 data-start=\"6105\" data-end=\"6140\">11. Transferts internationaux de donn\u00e9es<\/h2><p data-start=\"6142\" data-end=\"6381\">Vos informations personnelles peuvent \u00eatre transf\u00e9r\u00e9es et trait\u00e9es dans des pays autres que le v\u00f4tre. Nous prenons des mesures raisonnables pour garantir que ces transferts sont conformes aux lois applicables en mati\u00e8re de protection des donn\u00e9es et que vos informations restent prot\u00e9g\u00e9es.<\/p><h2 data-start=\"6388\" data-end=\"6425\">12. Mises \u00e0 jour de la pr\u00e9sente politique de confidentialit\u00e9<\/h2><p data-start=\"6427\" data-end=\"6634\">Nous pouvons mettre \u00e0 jour la pr\u00e9sente politique de confidentialit\u00e9 p\u00e9riodiquement. Les modifications seront publi\u00e9es sur cette page avec une date de \u201cderni\u00e8re mise \u00e0 jour\u201d. La poursuite de l'utilisation du site web apr\u00e8s les modifications indique l'acceptation de la politique r\u00e9vis\u00e9e.<\/p><h2 data-start=\"6641\" data-end=\"6658\">13. Nous contacter<\/h2><p data-start=\"6660\" data-end=\"6774\">Si vous avez des questions sur la pr\u00e9sente politique de confidentialit\u00e9 ou sur la mani\u00e8re dont nous traitons vos informations personnelles, veuillez nous contacter :<\/p><p data-start=\"6776\" data-end=\"6858\"><strong data-start=\"6776\" data-end=\"6790\">VapeMaison<\/strong><br data-start=\"6790\" data-end=\"6793\" \/>Courriel : <strong data-start=\"6800\" data-end=\"6826\"><a class=\"decorated-link cursor-pointer\" rel=\"noopener\" data-start=\"6802\" data-end=\"6824\">support@vapemaison.com<\/a><\/strong><br data-start=\"6826\" data-end=\"6829\" \/>WhatsApp : <strong data-start=\"6839\" data-end=\"6858\">+86 17602190264<\/strong><\/p>\t\t\t\t\t\t\t\t<\/div>\n\t\t\t\t\t<\/div>\n\t\t\t\t<\/div>\n\t\t\t\t<\/div>","protected":false},"excerpt":{"rendered":"<p>Last Updated: 2026-01-19 VapeMaison (referred to as \u201cwe\u201d, \u201cour\u201d, or \u201cVapeMaison\u201d) is committed to protecting your personal information and respecting your privacy. This Privacy Policy (the \u201cPolicy\u201d) explains how we collect, use, store, and protect your personal information when you access or use our website www.vapemaison.com (the \u201cWebsite\u201d) and related services. This Policy applies to [&hellip;]<\/p>\n","protected":false},"author":1,"featured_media":0,"parent":0,"menu_order":0,"comment_status":"closed","ping_status":"closed","template":"","meta":{"footnotes":""},"class_list":["post-3","page","type-page","status-publish","hentry"],"yoast_head":"<!-- This site is optimized with the Yoast SEO plugin v27.4 - https:\/\/yoast.com\/product\/yoast-seo-wordpress\/ -->\n<title>Privacy Policy - VapeMaison<\/title>\n<meta name=\"description\" content=\"Read Vapemaison&#039;s Privacy Policy to understand how we collect, use, and protect your personal information. Your privacy is important to us, and we are committed to safeguarding your data.\" \/>\n<meta name=\"robots\" content=\"index, follow, max-snippet:-1, max-image-preview:large, max-video-preview:-1\" \/>\n<link rel=\"canonical\" href=\"https:\/\/vapemaison.com\/fr\/politique-de-confidentialite\/\" \/>\n<meta property=\"og:locale\" content=\"fr_FR\" \/>\n<meta property=\"og:type\" content=\"article\" \/>\n<meta property=\"og:title\" content=\"Privacy Policy - VapeMaison\" \/>\n<meta property=\"og:description\" content=\"Read Vapemaison&#039;s Privacy Policy to understand how we collect, use, and protect your personal information. Your privacy is important to us, and we are committed to safeguarding your data.\" \/>\n<meta property=\"og:url\" content=\"https:\/\/vapemaison.com\/fr\/politique-de-confidentialite\/\" \/>\n<meta property=\"og:site_name\" content=\"VapeMaison\" \/>\n<meta property=\"article:modified_time\" content=\"2026-01-19T05:58:38+00:00\" \/>\n<meta name=\"twitter:card\" content=\"summary_large_image\" \/>\n<meta name=\"twitter:label1\" content=\"Dur\u00e9e de lecture estim\u00e9e\" \/>\n\t<meta name=\"twitter:data1\" content=\"4 minutes\" \/>\n<!-- \/ Yoast SEO plugin. -->","yoast_head_json":{"title":"Politique de confidentialit\u00e9 - VapeMaison","description":"Lisez la politique de confidentialit\u00e9 de Vapemaison pour comprendre comment nous collectons, utilisons et prot\u00e9geons vos informations personnelles. Votre vie priv\u00e9e est importante pour nous et nous nous engageons \u00e0 prot\u00e9ger vos donn\u00e9es.","robots":{"index":"index","follow":"follow","max-snippet":"max-snippet:-1","max-image-preview":"max-image-preview:large","max-video-preview":"max-video-preview:-1"},"canonical":"https:\/\/vapemaison.com\/fr\/politique-de-confidentialite\/","og_locale":"fr_FR","og_type":"article","og_title":"Privacy Policy - VapeMaison","og_description":"Read Vapemaison's Privacy Policy to understand how we collect, use, and protect your personal information. Your privacy is important to us, and we are committed to safeguarding your data.","og_url":"https:\/\/vapemaison.com\/fr\/politique-de-confidentialite\/","og_site_name":"VapeMaison","article_modified_time":"2026-01-19T05:58:38+00:00","twitter_card":"summary_large_image","twitter_misc":{"Dur\u00e9e de lecture estim\u00e9e":"4 minutes"},"schema":{"@context":"https:\/\/schema.org","@graph":[{"@type":"WebPage","@id":"https:\/\/vapemaison.com\/privacy-policy\/","url":"https:\/\/vapemaison.com\/privacy-policy\/","name":"Politique de confidentialit\u00e9 - VapeMaison","isPartOf":{"@id":"https:\/\/vapemaison.com\/#website"},"datePublished":"2025-10-13T08:13:32+00:00","dateModified":"2026-01-19T05:58:38+00:00","description":"Lisez la politique de confidentialit\u00e9 de Vapemaison pour comprendre comment nous collectons, utilisons et prot\u00e9geons vos informations personnelles. Votre vie priv\u00e9e est importante pour nous et nous nous engageons \u00e0 prot\u00e9ger vos donn\u00e9es.","breadcrumb":{"@id":"https:\/\/vapemaison.com\/privacy-policy\/#breadcrumb"},"inLanguage":"fr-FR","potentialAction":[{"@type":"ReadAction","target":["https:\/\/vapemaison.com\/privacy-policy\/"]}]},{"@type":"BreadcrumbList","@id":"https:\/\/vapemaison.com\/privacy-policy\/#breadcrumb","itemListElement":[{"@type":"ListItem","position":1,"name":"\u9996\u9875","item":"https:\/\/vapemaison.com\/"},{"@type":"ListItem","position":2,"name":"Privacy Policy"}]},{"@type":"WebSite","@id":"https:\/\/vapemaison.com\/#website","url":"https:\/\/vapemaison.com\/","name":"VapeMaison","description":"Appareils et accessoires de vapotage haut de gamme","publisher":{"@id":"https:\/\/vapemaison.com\/#organization"},"potentialAction":[{"@type":"SearchAction","target":{"@type":"EntryPoint","urlTemplate":"https:\/\/vapemaison.com\/?s={search_term_string}"},"query-input":{"@type":"PropertyValueSpecification","valueRequired":true,"valueName":"search_term_string"}}],"inLanguage":"fr-FR"},{"@type":"Organization","@id":"https:\/\/vapemaison.com\/#organization","name":"VapeMaison","url":"https:\/\/vapemaison.com\/","logo":{"@type":"ImageObject","inLanguage":"fr-FR","@id":"https:\/\/vapemaison.com\/#\/schema\/logo\/image\/","url":"https:\/\/vapemaison.com\/wp-content\/uploads\/2026\/01\/cropped-vapemaison-logo-g-2026.webp","contentUrl":"https:\/\/vapemaison.com\/wp-content\/uploads\/2026\/01\/cropped-vapemaison-logo-g-2026.webp","width":350,"height":280,"caption":"VapeMaison"},"image":{"@id":"https:\/\/vapemaison.com\/#\/schema\/logo\/image\/"},"sameAs":["https:\/\/www.youtube.com\/@VapeMaison"]}]}},"_links":{"self":[{"href":"https:\/\/vapemaison.com\/fr\/wp-json\/wp\/v2\/pages\/3","targetHints":{"allow":["GET"]}}],"collection":[{"href":"https:\/\/vapemaison.com\/fr\/wp-json\/wp\/v2\/pages"}],"about":[{"href":"https:\/\/vapemaison.com\/fr\/wp-json\/wp\/v2\/types\/page"}],"author":[{"embeddable":true,"href":"https:\/\/vapemaison.com\/fr\/wp-json\/wp\/v2\/users\/1"}],"replies":[{"embeddable":true,"href":"https:\/\/vapemaison.com\/fr\/wp-json\/wp\/v2\/comments?post=3"}],"version-history":[{"count":3,"href":"https:\/\/vapemaison.com\/fr\/wp-json\/wp\/v2\/pages\/3\/revisions"}],"predecessor-version":[{"id":26103,"href":"https:\/\/vapemaison.com\/fr\/wp-json\/wp\/v2\/pages\/3\/revisions\/26103"}],"wp:attachment":[{"href":"https:\/\/vapemaison.com\/fr\/wp-json\/wp\/v2\/media?parent=3"}],"curies":[{"name":"wp","href":"https:\/\/api.w.org\/{rel}","templated":true}]}}