

{"id":7263,"date":"2025-10-16T02:18:27","date_gmt":"2025-10-16T02:18:27","guid":{"rendered":"https:\/\/vapemaison.com\/?page_id=7263"},"modified":"2025-10-20T10:17:19","modified_gmt":"2025-10-20T10:17:19","slug":"faq","status":"publish","type":"page","link":"https:\/\/vapemaison.com\/fr\/faq\/","title":{"rendered":"FAQ"},"content":{"rendered":"<div data-elementor-type=\"wp-page\" data-elementor-id=\"7263\" class=\"elementor elementor-7263\">\n\t\t\t\t<div class=\"elementor-element elementor-element-430815d e-flex e-con-boxed e-con e-parent\" data-id=\"430815d\" data-element_type=\"container\" data-e-type=\"container\">\n\t\t\t\t\t<div class=\"e-con-inner\">\n\t\t\t\t<div class=\"elementor-element elementor-element-c9ff6f9 elementor-widget elementor-widget-spacer\" data-id=\"c9ff6f9\" data-element_type=\"widget\" data-e-type=\"widget\" data-widget_type=\"spacer.default\">\n\t\t\t\t\t\t\t<div class=\"elementor-spacer\">\n\t\t\t<div class=\"elementor-spacer-inner\"><\/div>\n\t\t<\/div>\n\t\t\t\t\t\t<\/div>\n\t\t\t\t<div class=\"elementor-element elementor-element-446aab8 elementor-widget elementor-widget-heading\" data-id=\"446aab8\" data-element_type=\"widget\" data-e-type=\"widget\" data-widget_type=\"heading.default\">\n\t\t\t\t\t<h2 class=\"elementor-heading-title elementor-size-default\">\ud83e\udde0 Questions g\u00e9n\u00e9rales<\/h2>\t\t\t\t<\/div>\n\t\t\t\t<div class=\"elementor-element elementor-element-3dcd08c elementor-widget elementor-widget-text-editor\" data-id=\"3dcd08c\" data-element_type=\"widget\" data-e-type=\"widget\" data-widget_type=\"text-editor.default\">\n\t\t\t\t\t\t\t\t\t<p data-start=\"149\" data-end=\"400\"><strong data-start=\"149\" data-end=\"180\">Q1 : Qu'est-ce qu'une e-cigarette ?<\/strong><br data-start=\"180\" data-end=\"183\" \/>Une e-cigarette est un appareil \u00e9lectronique qui chauffe un e-liquide pour produire de la vapeur. Elle offre une exp\u00e9rience similaire \u00e0 celle de la cigarette sans br\u00fbler de tabac, r\u00e9duisant ainsi la production de substances nocives comme le goudron et le monoxyde de carbone.<\/p><p data-start=\"402\" data-end=\"607\"><strong data-start=\"402\" data-end=\"443\">Q2 : Les e-cigarettes contiennent-elles de la nicotine ?<\/strong><br data-start=\"443\" data-end=\"446\" \/>Cela d\u00e9pend du e-liquide. Certains e-liquides contiennent de la nicotine, tandis que d'autres en sont totalement d\u00e9pourvus. Vous pouvez choisir en fonction de vos pr\u00e9f\u00e9rences personnelles.<\/p><p data-start=\"609\" data-end=\"852\"><strong data-start=\"609\" data-end=\"668\">Q3 : Les e-cigarettes sont-elles plus s\u00fbres que les cigarettes traditionnelles ?<\/strong><br data-start=\"668\" data-end=\"671\" \/>Les e-cigarettes sont consid\u00e9r\u00e9es comme une alternative moins nocive car elles n'impliquent pas de combustion. Cependant, elles ne sont pas totalement exemptes de risques et doivent \u00eatre utilis\u00e9es de mani\u00e8re responsable par les adultes.<\/p>\t\t\t\t\t\t\t\t<\/div>\n\t\t\t\t<div class=\"elementor-element elementor-element-a59c032 elementor-widget elementor-widget-spacer\" data-id=\"a59c032\" data-element_type=\"widget\" data-e-type=\"widget\" data-widget_type=\"spacer.default\">\n\t\t\t\t\t\t\t<div class=\"elementor-spacer\">\n\t\t\t<div class=\"elementor-spacer-inner\"><\/div>\n\t\t<\/div>\n\t\t\t\t\t\t<\/div>\n\t\t\t\t\t<\/div>\n\t\t\t\t<\/div>\n\t\t<div class=\"elementor-element elementor-element-beacd78 e-flex e-con-boxed e-con e-parent\" data-id=\"beacd78\" data-element_type=\"container\" data-e-type=\"container\">\n\t\t\t\t\t<div class=\"e-con-inner\">\n\t\t\t\t<div class=\"elementor-element elementor-element-d31b965 elementor-widget elementor-widget-heading\" data-id=\"d31b965\" data-element_type=\"widget\" data-e-type=\"widget\" data-widget_type=\"heading.default\">\n\t\t\t\t\t<h2 class=\"elementor-heading-title elementor-size-default\">\ud83d\udca8 Produit et utilisation<\/h2>\t\t\t\t<\/div>\n\t\t\t\t<div class=\"elementor-element elementor-element-7db7eb8 elementor-widget elementor-widget-text-editor\" data-id=\"7db7eb8\" data-element_type=\"widget\" data-e-type=\"widget\" data-widget_type=\"text-editor.default\">\n\t\t\t\t\t\t\t\t\t<p data-start=\"882\" data-end=\"1128\"><strong data-start=\"882\" data-end=\"924\">Q4 : Quelle est la dur\u00e9e de vie d'une e-cigarette ?<\/strong><br data-start=\"924\" data-end=\"927\" \/>Cela d\u00e9pend du type d'appareil et de vos habitudes de vapotage. Les vapes jetables durent g\u00e9n\u00e9ralement de quelques centaines \u00e0 quelques milliers de bouff\u00e9es, tandis que les appareils rechargeables peuvent \u00eatre utilis\u00e9s pendant des mois s'ils sont correctement entretenus.<\/p><p data-start=\"1130\" data-end=\"1317\"><strong data-start=\"1130\" data-end=\"1188\">Q5 : Comment savoir quand remplacer mon e-liquide ou ma bobine ?<\/strong><br data-start=\"1188\" data-end=\"1191\" \/>Si vous remarquez un go\u00fbt de br\u00fbl\u00e9, une r\u00e9duction de la production de vapeur ou une perte d'ar\u00f4me, il est temps de remplacer la bobine ou de recharger l'e-liquide.<\/p><p data-start=\"1319\" data-end=\"1523\"><strong data-start=\"1319\" data-end=\"1353\">Q6 : Puis-je voyager avec ma vape ?<\/strong><br data-start=\"1353\" data-end=\"1356\" \/>Oui, mais la plupart des compagnies a\u00e9riennes exigent que les e-cigarettes soient plac\u00e9es dans les bagages \u00e0 main et non dans les bagages enregistr\u00e9s. V\u00e9rifiez toujours la l\u00e9gislation locale avant de voyager avec des produits de vapotage.<\/p><p data-start=\"1525\" data-end=\"1706\"><strong data-start=\"1525\" data-end=\"1567\">Q7 : Comment dois-je conserver mon e-cigarette ?<\/strong><br data-start=\"1567\" data-end=\"1570\" \/>Conservez votre appareil dans un endroit frais et sec, \u00e0 l'abri de la lumi\u00e8re directe du soleil et des temp\u00e9ratures \u00e9lev\u00e9es. \u00c9vitez de le laisser dans une voiture ou \u00e0 proximit\u00e9 de sources de chaleur.<\/p>\t\t\t\t\t\t\t\t<\/div>\n\t\t\t\t<div class=\"elementor-element elementor-element-5171f67 elementor-widget elementor-widget-spacer\" data-id=\"5171f67\" data-element_type=\"widget\" data-e-type=\"widget\" data-widget_type=\"spacer.default\">\n\t\t\t\t\t\t\t<div class=\"elementor-spacer\">\n\t\t\t<div class=\"elementor-spacer-inner\"><\/div>\n\t\t<\/div>\n\t\t\t\t\t\t<\/div>\n\t\t\t\t\t<\/div>\n\t\t\t\t<\/div>\n\t\t<div class=\"elementor-element elementor-element-2c6899d e-flex e-con-boxed e-con e-parent\" data-id=\"2c6899d\" data-element_type=\"container\" data-e-type=\"container\">\n\t\t\t\t\t<div class=\"e-con-inner\">\n\t\t\t\t<div class=\"elementor-element elementor-element-d2fa517 elementor-widget elementor-widget-heading\" data-id=\"d2fa517\" data-element_type=\"widget\" data-e-type=\"widget\" data-widget_type=\"heading.default\">\n\t\t\t\t\t<h2 class=\"elementor-heading-title elementor-size-default\">\ud83d\ude9a Exp\u00e9dition et livraison<\/h2>\t\t\t\t<\/div>\n\t\t\t\t<div class=\"elementor-element elementor-element-d955f44 elementor-widget elementor-widget-text-editor\" data-id=\"d955f44\" data-element_type=\"widget\" data-e-type=\"widget\" data-widget_type=\"text-editor.default\">\n\t\t\t\t\t\t\t\t\t<p data-start=\"1740\" data-end=\"1888\"><strong data-start=\"1740\" data-end=\"1771\">Q8 : D'o\u00f9 venez-vous ?<\/strong><br data-start=\"1771\" data-end=\"1774\" \/>Nous exp\u00e9dions les commandes \u00e0 partir de nos entrep\u00f4ts de <strong data-start=\"1812\" data-end=\"1832\">Europe et Chine<\/strong>, En fonction de la disponibilit\u00e9 du produit et de votre situation g\u00e9ographique.<\/p><p data-start=\"1890\" data-end=\"2118\"><strong data-start=\"1890\" data-end=\"1926\">Q9 : Quel est le d\u00e9lai de livraison ?<\/strong><br data-start=\"1926\" data-end=\"1929\" \/>Les d\u00e9lais de livraison varient selon la destination. Les commandes provenant de notre <strong data-start=\"1981\" data-end=\"1997\">Entrep\u00f4t de l'UE<\/strong> arrivent g\u00e9n\u00e9ralement en <strong data-start=\"2018\" data-end=\"2039\">3-7 jours ouvrables<\/strong>, tandis que les commandes de nos <strong data-start=\"2063\" data-end=\"2082\">Entrep\u00f4t en Chine<\/strong> peut prendre <strong data-start=\"2092\" data-end=\"2115\">10-20 jours ouvrables<\/strong>.<\/p><p data-start=\"2120\" data-end=\"2286\"><strong data-start=\"2120\" data-end=\"2154\">Q10 : Comment puis-je suivre ma commande ?<\/strong><br data-start=\"2154\" data-end=\"2157\" \/>Une fois votre commande exp\u00e9di\u00e9e, nous vous enverrons un courrier \u00e9lectronique contenant un lien de suivi. Vous pouvez l'utiliser pour v\u00e9rifier l'\u00e9tat de votre livraison \u00e0 tout moment.<\/p>\t\t\t\t\t\t\t\t<\/div>\n\t\t\t\t<div class=\"elementor-element elementor-element-4f10566 elementor-widget elementor-widget-spacer\" data-id=\"4f10566\" data-element_type=\"widget\" data-e-type=\"widget\" data-widget_type=\"spacer.default\">\n\t\t\t\t\t\t\t<div class=\"elementor-spacer\">\n\t\t\t<div class=\"elementor-spacer-inner\"><\/div>\n\t\t<\/div>\n\t\t\t\t\t\t<\/div>\n\t\t\t\t\t<\/div>\n\t\t\t\t<\/div>\n\t\t<div class=\"elementor-element elementor-element-0b8c973 e-flex e-con-boxed e-con e-parent\" data-id=\"0b8c973\" data-element_type=\"container\" data-e-type=\"container\">\n\t\t\t\t\t<div class=\"e-con-inner\">\n\t\t\t\t<div class=\"elementor-element elementor-element-c41f431 elementor-widget elementor-widget-heading\" data-id=\"c41f431\" data-element_type=\"widget\" data-e-type=\"widget\" data-widget_type=\"heading.default\">\n\t\t\t\t\t<h2 class=\"elementor-heading-title elementor-size-default\">\ud83d\udd12 S\u00e9curit\u00e9 et politiques<\/h2>\t\t\t\t<\/div>\n\t\t\t\t<div class=\"elementor-element elementor-element-c02cd61 elementor-widget elementor-widget-text-editor\" data-id=\"c02cd61\" data-element_type=\"widget\" data-e-type=\"widget\" data-widget_type=\"text-editor.default\">\n\t\t\t\t\t\t\t\t\t<p data-start=\"2318\" data-end=\"2454\"><strong data-start=\"2318\" data-end=\"2355\">Q11 : Les mineurs peuvent-ils acheter des e-cigarettes ?<\/strong><br data-start=\"2355\" data-end=\"2358\" \/>Non. Nos produits sont destin\u00e9s <strong data-start=\"2388\" data-end=\"2413\">uniquement pour les adultes (18+)<\/strong>. Nous interdisons strictement la vente aux mineurs.<\/p><p data-start=\"2456\" data-end=\"2665\"><strong data-start=\"2456\" data-end=\"2507\">Q12 : Que dois-je faire si ma vape ne fonctionne pas ?<\/strong><br data-start=\"2507\" data-end=\"2510\" \/>Veuillez v\u00e9rifier que la batterie est charg\u00e9e et correctement connect\u00e9e. Si le probl\u00e8me persiste, contactez notre service client\u00e8le pour obtenir de l'aide ou des options de remplacement.<\/p><p data-start=\"2667\" data-end=\"2860\"><strong data-start=\"2667\" data-end=\"2714\">Q13 : Quelle est votre politique de retour et de remboursement ?<\/strong><br data-start=\"2714\" data-end=\"2717\" \/>Nous acceptons les retours dans un d\u00e9lai de <strong data-start=\"2742\" data-end=\"2753\">14 jours<\/strong> de livraison pour les articles non utilis\u00e9s et non ouverts. Veuillez contacter notre \u00e9quipe d'assistance avant de retourner un produit. <a href=\"https:\/\/vapemaison.com\/refund_returns\/\">la politique de remboursement et de retour<\/a> pour plus de d\u00e9tails.<\/p><p data-start=\"2862\" data-end=\"3040\"><strong data-start=\"2862\" data-end=\"2897\">Q14 : Vos produits sont-ils authentiques ?<\/strong><br data-start=\"2897\" data-end=\"2900\" \/>Oui. Tous nos e-cigarettes et e-liquides proviennent de <strong data-start=\"2950\" data-end=\"2988\">fabricants v\u00e9rifi\u00e9s et autoris\u00e9s<\/strong>. Nous ne vendons pas de produits contrefaits ou non test\u00e9s.<\/p>\t\t\t\t\t\t\t\t<\/div>\n\t\t\t\t<div class=\"elementor-element elementor-element-7b5a055 elementor-widget elementor-widget-spacer\" data-id=\"7b5a055\" data-element_type=\"widget\" data-e-type=\"widget\" data-widget_type=\"spacer.default\">\n\t\t\t\t\t\t\t<div class=\"elementor-spacer\">\n\t\t\t<div class=\"elementor-spacer-inner\"><\/div>\n\t\t<\/div>\n\t\t\t\t\t\t<\/div>\n\t\t\t\t\t<\/div>\n\t\t\t\t<\/div>\n\t\t<div class=\"elementor-element elementor-element-b712fe9 e-flex e-con-boxed e-con e-parent\" data-id=\"b712fe9\" data-element_type=\"container\" data-e-type=\"container\">\n\t\t\t\t\t<div class=\"e-con-inner\">\n\t\t\t\t<div class=\"elementor-element elementor-element-f6dbeab elementor-widget elementor-widget-heading\" data-id=\"f6dbeab\" data-element_type=\"widget\" data-e-type=\"widget\" data-widget_type=\"heading.default\">\n\t\t\t\t\t<h2 class=\"elementor-heading-title elementor-size-default\">\u2764\ufe0f Sant\u00e9 et responsabilit\u00e9<\/h2>\t\t\t\t<\/div>\n\t\t\t\t<div class=\"elementor-element elementor-element-f2572f6 elementor-widget elementor-widget-text-editor\" data-id=\"f2572f6\" data-element_type=\"widget\" data-e-type=\"widget\" data-widget_type=\"text-editor.default\">\n\t\t\t\t\t\t\t\t\t<p data-start=\"3078\" data-end=\"3325\"><strong data-start=\"3078\" data-end=\"3125\">Q15 : Les e-cigarettes peuvent-elles m'aider \u00e0 arr\u00eater de fumer ?<\/strong><br data-start=\"3125\" data-end=\"3128\" \/>De nombreux utilisateurs adoptent l'e-cigarette pour r\u00e9duire leur consommation de tabac ou arr\u00eater de fumer, mais les r\u00e9sultats varient d'une personne \u00e0 l'autre. Pour des conseils m\u00e9dicaux ou des plans d'arr\u00eat personnalis\u00e9s, nous recommandons de consulter un professionnel de la sant\u00e9.<\/p><p data-start=\"3327\" data-end=\"3489\"><strong data-start=\"3327\" data-end=\"3375\">Q16 : Vos produits sont-ils sans danger pour les non-fumeurs ?<\/strong><br data-start=\"3375\" data-end=\"3378\" \/>Les e-cigarettes sont con\u00e7ues pour les fumeurs adultes ou les consommateurs de nicotine. Elles ne sont pas destin\u00e9es aux non-fumeurs, aux femmes enceintes ou aux mineurs.<\/p>\t\t\t\t\t\t\t\t<\/div>\n\t\t\t\t<div class=\"elementor-element elementor-element-3ad2735 elementor-widget elementor-widget-spacer\" data-id=\"3ad2735\" data-element_type=\"widget\" data-e-type=\"widget\" data-widget_type=\"spacer.default\">\n\t\t\t\t\t\t\t<div class=\"elementor-spacer\">\n\t\t\t<div class=\"elementor-spacer-inner\"><\/div>\n\t\t<\/div>\n\t\t\t\t\t\t<\/div>\n\t\t\t\t\t<\/div>\n\t\t\t\t<\/div>\n\t\t<div class=\"elementor-element elementor-element-d5cf795 e-flex e-con-boxed e-con e-parent\" data-id=\"d5cf795\" data-element_type=\"container\" data-e-type=\"container\">\n\t\t\t\t\t<div class=\"e-con-inner\">\n\t\t\t\t<div class=\"elementor-element elementor-element-36f85ab elementor-widget elementor-widget-text-editor\" data-id=\"36f85ab\" data-element_type=\"widget\" data-e-type=\"widget\" data-widget_type=\"text-editor.default\">\n\t\t\t\t\t\t\t\t\t<p data-start=\"407\" data-end=\"520\"><strong>Vous avez d'autres questions ? Ne vous inqui\u00e9tez pas, notre \u00e9quipe d'assistance est disponible 24 heures sur 24 pour vous aider.<\/strong><\/p>\t\t\t\t\t\t\t\t<\/div>\n\t\t\t\t\t<\/div>\n\t\t\t\t<\/div>\n\t\t\t\t<\/div>","protected":false},"excerpt":{"rendered":"<p>\ud83e\udde0 General Questions Q1: What is an e-cigarette?An e-cigarette is an electronic device that heats e-liquid to produce vapor. It provides a smoking-like experience without burning tobacco, reducing the production of harmful substances like tar and carbon monoxide. Q2: Do e-cigarettes contain nicotine?That depends on the e-liquid. Some e-liquids contain nicotine, while others are completely [&hellip;]<\/p>\n","protected":false},"author":1,"featured_media":0,"parent":0,"menu_order":0,"comment_status":"closed","ping_status":"closed","template":"","meta":{"footnotes":""},"class_list":["post-7263","page","type-page","status-publish","hentry"],"yoast_head":"<!-- This site is optimized with the Yoast SEO plugin v27.4 - https:\/\/yoast.com\/product\/yoast-seo-wordpress\/ -->\n<title>FAQ - VapeMaison<\/title>\n<meta name=\"robots\" content=\"index, follow, max-snippet:-1, max-image-preview:large, max-video-preview:-1\" \/>\n<link rel=\"canonical\" href=\"https:\/\/vapemaison.com\/fr\/faq\/\" \/>\n<meta property=\"og:locale\" content=\"fr_FR\" \/>\n<meta property=\"og:type\" content=\"article\" \/>\n<meta property=\"og:title\" content=\"FAQ - VapeMaison\" \/>\n<meta property=\"og:description\" content=\"\ud83e\udde0 General Questions Q1: What is an e-cigarette?An e-cigarette is an electronic device that heats e-liquid to produce vapor. It provides a smoking-like experience without burning tobacco, reducing the production of harmful substances like tar and carbon monoxide. Q2: Do e-cigarettes contain nicotine?That depends on the e-liquid. Some e-liquids contain nicotine, while others are completely [&hellip;]\" \/>\n<meta property=\"og:url\" content=\"https:\/\/vapemaison.com\/fr\/faq\/\" \/>\n<meta property=\"og:site_name\" content=\"VapeMaison\" \/>\n<meta property=\"article:modified_time\" content=\"2025-10-20T10:17:19+00:00\" \/>\n<meta name=\"twitter:card\" content=\"summary_large_image\" \/>\n<meta name=\"twitter:label1\" content=\"Dur\u00e9e de lecture estim\u00e9e\" \/>\n\t<meta name=\"twitter:data1\" content=\"1 minute\" \/>\n<!-- \/ Yoast SEO plugin. -->","yoast_head_json":{"title":"FAQ - VapeMaison","robots":{"index":"index","follow":"follow","max-snippet":"max-snippet:-1","max-image-preview":"max-image-preview:large","max-video-preview":"max-video-preview:-1"},"canonical":"https:\/\/vapemaison.com\/fr\/faq\/","og_locale":"fr_FR","og_type":"article","og_title":"FAQ - VapeMaison","og_description":"\ud83e\udde0 General Questions Q1: What is an e-cigarette?An e-cigarette is an electronic device that heats e-liquid to produce vapor. It provides a smoking-like experience without burning tobacco, reducing the production of harmful substances like tar and carbon monoxide. Q2: Do e-cigarettes contain nicotine?That depends on the e-liquid. Some e-liquids contain nicotine, while others are completely [&hellip;]","og_url":"https:\/\/vapemaison.com\/fr\/faq\/","og_site_name":"VapeMaison","article_modified_time":"2025-10-20T10:17:19+00:00","twitter_card":"summary_large_image","twitter_misc":{"Dur\u00e9e de lecture estim\u00e9e":"1 minute"},"schema":{"@context":"https:\/\/schema.org","@graph":[{"@type":"WebPage","@id":"https:\/\/vapemaison.com\/faq\/","url":"https:\/\/vapemaison.com\/faq\/","name":"FAQ - VapeMaison","isPartOf":{"@id":"https:\/\/vapemaison.com\/#website"},"datePublished":"2025-10-16T02:18:27+00:00","dateModified":"2025-10-20T10:17:19+00:00","breadcrumb":{"@id":"https:\/\/vapemaison.com\/faq\/#breadcrumb"},"inLanguage":"fr-FR","potentialAction":[{"@type":"ReadAction","target":["https:\/\/vapemaison.com\/faq\/"]}]},{"@type":"BreadcrumbList","@id":"https:\/\/vapemaison.com\/faq\/#breadcrumb","itemListElement":[{"@type":"ListItem","position":1,"name":"\u9996\u9875","item":"https:\/\/vapemaison.com\/"},{"@type":"ListItem","position":2,"name":"FAQ"}]},{"@type":"WebSite","@id":"https:\/\/vapemaison.com\/#website","url":"https:\/\/vapemaison.com\/","name":"VapeMaison","description":"Appareils et accessoires de vapotage haut de gamme","publisher":{"@id":"https:\/\/vapemaison.com\/#organization"},"potentialAction":[{"@type":"SearchAction","target":{"@type":"EntryPoint","urlTemplate":"https:\/\/vapemaison.com\/?s={search_term_string}"},"query-input":{"@type":"PropertyValueSpecification","valueRequired":true,"valueName":"search_term_string"}}],"inLanguage":"fr-FR"},{"@type":"Organization","@id":"https:\/\/vapemaison.com\/#organization","name":"VapeMaison","url":"https:\/\/vapemaison.com\/","logo":{"@type":"ImageObject","inLanguage":"fr-FR","@id":"https:\/\/vapemaison.com\/#\/schema\/logo\/image\/","url":"https:\/\/vapemaison.com\/wp-content\/uploads\/2026\/01\/cropped-vapemaison-logo-g-2026.webp","contentUrl":"https:\/\/vapemaison.com\/wp-content\/uploads\/2026\/01\/cropped-vapemaison-logo-g-2026.webp","width":350,"height":280,"caption":"VapeMaison"},"image":{"@id":"https:\/\/vapemaison.com\/#\/schema\/logo\/image\/"},"sameAs":["https:\/\/www.youtube.com\/@VapeMaison"]}]}},"_links":{"self":[{"href":"https:\/\/vapemaison.com\/fr\/wp-json\/wp\/v2\/pages\/7263","targetHints":{"allow":["GET"]}}],"collection":[{"href":"https:\/\/vapemaison.com\/fr\/wp-json\/wp\/v2\/pages"}],"about":[{"href":"https:\/\/vapemaison.com\/fr\/wp-json\/wp\/v2\/types\/page"}],"author":[{"embeddable":true,"href":"https:\/\/vapemaison.com\/fr\/wp-json\/wp\/v2\/users\/1"}],"replies":[{"embeddable":true,"href":"https:\/\/vapemaison.com\/fr\/wp-json\/wp\/v2\/comments?post=7263"}],"version-history":[{"count":0,"href":"https:\/\/vapemaison.com\/fr\/wp-json\/wp\/v2\/pages\/7263\/revisions"}],"wp:attachment":[{"href":"https:\/\/vapemaison.com\/fr\/wp-json\/wp\/v2\/media?parent=7263"}],"curies":[{"name":"wp","href":"https:\/\/api.w.org\/{rel}","templated":true}]}}