

{"id":11217,"date":"2025-11-11T06:33:43","date_gmt":"2025-11-11T06:33:43","guid":{"rendered":"https:\/\/vapemaison.com\/?post_type=product&#038;p=11217"},"modified":"2025-11-21T08:53:49","modified_gmt":"2025-11-21T08:53:49","slug":"vozol-star-20000-puffs-vape","status":"publish","type":"product","link":"https:\/\/vapemaison.com\/fr\/product\/vozol-star-20000-puffs-vape\/","title":{"rendered":"VOZOL STAR 20000 | Vozol star 20k PUFF 5%"},"content":{"rendered":"<h3 class=\"wp-block-heading\"><strong>Vozol Star 20000 Puffs Dual Power - L'exp\u00e9rience ultime du vapotage<\/strong><\/h3>\n\n\n\n<p><strong>Vozol Star 20000 bouff\u00e9es Dual Power<\/strong> red\u00e9finit les vapes jetables gr\u00e2ce \u00e0 une technologie r\u00e9volutionnaire, offrant <strong>20k houppette<\/strong> pour une exp\u00e9rience de vapotage in\u00e9gal\u00e9e et de longue dur\u00e9e. Caract\u00e9ristiques <strong>Technologie de double alimentation<\/strong>, Il garantit une saveur constante et des bouff\u00e9es douces de la premi\u00e8re \u00e0 la derni\u00e8re bouff\u00e9e, ce qui en fait le choix id\u00e9al pour les vapoteurs qui recherchent la commodit\u00e9, la qualit\u00e9 et la performance.<\/p>\n\n\n\n<h3 class=\"wp-block-heading\"><strong>Pourquoi choisir Vozol Star 20000 Puffs Dual Power ?<\/strong><\/h3>\n\n\n\n<ul class=\"wp-block-list\">\n<li><strong>Performance durable<\/strong>: Avec une incroyable <strong>20000 bouff\u00e9es<\/strong>, La Vape<strong> Double puissance<\/strong> est con\u00e7u pour vous permettre de tenir plus longtemps, ce qui en fait un choix rentable pour les fumeurs s\u00e9rieux.<\/li>\n\n\n\n<li><strong>Savoureux et doux<\/strong>: La technologie Dual Power garantit que chaque bouff\u00e9e est aussi fra\u00eeche et satisfaisante que la premi\u00e8re. <strong>saveurs douces et riches<\/strong> pendant toute la dur\u00e9e de vie de l'appareil.<\/li>\n\n\n\n<li><strong>Parfait pour les d\u00e9placements<\/strong>: Gr\u00e2ce \u00e0 sa conception compacte et ergonomique, le <strong>Vozol Star<\/strong> facile \u00e0 transporter et parfait pour <strong>vaping anywhere<\/strong>.<\/li>\n\n\n\n<li><strong>Livraison sans souci<\/strong>: Appr\u00e9cier <strong>livraison rapide de vape \u00e0 Duba\u00ef<\/strong> avec Vape King DXB, le meilleur du vapotage \u00e0 votre porte.<\/li>\n<\/ul>\n\n\n\n<h3 class=\"wp-block-heading\">Vozol star 20k <strong>Caract\u00e9ristiques principales<\/strong><\/h3>\n\n\n\n<ul class=\"wp-block-list\">\n<li><strong>Nombre de bouff\u00e9es in\u00e9gal\u00e9<\/strong>:<br>Avec <strong>20 000 bouff\u00e9es<\/strong>, le <strong>Vozol Star 20000 bouff\u00e9es Dual Power<\/strong> se distingue sur le march\u00e9 comme l'une des vapes jetables les plus durables, parfaite pour les vapoteurs qui souhaitent une utilisation prolong\u00e9e sans sacrifier la saveur ou la performance.<\/li>\n\n\n\n<li><strong>Technologie de double alimentation<\/strong>:<br>Le <strong>Double puissance<\/strong> stabilise la sortie, offrant des performances constantes \u00e0 chaque bouff\u00e9e. Vivez une exp\u00e9rience de vaporisation fluide et ininterrompue, avec une saveur riche qui ne s'estompe jamais.<\/li>\n\n\n\n<li><strong>Design compact et \u00e9l\u00e9gant<\/strong>:<br>Le <strong>Vozol Star<\/strong> se pr\u00e9sente sous une forme \u00e9l\u00e9gante et portable qui tient confortablement dans la main et se glisse facilement dans la poche. Emportez-le avec vous o\u00f9 que vous alliez, pour une exp\u00e9rience de vapotage de qualit\u00e9 en d\u00e9placement.<\/li>\n\n\n\n<li><strong>Qualit\u00e9 de construction sup\u00e9rieure<\/strong>:<br>Fabriqu\u00e9 avec des mat\u00e9riaux de haute qualit\u00e9, le <strong>Vozol Star 20000 bouff\u00e9es<\/strong> offre \u00e0 la fois durabilit\u00e9 et fiabilit\u00e9, garantissant une performance durable, m\u00eame en cas d'utilisation fr\u00e9quente.<\/li>\n\n\n\n<li><strong>Livraison de vapes \u00e0 Duba\u00ef<\/strong>:<br>Obtenir le <strong>Vozol Star 20000 bouff\u00e9es Dual Power<\/strong> livr\u00e9s directement \u00e0 votre porte \u00e0 Duba\u00ef gr\u00e2ce \u00e0 des services de livraison de vape rapides, s\u00e9curis\u00e9s et sans tracas. Ne soyez plus jamais \u00e0 court de votre appareil pr\u00e9f\u00e9r\u00e9 - Vape King DXB vous garantit l'acc\u00e8s \u00e0 des produits de vapotage de premier ordre \u00e0 votre convenance.<\/li>\n<\/ul>\n\n\n\n<h3 class=\"wp-block-heading\"><strong>Saveurs disponibles<\/strong><\/h3>\n\n\n\n<p>Savourez une large gamme de saveurs d\u00e9licieuses et rafra\u00eechissantes avec le <strong>Vozol Star 20000 bouff\u00e9es Dual Power<\/strong>. Que vous pr\u00e9f\u00e9riez les m\u00e9langes fruit\u00e9s, glac\u00e9s ou classiques, il y en a pour tous les go\u00fbts :<\/p>\n\n\n\n<ul class=\"wp-block-list\">\n<li><strong>Glace \u00e0 la past\u00e8que<\/strong><\/li>\n\n\n\n<li><strong>Glace de raisin<\/strong><\/li>\n\n\n\n<li><strong>Glace \u00e0 la mangue<\/strong><\/li>\n\n\n\n<li><strong>Glace double pomme<\/strong><\/li>\n\n\n\n<li><strong>Fraise Kiwi<\/strong><\/li>\n\n\n\n<li><strong>Melon d'eau \u00e0 la framboise<\/strong><\/li>\n\n\n\n<li><strong>Glace Blue Razz<\/strong><\/li>\n\n\n\n<li><strong>Fraise Mangue<\/strong><\/li>\n\n\n\n<li><strong>Mangue P\u00eache Past\u00e8que<\/strong><\/li>\n\n\n\n<li><strong>Cola \u00e0 la cerise<\/strong><\/li>\n\n\n\n<li><strong>Glace \u00e0 la p\u00eache juteuse<\/strong><\/li>\n\n\n\n<li><strong>Dragon Strawnana<\/strong><\/li>\n\n\n\n<li><strong>Baies m\u00e9lang\u00e9es<\/strong><\/li>\n\n\n\n<li><strong>Citron vert<\/strong><\/li>\n\n\n\n<li><strong>Explosion tropicale<\/strong><\/li>\n\n\n\n<li><strong>Temp\u00eate de myrtilles<\/strong><\/li>\n\n\n\n<li><strong>Parfum Citron<\/strong><\/li>\n\n\n\n<li><strong>Orange Ananas Lychee<\/strong><\/li>\n\n\n\n<li><strong>Amour 777<\/strong><\/li>\n\n\n\n<li><strong>Framboise Pomme Past\u00e8que Ananas<\/strong><\/li>\n<\/ul>\n\n\n\n<h3 class=\"wp-block-heading\"><strong>Commandez maintenant et d\u00e9couvrez la meilleure technologie de vapotage<\/strong><\/h3>\n\n\n\n<p>Le <strong>Vozol Star 20000 bouff\u00e9es Dual Power<\/strong> est disponible d\u00e8s maintenant \u00e0 l'adresse suivante <strong>Vape King DXB<\/strong>. Appr\u00e9ciez <strong>des bouff\u00e9es de longue dur\u00e9e<\/strong>, La vapoteuse est un appareil qui vous permet d'obtenir un go\u00fbt exceptionnel et une commodit\u00e9 imbattable, le tout dans un seul appareil. Commandez d\u00e8s aujourd'hui et am\u00e9liorez votre jeu de vapotage !<\/p>\n\n\n\n<p>Vous pouvez visiter d'autres produits de la marque vozol, ou consulter la rubrique \u00e9galement bien-aim\u00e9e Vous pouvez visiter d'autres produits de la marque vozol, ou consulter la rubrique \u00e9galement bien-aim\u00e9e. <strong><a href=\"https:\/\/vapemaison.com\/brand\/vozol\/\">Marque VOZOL<\/a><\/strong>, ou encore le tout aussi aim\u00e9<strong> <a href=\"https:\/\/vapemaison.com\/product\/vozol-vista-20000-puff-vape\/\">VOZOL VISTA 20000<\/a><\/strong>.<\/p>\n\n\n\n<p><\/p>","protected":false},"excerpt":{"rendered":"<p data-start=\"3955\" data-end=\"4211\">Exp\u00e9rience <strong data-start=\"3966\" data-end=\"3982\">20 000 bouff\u00e9es<\/strong> avec le <strong data-start=\"3992\" data-end=\"4029\">Vozol Star 20000 bouff\u00e9es Dual Power<\/strong>, avec <strong data-start=\"4041\" data-end=\"4066\">Technologie de double alimentation<\/strong> pour des performances constantes et une saveur douce. Compact, durable et disponible en <strong data-start=\"4148\" data-end=\"4171\">24 saveurs passionnantes<\/strong>. Livraison rapide et pratique \u00e0 VapeMaison.<\/p>","protected":false},"featured_media":11254,"comment_status":"open","ping_status":"closed","template":"","meta":[],"product_brand":[178],"product_cat":[133],"product_tag":[],"class_list":{"0":"post-11217","1":"product","2":"type-product","3":"status-publish","4":"has-post-thumbnail","6":"product_brand-vozol","7":"product_cat-20k-puffs","9":"first","10":"instock","11":"sale","12":"shipping-taxable","13":"purchasable","14":"product-type-variable"},"yoast_head":"<!-- This site is optimized with the Yoast SEO plugin v27.4 - https:\/\/yoast.com\/product\/yoast-seo-wordpress\/ -->\n<title>Vozol Star 20000 Puffs Dual Power Vape \u2013vozol star 20k Puffs<\/title>\n<meta name=\"description\" content=\"Discover the Vozol Star 20000 Puffs Dual Power, . Available in 24 flavors and ideal for on-the-go use, delivering a vaping experience anytime, anywhere.\" \/>\n<meta name=\"robots\" content=\"index, follow, max-snippet:-1, max-image-preview:large, max-video-preview:-1\" \/>\n<link rel=\"canonical\" href=\"https:\/\/vapemaison.com\/fr\/produit\/vozol-star-20000-puffs-vape\/\" \/>\n<meta property=\"og:locale\" content=\"fr_FR\" \/>\n<meta property=\"og:type\" content=\"article\" \/>\n<meta property=\"og:title\" content=\"Vozol Star 20000 Puffs Dual Power Vape \u2013vozol star 20k Puffs\" \/>\n<meta property=\"og:description\" content=\"Discover the Vozol Star 20000 Puffs Dual Power, . Available in 24 flavors and ideal for on-the-go use, delivering a vaping experience anytime, anywhere.\" \/>\n<meta property=\"og:url\" content=\"https:\/\/vapemaison.com\/fr\/produit\/vozol-star-20000-puffs-vape\/\" \/>\n<meta property=\"og:site_name\" content=\"VapeMaison\" \/>\n<meta property=\"article:modified_time\" content=\"2025-11-21T08:53:49+00:00\" \/>\n<meta property=\"og:image\" content=\"https:\/\/vapemaison.com\/wp-content\/uploads\/2025\/11\/vozol-star-20000-perfume-lemon-r8t8017-1.jpg\" \/>\n\t<meta property=\"og:image:width\" content=\"2048\" \/>\n\t<meta property=\"og:image:height\" content=\"1969\" \/>\n\t<meta property=\"og:image:type\" content=\"image\/jpeg\" \/>\n<meta name=\"twitter:card\" content=\"summary_large_image\" \/>\n<meta name=\"twitter:label1\" content=\"Dur\u00e9e de lecture estim\u00e9e\" \/>\n\t<meta name=\"twitter:data1\" content=\"3 minutes\" \/>\n<!-- \/ Yoast SEO plugin. -->","yoast_head_json":{"title":"Vozol Star 20000 Puffs Dual Power Vape -vozol star 20k Puffs","description":"D\u00e9couvrez le Vozol Star 20000 Puffs Dual Power, . Disponible en 24 saveurs et id\u00e9al pour une utilisation nomade, il offre une exp\u00e9rience de vapotage \u00e0 tout moment et en tout lieu.","robots":{"index":"index","follow":"follow","max-snippet":"max-snippet:-1","max-image-preview":"max-image-preview:large","max-video-preview":"max-video-preview:-1"},"canonical":"https:\/\/vapemaison.com\/fr\/produit\/vozol-star-20000-puffs-vape\/","og_locale":"fr_FR","og_type":"article","og_title":"Vozol Star 20000 Puffs Dual Power Vape \u2013vozol star 20k Puffs","og_description":"Discover the Vozol Star 20000 Puffs Dual Power, . Available in 24 flavors and ideal for on-the-go use, delivering a vaping experience anytime, anywhere.","og_url":"https:\/\/vapemaison.com\/fr\/produit\/vozol-star-20000-puffs-vape\/","og_site_name":"VapeMaison","article_modified_time":"2025-11-21T08:53:49+00:00","og_image":[{"width":2048,"height":1969,"url":"https:\/\/vapemaison.com\/wp-content\/uploads\/2025\/11\/vozol-star-20000-perfume-lemon-r8t8017-1.jpg","type":"image\/jpeg"}],"twitter_card":"summary_large_image","twitter_misc":{"Dur\u00e9e de lecture estim\u00e9e":"3 minutes"},"schema":{"@context":"https:\/\/schema.org","@graph":[{"@type":"WebPage","@id":"https:\/\/vapemaison.com\/product\/vozol-star-20000-puffs-vape\/","url":"https:\/\/vapemaison.com\/product\/vozol-star-20000-puffs-vape\/","name":"Vozol Star 20000 Puffs Dual Power Vape -vozol star 20k Puffs","isPartOf":{"@id":"https:\/\/vapemaison.com\/#website"},"primaryImageOfPage":{"@id":"https:\/\/vapemaison.com\/product\/vozol-star-20000-puffs-vape\/#primaryimage"},"image":{"@id":"https:\/\/vapemaison.com\/product\/vozol-star-20000-puffs-vape\/#primaryimage"},"thumbnailUrl":"https:\/\/vapemaison.com\/wp-content\/uploads\/2025\/11\/vozol-star-20000-perfume-lemon-r8t8017-1.jpg","datePublished":"2025-11-11T06:33:43+00:00","dateModified":"2025-11-21T08:53:49+00:00","description":"D\u00e9couvrez le Vozol Star 20000 Puffs Dual Power, . Disponible en 24 saveurs et id\u00e9al pour une utilisation nomade, il offre une exp\u00e9rience de vapotage \u00e0 tout moment et en tout lieu.","breadcrumb":{"@id":"https:\/\/vapemaison.com\/product\/vozol-star-20000-puffs-vape\/#breadcrumb"},"inLanguage":"fr-FR","potentialAction":[{"@type":"ReadAction","target":["https:\/\/vapemaison.com\/product\/vozol-star-20000-puffs-vape\/"]}]},{"@type":"ImageObject","inLanguage":"fr-FR","@id":"https:\/\/vapemaison.com\/product\/vozol-star-20000-puffs-vape\/#primaryimage","url":"https:\/\/vapemaison.com\/wp-content\/uploads\/2025\/11\/vozol-star-20000-perfume-lemon-r8t8017-1.jpg","contentUrl":"https:\/\/vapemaison.com\/wp-content\/uploads\/2025\/11\/vozol-star-20000-perfume-lemon-r8t8017-1.jpg","width":2048,"height":1969,"caption":"Vozol Star Perfume Lemon R8t Disposable Vape Device"},{"@type":"BreadcrumbList","@id":"https:\/\/vapemaison.com\/product\/vozol-star-20000-puffs-vape\/#breadcrumb","itemListElement":[{"@type":"ListItem","position":1,"name":"\u9996\u9875","item":"https:\/\/vapemaison.com\/"},{"@type":"ListItem","position":2,"name":"Shop","item":"https:\/\/vapemaison.com\/shop\/"},{"@type":"ListItem","position":3,"name":"Vozol","item":"https:\/\/vapemaison.com\/brand\/vozol\/"},{"@type":"ListItem","position":4,"name":"VOZOL STAR 20000 | Vozol star 20k PUFF 5%"}]},{"@type":"WebSite","@id":"https:\/\/vapemaison.com\/#website","url":"https:\/\/vapemaison.com\/","name":"VapeMaison","description":"Appareils et accessoires de vapotage haut de gamme","publisher":{"@id":"https:\/\/vapemaison.com\/#organization"},"potentialAction":[{"@type":"SearchAction","target":{"@type":"EntryPoint","urlTemplate":"https:\/\/vapemaison.com\/?s={search_term_string}"},"query-input":{"@type":"PropertyValueSpecification","valueRequired":true,"valueName":"search_term_string"}}],"inLanguage":"fr-FR"},{"@type":"Organization","@id":"https:\/\/vapemaison.com\/#organization","name":"VapeMaison","url":"https:\/\/vapemaison.com\/","logo":{"@type":"ImageObject","inLanguage":"fr-FR","@id":"https:\/\/vapemaison.com\/#\/schema\/logo\/image\/","url":"https:\/\/vapemaison.com\/wp-content\/uploads\/2026\/01\/cropped-vapemaison-logo-g-2026.webp","contentUrl":"https:\/\/vapemaison.com\/wp-content\/uploads\/2026\/01\/cropped-vapemaison-logo-g-2026.webp","width":350,"height":280,"caption":"VapeMaison"},"image":{"@id":"https:\/\/vapemaison.com\/#\/schema\/logo\/image\/"},"sameAs":["https:\/\/www.youtube.com\/@VapeMaison"]}]}},"tiered_pricing_type":"fixed","tiered_pricing_fixed_rules":{"30":"11.24","50":"10.36","100":"9.56","200":"8.47"},"tiered_pricing_product_settings":{"layout":"default","base_unit_name":{"singular":null,"plural":null},"default_variation":null},"tiered_pricing_minimum_quantity":10,"tiered_pricing_roles_data":[],"tiered_pricing_percentage_rules":[],"tiered_pricing_maximum_quantity":null,"tiered_pricing_quantity_step":"10","_links":{"self":[{"href":"https:\/\/vapemaison.com\/fr\/wp-json\/wp\/v2\/product\/11217","targetHints":{"allow":["GET"]}}],"collection":[{"href":"https:\/\/vapemaison.com\/fr\/wp-json\/wp\/v2\/product"}],"about":[{"href":"https:\/\/vapemaison.com\/fr\/wp-json\/wp\/v2\/types\/product"}],"replies":[{"embeddable":true,"href":"https:\/\/vapemaison.com\/fr\/wp-json\/wp\/v2\/comments?post=11217"}],"version-history":[{"count":0,"href":"https:\/\/vapemaison.com\/fr\/wp-json\/wp\/v2\/product\/11217\/revisions"}],"wp:featuredmedia":[{"embeddable":true,"href":"https:\/\/vapemaison.com\/fr\/wp-json\/wp\/v2\/media\/11254"}],"wp:attachment":[{"href":"https:\/\/vapemaison.com\/fr\/wp-json\/wp\/v2\/media?parent=11217"}],"wp:term":[{"taxonomy":"product_brand","embeddable":true,"href":"https:\/\/vapemaison.com\/fr\/wp-json\/wp\/v2\/product_brand?post=11217"},{"taxonomy":"product_cat","embeddable":true,"href":"https:\/\/vapemaison.com\/fr\/wp-json\/wp\/v2\/product_cat?post=11217"},{"taxonomy":"product_tag","embeddable":true,"href":"https:\/\/vapemaison.com\/fr\/wp-json\/wp\/v2\/product_tag?post=11217"}],"curies":[{"name":"wp","href":"https:\/\/api.w.org\/{rel}","templated":true}]}}