

{"id":11219,"date":"2025-11-11T06:33:44","date_gmt":"2025-11-11T06:33:44","guid":{"rendered":"https:\/\/vapemaison.com\/?post_type=product&#038;p=11219"},"modified":"2026-03-06T03:44:51","modified_gmt":"2026-03-06T03:44:51","slug":"jnr-falcon-16000-puff-jnr-16k","status":"publish","type":"product","link":"https:\/\/vapemaison.com\/fr\/product\/jnr-falcon-16000-puff-jnr-16k\/","title":{"rendered":"JNR Falcon 16000 Puff JNR 16k"},"content":{"rendered":"<h2 class=\"wp-block-heading\"><strong>JNR 16k Puffs Vape jetable - Une exp\u00e9rience de vaporisation puissante et de longue dur\u00e9e<\/strong><\/h2>\n\n\n\n<p>Le <strong>JNR 16k Puffs<\/strong> est une vape jetable haute performance con\u00e7ue pour offrir un plaisir de longue dur\u00e9e avec une puissance impressionnante. <strong>16k puffs<\/strong> par appareil. \u00c9quip\u00e9 d'un syst\u00e8me avanc\u00e9 de <strong>technologie de la bobine \u00e0 double maille<\/strong>, un grand <strong>Batterie de 850mAh<\/strong>, et <strong>Capacit\u00e9 de 22 ml d'e-liquide<\/strong>, Ce dispositif garantit une saveur constante, de gros nuages et un effet de gorge doux. Parfait pour les vapoteurs qui exigent durabilit\u00e9 et performance, le <strong>JNR 16k<\/strong> est le choix id\u00e9al pour les sessions de vapotage prolong\u00e9es.<\/p>\n\n\n\n<h3 class=\"wp-block-heading\"><strong>Caract\u00e9ristiques principales<\/strong><\/h3>\n\n\n\n<ul class=\"wp-block-list\">\n<li><strong>Jusqu'\u00e0 16 000 bouff\u00e9es<\/strong>:<br>Profitez de sessions de vapotage plus longues sans avoir \u00e0 remplacer fr\u00e9quemment votre appareil.<\/li>\n\n\n\n<li><strong>Batterie de 850mAh<\/strong>:<br>La forte capacit\u00e9 de la batterie garantit des performances constantes tout au long de sa dur\u00e9e de vie.<\/li>\n\n\n\n<li><strong>Coils Dual Mesh<\/strong>:<br>Offre une saveur et une production de vapeur am\u00e9lior\u00e9es, cr\u00e9ant des sensations de gorge douces et riches.<\/li>\n\n\n\n<li><strong>Capacit\u00e9 de 22ml de E-Liquide<\/strong>:<br>Un r\u00e9servoir d'e-liquide g\u00e9n\u00e9reux pour une utilisation longue dur\u00e9e, \u00e9liminant les remplissages fr\u00e9quents.<\/li>\n\n\n\n<li><strong>Double port de charge<\/strong>:<br>Comprend <strong>Type-C<\/strong> et <strong>Foudre<\/strong> pour une recharge rapide et pratique.<\/li>\n\n\n\n<li><strong>Puissant impact sur la gorge et gros nuages<\/strong>:<br>Con\u00e7u pour les vapoteurs qui pr\u00e9f\u00e8rent un fort effet de gorge et des nuages de vapeur plus importants.<\/li>\n\n\n\n<li><strong>Ar\u00f4me longue dur\u00e9e<\/strong>:<br>La saveur reste fra\u00eeche de la premi\u00e8re \u00e0 la derni\u00e8re bouff\u00e9e.<\/li>\n<\/ul>\n\n\n\n<h3 class=\"wp-block-heading\"><strong>Saveurs disponibles<\/strong><\/h3>\n\n\n\n<p>Le <strong>JNR Falcon 16000<\/strong> offre une grande vari\u00e9t\u00e9 de saveurs pour satisfaire toutes les pr\u00e9f\u00e9rences :<\/p>\n\n\n\n<ul class=\"wp-block-list\">\n<li><strong>Glace Blue Razz<\/strong><\/li>\n\n\n\n<li><strong>Glace aux myrtilles et \u00e0 la grenade<\/strong><\/li>\n\n\n\n<li><strong>Mangue Fruit de la passion<\/strong><\/li>\n\n\n\n<li><strong>Fruit de la passion Kiwi<\/strong><\/li>\n\n\n\n<li><strong>Fraise Kiwi<\/strong><\/li>\n\n\n\n<li><strong>Glace \u00e0 la fraise et \u00e0 la past\u00e8que<\/strong><\/li>\n\n\n\n<li><strong>Glace \u00e0 la past\u00e8que<\/strong><\/li>\n\n\n\n<li><strong>\u00c9clat de baies<\/strong><\/li>\n\n\n\n<li><strong>Fraise et banane<\/strong><\/li>\n\n\n\n<li><strong>Baies m\u00e9lang\u00e9es<\/strong><\/li>\n\n\n\n<li><strong>Cola Ice<\/strong><\/li>\n\n\n\n<li><strong>Myrtille Kiwi<\/strong><\/li>\n<\/ul>\n\n\n\n<h3 class=\"wp-block-heading\"><strong>Pourquoi choisir la JNR 16k ?<\/strong><\/h3>\n\n\n\n<ul class=\"wp-block-list\">\n<li><strong>Durable et performant<\/strong>:<br>Le <strong>JNR Falcon 16000<\/strong> est con\u00e7u pour les vapoteurs qui recherchent un appareil durable et de longue dur\u00e9e avec <strong>16 000 bouff\u00e9es<\/strong>.<\/li>\n\n\n\n<li><strong>Fonctionnalit\u00e9s avanc\u00e9es<\/strong>:<br>Avec <strong>bobines \u00e0 double maille<\/strong> et un grand <strong>Capacit\u00e9 de 22 ml d'e-liquide<\/strong>, Ce dispositif offre une saveur et une vapeur excellentes, ainsi qu'un effet de gorge satisfaisant.<\/li>\n\n\n\n<li><strong>Double port de charge<\/strong>:<br>L'appareil est \u00e9quip\u00e9 de <strong>Type-C<\/strong> et <strong>Foudre<\/strong> garantissant une recharge facile et rapide.<\/li>\n\n\n\n<li><strong>Vari\u00e9t\u00e9 d'ar\u00f4mes<\/strong>:<br>Choisissez parmi une gamme de <strong>fruits, menthol<\/strong>, et <strong>m\u00e9langes rafra\u00eechissants<\/strong> pour trouver votre bonheur.<\/li>\n<\/ul>\n\n\n\n<h3 class=\"wp-block-heading\">16K <strong>Prix et offres JNR Falcon<\/strong><\/h3>\n\n\n\n<p>Obtenir le <strong>JNR Falcon 16000<\/strong> pour seulement <strong>\u20ac24.99<\/strong>, avec un <strong>R\u00e9duction 7%<\/strong> par rapport au prix d'origine de <strong>\u20ac26.99<\/strong>. Appr\u00e9ciez <strong>remises en vrac<\/strong> pour r\u00e9aliser encore plus d'\u00e9conomies :<\/p>\n\n\n\n<ul class=\"wp-block-list\">\n<li><strong>Achetez 3 appareils pour \u20ac65.99<\/strong> (\u00e9conomie de 8,98 \u20ac).<\/li>\n\n\n\n<li><strong>Acheter 5 appareils pour \u20ac102.99<\/strong> (\u00e9conomie de 21,96 \u20ac).<\/li>\n<\/ul>\n\n\n\n<p>Profitez de ces offres fantastiques et faites le plein de vos produits pr\u00e9f\u00e9r\u00e9s. <strong>JNR Falcon 16000<\/strong> \u00e0 un prix imbattable.<\/p>\n\n\n\n<h3 class=\"wp-block-heading\"><strong>Sp\u00e9cifications<\/strong><\/h3>\n\n\n\n<figure class=\"wp-block-table\"><table class=\"has-fixed-layout\"><thead><tr><th>Fonctionnalit\u00e9<\/th><th>D\u00e9tails<\/th><\/tr><\/thead><tbody><tr><td><strong>Nombre de bouff\u00e9es<\/strong><\/td><td>Jusqu'\u00e0 16 000 bouff\u00e9es<\/td><\/tr><tr><td><strong>Capacit\u00e9 de la batterie<\/strong><\/td><td>850mAh<\/td><\/tr><tr><td><strong>Type de bobine<\/strong><\/td><td>Double maille<\/td><\/tr><tr><td><strong>Capacit\u00e9 en e-liquide<\/strong><\/td><td>22ml<\/td><\/tr><tr><td><strong>Ports de chargement<\/strong><\/td><td>Type-C et Lightning<\/td><\/tr><tr><td><strong>Coup \u00e0 la gorge<\/strong><\/td><td>Solide et souple<\/td><\/tr><tr><td><strong>Production en nuage<\/strong><\/td><td>Gros nuages<\/td><\/tr><\/tbody><\/table><\/figure>\n\n\n\n<h3 class=\"wp-block-heading\"><strong>FAQ<\/strong><\/h3>\n\n\n\n<p><strong>1. Qu'est-ce qui distingue le Falcon 16000 de la JNR ?<\/strong><br>Le <strong>JNR Falcon 16000<\/strong> offres <strong>16 000 bouff\u00e9es<\/strong>, <strong>bobines \u00e0 double maille<\/strong> pour une meilleure saveur, <strong>22ml e-liquide<\/strong>, et <strong>deux ports de chargement<\/strong> pour plus de commodit\u00e9, ce qui le rend parfait pour le vapotage de longue dur\u00e9e.<\/p>\n\n\n\n<p><strong>2. Quelle est la dur\u00e9e de vie du Falcon 16000 de JNR ?<\/strong><br>Avec <strong>16 000 bouff\u00e9es<\/strong> et un <strong>Batterie de 850mAh<\/strong>, le <strong>JNR Falcon 16000<\/strong> est con\u00e7u pour une utilisation prolong\u00e9e sans remplacements ou recharges fr\u00e9quents.<\/p>\n\n\n\n<p><strong>3. Quels sont les ar\u00f4mes disponibles pour le JNR Falcon 16000 ?<\/strong><br>L'appareil est disponible dans une vari\u00e9t\u00e9 de saveurs d\u00e9licieuses, notamment <strong>Glace Blue Razz<\/strong>, <strong>Mangue Fruit de la passion<\/strong>, <strong>Fraise Kiwi<\/strong>, et bien d'autres encore.<\/p>","protected":false},"excerpt":{"rendered":"<p data-start=\"4724\" data-end=\"4918\">Le JNR Falcon 16000 offre 16 000 bouff\u00e9es, une grande capacit\u00e9 de 22ml d'e-liquide, et des coils \u00e0 double maille pour un vapotage doux et savoureux. Disponible d\u00e8s maintenant avec des remises en gros chez VapeMaison.<\/p>","protected":false},"featured_media":11272,"comment_status":"open","ping_status":"closed","template":"","meta":[],"product_brand":[168],"product_cat":[291],"product_tag":[],"class_list":{"0":"post-11219","1":"product","2":"type-product","3":"status-publish","4":"has-post-thumbnail","6":"product_brand-jnr","7":"product_cat-16k-puffs","9":"first","10":"instock","11":"sale","12":"shipping-taxable","13":"purchasable","14":"product-type-variable","15":"has-default-attributes"},"yoast_head":"<!-- This site is optimized with the Yoast SEO plugin v27.4 - https:\/\/yoast.com\/product\/yoast-seo-wordpress\/ -->\n<title>JNR 16k Puffs Disposable Vape | JNR 16K Dual Mesh<\/title>\n<meta name=\"description\" content=\"Experience the JNR 16k Puffs Disposable Vape. Enjoy long-lasting flavor with up to 16,000 puffs. Buy now at VapesMaison with exclusive discounts.\" \/>\n<meta name=\"robots\" content=\"index, follow, max-snippet:-1, max-image-preview:large, max-video-preview:-1\" \/>\n<link rel=\"canonical\" href=\"https:\/\/vapemaison.com\/fr\/produit\/jnr-falcon-16000-puff-jnr-16k\/\" \/>\n<meta property=\"og:locale\" content=\"fr_FR\" \/>\n<meta property=\"og:type\" content=\"article\" \/>\n<meta property=\"og:title\" content=\"JNR 16k Puffs Disposable Vape | JNR 16K Dual Mesh\" \/>\n<meta property=\"og:description\" content=\"Experience the JNR 16k Puffs Disposable Vape. Enjoy long-lasting flavor with up to 16,000 puffs. Buy now at VapesMaison with exclusive discounts.\" \/>\n<meta property=\"og:url\" content=\"https:\/\/vapemaison.com\/fr\/produit\/jnr-falcon-16000-puff-jnr-16k\/\" \/>\n<meta property=\"og:site_name\" content=\"VapeMaison\" \/>\n<meta property=\"article:modified_time\" content=\"2026-03-06T03:44:51+00:00\" \/>\n<meta property=\"og:image\" content=\"https:\/\/vapemaison.com\/wp-content\/uploads\/2025\/11\/peach-oolong-tea-falcon-16000-puffs-picture-1.jpg\" \/>\n\t<meta property=\"og:image:width\" content=\"2500\" \/>\n\t<meta property=\"og:image:height\" content=\"2500\" \/>\n\t<meta property=\"og:image:type\" content=\"image\/jpeg\" \/>\n<meta name=\"twitter:card\" content=\"summary_large_image\" \/>\n<meta name=\"twitter:label1\" content=\"Dur\u00e9e de lecture estim\u00e9e\" \/>\n\t<meta name=\"twitter:data1\" content=\"3 minutes\" \/>\n<!-- \/ Yoast SEO plugin. -->","yoast_head_json":{"title":"JNR 16k Puffs Vape jetable | JNR 16K Dual Mesh","description":"D\u00e9couvrez la JNR 16k Puffs Vape jetable. Profitez d'une saveur durable avec jusqu'\u00e0 16 000 bouff\u00e9es. Achetez maintenant \u00e0 VapesMaison avec des r\u00e9ductions exclusives.","robots":{"index":"index","follow":"follow","max-snippet":"max-snippet:-1","max-image-preview":"max-image-preview:large","max-video-preview":"max-video-preview:-1"},"canonical":"https:\/\/vapemaison.com\/fr\/produit\/jnr-falcon-16000-puff-jnr-16k\/","og_locale":"fr_FR","og_type":"article","og_title":"JNR 16k Puffs Disposable Vape | JNR 16K Dual Mesh","og_description":"Experience the JNR 16k Puffs Disposable Vape. Enjoy long-lasting flavor with up to 16,000 puffs. Buy now at VapesMaison with exclusive discounts.","og_url":"https:\/\/vapemaison.com\/fr\/produit\/jnr-falcon-16000-puff-jnr-16k\/","og_site_name":"VapeMaison","article_modified_time":"2026-03-06T03:44:51+00:00","og_image":[{"width":2500,"height":2500,"url":"https:\/\/vapemaison.com\/wp-content\/uploads\/2025\/11\/peach-oolong-tea-falcon-16000-puffs-picture-1.jpg","type":"image\/jpeg"}],"twitter_card":"summary_large_image","twitter_misc":{"Dur\u00e9e de lecture estim\u00e9e":"3 minutes"},"schema":{"@context":"https:\/\/schema.org","@graph":[{"@type":"WebPage","@id":"https:\/\/vapemaison.com\/product\/jnr-falcon-16000-puff-jnr-16k\/","url":"https:\/\/vapemaison.com\/product\/jnr-falcon-16000-puff-jnr-16k\/","name":"JNR 16k Puffs Vape jetable | JNR 16K Dual Mesh","isPartOf":{"@id":"https:\/\/vapemaison.com\/#website"},"primaryImageOfPage":{"@id":"https:\/\/vapemaison.com\/product\/jnr-falcon-16000-puff-jnr-16k\/#primaryimage"},"image":{"@id":"https:\/\/vapemaison.com\/product\/jnr-falcon-16000-puff-jnr-16k\/#primaryimage"},"thumbnailUrl":"https:\/\/vapemaison.com\/wp-content\/uploads\/2025\/11\/peach-oolong-tea-falcon-16000-puffs-picture-1.jpg","datePublished":"2025-11-11T06:33:44+00:00","dateModified":"2026-03-06T03:44:51+00:00","description":"D\u00e9couvrez la JNR 16k Puffs Vape jetable. Profitez d'une saveur durable avec jusqu'\u00e0 16 000 bouff\u00e9es. Achetez maintenant \u00e0 VapesMaison avec des r\u00e9ductions exclusives.","breadcrumb":{"@id":"https:\/\/vapemaison.com\/product\/jnr-falcon-16000-puff-jnr-16k\/#breadcrumb"},"inLanguage":"fr-FR","potentialAction":[{"@type":"ReadAction","target":["https:\/\/vapemaison.com\/product\/jnr-falcon-16000-puff-jnr-16k\/"]}]},{"@type":"ImageObject","inLanguage":"fr-FR","@id":"https:\/\/vapemaison.com\/product\/jnr-falcon-16000-puff-jnr-16k\/#primaryimage","url":"https:\/\/vapemaison.com\/wp-content\/uploads\/2025\/11\/peach-oolong-tea-falcon-16000-puffs-picture-1.jpg","contentUrl":"https:\/\/vapemaison.com\/wp-content\/uploads\/2025\/11\/peach-oolong-tea-falcon-16000-puffs-picture-1.jpg","width":2500,"height":2500,"caption":"Peach Oolong Tea Falcon Puffs Picture Disposable Vape Device"},{"@type":"BreadcrumbList","@id":"https:\/\/vapemaison.com\/product\/jnr-falcon-16000-puff-jnr-16k\/#breadcrumb","itemListElement":[{"@type":"ListItem","position":1,"name":"\u9996\u9875","item":"https:\/\/vapemaison.com\/"},{"@type":"ListItem","position":2,"name":"Shop","item":"https:\/\/vapemaison.com\/shop\/"},{"@type":"ListItem","position":3,"name":"JNR","item":"https:\/\/vapemaison.com\/brand\/jnr\/"},{"@type":"ListItem","position":4,"name":"JNR Falcon 16000 Puff JNR 16k"}]},{"@type":"WebSite","@id":"https:\/\/vapemaison.com\/#website","url":"https:\/\/vapemaison.com\/","name":"VapeMaison","description":"Appareils et accessoires de vapotage haut de gamme","publisher":{"@id":"https:\/\/vapemaison.com\/#organization"},"potentialAction":[{"@type":"SearchAction","target":{"@type":"EntryPoint","urlTemplate":"https:\/\/vapemaison.com\/?s={search_term_string}"},"query-input":{"@type":"PropertyValueSpecification","valueRequired":true,"valueName":"search_term_string"}}],"inLanguage":"fr-FR"},{"@type":"Organization","@id":"https:\/\/vapemaison.com\/#organization","name":"VapeMaison","url":"https:\/\/vapemaison.com\/","logo":{"@type":"ImageObject","inLanguage":"fr-FR","@id":"https:\/\/vapemaison.com\/#\/schema\/logo\/image\/","url":"https:\/\/vapemaison.com\/wp-content\/uploads\/2026\/01\/cropped-vapemaison-logo-g-2026.webp","contentUrl":"https:\/\/vapemaison.com\/wp-content\/uploads\/2026\/01\/cropped-vapemaison-logo-g-2026.webp","width":350,"height":280,"caption":"VapeMaison"},"image":{"@id":"https:\/\/vapemaison.com\/#\/schema\/logo\/image\/"},"sameAs":["https:\/\/www.youtube.com\/@VapeMaison"]}]}},"tiered_pricing_type":"fixed","tiered_pricing_fixed_rules":{"30":"11.42","50":"10.99","100":"10.54","200":"9.98"},"tiered_pricing_product_settings":{"layout":"default","base_unit_name":{"singular":null,"plural":null},"default_variation":null},"tiered_pricing_minimum_quantity":10,"tiered_pricing_roles_data":[],"tiered_pricing_percentage_rules":[],"tiered_pricing_maximum_quantity":null,"tiered_pricing_quantity_step":"10","_links":{"self":[{"href":"https:\/\/vapemaison.com\/fr\/wp-json\/wp\/v2\/product\/11219","targetHints":{"allow":["GET"]}}],"collection":[{"href":"https:\/\/vapemaison.com\/fr\/wp-json\/wp\/v2\/product"}],"about":[{"href":"https:\/\/vapemaison.com\/fr\/wp-json\/wp\/v2\/types\/product"}],"replies":[{"embeddable":true,"href":"https:\/\/vapemaison.com\/fr\/wp-json\/wp\/v2\/comments?post=11219"}],"version-history":[{"count":1,"href":"https:\/\/vapemaison.com\/fr\/wp-json\/wp\/v2\/product\/11219\/revisions"}],"predecessor-version":[{"id":27795,"href":"https:\/\/vapemaison.com\/fr\/wp-json\/wp\/v2\/product\/11219\/revisions\/27795"}],"wp:featuredmedia":[{"embeddable":true,"href":"https:\/\/vapemaison.com\/fr\/wp-json\/wp\/v2\/media\/11272"}],"wp:attachment":[{"href":"https:\/\/vapemaison.com\/fr\/wp-json\/wp\/v2\/media?parent=11219"}],"wp:term":[{"taxonomy":"product_brand","embeddable":true,"href":"https:\/\/vapemaison.com\/fr\/wp-json\/wp\/v2\/product_brand?post=11219"},{"taxonomy":"product_cat","embeddable":true,"href":"https:\/\/vapemaison.com\/fr\/wp-json\/wp\/v2\/product_cat?post=11219"},{"taxonomy":"product_tag","embeddable":true,"href":"https:\/\/vapemaison.com\/fr\/wp-json\/wp\/v2\/product_tag?post=11219"}],"curies":[{"name":"wp","href":"https:\/\/api.w.org\/{rel}","templated":true}]}}