

{"id":11222,"date":"2025-11-11T06:33:44","date_gmt":"2025-11-11T06:33:44","guid":{"rendered":"https:\/\/vapemaison.com\/?post_type=product&#038;p=11222"},"modified":"2025-11-21T08:52:50","modified_gmt":"2025-11-21T08:52:50","slug":"vozol-20k-puffs-5","status":"publish","type":"product","link":"https:\/\/vapemaison.com\/fr\/product\/vozol-20k-puffs-5\/","title":{"rendered":"Vozol 20k Puffs 5%"},"content":{"rendered":"<h3 class=\"wp-block-heading\"><strong>Vozol 20K Puffs Dual Power - Vape jetable avanc\u00e9e pour la saveur et la puissance<\/strong><\/h3>\n\n\n\n<p>Le <strong>Vozol 20K Puffs Dual Power<\/strong> \u00e9tablit une nouvelle norme en mati\u00e8re de vapotage jetable gr\u00e2ce \u00e0 une technologie intelligente de double alimentation et \u00e0 une capacit\u00e9 massive. Fournissant jusqu'\u00e0 <strong>20 000 bouff\u00e9es onctueuses et savoureuses<\/strong>, Il est con\u00e7u pour les utilisateurs qui privil\u00e9gient la coh\u00e9rence, le style et la commodit\u00e9.<\/p>\n\n\n\n<h4 class=\"wp-block-heading\"><strong>Pourquoi choisir Vozol 20K Dual Power<\/strong><\/h4>\n\n\n\n<ul class=\"wp-block-list\">\n<li><strong>Capacit\u00e9 massive :<\/strong> Profitez de jusqu'\u00e0 20 000 bouff\u00e9es avec un rendement stable et des performances fiables.<\/li>\n\n\n\n<li><strong>Saveur riche et constante :<\/strong> La technologie Dual Power permet \u00e0 chaque bouff\u00e9e d'\u00eatre douce et pleine de go\u00fbt.<\/li>\n\n\n\n<li><strong>Compact et \u00e9l\u00e9gant :<\/strong> Design \u00e9l\u00e9gant, facile \u00e0 transporter et confortable dans la main.<\/li>\n\n\n\n<li><strong>Construction fiable :<\/strong> Fabriqu\u00e9 avec des mat\u00e9riaux de premi\u00e8re qualit\u00e9 pour une qualit\u00e9 fiable et une longue dur\u00e9e de vie.<\/li>\n<\/ul>\n\n\n\n<h4 class=\"wp-block-heading\"><strong>Vivez la diff\u00e9rence<\/strong><\/h4>\n\n\n\n<p>Le <strong>Vozol 20K Dual Power<\/strong> combine une technologie avanc\u00e9e, des performances fluides et des saveurs vari\u00e9es pour offrir une exp\u00e9rience de vapotage de premier ordre - \u00e0 tout moment et en tout lieu.<\/p>\n\n\n\n<h3 class=\"wp-block-heading\"><strong>Saveurs disponibles<\/strong><\/h3>\n\n\n\n<p>Savourez une large gamme de saveurs d\u00e9licieuses et rafra\u00eechissantes avec le <strong>Vozol Star 20000 bouff\u00e9es Dual Power<\/strong>. Que vous pr\u00e9f\u00e9riez les m\u00e9langes fruit\u00e9s, glac\u00e9s ou classiques, il y en a pour tous les go\u00fbts :<\/p>\n\n\n\n<ul class=\"wp-block-list\">\n<li><strong>Glace \u00e0 la past\u00e8que<\/strong><\/li>\n\n\n\n<li><strong>Glace de raisin<\/strong><\/li>\n\n\n\n<li><strong>Glace \u00e0 la mangue<\/strong><\/li>\n\n\n\n<li><strong>Glace double pomme<\/strong><\/li>\n\n\n\n<li><strong>Fraise Kiwi<\/strong><\/li>\n\n\n\n<li><strong>Melon d'eau \u00e0 la framboise<\/strong><\/li>\n\n\n\n<li><strong>Glace Blue Razz<\/strong><\/li>\n\n\n\n<li><strong>Fraise Mangue<\/strong><\/li>\n\n\n\n<li><strong>Mangue P\u00eache Past\u00e8que<\/strong><\/li>\n\n\n\n<li><strong>Cola \u00e0 la cerise<\/strong><\/li>\n\n\n\n<li><strong>Glace \u00e0 la p\u00eache juteuse<\/strong><\/li>\n\n\n\n<li><strong>Dragon Strawnana<\/strong><\/li>\n\n\n\n<li><strong>Baies m\u00e9lang\u00e9es<\/strong><\/li>\n\n\n\n<li><strong>Citron vert<\/strong><\/li>\n\n\n\n<li><strong>Explosion tropicale<\/strong><\/li>\n\n\n\n<li><strong>Temp\u00eate de myrtilles<\/strong><\/li>\n\n\n\n<li><strong>Parfum Citron<\/strong><\/li>\n\n\n\n<li><strong>Orange Ananas Lychee<\/strong><\/li>\n\n\n\n<li><strong>Amour 777<\/strong><\/li>\n\n\n\n<li><strong>Framboise Pomme Past\u00e8que Ananas<\/strong><\/li>\n<\/ul>\n\n\n\n<h3 class=\"wp-block-heading\"><strong>Commandez maintenant et d\u00e9couvrez la meilleure technologie de vapotage<\/strong><\/h3>\n\n\n\n<p>Le <strong>Vozol Star 20000 bouff\u00e9es Dual Power<\/strong> est disponible d\u00e8s maintenant \u00e0 l'adresse suivante <strong>Vape King DXB<\/strong>. Appr\u00e9ciez <strong>des bouff\u00e9es de longue dur\u00e9e<\/strong>, La vapoteuse est un appareil qui vous permet d'obtenir un go\u00fbt exceptionnel et une commodit\u00e9 imbattable, le tout dans un seul appareil. Commandez d\u00e8s aujourd'hui et am\u00e9liorez votre jeu de vapotage !<\/p>\n\n\n\n<p>Vous pouvez visiter d'autres produits de la marque vozol, ou consulter la rubrique \u00e9galement bien-aim\u00e9e Vous pouvez visiter d'autres produits de la marque vozol, ou consulter la rubrique \u00e9galement bien-aim\u00e9e. <strong><a href=\"https:\/\/vapemaison.com\/brand\/vozol\/\">Marque VOZOL<\/a><\/strong>, ou encore le tout aussi aim\u00e9<strong> <a href=\"https:\/\/vapemaison.com\/product\/vozol-vista-20000-puff-vape\/\">VOZOL VISTA 20000<\/a><\/strong>.<\/p>\n\n\n\n<p><\/p>","protected":false},"excerpt":{"rendered":"<p data-start=\"3955\" data-end=\"4211\">Faites l'exp\u00e9rience de 20000 bouff\u00e9es avec le <strong>Vozol 20k<\/strong>Puffs Dual Power, dot\u00e9 de la technologie Dual Power pour des performances constantes et une saveur douce. Compact, durable et disponible en 24 saveurs excitantes. Livraison rapide et pratique \u00e0 VapeMaison.<\/p>","protected":false},"featured_media":11258,"comment_status":"open","ping_status":"closed","template":"","meta":[],"product_brand":[178],"product_cat":[133],"product_tag":[],"class_list":{"0":"post-11222","1":"product","2":"type-product","3":"status-publish","4":"has-post-thumbnail","6":"product_brand-vozol","7":"product_cat-20k-puffs","9":"first","10":"instock","11":"sale","12":"shipping-taxable","13":"purchasable","14":"product-type-variable"},"yoast_head":"<!-- This site is optimized with the Yoast SEO plugin v27.4 - https:\/\/yoast.com\/product\/yoast-seo-wordpress\/ -->\n<title>Vozol 20k Puffs Dual Power Vape \u2013 20k Puffs<\/title>\n<meta name=\"description\" content=\"Discover the Vozol 20k Puffs Dual Power . Available in 24 flavors and ideal for on-the-go use, delivering a vaping experience anytime, anywhere.\" \/>\n<meta name=\"robots\" content=\"index, follow, max-snippet:-1, max-image-preview:large, max-video-preview:-1\" \/>\n<link rel=\"canonical\" href=\"https:\/\/vapemaison.com\/fr\/produit\/vozol-20k-puffs-5\/\" \/>\n<meta property=\"og:locale\" content=\"fr_FR\" \/>\n<meta property=\"og:type\" content=\"article\" \/>\n<meta property=\"og:title\" content=\"Vozol 20k Puffs Dual Power Vape \u2013 20k Puffs\" \/>\n<meta property=\"og:description\" content=\"Discover the Vozol 20k Puffs Dual Power . Available in 24 flavors and ideal for on-the-go use, delivering a vaping experience anytime, anywhere.\" \/>\n<meta property=\"og:url\" content=\"https:\/\/vapemaison.com\/fr\/produit\/vozol-20k-puffs-5\/\" \/>\n<meta property=\"og:site_name\" content=\"VapeMaison\" \/>\n<meta property=\"article:modified_time\" content=\"2025-11-21T08:52:50+00:00\" \/>\n<meta property=\"og:image\" content=\"https:\/\/vapemaison.com\/wp-content\/uploads\/2025\/11\/vozol-star-20000-raspberry-apple-watermelon-pineapple-r8t8018-1.jpg\" \/>\n\t<meta property=\"og:image:width\" content=\"2048\" \/>\n\t<meta property=\"og:image:height\" content=\"1963\" \/>\n\t<meta property=\"og:image:type\" content=\"image\/jpeg\" \/>\n<meta name=\"twitter:card\" content=\"summary_large_image\" \/>\n<meta name=\"twitter:label1\" content=\"Dur\u00e9e de lecture estim\u00e9e\" \/>\n\t<meta name=\"twitter:data1\" content=\"2 minutes\" \/>\n<!-- \/ Yoast SEO plugin. -->","yoast_head_json":{"title":"Vozol 20k Puffs Dual Power Vape - 20k Puffs","description":"D\u00e9couvrez le Vozol 20k Puffs Dual Power. Disponible en 24 saveurs et id\u00e9al pour une utilisation nomade, offrant une exp\u00e9rience de vapotage \u00e0 tout moment, n'importe o\u00f9.","robots":{"index":"index","follow":"follow","max-snippet":"max-snippet:-1","max-image-preview":"max-image-preview:large","max-video-preview":"max-video-preview:-1"},"canonical":"https:\/\/vapemaison.com\/fr\/produit\/vozol-20k-puffs-5\/","og_locale":"fr_FR","og_type":"article","og_title":"Vozol 20k Puffs Dual Power Vape \u2013 20k Puffs","og_description":"Discover the Vozol 20k Puffs Dual Power . Available in 24 flavors and ideal for on-the-go use, delivering a vaping experience anytime, anywhere.","og_url":"https:\/\/vapemaison.com\/fr\/produit\/vozol-20k-puffs-5\/","og_site_name":"VapeMaison","article_modified_time":"2025-11-21T08:52:50+00:00","og_image":[{"width":2048,"height":1963,"url":"https:\/\/vapemaison.com\/wp-content\/uploads\/2025\/11\/vozol-star-20000-raspberry-apple-watermelon-pineapple-r8t8018-1.jpg","type":"image\/jpeg"}],"twitter_card":"summary_large_image","twitter_misc":{"Dur\u00e9e de lecture estim\u00e9e":"2 minutes"},"schema":{"@context":"https:\/\/schema.org","@graph":[{"@type":"WebPage","@id":"https:\/\/vapemaison.com\/product\/vozol-20k-puffs-5\/","url":"https:\/\/vapemaison.com\/product\/vozol-20k-puffs-5\/","name":"Vozol 20k Puffs Dual Power Vape - 20k Puffs","isPartOf":{"@id":"https:\/\/vapemaison.com\/#website"},"primaryImageOfPage":{"@id":"https:\/\/vapemaison.com\/product\/vozol-20k-puffs-5\/#primaryimage"},"image":{"@id":"https:\/\/vapemaison.com\/product\/vozol-20k-puffs-5\/#primaryimage"},"thumbnailUrl":"https:\/\/vapemaison.com\/wp-content\/uploads\/2025\/11\/vozol-star-20000-raspberry-apple-watermelon-pineapple-r8t8018-1.jpg","datePublished":"2025-11-11T06:33:44+00:00","dateModified":"2025-11-21T08:52:50+00:00","description":"D\u00e9couvrez le Vozol 20k Puffs Dual Power. Disponible en 24 saveurs et id\u00e9al pour une utilisation nomade, offrant une exp\u00e9rience de vapotage \u00e0 tout moment, n'importe o\u00f9.","breadcrumb":{"@id":"https:\/\/vapemaison.com\/product\/vozol-20k-puffs-5\/#breadcrumb"},"inLanguage":"fr-FR","potentialAction":[{"@type":"ReadAction","target":["https:\/\/vapemaison.com\/product\/vozol-20k-puffs-5\/"]}]},{"@type":"ImageObject","inLanguage":"fr-FR","@id":"https:\/\/vapemaison.com\/product\/vozol-20k-puffs-5\/#primaryimage","url":"https:\/\/vapemaison.com\/wp-content\/uploads\/2025\/11\/vozol-star-20000-raspberry-apple-watermelon-pineapple-r8t8018-1.jpg","contentUrl":"https:\/\/vapemaison.com\/wp-content\/uploads\/2025\/11\/vozol-star-20000-raspberry-apple-watermelon-pineapple-r8t8018-1.jpg","width":2048,"height":1963,"caption":"Vozol Star Raspberry Apple Watermelon Pineapple R8t Disposable Vape Device"},{"@type":"BreadcrumbList","@id":"https:\/\/vapemaison.com\/product\/vozol-20k-puffs-5\/#breadcrumb","itemListElement":[{"@type":"ListItem","position":1,"name":"\u9996\u9875","item":"https:\/\/vapemaison.com\/"},{"@type":"ListItem","position":2,"name":"Shop","item":"https:\/\/vapemaison.com\/shop\/"},{"@type":"ListItem","position":3,"name":"Vozol","item":"https:\/\/vapemaison.com\/brand\/vozol\/"},{"@type":"ListItem","position":4,"name":"Vozol 20k Puffs 5%"}]},{"@type":"WebSite","@id":"https:\/\/vapemaison.com\/#website","url":"https:\/\/vapemaison.com\/","name":"VapeMaison","description":"Appareils et accessoires de vapotage haut de gamme","publisher":{"@id":"https:\/\/vapemaison.com\/#organization"},"potentialAction":[{"@type":"SearchAction","target":{"@type":"EntryPoint","urlTemplate":"https:\/\/vapemaison.com\/?s={search_term_string}"},"query-input":{"@type":"PropertyValueSpecification","valueRequired":true,"valueName":"search_term_string"}}],"inLanguage":"fr-FR"},{"@type":"Organization","@id":"https:\/\/vapemaison.com\/#organization","name":"VapeMaison","url":"https:\/\/vapemaison.com\/","logo":{"@type":"ImageObject","inLanguage":"fr-FR","@id":"https:\/\/vapemaison.com\/#\/schema\/logo\/image\/","url":"https:\/\/vapemaison.com\/wp-content\/uploads\/2026\/01\/cropped-vapemaison-logo-g-2026.webp","contentUrl":"https:\/\/vapemaison.com\/wp-content\/uploads\/2026\/01\/cropped-vapemaison-logo-g-2026.webp","width":350,"height":280,"caption":"VapeMaison"},"image":{"@id":"https:\/\/vapemaison.com\/#\/schema\/logo\/image\/"},"sameAs":["https:\/\/www.youtube.com\/@VapeMaison"]}]}},"tiered_pricing_type":"fixed","tiered_pricing_fixed_rules":{"30":"11.24","50":"10.36","100":"9.56","200":"8.47"},"tiered_pricing_product_settings":{"layout":"default","base_unit_name":{"singular":null,"plural":null},"default_variation":null},"tiered_pricing_minimum_quantity":10,"tiered_pricing_roles_data":[],"tiered_pricing_percentage_rules":[],"tiered_pricing_maximum_quantity":null,"tiered_pricing_quantity_step":"10","_links":{"self":[{"href":"https:\/\/vapemaison.com\/fr\/wp-json\/wp\/v2\/product\/11222","targetHints":{"allow":["GET"]}}],"collection":[{"href":"https:\/\/vapemaison.com\/fr\/wp-json\/wp\/v2\/product"}],"about":[{"href":"https:\/\/vapemaison.com\/fr\/wp-json\/wp\/v2\/types\/product"}],"replies":[{"embeddable":true,"href":"https:\/\/vapemaison.com\/fr\/wp-json\/wp\/v2\/comments?post=11222"}],"version-history":[{"count":0,"href":"https:\/\/vapemaison.com\/fr\/wp-json\/wp\/v2\/product\/11222\/revisions"}],"wp:featuredmedia":[{"embeddable":true,"href":"https:\/\/vapemaison.com\/fr\/wp-json\/wp\/v2\/media\/11258"}],"wp:attachment":[{"href":"https:\/\/vapemaison.com\/fr\/wp-json\/wp\/v2\/media?parent=11222"}],"wp:term":[{"taxonomy":"product_brand","embeddable":true,"href":"https:\/\/vapemaison.com\/fr\/wp-json\/wp\/v2\/product_brand?post=11222"},{"taxonomy":"product_cat","embeddable":true,"href":"https:\/\/vapemaison.com\/fr\/wp-json\/wp\/v2\/product_cat?post=11222"},{"taxonomy":"product_tag","embeddable":true,"href":"https:\/\/vapemaison.com\/fr\/wp-json\/wp\/v2\/product_tag?post=11222"}],"curies":[{"name":"wp","href":"https:\/\/api.w.org\/{rel}","templated":true}]}}