

{"id":11223,"date":"2025-11-11T06:33:44","date_gmt":"2025-11-11T06:33:44","guid":{"rendered":"https:\/\/vapemaison.com\/?post_type=product&#038;p=11223"},"modified":"2025-11-21T08:25:09","modified_gmt":"2025-11-21T08:25:09","slug":"fumot-25000-miami-mint-randm-tornado-25000-vape-salt-e-zigarette","status":"publish","type":"product","link":"https:\/\/vapemaison.com\/fr\/product\/fumot-25000-miami-mint-randm-tornado-25000-vape-salt-e-zigarette\/","title":{"rendered":"Fumot 25000 Miami Mint Randm Tornado 25000 Vape Salt E Zigarette"},"content":{"rendered":"<h2 class=\"wp-block-heading\">Fumot 25000 <strong>Monnaie de Miami<\/strong> <\/h2>\n\n\n\n<p>Vous \u00eates \u00e0 la recherche d'un <strong>25 000 bouff\u00e9es de vapeur<\/strong> qui fournit \u00e0 la fois <strong>Saveur exotique et performance durable<\/strong>?<br>Le <strong>Fumot 25000 <strong>Monnaie de Miami<\/strong><\/strong>, qui fait partie de la <strong>RandM Tornado s\u00e9rie 25000<\/strong>, Ce e-liquide combine la douceur cr\u00e9meuse des bananes m\u00fbres avec un menthol rafra\u00eechissant - parfait pour les amateurs de e-liquides fruit\u00e9s, sucr\u00e9s et frais.<\/p>\n\n\n\n<h3 class=\"wp-block-heading\">Pourquoi choisir <strong>Monnaie de Miami<\/strong>?<\/h3>\n\n\n\n<p><strong>Fruit\u00e9 et rafra\u00eechissant :<\/strong> Saveur douce de banane avec une touche glac\u00e9e de menthol.<\/p>\n\n\n\n<p><strong>Effet de la nicotine en douceur :<\/strong> Disponible en <strong>2% ou 5% sel nicotine<\/strong>, Le syst\u00e8me d'aspiration de la vapeur d'eau permet d'obtenir une vape douce et satisfaisante.<\/p>\n\n\n\n<p><strong>Un plaisir durable :<\/strong> Jusqu'\u00e0 <strong>25 000 bouff\u00e9es<\/strong> par appareil - aucun remplacement constant n'est n\u00e9cessaire.<\/p>\n\n\n\n<p><strong>Grande vari\u00e9t\u00e9 :<\/strong> Explorer <strong>Plus de 20 options de saveurs<\/strong> tels que <em>Mango Tango<\/em>, <em>Myrtille Menthe<\/em>, et plus encore dans notre <strong>Fumot 25000 Shop<\/strong>.<\/p>\n\n\n\n<h3 class=\"wp-block-heading\">Faits marquants techniques<\/h3>\n\n\n\n<figure class=\"wp-block-table\"><table class=\"has-fixed-layout\"><thead><tr><th>Fonctionnalit\u00e9<\/th><th>Sp\u00e9cifications<\/th><\/tr><\/thead><tbody><tr><td><strong>Batterie<\/strong><\/td><td>850mAh (rechargeable via USB-C)<\/td><\/tr><tr><td><strong>Puffs<\/strong><\/td><td>Jusqu'\u00e0 25 000<\/td><\/tr><tr><td><strong>Capacit\u00e9 en e-liquide<\/strong><\/td><td>20ml Salt Nic Liquid<\/td><\/tr><tr><td><strong>Intensit\u00e9 de la nicotine<\/strong><\/td><td>2% ou 5%<\/td><\/tr><tr><td><strong>Rechargeable<\/strong><\/td><td>Oui (USB-C)<\/td><\/tr><tr><td><strong>Saveur<\/strong><\/td><td><strong>Monnaie de Miami<\/strong><\/td><\/tr><\/tbody><\/table><\/figure>\n\n\n\n<h3 class=\"wp-block-heading\">Ce qui fait <strong>Monnaie de Miami<\/strong> Sp\u00e9ciale ?<\/h3>\n\n\n\n<p>Le <strong>Fumot 25000 <strong>Monnaie de Miami<\/strong><\/strong> Il ne s'agit pas seulement d'un nombre \u00e9lev\u00e9 de bouff\u00e9es - il s'agit de <strong>un \u00e9quilibre parfait des saveurs<\/strong>.<br>Le m\u00e9lange de bananes douces et cr\u00e9meuses et de menthol croustillant cr\u00e9e une sensation de fra\u00eecheur. <strong>frais, doux et satisfaisant<\/strong> Le go\u00fbt n'est jamais excessif.<br>Que vous soyez au travail, en train de vous d\u00e9tendre \u00e0 la maison ou en d\u00e9placement, il vous offre une exp\u00e9rience rafra\u00eechissante constante \u00e0 chaque fois.<\/p>\n\n\n\n<h3 class=\"wp-block-heading\">D\u00e9couvrez la s\u00e9rie RandM Tornado 25000<\/h3>\n\n\n\n<p>Explorez l'ensemble du site <strong>RandM Tornado 25000 lineup<\/strong> - une collection connue pour <strong>des saveurs intenses, une grande autonomie et un design moderne<\/strong>.<br>De <strong>Fumot <strong>Monnaie de Miami<\/strong><\/strong> \u00e0 <strong>Mango Tango<\/strong> et <strong>Myrtille Menthe<\/strong>, Chaque ar\u00f4me offre une exp\u00e9rience de vapotage unique.<\/p>\n\n\n\n<h3 class=\"wp-block-heading\">Essayer <strong>Monnaie de Miami<\/strong> Maintenant !<\/h3>\n\n\n\n<p>Pr\u00eat pour votre prochaine vape pr\u00e9f\u00e9r\u00e9e ?<br>Exp\u00e9rience <strong>le m\u00e9lange parfait de douceur et de fra\u00eecheur<\/strong> avec <strong>Fumot 25000 <strong>Monnaie de Miami<\/strong><\/strong> - o\u00f9 chaque bouff\u00e9e est rafra\u00eechissante et pleine de saveurs.<br>Visitez notre <strong>magasin principal<\/strong> et d\u00e9couvrez pourquoi les vapoteurs du monde entier aiment le <strong>RandM Tornado s\u00e9rie 25000<\/strong>.<\/p>","protected":false},"excerpt":{"rendered":"<p>Fumot 25000 Miami Mint Are you looking for a 25,000-puff vape that delivers both exotic flavour and long-lasting performance?The Fumot 25000 Miami Mint, part of the RandM Tornado 25000 series, combines the creamy sweetness of ripe bananas with a refreshing menthol chill \u2014 perfect for fans of fruity, sweet and cool e-liquids. Why Choose Miami [&hellip;]<\/p>\n","protected":false},"featured_media":10289,"comment_status":"open","ping_status":"closed","template":"","meta":[],"product_brand":[58],"product_cat":[144,181],"product_tag":[],"class_list":{"0":"post-11223","1":"product","2":"type-product","3":"status-publish","4":"has-post-thumbnail","6":"product_brand-fumot","7":"product_cat-25k-puffs","8":"product_cat-randm-tornado-25000","10":"first","11":"instock","12":"sale","13":"shipping-taxable","14":"purchasable","15":"product-type-variable"},"yoast_head":"<!-- This site is optimized with the Yoast SEO plugin v27.4 - https:\/\/yoast.com\/product\/yoast-seo-wordpress\/ -->\n<title>Fumot 25000 Banana Ice \u2013 RandM Tornado 25K Puffs<\/title>\n<meta name=\"description\" content=\"Discover the Fumot 25000 Banana Ice Vape \u2013 up to 25,000 puffs, creamy banana with icy menthol, rechargeable 850mAh battery, and smooth salt nic flavour.\" \/>\n<meta name=\"robots\" content=\"index, follow, max-snippet:-1, max-image-preview:large, max-video-preview:-1\" \/>\n<link rel=\"canonical\" href=\"https:\/\/vapemaison.com\/fr\/produit\/fumot-25000-miami-mint-randm-tornado-25000-vape-salt-e-zigarette\/\" \/>\n<meta property=\"og:locale\" content=\"fr_FR\" \/>\n<meta property=\"og:type\" content=\"article\" \/>\n<meta property=\"og:title\" content=\"Fumot 25000 Banana Ice \u2013 RandM Tornado 25K Puffs\" \/>\n<meta property=\"og:description\" content=\"Discover the Fumot 25000 Banana Ice Vape \u2013 up to 25,000 puffs, creamy banana with icy menthol, rechargeable 850mAh battery, and smooth salt nic flavour.\" \/>\n<meta property=\"og:url\" content=\"https:\/\/vapemaison.com\/fr\/produit\/fumot-25000-miami-mint-randm-tornado-25000-vape-salt-e-zigarette\/\" \/>\n<meta property=\"og:site_name\" content=\"VapeMaison\" \/>\n<meta property=\"article:modified_time\" content=\"2025-11-21T08:25:09+00:00\" \/>\n<meta property=\"og:image\" content=\"https:\/\/vapemaison.com\/wp-content\/uploads\/2025\/11\/fumot-25000-puffs-banana-Ice-picture.jpg\" \/>\n\t<meta property=\"og:image:width\" content=\"1200\" \/>\n\t<meta property=\"og:image:height\" content=\"1200\" \/>\n\t<meta property=\"og:image:type\" content=\"image\/jpeg\" \/>\n<meta name=\"twitter:card\" content=\"summary_large_image\" \/>\n<meta name=\"twitter:label1\" content=\"Dur\u00e9e de lecture estim\u00e9e\" \/>\n\t<meta name=\"twitter:data1\" content=\"2 minutes\" \/>\n<!-- \/ Yoast SEO plugin. -->","yoast_head_json":{"title":"Fumot 25000 Banana Ice - RandM Tornado 25K Puffs","description":"D\u00e9couvrez le Fumot 25000 Banana Ice Vape - jusqu'\u00e0 25 000 bouff\u00e9es, banane cr\u00e9meuse avec menthol glac\u00e9, batterie rechargeable 850mAh, et saveur douce de nic sal\u00e9.","robots":{"index":"index","follow":"follow","max-snippet":"max-snippet:-1","max-image-preview":"max-image-preview:large","max-video-preview":"max-video-preview:-1"},"canonical":"https:\/\/vapemaison.com\/fr\/produit\/fumot-25000-miami-mint-randm-tornado-25000-vape-salt-e-zigarette\/","og_locale":"fr_FR","og_type":"article","og_title":"Fumot 25000 Banana Ice \u2013 RandM Tornado 25K Puffs","og_description":"Discover the Fumot 25000 Banana Ice Vape \u2013 up to 25,000 puffs, creamy banana with icy menthol, rechargeable 850mAh battery, and smooth salt nic flavour.","og_url":"https:\/\/vapemaison.com\/fr\/produit\/fumot-25000-miami-mint-randm-tornado-25000-vape-salt-e-zigarette\/","og_site_name":"VapeMaison","article_modified_time":"2025-11-21T08:25:09+00:00","og_image":[{"width":1200,"height":1200,"url":"https:\/\/vapemaison.com\/wp-content\/uploads\/2025\/11\/fumot-25000-puffs-banana-Ice-picture.jpg","type":"image\/jpeg"}],"twitter_card":"summary_large_image","twitter_misc":{"Dur\u00e9e de lecture estim\u00e9e":"2 minutes"},"schema":{"@context":"https:\/\/schema.org","@graph":[{"@type":"WebPage","@id":"https:\/\/vapemaison.com\/product\/fumot-25000-miami-mint-randm-tornado-25000-vape-salt-e-zigarette\/","url":"https:\/\/vapemaison.com\/product\/fumot-25000-miami-mint-randm-tornado-25000-vape-salt-e-zigarette\/","name":"Fumot 25000 Banana Ice - RandM Tornado 25K Puffs","isPartOf":{"@id":"https:\/\/vapemaison.com\/#website"},"primaryImageOfPage":{"@id":"https:\/\/vapemaison.com\/product\/fumot-25000-miami-mint-randm-tornado-25000-vape-salt-e-zigarette\/#primaryimage"},"image":{"@id":"https:\/\/vapemaison.com\/product\/fumot-25000-miami-mint-randm-tornado-25000-vape-salt-e-zigarette\/#primaryimage"},"thumbnailUrl":"https:\/\/vapemaison.com\/wp-content\/uploads\/2025\/11\/fumot-25000-puffs-banana-Ice-picture.jpg","datePublished":"2025-11-11T06:33:44+00:00","dateModified":"2025-11-21T08:25:09+00:00","description":"D\u00e9couvrez le Fumot 25000 Banana Ice Vape - jusqu'\u00e0 25 000 bouff\u00e9es, banane cr\u00e9meuse avec menthol glac\u00e9, batterie rechargeable 850mAh, et saveur douce de nic sal\u00e9.","breadcrumb":{"@id":"https:\/\/vapemaison.com\/product\/fumot-25000-miami-mint-randm-tornado-25000-vape-salt-e-zigarette\/#breadcrumb"},"inLanguage":"fr-FR","potentialAction":[{"@type":"ReadAction","target":["https:\/\/vapemaison.com\/product\/fumot-25000-miami-mint-randm-tornado-25000-vape-salt-e-zigarette\/"]}]},{"@type":"ImageObject","inLanguage":"fr-FR","@id":"https:\/\/vapemaison.com\/product\/fumot-25000-miami-mint-randm-tornado-25000-vape-salt-e-zigarette\/#primaryimage","url":"https:\/\/vapemaison.com\/wp-content\/uploads\/2025\/11\/fumot-25000-puffs-banana-Ice-picture.jpg","contentUrl":"https:\/\/vapemaison.com\/wp-content\/uploads\/2025\/11\/fumot-25000-puffs-banana-Ice-picture.jpg","width":1200,"height":1200,"caption":"Fumot Puffs Banana Ice Picture Disposable Vape Device"},{"@type":"BreadcrumbList","@id":"https:\/\/vapemaison.com\/product\/fumot-25000-miami-mint-randm-tornado-25000-vape-salt-e-zigarette\/#breadcrumb","itemListElement":[{"@type":"ListItem","position":1,"name":"\u9996\u9875","item":"https:\/\/vapemaison.com\/"},{"@type":"ListItem","position":2,"name":"Shop","item":"https:\/\/vapemaison.com\/shop\/"},{"@type":"ListItem","position":3,"name":"Fumot","item":"https:\/\/vapemaison.com\/brand\/fumot\/"},{"@type":"ListItem","position":4,"name":"Fumot 25000 Miami Mint Randm Tornado 25000 Vape Salt E Zigarette"}]},{"@type":"WebSite","@id":"https:\/\/vapemaison.com\/#website","url":"https:\/\/vapemaison.com\/","name":"VapeMaison","description":"Appareils et accessoires de vapotage haut de gamme","publisher":{"@id":"https:\/\/vapemaison.com\/#organization"},"potentialAction":[{"@type":"SearchAction","target":{"@type":"EntryPoint","urlTemplate":"https:\/\/vapemaison.com\/?s={search_term_string}"},"query-input":{"@type":"PropertyValueSpecification","valueRequired":true,"valueName":"search_term_string"}}],"inLanguage":"fr-FR"},{"@type":"Organization","@id":"https:\/\/vapemaison.com\/#organization","name":"VapeMaison","url":"https:\/\/vapemaison.com\/","logo":{"@type":"ImageObject","inLanguage":"fr-FR","@id":"https:\/\/vapemaison.com\/#\/schema\/logo\/image\/","url":"https:\/\/vapemaison.com\/wp-content\/uploads\/2026\/01\/cropped-vapemaison-logo-g-2026.webp","contentUrl":"https:\/\/vapemaison.com\/wp-content\/uploads\/2026\/01\/cropped-vapemaison-logo-g-2026.webp","width":350,"height":280,"caption":"VapeMaison"},"image":{"@id":"https:\/\/vapemaison.com\/#\/schema\/logo\/image\/"},"sameAs":["https:\/\/www.youtube.com\/@VapeMaison"]}]}},"tiered_pricing_type":"fixed","tiered_pricing_fixed_rules":{"30":"12.42","50":"11.23","100":"10.68","200":"9.98"},"tiered_pricing_product_settings":{"layout":"default","base_unit_name":{"singular":null,"plural":null},"default_variation":null},"tiered_pricing_minimum_quantity":10,"tiered_pricing_roles_data":[],"tiered_pricing_percentage_rules":[],"tiered_pricing_maximum_quantity":null,"tiered_pricing_quantity_step":"10","_links":{"self":[{"href":"https:\/\/vapemaison.com\/fr\/wp-json\/wp\/v2\/product\/11223","targetHints":{"allow":["GET"]}}],"collection":[{"href":"https:\/\/vapemaison.com\/fr\/wp-json\/wp\/v2\/product"}],"about":[{"href":"https:\/\/vapemaison.com\/fr\/wp-json\/wp\/v2\/types\/product"}],"replies":[{"embeddable":true,"href":"https:\/\/vapemaison.com\/fr\/wp-json\/wp\/v2\/comments?post=11223"}],"version-history":[{"count":0,"href":"https:\/\/vapemaison.com\/fr\/wp-json\/wp\/v2\/product\/11223\/revisions"}],"wp:featuredmedia":[{"embeddable":true,"href":"https:\/\/vapemaison.com\/fr\/wp-json\/wp\/v2\/media\/10289"}],"wp:attachment":[{"href":"https:\/\/vapemaison.com\/fr\/wp-json\/wp\/v2\/media?parent=11223"}],"wp:term":[{"taxonomy":"product_brand","embeddable":true,"href":"https:\/\/vapemaison.com\/fr\/wp-json\/wp\/v2\/product_brand?post=11223"},{"taxonomy":"product_cat","embeddable":true,"href":"https:\/\/vapemaison.com\/fr\/wp-json\/wp\/v2\/product_cat?post=11223"},{"taxonomy":"product_tag","embeddable":true,"href":"https:\/\/vapemaison.com\/fr\/wp-json\/wp\/v2\/product_tag?post=11223"}],"curies":[{"name":"wp","href":"https:\/\/api.w.org\/{rel}","templated":true}]}}