

{"id":12330,"date":"2025-11-11T08:29:40","date_gmt":"2025-11-11T08:29:40","guid":{"rendered":"https:\/\/vapemaison.com\/?post_type=product&#038;p=12330"},"modified":"2025-11-21T08:20:14","modified_gmt":"2025-11-21T08:20:14","slug":"elfbar-raya-d3-disposable-vape-25000-puffs-triple-mesh-coil","status":"publish","type":"product","link":"https:\/\/vapemaison.com\/fr\/product\/elfbar-raya-d3-disposable-vape-25000-puffs-triple-mesh-coil\/","title":{"rendered":"ELFBAR RAYA D3 Vape jetable - 25000 bouff\u00e9es&amp; Triple Mesh Coil"},"content":{"rendered":"<h3 class=\"wp-block-heading\"><strong>Vivez une exp\u00e9rience de vapotage de niveau sup\u00e9rieur avec le ELF BAR RAYA D3<\/strong><\/h3>\n\n\n\n<p>Le <strong>ELFBAR RAYA D3<\/strong> fait passer le vapotage jetable \u00e0 un tout autre niveau, en combinant les \u00e9l\u00e9ments suivants <strong>grande capacit\u00e9<\/strong>, <strong>performance sup\u00e9rieure<\/strong>, et <strong>conception intelligente<\/strong> dans un seul appareil \u00e9l\u00e9gant.<br>Avec <strong>23 ml d'e-liquide<\/strong> et jusqu'\u00e0 <strong>25 000 bouff\u00e9es<\/strong>, Cette vape rechargeable et jetable offre une saveur constante et une vapeur satisfaisante de la premi\u00e8re \u00e0 la derni\u00e8re bouff\u00e9e.<\/p>\n\n\n\n<p>Con\u00e7u pour les deux <strong>d\u00e9butants et exp\u00e9riment\u00e9s<\/strong>, Le RAYA D3 offre une exp\u00e9rience de vapotage douce et personnalis\u00e9e - pas de recharge, pas d'entretien, juste de la pure satisfaction.<\/p>\n\n\n\n<h3 class=\"wp-block-heading\"><strong>Les principales caract\u00e9ristiques en un coup d'\u0153il<\/strong><\/h3>\n\n\n\n<ul class=\"wp-block-list\">\n<li><strong>25 000 bouff\u00e9es massives<\/strong> - Puissance et performances durables<\/li>\n\n\n\n<li><strong>Intensit\u00e9 de la nicotine :<\/strong> 5% pour une frappe forte et satisfaisante<\/li>\n\n\n\n<li><strong>Rechargeable via USB-C<\/strong> - Utiliser jusqu'\u00e0 \u00e9puisement du e-liquide<\/li>\n\n\n\n<li><strong>\u00c9cran num\u00e9rique intelligent<\/strong> - Suivi en temps r\u00e9el de la batterie et de l'e-liquide<\/li>\n\n\n\n<li><strong>Bobine \u00e0 triple maille<\/strong> - Offre une saveur riche et une vapeur douce<\/li>\n\n\n\n<li><strong>3 modes d'alimentation :<\/strong> Lite (12 W), Smooth (17 W), Turbo (30 W)<\/li>\n\n\n\n<li><strong>Conception compacte et portable<\/strong> - Parfait pour vaper en d\u00e9placement<\/li>\n\n\n\n<li><strong>Commodit\u00e9 du jetable<\/strong> - Pas de recharge, pas de changement de bobine<\/li>\n<\/ul>\n\n\n\n<h3 class=\"wp-block-heading\"><strong>Vari\u00e9t\u00e9 de saveurs in\u00e9gal\u00e9e<\/strong><\/h3>\n\n\n\n<p>Le ELFBAR RAYA D3 est disponible en <strong>15 saveurs de premier choix<\/strong>, Chacun d'entre eux est con\u00e7u pour exciter vos papilles gustatives.<br>Appr\u00e9ciez les combinaisons rafra\u00eechissantes telles que :<\/p>\n\n\n\n<ul class=\"wp-block-list\">\n<li><strong>Glace au kiwi et \u00e0 l'ananas<\/strong> - Doux, tropical et frais comme de la glace<\/li>\n\n\n\n<li><strong>Glace de raisin<\/strong> - Audacieux et fruit\u00e9 avec une finale fra\u00eeche<\/li>\n\n\n\n<li><strong>Double mangue<\/strong> - Une douceur de mangue riche et juteuse \u00e0 chaque bouff\u00e9e<\/li>\n<\/ul>\n\n\n\n<p>Que vous pr\u00e9f\u00e9riez les m\u00e9langes fruit\u00e9s, glac\u00e9s ou classiques, il y a un parfum pour chaque humeur.<\/p>\n\n\n\n<h3 class=\"wp-block-heading\"><strong>Pourquoi choisir le ELFBAR RAYA D3 ?<\/strong><\/h3>\n\n\n\n<ul class=\"wp-block-list\">\n<li><strong>Puissance de sortie personnalisable :<\/strong> Choisissez entre Lite, Smooth ou Turbo pour un tirage id\u00e9al.<\/li>\n\n\n\n<li><strong>Dur\u00e9e de vie de la batterie ultra longue :<\/strong> La batterie rechargeable de 700 mAh permet d'utiliser chaque goutte d'e-liquide.<\/li>\n\n\n\n<li><strong>Intelligent et simple :<\/strong> Un grand \u00e9cran num\u00e9rique affiche le niveau de puissance et l'\u00e9tat du jus.<\/li>\n\n\n\n<li><strong>Portable et \u00e9l\u00e9gant :<\/strong> Corps \u00e9l\u00e9gant, mat\u00e9riaux de premi\u00e8re qualit\u00e9, facile \u00e0 transporter partout.<\/li>\n\n\n\n<li><strong>Satisfaction sup\u00e9rieure :<\/strong> La teneur en nicotine de 5% procure un effet authentique et cors\u00e9.<\/li>\n<\/ul>\n\n\n\n<h3 class=\"wp-block-heading\"><strong>Parfait pour tous les vapoteurs<\/strong><\/h3>\n\n\n\n<p>Que vous fassiez la transition entre la cigarette et le tabac ou que vous souhaitiez une option jetable haut de gamme, le <strong>ELF BAR RAYA D3<\/strong> offre le <strong>la combinaison ultime de performance, de saveur et de commodit\u00e9<\/strong>.<br>Pas de boutons, pas d'installation - il suffit d'inhaler et de profiter d'une production de vapeur de qualit\u00e9 sup\u00e9rieure aliment\u00e9e par <strong>technologie de la bobine \u00e0 triple maille<\/strong>.<\/p>\n\n\n\n<h3 class=\"wp-block-heading\"><strong>Sp\u00e9cifications<\/strong><\/h3>\n\n\n\n<figure class=\"wp-block-table\"><table class=\"has-fixed-layout\"><thead><tr><th>Fonctionnalit\u00e9<\/th><th>D\u00e9tails<\/th><\/tr><\/thead><tbody><tr><td><strong>Puffs<\/strong><\/td><td>Jusqu'\u00e0 25 000<\/td><\/tr><tr><td><strong>Capacit\u00e9 en e-liquide<\/strong><\/td><td>23 ml<\/td><\/tr><tr><td><strong>Batterie<\/strong><\/td><td>700 mAh rechargeable<\/td><\/tr><tr><td><strong>Port de charge<\/strong><\/td><td>USB-C<\/td><\/tr><tr><td><strong>Intensit\u00e9 de la nicotine<\/strong><\/td><td>5%<\/td><\/tr><tr><td><strong>Modes d'alimentation<\/strong><\/td><td>Lite (12 W), Smooth (17 W), Turbo (30 W)<\/td><\/tr><tr><td><strong>Type de bobine<\/strong><\/td><td>Triple maille<\/td><\/tr><tr><td><strong>Affichage<\/strong><\/td><td>\u00c9cran LED intelligent<\/td><\/tr><tr><td><strong>Conception<\/strong><\/td><td>\u00c9l\u00e9gant, portable et ergonomique<\/td><\/tr><\/tbody><\/table><\/figure>\n\n\n\n<h3 class=\"wp-block-heading\"><strong>En savoir plus<\/strong><\/h3>\n\n\n\n<p>Recherche d'autres <strong>Mod\u00e8les ELF BAR<\/strong> ou <strong>vapes jetables de grande capacit\u00e9<\/strong>?<br>D\u00e9couvrez notre collection compl\u00e8te de <strong><a href=\"https:\/\/vapemaison.com\/brand\/\">Marques de Vape<\/a><\/strong> et <strong><a href=\"https:\/\/vapemaison.com\/product-category\/puffs-count\/\">Cat\u00e9gories de produits<\/a><\/strong> pour plus d'options comme <strong>ELF BAR 15000<\/strong>, <strong>RandM Tornado 40000<\/strong>, et <strong>Waspe 40K<\/strong>.<\/p>","protected":false},"excerpt":{"rendered":"<p>Experience Next-Level Vaping with the ELF BAR RAYA D3 The ELFBAR RAYA D3 takes disposable vaping to a whole new level, combining high capacity, premium performance, and intelligent design in one sleek device.With 23 ml of e-liquid and up to 25,000 puffs, this rechargeable disposable vape delivers consistent flavor and satisfying vapor from the first [&hellip;]<\/p>\n","protected":false},"featured_media":12508,"comment_status":"open","ping_status":"closed","template":"","meta":[],"product_brand":[177],"product_cat":[144],"product_tag":[],"class_list":{"0":"post-12330","1":"product","2":"type-product","3":"status-publish","4":"has-post-thumbnail","6":"product_brand-elfbar","7":"product_cat-25k-puffs","9":"first","10":"instock","11":"sale","12":"shipping-taxable","13":"purchasable","14":"product-type-variable"},"yoast_head":"<!-- This site is optimized with the Yoast SEO plugin v27.4 - https:\/\/yoast.com\/product\/yoast-seo-wordpress\/ -->\n<title>ELFBAR RAYA D3 25000 Puffs \u2013 Disposable 25k Puffs Vape<\/title>\n<meta name=\"description\" content=\"Discover the ELFBAR RAYA D3 \u2013 a 25000-puffs rechargeable disposable vape , triple mesh coil. Enjoy smooth flavor and long-lasting performance in every puff.\" \/>\n<meta name=\"robots\" content=\"index, follow, max-snippet:-1, max-image-preview:large, max-video-preview:-1\" \/>\n<link rel=\"canonical\" href=\"https:\/\/vapemaison.com\/fr\/produit\/elfbar-raya-d3-disposable-vape-25000-puffs-triple-mesh-coil\/\" \/>\n<meta property=\"og:locale\" content=\"fr_FR\" \/>\n<meta property=\"og:type\" content=\"article\" \/>\n<meta property=\"og:title\" content=\"ELFBAR RAYA D3 25000 Puffs \u2013 Disposable 25k Puffs Vape\" \/>\n<meta property=\"og:description\" content=\"Discover the ELFBAR RAYA D3 \u2013 a 25000-puffs rechargeable disposable vape , triple mesh coil. Enjoy smooth flavor and long-lasting performance in every puff.\" \/>\n<meta property=\"og:url\" content=\"https:\/\/vapemaison.com\/fr\/produit\/elfbar-raya-d3-disposable-vape-25000-puffs-triple-mesh-coil\/\" \/>\n<meta property=\"og:site_name\" content=\"VapeMaison\" \/>\n<meta property=\"article:modified_time\" content=\"2025-11-21T08:20:14+00:00\" \/>\n<meta property=\"og:image\" content=\"https:\/\/vapemaison.com\/wp-content\/uploads\/2025\/11\/elf-bar-rayad3-disposable-vape-25000-puffs-peach-ice.webp\" \/>\n\t<meta property=\"og:image:width\" content=\"1000\" \/>\n\t<meta property=\"og:image:height\" content=\"1000\" \/>\n\t<meta property=\"og:image:type\" content=\"image\/webp\" \/>\n<meta name=\"twitter:card\" content=\"summary_large_image\" \/>\n<meta name=\"twitter:label1\" content=\"Dur\u00e9e de lecture estim\u00e9e\" \/>\n\t<meta name=\"twitter:data1\" content=\"2 minutes\" \/>\n<!-- \/ Yoast SEO plugin. -->","yoast_head_json":{"title":"ELFBAR RAYA D3 25000 Puffs - Vape jetable 25k Puffs","description":"D\u00e9couvrez le ELFBAR RAYA D3 - un vaporisateur rechargeable jetable de 25000 bouff\u00e9es, avec une bobine triple mesh. Profitez d'une saveur douce et d'une performance durable \u00e0 chaque bouff\u00e9e.","robots":{"index":"index","follow":"follow","max-snippet":"max-snippet:-1","max-image-preview":"max-image-preview:large","max-video-preview":"max-video-preview:-1"},"canonical":"https:\/\/vapemaison.com\/fr\/produit\/elfbar-raya-d3-disposable-vape-25000-puffs-triple-mesh-coil\/","og_locale":"fr_FR","og_type":"article","og_title":"ELFBAR RAYA D3 25000 Puffs \u2013 Disposable 25k Puffs Vape","og_description":"Discover the ELFBAR RAYA D3 \u2013 a 25000-puffs rechargeable disposable vape , triple mesh coil. Enjoy smooth flavor and long-lasting performance in every puff.","og_url":"https:\/\/vapemaison.com\/fr\/produit\/elfbar-raya-d3-disposable-vape-25000-puffs-triple-mesh-coil\/","og_site_name":"VapeMaison","article_modified_time":"2025-11-21T08:20:14+00:00","og_image":[{"width":1000,"height":1000,"url":"https:\/\/vapemaison.com\/wp-content\/uploads\/2025\/11\/elf-bar-rayad3-disposable-vape-25000-puffs-peach-ice.webp","type":"image\/webp"}],"twitter_card":"summary_large_image","twitter_misc":{"Dur\u00e9e de lecture estim\u00e9e":"2 minutes"},"schema":{"@context":"https:\/\/schema.org","@graph":[{"@type":"WebPage","@id":"https:\/\/vapemaison.com\/product\/elfbar-raya-d3-disposable-vape-25000-puffs-triple-mesh-coil\/","url":"https:\/\/vapemaison.com\/product\/elfbar-raya-d3-disposable-vape-25000-puffs-triple-mesh-coil\/","name":"ELFBAR RAYA D3 25000 Puffs - Vape jetable 25k Puffs","isPartOf":{"@id":"https:\/\/vapemaison.com\/#website"},"primaryImageOfPage":{"@id":"https:\/\/vapemaison.com\/product\/elfbar-raya-d3-disposable-vape-25000-puffs-triple-mesh-coil\/#primaryimage"},"image":{"@id":"https:\/\/vapemaison.com\/product\/elfbar-raya-d3-disposable-vape-25000-puffs-triple-mesh-coil\/#primaryimage"},"thumbnailUrl":"https:\/\/vapemaison.com\/wp-content\/uploads\/2025\/11\/elf-bar-rayad3-disposable-vape-25000-puffs-peach-ice.webp","datePublished":"2025-11-11T08:29:40+00:00","dateModified":"2025-11-21T08:20:14+00:00","description":"D\u00e9couvrez le ELFBAR RAYA D3 - un vaporisateur rechargeable jetable de 25000 bouff\u00e9es, avec une bobine triple mesh. Profitez d'une saveur douce et d'une performance durable \u00e0 chaque bouff\u00e9e.","breadcrumb":{"@id":"https:\/\/vapemaison.com\/product\/elfbar-raya-d3-disposable-vape-25000-puffs-triple-mesh-coil\/#breadcrumb"},"inLanguage":"fr-FR","potentialAction":[{"@type":"ReadAction","target":["https:\/\/vapemaison.com\/product\/elfbar-raya-d3-disposable-vape-25000-puffs-triple-mesh-coil\/"]}]},{"@type":"ImageObject","inLanguage":"fr-FR","@id":"https:\/\/vapemaison.com\/product\/elfbar-raya-d3-disposable-vape-25000-puffs-triple-mesh-coil\/#primaryimage","url":"https:\/\/vapemaison.com\/wp-content\/uploads\/2025\/11\/elf-bar-rayad3-disposable-vape-25000-puffs-peach-ice.webp","contentUrl":"https:\/\/vapemaison.com\/wp-content\/uploads\/2025\/11\/elf-bar-rayad3-disposable-vape-25000-puffs-peach-ice.webp","width":1000,"height":1000,"caption":"Elf Bar Rayad3 Disposable Vape Puffs Peach Ice"},{"@type":"BreadcrumbList","@id":"https:\/\/vapemaison.com\/product\/elfbar-raya-d3-disposable-vape-25000-puffs-triple-mesh-coil\/#breadcrumb","itemListElement":[{"@type":"ListItem","position":1,"name":"\u9996\u9875","item":"https:\/\/vapemaison.com\/"},{"@type":"ListItem","position":2,"name":"Shop","item":"https:\/\/vapemaison.com\/shop\/"},{"@type":"ListItem","position":3,"name":"Elfbar","item":"https:\/\/vapemaison.com\/brand\/elfbar\/"},{"@type":"ListItem","position":4,"name":"ELFBAR RAYA D3 Disposable Vape \u2013 25000 Puffs&amp; Triple Mesh Coil"}]},{"@type":"WebSite","@id":"https:\/\/vapemaison.com\/#website","url":"https:\/\/vapemaison.com\/","name":"VapeMaison","description":"Appareils et accessoires de vapotage haut de gamme","publisher":{"@id":"https:\/\/vapemaison.com\/#organization"},"potentialAction":[{"@type":"SearchAction","target":{"@type":"EntryPoint","urlTemplate":"https:\/\/vapemaison.com\/?s={search_term_string}"},"query-input":{"@type":"PropertyValueSpecification","valueRequired":true,"valueName":"search_term_string"}}],"inLanguage":"fr-FR"},{"@type":"Organization","@id":"https:\/\/vapemaison.com\/#organization","name":"VapeMaison","url":"https:\/\/vapemaison.com\/","logo":{"@type":"ImageObject","inLanguage":"fr-FR","@id":"https:\/\/vapemaison.com\/#\/schema\/logo\/image\/","url":"https:\/\/vapemaison.com\/wp-content\/uploads\/2026\/01\/cropped-vapemaison-logo-g-2026.webp","contentUrl":"https:\/\/vapemaison.com\/wp-content\/uploads\/2026\/01\/cropped-vapemaison-logo-g-2026.webp","width":350,"height":280,"caption":"VapeMaison"},"image":{"@id":"https:\/\/vapemaison.com\/#\/schema\/logo\/image\/"},"sameAs":["https:\/\/www.youtube.com\/@VapeMaison"]}]}},"tiered_pricing_type":"fixed","tiered_pricing_fixed_rules":{"30":"16.99","50":"15.42","100":"13.68","200":"12.21"},"tiered_pricing_product_settings":{"layout":"default","base_unit_name":{"singular":null,"plural":null},"default_variation":null},"tiered_pricing_minimum_quantity":10,"tiered_pricing_roles_data":[],"tiered_pricing_percentage_rules":[],"tiered_pricing_maximum_quantity":null,"tiered_pricing_quantity_step":"10","_links":{"self":[{"href":"https:\/\/vapemaison.com\/fr\/wp-json\/wp\/v2\/product\/12330","targetHints":{"allow":["GET"]}}],"collection":[{"href":"https:\/\/vapemaison.com\/fr\/wp-json\/wp\/v2\/product"}],"about":[{"href":"https:\/\/vapemaison.com\/fr\/wp-json\/wp\/v2\/types\/product"}],"replies":[{"embeddable":true,"href":"https:\/\/vapemaison.com\/fr\/wp-json\/wp\/v2\/comments?post=12330"}],"version-history":[{"count":0,"href":"https:\/\/vapemaison.com\/fr\/wp-json\/wp\/v2\/product\/12330\/revisions"}],"wp:featuredmedia":[{"embeddable":true,"href":"https:\/\/vapemaison.com\/fr\/wp-json\/wp\/v2\/media\/12508"}],"wp:attachment":[{"href":"https:\/\/vapemaison.com\/fr\/wp-json\/wp\/v2\/media?parent=12330"}],"wp:term":[{"taxonomy":"product_brand","embeddable":true,"href":"https:\/\/vapemaison.com\/fr\/wp-json\/wp\/v2\/product_brand?post=12330"},{"taxonomy":"product_cat","embeddable":true,"href":"https:\/\/vapemaison.com\/fr\/wp-json\/wp\/v2\/product_cat?post=12330"},{"taxonomy":"product_tag","embeddable":true,"href":"https:\/\/vapemaison.com\/fr\/wp-json\/wp\/v2\/product_tag?post=12330"}],"curies":[{"name":"wp","href":"https:\/\/api.w.org\/{rel}","templated":true}]}}