

{"id":12340,"date":"2025-11-11T09:24:37","date_gmt":"2025-11-11T09:24:37","guid":{"rendered":"https:\/\/vapemaison.com\/?post_type=product&#038;p=12340"},"modified":"2026-01-17T05:44:08","modified_gmt":"2026-01-17T05:44:08","slug":"vozol-gear-power-20000-puff-5","status":"publish","type":"product","link":"https:\/\/vapemaison.com\/fr\/product\/vozol-gear-power-20000-puff-5\/","title":{"rendered":"VOZOL GEAR POWER 20000 PUFF 5%"},"content":{"rendered":"<p><strong>VOZOL Gear Power 20000 Vape jetable<\/strong><\/p>\n\n\n\n<p>Le <strong>VOZOL Gear Power 20000 \u00e0 usage unique<\/strong> est con\u00e7u pour offrir une exp\u00e9rience de vapotage de qualit\u00e9 sup\u00e9rieure gr\u00e2ce \u00e0 une technologie de pointe. <strong>Technologie S.i.L.C.<\/strong> et deux modes d'alimentation. Avec jusqu'\u00e0 <strong>20 000 bouff\u00e9es<\/strong> en <strong>Mode Eco<\/strong> ou <strong>12 000 bouff\u00e9es<\/strong> en <strong>Mode d'alimentation<\/strong>, Il garantit un plaisir durable sans sacrifier la saveur ou la performance.<\/p>\n\n\n\n<p>Que vous soyez un vapoteur occasionnel ou exp\u00e9riment\u00e9, le <strong>Vozol Gear Power 20000<\/strong> offre un \u00e9quilibre parfait entre satisfaction et commodit\u00e9. Dot\u00e9 d'un <strong>syst\u00e8me de bobine \u00e0 double maille<\/strong> et un <strong>\u00e9cran LED pleine vue<\/strong>, Il vous permet de personnaliser votre exp\u00e9rience en fonction de vos pr\u00e9f\u00e9rences et de vos besoins d'utilisation.<\/p>\n\n\n\n<hr class=\"wp-block-separator has-alpha-channel-opacity\"\/>\n\n\n\n<h3 class=\"wp-block-heading\">Caract\u00e9ristiques principales<\/h3>\n\n\n\n<p><strong>Technologie S.i.L.C :<\/strong><br>Garantit des tirages doux, propres et constants \u00e0 chaque bouff\u00e9e, pour une exp\u00e9rience de vapotage ultra-douce.<\/p>\n\n\n\n<p><strong>Deux modes d'alimentation :<\/strong><br>Choisissez entre <strong>Mode Eco<\/strong> (jusqu'\u00e0 <strong>20 000 bouff\u00e9es<\/strong>) pour des performances durables ou <strong>Mode d'alimentation<\/strong> (jusqu'\u00e0 <strong>12 000 bouff\u00e9es<\/strong>) pour un meilleur rendement de la vapeur et des ar\u00f4mes.<\/p>\n\n\n\n<p><strong>Syst\u00e8me de bobines \u00e0 double maille :<\/strong><br>Offre une saveur riche et des nuages de vapeur \u00e9pais \u00e0 chaque aspiration, am\u00e9liorant ainsi l'exp\u00e9rience globale de vapotage.<\/p>\n\n\n\n<p><strong>\u00c9cran plein \u00e9cran :<\/strong><br>Le syst\u00e8me int\u00e9gr\u00e9 <strong>\u00c9cran LED<\/strong> montre des mises \u00e0 jour en temps r\u00e9el sur <strong>autonomie de la batterie<\/strong> et <strong>Statut de l'e-liquide<\/strong>, Vous \u00eates ainsi inform\u00e9 tout au long de votre s\u00e9ance de vapotage.<\/p>\n\n\n\n<p><strong>E-liquide pr\u00e9-rempli de 20mL :<\/strong><br>Avec <strong>5% taux de nicotine (50mg)<\/strong>, La grande capacit\u00e9 permet de tirer de nombreuses bouff\u00e9es avec une saveur et un taux de nicotine satisfaisants.<\/p>\n\n\n\n<hr class=\"wp-block-separator has-alpha-channel-opacity\"\/>\n\n\n\n<h3 class=\"wp-block-heading\">Pourquoi choisir VOZOL Gear Power ?<\/h3>\n\n\n\n<p>Le <strong>VOZOL Gear Power 20K<\/strong> combine <strong>technologie de pointe<\/strong> avec <strong>mat\u00e9riaux de qualit\u00e9 sup\u00e9rieure<\/strong> pour d\u00e9livrer un <strong>exp\u00e9rience de vaporisation durable et personnalisable<\/strong>. Avec son <strong>deux modes d'alimentation<\/strong>, Les utilisateurs peuvent ainsi s\u00e9lectionner le mode adapt\u00e9 \u00e0 leurs pr\u00e9f\u00e9rences, qu'ils privil\u00e9gient une utilisation prolong\u00e9e ou une production de vapeur am\u00e9lior\u00e9e.<\/p>\n\n\n\n<p><strong>VOZOL Gear Power 20000<\/strong> est parfait pour ceux qui veulent un appareil qui tienne la route, offrant \u00e0 la fois des performances sup\u00e9rieures et une grande souplesse d'utilisation. <strong>long\u00e9vit\u00e9<\/strong> et <strong>performance<\/strong>. Les <strong>syst\u00e8me de bobine \u00e0 double maille<\/strong> garantit des saveurs vibrantes et une vapeur douce, ce qui en fait un choix id\u00e9al pour les vapoteurs qui exigent le meilleur en termes de performances et de saveurs.<\/p>\n\n\n\n<hr class=\"wp-block-separator has-alpha-channel-opacity\"\/>\n\n\n\n<h3 class=\"wp-block-heading\">Saveurs disponibles<\/h3>\n\n\n\n<ul class=\"wp-block-list\">\n<li>Glace \u00e0 la past\u00e8que<\/li>\n\n\n\n<li>Glace de raisin<\/li>\n\n\n\n<li>Glace \u00e0 la mangue<\/li>\n\n\n\n<li>Glace double pomme<\/li>\n\n\n\n<li>Menthe citronn\u00e9e<\/li>\n\n\n\n<li>Tabac<\/li>\n\n\n\n<li>Glace \u00e0 la p\u00eache<\/li>\n\n\n\n<li>Past\u00e8que \u00e0 la fraise<\/li>\n\n\n\n<li>Fraise Kiwi<\/li>\n\n\n\n<li>Melon d'eau \u00e0 la framboise<\/li>\n\n\n\n<li>Glace Blue Razz<\/li>\n\n\n\n<li>Fraise Mangue<\/li>\n\n\n\n<li>Citron vert<\/li>\n\n\n\n<li>Limonade \u00e0 la cerise<\/li>\n\n\n\n<li>Baies m\u00e9lang\u00e9es<\/li>\n\n\n\n<li>Fruit du dragon Banane Cerise<\/li>\n\n\n\n<li>Feu de lave<\/li>\n\n\n\n<li>Temp\u00eate de myrtilles<\/li>\n\n\n\n<li>Mojito bleu<\/li>\n\n\n\n<li>Mangue Ananas Pamplemousse<\/li>\n<\/ul>\n\n\n\n<hr class=\"wp-block-separator has-alpha-channel-opacity\"\/>\n\n\n\n<h3 class=\"wp-block-heading\">Sp\u00e9cifications<\/h3>\n\n\n\n<figure class=\"wp-block-table\"><table class=\"has-fixed-layout\"><thead><tr><th>Objet<\/th><th>D\u00e9tails<\/th><\/tr><\/thead><tbody><tr><td><strong>Capacit\u00e9 de la batterie<\/strong><\/td><td>650mAh<\/td><\/tr><tr><td><strong>Capacit\u00e9 en e-liquide<\/strong><\/td><td>20mL (pr\u00e9-rempli)<\/td><\/tr><tr><td><strong>Intensit\u00e9 de la nicotine<\/strong><\/td><td>5% (50mg)<\/td><\/tr><tr><td><strong>Nombre de bouff\u00e9es<\/strong><\/td><td>Jusqu'\u00e0 20 000 (mode Eco) \/ 12 000 (mode Power)<\/td><\/tr><tr><td><strong>Type de bobine<\/strong><\/td><td>Dual Mesh Coil System (Technologie S.i.L.C.)<\/td><\/tr><tr><td><strong>Chargement<\/strong><\/td><td>Pas de chargement n\u00e9cessaire (jetable)<\/td><\/tr><tr><td><strong>Modes<\/strong><\/td><td>Mode Eco \/ Mode Puissance<\/td><\/tr><tr><td><strong>Affichage<\/strong><\/td><td>Ecran LED pour l'\u00e9tat de la batterie et de l'e-liquide<\/td><\/tr><tr><td><strong>Options de saveurs<\/strong><\/td><td>20 saveurs disponibles<\/td><\/tr><\/tbody><\/table><\/figure>\n\n\n\n<hr class=\"wp-block-separator has-alpha-channel-opacity\"\/>\n\n\n\n<h3 class=\"wp-block-heading\">Comment utiliser le VOZOL Gear Power 20000 jetable<\/h3>\n\n\n\n<ol class=\"wp-block-list\">\n<li><strong>Activer l'appareil :<\/strong> Il suffit d'inhaler pour l'activer ; aucun bouton n'est n\u00e9cessaire.<\/li>\n\n\n\n<li><strong>Contr\u00f4le de la batterie et de l'e-liquide :<\/strong> Utiliser le <strong>Affichage LED<\/strong> pour v\u00e9rifier l'autonomie de la batterie et l'\u00e9tat de l'e-liquide.<\/li>\n\n\n\n<li><strong>Passer d'un mode \u00e0 l'autre :<\/strong> Choisir <strong>Mode Eco<\/strong> pour une utilisation prolong\u00e9e ou <strong>Mode d'alimentation<\/strong> pour une production de vapeur plus forte.<\/li>\n\n\n\n<li><strong>Appr\u00e9ciez :<\/strong> Rel\u00e2cher jusqu'\u00e0 <strong>20 000 bouff\u00e9es<\/strong> avec une saveur constante et des effets doux tout au long du processus.<\/li>\n<\/ol>\n\n\n\n<hr class=\"wp-block-separator has-alpha-channel-opacity\"\/>\n\n\n\n<h3 class=\"wp-block-heading\">Commandez d\u00e8s aujourd'hui le VOZOL Gear Power 20K<\/h3>\n\n\n\n<p>Am\u00e9liorez votre exp\u00e9rience de vapotage avec le <strong>VOZOL Gear Power 20K \u00e0 usage unique<\/strong>. En vedette <strong>deux modes d'alimentation<\/strong>, a <strong>syst\u00e8me de bobine \u00e0 double maille<\/strong>, et <strong>e-liquide pr\u00e9-rempli de 20mL<\/strong>, Cet appareil garantit une satisfaction durable \u00e0 chaque bouff\u00e9e. Commandez d\u00e8s maintenant et profitez d'une technologie de vapotage avanc\u00e9e au bout de vos doigts !<\/p>\n\n\n\n<p>Vous pouvez visiter d'autres produits sous la rubrique <strong>Marque VOZOL<\/strong>, ou encore le tout aussi aim\u00e9 <strong>VOZOL VISTA 20000<\/strong>.<\/p>","protected":false},"excerpt":{"rendered":"<p>VOZOL Gear Power 20000 Disposable Vape The VOZOL Gear Power 20000 Disposable is engineered to offer a premium vaping experience with advanced S.i.L.C. Technology and dual power modes. With up to 20,000 puffs in Eco Mode or 12,000 puffs in Power Mode, it ensures long-lasting enjoyment without sacrificing flavor or performance. Whether you&#8217;re a casual [&hellip;]<\/p>\n","protected":false},"featured_media":12767,"comment_status":"open","ping_status":"closed","template":"","meta":[],"product_brand":[178],"product_cat":[133],"product_tag":[],"class_list":{"0":"post-12340","1":"product","2":"type-product","3":"status-publish","4":"has-post-thumbnail","6":"product_brand-vozol","7":"product_cat-20k-puffs","9":"first","10":"instock","11":"sale","12":"shipping-taxable","13":"purchasable","14":"product-type-variable"},"yoast_head":"<!-- This site is optimized with the Yoast SEO plugin v27.4 - https:\/\/yoast.com\/product\/yoast-seo-wordpress\/ -->\n<title>VOZOL Gear Power 20000 Disposable - Dual Power Modes<\/title>\n<meta name=\"description\" content=\"The VOZOL Gear Power 20000 Disposable offers 20,000 puffs. Equipped with a full-view LED display and 20mL e-liquid, it\u2019s the perfect vape device.\" \/>\n<meta name=\"robots\" content=\"index, follow, max-snippet:-1, max-image-preview:large, max-video-preview:-1\" \/>\n<link rel=\"canonical\" href=\"https:\/\/vapemaison.com\/fr\/produit\/vozol-gear-power-20000-puff-5\/\" \/>\n<meta property=\"og:locale\" content=\"fr_FR\" \/>\n<meta property=\"og:type\" content=\"article\" \/>\n<meta property=\"og:title\" content=\"VOZOL Gear Power 20000 Disposable - Dual Power Modes\" \/>\n<meta property=\"og:description\" content=\"The VOZOL Gear Power 20000 Disposable offers 20,000 puffs. Equipped with a full-view LED display and 20mL e-liquid, it\u2019s the perfect vape device.\" \/>\n<meta property=\"og:url\" content=\"https:\/\/vapemaison.com\/fr\/produit\/vozol-gear-power-20000-puff-5\/\" \/>\n<meta property=\"og:site_name\" content=\"VapeMaison\" \/>\n<meta property=\"article:modified_time\" content=\"2026-01-17T05:44:08+00:00\" \/>\n<meta property=\"og:image\" content=\"https:\/\/vapemaison.com\/wp-content\/uploads\/2025\/11\/vozol-gear-power-20k-disposable-20-000-puffs-smart-display.webp\" \/>\n\t<meta property=\"og:image:width\" content=\"910\" \/>\n\t<meta property=\"og:image:height\" content=\"971\" \/>\n\t<meta property=\"og:image:type\" content=\"image\/webp\" \/>\n<meta name=\"twitter:card\" content=\"summary_large_image\" \/>\n<meta name=\"twitter:label1\" content=\"Dur\u00e9e de lecture estim\u00e9e\" \/>\n\t<meta name=\"twitter:data1\" content=\"3 minutes\" \/>\n<!-- \/ Yoast SEO plugin. -->","yoast_head_json":{"title":"VOZOL Gear Power 20000 \u00e0 usage unique - Deux modes d'alimentation","description":"Le VOZOL Gear Power 20000 Disposable offre 20 000 bouff\u00e9es. \u00c9quip\u00e9 d'un \u00e9cran LED plein \u00e9cran et d'un e-liquide de 20mL, c'est l'appareil de vapotage parfait.","robots":{"index":"index","follow":"follow","max-snippet":"max-snippet:-1","max-image-preview":"max-image-preview:large","max-video-preview":"max-video-preview:-1"},"canonical":"https:\/\/vapemaison.com\/fr\/produit\/vozol-gear-power-20000-puff-5\/","og_locale":"fr_FR","og_type":"article","og_title":"VOZOL Gear Power 20000 Disposable - Dual Power Modes","og_description":"The VOZOL Gear Power 20000 Disposable offers 20,000 puffs. Equipped with a full-view LED display and 20mL e-liquid, it\u2019s the perfect vape device.","og_url":"https:\/\/vapemaison.com\/fr\/produit\/vozol-gear-power-20000-puff-5\/","og_site_name":"VapeMaison","article_modified_time":"2026-01-17T05:44:08+00:00","og_image":[{"width":910,"height":971,"url":"https:\/\/vapemaison.com\/wp-content\/uploads\/2025\/11\/vozol-gear-power-20k-disposable-20-000-puffs-smart-display.webp","type":"image\/webp"}],"twitter_card":"summary_large_image","twitter_misc":{"Dur\u00e9e de lecture estim\u00e9e":"3 minutes"},"schema":{"@context":"https:\/\/schema.org","@graph":[{"@type":"WebPage","@id":"https:\/\/vapemaison.com\/product\/vozol-gear-power-20000-puff-5\/","url":"https:\/\/vapemaison.com\/product\/vozol-gear-power-20000-puff-5\/","name":"VOZOL Gear Power 20000 \u00e0 usage unique - Deux modes d'alimentation","isPartOf":{"@id":"https:\/\/vapemaison.com\/#website"},"primaryImageOfPage":{"@id":"https:\/\/vapemaison.com\/product\/vozol-gear-power-20000-puff-5\/#primaryimage"},"image":{"@id":"https:\/\/vapemaison.com\/product\/vozol-gear-power-20000-puff-5\/#primaryimage"},"thumbnailUrl":"https:\/\/vapemaison.com\/wp-content\/uploads\/2025\/11\/vozol-gear-power-20k-disposable-20-000-puffs-smart-display.webp","datePublished":"2025-11-11T09:24:37+00:00","dateModified":"2026-01-17T05:44:08+00:00","description":"Le VOZOL Gear Power 20000 Disposable offre 20 000 bouff\u00e9es. \u00c9quip\u00e9 d'un \u00e9cran LED plein \u00e9cran et d'un e-liquide de 20mL, c'est l'appareil de vapotage parfait.","breadcrumb":{"@id":"https:\/\/vapemaison.com\/product\/vozol-gear-power-20000-puff-5\/#breadcrumb"},"inLanguage":"fr-FR","potentialAction":[{"@type":"ReadAction","target":["https:\/\/vapemaison.com\/product\/vozol-gear-power-20000-puff-5\/"]}]},{"@type":"ImageObject","inLanguage":"fr-FR","@id":"https:\/\/vapemaison.com\/product\/vozol-gear-power-20000-puff-5\/#primaryimage","url":"https:\/\/vapemaison.com\/wp-content\/uploads\/2025\/11\/vozol-gear-power-20k-disposable-20-000-puffs-smart-display.webp","contentUrl":"https:\/\/vapemaison.com\/wp-content\/uploads\/2025\/11\/vozol-gear-power-20k-disposable-20-000-puffs-smart-display.webp","width":910,"height":971,"caption":"Vozol Gear Power 20k Disposable Vape 20 000 Puffs Smart Display"},{"@type":"BreadcrumbList","@id":"https:\/\/vapemaison.com\/product\/vozol-gear-power-20000-puff-5\/#breadcrumb","itemListElement":[{"@type":"ListItem","position":1,"name":"\u9996\u9875","item":"https:\/\/vapemaison.com\/"},{"@type":"ListItem","position":2,"name":"Shop","item":"https:\/\/vapemaison.com\/shop\/"},{"@type":"ListItem","position":3,"name":"Vozol","item":"https:\/\/vapemaison.com\/brand\/vozol\/"},{"@type":"ListItem","position":4,"name":"VOZOL GEAR POWER 20000 PUFF 5%"}]},{"@type":"WebSite","@id":"https:\/\/vapemaison.com\/#website","url":"https:\/\/vapemaison.com\/","name":"VapeMaison","description":"Appareils et accessoires de vapotage haut de gamme","publisher":{"@id":"https:\/\/vapemaison.com\/#organization"},"potentialAction":[{"@type":"SearchAction","target":{"@type":"EntryPoint","urlTemplate":"https:\/\/vapemaison.com\/?s={search_term_string}"},"query-input":{"@type":"PropertyValueSpecification","valueRequired":true,"valueName":"search_term_string"}}],"inLanguage":"fr-FR"},{"@type":"Organization","@id":"https:\/\/vapemaison.com\/#organization","name":"VapeMaison","url":"https:\/\/vapemaison.com\/","logo":{"@type":"ImageObject","inLanguage":"fr-FR","@id":"https:\/\/vapemaison.com\/#\/schema\/logo\/image\/","url":"https:\/\/vapemaison.com\/wp-content\/uploads\/2026\/01\/cropped-vapemaison-logo-g-2026.webp","contentUrl":"https:\/\/vapemaison.com\/wp-content\/uploads\/2026\/01\/cropped-vapemaison-logo-g-2026.webp","width":350,"height":280,"caption":"VapeMaison"},"image":{"@id":"https:\/\/vapemaison.com\/#\/schema\/logo\/image\/"},"sameAs":["https:\/\/www.youtube.com\/@VapeMaison"]}]}},"tiered_pricing_type":"fixed","tiered_pricing_fixed_rules":{"30":"13.04","50":"11.02","100":"10.52","200":"9.52"},"tiered_pricing_product_settings":{"layout":"default","base_unit_name":{"singular":null,"plural":null},"default_variation":null},"tiered_pricing_minimum_quantity":10,"tiered_pricing_roles_data":[],"tiered_pricing_percentage_rules":[],"tiered_pricing_maximum_quantity":null,"tiered_pricing_quantity_step":"10","_links":{"self":[{"href":"https:\/\/vapemaison.com\/fr\/wp-json\/wp\/v2\/product\/12340","targetHints":{"allow":["GET"]}}],"collection":[{"href":"https:\/\/vapemaison.com\/fr\/wp-json\/wp\/v2\/product"}],"about":[{"href":"https:\/\/vapemaison.com\/fr\/wp-json\/wp\/v2\/types\/product"}],"replies":[{"embeddable":true,"href":"https:\/\/vapemaison.com\/fr\/wp-json\/wp\/v2\/comments?post=12340"}],"version-history":[{"count":1,"href":"https:\/\/vapemaison.com\/fr\/wp-json\/wp\/v2\/product\/12340\/revisions"}],"predecessor-version":[{"id":26026,"href":"https:\/\/vapemaison.com\/fr\/wp-json\/wp\/v2\/product\/12340\/revisions\/26026"}],"wp:featuredmedia":[{"embeddable":true,"href":"https:\/\/vapemaison.com\/fr\/wp-json\/wp\/v2\/media\/12767"}],"wp:attachment":[{"href":"https:\/\/vapemaison.com\/fr\/wp-json\/wp\/v2\/media?parent=12340"}],"wp:term":[{"taxonomy":"product_brand","embeddable":true,"href":"https:\/\/vapemaison.com\/fr\/wp-json\/wp\/v2\/product_brand?post=12340"},{"taxonomy":"product_cat","embeddable":true,"href":"https:\/\/vapemaison.com\/fr\/wp-json\/wp\/v2\/product_cat?post=12340"},{"taxonomy":"product_tag","embeddable":true,"href":"https:\/\/vapemaison.com\/fr\/wp-json\/wp\/v2\/product_tag?post=12340"}],"curies":[{"name":"wp","href":"https:\/\/api.w.org\/{rel}","templated":true}]}}