

{"id":12342,"date":"2025-11-11T08:03:31","date_gmt":"2025-11-11T08:03:31","guid":{"rendered":"https:\/\/vapemaison.com\/?post_type=product&#038;p=12342"},"modified":"2026-03-06T03:38:19","modified_gmt":"2026-03-06T03:38:19","slug":"jnr-18000-puff-2-jnr-18k","status":"publish","type":"product","link":"https:\/\/vapemaison.com\/fr\/product\/jnr-18000-puff-2-jnr-18k\/","title":{"rendered":"JNR 18000 PUFF 2% | JNR 18K"},"content":{"rendered":"<h2 class=\"wp-block-heading\"><strong>JNR 18,000 Puffs Vape jetable<\/strong><\/h2>\n\n\n\n<p>Le <strong>JNR 18k<\/strong> red\u00e9finit les performances et la fiabilit\u00e9 des vapes jetables. Con\u00e7u pour les utilisateurs qui appr\u00e9cient la puissance, la saveur et l'endurance, cet appareil d\u00e9livre jusqu'\u00e0 <strong>18 000 bouff\u00e9es<\/strong> avec un <strong>Batterie rechargeable de 950mAh<\/strong>, <strong>Capacit\u00e9 de 24mL d'e-liquide<\/strong>, <strong>syst\u00e8me de bobine \u00e0 double maille<\/strong>, et un <strong>affichage num\u00e9rique int\u00e9gr\u00e9<\/strong>. Il offre une exp\u00e9rience de vapotage de qualit\u00e9 sup\u00e9rieure et constante, id\u00e9ale pour un plaisir de longue dur\u00e9e.<\/p>\n\n\n\n<h3 class=\"wp-block-heading\"><strong>Caract\u00e9ristiques principales<\/strong><\/h3>\n\n\n\n<h4 class=\"wp-block-heading\"><strong>Chargement rapide<\/strong><\/h4>\n\n\n\n<ul class=\"wp-block-list\">\n<li>\u00c9quip\u00e9 d'un <strong>Batterie rechargeable de 950mAh<\/strong> pour une utilisation prolong\u00e9e.<\/li>\n\n\n\n<li><strong>Chargement rapide de type C<\/strong> garantit un temps d'arr\u00eat minimal.<\/li>\n\n\n\n<li>Puissance constante pour des performances fluides de la premi\u00e8re \u00e0 la derni\u00e8re bouff\u00e9e.<\/li>\n<\/ul>\n\n\n\n<h4 class=\"wp-block-heading\"><strong>Grande capacit\u00e9 de 24mL d'e-liquide<\/strong><\/h4>\n\n\n\n<ul class=\"wp-block-list\">\n<li>Pr\u00e9-rempli avec <strong>24mL d'e-liquide<\/strong> pour un vapotage ininterrompu.<\/li>\n\n\n\n<li>Contient <strong>2% (20mg\/mL) sels de nicotine<\/strong> pour un effet de gorge plus doux et une absorption plus rapide.<\/li>\n\n\n\n<li>Id\u00e9al pour les utilisateurs qui souhaitent effectuer de longues sessions sans avoir \u00e0 les remplacer fr\u00e9quemment.<\/li>\n<\/ul>\n\n\n\n<h4 class=\"wp-block-heading\"><strong>\u00c9cran num\u00e9rique intelligent<\/strong><\/h4>\n\n\n\n<ul class=\"wp-block-list\">\n<li>Indique clairement le niveau de la batterie et l'\u00e9tat de l'e-liquide.<\/li>\n\n\n\n<li>Facilite le contr\u00f4le de l'utilisation et la gestion des recharges.<\/li>\n\n\n\n<li>Ajoute une touche de modernit\u00e9 et de haute technologie au design de l'appareil.<\/li>\n<\/ul>\n\n\n\n<h4 class=\"wp-block-heading\"><strong>Technologie Dual Mesh Coil<\/strong><\/h4>\n\n\n\n<ul class=\"wp-block-list\">\n<li>Le syst\u00e8me de bobine \u00e0 double maille am\u00e9liore la densit\u00e9 de la vapeur et la pr\u00e9cision des ar\u00f4mes.<\/li>\n\n\n\n<li>Produit des nuages doux, riches et \u00e9quilibr\u00e9s.<\/li>\n\n\n\n<li>Maintient d'excellentes performances m\u00eame lorsque le niveau de la batterie est faible.<\/li>\n<\/ul>\n\n\n\n<h3 class=\"wp-block-heading\"><strong>JNR 18K Flavor<\/strong><\/h3>\n\n\n\n<p>La JNR 18K offre une gamme diversifi\u00e9e de plus de <strong>20 saveurs<\/strong>, La gamme de produits de l'Union europ\u00e9enne se compose de fruits, de glace et de profils inspir\u00e9s des desserts, pour satisfaire toutes les pr\u00e9f\u00e9rences.<br>En voici quelques exemples :<\/p>\n\n\n\n<ul class=\"wp-block-list\">\n<li>Fraise Kiwi<\/li>\n\n\n\n<li>Glace Blue Razz<\/li>\n\n\n\n<li>Fruit de la passion Kiwi<\/li>\n\n\n\n<li>Baies m\u00e9lang\u00e9es<\/li>\n\n\n\n<li>Glace \u00e0 la past\u00e8que<\/li>\n\n\n\n<li>Fraise et banane<\/li>\n\n\n\n<li>Cola \u00e0 la cerise<\/li>\n\n\n\n<li>P\u00eache Baies<\/li>\n\n\n\n<li>Glace de raisin<\/li>\n<\/ul>\n\n\n\n<h3 class=\"wp-block-heading\"><strong>Pourquoi choisir la JNR 18K ?<\/strong><\/h3>\n\n\n\n<ul class=\"wp-block-list\">\n<li>Jusqu'\u00e0 <strong>18 000 bouff\u00e9es par appareil<\/strong><\/li>\n\n\n\n<li>Bobine \u00e0 double maille de premi\u00e8re qualit\u00e9 et \u00e9cran num\u00e9rique intelligent<\/li>\n\n\n\n<li><strong>R\u00e9servoir XL 24mL<\/strong> pour des sessions de vapotage prolong\u00e9es<\/li>\n\n\n\n<li>Plus de <strong>20 saveurs les plus vendues<\/strong><\/li>\n\n\n\n<li>Parfait pour les utilisateurs et les revendeurs qui recherchent <strong>la qualit\u00e9, la coh\u00e9rence et la valeur<\/strong><\/li>\n<\/ul>\n\n\n\n<p>Le <strong>JNR FALCON-X 18 000 bouff\u00e9es Vape jetable<\/strong> combine une grande capacit\u00e9, une technologie intelligente et des performances puissantes pour offrir une exp\u00e9rience de vapotage sup\u00e9rieure. Avec une conception avanc\u00e9e de la bobine, une longue dur\u00e9e de vie de la batterie et une s\u00e9lection d'ar\u00f4mes audacieuse, il constitue un choix de premier ordre pour tous ceux qui recherchent la fiabilit\u00e9 et la satisfaction dans un dispositif jetable.<\/p>","protected":false},"excerpt":{"rendered":"<p>JNR 18,000 Puffs Disposable Vape The JNR 18k redefines performance and reliability in disposable vapes. Designed for users who value power, flavor, and endurance, this device delivers up to 18,000 puffs with a 950mAh rechargeable battery, 24mL e-liquid capacity, dual mesh coil system, and an integrated digital display. It offers a premium, consistent vaping experience [&hellip;]<\/p>\n","protected":false},"featured_media":12354,"comment_status":"open","ping_status":"closed","template":"","meta":[],"product_brand":[168],"product_cat":[175],"product_tag":[],"class_list":{"0":"post-12342","1":"product","2":"type-product","3":"status-publish","4":"has-post-thumbnail","6":"product_brand-jnr","7":"product_cat-18k-puffs","9":"first","10":"instock","11":"sale","12":"shipping-taxable","13":"purchasable","14":"product-type-variable"},"yoast_head":"<!-- This site is optimized with the Yoast SEO plugin v27.4 - https:\/\/yoast.com\/product\/yoast-seo-wordpress\/ -->\n<title>JNR 18k Puffs Disposable Vape | Dual Mesh Coil &amp; Smart Display<\/title>\n<meta name=\"description\" content=\"Discover the JNR 18k Puffs Disposable Vape featuring a 950mAh rechargeable battery. Enjoy over 20 rich flavors with smooth vapor.\" \/>\n<meta name=\"robots\" content=\"index, follow, max-snippet:-1, max-image-preview:large, max-video-preview:-1\" \/>\n<link rel=\"canonical\" href=\"https:\/\/vapemaison.com\/fr\/produit\/jnr-18000-puff-2-jnr-18k\/\" \/>\n<meta property=\"og:locale\" content=\"fr_FR\" \/>\n<meta property=\"og:type\" content=\"article\" \/>\n<meta property=\"og:title\" content=\"JNR 18k Puffs Disposable Vape | Dual Mesh Coil &amp; Smart Display\" \/>\n<meta property=\"og:description\" content=\"Discover the JNR 18k Puffs Disposable Vape featuring a 950mAh rechargeable battery. Enjoy over 20 rich flavors with smooth vapor.\" \/>\n<meta property=\"og:url\" content=\"https:\/\/vapemaison.com\/fr\/produit\/jnr-18000-puff-2-jnr-18k\/\" \/>\n<meta property=\"og:site_name\" content=\"VapeMaison\" \/>\n<meta property=\"article:modified_time\" content=\"2026-03-06T03:38:19+00:00\" \/>\n<meta property=\"og:image\" content=\"https:\/\/vapemaison.com\/wp-content\/uploads\/2025\/11\/jnr-falon-x-18000-puffs-24hvape-jnr-falon-x-18000-puffs-sleek-vape-jnr-falon-x-18000-puffs-home-page-picture.jpg.webp\" \/>\n\t<meta property=\"og:image:width\" content=\"1000\" \/>\n\t<meta property=\"og:image:height\" content=\"1000\" \/>\n\t<meta property=\"og:image:type\" content=\"image\/webp\" \/>\n<meta name=\"twitter:card\" content=\"summary_large_image\" \/>\n<meta name=\"twitter:label1\" content=\"Dur\u00e9e de lecture estim\u00e9e\" \/>\n\t<meta name=\"twitter:data1\" content=\"2 minutes\" \/>\n<!-- \/ Yoast SEO plugin. -->","yoast_head_json":{"title":"JNR 18k Puffs Disposable Vape | Dual Mesh Coil &amp; Smart Display","description":"D\u00e9couvrez la JNR 18k Puffs Vape jetable avec une batterie rechargeable de 950mAh. Appr\u00e9ciez plus de 20 saveurs riches avec une vapeur douce.","robots":{"index":"index","follow":"follow","max-snippet":"max-snippet:-1","max-image-preview":"max-image-preview:large","max-video-preview":"max-video-preview:-1"},"canonical":"https:\/\/vapemaison.com\/fr\/produit\/jnr-18000-puff-2-jnr-18k\/","og_locale":"fr_FR","og_type":"article","og_title":"JNR 18k Puffs Disposable Vape | Dual Mesh Coil & Smart Display","og_description":"Discover the JNR 18k Puffs Disposable Vape featuring a 950mAh rechargeable battery. Enjoy over 20 rich flavors with smooth vapor.","og_url":"https:\/\/vapemaison.com\/fr\/produit\/jnr-18000-puff-2-jnr-18k\/","og_site_name":"VapeMaison","article_modified_time":"2026-03-06T03:38:19+00:00","og_image":[{"width":1000,"height":1000,"url":"https:\/\/vapemaison.com\/wp-content\/uploads\/2025\/11\/jnr-falon-x-18000-puffs-24hvape-jnr-falon-x-18000-puffs-sleek-vape-jnr-falon-x-18000-puffs-home-page-picture.jpg.webp","type":"image\/webp"}],"twitter_card":"summary_large_image","twitter_misc":{"Dur\u00e9e de lecture estim\u00e9e":"2 minutes"},"schema":{"@context":"https:\/\/schema.org","@graph":[{"@type":"WebPage","@id":"https:\/\/vapemaison.com\/product\/jnr-18000-puff-2-jnr-18k\/","url":"https:\/\/vapemaison.com\/product\/jnr-18000-puff-2-jnr-18k\/","name":"JNR 18k Puffs Disposable Vape | Dual Mesh Coil &amp; Smart Display","isPartOf":{"@id":"https:\/\/vapemaison.com\/#website"},"primaryImageOfPage":{"@id":"https:\/\/vapemaison.com\/product\/jnr-18000-puff-2-jnr-18k\/#primaryimage"},"image":{"@id":"https:\/\/vapemaison.com\/product\/jnr-18000-puff-2-jnr-18k\/#primaryimage"},"thumbnailUrl":"https:\/\/vapemaison.com\/wp-content\/uploads\/2025\/11\/jnr-falon-x-18000-puffs-24hvape-jnr-falon-x-18000-puffs-sleek-vape-jnr-falon-x-18000-puffs-home-page-picture.jpg.webp","datePublished":"2025-11-11T08:03:31+00:00","dateModified":"2026-03-06T03:38:19+00:00","description":"D\u00e9couvrez la JNR 18k Puffs Vape jetable avec une batterie rechargeable de 950mAh. Appr\u00e9ciez plus de 20 saveurs riches avec une vapeur douce.","breadcrumb":{"@id":"https:\/\/vapemaison.com\/product\/jnr-18000-puff-2-jnr-18k\/#breadcrumb"},"inLanguage":"fr-FR","potentialAction":[{"@type":"ReadAction","target":["https:\/\/vapemaison.com\/product\/jnr-18000-puff-2-jnr-18k\/"]}]},{"@type":"ImageObject","inLanguage":"fr-FR","@id":"https:\/\/vapemaison.com\/product\/jnr-18000-puff-2-jnr-18k\/#primaryimage","url":"https:\/\/vapemaison.com\/wp-content\/uploads\/2025\/11\/jnr-falon-x-18000-puffs-24hvape-jnr-falon-x-18000-puffs-sleek-vape-jnr-falon-x-18000-puffs-home-page-picture.jpg.webp","contentUrl":"https:\/\/vapemaison.com\/wp-content\/uploads\/2025\/11\/jnr-falon-x-18000-puffs-24hvape-jnr-falon-x-18000-puffs-sleek-vape-jnr-falon-x-18000-puffs-home-page-picture.jpg.webp","width":1000,"height":1000,"caption":"Jnr Falon X Puffs 24hvape Sleek Vape Home Page Picture.jpg"},{"@type":"BreadcrumbList","@id":"https:\/\/vapemaison.com\/product\/jnr-18000-puff-2-jnr-18k\/#breadcrumb","itemListElement":[{"@type":"ListItem","position":1,"name":"\u9996\u9875","item":"https:\/\/vapemaison.com\/"},{"@type":"ListItem","position":2,"name":"Shop","item":"https:\/\/vapemaison.com\/shop\/"},{"@type":"ListItem","position":3,"name":"JNR","item":"https:\/\/vapemaison.com\/brand\/jnr\/"},{"@type":"ListItem","position":4,"name":"JNR 18000 PUFF 2% | JNR 18K"}]},{"@type":"WebSite","@id":"https:\/\/vapemaison.com\/#website","url":"https:\/\/vapemaison.com\/","name":"VapeMaison","description":"Appareils et accessoires de vapotage haut de gamme","publisher":{"@id":"https:\/\/vapemaison.com\/#organization"},"potentialAction":[{"@type":"SearchAction","target":{"@type":"EntryPoint","urlTemplate":"https:\/\/vapemaison.com\/?s={search_term_string}"},"query-input":{"@type":"PropertyValueSpecification","valueRequired":true,"valueName":"search_term_string"}}],"inLanguage":"fr-FR"},{"@type":"Organization","@id":"https:\/\/vapemaison.com\/#organization","name":"VapeMaison","url":"https:\/\/vapemaison.com\/","logo":{"@type":"ImageObject","inLanguage":"fr-FR","@id":"https:\/\/vapemaison.com\/#\/schema\/logo\/image\/","url":"https:\/\/vapemaison.com\/wp-content\/uploads\/2026\/01\/cropped-vapemaison-logo-g-2026.webp","contentUrl":"https:\/\/vapemaison.com\/wp-content\/uploads\/2026\/01\/cropped-vapemaison-logo-g-2026.webp","width":350,"height":280,"caption":"VapeMaison"},"image":{"@id":"https:\/\/vapemaison.com\/#\/schema\/logo\/image\/"},"sameAs":["https:\/\/www.youtube.com\/@VapeMaison"]}]}},"tiered_pricing_type":"fixed","tiered_pricing_fixed_rules":{"30":"11.42","50":"10.99","100":"10.54","200":"9.98"},"tiered_pricing_product_settings":{"layout":"default","base_unit_name":{"singular":null,"plural":null},"default_variation":null},"tiered_pricing_minimum_quantity":10,"tiered_pricing_roles_data":[],"tiered_pricing_percentage_rules":[],"tiered_pricing_maximum_quantity":null,"tiered_pricing_quantity_step":"10","_links":{"self":[{"href":"https:\/\/vapemaison.com\/fr\/wp-json\/wp\/v2\/product\/12342","targetHints":{"allow":["GET"]}}],"collection":[{"href":"https:\/\/vapemaison.com\/fr\/wp-json\/wp\/v2\/product"}],"about":[{"href":"https:\/\/vapemaison.com\/fr\/wp-json\/wp\/v2\/types\/product"}],"replies":[{"embeddable":true,"href":"https:\/\/vapemaison.com\/fr\/wp-json\/wp\/v2\/comments?post=12342"}],"version-history":[{"count":1,"href":"https:\/\/vapemaison.com\/fr\/wp-json\/wp\/v2\/product\/12342\/revisions"}],"predecessor-version":[{"id":27794,"href":"https:\/\/vapemaison.com\/fr\/wp-json\/wp\/v2\/product\/12342\/revisions\/27794"}],"wp:featuredmedia":[{"embeddable":true,"href":"https:\/\/vapemaison.com\/fr\/wp-json\/wp\/v2\/media\/12354"}],"wp:attachment":[{"href":"https:\/\/vapemaison.com\/fr\/wp-json\/wp\/v2\/media?parent=12342"}],"wp:term":[{"taxonomy":"product_brand","embeddable":true,"href":"https:\/\/vapemaison.com\/fr\/wp-json\/wp\/v2\/product_brand?post=12342"},{"taxonomy":"product_cat","embeddable":true,"href":"https:\/\/vapemaison.com\/fr\/wp-json\/wp\/v2\/product_cat?post=12342"},{"taxonomy":"product_tag","embeddable":true,"href":"https:\/\/vapemaison.com\/fr\/wp-json\/wp\/v2\/product_tag?post=12342"}],"curies":[{"name":"wp","href":"https:\/\/api.w.org\/{rel}","templated":true}]}}