

{"id":13644,"date":"2025-11-13T07:10:31","date_gmt":"2025-11-13T07:10:31","guid":{"rendered":"https:\/\/vapemaison.com\/?post_type=product&#038;p=13644"},"modified":"2025-11-21T08:52:22","modified_gmt":"2025-11-21T08:52:22","slug":"vozol-vista-20000-grape-lce-puff-5","status":"publish","type":"product","link":"https:\/\/vapemaison.com\/fr\/product\/vozol-vista-20000-grape-lce-puff-5\/","title":{"rendered":"VOZOL VISTA 20000 Grape lce PUFF 5%"},"content":{"rendered":"<h3 class=\"wp-block-heading\"><strong>Caract\u00e9ristiques principales<\/strong><\/h3>\n\n\n\n<ul class=\"wp-block-list\">\n<li><strong>\u00c9cran OLED<\/strong> - Montre clairement <strong>niveau de batterie<\/strong> et <strong>niveau d'e-liquide<\/strong> en temps r\u00e9el.<\/li>\n\n\n\n<li><strong>R\u00e9glage de la puissance \u00e0 6 niveaux<\/strong> - Personnalisez l'intensit\u00e9 de votre vapotage en tournant l'appareil.<\/li>\n\n\n\n<li><strong>Puce MCU intelligente<\/strong> - Offre des performances stables et un contr\u00f4le pr\u00e9cis de la puissance.<\/li>\n\n\n\n<li><strong>Conception \u00e9cologique<\/strong> - Fabriqu\u00e9 \u00e0 partir de <strong>65% plastique PCR recyclable<\/strong> pour une exp\u00e9rience de vapotage durable.<\/li>\n\n\n\n<li><strong>S.i.L.C Tech Dual Mesh Coil<\/strong> - Assure une saveur plus riche et des nuages plus doux.<\/li>\n\n\n\n<li><strong>Plus de 20 000 bouff\u00e9es massives<\/strong> - Performance durable pour une utilisation prolong\u00e9e.<\/li>\n\n\n\n<li><strong>Batterie rechargeable 650mAh<\/strong> - Chargement rapide de type C ; charge compl\u00e8te en <strong>45-60 minutes<\/strong>.<\/li>\n\n\n\n<li><strong>Exp\u00e9rience de vapotage MTL<\/strong> - Parfait pour des tirages bouche \u00e0 poumon doux et satisfaisants.<\/li>\n\n\n\n<li><strong>Conforme \u00e0 la DPT<\/strong> - S\u00fbre et r\u00e9glement\u00e9e pour le march\u00e9 mondial.<\/li>\n<\/ul>\n\n\n\n<h3 class=\"wp-block-heading\"><strong>Sp\u00e9cifications<\/strong><\/h3>\n\n\n\n<figure class=\"wp-block-table\"><table class=\"has-fixed-layout\"><thead><tr><th>Objet<\/th><th>D\u00e9tails<\/th><\/tr><\/thead><tbody><tr><td><strong>Capacit\u00e9 de la batterie<\/strong><\/td><td>650mAh (rechargeable)<\/td><\/tr><tr><td><strong>Port de charge<\/strong><\/td><td>USB-C<\/td><\/tr><tr><td><strong>Temps de charge<\/strong><\/td><td>Environ 1 heure<\/td><\/tr><tr><td><strong>Affichage<\/strong><\/td><td>\u00c9cran OLED<\/td><\/tr><tr><td><strong>Type de bobine<\/strong><\/td><td>S.i.L.C Tech Dual Mesh Coil<\/td><\/tr><tr><td><strong>Mat\u00e9riau<\/strong><\/td><td>65% PCR plastique \u00e9cologique<\/td><\/tr><tr><td><strong>Puffs<\/strong><\/td><td>20,000+<\/td><\/tr><tr><td><strong>Intensit\u00e9 de la nicotine<\/strong><\/td><td>2% NS<\/td><\/tr><tr><td><strong>R\u00e9glage de la sortie<\/strong><\/td><td>Contr\u00f4le des watts \u00e0 6 niveaux<\/td><\/tr><tr><td><strong>Style de vapotage<\/strong><\/td><td>MTL (bouche \u00e0 poumon)<\/td><\/tr><\/tbody><\/table><\/figure>\n\n\n\n<h3 class=\"wp-block-heading\"><strong>Saveurs disponibles <\/strong><\/h3>\n\n\n\n<ul class=\"wp-block-list\">\n<li>1. cola \u00e0 la cerise<\/li>\n\n\n\n<li>2.Peach lce<\/li>\n\n\n\n<li>3. pomme acide lce<\/li>\n\n\n\n<li>4.Miami Mint<\/li>\n\n\n\n<li>5.lce de raisin<\/li>\n\n\n\n<li>6. melon d'eau<\/li>\n\n\n\n<li>7.Razz lce bleu<\/li>\n\n\n\n<li>8. p\u00eache mangue past\u00e8que<\/li>\n\n\n\n<li>9. mangue fraise<\/li>\n\n\n\n<li>10. framboise past\u00e8que<\/li>\n\n\n\n<li>11.VZBul<\/li>\n\n\n\n<li>12. chewing-gum \u00e0 la past\u00e8que<\/li>\n\n\n\n<li>13.Vanicreme Tabac<\/li>\n\n\n\n<li>14.baies m\u00e9lang\u00e9es<\/li>\n\n\n\n<li>15. citron vert<\/li>\n\n\n\n<li>16.fraise framboise cerise<\/li>\n\n\n\n<li>17. mangue lce<\/li>\n\n\n\n<li>18.fruit du dragon banane cerise<\/li>\n\n\n\n<li>19.fleur de sureau pamplemousse<\/li>\n\n\n\n<li>20. feu de lave<\/li>\n<\/ul>\n\n\n\n<h3 class=\"wp-block-heading\"><strong>Points forts du produit<\/strong><\/h3>\n\n\n\n<ul class=\"wp-block-list\">\n<li><strong>\u00c9cran OLED vibrant<\/strong> - Visualisation instantan\u00e9e des niveaux de puissance, de batterie et de liquide.<\/li>\n\n\n\n<li><strong>Contr\u00f4le de la puissance r\u00e9glable<\/strong> - Six niveaux de puissance pour s'adapter \u00e0 votre go\u00fbt et \u00e0 votre humeur.<\/li>\n\n\n\n<li><strong>Chargement rapide<\/strong> - Recharge compl\u00e8te en seulement 45 \u00e0 60 minutes via USB-C.<\/li>\n\n\n\n<li><strong>Conception \u00e9coconsciente<\/strong> - Fabriqu\u00e9 avec 65% de mat\u00e9riaux recycl\u00e9s post-consommation.<\/li>\n\n\n\n<li><strong>Une production d'ar\u00f4mes homog\u00e8ne<\/strong> - La technologie des bobines \u00e0 double maille garantit que chaque bouff\u00e9e est pure et douce.<\/li>\n<\/ul>\n\n\n\n<h3 class=\"wp-block-heading\"><strong>Le paquet comprend<\/strong><\/h3>\n\n\n\n<ul class=\"wp-block-list\">\n<li>1 \u00d7 <strong>Appareil rechargeable VOZOL VISTA 20000<\/strong><\/li>\n\n\n\n<li>1 \u00d7 <strong>Cosse VOZOL VISTA<\/strong><\/li>\n<\/ul>\n\n\n\n<p>Vous pouvez visiter d'autres produits sous la rubrique <strong><a href=\"https:\/\/vapemaison.com\/brand\/vozol\/\">Marque VOZOL<\/a><\/strong>, ou encore le tout aussi aim\u00e9 <strong><a href=\"https:\/\/vapemaison.com\/product\/vozol-star-20000-puffs-vape\/\">VOZOL STAR 20000<\/a><\/strong>.<\/p>\n\n\n\n<p><\/p>","protected":false},"excerpt":{"rendered":"<p>Le <strong data-start=\"521\" data-end=\"547\">VOZOL VISTA 20000 Vape<\/strong> offre plus de 20 000 bouff\u00e9es avec 24 saveurs excitantes. Dot\u00e9 d'une batterie rechargeable de 650mAh, d'un contr\u00f4le de puissance \u00e0 6 niveaux et de mat\u00e9riaux \u00e9cologiques, il est con\u00e7u pour une exp\u00e9rience de vapotage durable et satisfaisante. Chargement rapide par USB-C et affichage OLED pour une surveillance facile.<\/p>","protected":false},"featured_media":13705,"comment_status":"open","ping_status":"closed","template":"","meta":[],"product_brand":[178],"product_cat":[133],"product_tag":[],"class_list":{"0":"post-13644","1":"product","2":"type-product","3":"status-publish","4":"has-post-thumbnail","6":"product_brand-vozol","7":"product_cat-20k-puffs","9":"first","10":"instock","11":"sale","12":"shipping-taxable","13":"purchasable","14":"product-type-variable"},"yoast_head":"<!-- This site is optimized with the Yoast SEO plugin v27.4 - https:\/\/yoast.com\/product\/yoast-seo-wordpress\/ -->\n<title>VOZOL VISTA 20000 Vape - Long-lasting Vaping Experience<\/title>\n<meta name=\"description\" content=\"Discover the VOZOL VISTA 20000 Vape. Enjoy eco-friendly vaping with 20,000+ puffs, OLED display, and fast USB-C charging. Perfect for smooth MTL hits!\" \/>\n<meta name=\"robots\" content=\"index, follow, max-snippet:-1, max-image-preview:large, max-video-preview:-1\" \/>\n<link rel=\"canonical\" href=\"https:\/\/vapemaison.com\/fr\/produit\/vozol-vista-20000-grape-lce-puff-5\/\" \/>\n<meta property=\"og:locale\" content=\"fr_FR\" \/>\n<meta property=\"og:type\" content=\"article\" \/>\n<meta property=\"og:title\" content=\"VOZOL VISTA 20000 Vape - Long-lasting Vaping Experience\" \/>\n<meta property=\"og:description\" content=\"Discover the VOZOL VISTA 20000 Vape. Enjoy eco-friendly vaping with 20,000+ puffs, OLED display, and fast USB-C charging. Perfect for smooth MTL hits!\" \/>\n<meta property=\"og:url\" content=\"https:\/\/vapemaison.com\/fr\/produit\/vozol-vista-20000-grape-lce-puff-5\/\" \/>\n<meta property=\"og:site_name\" content=\"VapeMaison\" \/>\n<meta property=\"article:modified_time\" content=\"2025-11-21T08:52:22+00:00\" \/>\n<meta property=\"og:image\" content=\"https:\/\/vapemaison.com\/wp-content\/uploads\/2025\/11\/VOZOL-VISTA-20000-Disposable-Vape-grape-ice-1.jpg\" \/>\n\t<meta property=\"og:image:width\" content=\"600\" \/>\n\t<meta property=\"og:image:height\" content=\"600\" \/>\n\t<meta property=\"og:image:type\" content=\"image\/jpeg\" \/>\n<meta name=\"twitter:card\" content=\"summary_large_image\" \/>\n<meta name=\"twitter:label1\" content=\"Dur\u00e9e de lecture estim\u00e9e\" \/>\n\t<meta name=\"twitter:data1\" content=\"2 minutes\" \/>\n<!-- \/ Yoast SEO plugin. -->","yoast_head_json":{"title":"VOZOL VISTA 20000 Vape - Exp\u00e9rience de vapotage de longue dur\u00e9e","description":"D\u00e9couvrez la Vape VOZOL VISTA 20000. Profitez d'un vapotage respectueux de l'environnement avec plus de 20 000 bouff\u00e9es, un \u00e9cran OLED et une charge USB-C rapide. Parfait pour les hits MTL fluides !","robots":{"index":"index","follow":"follow","max-snippet":"max-snippet:-1","max-image-preview":"max-image-preview:large","max-video-preview":"max-video-preview:-1"},"canonical":"https:\/\/vapemaison.com\/fr\/produit\/vozol-vista-20000-grape-lce-puff-5\/","og_locale":"fr_FR","og_type":"article","og_title":"VOZOL VISTA 20000 Vape - Long-lasting Vaping Experience","og_description":"Discover the VOZOL VISTA 20000 Vape. Enjoy eco-friendly vaping with 20,000+ puffs, OLED display, and fast USB-C charging. Perfect for smooth MTL hits!","og_url":"https:\/\/vapemaison.com\/fr\/produit\/vozol-vista-20000-grape-lce-puff-5\/","og_site_name":"VapeMaison","article_modified_time":"2025-11-21T08:52:22+00:00","og_image":[{"width":600,"height":600,"url":"https:\/\/vapemaison.com\/wp-content\/uploads\/2025\/11\/VOZOL-VISTA-20000-Disposable-Vape-grape-ice-1.jpg","type":"image\/jpeg"}],"twitter_card":"summary_large_image","twitter_misc":{"Dur\u00e9e de lecture estim\u00e9e":"2 minutes"},"schema":{"@context":"https:\/\/schema.org","@graph":[{"@type":"WebPage","@id":"https:\/\/vapemaison.com\/product\/vozol-vista-20000-grape-lce-puff-5\/","url":"https:\/\/vapemaison.com\/product\/vozol-vista-20000-grape-lce-puff-5\/","name":"VOZOL VISTA 20000 Vape - Exp\u00e9rience de vapotage de longue dur\u00e9e","isPartOf":{"@id":"https:\/\/vapemaison.com\/#website"},"primaryImageOfPage":{"@id":"https:\/\/vapemaison.com\/product\/vozol-vista-20000-grape-lce-puff-5\/#primaryimage"},"image":{"@id":"https:\/\/vapemaison.com\/product\/vozol-vista-20000-grape-lce-puff-5\/#primaryimage"},"thumbnailUrl":"https:\/\/vapemaison.com\/wp-content\/uploads\/2025\/11\/VOZOL-VISTA-20000-Disposable-Vape-grape-ice-1.jpg","datePublished":"2025-11-13T07:10:31+00:00","dateModified":"2025-11-21T08:52:22+00:00","description":"D\u00e9couvrez la Vape VOZOL VISTA 20000. Profitez d'un vapotage respectueux de l'environnement avec plus de 20 000 bouff\u00e9es, un \u00e9cran OLED et une charge USB-C rapide. Parfait pour les hits MTL fluides !","breadcrumb":{"@id":"https:\/\/vapemaison.com\/product\/vozol-vista-20000-grape-lce-puff-5\/#breadcrumb"},"inLanguage":"fr-FR","potentialAction":[{"@type":"ReadAction","target":["https:\/\/vapemaison.com\/product\/vozol-vista-20000-grape-lce-puff-5\/"]}]},{"@type":"ImageObject","inLanguage":"fr-FR","@id":"https:\/\/vapemaison.com\/product\/vozol-vista-20000-grape-lce-puff-5\/#primaryimage","url":"https:\/\/vapemaison.com\/wp-content\/uploads\/2025\/11\/VOZOL-VISTA-20000-Disposable-Vape-grape-ice-1.jpg","contentUrl":"https:\/\/vapemaison.com\/wp-content\/uploads\/2025\/11\/VOZOL-VISTA-20000-Disposable-Vape-grape-ice-1.jpg","width":600,"height":600,"caption":"Vozol Vista Disposable Vape Grape Ice"},{"@type":"BreadcrumbList","@id":"https:\/\/vapemaison.com\/product\/vozol-vista-20000-grape-lce-puff-5\/#breadcrumb","itemListElement":[{"@type":"ListItem","position":1,"name":"\u9996\u9875","item":"https:\/\/vapemaison.com\/"},{"@type":"ListItem","position":2,"name":"Shop","item":"https:\/\/vapemaison.com\/shop\/"},{"@type":"ListItem","position":3,"name":"Vozol","item":"https:\/\/vapemaison.com\/brand\/vozol\/"},{"@type":"ListItem","position":4,"name":"VOZOL VISTA 20000 Grape lce PUFF 5%"}]},{"@type":"WebSite","@id":"https:\/\/vapemaison.com\/#website","url":"https:\/\/vapemaison.com\/","name":"VapeMaison","description":"Appareils et accessoires de vapotage haut de gamme","publisher":{"@id":"https:\/\/vapemaison.com\/#organization"},"potentialAction":[{"@type":"SearchAction","target":{"@type":"EntryPoint","urlTemplate":"https:\/\/vapemaison.com\/?s={search_term_string}"},"query-input":{"@type":"PropertyValueSpecification","valueRequired":true,"valueName":"search_term_string"}}],"inLanguage":"fr-FR"},{"@type":"Organization","@id":"https:\/\/vapemaison.com\/#organization","name":"VapeMaison","url":"https:\/\/vapemaison.com\/","logo":{"@type":"ImageObject","inLanguage":"fr-FR","@id":"https:\/\/vapemaison.com\/#\/schema\/logo\/image\/","url":"https:\/\/vapemaison.com\/wp-content\/uploads\/2026\/01\/cropped-vapemaison-logo-g-2026.webp","contentUrl":"https:\/\/vapemaison.com\/wp-content\/uploads\/2026\/01\/cropped-vapemaison-logo-g-2026.webp","width":350,"height":280,"caption":"VapeMaison"},"image":{"@id":"https:\/\/vapemaison.com\/#\/schema\/logo\/image\/"},"sameAs":["https:\/\/www.youtube.com\/@VapeMaison"]}]}},"tiered_pricing_type":"fixed","tiered_pricing_fixed_rules":{"30":"11.24","50":"10.36","100":"9.56","200":"8.47"},"tiered_pricing_product_settings":{"layout":"default","base_unit_name":{"singular":null,"plural":null},"default_variation":null},"tiered_pricing_minimum_quantity":10,"tiered_pricing_roles_data":[],"tiered_pricing_percentage_rules":[],"tiered_pricing_maximum_quantity":null,"tiered_pricing_quantity_step":"10","_links":{"self":[{"href":"https:\/\/vapemaison.com\/fr\/wp-json\/wp\/v2\/product\/13644","targetHints":{"allow":["GET"]}}],"collection":[{"href":"https:\/\/vapemaison.com\/fr\/wp-json\/wp\/v2\/product"}],"about":[{"href":"https:\/\/vapemaison.com\/fr\/wp-json\/wp\/v2\/types\/product"}],"replies":[{"embeddable":true,"href":"https:\/\/vapemaison.com\/fr\/wp-json\/wp\/v2\/comments?post=13644"}],"version-history":[{"count":0,"href":"https:\/\/vapemaison.com\/fr\/wp-json\/wp\/v2\/product\/13644\/revisions"}],"wp:featuredmedia":[{"embeddable":true,"href":"https:\/\/vapemaison.com\/fr\/wp-json\/wp\/v2\/media\/13705"}],"wp:attachment":[{"href":"https:\/\/vapemaison.com\/fr\/wp-json\/wp\/v2\/media?parent=13644"}],"wp:term":[{"taxonomy":"product_brand","embeddable":true,"href":"https:\/\/vapemaison.com\/fr\/wp-json\/wp\/v2\/product_brand?post=13644"},{"taxonomy":"product_cat","embeddable":true,"href":"https:\/\/vapemaison.com\/fr\/wp-json\/wp\/v2\/product_cat?post=13644"},{"taxonomy":"product_tag","embeddable":true,"href":"https:\/\/vapemaison.com\/fr\/wp-json\/wp\/v2\/product_tag?post=13644"}],"curies":[{"name":"wp","href":"https:\/\/api.w.org\/{rel}","templated":true}]}}