

{"id":13713,"date":"2025-11-13T07:53:08","date_gmt":"2025-11-13T07:53:08","guid":{"rendered":"https:\/\/vapemaison.com\/?post_type=product&#038;p=13713"},"modified":"2026-02-10T06:58:02","modified_gmt":"2026-02-10T06:58:02","slug":"elfbar-blueberry-energize-bc-5000","status":"publish","type":"product","link":"https:\/\/vapemaison.com\/fr\/product\/elfbar-blueberry-energize-bc-5000\/","title":{"rendered":"Elfbar Blueberry Energize BC5000"},"content":{"rendered":"<p><strong>Elfbar Blueberry BC5000 Vape jetable<\/strong><\/p>\n\n\n\n<p><strong>Conception :<\/strong> Conception compacte de type bo\u00eete, avec une apparence lisse et mignonne. Les <strong>Barre Elf BC5000<\/strong> pr\u00e9sente une \u00e9l\u00e9gante couleur bicolore d\u00e9grad\u00e9e qui s'harmonise parfaitement avec sa vari\u00e9t\u00e9 de saveurs.<\/p>\n\n\n\n<p><strong>Capacit\u00e9 :<\/strong> 13 ml d'e-liquide pour jusqu'\u00e0 <strong>5 000 bouff\u00e9es<\/strong>. Malgr\u00e9 sa petite taille, il offre des performances durables et une saveur constante.<\/p>\n\n\n\n<p><strong>Batterie :<\/strong> Construit avec un <strong>Batterie rechargeable de 650 mAh<\/strong>, La batterie de l'appareil fournit une \u00e9nergie forte et stable. Lorsque le voyant clignote, cela signifie que la batterie est faible - il suffit de la recharger.<\/p>\n\n\n\n<p><strong>Chargement :<\/strong> \u00c9quip\u00e9 d'un <strong>Port de type C<\/strong> pour un chargement rapide et facile. Le temps de charge recommand\u00e9 est de <strong>30-90 minutes<\/strong>. Veuillez utiliser une tension inf\u00e9rieure \u00e0 5 V pour \u00e9viter tout dommage.<\/p>\n\n\n\n<p><strong>Bobine :<\/strong> Bobine double pour une vapeur douce, une distribution \u00e9quilibr\u00e9e de la chaleur et un go\u00fbt riche.<\/p>\n\n\n\n<p><strong>Intensit\u00e9 de la nicotine :<\/strong> Disponible en <strong>0 %<\/strong>, <strong>3 %<\/strong>, et <strong>5 %<\/strong> (0 mg\/ml, 30 mg\/ml, 50 mg\/ml), en fonction des r\u00e9glementations r\u00e9gionales. <em>(La nicotine est un produit chimique qui cr\u00e9e une d\u00e9pendance ; elle n'est pas destin\u00e9e aux mineurs).<\/em><\/p>\n\n\n\n<p><strong>S\u00e9rie :<\/strong> <strong>Barre Elf BC5000<\/strong> - l'une des vapes \u00e0 dosettes jetables les plus populaires, appr\u00e9ci\u00e9e pour sa capacit\u00e9, la qualit\u00e9 de ses ar\u00f4mes et son large choix.<\/p>\n\n\n\n<p><strong>Cat\u00e9gorie :<\/strong> Vapeur jetable. Profitez d'un vapotage sans effort gr\u00e2ce \u00e0 la <strong>Barre Elf BC5000<\/strong>, qui associe commodit\u00e9, vari\u00e9t\u00e9 et saveur de premi\u00e8re qualit\u00e9 pour une exp\u00e9rience vraiment satisfaisante.<\/p>\n\n\n\n<p>Voir d'autres produits de la gamme <strong><a href=\"https:\/\/vapemaison.com\/brand\/elfbar\/\">Marque Elfbar<\/a><\/strong>.<\/p>\n\n\n\n<p><\/p>","protected":false},"excerpt":{"rendered":"<p>Elfbar Blueberry BC5000 Disposable Vape Design: Box-style compact design with a smooth and cute appearance. The Elf Bar BC5000 features a stylish two-tone gradient color that matches its variety of flavors perfectly. Capacity: 13 ml of e-liquid for up to 5,000 puffs. Despite its small size, it delivers long-lasting performance and consistent flavor. Battery: Built [&hellip;]<\/p>\n","protected":false},"featured_media":13716,"comment_status":"open","ping_status":"closed","template":"","meta":[],"product_brand":[177],"product_cat":[290],"product_tag":[],"class_list":{"0":"post-13713","1":"product","2":"type-product","3":"status-publish","4":"has-post-thumbnail","6":"product_brand-elfbar","7":"product_cat-5k-puffs","9":"first","10":"instock","11":"sale","12":"shipping-taxable","13":"purchasable","14":"product-type-simple"},"yoast_head":"<!-- This site is optimized with the Yoast SEO plugin v27.4 - https:\/\/yoast.com\/product\/yoast-seo-wordpress\/ -->\n<title>Elfbar Blueberry | Smooth &amp; Refreshing Vape Flavor<\/title>\n<meta name=\"description\" content=\"Discover Elfbar Blueberry \u2013 a smooth, fruity, and refreshing vape flavor. Enjoy rich taste, long-lasting performance, and easy vaping anytime.\" \/>\n<meta name=\"robots\" content=\"index, follow, max-snippet:-1, max-image-preview:large, max-video-preview:-1\" \/>\n<link rel=\"canonical\" href=\"https:\/\/vapemaison.com\/fr\/produit\/elfbar-blueberry-energize-bc-5000\/\" \/>\n<meta property=\"og:locale\" content=\"fr_FR\" \/>\n<meta property=\"og:type\" content=\"article\" \/>\n<meta property=\"og:title\" content=\"Elfbar Blueberry | Smooth &amp; Refreshing Vape Flavor\" \/>\n<meta property=\"og:description\" content=\"Discover Elfbar Blueberry \u2013 a smooth, fruity, and refreshing vape flavor. Enjoy rich taste, long-lasting performance, and easy vaping anytime.\" \/>\n<meta property=\"og:url\" content=\"https:\/\/vapemaison.com\/fr\/produit\/elfbar-blueberry-energize-bc-5000\/\" \/>\n<meta property=\"og:site_name\" content=\"VapeMaison\" \/>\n<meta property=\"article:modified_time\" content=\"2026-02-10T06:58:02+00:00\" \/>\n<meta property=\"og:image\" content=\"https:\/\/vapemaison.com\/wp-content\/uploads\/2025\/11\/no-name-elfbar-blueberry-ebbull.webp\" \/>\n\t<meta property=\"og:image:width\" content=\"600\" \/>\n\t<meta property=\"og:image:height\" content=\"600\" \/>\n\t<meta property=\"og:image:type\" content=\"image\/webp\" \/>\n<meta name=\"twitter:card\" content=\"summary_large_image\" \/>\n<meta name=\"twitter:label1\" content=\"Dur\u00e9e de lecture estim\u00e9e\" \/>\n\t<meta name=\"twitter:data1\" content=\"2 minutes\" \/>\n<!-- \/ Yoast SEO plugin. -->","yoast_head_json":{"title":"Elfbar Blueberry | Vapeur douce et rafra\u00eechissante","description":"D\u00e9couvrez Elfbar Blueberry - une saveur de vape douce, fruit\u00e9e et rafra\u00eechissante. Profitez d'un go\u00fbt riche, d'une performance durable et d'un vapotage facile \u00e0 tout moment.","robots":{"index":"index","follow":"follow","max-snippet":"max-snippet:-1","max-image-preview":"max-image-preview:large","max-video-preview":"max-video-preview:-1"},"canonical":"https:\/\/vapemaison.com\/fr\/produit\/elfbar-blueberry-energize-bc-5000\/","og_locale":"fr_FR","og_type":"article","og_title":"Elfbar Blueberry | Smooth & Refreshing Vape Flavor","og_description":"Discover Elfbar Blueberry \u2013 a smooth, fruity, and refreshing vape flavor. Enjoy rich taste, long-lasting performance, and easy vaping anytime.","og_url":"https:\/\/vapemaison.com\/fr\/produit\/elfbar-blueberry-energize-bc-5000\/","og_site_name":"VapeMaison","article_modified_time":"2026-02-10T06:58:02+00:00","og_image":[{"width":600,"height":600,"url":"https:\/\/vapemaison.com\/wp-content\/uploads\/2025\/11\/no-name-elfbar-blueberry-ebbull.webp","type":"image\/webp"}],"twitter_card":"summary_large_image","twitter_misc":{"Dur\u00e9e de lecture estim\u00e9e":"2 minutes"},"schema":{"@context":"https:\/\/schema.org","@graph":[{"@type":"WebPage","@id":"https:\/\/vapemaison.com\/product\/elfbar-blueberry-energize-bc-5000\/","url":"https:\/\/vapemaison.com\/product\/elfbar-blueberry-energize-bc-5000\/","name":"Elfbar Blueberry | Vapeur douce et rafra\u00eechissante","isPartOf":{"@id":"https:\/\/vapemaison.com\/#website"},"primaryImageOfPage":{"@id":"https:\/\/vapemaison.com\/product\/elfbar-blueberry-energize-bc-5000\/#primaryimage"},"image":{"@id":"https:\/\/vapemaison.com\/product\/elfbar-blueberry-energize-bc-5000\/#primaryimage"},"thumbnailUrl":"https:\/\/vapemaison.com\/wp-content\/uploads\/2025\/11\/no-name-elfbar-blueberry-ebbull.webp","datePublished":"2025-11-13T07:53:08+00:00","dateModified":"2026-02-10T06:58:02+00:00","description":"D\u00e9couvrez Elfbar Blueberry - une saveur de vape douce, fruit\u00e9e et rafra\u00eechissante. Profitez d'un go\u00fbt riche, d'une performance durable et d'un vapotage facile \u00e0 tout moment.","breadcrumb":{"@id":"https:\/\/vapemaison.com\/product\/elfbar-blueberry-energize-bc-5000\/#breadcrumb"},"inLanguage":"fr-FR","potentialAction":[{"@type":"ReadAction","target":["https:\/\/vapemaison.com\/product\/elfbar-blueberry-energize-bc-5000\/"]}]},{"@type":"ImageObject","inLanguage":"fr-FR","@id":"https:\/\/vapemaison.com\/product\/elfbar-blueberry-energize-bc-5000\/#primaryimage","url":"https:\/\/vapemaison.com\/wp-content\/uploads\/2025\/11\/no-name-elfbar-blueberry-ebbull.webp","contentUrl":"https:\/\/vapemaison.com\/wp-content\/uploads\/2025\/11\/no-name-elfbar-blueberry-ebbull.webp","width":600,"height":600,"caption":"No Name Elfbar Blueberry Ebbull Disposable Vape Device"},{"@type":"BreadcrumbList","@id":"https:\/\/vapemaison.com\/product\/elfbar-blueberry-energize-bc-5000\/#breadcrumb","itemListElement":[{"@type":"ListItem","position":1,"name":"\u9996\u9875","item":"https:\/\/vapemaison.com\/"},{"@type":"ListItem","position":2,"name":"Shop","item":"https:\/\/vapemaison.com\/shop\/"},{"@type":"ListItem","position":3,"name":"Elfbar","item":"https:\/\/vapemaison.com\/brand\/elfbar\/"},{"@type":"ListItem","position":4,"name":"Elfbar Blueberry Energize BC5000"}]},{"@type":"WebSite","@id":"https:\/\/vapemaison.com\/#website","url":"https:\/\/vapemaison.com\/","name":"VapeMaison","description":"Appareils et accessoires de vapotage haut de gamme","publisher":{"@id":"https:\/\/vapemaison.com\/#organization"},"potentialAction":[{"@type":"SearchAction","target":{"@type":"EntryPoint","urlTemplate":"https:\/\/vapemaison.com\/?s={search_term_string}"},"query-input":{"@type":"PropertyValueSpecification","valueRequired":true,"valueName":"search_term_string"}}],"inLanguage":"fr-FR"},{"@type":"Organization","@id":"https:\/\/vapemaison.com\/#organization","name":"VapeMaison","url":"https:\/\/vapemaison.com\/","logo":{"@type":"ImageObject","inLanguage":"fr-FR","@id":"https:\/\/vapemaison.com\/#\/schema\/logo\/image\/","url":"https:\/\/vapemaison.com\/wp-content\/uploads\/2026\/01\/cropped-vapemaison-logo-g-2026.webp","contentUrl":"https:\/\/vapemaison.com\/wp-content\/uploads\/2026\/01\/cropped-vapemaison-logo-g-2026.webp","width":350,"height":280,"caption":"VapeMaison"},"image":{"@id":"https:\/\/vapemaison.com\/#\/schema\/logo\/image\/"},"sameAs":["https:\/\/www.youtube.com\/@VapeMaison"]}]}},"tiered_pricing_type":"fixed","tiered_pricing_fixed_rules":{"30":"11.88","50":"10.78","100":"9.68","200":"8.58"},"tiered_pricing_product_settings":{"layout":"default","base_unit_name":{"singular":null,"plural":null},"default_variation":null},"tiered_pricing_minimum_quantity":10,"tiered_pricing_roles_data":[],"tiered_pricing_percentage_rules":[],"tiered_pricing_maximum_quantity":null,"tiered_pricing_quantity_step":"10","_links":{"self":[{"href":"https:\/\/vapemaison.com\/fr\/wp-json\/wp\/v2\/product\/13713","targetHints":{"allow":["GET"]}}],"collection":[{"href":"https:\/\/vapemaison.com\/fr\/wp-json\/wp\/v2\/product"}],"about":[{"href":"https:\/\/vapemaison.com\/fr\/wp-json\/wp\/v2\/types\/product"}],"replies":[{"embeddable":true,"href":"https:\/\/vapemaison.com\/fr\/wp-json\/wp\/v2\/comments?post=13713"}],"version-history":[{"count":1,"href":"https:\/\/vapemaison.com\/fr\/wp-json\/wp\/v2\/product\/13713\/revisions"}],"predecessor-version":[{"id":27194,"href":"https:\/\/vapemaison.com\/fr\/wp-json\/wp\/v2\/product\/13713\/revisions\/27194"}],"wp:featuredmedia":[{"embeddable":true,"href":"https:\/\/vapemaison.com\/fr\/wp-json\/wp\/v2\/media\/13716"}],"wp:attachment":[{"href":"https:\/\/vapemaison.com\/fr\/wp-json\/wp\/v2\/media?parent=13713"}],"wp:term":[{"taxonomy":"product_brand","embeddable":true,"href":"https:\/\/vapemaison.com\/fr\/wp-json\/wp\/v2\/product_brand?post=13713"},{"taxonomy":"product_cat","embeddable":true,"href":"https:\/\/vapemaison.com\/fr\/wp-json\/wp\/v2\/product_cat?post=13713"},{"taxonomy":"product_tag","embeddable":true,"href":"https:\/\/vapemaison.com\/fr\/wp-json\/wp\/v2\/product_tag?post=13713"}],"curies":[{"name":"wp","href":"https:\/\/api.w.org\/{rel}","templated":true}]}}