

{"id":13888,"date":"2025-11-18T02:42:53","date_gmt":"2025-11-18T02:42:53","guid":{"rendered":"https:\/\/vapemaison.com\/?post_type=product&#038;p=13888"},"modified":"2026-01-30T08:34:05","modified_gmt":"2026-01-30T08:34:05","slug":"elfbar-sweet30000puff-5","status":"publish","type":"product","link":"https:\/\/vapemaison.com\/fr\/product\/elfbar-sweet30000puff-5\/","title":{"rendered":"ELFBAR SWEET KING 30000 Vape | Pine Needle Mint 30k"},"content":{"rendered":"<h2 class=\"wp-block-heading\"><strong>ELFBAR menthol - Vape jetable intelligente, ajustable et de longue dur\u00e9e<\/strong><\/h2>\n\n\n\n<p>Le <strong><strong>ELFBAR menthol<\/strong> 30000<\/strong> apporte un nouveau niveau de performance aux syst\u00e8mes POD jetables. Con\u00e7u pour les vapoteurs qui recherchent la personnalisation, la stabilit\u00e9 et la valeur \u00e0 long terme, il d\u00e9livre jusqu'\u00e0 <strong>30k houppette<\/strong>, Il est dot\u00e9 d'un \u00e9cran LED intelligent et permet un contr\u00f4le total de la douceur, de l'intensit\u00e9 des ar\u00f4mes, de la puissance et du d\u00e9bit d'air - une exp\u00e9rience rarement trouv\u00e9e dans un appareil jetable.<\/p>\n\n\n\n<p>Aliment\u00e9 par 20mL de sel nic 5% et une batterie de 850mAh, le SWEET KING assure une production de vapeur constante, soutenue par un Triple Mesh Coil pour une saveur riche et dense sans surchauffe. Sa construction compacte, l'activation du tirage automatique et le chargement rapide Type-C en font une vape quotidienne pratique et fiable.<\/p>\n\n\n\n<h2 class=\"wp-block-heading\"><strong>Principaux avantages<\/strong><\/h2>\n\n\n\n<ul class=\"wp-block-list\">\n<li><strong>Personnalisation compl\u00e8te<\/strong> - Ajustez la douceur, l'intensit\u00e9 de la saveur, le wattage et le d\u00e9bit d'air.<\/li>\n\n\n\n<li><strong>Jusqu'\u00e0 30 000 bouff\u00e9es<\/strong> - 20mL d'e-liquide et une batterie efficace de 850mAh pour des performances durables.<\/li>\n\n\n\n<li><strong>Bobine \u00e0 triple maille<\/strong> - Offre une saveur plus riche, un chauffage plus rapide et une vapeur plus douce.<\/li>\n\n\n\n<li><strong>\u00c9cran LED intelligent<\/strong> - Visualisez le niveau de la batterie, l'\u00e9tat de l'e-liquide, la puissance et les param\u00e8tres actifs d'un seul coup d'\u0153il.<\/li>\n\n\n\n<li><strong>Activation du dessin automatique<\/strong> - Il suffit d'inhaler pour savourer ; aucun bouton n'est n\u00e9cessaire.<\/li>\n\n\n\n<li><strong>Chargement rapide de type C<\/strong> - Pratique, rapide et fiable.<\/li>\n\n\n\n<li><strong>Conception compacte et haut de gamme<\/strong> - L\u00e9ger, moderne et confortable \u00e0 tenir en main lors des d\u00e9placements.<\/li>\n<\/ul>\n\n\n\n<p>Si vous \u00eates int\u00e9ress\u00e9 par des appareils plus avanc\u00e9s et plus performants comme le SWEET KING 30000, vous pouvez consulter notre liste compl\u00e8te de produits. <strong><a href=\"https:\/\/vapemaison.com\/de\/marke\/elfbar\/\">ELFBAR<\/a><\/strong> pour d\u00e9couvrir d'autres mod\u00e8les, consultez notre site d\u00e9di\u00e9 <a href=\"https:\/\/vapemaison.com\/product-category\/puffs-count\/30k-puffs\/\"><strong>Collection d'appareils \u00e0 houppette de 30k<\/strong><\/a> pour d\u00e9couvrir d'autres mod\u00e8les et saveurs ELFBAR.<\/p>\n\n\n\n<p><\/p>\n\n\n\n<p><\/p>\n\n\n\n<p><\/p>","protected":false},"excerpt":{"rendered":"<p>ELFBAR menthol \u2013 Smart, Adjustable, Long-Lasting Disposable Vape The ELFBAR menthol 30000 brings a new level of performance to disposable POD systems. Designed for vapers who want customization, stability, and long-term value, it delivers up to 30k puff, features a smart LED display, and allows full control over sweetness, flavour intensity, wattage, and airflow\u2014an experience [&hellip;]<\/p>\n","protected":false},"featured_media":14053,"comment_status":"open","ping_status":"closed","template":"","meta":[],"product_brand":[177],"product_cat":[134],"product_tag":[],"class_list":{"0":"post-13888","1":"product","2":"type-product","3":"status-publish","4":"has-post-thumbnail","6":"product_brand-elfbar","7":"product_cat-30k-puffs","9":"first","10":"instock","11":"sale","12":"shipping-taxable","13":"purchasable","14":"product-type-variable"},"yoast_head":"<!-- This site is optimized with the Yoast SEO plugin v27.4 - https:\/\/yoast.com\/product\/yoast-seo-wordpress\/ -->\n<title>ELFBAR SWEET KING 30000 Vape | Pine Needle Mint 30k - VapeMaison<\/title>\n<meta name=\"description\" content=\"ELFBAR Menthol 30000 \u2013 smart, long-lasting disposable vape with up to 30,000 puffs, adjustable sweetness, flavor intensity, wattage, and airflow.\" \/>\n<meta name=\"robots\" content=\"index, follow, max-snippet:-1, max-image-preview:large, max-video-preview:-1\" \/>\n<link rel=\"canonical\" href=\"https:\/\/vapemaison.com\/fr\/produit\/elfbar-sweet30000puff-5\/\" \/>\n<meta property=\"og:locale\" content=\"fr_FR\" \/>\n<meta property=\"og:type\" content=\"article\" \/>\n<meta property=\"og:title\" content=\"ELFBAR SWEET KING 30000 Vape | Pine Needle Mint 30k - VapeMaison\" \/>\n<meta property=\"og:description\" content=\"ELFBAR Menthol 30000 \u2013 smart, long-lasting disposable vape with up to 30,000 puffs, adjustable sweetness, flavor intensity, wattage, and airflow.\" \/>\n<meta property=\"og:url\" content=\"https:\/\/vapemaison.com\/fr\/produit\/elfbar-sweet30000puff-5\/\" \/>\n<meta property=\"og:site_name\" content=\"VapeMaison\" \/>\n<meta property=\"article:modified_time\" content=\"2026-01-30T08:34:05+00:00\" \/>\n<meta property=\"og:image\" content=\"https:\/\/vapemaison.com\/wp-content\/uploads\/2025\/11\/elfbar-sweet-king-pine-needle-mint-30k-puffs-disposable-vape.jpg\" \/>\n\t<meta property=\"og:image:width\" content=\"759\" \/>\n\t<meta property=\"og:image:height\" content=\"759\" \/>\n\t<meta property=\"og:image:type\" content=\"image\/jpeg\" \/>\n<meta name=\"twitter:card\" content=\"summary_large_image\" \/>\n<meta name=\"twitter:label1\" content=\"Dur\u00e9e de lecture estim\u00e9e\" \/>\n\t<meta name=\"twitter:data1\" content=\"2 minutes\" \/>\n<!-- \/ Yoast SEO plugin. -->","yoast_head_json":{"title":"ELFBAR SWEET KING 30000 Vape | Pine Needle Mint 30k - VapeMaison","description":"ELFBAR Menthol 30000 - vape jetable intelligente et durable avec jusqu'\u00e0 30 000 bouff\u00e9es, r\u00e9glage de la douceur, de l'intensit\u00e9 des saveurs, de la puissance et du d\u00e9bit d'air.","robots":{"index":"index","follow":"follow","max-snippet":"max-snippet:-1","max-image-preview":"max-image-preview:large","max-video-preview":"max-video-preview:-1"},"canonical":"https:\/\/vapemaison.com\/fr\/produit\/elfbar-sweet30000puff-5\/","og_locale":"fr_FR","og_type":"article","og_title":"ELFBAR SWEET KING 30000 Vape | Pine Needle Mint 30k - VapeMaison","og_description":"ELFBAR Menthol 30000 \u2013 smart, long-lasting disposable vape with up to 30,000 puffs, adjustable sweetness, flavor intensity, wattage, and airflow.","og_url":"https:\/\/vapemaison.com\/fr\/produit\/elfbar-sweet30000puff-5\/","og_site_name":"VapeMaison","article_modified_time":"2026-01-30T08:34:05+00:00","og_image":[{"width":759,"height":759,"url":"https:\/\/vapemaison.com\/wp-content\/uploads\/2025\/11\/elfbar-sweet-king-pine-needle-mint-30k-puffs-disposable-vape.jpg","type":"image\/jpeg"}],"twitter_card":"summary_large_image","twitter_misc":{"Dur\u00e9e de lecture estim\u00e9e":"2 minutes"},"schema":{"@context":"https:\/\/schema.org","@graph":[{"@type":"WebPage","@id":"https:\/\/vapemaison.com\/product\/elfbar-sweet30000puff-5\/","url":"https:\/\/vapemaison.com\/product\/elfbar-sweet30000puff-5\/","name":"ELFBAR SWEET KING 30000 Vape | Pine Needle Mint 30k - VapeMaison","isPartOf":{"@id":"https:\/\/vapemaison.com\/#website"},"primaryImageOfPage":{"@id":"https:\/\/vapemaison.com\/product\/elfbar-sweet30000puff-5\/#primaryimage"},"image":{"@id":"https:\/\/vapemaison.com\/product\/elfbar-sweet30000puff-5\/#primaryimage"},"thumbnailUrl":"https:\/\/vapemaison.com\/wp-content\/uploads\/2025\/11\/elfbar-sweet-king-pine-needle-mint-30k-puffs-disposable-vape.jpg","datePublished":"2025-11-18T02:42:53+00:00","dateModified":"2026-01-30T08:34:05+00:00","description":"ELFBAR Menthol 30000 - vape jetable intelligente et durable avec jusqu'\u00e0 30 000 bouff\u00e9es, r\u00e9glage de la douceur, de l'intensit\u00e9 des saveurs, de la puissance et du d\u00e9bit d'air.","breadcrumb":{"@id":"https:\/\/vapemaison.com\/product\/elfbar-sweet30000puff-5\/#breadcrumb"},"inLanguage":"fr-FR","potentialAction":[{"@type":"ReadAction","target":["https:\/\/vapemaison.com\/product\/elfbar-sweet30000puff-5\/"]}]},{"@type":"ImageObject","inLanguage":"fr-FR","@id":"https:\/\/vapemaison.com\/product\/elfbar-sweet30000puff-5\/#primaryimage","url":"https:\/\/vapemaison.com\/wp-content\/uploads\/2025\/11\/elfbar-sweet-king-pine-needle-mint-30k-puffs-disposable-vape.jpg","contentUrl":"https:\/\/vapemaison.com\/wp-content\/uploads\/2025\/11\/elfbar-sweet-king-pine-needle-mint-30k-puffs-disposable-vape.jpg","width":759,"height":759,"caption":"Elfbar Sweet King Pine Needle Mint 30k Puffs Disposable Vape detail"},{"@type":"BreadcrumbList","@id":"https:\/\/vapemaison.com\/product\/elfbar-sweet30000puff-5\/#breadcrumb","itemListElement":[{"@type":"ListItem","position":1,"name":"\u9996\u9875","item":"https:\/\/vapemaison.com\/"},{"@type":"ListItem","position":2,"name":"Shop","item":"https:\/\/vapemaison.com\/shop\/"},{"@type":"ListItem","position":3,"name":"Elfbar","item":"https:\/\/vapemaison.com\/brand\/elfbar\/"},{"@type":"ListItem","position":4,"name":"ELFBAR SWEET KING 30000 Vape | Pine Needle Mint 30k"}]},{"@type":"WebSite","@id":"https:\/\/vapemaison.com\/#website","url":"https:\/\/vapemaison.com\/","name":"VapeMaison","description":"Appareils et accessoires de vapotage haut de gamme","publisher":{"@id":"https:\/\/vapemaison.com\/#organization"},"potentialAction":[{"@type":"SearchAction","target":{"@type":"EntryPoint","urlTemplate":"https:\/\/vapemaison.com\/?s={search_term_string}"},"query-input":{"@type":"PropertyValueSpecification","valueRequired":true,"valueName":"search_term_string"}}],"inLanguage":"fr-FR"},{"@type":"Organization","@id":"https:\/\/vapemaison.com\/#organization","name":"VapeMaison","url":"https:\/\/vapemaison.com\/","logo":{"@type":"ImageObject","inLanguage":"fr-FR","@id":"https:\/\/vapemaison.com\/#\/schema\/logo\/image\/","url":"https:\/\/vapemaison.com\/wp-content\/uploads\/2026\/01\/cropped-vapemaison-logo-g-2026.webp","contentUrl":"https:\/\/vapemaison.com\/wp-content\/uploads\/2026\/01\/cropped-vapemaison-logo-g-2026.webp","width":350,"height":280,"caption":"VapeMaison"},"image":{"@id":"https:\/\/vapemaison.com\/#\/schema\/logo\/image\/"},"sameAs":["https:\/\/www.youtube.com\/@VapeMaison"]}]}},"tiered_pricing_type":"fixed","tiered_pricing_fixed_rules":{"30":"14.78","50":"12.28","100":"11.78","200":"10.78"},"tiered_pricing_product_settings":{"layout":"default","base_unit_name":{"singular":null,"plural":null},"default_variation":null},"tiered_pricing_minimum_quantity":10,"tiered_pricing_roles_data":[],"tiered_pricing_percentage_rules":[],"tiered_pricing_maximum_quantity":null,"tiered_pricing_quantity_step":"10","_links":{"self":[{"href":"https:\/\/vapemaison.com\/fr\/wp-json\/wp\/v2\/product\/13888","targetHints":{"allow":["GET"]}}],"collection":[{"href":"https:\/\/vapemaison.com\/fr\/wp-json\/wp\/v2\/product"}],"about":[{"href":"https:\/\/vapemaison.com\/fr\/wp-json\/wp\/v2\/types\/product"}],"replies":[{"embeddable":true,"href":"https:\/\/vapemaison.com\/fr\/wp-json\/wp\/v2\/comments?post=13888"}],"version-history":[{"count":1,"href":"https:\/\/vapemaison.com\/fr\/wp-json\/wp\/v2\/product\/13888\/revisions"}],"predecessor-version":[{"id":26556,"href":"https:\/\/vapemaison.com\/fr\/wp-json\/wp\/v2\/product\/13888\/revisions\/26556"}],"wp:featuredmedia":[{"embeddable":true,"href":"https:\/\/vapemaison.com\/fr\/wp-json\/wp\/v2\/media\/14053"}],"wp:attachment":[{"href":"https:\/\/vapemaison.com\/fr\/wp-json\/wp\/v2\/media?parent=13888"}],"wp:term":[{"taxonomy":"product_brand","embeddable":true,"href":"https:\/\/vapemaison.com\/fr\/wp-json\/wp\/v2\/product_brand?post=13888"},{"taxonomy":"product_cat","embeddable":true,"href":"https:\/\/vapemaison.com\/fr\/wp-json\/wp\/v2\/product_cat?post=13888"},{"taxonomy":"product_tag","embeddable":true,"href":"https:\/\/vapemaison.com\/fr\/wp-json\/wp\/v2\/product_tag?post=13888"}],"curies":[{"name":"wp","href":"https:\/\/api.w.org\/{rel}","templated":true}]}}