

{"id":14556,"date":"2025-11-21T02:16:33","date_gmt":"2025-11-21T02:16:33","guid":{"rendered":"https:\/\/vapemaison.com\/?post_type=product&#038;p=14556"},"modified":"2025-11-22T07:55:24","modified_gmt":"2025-11-22T07:55:24","slug":"bang-blaze-bc5000-5k-puffs","status":"publish","type":"product","link":"https:\/\/vapemaison.com\/fr\/product\/bang-blaze-bc5000-5k-puffs\/","title":{"rendered":"Bang Blaze BC5000 Vape 5K Puffs"},"content":{"rendered":"<h3 class=\"wp-block-heading\"><strong>Exp\u00e9rience de vaporisation de longue dur\u00e9e<\/strong><\/h3>\n\n\n\n<p>Le <strong>Bang Blaze BC5000 Vape<\/strong> offre une exp\u00e9rience de vapotage douce et coh\u00e9rente, con\u00e7ue pour durer. Chaque appareil fournit jusqu'\u00e0 <strong>5000 bouff\u00e9es<\/strong>, ensuring reliable performance without the need for frequent replacements.<\/p>\n\n\n\n<h3 class=\"wp-block-heading\"><strong>Intensit\u00e9 de la nicotine personnalisable<\/strong><\/h3>\n\n\n\n<p>De plus, le BC5000 est disponible en <strong>2%, 3% et 5% (taux de nicotine)<\/strong>, permettant aux vapoteurs de s\u00e9lectionner le niveau qui convient le mieux \u00e0 leurs pr\u00e9f\u00e9rences. Que vous pr\u00e9f\u00e9riez un hit plus l\u00e9ger ou un throat punch plus fort, l'appareil maintient une sortie r\u00e9guli\u00e8re, offrant une aspiration satisfaisante \u00e0 chaque bouff\u00e9e.<\/p>\n\n\n\n<h3 class=\"wp-block-heading\"><strong>Des saveurs audacieuses \u00e0 chaque bouff\u00e9e<\/strong><\/h3>\n\n\n\n<p>En outre, le <strong>Capacit\u00e9 de 13ml d'e-liquide pr\u00e9-rempli<\/strong> offre des saveurs audacieuses et \u00e9quilibr\u00e9es de la premi\u00e8re \u00e0 la derni\u00e8re bouff\u00e9e. Gr\u00e2ce \u00e0 son <strong>Bobine \u00e0 mailles de 1,2\u03a9<\/strong>, Le BC5000 produit une vapeur fluide et un profil de saveur plus riche gr\u00e2ce \u00e0 sa structure en maille, con\u00e7ue pour un chauffage homog\u00e8ne. La structure en maille am\u00e9liore \u00e0 la fois la clart\u00e9 du go\u00fbt et la densit\u00e9 de la vapeur, garantissant une exp\u00e9rience de vapotage agr\u00e9able et coh\u00e9rente.<\/p>\n\n\n\n<h3 class=\"wp-block-heading\"><strong>Une puissance fiable pour une utilisation prolong\u00e9e<\/strong><\/h3>\n\n\n\n<p>Aliment\u00e9 par un <strong>Batterie rechargeable de 600mAh<\/strong>, Le BC5000 reste donc fiable tout au long de sa dur\u00e9e de vie. En outre, le <strong>Port de charge de type C<\/strong> assure une recharge rapide et pratique, minimisant les temps d'arr\u00eat pour que vous puissiez recommencer \u00e0 vaper facilement.<\/p>\n\n\n\n<h3 class=\"wp-block-heading\"><strong>Grande vari\u00e9t\u00e9 d'ar\u00f4mes<\/strong><\/h3>\n\n\n\n<p>Enfin, avec <strong>12 saveurs uniques<\/strong> \u00e0 choisir, le <strong>Bang Blaze BC5000 Vape<\/strong> associe des performances fiables, une forte diffusion des ar\u00f4mes et une grande praticit\u00e9. Cela en fait un excellent choix pour tous ceux qui recherchent une vape jetable de qualit\u00e9 sup\u00e9rieure.<\/p>\n\n\n\n<p><strong>Caract\u00e9ristiques\uff1a<\/strong><\/p>\n\n\n\n<ul class=\"wp-block-list\">\n<li><strong>Puffs : 5000<\/strong><\/li>\n\n\n\n<li><strong>Sel de nicotine : 2% 5%<\/strong><\/li>\n\n\n\n<li><strong>Capacit\u00e9 d'Eliquide : 13ML<\/strong><\/li>\n\n\n\n<li><strong>R\u00e9sistance : 1,2 ohm Mesh<\/strong><\/li>\n\n\n\n<li><strong>Batterie : 600mAh<\/strong><\/li>\n\n\n\n<li><strong>Port de charge : Type C<\/strong><\/li>\n\n\n\n<li><strong>12 saveurs au choix<\/strong><\/li>\n<\/ul>\n\n\n\n<p><strong>Saveur\uff1a<\/strong><\/p>\n\n\n\n<ol class=\"wp-block-list\">\n<li>Fraise Mangue<\/li>\n\n\n\n<li>Cr\u00e8me glac\u00e9e \u00e0 la fraise<\/li>\n\n\n\n<li>Glace \u00e0 la past\u00e8que<\/li>\n\n\n\n<li>Glace \u00e0 la myrtille et \u00e0 la framboise<\/li>\n\n\n\n<li>Fraise Kiwi<\/li>\n\n\n\n<li>Boisson \u00e9nerg\u00e9tique<\/li>\n\n\n\n<li>P\u00eache Mangue Past\u00e8que<\/li>\n\n\n\n<li>Glace aux myrtilles<\/li>\n\n\n\n<li>Fraise et banane<\/li>\n\n\n\n<li>Kiwi Fruit de la passion Goyave<\/li>\n\n\n\n<li>M\u00e9lange de fruits<\/li>\n\n\n\n<li>Past\u00e8que \u00e0 la fraise<\/li>\n<\/ol>\n\n\n\n<p>Si vous souhaitez explorer d'autres options de la <strong><a href=\"https:\/\/vapemaison.com\/brand\/bang\/\">S\u00e9rie Bang<\/a><\/strong>, N'h\u00e9sitez pas \u00e0 consulter notre collection compl\u00e8te pour d\u00e9couvrir d'autres saveurs et d'autres mod\u00e8les. Et si vous souhaitez comprendre comment le vapotage peut affecter votre sant\u00e9, vous pouvez \u00e9galement <strong><a href=\"https:\/\/vapemaison.com\/vaping-risks-why-are-they-addictive-what-are-the-dangers-of-flavor-additives\/\">lire notre guide approfondi <\/a><\/strong>qui pr\u00e9sente les faits essentiels concernant l'impact des e-cigarettes sur l'organisme.<\/p>","protected":false},"excerpt":{"rendered":"<p>Long-Lasting Vaping Experience The Bang Blaze BC5000 Vape delivers a smooth, consistent vaping experience that is built to last. Each device provides up to 5000 puffs, ensuring reliable performance without the need for frequent replacements. Customizable Nicotine Strengths Moreover, the BC5000 is available in 2%, 3%, and 5% nicotine strengths, allowing vapers to select the [&hellip;]<\/p>\n","protected":false},"featured_media":14561,"comment_status":"open","ping_status":"closed","template":"","meta":[],"product_brand":[57],"product_cat":[290],"product_tag":[],"class_list":{"0":"post-14556","1":"product","2":"type-product","3":"status-publish","4":"has-post-thumbnail","6":"product_brand-bang","7":"product_cat-5k-puffs","9":"first","10":"instock","11":"sale","12":"shipping-taxable","13":"purchasable","14":"product-type-variable"},"yoast_head":"<!-- This site is optimized with the Yoast SEO plugin v27.4 - https:\/\/yoast.com\/product\/yoast-seo-wordpress\/ -->\n<title>Bang Blaze BC5000 Vape \u2013 5k Puffs,12 Flavors - VapeMaison<\/title>\n<meta name=\"description\" content=\"Shop the Bang Blaze BC5000 vape with up to 5000 puffs, and multiple nicotine strengths. Smooth flavor for a reliable vaping experience.\" \/>\n<meta name=\"robots\" content=\"index, follow, max-snippet:-1, max-image-preview:large, max-video-preview:-1\" \/>\n<link rel=\"canonical\" href=\"https:\/\/vapemaison.com\/fr\/produit\/bang-blaze-bc5000-5k-puffs\/\" \/>\n<meta property=\"og:locale\" content=\"fr_FR\" \/>\n<meta property=\"og:type\" content=\"article\" \/>\n<meta property=\"og:title\" content=\"Bang Blaze BC5000 Vape \u2013 5k Puffs,12 Flavors - VapeMaison\" \/>\n<meta property=\"og:description\" content=\"Shop the Bang Blaze BC5000 vape with up to 5000 puffs, and multiple nicotine strengths. Smooth flavor for a reliable vaping experience.\" \/>\n<meta property=\"og:url\" content=\"https:\/\/vapemaison.com\/fr\/produit\/bang-blaze-bc5000-5k-puffs\/\" \/>\n<meta property=\"og:site_name\" content=\"VapeMaison\" \/>\n<meta property=\"article:modified_time\" content=\"2025-11-22T07:55:24+00:00\" \/>\n<meta property=\"og:image\" content=\"https:\/\/vapemaison.com\/wp-content\/uploads\/2025\/11\/main-picture.jpg.webp\" \/>\n\t<meta property=\"og:image:width\" content=\"1000\" \/>\n\t<meta property=\"og:image:height\" content=\"1000\" \/>\n\t<meta property=\"og:image:type\" content=\"image\/webp\" \/>\n<meta name=\"twitter:card\" content=\"summary_large_image\" \/>\n<meta name=\"twitter:label1\" content=\"Dur\u00e9e de lecture estim\u00e9e\" \/>\n\t<meta name=\"twitter:data1\" content=\"2 minutes\" \/>\n<!-- \/ Yoast SEO plugin. -->","yoast_head_json":{"title":"Bang Blaze BC5000 Vape - 5k Puffs,12 Flavors - VapeMaison","description":"Magasinez le Bang Blaze BC5000 avec jusqu'\u00e0 5000 bouff\u00e9es et plusieurs taux de nicotine. Une saveur douce pour une exp\u00e9rience de vapotage fiable.","robots":{"index":"index","follow":"follow","max-snippet":"max-snippet:-1","max-image-preview":"max-image-preview:large","max-video-preview":"max-video-preview:-1"},"canonical":"https:\/\/vapemaison.com\/fr\/produit\/bang-blaze-bc5000-5k-puffs\/","og_locale":"fr_FR","og_type":"article","og_title":"Bang Blaze BC5000 Vape \u2013 5k Puffs,12 Flavors - VapeMaison","og_description":"Shop the Bang Blaze BC5000 vape with up to 5000 puffs, and multiple nicotine strengths. Smooth flavor for a reliable vaping experience.","og_url":"https:\/\/vapemaison.com\/fr\/produit\/bang-blaze-bc5000-5k-puffs\/","og_site_name":"VapeMaison","article_modified_time":"2025-11-22T07:55:24+00:00","og_image":[{"width":1000,"height":1000,"url":"https:\/\/vapemaison.com\/wp-content\/uploads\/2025\/11\/main-picture.jpg.webp","type":"image\/webp"}],"twitter_card":"summary_large_image","twitter_misc":{"Dur\u00e9e de lecture estim\u00e9e":"2 minutes"},"schema":{"@context":"https:\/\/schema.org","@graph":[{"@type":"WebPage","@id":"https:\/\/vapemaison.com\/product\/bang-blaze-bc5000-5k-puffs\/","url":"https:\/\/vapemaison.com\/product\/bang-blaze-bc5000-5k-puffs\/","name":"Bang Blaze BC5000 Vape - 5k Puffs,12 Flavors - VapeMaison","isPartOf":{"@id":"https:\/\/vapemaison.com\/#website"},"primaryImageOfPage":{"@id":"https:\/\/vapemaison.com\/product\/bang-blaze-bc5000-5k-puffs\/#primaryimage"},"image":{"@id":"https:\/\/vapemaison.com\/product\/bang-blaze-bc5000-5k-puffs\/#primaryimage"},"thumbnailUrl":"https:\/\/vapemaison.com\/wp-content\/uploads\/2025\/11\/main-picture.jpg.webp","datePublished":"2025-11-21T02:16:33+00:00","dateModified":"2025-11-22T07:55:24+00:00","description":"Magasinez le Bang Blaze BC5000 avec jusqu'\u00e0 5000 bouff\u00e9es et plusieurs taux de nicotine. Une saveur douce pour une exp\u00e9rience de vapotage fiable.","breadcrumb":{"@id":"https:\/\/vapemaison.com\/product\/bang-blaze-bc5000-5k-puffs\/#breadcrumb"},"inLanguage":"fr-FR","potentialAction":[{"@type":"ReadAction","target":["https:\/\/vapemaison.com\/product\/bang-blaze-bc5000-5k-puffs\/"]}]},{"@type":"ImageObject","inLanguage":"fr-FR","@id":"https:\/\/vapemaison.com\/product\/bang-blaze-bc5000-5k-puffs\/#primaryimage","url":"https:\/\/vapemaison.com\/wp-content\/uploads\/2025\/11\/main-picture.jpg.webp","contentUrl":"https:\/\/vapemaison.com\/wp-content\/uploads\/2025\/11\/main-picture.jpg.webp","width":1000,"height":1000,"caption":"Main Picture.jpg Disposable Vape Device"},{"@type":"BreadcrumbList","@id":"https:\/\/vapemaison.com\/product\/bang-blaze-bc5000-5k-puffs\/#breadcrumb","itemListElement":[{"@type":"ListItem","position":1,"name":"\u9996\u9875","item":"https:\/\/vapemaison.com\/"},{"@type":"ListItem","position":2,"name":"Shop","item":"https:\/\/vapemaison.com\/shop\/"},{"@type":"ListItem","position":3,"name":"Bang","item":"https:\/\/vapemaison.com\/brand\/bang\/"},{"@type":"ListItem","position":4,"name":"Bang Blaze BC5000 Vape 5K Puffs"}]},{"@type":"WebSite","@id":"https:\/\/vapemaison.com\/#website","url":"https:\/\/vapemaison.com\/","name":"VapeMaison","description":"Appareils et accessoires de vapotage haut de gamme","publisher":{"@id":"https:\/\/vapemaison.com\/#organization"},"potentialAction":[{"@type":"SearchAction","target":{"@type":"EntryPoint","urlTemplate":"https:\/\/vapemaison.com\/?s={search_term_string}"},"query-input":{"@type":"PropertyValueSpecification","valueRequired":true,"valueName":"search_term_string"}}],"inLanguage":"fr-FR"},{"@type":"Organization","@id":"https:\/\/vapemaison.com\/#organization","name":"VapeMaison","url":"https:\/\/vapemaison.com\/","logo":{"@type":"ImageObject","inLanguage":"fr-FR","@id":"https:\/\/vapemaison.com\/#\/schema\/logo\/image\/","url":"https:\/\/vapemaison.com\/wp-content\/uploads\/2026\/01\/cropped-vapemaison-logo-g-2026.webp","contentUrl":"https:\/\/vapemaison.com\/wp-content\/uploads\/2026\/01\/cropped-vapemaison-logo-g-2026.webp","width":350,"height":280,"caption":"VapeMaison"},"image":{"@id":"https:\/\/vapemaison.com\/#\/schema\/logo\/image\/"},"sameAs":["https:\/\/www.youtube.com\/@VapeMaison"]}]}},"tiered_pricing_type":"fixed","tiered_pricing_fixed_rules":{"30":"7.32","50":"6.88","100":"6.42","200":"5.98"},"tiered_pricing_product_settings":{"layout":"default","base_unit_name":{"singular":null,"plural":null},"default_variation":null},"tiered_pricing_minimum_quantity":10,"tiered_pricing_roles_data":[],"tiered_pricing_percentage_rules":[],"tiered_pricing_maximum_quantity":null,"tiered_pricing_quantity_step":null,"_links":{"self":[{"href":"https:\/\/vapemaison.com\/fr\/wp-json\/wp\/v2\/product\/14556","targetHints":{"allow":["GET"]}}],"collection":[{"href":"https:\/\/vapemaison.com\/fr\/wp-json\/wp\/v2\/product"}],"about":[{"href":"https:\/\/vapemaison.com\/fr\/wp-json\/wp\/v2\/types\/product"}],"replies":[{"embeddable":true,"href":"https:\/\/vapemaison.com\/fr\/wp-json\/wp\/v2\/comments?post=14556"}],"version-history":[{"count":0,"href":"https:\/\/vapemaison.com\/fr\/wp-json\/wp\/v2\/product\/14556\/revisions"}],"wp:featuredmedia":[{"embeddable":true,"href":"https:\/\/vapemaison.com\/fr\/wp-json\/wp\/v2\/media\/14561"}],"wp:attachment":[{"href":"https:\/\/vapemaison.com\/fr\/wp-json\/wp\/v2\/media?parent=14556"}],"wp:term":[{"taxonomy":"product_brand","embeddable":true,"href":"https:\/\/vapemaison.com\/fr\/wp-json\/wp\/v2\/product_brand?post=14556"},{"taxonomy":"product_cat","embeddable":true,"href":"https:\/\/vapemaison.com\/fr\/wp-json\/wp\/v2\/product_cat?post=14556"},{"taxonomy":"product_tag","embeddable":true,"href":"https:\/\/vapemaison.com\/fr\/wp-json\/wp\/v2\/product_tag?post=14556"}],"curies":[{"name":"wp","href":"https:\/\/api.w.org\/{rel}","templated":true}]}}